{"id":44221,"date":"2021-11-30T11:42:02","date_gmt":"2021-11-30T11:42:02","guid":{"rendered":"https:\/\/www.urlaubcornwall.de\/blog\/?page_id=44221"},"modified":"2024-05-31T08:48:08","modified_gmt":"2024-05-31T08:48:08","slug":"kurzurlaub-schottland-5-tage","status":"publish","type":"page","link":"https:\/\/www.urlaubcornwall.de\/blog\/kurzurlaub-schottland-5-tage\/","title":{"rendered":"Kurzurlaub Schottland &#8211; 5 Tage"},"content":{"rendered":"<p><img loading=\"lazy\" class=\"aligncenter size-full wp-image-38895\" src=\"https:\/\/www.urlaubcornwall.de\/blog\/wp-content\/uploads\/2019\/10\/Eilean-Donan-Castle-Schottland.jpg\" alt=\"Eilean Donan Castle, Schottland\" width=\"750\" height=\"497\"\/><\/p>\n<p>Glimpse of Scotland &#8211; Erleben Sie Schottland w\u00e4hrend dieser f\u00fcnft\u00e4gigen Autoreise &#8220;<a href=\"https:\/\/www.urlaubcornwall.de\/reiseziel\/schottland.php\">Glimpse of Scotland<\/a>&#8221; mit allen bekannten H\u00f6hepunkten wie Edinburgh, Loch Ness, Loch Lomond und Glasgow. Falls Sie sich nicht zwischen den drei Unterkunftskategorien (Bronze, Silber und Gold) entscheiden k\u00f6nnen, bieten wir auch gerne einen Mix der Kategorien an. Fragen Sie uns einfach nach einem unverbindlichen Angebot.<\/p>\n<p>5 Tage \/ 4 N\u00e4chte | ab\/bis Edinburgh | t\u00e4glich m\u00f6glich | in drei Unterkunftsvarianten<\/p>\n<p><strong>Highlights:<\/strong> Edinburgh, Glasgow, Loch Ness, Loch Lomond<\/p>\n<p style=\"text-align: center;\"><a class=\"tidycta\" href=\"http:\/\/www.urlaubcornwall.de\/anfrage.php?tourcode=EEDHDGS\">Anfrage \/ Buchung<\/a><\/p>\n<p>1. Tag: Edinburgh \u2013 Royal Deeside\/Aberdeenshire (ca. 130 km) &#8211; Abholung des Mietwagens am Flughafen <a href=\"https:\/\/www.urlaubcornwall.de\/ferienhaeuser-fewos\/sco\/zentralschottland\/edinburgh.html\">Edinburgh<\/a>. Ihre Schottland Autoreise beginnt mit der Fahrt \u00fcber die gro\u00dfartige H\u00e4ngebr\u00fccke Forth Rail Bridge, die den Firth of Forth \u00fcberspannt. N\u00f6rdlich von <a href=\"https:\/\/www.urlaubcornwall.de\/ferienhaeuser-fewos\/sco\/zentralschottland\/perth.html\">Perth<\/a>, eine sch\u00f6ne Stadt direkt am Fluss Tay gelegen, befindet sich der im 16. Jahrhundert erneuerte Scone Palace. Der Palast ist Sitz des Grafen von Mansfield und verf\u00fcgt \u00fcber au\u00dfergew\u00f6hnliche Sammlungen. Die Weiterfahrt via Blairgowrie f\u00fchrt \u00fcber Schottlands h\u00f6chsten Pass, Glenshee, in die Royal Deeside Region. \u00dcbernachtung im Raum Royal Deeside\/Aberdeenshire.<\/p>\n<p>2. Tag: Royal Deeside\/Aberdeenshire \u2013 Inverness (ca. 245 km) &#8211; Nach dem Fr\u00fchst\u00fcck Besuch der Whiskybrennerei Royal Lochnagar (exklusive). Mitten im <a href=\"https:\/\/www.urlaubcornwall.de\/ferienhaeuser-fewos\/sco\/nordschottland\/cairngorms.html\">Cairngroms Nationalpark<\/a> steht das Balmoral Castle, die k\u00f6nigliche Privatresidenz. In diesem Schloss hat K\u00f6nigin Victoria ihr Herz f\u00fcr die Highlands entdeckt. Weiter in Richtung Norden erreichen Sie Tomintoul, Grantown-on-Spey und Nairn, bekannt f\u00fcr seine Sandstr\u00e4nde. Falls es die Zeit heute noch erlaubt, k\u00f6nnen Sie einen Abstecher zum Fort George einplanen. \u00dcbernachtung im Raum Inverness.<\/p>\n<p>3. Tag: Inverness \u2013 Oban (ca. 180 km)- Das heutige Highlight ist ohne Frage der <a href=\"https:\/\/www.urlaubcornwall.de\/ferienhaeuser-fewos\/sco\/nordschottland\/loch-ness.html\">Loch Ness<\/a>, Schottlands zweitgr\u00f6\u00dfter See. Am Ufer des Loch Ness finden Sie die un\u00fcbersehbare Ruine des Urquhart Castles. Vielleicht haben Sie Gl\u00fcck und erhaschen sogar einen Blick auf Nessi. Weiterfahrt \u00fcber Fort Augustus und dem kaledonischen Kanal nach Fort William, am Fu\u00dfe des Ben Nevis gelegen. Ganz in der N\u00e4he liegt die eindrucksvolle und wildromantische Landschaft von Glen Coe, das Tal der Tr\u00e4nen. Folgen Sie anschlie\u00dfend der spektakul\u00e4ren Westk\u00fcste bis Sie Oban erreichen. \u00dcbernachtung im Raum Oban.<\/p>\n<p><img loading=\"lazy\" class=\"aligncenter size-full wp-image-25426\" src=\"https:\/\/www.urlaubcornwall.de\/blog\/wp-content\/uploads\/2016\/11\/urlaub-oban-schottland.jpg\" alt=\" Oban schottland\" width=\"749\" height=\"398\"\/> <\/p>\n<p>4. Tag: Oban \u2013 Glasgow (ca. 170 km) &#8211; Am heutigen Tag f\u00fchrt die Route zum Loch Awe und nach Inverary. Besuch von Inverary Castle, der Sitz des Herzogs von Argyll. Weiter am Loch Fyne und Loch Long zum Loch Lomond, dem gr\u00f6\u00dften und in den Augen vieler Schotten sch\u00f6nsten und romantischsten aller Seen Schottlands. Der restliche Tag steht Ihnen in Glasgow, eine sehr lebendige, pulsierende und spannende Stadt, zur freien Verf\u00fcgung. Die sch\u00f6ne Stadt \u00fcberzeugt mit seiner viktorianischen Architektur, den zahlreichen Museen und Gesch\u00e4ften, in denen Sie buchst\u00e4blich alles finden, was das Herz begehrt. \u00dcbernachtung im Raum Glasgow.<\/p>\n<p>5. Tag: Heimreise &#8211; Je nach Abflugzeit bleibt heute noch etwas Zeit um Stirling zu besichtigen. Die Stadt selbst wird von einer eindrucksvollen Festung, dem Stirling Castle, \u00fcberragt. In diesen Mauern kr\u00f6nte man 1543 Maria Stuart im Alter von neun Monaten zur K\u00f6nigin von Schottland. Sp\u00e4ter Fahrt zur\u00fcck zum Flughafen Edinburgh und Abgabe des Mietwagens. Ende der Selbstfahrertour \u201eGlimpse of Scotland\u201c.<\/p>\n<p><strong>Folgende Unterkunftskategorien stehen zur Auswahl:<\/strong><\/p>\n<p>Bronze = Bed&#038;Breakfast Unterk\u00fcnfte und Inns (mit eigenem Bad)<\/p>\n<p>Silber = Mittelklassehotels<\/p>\n<p>Gold = gehobenere Unterk\u00fcnfte<\/p>\n<p><strong>Eingeschlossene Leistungen:<\/strong><\/p>\n<p>4 \u00dcbernachtungen in der gew\u00e4hlten Unterkunftskategorie (Bronze, Silber oder Gold)<\/p>\n<p>t\u00e4gliches Fr\u00fchst\u00fcck<\/p>\n<p>1 Reisef\u00fchrer \u00fcber Schottland (Polyglott)<\/p>\n<p><strong>Nicht eingeschlossene Leistungen:<\/strong><\/p>\n<p>Mietwagen (bieten wir Ihnen gerne passend dazu an)<\/p>\n<p>Fl\u00fcge (bieten wir Ihnen gerne passend an)<\/p>\n<p>Trinkgelder, Benzin, Eintritte<\/p>\n<p>Weitere Mahlzeiten<\/p>\n<p>T\u00e4glich m\u00f6glich!<\/p>\n<p><strong>Preise auf Anfrage<\/strong><\/p>\n<p style=\"text-align: center;\"><a class=\"tidycta\" href=\"http:\/\/www.urlaubcornwall.de\/anfrage.php?tourcode=EEDHDGS\">Anfrage \/ Buchung<\/a><\/p>\n","protected":false},"excerpt":{"rendered":"<p>Glimpse of Scotland &#8211; Erleben Sie Schottland w\u00e4hrend dieser f\u00fcnft\u00e4gigen Autoreise &#8220;Glimpse of Scotland&#8221; mit allen bekannten H\u00f6hepunkten wie Edinburgh, Loch Ness, Loch Lomond und Glasgow. Falls Sie sich nicht zwischen den drei Unterkunftskategorien (Bronze, Silber und Gold) entscheiden k\u00f6nnen, bieten wir auch gerne einen Mix der Kategorien an. Fragen Sie uns einfach nach einem [&hellip;]<\/p>\n","protected":false},"author":1,"featured_media":0,"parent":0,"menu_order":0,"comment_status":"closed","ping_status":"closed","template":"single-four.php","meta":[],"acf":[],"yoast_head":"<!-- This site is optimized with the Yoast SEO plugin v19.4 - https:\/\/yoast.com\/wordpress\/plugins\/seo\/ -->\n<title>Kurzurlaub Schottland - 5 Tage - Urlaub &amp; Reisen<\/title>\n<meta name=\"robots\" content=\"index, follow, max-snippet:-1, max-image-preview:large, max-video-preview:-1\" \/>\n<link rel=\"canonical\" href=\"https:\/\/www.urlaubcornwall.de\/blog\/kurzurlaub-schottland-5-tage\/\" \/>\n<meta property=\"og:locale\" content=\"en_US\" \/>\n<meta property=\"og:type\" content=\"article\" \/>\n<meta property=\"og:title\" content=\"Kurzurlaub Schottland - 5 Tage - Urlaub &amp; Reisen\" \/>\n<meta property=\"og:description\" content=\"Glimpse of Scotland &#8211; Erleben Sie Schottland w\u00e4hrend dieser f\u00fcnft\u00e4gigen Autoreise &#8220;Glimpse of Scotland&#8221; mit allen bekannten H\u00f6hepunkten wie Edinburgh, Loch Ness, Loch Lomond und Glasgow. Falls Sie sich nicht zwischen den drei Unterkunftskategorien (Bronze, Silber und Gold) entscheiden k\u00f6nnen, bieten wir auch gerne einen Mix der Kategorien an. Fragen Sie uns einfach nach einem [&hellip;]\" \/>\n<meta property=\"og:url\" content=\"https:\/\/www.urlaubcornwall.de\/blog\/kurzurlaub-schottland-5-tage\/\" \/>\n<meta property=\"og:site_name\" content=\"Urlaub &amp; Reisen\" \/>\n<meta property=\"article:modified_time\" content=\"2024-05-31T08:48:08+00:00\" \/>\n<meta property=\"og:image\" content=\"https:\/\/www.urlaubcornwall.de\/blog\/wp-content\/uploads\/2019\/10\/Eilean-Donan-Castle-Schottland.jpg\" \/>\n<meta name=\"twitter:card\" content=\"summary\" \/>\n<meta name=\"twitter:label1\" content=\"Est. reading time\" \/>\n\t<meta name=\"twitter:data1\" content=\"4 minutes\" \/>\n<script type=\"application\/ld+json\" class=\"yoast-schema-graph\">{\"@context\":\"https:\/\/schema.org\",\"@graph\":[{\"@type\":\"WebSite\",\"@id\":\"https:\/\/www.urlaubcornwall.de\/blog\/#website\",\"url\":\"https:\/\/www.urlaubcornwall.de\/blog\/\",\"name\":\"Urlaub &amp; Reisen\",\"description\":\"Urlaub, Reisen, Cornwall und S\u00fcdengland: eine perfekte Kombination\",\"potentialAction\":[{\"@type\":\"SearchAction\",\"target\":{\"@type\":\"EntryPoint\",\"urlTemplate\":\"https:\/\/www.urlaubcornwall.de\/blog\/?s={search_term_string}\"},\"query-input\":\"required name=search_term_string\"}],\"inLanguage\":\"en-US\"},{\"@type\":\"WebPage\",\"@id\":\"https:\/\/www.urlaubcornwall.de\/blog\/kurzurlaub-schottland-5-tage\/\",\"url\":\"https:\/\/www.urlaubcornwall.de\/blog\/kurzurlaub-schottland-5-tage\/\",\"name\":\"Kurzurlaub Schottland - 5 Tage - Urlaub &amp; Reisen\",\"isPartOf\":{\"@id\":\"https:\/\/www.urlaubcornwall.de\/blog\/#website\"},\"datePublished\":\"2021-11-30T11:42:02+00:00\",\"dateModified\":\"2024-05-31T08:48:08+00:00\",\"breadcrumb\":{\"@id\":\"https:\/\/www.urlaubcornwall.de\/blog\/kurzurlaub-schottland-5-tage\/#breadcrumb\"},\"inLanguage\":\"en-US\",\"potentialAction\":[{\"@type\":\"ReadAction\",\"target\":[\"https:\/\/www.urlaubcornwall.de\/blog\/kurzurlaub-schottland-5-tage\/\"]}]},{\"@type\":\"BreadcrumbList\",\"@id\":\"https:\/\/www.urlaubcornwall.de\/blog\/kurzurlaub-schottland-5-tage\/#breadcrumb\",\"itemListElement\":[{\"@type\":\"ListItem\",\"position\":1,\"name\":\"Home\",\"item\":\"https:\/\/www.urlaubcornwall.de\/blog\/\"},{\"@type\":\"ListItem\",\"position\":2,\"name\":\"Kurzurlaub Schottland &#8211; 5 Tage\"}]}]}<\/script>\n<!-- \/ Yoast SEO plugin. -->","yoast_head_json":{"title":"Kurzurlaub Schottland - 5 Tage - Urlaub &amp; Reisen","robots":{"index":"index","follow":"follow","max-snippet":"max-snippet:-1","max-image-preview":"max-image-preview:large","max-video-preview":"max-video-preview:-1"},"canonical":"https:\/\/www.urlaubcornwall.de\/blog\/kurzurlaub-schottland-5-tage\/","og_locale":"en_US","og_type":"article","og_title":"Kurzurlaub Schottland - 5 Tage - Urlaub &amp; Reisen","og_description":"Glimpse of Scotland &#8211; Erleben Sie Schottland w\u00e4hrend dieser f\u00fcnft\u00e4gigen Autoreise &#8220;Glimpse of Scotland&#8221; mit allen bekannten H\u00f6hepunkten wie Edinburgh, Loch Ness, Loch Lomond und Glasgow. Falls Sie sich nicht zwischen den drei Unterkunftskategorien (Bronze, Silber und Gold) entscheiden k\u00f6nnen, bieten wir auch gerne einen Mix der Kategorien an. Fragen Sie uns einfach nach einem [&hellip;]","og_url":"https:\/\/www.urlaubcornwall.de\/blog\/kurzurlaub-schottland-5-tage\/","og_site_name":"Urlaub &amp; Reisen","article_modified_time":"2024-05-31T08:48:08+00:00","og_image":[{"url":"https:\/\/www.urlaubcornwall.de\/blog\/wp-content\/uploads\/2019\/10\/Eilean-Donan-Castle-Schottland.jpg"}],"twitter_card":"summary","twitter_misc":{"Est. reading time":"4 minutes"},"schema":{"@context":"https:\/\/schema.org","@graph":[{"@type":"WebSite","@id":"https:\/\/www.urlaubcornwall.de\/blog\/#website","url":"https:\/\/www.urlaubcornwall.de\/blog\/","name":"Urlaub &amp; Reisen","description":"Urlaub, Reisen, Cornwall und S\u00fcdengland: eine perfekte Kombination","potentialAction":[{"@type":"SearchAction","target":{"@type":"EntryPoint","urlTemplate":"https:\/\/www.urlaubcornwall.de\/blog\/?s={search_term_string}"},"query-input":"required name=search_term_string"}],"inLanguage":"en-US"},{"@type":"WebPage","@id":"https:\/\/www.urlaubcornwall.de\/blog\/kurzurlaub-schottland-5-tage\/","url":"https:\/\/www.urlaubcornwall.de\/blog\/kurzurlaub-schottland-5-tage\/","name":"Kurzurlaub Schottland - 5 Tage - Urlaub &amp; Reisen","isPartOf":{"@id":"https:\/\/www.urlaubcornwall.de\/blog\/#website"},"datePublished":"2021-11-30T11:42:02+00:00","dateModified":"2024-05-31T08:48:08+00:00","breadcrumb":{"@id":"https:\/\/www.urlaubcornwall.de\/blog\/kurzurlaub-schottland-5-tage\/#breadcrumb"},"inLanguage":"en-US","potentialAction":[{"@type":"ReadAction","target":["https:\/\/www.urlaubcornwall.de\/blog\/kurzurlaub-schottland-5-tage\/"]}]},{"@type":"BreadcrumbList","@id":"https:\/\/www.urlaubcornwall.de\/blog\/kurzurlaub-schottland-5-tage\/#breadcrumb","itemListElement":[{"@type":"ListItem","position":1,"name":"Home","item":"https:\/\/www.urlaubcornwall.de\/blog\/"},{"@type":"ListItem","position":2,"name":"Kurzurlaub Schottland &#8211; 5 Tage"}]}]}},"_links":{"self":[{"href":"https:\/\/www.urlaubcornwall.de\/blog\/wp-json\/wp\/v2\/pages\/44221"}],"collection":[{"href":"https:\/\/www.urlaubcornwall.de\/blog\/wp-json\/wp\/v2\/pages"}],"about":[{"href":"https:\/\/www.urlaubcornwall.de\/blog\/wp-json\/wp\/v2\/types\/page"}],"author":[{"embeddable":true,"href":"https:\/\/www.urlaubcornwall.de\/blog\/wp-json\/wp\/v2\/users\/1"}],"replies":[{"embeddable":true,"href":"https:\/\/www.urlaubcornwall.de\/blog\/wp-json\/wp\/v2\/comments?post=44221"}],"version-history":[{"count":4,"href":"https:\/\/www.urlaubcornwall.de\/blog\/wp-json\/wp\/v2\/pages\/44221\/revisions"}],"predecessor-version":[{"id":51264,"href":"https:\/\/www.urlaubcornwall.de\/blog\/wp-json\/wp\/v2\/pages\/44221\/revisions\/51264"}],"wp:attachment":[{"href":"https:\/\/www.urlaubcornwall.de\/blog\/wp-json\/wp\/v2\/media?parent=44221"}],"curies":[{"name":"wp","href":"https:\/\/api.w.org\/{rel}","templated":true}]}}