{"id":44199,"date":"2021-11-29T12:04:56","date_gmt":"2021-11-29T12:04:56","guid":{"rendered":"https:\/\/www.urlaubcornwall.de\/blog\/?page_id=44199"},"modified":"2024-04-16T10:03:34","modified_gmt":"2024-04-16T10:03:34","slug":"schlosshotel-thornbury-am-rande-der-cotswolds","status":"publish","type":"page","link":"https:\/\/www.urlaubcornwall.de\/blog\/schlosshotel-thornbury-am-rande-der-cotswolds\/","title":{"rendered":"Schlosshotel am Rande der Cotswolds &#8211; Thornbury Castle"},"content":{"rendered":"<p><img loading=\"lazy\" class=\"aligncenter size-full wp-image-19171\" src=\"https:\/\/www.urlaubcornwall.de\/blog\/wp-content\/uploads\/2015\/06\/Thornbury-Castle-271.jpg\" alt=\"\u00dcbernachten im Schloss Cotswolds\" width=\"750\" height=\"437\" srcset=\"https:\/\/www.urlaubcornwall.de\/blog\/wp-content\/uploads\/2015\/06\/Thornbury-Castle-271.jpg 752w, https:\/\/www.urlaubcornwall.de\/blog\/wp-content\/uploads\/2015\/06\/Thornbury-Castle-271-300x174.jpg 300w\" sizes=\"(max-width: 750px) 100vw, 750px\" \/><\/p>\n<p>Das Schlosshotel Thornbury in der N\u00e4he von <a href=\"https:\/\/www.urlaubcornwall.de\/ferienhaeuser-fewos\/eng\/somerset\/bath.html\">Bath<\/a> und Bristol, am Rande der <a href=\"https:\/\/www.urlaubcornwall.de\/reiseziel\/cotswolds.php\">Cotswolds<\/a>, liegt geradezu perfekt, um es in eine Rundreise oder in Urlaub in S\u00fcdwest-England zu integrieren. Hier, wo einst Heinrich VIII und Anne Boleyn entlang spazierten, finden Sie prunkvolle Tudor Architektur, luxuri\u00f6se Schlafr\u00e4ume (viele mit Himmelbetten) und historische Mauerg\u00e4rten \u2013 eine wahrhaft einzigartige Szenerie f\u00fcr Ihren Aufenthalt.<\/p>\n<p>Erkunden Sie die evokative Anlage und das majest\u00e4tische Innere, genie\u00dfen Sie danach ein Essen in einem der vier Speiser\u00e4ume, wo Sie sowohl moderne, international inspirierte Speisen, wie auch die traditionellen Leibgerichte bekommen k\u00f6nnen. F\u00fcr Ihre Herstellung werden die feinsten Zutaten verwendet aus den Schlossg\u00e4rten und von \u00f6rtlichen Zubringern. Der Service im Thornbury Castle ist einfach hervorragend (Angestellte wurden vom ehemals k\u00f6niglichen Butler unterrichtet), und selbstverst\u00e4ndlich sind sie alle stolz auf den zeitgen\u00f6ssischen Komfort, wie auch das einzigartig historische und unvergessliche Ambiente.<\/p>\n<p style=\"text-align: center;\"><a class=\"tidycta\" href=\"https:\/\/www.booking.com\/hotel\/gb\/thornbury-castle.en.html?aid=1320750&#038;no_rooms=1&#038;group_adults=2\" rel=\"nofollow\">Verf\u00fcgbarkeit pr\u00fcfen<\/a><\/p>\n<div class=\"snippet\"> <a class=\"featured-item\" href=\"https:\/\/www.urlaubcornwall.de\/ferienhaeuser\/suedengland.php\"> <span class=\"image-holder\" style=\"background-image: url('https:\/\/www.urlaubcornwall.de\/blog\/wp-content\/uploads\/2018\/12\/ferienhaus-cornwall-mit-hund.jpg');\"><\/span> <span class=\"featured-content\"> \n<h2 class=\"featured-title\">Ferienh\u00e4user in S\u00fcdengland<\/h2>\n<p class=\"featured-body\">Bei uns finden Sie Ferienh\u00e4user zum Verlieben &#8211; so einfach ist das! Dank seiner langen Geschichte, der reizvollen Landschaften und seinen vielen Attraktionen ist S\u00fcdengland ein wahres Mekka f\u00fcr Urlauber&#8230;..<\/p><\/span> <span class=\"featured-link-holder\"> <span class=\"featured-extra-info\"> \n<p>Pers\u00f6nlich inspizierter Ferienh\u00e4user<\/p>\n<\/span> \n<p class=\"featured-link\">DETAILS<\/p>\n<\/span> <\/a><\/div>\n","protected":false},"excerpt":{"rendered":"<p>Das Schlosshotel Thornbury in der N\u00e4he von Bath und Bristol, am Rande der Cotswolds, liegt geradezu perfekt, um es in eine Rundreise oder in Urlaub in S\u00fcdwest-England zu integrieren. Hier, wo einst Heinrich VIII und Anne Boleyn entlang spazierten, finden Sie prunkvolle Tudor Architektur, luxuri\u00f6se Schlafr\u00e4ume (viele mit Himmelbetten) und historische Mauerg\u00e4rten \u2013 eine wahrhaft [&hellip;]<\/p>\n","protected":false},"author":1,"featured_media":0,"parent":0,"menu_order":0,"comment_status":"closed","ping_status":"closed","template":"single-four.php","meta":[],"acf":[],"yoast_head":"<!-- This site is optimized with the Yoast SEO plugin v19.4 - https:\/\/yoast.com\/wordpress\/plugins\/seo\/ -->\n<title>Schlosshotel am Rande der Cotswolds - Thornbury Castle - Urlaub &amp; Reisen<\/title>\n<meta name=\"robots\" content=\"index, follow, max-snippet:-1, max-image-preview:large, max-video-preview:-1\" \/>\n<link rel=\"canonical\" href=\"https:\/\/www.urlaubcornwall.de\/blog\/schlosshotel-thornbury-am-rande-der-cotswolds\/\" \/>\n<meta property=\"og:locale\" content=\"en_US\" \/>\n<meta property=\"og:type\" content=\"article\" \/>\n<meta property=\"og:title\" content=\"Schlosshotel am Rande der Cotswolds - Thornbury Castle - Urlaub &amp; Reisen\" \/>\n<meta property=\"og:description\" content=\"Das Schlosshotel Thornbury in der N\u00e4he von Bath und Bristol, am Rande der Cotswolds, liegt geradezu perfekt, um es in eine Rundreise oder in Urlaub in S\u00fcdwest-England zu integrieren. Hier, wo einst Heinrich VIII und Anne Boleyn entlang spazierten, finden Sie prunkvolle Tudor Architektur, luxuri\u00f6se Schlafr\u00e4ume (viele mit Himmelbetten) und historische Mauerg\u00e4rten \u2013 eine wahrhaft [&hellip;]\" \/>\n<meta property=\"og:url\" content=\"https:\/\/www.urlaubcornwall.de\/blog\/schlosshotel-thornbury-am-rande-der-cotswolds\/\" \/>\n<meta property=\"og:site_name\" content=\"Urlaub &amp; Reisen\" \/>\n<meta property=\"article:modified_time\" content=\"2024-04-16T10:03:34+00:00\" \/>\n<meta property=\"og:image\" content=\"https:\/\/www.urlaubcornwall.de\/blog\/wp-content\/uploads\/2015\/06\/Thornbury-Castle-271.jpg\" \/>\n<meta name=\"twitter:card\" content=\"summary\" \/>\n<meta name=\"twitter:label1\" content=\"Est. reading time\" \/>\n\t<meta name=\"twitter:data1\" content=\"1 minute\" \/>\n<script type=\"application\/ld+json\" class=\"yoast-schema-graph\">{\"@context\":\"https:\/\/schema.org\",\"@graph\":[{\"@type\":\"WebSite\",\"@id\":\"https:\/\/www.urlaubcornwall.de\/blog\/#website\",\"url\":\"https:\/\/www.urlaubcornwall.de\/blog\/\",\"name\":\"Urlaub &amp; Reisen\",\"description\":\"Urlaub, Reisen, Cornwall und S\u00fcdengland: eine perfekte Kombination\",\"potentialAction\":[{\"@type\":\"SearchAction\",\"target\":{\"@type\":\"EntryPoint\",\"urlTemplate\":\"https:\/\/www.urlaubcornwall.de\/blog\/?s={search_term_string}\"},\"query-input\":\"required name=search_term_string\"}],\"inLanguage\":\"en-US\"},{\"@type\":\"WebPage\",\"@id\":\"https:\/\/www.urlaubcornwall.de\/blog\/schlosshotel-thornbury-am-rande-der-cotswolds\/\",\"url\":\"https:\/\/www.urlaubcornwall.de\/blog\/schlosshotel-thornbury-am-rande-der-cotswolds\/\",\"name\":\"Schlosshotel am Rande der Cotswolds - Thornbury Castle - Urlaub &amp; Reisen\",\"isPartOf\":{\"@id\":\"https:\/\/www.urlaubcornwall.de\/blog\/#website\"},\"datePublished\":\"2021-11-29T12:04:56+00:00\",\"dateModified\":\"2024-04-16T10:03:34+00:00\",\"breadcrumb\":{\"@id\":\"https:\/\/www.urlaubcornwall.de\/blog\/schlosshotel-thornbury-am-rande-der-cotswolds\/#breadcrumb\"},\"inLanguage\":\"en-US\",\"potentialAction\":[{\"@type\":\"ReadAction\",\"target\":[\"https:\/\/www.urlaubcornwall.de\/blog\/schlosshotel-thornbury-am-rande-der-cotswolds\/\"]}]},{\"@type\":\"BreadcrumbList\",\"@id\":\"https:\/\/www.urlaubcornwall.de\/blog\/schlosshotel-thornbury-am-rande-der-cotswolds\/#breadcrumb\",\"itemListElement\":[{\"@type\":\"ListItem\",\"position\":1,\"name\":\"Home\",\"item\":\"https:\/\/www.urlaubcornwall.de\/blog\/\"},{\"@type\":\"ListItem\",\"position\":2,\"name\":\"Schlosshotel am Rande der Cotswolds &#8211; Thornbury Castle\"}]}]}<\/script>\n<!-- \/ Yoast SEO plugin. -->","yoast_head_json":{"title":"Schlosshotel am Rande der Cotswolds - Thornbury Castle - Urlaub &amp; Reisen","robots":{"index":"index","follow":"follow","max-snippet":"max-snippet:-1","max-image-preview":"max-image-preview:large","max-video-preview":"max-video-preview:-1"},"canonical":"https:\/\/www.urlaubcornwall.de\/blog\/schlosshotel-thornbury-am-rande-der-cotswolds\/","og_locale":"en_US","og_type":"article","og_title":"Schlosshotel am Rande der Cotswolds - Thornbury Castle - Urlaub &amp; Reisen","og_description":"Das Schlosshotel Thornbury in der N\u00e4he von Bath und Bristol, am Rande der Cotswolds, liegt geradezu perfekt, um es in eine Rundreise oder in Urlaub in S\u00fcdwest-England zu integrieren. Hier, wo einst Heinrich VIII und Anne Boleyn entlang spazierten, finden Sie prunkvolle Tudor Architektur, luxuri\u00f6se Schlafr\u00e4ume (viele mit Himmelbetten) und historische Mauerg\u00e4rten \u2013 eine wahrhaft [&hellip;]","og_url":"https:\/\/www.urlaubcornwall.de\/blog\/schlosshotel-thornbury-am-rande-der-cotswolds\/","og_site_name":"Urlaub &amp; Reisen","article_modified_time":"2024-04-16T10:03:34+00:00","og_image":[{"url":"https:\/\/www.urlaubcornwall.de\/blog\/wp-content\/uploads\/2015\/06\/Thornbury-Castle-271.jpg"}],"twitter_card":"summary","twitter_misc":{"Est. reading time":"1 minute"},"schema":{"@context":"https:\/\/schema.org","@graph":[{"@type":"WebSite","@id":"https:\/\/www.urlaubcornwall.de\/blog\/#website","url":"https:\/\/www.urlaubcornwall.de\/blog\/","name":"Urlaub &amp; Reisen","description":"Urlaub, Reisen, Cornwall und S\u00fcdengland: eine perfekte Kombination","potentialAction":[{"@type":"SearchAction","target":{"@type":"EntryPoint","urlTemplate":"https:\/\/www.urlaubcornwall.de\/blog\/?s={search_term_string}"},"query-input":"required name=search_term_string"}],"inLanguage":"en-US"},{"@type":"WebPage","@id":"https:\/\/www.urlaubcornwall.de\/blog\/schlosshotel-thornbury-am-rande-der-cotswolds\/","url":"https:\/\/www.urlaubcornwall.de\/blog\/schlosshotel-thornbury-am-rande-der-cotswolds\/","name":"Schlosshotel am Rande der Cotswolds - Thornbury Castle - Urlaub &amp; Reisen","isPartOf":{"@id":"https:\/\/www.urlaubcornwall.de\/blog\/#website"},"datePublished":"2021-11-29T12:04:56+00:00","dateModified":"2024-04-16T10:03:34+00:00","breadcrumb":{"@id":"https:\/\/www.urlaubcornwall.de\/blog\/schlosshotel-thornbury-am-rande-der-cotswolds\/#breadcrumb"},"inLanguage":"en-US","potentialAction":[{"@type":"ReadAction","target":["https:\/\/www.urlaubcornwall.de\/blog\/schlosshotel-thornbury-am-rande-der-cotswolds\/"]}]},{"@type":"BreadcrumbList","@id":"https:\/\/www.urlaubcornwall.de\/blog\/schlosshotel-thornbury-am-rande-der-cotswolds\/#breadcrumb","itemListElement":[{"@type":"ListItem","position":1,"name":"Home","item":"https:\/\/www.urlaubcornwall.de\/blog\/"},{"@type":"ListItem","position":2,"name":"Schlosshotel am Rande der Cotswolds &#8211; Thornbury Castle"}]}]}},"_links":{"self":[{"href":"https:\/\/www.urlaubcornwall.de\/blog\/wp-json\/wp\/v2\/pages\/44199"}],"collection":[{"href":"https:\/\/www.urlaubcornwall.de\/blog\/wp-json\/wp\/v2\/pages"}],"about":[{"href":"https:\/\/www.urlaubcornwall.de\/blog\/wp-json\/wp\/v2\/types\/page"}],"author":[{"embeddable":true,"href":"https:\/\/www.urlaubcornwall.de\/blog\/wp-json\/wp\/v2\/users\/1"}],"replies":[{"embeddable":true,"href":"https:\/\/www.urlaubcornwall.de\/blog\/wp-json\/wp\/v2\/comments?post=44199"}],"version-history":[{"count":4,"href":"https:\/\/www.urlaubcornwall.de\/blog\/wp-json\/wp\/v2\/pages\/44199\/revisions"}],"predecessor-version":[{"id":49865,"href":"https:\/\/www.urlaubcornwall.de\/blog\/wp-json\/wp\/v2\/pages\/44199\/revisions\/49865"}],"wp:attachment":[{"href":"https:\/\/www.urlaubcornwall.de\/blog\/wp-json\/wp\/v2\/media?parent=44199"}],"curies":[{"name":"wp","href":"https:\/\/api.w.org\/{rel}","templated":true}]}}