{"id":44191,"date":"2021-11-28T10:01:36","date_gmt":"2021-11-28T10:01:36","guid":{"rendered":"https:\/\/www.urlaubcornwall.de\/blog\/?page_id=44191"},"modified":"2022-11-23T11:50:44","modified_gmt":"2022-11-23T11:50:44","slug":"radfahren-kanalinseln","status":"publish","type":"page","link":"https:\/\/www.urlaubcornwall.de\/blog\/radfahren-kanalinseln\/","title":{"rendered":"Radfahren Kanalinseln"},"content":{"rendered":"<p><a href=\"https:\/\/www.urlaubcornwall.de\/blog\/kanalinseln-jersey-und-guernsey-mit-dem-rad\/\">Kanalinseln ist ein Paradies f\u00fcr Radfahrer<\/a> &#8211; Die Insel misst lediglich 14,4km auf 8km, doch gibt es viele unterschiedliche, wundersch\u00f6ne und herausfordernde Radtouren. Aufgrund des milden Klimas, herrlicher Landschaft und variationsreichem Terrain hat Jersey Radfahrern jeglicher F\u00e4higkeiten etwas zu bieten. <\/p>\n<p><strong>G\u00fcnstige Pauschalreise Kanalinseln ab \u20ac 1399 mit inklusive Direktfl\u00fcge <\/strong><\/p>\n<p>Bequeme Fl\u00fcge ohne Umstieg mit kurzen Flugzeiten.<\/p>\n<p>Goldene Sandstr\u00e4nde, spektakul\u00e4re Steilk\u00fcsten und vertr\u00e4umte Fischerd\u00f6rfer mit dem Rad erkunden.<\/p>\n<p>Beste Hotelauswahl in guter Lage<\/p>\n","protected":false},"excerpt":{"rendered":"<p>Kanalinseln ist ein Paradies f\u00fcr Radfahrer &#8211; Die Insel misst lediglich 14,4km auf 8km, doch gibt es viele unterschiedliche, wundersch\u00f6ne und herausfordernde Radtouren. Aufgrund des milden Klimas, herrlicher Landschaft und variationsreichem Terrain hat Jersey Radfahrern jeglicher F\u00e4higkeiten etwas zu bieten. G\u00fcnstige Pauschalreise Kanalinseln ab \u20ac 1399 mit inklusive Direktfl\u00fcge Bequeme Fl\u00fcge ohne Umstieg mit kurzen [&hellip;]<\/p>\n","protected":false},"author":1,"featured_media":0,"parent":0,"menu_order":0,"comment_status":"closed","ping_status":"closed","template":"page-products.php","meta":[],"acf":[],"yoast_head":"<!-- This site is optimized with the Yoast SEO plugin v19.4 - https:\/\/yoast.com\/wordpress\/plugins\/seo\/ -->\n<title>Radfahren Kanalinseln - Urlaub &amp; Reisen<\/title>\n<meta name=\"description\" content=\"Kanalinseln ist ein Paradies f\u00fcr Radfahrer - Die Insel Jersey misst lediglich 14,4km auf 8km, doch gibt es viele unterschiedliche\" \/>\n<meta name=\"robots\" content=\"index, follow, max-snippet:-1, max-image-preview:large, max-video-preview:-1\" \/>\n<link rel=\"canonical\" href=\"https:\/\/www.urlaubcornwall.de\/blog\/radfahren-kanalinseln\/\" \/>\n<meta property=\"og:locale\" content=\"en_US\" \/>\n<meta property=\"og:type\" content=\"article\" \/>\n<meta property=\"og:title\" content=\"Radfahren Kanalinseln - Urlaub &amp; Reisen\" \/>\n<meta property=\"og:description\" content=\"Kanalinseln ist ein Paradies f\u00fcr Radfahrer - Die Insel Jersey misst lediglich 14,4km auf 8km, doch gibt es viele unterschiedliche\" \/>\n<meta property=\"og:url\" content=\"https:\/\/www.urlaubcornwall.de\/blog\/radfahren-kanalinseln\/\" \/>\n<meta property=\"og:site_name\" content=\"Urlaub &amp; Reisen\" \/>\n<meta property=\"article:modified_time\" content=\"2022-11-23T11:50:44+00:00\" \/>\n<meta name=\"twitter:card\" content=\"summary\" \/>\n<meta name=\"twitter:label1\" content=\"Est. reading time\" \/>\n\t<meta name=\"twitter:data1\" content=\"1 minute\" \/>\n<script type=\"application\/ld+json\" class=\"yoast-schema-graph\">{\"@context\":\"https:\/\/schema.org\",\"@graph\":[{\"@type\":\"WebSite\",\"@id\":\"https:\/\/www.urlaubcornwall.de\/blog\/#website\",\"url\":\"https:\/\/www.urlaubcornwall.de\/blog\/\",\"name\":\"Urlaub &amp; Reisen\",\"description\":\"Urlaub, Reisen, Cornwall und S\u00fcdengland: eine perfekte Kombination\",\"potentialAction\":[{\"@type\":\"SearchAction\",\"target\":{\"@type\":\"EntryPoint\",\"urlTemplate\":\"https:\/\/www.urlaubcornwall.de\/blog\/?s={search_term_string}\"},\"query-input\":\"required name=search_term_string\"}],\"inLanguage\":\"en-US\"},{\"@type\":\"WebPage\",\"@id\":\"https:\/\/www.urlaubcornwall.de\/blog\/radfahren-kanalinseln\/\",\"url\":\"https:\/\/www.urlaubcornwall.de\/blog\/radfahren-kanalinseln\/\",\"name\":\"Radfahren Kanalinseln - Urlaub &amp; Reisen\",\"isPartOf\":{\"@id\":\"https:\/\/www.urlaubcornwall.de\/blog\/#website\"},\"datePublished\":\"2021-11-28T10:01:36+00:00\",\"dateModified\":\"2022-11-23T11:50:44+00:00\",\"description\":\"Kanalinseln ist ein Paradies f\u00fcr Radfahrer - Die Insel Jersey misst lediglich 14,4km auf 8km, doch gibt es viele unterschiedliche\",\"breadcrumb\":{\"@id\":\"https:\/\/www.urlaubcornwall.de\/blog\/radfahren-kanalinseln\/#breadcrumb\"},\"inLanguage\":\"en-US\",\"potentialAction\":[{\"@type\":\"ReadAction\",\"target\":[\"https:\/\/www.urlaubcornwall.de\/blog\/radfahren-kanalinseln\/\"]}]},{\"@type\":\"BreadcrumbList\",\"@id\":\"https:\/\/www.urlaubcornwall.de\/blog\/radfahren-kanalinseln\/#breadcrumb\",\"itemListElement\":[{\"@type\":\"ListItem\",\"position\":1,\"name\":\"Home\",\"item\":\"https:\/\/www.urlaubcornwall.de\/blog\/\"},{\"@type\":\"ListItem\",\"position\":2,\"name\":\"Radfahren Kanalinseln\"}]}]}<\/script>\n<!-- \/ Yoast SEO plugin. -->","yoast_head_json":{"title":"Radfahren Kanalinseln - Urlaub &amp; Reisen","description":"Kanalinseln ist ein Paradies f\u00fcr Radfahrer - Die Insel Jersey misst lediglich 14,4km auf 8km, doch gibt es viele unterschiedliche","robots":{"index":"index","follow":"follow","max-snippet":"max-snippet:-1","max-image-preview":"max-image-preview:large","max-video-preview":"max-video-preview:-1"},"canonical":"https:\/\/www.urlaubcornwall.de\/blog\/radfahren-kanalinseln\/","og_locale":"en_US","og_type":"article","og_title":"Radfahren Kanalinseln - Urlaub &amp; Reisen","og_description":"Kanalinseln ist ein Paradies f\u00fcr Radfahrer - Die Insel Jersey misst lediglich 14,4km auf 8km, doch gibt es viele unterschiedliche","og_url":"https:\/\/www.urlaubcornwall.de\/blog\/radfahren-kanalinseln\/","og_site_name":"Urlaub &amp; Reisen","article_modified_time":"2022-11-23T11:50:44+00:00","twitter_card":"summary","twitter_misc":{"Est. reading time":"1 minute"},"schema":{"@context":"https:\/\/schema.org","@graph":[{"@type":"WebSite","@id":"https:\/\/www.urlaubcornwall.de\/blog\/#website","url":"https:\/\/www.urlaubcornwall.de\/blog\/","name":"Urlaub &amp; Reisen","description":"Urlaub, Reisen, Cornwall und S\u00fcdengland: eine perfekte Kombination","potentialAction":[{"@type":"SearchAction","target":{"@type":"EntryPoint","urlTemplate":"https:\/\/www.urlaubcornwall.de\/blog\/?s={search_term_string}"},"query-input":"required name=search_term_string"}],"inLanguage":"en-US"},{"@type":"WebPage","@id":"https:\/\/www.urlaubcornwall.de\/blog\/radfahren-kanalinseln\/","url":"https:\/\/www.urlaubcornwall.de\/blog\/radfahren-kanalinseln\/","name":"Radfahren Kanalinseln - Urlaub &amp; Reisen","isPartOf":{"@id":"https:\/\/www.urlaubcornwall.de\/blog\/#website"},"datePublished":"2021-11-28T10:01:36+00:00","dateModified":"2022-11-23T11:50:44+00:00","description":"Kanalinseln ist ein Paradies f\u00fcr Radfahrer - Die Insel Jersey misst lediglich 14,4km auf 8km, doch gibt es viele unterschiedliche","breadcrumb":{"@id":"https:\/\/www.urlaubcornwall.de\/blog\/radfahren-kanalinseln\/#breadcrumb"},"inLanguage":"en-US","potentialAction":[{"@type":"ReadAction","target":["https:\/\/www.urlaubcornwall.de\/blog\/radfahren-kanalinseln\/"]}]},{"@type":"BreadcrumbList","@id":"https:\/\/www.urlaubcornwall.de\/blog\/radfahren-kanalinseln\/#breadcrumb","itemListElement":[{"@type":"ListItem","position":1,"name":"Home","item":"https:\/\/www.urlaubcornwall.de\/blog\/"},{"@type":"ListItem","position":2,"name":"Radfahren Kanalinseln"}]}]}},"_links":{"self":[{"href":"https:\/\/www.urlaubcornwall.de\/blog\/wp-json\/wp\/v2\/pages\/44191"}],"collection":[{"href":"https:\/\/www.urlaubcornwall.de\/blog\/wp-json\/wp\/v2\/pages"}],"about":[{"href":"https:\/\/www.urlaubcornwall.de\/blog\/wp-json\/wp\/v2\/types\/page"}],"author":[{"embeddable":true,"href":"https:\/\/www.urlaubcornwall.de\/blog\/wp-json\/wp\/v2\/users\/1"}],"replies":[{"embeddable":true,"href":"https:\/\/www.urlaubcornwall.de\/blog\/wp-json\/wp\/v2\/comments?post=44191"}],"version-history":[{"count":2,"href":"https:\/\/www.urlaubcornwall.de\/blog\/wp-json\/wp\/v2\/pages\/44191\/revisions"}],"predecessor-version":[{"id":45366,"href":"https:\/\/www.urlaubcornwall.de\/blog\/wp-json\/wp\/v2\/pages\/44191\/revisions\/45366"}],"wp:attachment":[{"href":"https:\/\/www.urlaubcornwall.de\/blog\/wp-json\/wp\/v2\/media?parent=44191"}],"curies":[{"name":"wp","href":"https:\/\/api.w.org\/{rel}","templated":true}]}}