{"id":44034,"date":"2021-11-16T15:55:21","date_gmt":"2021-11-16T15:55:21","guid":{"rendered":"https:\/\/www.urlaubcornwall.de\/blog\/?page_id=44034"},"modified":"2022-11-23T11:58:25","modified_gmt":"2022-11-23T11:58:25","slug":"flugreise-zu-den-kanalinseln-auswahl-an-flughaefen","status":"publish","type":"page","link":"https:\/\/www.urlaubcornwall.de\/blog\/flugreise-zu-den-kanalinseln-auswahl-an-flughaefen\/","title":{"rendered":"Flugreise zu den Kanalinseln &#8211; Auswahl an Flugh\u00e4fen"},"content":{"rendered":"<p>Atemberaubende K\u00fcstenabschnitte und entz\u00fcckende Fischerh\u00e4fen werden Sie verzaubern. Kulturfreunde werden Geschichte pur ent\u00ad\u00addecken, Wanderer werden sich von der Natursch\u00f6nheit bezaubern lassen und Erholungsuchende die Ruhe an einem der vielen unber\u00fchrten Str\u00e4nde genie\u00dfen.<\/p>\n<p><strong>Urlaubsinspiration Kanalinseln 2023<\/strong><\/p>\n<p>Nonstop-Fl\u00fcge mit kurzen Flugzeiten<\/p>\n<p><a href=\"https:\/\/www.urlaubcornwall.de\/blog\/direktfluege-von-berlin-auf-den-kanalinseln\/\">Berlin<\/a> <strong>|<\/strong> <a href=\"https:\/\/www.urlaubcornwall.de\/blog\/direktfluege-von-dresden-auf-den-kanalinseln\/\">Dresden<\/a> <strong>|<\/strong> <a href=\"https:\/\/www.urlaubcornwall.de\/blog\/direktfluege-von-frankfurt-auf-den-kanalinseln\/\">Frankfurt am Main<\/a> <strong>|<\/strong> <a href=\"https:\/\/www.urlaubcornwall.de\/blog\/direktfluege-von-hannover-auf-den-kanalinseln\/\">Hannover<\/a> <strong>|<\/strong> <a href=\"https:\/\/www.urlaubcornwall.de\/blog\/direktfluege-von-memmingen-auf-den-kanalinseln\/\">Memmingen<\/a> <strong>|<\/strong> <a href=\"https:\/\/www.urlaubcornwall.de\/blog\/direktfluege-von-muenchen-auf-den-kanalinseln\/\">M\u00fcnchen<\/a> <strong>|<\/strong> <a href=\"https:\/\/www.urlaubcornwall.de\/blog\/direktfluege-von-nuernberg-auf-den-kanalinseln\/\">N\u00fcrnberg<\/a> <strong>|<\/strong> <a href=\"https:\/\/www.urlaubcornwall.de\/blog\/direktfluege-von-rostock-laage-auf-den-kanalinseln\/\">Rostock-Laage<\/a> <strong>|<\/strong> <a href=\"https:\/\/www.urlaubcornwall.de\/blog\/direktfluege-von-stuttgart-auf-den-kanalinseln\/\">Stuttgart<\/a> <strong>|<\/strong> <a href=\"https:\/\/www.urlaubcornwall.de\/blog\/direktfluege-von-wolfsburg-auf-den-kanalinseln\/\">Wolfsburg<\/a> | <a href=\"https:\/\/www.urlaubcornwall.de\/blog\/direktfluege-von-basel-auf-den-kanalinseln\/\">Basel<\/a> | <a href=\"https:\/\/www.urlaubcornwall.de\/blog\/direktfluege-von-freidrichhafen-auf-den-kanalinseln\/\">Freidrichhafen<\/a><\/p>\n<p>Die unterschiedlichen Facetten der <a href=\"https:\/\/www.urlaubcornwall.de\/reiseziel\/kanalinseln\/\">Kanalinseln<\/a><\/p>\n<p>Britischer Lifestyle und franz\u00f6sisches Savoir-vivre<\/p>\n<p>Die s\u00fcdlichste und gr\u00f6\u00dfte der Channel Islands ist <a href=\"https:\/\/www.urlaubcornwall.de\/reiseziel\/kanalinseln\/jersey.php\">Jersey<\/a><\/p>\n<p>Autofreie Insel Sark und Paradiesinsel Herm<\/p>\n<p>St. Peter Port, <a href=\"https:\/\/www.urlaubcornwall.de\/reiseziel\/kanalinseln\/guernsey.php\">Guernsey<\/a> &#8211; die sch\u00f6nste Stadt der Kanalinseln<\/p>\n<p>Inselh\u00fcpfen zwischen Natur und Romantik<\/p>\n<p>CO2-Kompensation f\u00fcr den Flug im Preis enthalten<\/p>\n","protected":false},"excerpt":{"rendered":"<p>Atemberaubende K\u00fcstenabschnitte und entz\u00fcckende Fischerh\u00e4fen werden Sie verzaubern. Kulturfreunde werden Geschichte pur ent\u00ad\u00addecken, Wanderer werden sich von der Natursch\u00f6nheit bezaubern lassen und Erholungsuchende die Ruhe an einem der vielen unber\u00fchrten Str\u00e4nde genie\u00dfen. Urlaubsinspiration Kanalinseln 2023 Nonstop-Fl\u00fcge mit kurzen Flugzeiten Berlin | Dresden | Frankfurt am Main | Hannover | Memmingen | M\u00fcnchen | N\u00fcrnberg | [&hellip;]<\/p>\n","protected":false},"author":1,"featured_media":0,"parent":0,"menu_order":0,"comment_status":"closed","ping_status":"closed","template":"page-products.php","meta":[],"acf":[],"yoast_head":"<!-- This site is optimized with the Yoast SEO plugin v19.4 - https:\/\/yoast.com\/wordpress\/plugins\/seo\/ -->\n<title>Flugreise zu den Kanalinseln - Auswahl an Flugh\u00e4fen - Urlaub &amp; Reisen<\/title>\n<meta name=\"description\" content=\"Atemberaubende K\u00fcstenabschnitte und entz\u00fcckende Fischerh\u00e4fen werden Sie verzaubern. Kulturfreunde werden Geschichte pur ent\u00ad\u00addecken\" \/>\n<meta name=\"robots\" content=\"index, follow, max-snippet:-1, max-image-preview:large, max-video-preview:-1\" \/>\n<link rel=\"canonical\" href=\"https:\/\/www.urlaubcornwall.de\/blog\/flugreise-zu-den-kanalinseln-auswahl-an-flughaefen\/\" \/>\n<meta property=\"og:locale\" content=\"en_US\" \/>\n<meta property=\"og:type\" content=\"article\" \/>\n<meta property=\"og:title\" content=\"Flugreise zu den Kanalinseln - Auswahl an Flugh\u00e4fen - Urlaub &amp; Reisen\" \/>\n<meta property=\"og:description\" content=\"Atemberaubende K\u00fcstenabschnitte und entz\u00fcckende Fischerh\u00e4fen werden Sie verzaubern. Kulturfreunde werden Geschichte pur ent\u00ad\u00addecken\" \/>\n<meta property=\"og:url\" content=\"https:\/\/www.urlaubcornwall.de\/blog\/flugreise-zu-den-kanalinseln-auswahl-an-flughaefen\/\" \/>\n<meta property=\"og:site_name\" content=\"Urlaub &amp; Reisen\" \/>\n<meta property=\"article:modified_time\" content=\"2022-11-23T11:58:25+00:00\" \/>\n<meta name=\"twitter:card\" content=\"summary\" \/>\n<meta name=\"twitter:label1\" content=\"Est. reading time\" \/>\n\t<meta name=\"twitter:data1\" content=\"1 minute\" \/>\n<script type=\"application\/ld+json\" class=\"yoast-schema-graph\">{\"@context\":\"https:\/\/schema.org\",\"@graph\":[{\"@type\":\"WebSite\",\"@id\":\"https:\/\/www.urlaubcornwall.de\/blog\/#website\",\"url\":\"https:\/\/www.urlaubcornwall.de\/blog\/\",\"name\":\"Urlaub &amp; Reisen\",\"description\":\"Urlaub, Reisen, Cornwall und S\u00fcdengland: eine perfekte Kombination\",\"potentialAction\":[{\"@type\":\"SearchAction\",\"target\":{\"@type\":\"EntryPoint\",\"urlTemplate\":\"https:\/\/www.urlaubcornwall.de\/blog\/?s={search_term_string}\"},\"query-input\":\"required name=search_term_string\"}],\"inLanguage\":\"en-US\"},{\"@type\":\"WebPage\",\"@id\":\"https:\/\/www.urlaubcornwall.de\/blog\/flugreise-zu-den-kanalinseln-auswahl-an-flughaefen\/\",\"url\":\"https:\/\/www.urlaubcornwall.de\/blog\/flugreise-zu-den-kanalinseln-auswahl-an-flughaefen\/\",\"name\":\"Flugreise zu den Kanalinseln - Auswahl an Flugh\u00e4fen - Urlaub &amp; Reisen\",\"isPartOf\":{\"@id\":\"https:\/\/www.urlaubcornwall.de\/blog\/#website\"},\"datePublished\":\"2021-11-16T15:55:21+00:00\",\"dateModified\":\"2022-11-23T11:58:25+00:00\",\"description\":\"Atemberaubende K\u00fcstenabschnitte und entz\u00fcckende Fischerh\u00e4fen werden Sie verzaubern. Kulturfreunde werden Geschichte pur ent\u00ad\u00addecken\",\"breadcrumb\":{\"@id\":\"https:\/\/www.urlaubcornwall.de\/blog\/flugreise-zu-den-kanalinseln-auswahl-an-flughaefen\/#breadcrumb\"},\"inLanguage\":\"en-US\",\"potentialAction\":[{\"@type\":\"ReadAction\",\"target\":[\"https:\/\/www.urlaubcornwall.de\/blog\/flugreise-zu-den-kanalinseln-auswahl-an-flughaefen\/\"]}]},{\"@type\":\"BreadcrumbList\",\"@id\":\"https:\/\/www.urlaubcornwall.de\/blog\/flugreise-zu-den-kanalinseln-auswahl-an-flughaefen\/#breadcrumb\",\"itemListElement\":[{\"@type\":\"ListItem\",\"position\":1,\"name\":\"Home\",\"item\":\"https:\/\/www.urlaubcornwall.de\/blog\/\"},{\"@type\":\"ListItem\",\"position\":2,\"name\":\"Flugreise zu den Kanalinseln &#8211; Auswahl an Flugh\u00e4fen\"}]}]}<\/script>\n<!-- \/ Yoast SEO plugin. -->","yoast_head_json":{"title":"Flugreise zu den Kanalinseln - Auswahl an Flugh\u00e4fen - Urlaub &amp; Reisen","description":"Atemberaubende K\u00fcstenabschnitte und entz\u00fcckende Fischerh\u00e4fen werden Sie verzaubern. Kulturfreunde werden Geschichte pur ent\u00ad\u00addecken","robots":{"index":"index","follow":"follow","max-snippet":"max-snippet:-1","max-image-preview":"max-image-preview:large","max-video-preview":"max-video-preview:-1"},"canonical":"https:\/\/www.urlaubcornwall.de\/blog\/flugreise-zu-den-kanalinseln-auswahl-an-flughaefen\/","og_locale":"en_US","og_type":"article","og_title":"Flugreise zu den Kanalinseln - Auswahl an Flugh\u00e4fen - Urlaub &amp; Reisen","og_description":"Atemberaubende K\u00fcstenabschnitte und entz\u00fcckende Fischerh\u00e4fen werden Sie verzaubern. Kulturfreunde werden Geschichte pur ent\u00ad\u00addecken","og_url":"https:\/\/www.urlaubcornwall.de\/blog\/flugreise-zu-den-kanalinseln-auswahl-an-flughaefen\/","og_site_name":"Urlaub &amp; Reisen","article_modified_time":"2022-11-23T11:58:25+00:00","twitter_card":"summary","twitter_misc":{"Est. reading time":"1 minute"},"schema":{"@context":"https:\/\/schema.org","@graph":[{"@type":"WebSite","@id":"https:\/\/www.urlaubcornwall.de\/blog\/#website","url":"https:\/\/www.urlaubcornwall.de\/blog\/","name":"Urlaub &amp; Reisen","description":"Urlaub, Reisen, Cornwall und S\u00fcdengland: eine perfekte Kombination","potentialAction":[{"@type":"SearchAction","target":{"@type":"EntryPoint","urlTemplate":"https:\/\/www.urlaubcornwall.de\/blog\/?s={search_term_string}"},"query-input":"required name=search_term_string"}],"inLanguage":"en-US"},{"@type":"WebPage","@id":"https:\/\/www.urlaubcornwall.de\/blog\/flugreise-zu-den-kanalinseln-auswahl-an-flughaefen\/","url":"https:\/\/www.urlaubcornwall.de\/blog\/flugreise-zu-den-kanalinseln-auswahl-an-flughaefen\/","name":"Flugreise zu den Kanalinseln - Auswahl an Flugh\u00e4fen - Urlaub &amp; Reisen","isPartOf":{"@id":"https:\/\/www.urlaubcornwall.de\/blog\/#website"},"datePublished":"2021-11-16T15:55:21+00:00","dateModified":"2022-11-23T11:58:25+00:00","description":"Atemberaubende K\u00fcstenabschnitte und entz\u00fcckende Fischerh\u00e4fen werden Sie verzaubern. Kulturfreunde werden Geschichte pur ent\u00ad\u00addecken","breadcrumb":{"@id":"https:\/\/www.urlaubcornwall.de\/blog\/flugreise-zu-den-kanalinseln-auswahl-an-flughaefen\/#breadcrumb"},"inLanguage":"en-US","potentialAction":[{"@type":"ReadAction","target":["https:\/\/www.urlaubcornwall.de\/blog\/flugreise-zu-den-kanalinseln-auswahl-an-flughaefen\/"]}]},{"@type":"BreadcrumbList","@id":"https:\/\/www.urlaubcornwall.de\/blog\/flugreise-zu-den-kanalinseln-auswahl-an-flughaefen\/#breadcrumb","itemListElement":[{"@type":"ListItem","position":1,"name":"Home","item":"https:\/\/www.urlaubcornwall.de\/blog\/"},{"@type":"ListItem","position":2,"name":"Flugreise zu den Kanalinseln &#8211; Auswahl an Flugh\u00e4fen"}]}]}},"_links":{"self":[{"href":"https:\/\/www.urlaubcornwall.de\/blog\/wp-json\/wp\/v2\/pages\/44034"}],"collection":[{"href":"https:\/\/www.urlaubcornwall.de\/blog\/wp-json\/wp\/v2\/pages"}],"about":[{"href":"https:\/\/www.urlaubcornwall.de\/blog\/wp-json\/wp\/v2\/types\/page"}],"author":[{"embeddable":true,"href":"https:\/\/www.urlaubcornwall.de\/blog\/wp-json\/wp\/v2\/users\/1"}],"replies":[{"embeddable":true,"href":"https:\/\/www.urlaubcornwall.de\/blog\/wp-json\/wp\/v2\/comments?post=44034"}],"version-history":[{"count":6,"href":"https:\/\/www.urlaubcornwall.de\/blog\/wp-json\/wp\/v2\/pages\/44034\/revisions"}],"predecessor-version":[{"id":45371,"href":"https:\/\/www.urlaubcornwall.de\/blog\/wp-json\/wp\/v2\/pages\/44034\/revisions\/45371"}],"wp:attachment":[{"href":"https:\/\/www.urlaubcornwall.de\/blog\/wp-json\/wp\/v2\/media?parent=44034"}],"curies":[{"name":"wp","href":"https:\/\/api.w.org\/{rel}","templated":true}]}}