{"id":44018,"date":"2021-11-15T10:49:56","date_gmt":"2021-11-15T10:49:56","guid":{"rendered":"https:\/\/www.urlaubcornwall.de\/blog\/?page_id=44018"},"modified":"2024-05-31T08:49:58","modified_gmt":"2024-05-31T08:49:58","slug":"es-ist-zeit-mit-der-planung-ihres-kanalinseln-urlaubs-2022-zu-beginnen","status":"publish","type":"page","link":"https:\/\/www.urlaubcornwall.de\/blog\/es-ist-zeit-mit-der-planung-ihres-kanalinseln-urlaubs-2022-zu-beginnen\/","title":{"rendered":"Es ist Zeit, mit der Planung Ihres Kanalinseln Urlaubs zu beginnen!"},"content":{"rendered":"<p>In der Tat gibt es zu viele malerische Fleckchen, um sie alle in einen Urlaub zu zw\u00e4ngen. Was also tun als Sch\u00f6nheitssuchender? Planen Sie Ihren Urlaub, gef\u00fcllt mit lediglich den sch\u00f6nsten Orten! <\/p>\n<p>Hier sind einige Ideen, die sicherstellen, dass Ihre n\u00e4chste <a href=\"https:\/\/www.urlaubcornwall.de\/reiseziel\/kanalinseln\/\">Reise nach Kanalinseln<\/a> die Instagram-Reise schlechthin darstellt.<\/p>\n","protected":false},"excerpt":{"rendered":"<p>In der Tat gibt es zu viele malerische Fleckchen, um sie alle in einen Urlaub zu zw\u00e4ngen. Was also tun als Sch\u00f6nheitssuchender? Planen Sie Ihren Urlaub, gef\u00fcllt mit lediglich den sch\u00f6nsten Orten! Hier sind einige Ideen, die sicherstellen, dass Ihre n\u00e4chste Reise nach Kanalinseln die Instagram-Reise schlechthin darstellt.<\/p>\n","protected":false},"author":1,"featured_media":0,"parent":0,"menu_order":0,"comment_status":"closed","ping_status":"closed","template":"page-products.php","meta":[],"acf":[],"yoast_head":"<!-- This site is optimized with the Yoast SEO plugin v19.4 - https:\/\/yoast.com\/wordpress\/plugins\/seo\/ -->\n<title>Es ist Zeit, mit der Planung Ihres Kanalinseln Urlaubs zu beginnen! - Urlaub &amp; Reisen<\/title>\n<meta name=\"description\" content=\"Hier sind einige Ideen, die sicherstellen, dass Ihre n\u00e4chste Reise nach Kanalinseln die Instagram-Reise schlechthin darstellt.\" \/>\n<meta name=\"robots\" content=\"index, follow, max-snippet:-1, max-image-preview:large, max-video-preview:-1\" \/>\n<link rel=\"canonical\" href=\"https:\/\/www.urlaubcornwall.de\/blog\/es-ist-zeit-mit-der-planung-ihres-kanalinseln-urlaubs-2022-zu-beginnen\/\" \/>\n<meta property=\"og:locale\" content=\"en_US\" \/>\n<meta property=\"og:type\" content=\"article\" \/>\n<meta property=\"og:title\" content=\"Es ist Zeit, mit der Planung Ihres Kanalinseln Urlaubs zu beginnen! - Urlaub &amp; Reisen\" \/>\n<meta property=\"og:description\" content=\"Hier sind einige Ideen, die sicherstellen, dass Ihre n\u00e4chste Reise nach Kanalinseln die Instagram-Reise schlechthin darstellt.\" \/>\n<meta property=\"og:url\" content=\"https:\/\/www.urlaubcornwall.de\/blog\/es-ist-zeit-mit-der-planung-ihres-kanalinseln-urlaubs-2022-zu-beginnen\/\" \/>\n<meta property=\"og:site_name\" content=\"Urlaub &amp; Reisen\" \/>\n<meta property=\"article:modified_time\" content=\"2024-05-31T08:49:58+00:00\" \/>\n<meta name=\"twitter:card\" content=\"summary\" \/>\n<meta name=\"twitter:label1\" content=\"Est. reading time\" \/>\n\t<meta name=\"twitter:data1\" content=\"1 minute\" \/>\n<script type=\"application\/ld+json\" class=\"yoast-schema-graph\">{\"@context\":\"https:\/\/schema.org\",\"@graph\":[{\"@type\":\"WebSite\",\"@id\":\"https:\/\/www.urlaubcornwall.de\/blog\/#website\",\"url\":\"https:\/\/www.urlaubcornwall.de\/blog\/\",\"name\":\"Urlaub &amp; Reisen\",\"description\":\"Urlaub, Reisen, Cornwall und S\u00fcdengland: eine perfekte Kombination\",\"potentialAction\":[{\"@type\":\"SearchAction\",\"target\":{\"@type\":\"EntryPoint\",\"urlTemplate\":\"https:\/\/www.urlaubcornwall.de\/blog\/?s={search_term_string}\"},\"query-input\":\"required name=search_term_string\"}],\"inLanguage\":\"en-US\"},{\"@type\":\"WebPage\",\"@id\":\"https:\/\/www.urlaubcornwall.de\/blog\/es-ist-zeit-mit-der-planung-ihres-kanalinseln-urlaubs-2022-zu-beginnen\/\",\"url\":\"https:\/\/www.urlaubcornwall.de\/blog\/es-ist-zeit-mit-der-planung-ihres-kanalinseln-urlaubs-2022-zu-beginnen\/\",\"name\":\"Es ist Zeit, mit der Planung Ihres Kanalinseln Urlaubs zu beginnen! - Urlaub &amp; Reisen\",\"isPartOf\":{\"@id\":\"https:\/\/www.urlaubcornwall.de\/blog\/#website\"},\"datePublished\":\"2021-11-15T10:49:56+00:00\",\"dateModified\":\"2024-05-31T08:49:58+00:00\",\"description\":\"Hier sind einige Ideen, die sicherstellen, dass Ihre n\u00e4chste Reise nach Kanalinseln die Instagram-Reise schlechthin darstellt.\",\"breadcrumb\":{\"@id\":\"https:\/\/www.urlaubcornwall.de\/blog\/es-ist-zeit-mit-der-planung-ihres-kanalinseln-urlaubs-2022-zu-beginnen\/#breadcrumb\"},\"inLanguage\":\"en-US\",\"potentialAction\":[{\"@type\":\"ReadAction\",\"target\":[\"https:\/\/www.urlaubcornwall.de\/blog\/es-ist-zeit-mit-der-planung-ihres-kanalinseln-urlaubs-2022-zu-beginnen\/\"]}]},{\"@type\":\"BreadcrumbList\",\"@id\":\"https:\/\/www.urlaubcornwall.de\/blog\/es-ist-zeit-mit-der-planung-ihres-kanalinseln-urlaubs-2022-zu-beginnen\/#breadcrumb\",\"itemListElement\":[{\"@type\":\"ListItem\",\"position\":1,\"name\":\"Home\",\"item\":\"https:\/\/www.urlaubcornwall.de\/blog\/\"},{\"@type\":\"ListItem\",\"position\":2,\"name\":\"Es ist Zeit, mit der Planung Ihres Kanalinseln Urlaubs zu beginnen!\"}]}]}<\/script>\n<!-- \/ Yoast SEO plugin. -->","yoast_head_json":{"title":"Es ist Zeit, mit der Planung Ihres Kanalinseln Urlaubs zu beginnen! - Urlaub &amp; Reisen","description":"Hier sind einige Ideen, die sicherstellen, dass Ihre n\u00e4chste Reise nach Kanalinseln die Instagram-Reise schlechthin darstellt.","robots":{"index":"index","follow":"follow","max-snippet":"max-snippet:-1","max-image-preview":"max-image-preview:large","max-video-preview":"max-video-preview:-1"},"canonical":"https:\/\/www.urlaubcornwall.de\/blog\/es-ist-zeit-mit-der-planung-ihres-kanalinseln-urlaubs-2022-zu-beginnen\/","og_locale":"en_US","og_type":"article","og_title":"Es ist Zeit, mit der Planung Ihres Kanalinseln Urlaubs zu beginnen! - Urlaub &amp; Reisen","og_description":"Hier sind einige Ideen, die sicherstellen, dass Ihre n\u00e4chste Reise nach Kanalinseln die Instagram-Reise schlechthin darstellt.","og_url":"https:\/\/www.urlaubcornwall.de\/blog\/es-ist-zeit-mit-der-planung-ihres-kanalinseln-urlaubs-2022-zu-beginnen\/","og_site_name":"Urlaub &amp; Reisen","article_modified_time":"2024-05-31T08:49:58+00:00","twitter_card":"summary","twitter_misc":{"Est. reading time":"1 minute"},"schema":{"@context":"https:\/\/schema.org","@graph":[{"@type":"WebSite","@id":"https:\/\/www.urlaubcornwall.de\/blog\/#website","url":"https:\/\/www.urlaubcornwall.de\/blog\/","name":"Urlaub &amp; Reisen","description":"Urlaub, Reisen, Cornwall und S\u00fcdengland: eine perfekte Kombination","potentialAction":[{"@type":"SearchAction","target":{"@type":"EntryPoint","urlTemplate":"https:\/\/www.urlaubcornwall.de\/blog\/?s={search_term_string}"},"query-input":"required name=search_term_string"}],"inLanguage":"en-US"},{"@type":"WebPage","@id":"https:\/\/www.urlaubcornwall.de\/blog\/es-ist-zeit-mit-der-planung-ihres-kanalinseln-urlaubs-2022-zu-beginnen\/","url":"https:\/\/www.urlaubcornwall.de\/blog\/es-ist-zeit-mit-der-planung-ihres-kanalinseln-urlaubs-2022-zu-beginnen\/","name":"Es ist Zeit, mit der Planung Ihres Kanalinseln Urlaubs zu beginnen! - Urlaub &amp; Reisen","isPartOf":{"@id":"https:\/\/www.urlaubcornwall.de\/blog\/#website"},"datePublished":"2021-11-15T10:49:56+00:00","dateModified":"2024-05-31T08:49:58+00:00","description":"Hier sind einige Ideen, die sicherstellen, dass Ihre n\u00e4chste Reise nach Kanalinseln die Instagram-Reise schlechthin darstellt.","breadcrumb":{"@id":"https:\/\/www.urlaubcornwall.de\/blog\/es-ist-zeit-mit-der-planung-ihres-kanalinseln-urlaubs-2022-zu-beginnen\/#breadcrumb"},"inLanguage":"en-US","potentialAction":[{"@type":"ReadAction","target":["https:\/\/www.urlaubcornwall.de\/blog\/es-ist-zeit-mit-der-planung-ihres-kanalinseln-urlaubs-2022-zu-beginnen\/"]}]},{"@type":"BreadcrumbList","@id":"https:\/\/www.urlaubcornwall.de\/blog\/es-ist-zeit-mit-der-planung-ihres-kanalinseln-urlaubs-2022-zu-beginnen\/#breadcrumb","itemListElement":[{"@type":"ListItem","position":1,"name":"Home","item":"https:\/\/www.urlaubcornwall.de\/blog\/"},{"@type":"ListItem","position":2,"name":"Es ist Zeit, mit der Planung Ihres Kanalinseln Urlaubs zu beginnen!"}]}]}},"_links":{"self":[{"href":"https:\/\/www.urlaubcornwall.de\/blog\/wp-json\/wp\/v2\/pages\/44018"}],"collection":[{"href":"https:\/\/www.urlaubcornwall.de\/blog\/wp-json\/wp\/v2\/pages"}],"about":[{"href":"https:\/\/www.urlaubcornwall.de\/blog\/wp-json\/wp\/v2\/types\/page"}],"author":[{"embeddable":true,"href":"https:\/\/www.urlaubcornwall.de\/blog\/wp-json\/wp\/v2\/users\/1"}],"replies":[{"embeddable":true,"href":"https:\/\/www.urlaubcornwall.de\/blog\/wp-json\/wp\/v2\/comments?post=44018"}],"version-history":[{"count":6,"href":"https:\/\/www.urlaubcornwall.de\/blog\/wp-json\/wp\/v2\/pages\/44018\/revisions"}],"predecessor-version":[{"id":51265,"href":"https:\/\/www.urlaubcornwall.de\/blog\/wp-json\/wp\/v2\/pages\/44018\/revisions\/51265"}],"wp:attachment":[{"href":"https:\/\/www.urlaubcornwall.de\/blog\/wp-json\/wp\/v2\/media?parent=44018"}],"curies":[{"name":"wp","href":"https:\/\/api.w.org\/{rel}","templated":true}]}}