{"id":43896,"date":"2021-11-11T09:35:22","date_gmt":"2021-11-11T09:35:22","guid":{"rendered":"https:\/\/www.urlaubcornwall.de\/blog\/?page_id=43896"},"modified":"2022-11-23T11:47:46","modified_gmt":"2022-11-23T11:47:46","slug":"pauschalreisen-auf-den-kanalinseln-ein-komplettes-reisepaket","status":"publish","type":"page","link":"https:\/\/www.urlaubcornwall.de\/blog\/pauschalreisen-auf-den-kanalinseln-ein-komplettes-reisepaket\/","title":{"rendered":"Pauschalreisen auf den Kanalinseln &#8211; Ein komplettes Reisepaket"},"content":{"rendered":"<p>Seit zehn Jahren fliegen wir mit unseren Chartermaschinen von fast allen deutschen Flugh\u00e4fen nonstop nach <a href=\"https:\/\/www.urlaubcornwall.de\/reiseziel\/kanalinseln\/jersey.php\">Jersey<\/a> und ab 2022 auch weiter nach <a href=\"https:\/\/www.urlaubcornwall.de\/reiseziel\/kanalinseln\/guernsey.php\">Guernsey<\/a>. Unsere Programme bieten einw\u00f6chige Aufenthalte auf beiden Inseln, auch in Kombination. Mit abwechslungsreichen Ausfl\u00fcgen lernen Sie die Inselwelt kennen und lieben. Wander- und Fahrrad-Reisen bieten Ihnen einen umfassenden Eindruck von der herrlichen Landschaft. In k\u00fcrzester Zeit ohne l\u00e4stiges Umsteigen erreichen Sie diesen entdeckenswerten Geheimtipp.<\/p>\n","protected":false},"excerpt":{"rendered":"<p>Seit zehn Jahren fliegen wir mit unseren Chartermaschinen von fast allen deutschen Flugh\u00e4fen nonstop nach Jersey und ab 2022 auch weiter nach Guernsey. Unsere Programme bieten einw\u00f6chige Aufenthalte auf beiden Inseln, auch in Kombination. Mit abwechslungsreichen Ausfl\u00fcgen lernen Sie die Inselwelt kennen und lieben. Wander- und Fahrrad-Reisen bieten Ihnen einen umfassenden Eindruck von der herrlichen [&hellip;]<\/p>\n","protected":false},"author":1,"featured_media":0,"parent":0,"menu_order":0,"comment_status":"closed","ping_status":"closed","template":"page-products.php","meta":[],"acf":[],"yoast_head":"<!-- This site is optimized with the Yoast SEO plugin v19.4 - https:\/\/yoast.com\/wordpress\/plugins\/seo\/ -->\n<title>Pauschalreisen auf den Kanalinseln - Ein komplettes Reisepaket - Urlaub &amp; Reisen<\/title>\n<meta name=\"description\" content=\"Atemberaubende K\u00fcstenabschnitte und entz\u00fcckende Fischerh\u00e4fen werden Sie verzaubern. Kulturfreunde werden Geschichte pur ent\u00ad\u00addecken, Wanderer\" \/>\n<meta name=\"robots\" content=\"index, follow, max-snippet:-1, max-image-preview:large, max-video-preview:-1\" \/>\n<link rel=\"canonical\" href=\"https:\/\/www.urlaubcornwall.de\/blog\/pauschalreisen-auf-den-kanalinseln-ein-komplettes-reisepaket\/\" \/>\n<meta property=\"og:locale\" content=\"en_US\" \/>\n<meta property=\"og:type\" content=\"article\" \/>\n<meta property=\"og:title\" content=\"Pauschalreisen auf den Kanalinseln - Ein komplettes Reisepaket - Urlaub &amp; Reisen\" \/>\n<meta property=\"og:description\" content=\"Atemberaubende K\u00fcstenabschnitte und entz\u00fcckende Fischerh\u00e4fen werden Sie verzaubern. Kulturfreunde werden Geschichte pur ent\u00ad\u00addecken, Wanderer\" \/>\n<meta property=\"og:url\" content=\"https:\/\/www.urlaubcornwall.de\/blog\/pauschalreisen-auf-den-kanalinseln-ein-komplettes-reisepaket\/\" \/>\n<meta property=\"og:site_name\" content=\"Urlaub &amp; Reisen\" \/>\n<meta property=\"article:modified_time\" content=\"2022-11-23T11:47:46+00:00\" \/>\n<meta name=\"twitter:card\" content=\"summary\" \/>\n<meta name=\"twitter:label1\" content=\"Est. reading time\" \/>\n\t<meta name=\"twitter:data1\" content=\"1 minute\" \/>\n<script type=\"application\/ld+json\" class=\"yoast-schema-graph\">{\"@context\":\"https:\/\/schema.org\",\"@graph\":[{\"@type\":\"WebSite\",\"@id\":\"https:\/\/www.urlaubcornwall.de\/blog\/#website\",\"url\":\"https:\/\/www.urlaubcornwall.de\/blog\/\",\"name\":\"Urlaub &amp; Reisen\",\"description\":\"Urlaub, Reisen, Cornwall und S\u00fcdengland: eine perfekte Kombination\",\"potentialAction\":[{\"@type\":\"SearchAction\",\"target\":{\"@type\":\"EntryPoint\",\"urlTemplate\":\"https:\/\/www.urlaubcornwall.de\/blog\/?s={search_term_string}\"},\"query-input\":\"required name=search_term_string\"}],\"inLanguage\":\"en-US\"},{\"@type\":\"WebPage\",\"@id\":\"https:\/\/www.urlaubcornwall.de\/blog\/pauschalreisen-auf-den-kanalinseln-ein-komplettes-reisepaket\/\",\"url\":\"https:\/\/www.urlaubcornwall.de\/blog\/pauschalreisen-auf-den-kanalinseln-ein-komplettes-reisepaket\/\",\"name\":\"Pauschalreisen auf den Kanalinseln - Ein komplettes Reisepaket - Urlaub &amp; Reisen\",\"isPartOf\":{\"@id\":\"https:\/\/www.urlaubcornwall.de\/blog\/#website\"},\"datePublished\":\"2021-11-11T09:35:22+00:00\",\"dateModified\":\"2022-11-23T11:47:46+00:00\",\"description\":\"Atemberaubende K\u00fcstenabschnitte und entz\u00fcckende Fischerh\u00e4fen werden Sie verzaubern. Kulturfreunde werden Geschichte pur ent\u00ad\u00addecken, Wanderer\",\"breadcrumb\":{\"@id\":\"https:\/\/www.urlaubcornwall.de\/blog\/pauschalreisen-auf-den-kanalinseln-ein-komplettes-reisepaket\/#breadcrumb\"},\"inLanguage\":\"en-US\",\"potentialAction\":[{\"@type\":\"ReadAction\",\"target\":[\"https:\/\/www.urlaubcornwall.de\/blog\/pauschalreisen-auf-den-kanalinseln-ein-komplettes-reisepaket\/\"]}]},{\"@type\":\"BreadcrumbList\",\"@id\":\"https:\/\/www.urlaubcornwall.de\/blog\/pauschalreisen-auf-den-kanalinseln-ein-komplettes-reisepaket\/#breadcrumb\",\"itemListElement\":[{\"@type\":\"ListItem\",\"position\":1,\"name\":\"Home\",\"item\":\"https:\/\/www.urlaubcornwall.de\/blog\/\"},{\"@type\":\"ListItem\",\"position\":2,\"name\":\"Pauschalreisen auf den Kanalinseln &#8211; Ein komplettes Reisepaket\"}]}]}<\/script>\n<!-- \/ Yoast SEO plugin. -->","yoast_head_json":{"title":"Pauschalreisen auf den Kanalinseln - Ein komplettes Reisepaket - Urlaub &amp; Reisen","description":"Atemberaubende K\u00fcstenabschnitte und entz\u00fcckende Fischerh\u00e4fen werden Sie verzaubern. Kulturfreunde werden Geschichte pur ent\u00ad\u00addecken, Wanderer","robots":{"index":"index","follow":"follow","max-snippet":"max-snippet:-1","max-image-preview":"max-image-preview:large","max-video-preview":"max-video-preview:-1"},"canonical":"https:\/\/www.urlaubcornwall.de\/blog\/pauschalreisen-auf-den-kanalinseln-ein-komplettes-reisepaket\/","og_locale":"en_US","og_type":"article","og_title":"Pauschalreisen auf den Kanalinseln - Ein komplettes Reisepaket - Urlaub &amp; Reisen","og_description":"Atemberaubende K\u00fcstenabschnitte und entz\u00fcckende Fischerh\u00e4fen werden Sie verzaubern. Kulturfreunde werden Geschichte pur ent\u00ad\u00addecken, Wanderer","og_url":"https:\/\/www.urlaubcornwall.de\/blog\/pauschalreisen-auf-den-kanalinseln-ein-komplettes-reisepaket\/","og_site_name":"Urlaub &amp; Reisen","article_modified_time":"2022-11-23T11:47:46+00:00","twitter_card":"summary","twitter_misc":{"Est. reading time":"1 minute"},"schema":{"@context":"https:\/\/schema.org","@graph":[{"@type":"WebSite","@id":"https:\/\/www.urlaubcornwall.de\/blog\/#website","url":"https:\/\/www.urlaubcornwall.de\/blog\/","name":"Urlaub &amp; Reisen","description":"Urlaub, Reisen, Cornwall und S\u00fcdengland: eine perfekte Kombination","potentialAction":[{"@type":"SearchAction","target":{"@type":"EntryPoint","urlTemplate":"https:\/\/www.urlaubcornwall.de\/blog\/?s={search_term_string}"},"query-input":"required name=search_term_string"}],"inLanguage":"en-US"},{"@type":"WebPage","@id":"https:\/\/www.urlaubcornwall.de\/blog\/pauschalreisen-auf-den-kanalinseln-ein-komplettes-reisepaket\/","url":"https:\/\/www.urlaubcornwall.de\/blog\/pauschalreisen-auf-den-kanalinseln-ein-komplettes-reisepaket\/","name":"Pauschalreisen auf den Kanalinseln - Ein komplettes Reisepaket - Urlaub &amp; Reisen","isPartOf":{"@id":"https:\/\/www.urlaubcornwall.de\/blog\/#website"},"datePublished":"2021-11-11T09:35:22+00:00","dateModified":"2022-11-23T11:47:46+00:00","description":"Atemberaubende K\u00fcstenabschnitte und entz\u00fcckende Fischerh\u00e4fen werden Sie verzaubern. Kulturfreunde werden Geschichte pur ent\u00ad\u00addecken, Wanderer","breadcrumb":{"@id":"https:\/\/www.urlaubcornwall.de\/blog\/pauschalreisen-auf-den-kanalinseln-ein-komplettes-reisepaket\/#breadcrumb"},"inLanguage":"en-US","potentialAction":[{"@type":"ReadAction","target":["https:\/\/www.urlaubcornwall.de\/blog\/pauschalreisen-auf-den-kanalinseln-ein-komplettes-reisepaket\/"]}]},{"@type":"BreadcrumbList","@id":"https:\/\/www.urlaubcornwall.de\/blog\/pauschalreisen-auf-den-kanalinseln-ein-komplettes-reisepaket\/#breadcrumb","itemListElement":[{"@type":"ListItem","position":1,"name":"Home","item":"https:\/\/www.urlaubcornwall.de\/blog\/"},{"@type":"ListItem","position":2,"name":"Pauschalreisen auf den Kanalinseln &#8211; Ein komplettes Reisepaket"}]}]}},"_links":{"self":[{"href":"https:\/\/www.urlaubcornwall.de\/blog\/wp-json\/wp\/v2\/pages\/43896"}],"collection":[{"href":"https:\/\/www.urlaubcornwall.de\/blog\/wp-json\/wp\/v2\/pages"}],"about":[{"href":"https:\/\/www.urlaubcornwall.de\/blog\/wp-json\/wp\/v2\/types\/page"}],"author":[{"embeddable":true,"href":"https:\/\/www.urlaubcornwall.de\/blog\/wp-json\/wp\/v2\/users\/1"}],"replies":[{"embeddable":true,"href":"https:\/\/www.urlaubcornwall.de\/blog\/wp-json\/wp\/v2\/comments?post=43896"}],"version-history":[{"count":9,"href":"https:\/\/www.urlaubcornwall.de\/blog\/wp-json\/wp\/v2\/pages\/43896\/revisions"}],"predecessor-version":[{"id":45363,"href":"https:\/\/www.urlaubcornwall.de\/blog\/wp-json\/wp\/v2\/pages\/43896\/revisions\/45363"}],"wp:attachment":[{"href":"https:\/\/www.urlaubcornwall.de\/blog\/wp-json\/wp\/v2\/media?parent=43896"}],"curies":[{"name":"wp","href":"https:\/\/api.w.org\/{rel}","templated":true}]}}