{"id":43893,"date":"2021-11-10T16:03:50","date_gmt":"2021-11-10T16:03:50","guid":{"rendered":"https:\/\/www.urlaubcornwall.de\/blog\/?page_id=43893"},"modified":"2022-11-23T11:36:42","modified_gmt":"2022-11-23T11:36:42","slug":"kanalinseln-reisen","status":"publish","type":"page","link":"https:\/\/www.urlaubcornwall.de\/blog\/kanalinseln-reisen\/","title":{"rendered":"Kanalinseln Reisen &#8211; Highlights &#038; Angebote"},"content":{"rendered":"<p>Die <a href=\"https:\/\/www.urlaubcornwall.de\/reiseziel\/kanalinseln\/\">Kanalinseln<\/a> sind eine Wundert\u00fcte gemischt aus England, C\u00f4te d\u2018Azur und Norwegen. Genie\u00dfen Sie auf dieser kombinerten Rad- &amp; Wanderreise die Blumenparadiese <a href=\"https:\/\/www.urlaubcornwall.de\/reiseziel\/kanalinseln\/jersey.php\">Jersey<\/a>, <a href=\"https:\/\/www.urlaubcornwall.de\/reiseziel\/kanalinseln\/guernsey.php\">Guernsey<\/a> und <a href=\"https:\/\/www.urlaubcornwall.de\/blog\/sark-kanalinseln-charmant-und-friedlich\/\">Sark<\/a>. Sie \u00fcbernachten in zwei exquisiten Hotels.<\/p>\n<p>Als im Jahre 1066 Wilhelm der Eroberer England besetzte, geh\u00f6rten die Kanalinseln bereits zu seinem Herzogtum der Normandie. \u201eSo kommt es, dass nicht wir zu Gro\u00dfbritannien, sondern Gro\u00dfbritannien zu uns geh\u00f6rt\u201c, behaupten die Insulaner stolz. Seit das franz\u00f6sische Festland verloren ging, herrschten die K\u00f6nige von England als Herz\u00f6ge der Normandie \u00fcber die Inseln. Das Oberhaupt von Jersey &amp; Co. ist also die Queen, aber nur als Herzog! Die Kanalinseln bieten aber noch viel mehr als interessante Historie und selbstbewusste Einwohner: Die Kanalinseln sind Eilande des Blumenrausches. Auf kleinem Raum gibt es viel zu sehen. Zwischen meterhohen gr\u00fcnen Hecken und dicken efeuberankten Steinmauern stolpert man von einem sorgsam gepflegten Vorgarten zum n\u00e4chsten.<\/p>\n<p><strong>W\u00e4hlen Sie aus unserer Auswahl an Flugh\u00e4fen<\/strong><\/p>\n<p><a href=\"https:\/\/www.urlaubcornwall.de\/blog\/direktfluege-von-berlin-auf-den-kanalinseln\/\">Berlin<\/a> <strong>|<\/strong> <a href=\"https:\/\/www.urlaubcornwall.de\/blog\/direktfluege-von-dresden-auf-den-kanalinseln\/\">Dresden<\/a> <strong>|<\/strong> <a href=\"https:\/\/www.urlaubcornwall.de\/blog\/direktfluege-von-frankfurt-auf-den-kanalinseln\/\">Frankfurt am Main<\/a> <strong>|<\/strong> <a href=\"https:\/\/www.urlaubcornwall.de\/blog\/direktfluege-von-hannover-auf-den-kanalinseln\/\">Hannover<\/a> <strong>|<\/strong> <a href=\"https:\/\/www.urlaubcornwall.de\/blog\/direktfluege-von-memmingen-auf-den-kanalinseln\/\">Memmingen<\/a> <strong>|<\/strong> <a href=\"https:\/\/www.urlaubcornwall.de\/blog\/direktfluege-von-muenchen-auf-den-kanalinseln\/\">M\u00fcnchen<\/a> <strong>|<\/strong> <a href=\"https:\/\/www.urlaubcornwall.de\/blog\/direktfluege-von-nuernberg-auf-den-kanalinseln\/\">N\u00fcrnberg<\/a> <strong>|<\/strong> <a href=\"https:\/\/www.urlaubcornwall.de\/blog\/direktfluege-von-rostock-laage-auf-den-kanalinseln\/\">Rostock-Laage<\/a> <strong>|<\/strong> <a href=\"https:\/\/www.urlaubcornwall.de\/blog\/direktfluege-von-stuttgart-auf-den-kanalinseln\/\">Stuttgart<\/a> <strong>|<\/strong> <a href=\"https:\/\/www.urlaubcornwall.de\/blog\/direktfluege-von-wolfsburg-auf-den-kanalinseln\/\">Wolfsburg<\/a> | <a href=\"https:\/\/www.urlaubcornwall.de\/blog\/direktfluege-von-basel-auf-den-kanalinseln\/\">Basel<\/a> | <a href=\"https:\/\/www.urlaubcornwall.de\/blog\/direktfluege-von-freidrichhafen-auf-den-kanalinseln\/\">Freidrichhafen<\/a><\/p>\n","protected":false},"excerpt":{"rendered":"<p>Die Kanalinseln sind eine Wundert\u00fcte gemischt aus England, C\u00f4te d\u2018Azur und Norwegen. Genie\u00dfen Sie auf dieser kombinerten Rad- &amp; Wanderreise die Blumenparadiese Jersey, Guernsey und Sark. Sie \u00fcbernachten in zwei exquisiten Hotels. Als im Jahre 1066 Wilhelm der Eroberer England besetzte, geh\u00f6rten die Kanalinseln bereits zu seinem Herzogtum der Normandie. \u201eSo kommt es, dass nicht [&hellip;]<\/p>\n","protected":false},"author":1,"featured_media":0,"parent":0,"menu_order":0,"comment_status":"closed","ping_status":"closed","template":"page-products.php","meta":[],"acf":[],"yoast_head":"<!-- This site is optimized with the Yoast SEO plugin v19.4 - https:\/\/yoast.com\/wordpress\/plugins\/seo\/ -->\n<title>Kanalinseln Reisen - Highlights &amp; Angebote - Urlaub &amp; Reisen<\/title>\n<meta name=\"description\" content=\"Direktfl\u00fcge von Deutschland - Ihr Spezialist f\u00fcr Reisen auf die Kanalinseln! Entdecken Sie das einzigartige Paradies im Atlantik\" \/>\n<meta name=\"robots\" content=\"index, follow, max-snippet:-1, max-image-preview:large, max-video-preview:-1\" \/>\n<link rel=\"canonical\" href=\"https:\/\/www.urlaubcornwall.de\/blog\/kanalinseln-reisen\/\" \/>\n<meta property=\"og:locale\" content=\"en_US\" \/>\n<meta property=\"og:type\" content=\"article\" \/>\n<meta property=\"og:title\" content=\"Kanalinseln Reisen - Highlights &amp; Angebote - Urlaub &amp; Reisen\" \/>\n<meta property=\"og:description\" content=\"Direktfl\u00fcge von Deutschland - Ihr Spezialist f\u00fcr Reisen auf die Kanalinseln! Entdecken Sie das einzigartige Paradies im Atlantik\" \/>\n<meta property=\"og:url\" content=\"https:\/\/www.urlaubcornwall.de\/blog\/kanalinseln-reisen\/\" \/>\n<meta property=\"og:site_name\" content=\"Urlaub &amp; Reisen\" \/>\n<meta property=\"article:modified_time\" content=\"2022-11-23T11:36:42+00:00\" \/>\n<meta name=\"twitter:card\" content=\"summary\" \/>\n<meta name=\"twitter:label1\" content=\"Est. reading time\" \/>\n\t<meta name=\"twitter:data1\" content=\"1 minute\" \/>\n<script type=\"application\/ld+json\" class=\"yoast-schema-graph\">{\"@context\":\"https:\/\/schema.org\",\"@graph\":[{\"@type\":\"WebSite\",\"@id\":\"https:\/\/www.urlaubcornwall.de\/blog\/#website\",\"url\":\"https:\/\/www.urlaubcornwall.de\/blog\/\",\"name\":\"Urlaub &amp; Reisen\",\"description\":\"Urlaub, Reisen, Cornwall und S\u00fcdengland: eine perfekte Kombination\",\"potentialAction\":[{\"@type\":\"SearchAction\",\"target\":{\"@type\":\"EntryPoint\",\"urlTemplate\":\"https:\/\/www.urlaubcornwall.de\/blog\/?s={search_term_string}\"},\"query-input\":\"required name=search_term_string\"}],\"inLanguage\":\"en-US\"},{\"@type\":\"WebPage\",\"@id\":\"https:\/\/www.urlaubcornwall.de\/blog\/kanalinseln-reisen\/\",\"url\":\"https:\/\/www.urlaubcornwall.de\/blog\/kanalinseln-reisen\/\",\"name\":\"Kanalinseln Reisen - Highlights & Angebote - Urlaub &amp; Reisen\",\"isPartOf\":{\"@id\":\"https:\/\/www.urlaubcornwall.de\/blog\/#website\"},\"datePublished\":\"2021-11-10T16:03:50+00:00\",\"dateModified\":\"2022-11-23T11:36:42+00:00\",\"description\":\"Direktfl\u00fcge von Deutschland - Ihr Spezialist f\u00fcr Reisen auf die Kanalinseln! Entdecken Sie das einzigartige Paradies im Atlantik\",\"breadcrumb\":{\"@id\":\"https:\/\/www.urlaubcornwall.de\/blog\/kanalinseln-reisen\/#breadcrumb\"},\"inLanguage\":\"en-US\",\"potentialAction\":[{\"@type\":\"ReadAction\",\"target\":[\"https:\/\/www.urlaubcornwall.de\/blog\/kanalinseln-reisen\/\"]}]},{\"@type\":\"BreadcrumbList\",\"@id\":\"https:\/\/www.urlaubcornwall.de\/blog\/kanalinseln-reisen\/#breadcrumb\",\"itemListElement\":[{\"@type\":\"ListItem\",\"position\":1,\"name\":\"Home\",\"item\":\"https:\/\/www.urlaubcornwall.de\/blog\/\"},{\"@type\":\"ListItem\",\"position\":2,\"name\":\"Kanalinseln Reisen &#8211; Highlights &#038; Angebote\"}]}]}<\/script>\n<!-- \/ Yoast SEO plugin. -->","yoast_head_json":{"title":"Kanalinseln Reisen - Highlights & Angebote - Urlaub &amp; Reisen","description":"Direktfl\u00fcge von Deutschland - Ihr Spezialist f\u00fcr Reisen auf die Kanalinseln! Entdecken Sie das einzigartige Paradies im Atlantik","robots":{"index":"index","follow":"follow","max-snippet":"max-snippet:-1","max-image-preview":"max-image-preview:large","max-video-preview":"max-video-preview:-1"},"canonical":"https:\/\/www.urlaubcornwall.de\/blog\/kanalinseln-reisen\/","og_locale":"en_US","og_type":"article","og_title":"Kanalinseln Reisen - Highlights & Angebote - Urlaub &amp; Reisen","og_description":"Direktfl\u00fcge von Deutschland - Ihr Spezialist f\u00fcr Reisen auf die Kanalinseln! Entdecken Sie das einzigartige Paradies im Atlantik","og_url":"https:\/\/www.urlaubcornwall.de\/blog\/kanalinseln-reisen\/","og_site_name":"Urlaub &amp; Reisen","article_modified_time":"2022-11-23T11:36:42+00:00","twitter_card":"summary","twitter_misc":{"Est. reading time":"1 minute"},"schema":{"@context":"https:\/\/schema.org","@graph":[{"@type":"WebSite","@id":"https:\/\/www.urlaubcornwall.de\/blog\/#website","url":"https:\/\/www.urlaubcornwall.de\/blog\/","name":"Urlaub &amp; Reisen","description":"Urlaub, Reisen, Cornwall und S\u00fcdengland: eine perfekte Kombination","potentialAction":[{"@type":"SearchAction","target":{"@type":"EntryPoint","urlTemplate":"https:\/\/www.urlaubcornwall.de\/blog\/?s={search_term_string}"},"query-input":"required name=search_term_string"}],"inLanguage":"en-US"},{"@type":"WebPage","@id":"https:\/\/www.urlaubcornwall.de\/blog\/kanalinseln-reisen\/","url":"https:\/\/www.urlaubcornwall.de\/blog\/kanalinseln-reisen\/","name":"Kanalinseln Reisen - Highlights & Angebote - Urlaub &amp; Reisen","isPartOf":{"@id":"https:\/\/www.urlaubcornwall.de\/blog\/#website"},"datePublished":"2021-11-10T16:03:50+00:00","dateModified":"2022-11-23T11:36:42+00:00","description":"Direktfl\u00fcge von Deutschland - Ihr Spezialist f\u00fcr Reisen auf die Kanalinseln! Entdecken Sie das einzigartige Paradies im Atlantik","breadcrumb":{"@id":"https:\/\/www.urlaubcornwall.de\/blog\/kanalinseln-reisen\/#breadcrumb"},"inLanguage":"en-US","potentialAction":[{"@type":"ReadAction","target":["https:\/\/www.urlaubcornwall.de\/blog\/kanalinseln-reisen\/"]}]},{"@type":"BreadcrumbList","@id":"https:\/\/www.urlaubcornwall.de\/blog\/kanalinseln-reisen\/#breadcrumb","itemListElement":[{"@type":"ListItem","position":1,"name":"Home","item":"https:\/\/www.urlaubcornwall.de\/blog\/"},{"@type":"ListItem","position":2,"name":"Kanalinseln Reisen &#8211; Highlights &#038; Angebote"}]}]}},"_links":{"self":[{"href":"https:\/\/www.urlaubcornwall.de\/blog\/wp-json\/wp\/v2\/pages\/43893"}],"collection":[{"href":"https:\/\/www.urlaubcornwall.de\/blog\/wp-json\/wp\/v2\/pages"}],"about":[{"href":"https:\/\/www.urlaubcornwall.de\/blog\/wp-json\/wp\/v2\/types\/page"}],"author":[{"embeddable":true,"href":"https:\/\/www.urlaubcornwall.de\/blog\/wp-json\/wp\/v2\/users\/1"}],"replies":[{"embeddable":true,"href":"https:\/\/www.urlaubcornwall.de\/blog\/wp-json\/wp\/v2\/comments?post=43893"}],"version-history":[{"count":5,"href":"https:\/\/www.urlaubcornwall.de\/blog\/wp-json\/wp\/v2\/pages\/43893\/revisions"}],"predecessor-version":[{"id":45362,"href":"https:\/\/www.urlaubcornwall.de\/blog\/wp-json\/wp\/v2\/pages\/43893\/revisions\/45362"}],"wp:attachment":[{"href":"https:\/\/www.urlaubcornwall.de\/blog\/wp-json\/wp\/v2\/media?parent=43893"}],"curies":[{"name":"wp","href":"https:\/\/api.w.org\/{rel}","templated":true}]}}