{"id":43883,"date":"2021-11-10T14:11:49","date_gmt":"2021-11-10T14:11:49","guid":{"rendered":"https:\/\/www.urlaubcornwall.de\/blog\/?page_id=43883"},"modified":"2022-11-23T12:19:03","modified_gmt":"2022-11-23T12:19:03","slug":"golfurlaub-auf-den-kanalinseln-golfclubs-golfplaetze","status":"publish","type":"page","link":"https:\/\/www.urlaubcornwall.de\/blog\/golfurlaub-auf-den-kanalinseln-golfclubs-golfplaetze\/","title":{"rendered":"Golfurlaub auf den Kanalinseln &#8211; Golfclubs &#038; Golfpl\u00e4tze"},"content":{"rendered":"<p>Golfspieler haben die Qual der Wahl mit einer Auswahl an 6 Golfpl\u00e4tzen. Es gibt drei 18-Loch Meisterschaftspl\u00e4tze, La Moye Golf Club, The Royal Jersey Golf Club und Les Mielles Golf and Country Club. Au\u00dferdem gibt es kleinere 9-Loch-Pl\u00e4tze, allesamt mit fantastischem Blick und Spielbedingungen.<\/p>\n<p><strong>Entdecken Sie das einzigartige Paradies im Atlantik<\/strong><\/p>\n<p>Die <a href=\"https:\/\/www.urlaubcornwall.de\/reiseziel\/kanalinseln\/\">Kanalinseln<\/a> (Channel Islands) liegen 22,5km vor der franz\u00f6sischen K\u00fcste. Sie befinden sich n\u00e4her an Frankreich als an Britannien und waren doch niemals in franz\u00f6sischem Besitz. Die Kanalinseln umfassen Jersey, Guernsey, Alderney, Sark und Herm, wobei jede Insel ihren eigenen einzigartigen Charakter hat, und sie bieten w\u00e4hrend eines Urlaubs hier eine Menge zu sehen und zu tun.<\/p>\n<p>Bequeme Fl\u00fcge ohne Umstieg mit kurzen Flugzeiten.<\/p>\n<p>Goldene Sandstr\u00e4nde, spektakul\u00e4re Steilk\u00fcsten und vertr\u00e4umte Fischerd\u00f6rfer mit dem Rad erkunden.<\/p>\n<p>Beste Hotelauswahl in guter Lage<\/p>\n","protected":false},"excerpt":{"rendered":"<p>Golfspieler haben die Qual der Wahl mit einer Auswahl an 6 Golfpl\u00e4tzen. Es gibt drei 18-Loch Meisterschaftspl\u00e4tze, La Moye Golf Club, The Royal Jersey Golf Club und Les Mielles Golf and Country Club. Au\u00dferdem gibt es kleinere 9-Loch-Pl\u00e4tze, allesamt mit fantastischem Blick und Spielbedingungen. Entdecken Sie das einzigartige Paradies im Atlantik Die Kanalinseln (Channel Islands) [&hellip;]<\/p>\n","protected":false},"author":1,"featured_media":0,"parent":0,"menu_order":0,"comment_status":"closed","ping_status":"closed","template":"page-products.php","meta":[],"acf":[],"yoast_head":"<!-- This site is optimized with the Yoast SEO plugin v19.4 - https:\/\/yoast.com\/wordpress\/plugins\/seo\/ -->\n<title>Golfurlaub auf den Kanalinseln - Golfclubs &amp; Golfpl\u00e4tze - Urlaub &amp; Reisen<\/title>\n<meta name=\"description\" content=\"Golfspieler haben die Qual der Wahl mit einer Auswahl an 6 Golfpl\u00e4tzen. Es gibt drei 18-Loch Meisterschaftspl\u00e4tze, La Moye Golf Club\" \/>\n<meta name=\"robots\" content=\"index, follow, max-snippet:-1, max-image-preview:large, max-video-preview:-1\" \/>\n<link rel=\"canonical\" href=\"https:\/\/www.urlaubcornwall.de\/blog\/golfurlaub-auf-den-kanalinseln-golfclubs-golfplaetze\/\" \/>\n<meta property=\"og:locale\" content=\"en_US\" \/>\n<meta property=\"og:type\" content=\"article\" \/>\n<meta property=\"og:title\" content=\"Golfurlaub auf den Kanalinseln - Golfclubs &amp; Golfpl\u00e4tze - Urlaub &amp; Reisen\" \/>\n<meta property=\"og:description\" content=\"Golfspieler haben die Qual der Wahl mit einer Auswahl an 6 Golfpl\u00e4tzen. Es gibt drei 18-Loch Meisterschaftspl\u00e4tze, La Moye Golf Club\" \/>\n<meta property=\"og:url\" content=\"https:\/\/www.urlaubcornwall.de\/blog\/golfurlaub-auf-den-kanalinseln-golfclubs-golfplaetze\/\" \/>\n<meta property=\"og:site_name\" content=\"Urlaub &amp; Reisen\" \/>\n<meta property=\"article:modified_time\" content=\"2022-11-23T12:19:03+00:00\" \/>\n<meta name=\"twitter:card\" content=\"summary\" \/>\n<meta name=\"twitter:label1\" content=\"Est. reading time\" \/>\n\t<meta name=\"twitter:data1\" content=\"1 minute\" \/>\n<script type=\"application\/ld+json\" class=\"yoast-schema-graph\">{\"@context\":\"https:\/\/schema.org\",\"@graph\":[{\"@type\":\"WebSite\",\"@id\":\"https:\/\/www.urlaubcornwall.de\/blog\/#website\",\"url\":\"https:\/\/www.urlaubcornwall.de\/blog\/\",\"name\":\"Urlaub &amp; Reisen\",\"description\":\"Urlaub, Reisen, Cornwall und S\u00fcdengland: eine perfekte Kombination\",\"potentialAction\":[{\"@type\":\"SearchAction\",\"target\":{\"@type\":\"EntryPoint\",\"urlTemplate\":\"https:\/\/www.urlaubcornwall.de\/blog\/?s={search_term_string}\"},\"query-input\":\"required name=search_term_string\"}],\"inLanguage\":\"en-US\"},{\"@type\":\"WebPage\",\"@id\":\"https:\/\/www.urlaubcornwall.de\/blog\/golfurlaub-auf-den-kanalinseln-golfclubs-golfplaetze\/\",\"url\":\"https:\/\/www.urlaubcornwall.de\/blog\/golfurlaub-auf-den-kanalinseln-golfclubs-golfplaetze\/\",\"name\":\"Golfurlaub auf den Kanalinseln - Golfclubs & Golfpl\u00e4tze - Urlaub &amp; Reisen\",\"isPartOf\":{\"@id\":\"https:\/\/www.urlaubcornwall.de\/blog\/#website\"},\"datePublished\":\"2021-11-10T14:11:49+00:00\",\"dateModified\":\"2022-11-23T12:19:03+00:00\",\"description\":\"Golfspieler haben die Qual der Wahl mit einer Auswahl an 6 Golfpl\u00e4tzen. Es gibt drei 18-Loch Meisterschaftspl\u00e4tze, La Moye Golf Club\",\"breadcrumb\":{\"@id\":\"https:\/\/www.urlaubcornwall.de\/blog\/golfurlaub-auf-den-kanalinseln-golfclubs-golfplaetze\/#breadcrumb\"},\"inLanguage\":\"en-US\",\"potentialAction\":[{\"@type\":\"ReadAction\",\"target\":[\"https:\/\/www.urlaubcornwall.de\/blog\/golfurlaub-auf-den-kanalinseln-golfclubs-golfplaetze\/\"]}]},{\"@type\":\"BreadcrumbList\",\"@id\":\"https:\/\/www.urlaubcornwall.de\/blog\/golfurlaub-auf-den-kanalinseln-golfclubs-golfplaetze\/#breadcrumb\",\"itemListElement\":[{\"@type\":\"ListItem\",\"position\":1,\"name\":\"Home\",\"item\":\"https:\/\/www.urlaubcornwall.de\/blog\/\"},{\"@type\":\"ListItem\",\"position\":2,\"name\":\"Golfurlaub auf den Kanalinseln &#8211; Golfclubs &#038; Golfpl\u00e4tze\"}]}]}<\/script>\n<!-- \/ Yoast SEO plugin. -->","yoast_head_json":{"title":"Golfurlaub auf den Kanalinseln - Golfclubs & Golfpl\u00e4tze - Urlaub &amp; Reisen","description":"Golfspieler haben die Qual der Wahl mit einer Auswahl an 6 Golfpl\u00e4tzen. Es gibt drei 18-Loch Meisterschaftspl\u00e4tze, La Moye Golf Club","robots":{"index":"index","follow":"follow","max-snippet":"max-snippet:-1","max-image-preview":"max-image-preview:large","max-video-preview":"max-video-preview:-1"},"canonical":"https:\/\/www.urlaubcornwall.de\/blog\/golfurlaub-auf-den-kanalinseln-golfclubs-golfplaetze\/","og_locale":"en_US","og_type":"article","og_title":"Golfurlaub auf den Kanalinseln - Golfclubs & Golfpl\u00e4tze - Urlaub &amp; Reisen","og_description":"Golfspieler haben die Qual der Wahl mit einer Auswahl an 6 Golfpl\u00e4tzen. Es gibt drei 18-Loch Meisterschaftspl\u00e4tze, La Moye Golf Club","og_url":"https:\/\/www.urlaubcornwall.de\/blog\/golfurlaub-auf-den-kanalinseln-golfclubs-golfplaetze\/","og_site_name":"Urlaub &amp; Reisen","article_modified_time":"2022-11-23T12:19:03+00:00","twitter_card":"summary","twitter_misc":{"Est. reading time":"1 minute"},"schema":{"@context":"https:\/\/schema.org","@graph":[{"@type":"WebSite","@id":"https:\/\/www.urlaubcornwall.de\/blog\/#website","url":"https:\/\/www.urlaubcornwall.de\/blog\/","name":"Urlaub &amp; Reisen","description":"Urlaub, Reisen, Cornwall und S\u00fcdengland: eine perfekte Kombination","potentialAction":[{"@type":"SearchAction","target":{"@type":"EntryPoint","urlTemplate":"https:\/\/www.urlaubcornwall.de\/blog\/?s={search_term_string}"},"query-input":"required name=search_term_string"}],"inLanguage":"en-US"},{"@type":"WebPage","@id":"https:\/\/www.urlaubcornwall.de\/blog\/golfurlaub-auf-den-kanalinseln-golfclubs-golfplaetze\/","url":"https:\/\/www.urlaubcornwall.de\/blog\/golfurlaub-auf-den-kanalinseln-golfclubs-golfplaetze\/","name":"Golfurlaub auf den Kanalinseln - Golfclubs & Golfpl\u00e4tze - Urlaub &amp; Reisen","isPartOf":{"@id":"https:\/\/www.urlaubcornwall.de\/blog\/#website"},"datePublished":"2021-11-10T14:11:49+00:00","dateModified":"2022-11-23T12:19:03+00:00","description":"Golfspieler haben die Qual der Wahl mit einer Auswahl an 6 Golfpl\u00e4tzen. Es gibt drei 18-Loch Meisterschaftspl\u00e4tze, La Moye Golf Club","breadcrumb":{"@id":"https:\/\/www.urlaubcornwall.de\/blog\/golfurlaub-auf-den-kanalinseln-golfclubs-golfplaetze\/#breadcrumb"},"inLanguage":"en-US","potentialAction":[{"@type":"ReadAction","target":["https:\/\/www.urlaubcornwall.de\/blog\/golfurlaub-auf-den-kanalinseln-golfclubs-golfplaetze\/"]}]},{"@type":"BreadcrumbList","@id":"https:\/\/www.urlaubcornwall.de\/blog\/golfurlaub-auf-den-kanalinseln-golfclubs-golfplaetze\/#breadcrumb","itemListElement":[{"@type":"ListItem","position":1,"name":"Home","item":"https:\/\/www.urlaubcornwall.de\/blog\/"},{"@type":"ListItem","position":2,"name":"Golfurlaub auf den Kanalinseln &#8211; Golfclubs &#038; Golfpl\u00e4tze"}]}]}},"_links":{"self":[{"href":"https:\/\/www.urlaubcornwall.de\/blog\/wp-json\/wp\/v2\/pages\/43883"}],"collection":[{"href":"https:\/\/www.urlaubcornwall.de\/blog\/wp-json\/wp\/v2\/pages"}],"about":[{"href":"https:\/\/www.urlaubcornwall.de\/blog\/wp-json\/wp\/v2\/types\/page"}],"author":[{"embeddable":true,"href":"https:\/\/www.urlaubcornwall.de\/blog\/wp-json\/wp\/v2\/users\/1"}],"replies":[{"embeddable":true,"href":"https:\/\/www.urlaubcornwall.de\/blog\/wp-json\/wp\/v2\/comments?post=43883"}],"version-history":[{"count":5,"href":"https:\/\/www.urlaubcornwall.de\/blog\/wp-json\/wp\/v2\/pages\/43883\/revisions"}],"predecessor-version":[{"id":45388,"href":"https:\/\/www.urlaubcornwall.de\/blog\/wp-json\/wp\/v2\/pages\/43883\/revisions\/45388"}],"wp:attachment":[{"href":"https:\/\/www.urlaubcornwall.de\/blog\/wp-json\/wp\/v2\/media?parent=43883"}],"curies":[{"name":"wp","href":"https:\/\/api.w.org\/{rel}","templated":true}]}}