{"id":43751,"date":"2021-11-05T14:08:01","date_gmt":"2021-11-05T14:08:01","guid":{"rendered":"https:\/\/www.urlaubcornwall.de\/blog\/?page_id=43751"},"modified":"2024-04-30T15:44:50","modified_gmt":"2024-04-30T15:44:50","slug":"urlaub-pevensey-nahe-eastbourne","status":"publish","type":"page","link":"https:\/\/www.urlaubcornwall.de\/blog\/urlaub-pevensey-nahe-eastbourne\/","title":{"rendered":"Urlaub Pevensey nahe Eastbourne"},"content":{"rendered":"<p><img loading=\"lazy\" class=\"aligncenter size-full wp-image-24731\" src=\"https:\/\/www.urlaubcornwall.de\/blog\/wp-content\/uploads\/2016\/07\/pevensey.jpg\" alt=\"Pevensey Bay, Eastbourne\" width=\"748\" height=\"422\"\/><\/p>\n<p><a href=\"https:\/\/www.urlaubcornwall.de\/ferienhaeuser-fewos\/eng\/sussex\/pevensey-bay-am-meer.html\">Pevensey Bay<\/a> befindet sich ungef\u00e4hr 8km \u00f6stlich von Eastbourne; hier and diesem Kieselstrand landete im Jahre 1066 Wilhelm der Eroberer vor der Schlacht von Hastings. Im 12. Jahrhundert war es ein gesch\u00e4ftiger Hafen, doch das Land ist dem Meer zur\u00fcckgewichen, so dass das Dorf Pevensey ungef\u00e4hr 1,6km vom Strand entfernt ist. Dieser ruhige Strand ist ein guter Ort, um die K\u00fcste entlang zu blicken und \u00fcber den Kanal hin\u00fcber. <\/p>\n<p style=\"text-align: center;\"><a class=\"tidycta\" href=\"https:\/\/www.urlaubcornwall.de\/ferienhaeuser-fewos\/eng\/sussex\/pevensey-bay-am-meer.html\">Suche Ferienh\u00e4user<\/a><\/p>\n<div class=\"snippet\"> <a class=\"featured-item\" href=\"https:\/\/www.urlaubcornwall.de\/ferienhaeuser-fewos\/eng\/sussex\/sussex-am-meer.html\"> <span class=\"image-holder\" style=\"background-image: url(' https:\/\/www.urlaubcornwall.de\/blog\/wp-content\/uploads\/2024\/03\/ferienhaus-england-cornwall.jpg ');\"><\/span> <span class=\"featured-content\"> \n<h2 class=\"featured-title\">Ferienh\u00e4user in Sussex zum Verlieben!<\/h2>\n<p class=\"featured-body\">Die K\u00fcste von Sussex beinhaltet hervorragenden Blick, wie zu den Seven Sisters hin und klassische Urlaubsorte am Meer wie Eastbourne, Worthing und Bognor Regis&#8230;..<\/p><\/span> <span class=\"featured-link-holder\"> <span class=\"featured-extra-info\"> \n<p>F\u00fcr Paare, Familien &#038; Gruppen<\/p>\n<\/span> \n<p class=\"featured-link\">DETAILS<\/p>\n<\/span> <\/a><\/div>\n<p><a href=\"https:\/\/www.urlaubcornwall.de\/blog\/wunderschoene-straende-in-sussex-urlaub-am-meer-suedengalnd\/\">Die sch\u00f6nsten Str\u00e4nde in Sussex &#8211; Urlaub am Meer S\u00fcdengland<\/a><\/p>\n","protected":false},"excerpt":{"rendered":"<p>Pevensey Bay befindet sich ungef\u00e4hr 8km \u00f6stlich von Eastbourne; hier and diesem Kieselstrand landete im Jahre 1066 Wilhelm der Eroberer vor der Schlacht von Hastings. Im 12. Jahrhundert war es ein gesch\u00e4ftiger Hafen, doch das Land ist dem Meer zur\u00fcckgewichen, so dass das Dorf Pevensey ungef\u00e4hr 1,6km vom Strand entfernt ist. Dieser ruhige Strand ist [&hellip;]<\/p>\n","protected":false},"author":1,"featured_media":0,"parent":0,"menu_order":0,"comment_status":"closed","ping_status":"closed","template":"single-four.php","meta":[],"acf":[],"yoast_head":"<!-- This site is optimized with the Yoast SEO plugin v19.4 - https:\/\/yoast.com\/wordpress\/plugins\/seo\/ -->\n<title>Urlaub Pevensey nahe Eastbourne - Urlaub &amp; Reisen<\/title>\n<meta name=\"description\" content=\"Pevensey Bay befindet sich ungef\u00e4hr 8km \u00f6stlich von Eastbourne; hier and diesem Kieselstrand landete im Jahre 1066 Wilhelm der Eroberer\" \/>\n<meta name=\"robots\" content=\"index, follow, max-snippet:-1, max-image-preview:large, max-video-preview:-1\" \/>\n<link rel=\"canonical\" href=\"https:\/\/www.urlaubcornwall.de\/blog\/urlaub-pevensey-nahe-eastbourne\/\" \/>\n<meta property=\"og:locale\" content=\"en_US\" \/>\n<meta property=\"og:type\" content=\"article\" \/>\n<meta property=\"og:title\" content=\"Urlaub Pevensey nahe Eastbourne - Urlaub &amp; Reisen\" \/>\n<meta property=\"og:description\" content=\"Pevensey Bay befindet sich ungef\u00e4hr 8km \u00f6stlich von Eastbourne; hier and diesem Kieselstrand landete im Jahre 1066 Wilhelm der Eroberer\" \/>\n<meta property=\"og:url\" content=\"https:\/\/www.urlaubcornwall.de\/blog\/urlaub-pevensey-nahe-eastbourne\/\" \/>\n<meta property=\"og:site_name\" content=\"Urlaub &amp; Reisen\" \/>\n<meta property=\"article:modified_time\" content=\"2024-04-30T15:44:50+00:00\" \/>\n<meta property=\"og:image\" content=\"https:\/\/www.urlaubcornwall.de\/blog\/wp-content\/uploads\/2016\/07\/pevensey.jpg\" \/>\n<meta name=\"twitter:card\" content=\"summary\" \/>\n<meta name=\"twitter:label1\" content=\"Est. reading time\" \/>\n\t<meta name=\"twitter:data1\" content=\"1 minute\" \/>\n<script type=\"application\/ld+json\" class=\"yoast-schema-graph\">{\"@context\":\"https:\/\/schema.org\",\"@graph\":[{\"@type\":\"WebSite\",\"@id\":\"https:\/\/www.urlaubcornwall.de\/blog\/#website\",\"url\":\"https:\/\/www.urlaubcornwall.de\/blog\/\",\"name\":\"Urlaub &amp; Reisen\",\"description\":\"Urlaub, Reisen, Cornwall und S\u00fcdengland: eine perfekte Kombination\",\"potentialAction\":[{\"@type\":\"SearchAction\",\"target\":{\"@type\":\"EntryPoint\",\"urlTemplate\":\"https:\/\/www.urlaubcornwall.de\/blog\/?s={search_term_string}\"},\"query-input\":\"required name=search_term_string\"}],\"inLanguage\":\"en-US\"},{\"@type\":\"WebPage\",\"@id\":\"https:\/\/www.urlaubcornwall.de\/blog\/urlaub-pevensey-nahe-eastbourne\/\",\"url\":\"https:\/\/www.urlaubcornwall.de\/blog\/urlaub-pevensey-nahe-eastbourne\/\",\"name\":\"Urlaub Pevensey nahe Eastbourne - Urlaub &amp; Reisen\",\"isPartOf\":{\"@id\":\"https:\/\/www.urlaubcornwall.de\/blog\/#website\"},\"datePublished\":\"2021-11-05T14:08:01+00:00\",\"dateModified\":\"2024-04-30T15:44:50+00:00\",\"description\":\"Pevensey Bay befindet sich ungef\u00e4hr 8km \u00f6stlich von Eastbourne; hier and diesem Kieselstrand landete im Jahre 1066 Wilhelm der Eroberer\",\"breadcrumb\":{\"@id\":\"https:\/\/www.urlaubcornwall.de\/blog\/urlaub-pevensey-nahe-eastbourne\/#breadcrumb\"},\"inLanguage\":\"en-US\",\"potentialAction\":[{\"@type\":\"ReadAction\",\"target\":[\"https:\/\/www.urlaubcornwall.de\/blog\/urlaub-pevensey-nahe-eastbourne\/\"]}]},{\"@type\":\"BreadcrumbList\",\"@id\":\"https:\/\/www.urlaubcornwall.de\/blog\/urlaub-pevensey-nahe-eastbourne\/#breadcrumb\",\"itemListElement\":[{\"@type\":\"ListItem\",\"position\":1,\"name\":\"Home\",\"item\":\"https:\/\/www.urlaubcornwall.de\/blog\/\"},{\"@type\":\"ListItem\",\"position\":2,\"name\":\"Urlaub Pevensey nahe Eastbourne\"}]}]}<\/script>\n<!-- \/ Yoast SEO plugin. -->","yoast_head_json":{"title":"Urlaub Pevensey nahe Eastbourne - Urlaub &amp; Reisen","description":"Pevensey Bay befindet sich ungef\u00e4hr 8km \u00f6stlich von Eastbourne; hier and diesem Kieselstrand landete im Jahre 1066 Wilhelm der Eroberer","robots":{"index":"index","follow":"follow","max-snippet":"max-snippet:-1","max-image-preview":"max-image-preview:large","max-video-preview":"max-video-preview:-1"},"canonical":"https:\/\/www.urlaubcornwall.de\/blog\/urlaub-pevensey-nahe-eastbourne\/","og_locale":"en_US","og_type":"article","og_title":"Urlaub Pevensey nahe Eastbourne - Urlaub &amp; Reisen","og_description":"Pevensey Bay befindet sich ungef\u00e4hr 8km \u00f6stlich von Eastbourne; hier and diesem Kieselstrand landete im Jahre 1066 Wilhelm der Eroberer","og_url":"https:\/\/www.urlaubcornwall.de\/blog\/urlaub-pevensey-nahe-eastbourne\/","og_site_name":"Urlaub &amp; Reisen","article_modified_time":"2024-04-30T15:44:50+00:00","og_image":[{"url":"https:\/\/www.urlaubcornwall.de\/blog\/wp-content\/uploads\/2016\/07\/pevensey.jpg"}],"twitter_card":"summary","twitter_misc":{"Est. reading time":"1 minute"},"schema":{"@context":"https:\/\/schema.org","@graph":[{"@type":"WebSite","@id":"https:\/\/www.urlaubcornwall.de\/blog\/#website","url":"https:\/\/www.urlaubcornwall.de\/blog\/","name":"Urlaub &amp; Reisen","description":"Urlaub, Reisen, Cornwall und S\u00fcdengland: eine perfekte Kombination","potentialAction":[{"@type":"SearchAction","target":{"@type":"EntryPoint","urlTemplate":"https:\/\/www.urlaubcornwall.de\/blog\/?s={search_term_string}"},"query-input":"required name=search_term_string"}],"inLanguage":"en-US"},{"@type":"WebPage","@id":"https:\/\/www.urlaubcornwall.de\/blog\/urlaub-pevensey-nahe-eastbourne\/","url":"https:\/\/www.urlaubcornwall.de\/blog\/urlaub-pevensey-nahe-eastbourne\/","name":"Urlaub Pevensey nahe Eastbourne - Urlaub &amp; Reisen","isPartOf":{"@id":"https:\/\/www.urlaubcornwall.de\/blog\/#website"},"datePublished":"2021-11-05T14:08:01+00:00","dateModified":"2024-04-30T15:44:50+00:00","description":"Pevensey Bay befindet sich ungef\u00e4hr 8km \u00f6stlich von Eastbourne; hier and diesem Kieselstrand landete im Jahre 1066 Wilhelm der Eroberer","breadcrumb":{"@id":"https:\/\/www.urlaubcornwall.de\/blog\/urlaub-pevensey-nahe-eastbourne\/#breadcrumb"},"inLanguage":"en-US","potentialAction":[{"@type":"ReadAction","target":["https:\/\/www.urlaubcornwall.de\/blog\/urlaub-pevensey-nahe-eastbourne\/"]}]},{"@type":"BreadcrumbList","@id":"https:\/\/www.urlaubcornwall.de\/blog\/urlaub-pevensey-nahe-eastbourne\/#breadcrumb","itemListElement":[{"@type":"ListItem","position":1,"name":"Home","item":"https:\/\/www.urlaubcornwall.de\/blog\/"},{"@type":"ListItem","position":2,"name":"Urlaub Pevensey nahe Eastbourne"}]}]}},"_links":{"self":[{"href":"https:\/\/www.urlaubcornwall.de\/blog\/wp-json\/wp\/v2\/pages\/43751"}],"collection":[{"href":"https:\/\/www.urlaubcornwall.de\/blog\/wp-json\/wp\/v2\/pages"}],"about":[{"href":"https:\/\/www.urlaubcornwall.de\/blog\/wp-json\/wp\/v2\/types\/page"}],"author":[{"embeddable":true,"href":"https:\/\/www.urlaubcornwall.de\/blog\/wp-json\/wp\/v2\/users\/1"}],"replies":[{"embeddable":true,"href":"https:\/\/www.urlaubcornwall.de\/blog\/wp-json\/wp\/v2\/comments?post=43751"}],"version-history":[{"count":3,"href":"https:\/\/www.urlaubcornwall.de\/blog\/wp-json\/wp\/v2\/pages\/43751\/revisions"}],"predecessor-version":[{"id":49999,"href":"https:\/\/www.urlaubcornwall.de\/blog\/wp-json\/wp\/v2\/pages\/43751\/revisions\/49999"}],"wp:attachment":[{"href":"https:\/\/www.urlaubcornwall.de\/blog\/wp-json\/wp\/v2\/media?parent=43751"}],"curies":[{"name":"wp","href":"https:\/\/api.w.org\/{rel}","templated":true}]}}