{"id":43565,"date":"2021-10-29T10:48:34","date_gmt":"2021-10-29T10:48:34","guid":{"rendered":"https:\/\/www.urlaubcornwall.de\/blog\/?page_id=43565"},"modified":"2024-08-22T08:45:48","modified_gmt":"2024-08-22T08:45:48","slug":"kanalinseln-hidden-paradise","status":"publish","type":"page","link":"https:\/\/www.urlaubcornwall.de\/blog\/kanalinseln-hidden-paradise\/","title":{"rendered":"Kanalinseln Hidden Paradise"},"content":{"rendered":"<p><strong>Urlaub auf Jersey \u2013 8 Tage<\/strong><\/p>\n<p>Gestalten Sie Ihren Traumurlaub auf den Kanalinseln nach eigenen W\u00fcnschen! Das Grundpaket unserer 8-t\u00e4gigen Jersey Reise beinhaltet die Flughafentransfers, einen Stadtrundgang und eine Fahrradmiete &#8211; ideale Voraussetzungen f\u00fcr einen entspannten Inselurlaub. Wenn Sie dann doch etwas mehr Programm w\u00fcnschen, so finden Sie unten stehend viele tolle Ausflugsm\u00f6glichkeiten, die wir gerne zum Grundpaket hinzuf\u00fcgen. <\/p>\n<p><strong>t\u00e4glich m\u00f6glich!<\/strong><\/p>\n<p><strong>Alle Preise auf Anfrage!<\/strong><\/p>\n","protected":false},"excerpt":{"rendered":"<p>Urlaub auf Jersey \u2013 8 Tage Gestalten Sie Ihren Traumurlaub auf den Kanalinseln nach eigenen W\u00fcnschen! Das Grundpaket unserer 8-t\u00e4gigen Jersey Reise beinhaltet die Flughafentransfers, einen Stadtrundgang und eine Fahrradmiete &#8211; ideale Voraussetzungen f\u00fcr einen entspannten Inselurlaub. Wenn Sie dann doch etwas mehr Programm w\u00fcnschen, so finden Sie unten stehend viele tolle Ausflugsm\u00f6glichkeiten, die wir [&hellip;]<\/p>\n","protected":false},"author":1,"featured_media":0,"parent":0,"menu_order":0,"comment_status":"closed","ping_status":"closed","template":"page-products.php","meta":[],"acf":[],"yoast_head":"<!-- This site is optimized with the Yoast SEO plugin v19.4 - https:\/\/yoast.com\/wordpress\/plugins\/seo\/ -->\n<title>Kanalinseln Hidden Paradise - Urlaub &amp; Reisen<\/title>\n<meta name=\"robots\" content=\"index, follow, max-snippet:-1, max-image-preview:large, max-video-preview:-1\" \/>\n<link rel=\"canonical\" href=\"https:\/\/www.urlaubcornwall.de\/blog\/kanalinseln-hidden-paradise\/\" \/>\n<meta property=\"og:locale\" content=\"en_US\" \/>\n<meta property=\"og:type\" content=\"article\" \/>\n<meta property=\"og:title\" content=\"Kanalinseln Hidden Paradise - Urlaub &amp; Reisen\" \/>\n<meta property=\"og:description\" content=\"Urlaub auf Jersey \u2013 8 Tage Gestalten Sie Ihren Traumurlaub auf den Kanalinseln nach eigenen W\u00fcnschen! Das Grundpaket unserer 8-t\u00e4gigen Jersey Reise beinhaltet die Flughafentransfers, einen Stadtrundgang und eine Fahrradmiete &#8211; ideale Voraussetzungen f\u00fcr einen entspannten Inselurlaub. Wenn Sie dann doch etwas mehr Programm w\u00fcnschen, so finden Sie unten stehend viele tolle Ausflugsm\u00f6glichkeiten, die wir [&hellip;]\" \/>\n<meta property=\"og:url\" content=\"https:\/\/www.urlaubcornwall.de\/blog\/kanalinseln-hidden-paradise\/\" \/>\n<meta property=\"og:site_name\" content=\"Urlaub &amp; Reisen\" \/>\n<meta property=\"article:modified_time\" content=\"2024-08-22T08:45:48+00:00\" \/>\n<meta name=\"twitter:card\" content=\"summary\" \/>\n<meta name=\"twitter:label1\" content=\"Est. reading time\" \/>\n\t<meta name=\"twitter:data1\" content=\"1 minute\" \/>\n<script type=\"application\/ld+json\" class=\"yoast-schema-graph\">{\"@context\":\"https:\/\/schema.org\",\"@graph\":[{\"@type\":\"WebSite\",\"@id\":\"https:\/\/www.urlaubcornwall.de\/blog\/#website\",\"url\":\"https:\/\/www.urlaubcornwall.de\/blog\/\",\"name\":\"Urlaub &amp; Reisen\",\"description\":\"Urlaub, Reisen, Cornwall und S\u00fcdengland: eine perfekte Kombination\",\"potentialAction\":[{\"@type\":\"SearchAction\",\"target\":{\"@type\":\"EntryPoint\",\"urlTemplate\":\"https:\/\/www.urlaubcornwall.de\/blog\/?s={search_term_string}\"},\"query-input\":\"required name=search_term_string\"}],\"inLanguage\":\"en-US\"},{\"@type\":\"WebPage\",\"@id\":\"https:\/\/www.urlaubcornwall.de\/blog\/kanalinseln-hidden-paradise\/\",\"url\":\"https:\/\/www.urlaubcornwall.de\/blog\/kanalinseln-hidden-paradise\/\",\"name\":\"Kanalinseln Hidden Paradise - Urlaub &amp; Reisen\",\"isPartOf\":{\"@id\":\"https:\/\/www.urlaubcornwall.de\/blog\/#website\"},\"datePublished\":\"2021-10-29T10:48:34+00:00\",\"dateModified\":\"2024-08-22T08:45:48+00:00\",\"breadcrumb\":{\"@id\":\"https:\/\/www.urlaubcornwall.de\/blog\/kanalinseln-hidden-paradise\/#breadcrumb\"},\"inLanguage\":\"en-US\",\"potentialAction\":[{\"@type\":\"ReadAction\",\"target\":[\"https:\/\/www.urlaubcornwall.de\/blog\/kanalinseln-hidden-paradise\/\"]}]},{\"@type\":\"BreadcrumbList\",\"@id\":\"https:\/\/www.urlaubcornwall.de\/blog\/kanalinseln-hidden-paradise\/#breadcrumb\",\"itemListElement\":[{\"@type\":\"ListItem\",\"position\":1,\"name\":\"Home\",\"item\":\"https:\/\/www.urlaubcornwall.de\/blog\/\"},{\"@type\":\"ListItem\",\"position\":2,\"name\":\"Kanalinseln Hidden Paradise\"}]}]}<\/script>\n<!-- \/ Yoast SEO plugin. -->","yoast_head_json":{"title":"Kanalinseln Hidden Paradise - Urlaub &amp; Reisen","robots":{"index":"index","follow":"follow","max-snippet":"max-snippet:-1","max-image-preview":"max-image-preview:large","max-video-preview":"max-video-preview:-1"},"canonical":"https:\/\/www.urlaubcornwall.de\/blog\/kanalinseln-hidden-paradise\/","og_locale":"en_US","og_type":"article","og_title":"Kanalinseln Hidden Paradise - Urlaub &amp; Reisen","og_description":"Urlaub auf Jersey \u2013 8 Tage Gestalten Sie Ihren Traumurlaub auf den Kanalinseln nach eigenen W\u00fcnschen! Das Grundpaket unserer 8-t\u00e4gigen Jersey Reise beinhaltet die Flughafentransfers, einen Stadtrundgang und eine Fahrradmiete &#8211; ideale Voraussetzungen f\u00fcr einen entspannten Inselurlaub. Wenn Sie dann doch etwas mehr Programm w\u00fcnschen, so finden Sie unten stehend viele tolle Ausflugsm\u00f6glichkeiten, die wir [&hellip;]","og_url":"https:\/\/www.urlaubcornwall.de\/blog\/kanalinseln-hidden-paradise\/","og_site_name":"Urlaub &amp; Reisen","article_modified_time":"2024-08-22T08:45:48+00:00","twitter_card":"summary","twitter_misc":{"Est. reading time":"1 minute"},"schema":{"@context":"https:\/\/schema.org","@graph":[{"@type":"WebSite","@id":"https:\/\/www.urlaubcornwall.de\/blog\/#website","url":"https:\/\/www.urlaubcornwall.de\/blog\/","name":"Urlaub &amp; Reisen","description":"Urlaub, Reisen, Cornwall und S\u00fcdengland: eine perfekte Kombination","potentialAction":[{"@type":"SearchAction","target":{"@type":"EntryPoint","urlTemplate":"https:\/\/www.urlaubcornwall.de\/blog\/?s={search_term_string}"},"query-input":"required name=search_term_string"}],"inLanguage":"en-US"},{"@type":"WebPage","@id":"https:\/\/www.urlaubcornwall.de\/blog\/kanalinseln-hidden-paradise\/","url":"https:\/\/www.urlaubcornwall.de\/blog\/kanalinseln-hidden-paradise\/","name":"Kanalinseln Hidden Paradise - Urlaub &amp; Reisen","isPartOf":{"@id":"https:\/\/www.urlaubcornwall.de\/blog\/#website"},"datePublished":"2021-10-29T10:48:34+00:00","dateModified":"2024-08-22T08:45:48+00:00","breadcrumb":{"@id":"https:\/\/www.urlaubcornwall.de\/blog\/kanalinseln-hidden-paradise\/#breadcrumb"},"inLanguage":"en-US","potentialAction":[{"@type":"ReadAction","target":["https:\/\/www.urlaubcornwall.de\/blog\/kanalinseln-hidden-paradise\/"]}]},{"@type":"BreadcrumbList","@id":"https:\/\/www.urlaubcornwall.de\/blog\/kanalinseln-hidden-paradise\/#breadcrumb","itemListElement":[{"@type":"ListItem","position":1,"name":"Home","item":"https:\/\/www.urlaubcornwall.de\/blog\/"},{"@type":"ListItem","position":2,"name":"Kanalinseln Hidden Paradise"}]}]}},"_links":{"self":[{"href":"https:\/\/www.urlaubcornwall.de\/blog\/wp-json\/wp\/v2\/pages\/43565"}],"collection":[{"href":"https:\/\/www.urlaubcornwall.de\/blog\/wp-json\/wp\/v2\/pages"}],"about":[{"href":"https:\/\/www.urlaubcornwall.de\/blog\/wp-json\/wp\/v2\/types\/page"}],"author":[{"embeddable":true,"href":"https:\/\/www.urlaubcornwall.de\/blog\/wp-json\/wp\/v2\/users\/1"}],"replies":[{"embeddable":true,"href":"https:\/\/www.urlaubcornwall.de\/blog\/wp-json\/wp\/v2\/comments?post=43565"}],"version-history":[{"count":35,"href":"https:\/\/www.urlaubcornwall.de\/blog\/wp-json\/wp\/v2\/pages\/43565\/revisions"}],"predecessor-version":[{"id":51520,"href":"https:\/\/www.urlaubcornwall.de\/blog\/wp-json\/wp\/v2\/pages\/43565\/revisions\/51520"}],"wp:attachment":[{"href":"https:\/\/www.urlaubcornwall.de\/blog\/wp-json\/wp\/v2\/media?parent=43565"}],"curies":[{"name":"wp","href":"https:\/\/api.w.org\/{rel}","templated":true}]}}