{"id":43486,"date":"2021-10-24T11:45:54","date_gmt":"2021-10-24T11:45:54","guid":{"rendered":"https:\/\/www.urlaubcornwall.de\/blog\/?page_id=43486"},"modified":"2024-08-22T09:00:06","modified_gmt":"2024-08-22T09:00:06","slug":"kanalinseln-channel-islandhopping","status":"publish","type":"page","link":"https:\/\/www.urlaubcornwall.de\/blog\/kanalinseln-channel-islandhopping\/","title":{"rendered":"Kanalinseln Channel Island-Hopping"},"content":{"rendered":"<p><strong>Inselh\u00fcpfen 8 Tage Guernsey und Jersey<\/strong><\/p>\n<p>W\u00e4hrend unseres 8-t\u00e4gigen &#8220;Inselh\u00fcpfen&#8221; Pakets m\u00fcssen Sie sich nicht f\u00fcr eine Kanalinsel entscheiden, Sie haben die M\u00f6glichkeit vier Inseln in nur einer Woche zu entdecken. Obwohl alle Kanalinseln in ihrer Geschichte und Kultur miteinander verbunden sind, so hat jede Insel ihren ganz einen Charme. Auf Guernsey findet man die sch\u00f6nsten Sandstr\u00e4nde und imposante Steilklippen und Jersey bietet viele verschiedene Aktivit\u00e4ten zum Entdecken, zum Erleben und zum Aufatmen. Auf den autofreien Inseln Sark und Herm scheint die Zeit stehen geblieben zu sein. Eine Kombination, die einen abwechslungsreichen Urlaub garantiert!<\/p>\n<p><strong>t\u00e4glich m\u00f6glich!<\/strong><\/p>\n<p><strong>Preise 2024 &#8211; ab 995,- \u20ac pro Person im Doppelzimmer<\/strong><\/p>\n","protected":false},"excerpt":{"rendered":"<p>Inselh\u00fcpfen 8 Tage Guernsey und Jersey W\u00e4hrend unseres 8-t\u00e4gigen &#8220;Inselh\u00fcpfen&#8221; Pakets m\u00fcssen Sie sich nicht f\u00fcr eine Kanalinsel entscheiden, Sie haben die M\u00f6glichkeit vier Inseln in nur einer Woche zu entdecken. Obwohl alle Kanalinseln in ihrer Geschichte und Kultur miteinander verbunden sind, so hat jede Insel ihren ganz einen Charme. Auf Guernsey findet man die [&hellip;]<\/p>\n","protected":false},"author":1,"featured_media":0,"parent":0,"menu_order":0,"comment_status":"closed","ping_status":"closed","template":"page-products.php","meta":{"_bos_mb_destination":[""]},"acf":[],"yoast_head":"<!-- This site is optimized with the Yoast SEO plugin v19.4 - https:\/\/yoast.com\/wordpress\/plugins\/seo\/ -->\n<title>Kanalinseln Channel Island-Hopping - Urlaub &amp; Reisen<\/title>\n<meta name=\"description\" content=\"Insel-Hopping ist von Haus aus eine der sch\u00f6nsten \u201eSportarten\u201c f\u00fcr Entdeckertypen. Aber dieses Erlebnis kann noch gesteigert werden\" \/>\n<meta name=\"robots\" content=\"index, follow, max-snippet:-1, max-image-preview:large, max-video-preview:-1\" \/>\n<link rel=\"canonical\" href=\"https:\/\/www.urlaubcornwall.de\/blog\/kanalinseln-channel-islandhopping\/\" \/>\n<meta property=\"og:locale\" content=\"en_US\" \/>\n<meta property=\"og:type\" content=\"article\" \/>\n<meta property=\"og:title\" content=\"Kanalinseln Channel Island-Hopping - Urlaub &amp; Reisen\" \/>\n<meta property=\"og:description\" content=\"Insel-Hopping ist von Haus aus eine der sch\u00f6nsten \u201eSportarten\u201c f\u00fcr Entdeckertypen. Aber dieses Erlebnis kann noch gesteigert werden\" \/>\n<meta property=\"og:url\" content=\"https:\/\/www.urlaubcornwall.de\/blog\/kanalinseln-channel-islandhopping\/\" \/>\n<meta property=\"og:site_name\" content=\"Urlaub &amp; Reisen\" \/>\n<meta property=\"article:modified_time\" content=\"2024-08-22T09:00:06+00:00\" \/>\n<meta name=\"twitter:card\" content=\"summary\" \/>\n<meta name=\"twitter:label1\" content=\"Est. reading time\" \/>\n\t<meta name=\"twitter:data1\" content=\"1 minute\" \/>\n<script type=\"application\/ld+json\" class=\"yoast-schema-graph\">{\"@context\":\"https:\/\/schema.org\",\"@graph\":[{\"@type\":\"WebSite\",\"@id\":\"https:\/\/www.urlaubcornwall.de\/blog\/#website\",\"url\":\"https:\/\/www.urlaubcornwall.de\/blog\/\",\"name\":\"Urlaub &amp; Reisen\",\"description\":\"Urlaub, Reisen, Cornwall und S\u00fcdengland: eine perfekte Kombination\",\"potentialAction\":[{\"@type\":\"SearchAction\",\"target\":{\"@type\":\"EntryPoint\",\"urlTemplate\":\"https:\/\/www.urlaubcornwall.de\/blog\/?s={search_term_string}\"},\"query-input\":\"required name=search_term_string\"}],\"inLanguage\":\"en-US\"},{\"@type\":\"WebPage\",\"@id\":\"https:\/\/www.urlaubcornwall.de\/blog\/kanalinseln-channel-islandhopping\/\",\"url\":\"https:\/\/www.urlaubcornwall.de\/blog\/kanalinseln-channel-islandhopping\/\",\"name\":\"Kanalinseln Channel Island-Hopping - Urlaub &amp; Reisen\",\"isPartOf\":{\"@id\":\"https:\/\/www.urlaubcornwall.de\/blog\/#website\"},\"datePublished\":\"2021-10-24T11:45:54+00:00\",\"dateModified\":\"2024-08-22T09:00:06+00:00\",\"description\":\"Insel-Hopping ist von Haus aus eine der sch\u00f6nsten \u201eSportarten\u201c f\u00fcr Entdeckertypen. Aber dieses Erlebnis kann noch gesteigert werden\",\"breadcrumb\":{\"@id\":\"https:\/\/www.urlaubcornwall.de\/blog\/kanalinseln-channel-islandhopping\/#breadcrumb\"},\"inLanguage\":\"en-US\",\"potentialAction\":[{\"@type\":\"ReadAction\",\"target\":[\"https:\/\/www.urlaubcornwall.de\/blog\/kanalinseln-channel-islandhopping\/\"]}]},{\"@type\":\"BreadcrumbList\",\"@id\":\"https:\/\/www.urlaubcornwall.de\/blog\/kanalinseln-channel-islandhopping\/#breadcrumb\",\"itemListElement\":[{\"@type\":\"ListItem\",\"position\":1,\"name\":\"Home\",\"item\":\"https:\/\/www.urlaubcornwall.de\/blog\/\"},{\"@type\":\"ListItem\",\"position\":2,\"name\":\"Kanalinseln Channel Island-Hopping\"}]}]}<\/script>\n<!-- \/ Yoast SEO plugin. -->","yoast_head_json":{"title":"Kanalinseln Channel Island-Hopping - Urlaub &amp; Reisen","description":"Insel-Hopping ist von Haus aus eine der sch\u00f6nsten \u201eSportarten\u201c f\u00fcr Entdeckertypen. Aber dieses Erlebnis kann noch gesteigert werden","robots":{"index":"index","follow":"follow","max-snippet":"max-snippet:-1","max-image-preview":"max-image-preview:large","max-video-preview":"max-video-preview:-1"},"canonical":"https:\/\/www.urlaubcornwall.de\/blog\/kanalinseln-channel-islandhopping\/","og_locale":"en_US","og_type":"article","og_title":"Kanalinseln Channel Island-Hopping - Urlaub &amp; Reisen","og_description":"Insel-Hopping ist von Haus aus eine der sch\u00f6nsten \u201eSportarten\u201c f\u00fcr Entdeckertypen. Aber dieses Erlebnis kann noch gesteigert werden","og_url":"https:\/\/www.urlaubcornwall.de\/blog\/kanalinseln-channel-islandhopping\/","og_site_name":"Urlaub &amp; Reisen","article_modified_time":"2024-08-22T09:00:06+00:00","twitter_card":"summary","twitter_misc":{"Est. reading time":"1 minute"},"schema":{"@context":"https:\/\/schema.org","@graph":[{"@type":"WebSite","@id":"https:\/\/www.urlaubcornwall.de\/blog\/#website","url":"https:\/\/www.urlaubcornwall.de\/blog\/","name":"Urlaub &amp; Reisen","description":"Urlaub, Reisen, Cornwall und S\u00fcdengland: eine perfekte Kombination","potentialAction":[{"@type":"SearchAction","target":{"@type":"EntryPoint","urlTemplate":"https:\/\/www.urlaubcornwall.de\/blog\/?s={search_term_string}"},"query-input":"required name=search_term_string"}],"inLanguage":"en-US"},{"@type":"WebPage","@id":"https:\/\/www.urlaubcornwall.de\/blog\/kanalinseln-channel-islandhopping\/","url":"https:\/\/www.urlaubcornwall.de\/blog\/kanalinseln-channel-islandhopping\/","name":"Kanalinseln Channel Island-Hopping - Urlaub &amp; Reisen","isPartOf":{"@id":"https:\/\/www.urlaubcornwall.de\/blog\/#website"},"datePublished":"2021-10-24T11:45:54+00:00","dateModified":"2024-08-22T09:00:06+00:00","description":"Insel-Hopping ist von Haus aus eine der sch\u00f6nsten \u201eSportarten\u201c f\u00fcr Entdeckertypen. Aber dieses Erlebnis kann noch gesteigert werden","breadcrumb":{"@id":"https:\/\/www.urlaubcornwall.de\/blog\/kanalinseln-channel-islandhopping\/#breadcrumb"},"inLanguage":"en-US","potentialAction":[{"@type":"ReadAction","target":["https:\/\/www.urlaubcornwall.de\/blog\/kanalinseln-channel-islandhopping\/"]}]},{"@type":"BreadcrumbList","@id":"https:\/\/www.urlaubcornwall.de\/blog\/kanalinseln-channel-islandhopping\/#breadcrumb","itemListElement":[{"@type":"ListItem","position":1,"name":"Home","item":"https:\/\/www.urlaubcornwall.de\/blog\/"},{"@type":"ListItem","position":2,"name":"Kanalinseln Channel Island-Hopping"}]}]}},"_links":{"self":[{"href":"https:\/\/www.urlaubcornwall.de\/blog\/wp-json\/wp\/v2\/pages\/43486"}],"collection":[{"href":"https:\/\/www.urlaubcornwall.de\/blog\/wp-json\/wp\/v2\/pages"}],"about":[{"href":"https:\/\/www.urlaubcornwall.de\/blog\/wp-json\/wp\/v2\/types\/page"}],"author":[{"embeddable":true,"href":"https:\/\/www.urlaubcornwall.de\/blog\/wp-json\/wp\/v2\/users\/1"}],"replies":[{"embeddable":true,"href":"https:\/\/www.urlaubcornwall.de\/blog\/wp-json\/wp\/v2\/comments?post=43486"}],"version-history":[{"count":37,"href":"https:\/\/www.urlaubcornwall.de\/blog\/wp-json\/wp\/v2\/pages\/43486\/revisions"}],"predecessor-version":[{"id":51523,"href":"https:\/\/www.urlaubcornwall.de\/blog\/wp-json\/wp\/v2\/pages\/43486\/revisions\/51523"}],"wp:attachment":[{"href":"https:\/\/www.urlaubcornwall.de\/blog\/wp-json\/wp\/v2\/media?parent=43486"}],"curies":[{"name":"wp","href":"https:\/\/api.w.org\/{rel}","templated":true}]}}