{"id":43483,"date":"2021-10-31T14:36:08","date_gmt":"2021-10-31T14:36:08","guid":{"rendered":"https:\/\/www.urlaubcornwall.de\/blog\/?page_id=43483"},"modified":"2026-01-05T12:22:30","modified_gmt":"2026-01-05T12:22:30","slug":"spezialist-reisen-kanalinseln","status":"publish","type":"page","link":"https:\/\/www.urlaubcornwall.de\/blog\/spezialist-reisen-kanalinseln\/","title":{"rendered":"Ihr Spezialist f\u00fcr Reisen auf die Kanalinseln!"},"content":{"rendered":"<p>Finden Sie Ihre Wunsch-Reise zu diesem einzigartigen Paradies im Atlantik und w\u00e4hlen Sie aus tagesaktuellen und handgefertigten Angeboten.<\/p>\n<p>Ein St\u00fcck Frankreich, das ins Meer gefallen ist und von England aufgesammelt wurde: So beschrieb Victor Hugo die <a href=\"https:\/\/www.urlaubcornwall.de\/reiseziel\/kanalinseln\/\">Kanalinseln<\/a>, und der musste es schlie\u00dflich wissen \u2013 nach rund 20 Jahren Exil auf <a href=\"https:\/\/www.urlaubcornwall.de\/reiseziel\/kanalinseln\/jersey.php\">Jersey<\/a> und <a href=\"https:\/\/www.urlaubcornwall.de\/reiseziel\/kanalinseln\/guernsey.php\">Guernsey<\/a>. Und aus dem Spannungsfeld zwischen den beiden gro\u00dfen Kulturnationen ergeben sich immer wieder faszinierende und anziehende Gegens\u00e4tze: zum Beispiel franz\u00f6sischer Charme und britische Exzentrik, Herrenh\u00e4user in viktorianischem oder Tudorstil und normannische Bauernh\u00e4user, die exzellente franz\u00f6sische K\u00fcche und Fish &amp; Chips am Meer.<\/p>\n","protected":false},"excerpt":{"rendered":"<p>Finden Sie Ihre Wunsch-Reise zu diesem einzigartigen Paradies im Atlantik und w\u00e4hlen Sie aus tagesaktuellen und handgefertigten Angeboten. Ein St\u00fcck Frankreich, das ins Meer gefallen ist und von England aufgesammelt wurde: So beschrieb Victor Hugo die Kanalinseln, und der musste es schlie\u00dflich wissen \u2013 nach rund 20 Jahren Exil auf Jersey und Guernsey. Und aus [&hellip;]<\/p>\n","protected":false},"author":1,"featured_media":0,"parent":0,"menu_order":0,"comment_status":"closed","ping_status":"closed","template":"page-products.php","meta":[],"acf":[],"yoast_head":"<!-- This site is optimized with the Yoast SEO plugin v19.4 - https:\/\/yoast.com\/wordpress\/plugins\/seo\/ -->\n<title>Ihr Spezialist f\u00fcr Reisen auf die Kanalinseln! - Urlaub &amp; Reisen<\/title>\n<meta name=\"description\" content=\"Finden Sie Ihre Wunsch-Reise zu diesem einzigartigen Paradies im Atlantik und w\u00e4hlen Sie aus tagesaktuellen und handgefertigten Angeboten.\" \/>\n<meta name=\"robots\" content=\"index, follow, max-snippet:-1, max-image-preview:large, max-video-preview:-1\" \/>\n<link rel=\"canonical\" href=\"https:\/\/www.urlaubcornwall.de\/blog\/spezialist-reisen-kanalinseln\/\" \/>\n<meta property=\"og:locale\" content=\"en_US\" \/>\n<meta property=\"og:type\" content=\"article\" \/>\n<meta property=\"og:title\" content=\"Ihr Spezialist f\u00fcr Reisen auf die Kanalinseln! - Urlaub &amp; Reisen\" \/>\n<meta property=\"og:description\" content=\"Finden Sie Ihre Wunsch-Reise zu diesem einzigartigen Paradies im Atlantik und w\u00e4hlen Sie aus tagesaktuellen und handgefertigten Angeboten.\" \/>\n<meta property=\"og:url\" content=\"https:\/\/www.urlaubcornwall.de\/blog\/spezialist-reisen-kanalinseln\/\" \/>\n<meta property=\"og:site_name\" content=\"Urlaub &amp; Reisen\" \/>\n<meta property=\"article:modified_time\" content=\"2026-01-05T12:22:30+00:00\" \/>\n<meta name=\"twitter:card\" content=\"summary\" \/>\n<meta name=\"twitter:label1\" content=\"Est. reading time\" \/>\n\t<meta name=\"twitter:data1\" content=\"1 minute\" \/>\n<script type=\"application\/ld+json\" class=\"yoast-schema-graph\">{\"@context\":\"https:\/\/schema.org\",\"@graph\":[{\"@type\":\"WebSite\",\"@id\":\"https:\/\/www.urlaubcornwall.de\/blog\/#website\",\"url\":\"https:\/\/www.urlaubcornwall.de\/blog\/\",\"name\":\"Urlaub &amp; Reisen\",\"description\":\"Urlaub, Reisen, Cornwall und S\u00fcdengland: eine perfekte Kombination\",\"potentialAction\":[{\"@type\":\"SearchAction\",\"target\":{\"@type\":\"EntryPoint\",\"urlTemplate\":\"https:\/\/www.urlaubcornwall.de\/blog\/?s={search_term_string}\"},\"query-input\":\"required name=search_term_string\"}],\"inLanguage\":\"en-US\"},{\"@type\":\"WebPage\",\"@id\":\"https:\/\/www.urlaubcornwall.de\/blog\/spezialist-reisen-kanalinseln\/\",\"url\":\"https:\/\/www.urlaubcornwall.de\/blog\/spezialist-reisen-kanalinseln\/\",\"name\":\"Ihr Spezialist f\u00fcr Reisen auf die Kanalinseln! - Urlaub &amp; Reisen\",\"isPartOf\":{\"@id\":\"https:\/\/www.urlaubcornwall.de\/blog\/#website\"},\"datePublished\":\"2021-10-31T14:36:08+00:00\",\"dateModified\":\"2026-01-05T12:22:30+00:00\",\"description\":\"Finden Sie Ihre Wunsch-Reise zu diesem einzigartigen Paradies im Atlantik und w\u00e4hlen Sie aus tagesaktuellen und handgefertigten Angeboten.\",\"breadcrumb\":{\"@id\":\"https:\/\/www.urlaubcornwall.de\/blog\/spezialist-reisen-kanalinseln\/#breadcrumb\"},\"inLanguage\":\"en-US\",\"potentialAction\":[{\"@type\":\"ReadAction\",\"target\":[\"https:\/\/www.urlaubcornwall.de\/blog\/spezialist-reisen-kanalinseln\/\"]}]},{\"@type\":\"BreadcrumbList\",\"@id\":\"https:\/\/www.urlaubcornwall.de\/blog\/spezialist-reisen-kanalinseln\/#breadcrumb\",\"itemListElement\":[{\"@type\":\"ListItem\",\"position\":1,\"name\":\"Home\",\"item\":\"https:\/\/www.urlaubcornwall.de\/blog\/\"},{\"@type\":\"ListItem\",\"position\":2,\"name\":\"Ihr Spezialist f\u00fcr Reisen auf die Kanalinseln!\"}]}]}<\/script>\n<!-- \/ Yoast SEO plugin. -->","yoast_head_json":{"title":"Ihr Spezialist f\u00fcr Reisen auf die Kanalinseln! - Urlaub &amp; Reisen","description":"Finden Sie Ihre Wunsch-Reise zu diesem einzigartigen Paradies im Atlantik und w\u00e4hlen Sie aus tagesaktuellen und handgefertigten Angeboten.","robots":{"index":"index","follow":"follow","max-snippet":"max-snippet:-1","max-image-preview":"max-image-preview:large","max-video-preview":"max-video-preview:-1"},"canonical":"https:\/\/www.urlaubcornwall.de\/blog\/spezialist-reisen-kanalinseln\/","og_locale":"en_US","og_type":"article","og_title":"Ihr Spezialist f\u00fcr Reisen auf die Kanalinseln! - Urlaub &amp; Reisen","og_description":"Finden Sie Ihre Wunsch-Reise zu diesem einzigartigen Paradies im Atlantik und w\u00e4hlen Sie aus tagesaktuellen und handgefertigten Angeboten.","og_url":"https:\/\/www.urlaubcornwall.de\/blog\/spezialist-reisen-kanalinseln\/","og_site_name":"Urlaub &amp; Reisen","article_modified_time":"2026-01-05T12:22:30+00:00","twitter_card":"summary","twitter_misc":{"Est. reading time":"1 minute"},"schema":{"@context":"https:\/\/schema.org","@graph":[{"@type":"WebSite","@id":"https:\/\/www.urlaubcornwall.de\/blog\/#website","url":"https:\/\/www.urlaubcornwall.de\/blog\/","name":"Urlaub &amp; Reisen","description":"Urlaub, Reisen, Cornwall und S\u00fcdengland: eine perfekte Kombination","potentialAction":[{"@type":"SearchAction","target":{"@type":"EntryPoint","urlTemplate":"https:\/\/www.urlaubcornwall.de\/blog\/?s={search_term_string}"},"query-input":"required name=search_term_string"}],"inLanguage":"en-US"},{"@type":"WebPage","@id":"https:\/\/www.urlaubcornwall.de\/blog\/spezialist-reisen-kanalinseln\/","url":"https:\/\/www.urlaubcornwall.de\/blog\/spezialist-reisen-kanalinseln\/","name":"Ihr Spezialist f\u00fcr Reisen auf die Kanalinseln! - Urlaub &amp; Reisen","isPartOf":{"@id":"https:\/\/www.urlaubcornwall.de\/blog\/#website"},"datePublished":"2021-10-31T14:36:08+00:00","dateModified":"2026-01-05T12:22:30+00:00","description":"Finden Sie Ihre Wunsch-Reise zu diesem einzigartigen Paradies im Atlantik und w\u00e4hlen Sie aus tagesaktuellen und handgefertigten Angeboten.","breadcrumb":{"@id":"https:\/\/www.urlaubcornwall.de\/blog\/spezialist-reisen-kanalinseln\/#breadcrumb"},"inLanguage":"en-US","potentialAction":[{"@type":"ReadAction","target":["https:\/\/www.urlaubcornwall.de\/blog\/spezialist-reisen-kanalinseln\/"]}]},{"@type":"BreadcrumbList","@id":"https:\/\/www.urlaubcornwall.de\/blog\/spezialist-reisen-kanalinseln\/#breadcrumb","itemListElement":[{"@type":"ListItem","position":1,"name":"Home","item":"https:\/\/www.urlaubcornwall.de\/blog\/"},{"@type":"ListItem","position":2,"name":"Ihr Spezialist f\u00fcr Reisen auf die Kanalinseln!"}]}]}},"_links":{"self":[{"href":"https:\/\/www.urlaubcornwall.de\/blog\/wp-json\/wp\/v2\/pages\/43483"}],"collection":[{"href":"https:\/\/www.urlaubcornwall.de\/blog\/wp-json\/wp\/v2\/pages"}],"about":[{"href":"https:\/\/www.urlaubcornwall.de\/blog\/wp-json\/wp\/v2\/types\/page"}],"author":[{"embeddable":true,"href":"https:\/\/www.urlaubcornwall.de\/blog\/wp-json\/wp\/v2\/users\/1"}],"replies":[{"embeddable":true,"href":"https:\/\/www.urlaubcornwall.de\/blog\/wp-json\/wp\/v2\/comments?post=43483"}],"version-history":[{"count":46,"href":"https:\/\/www.urlaubcornwall.de\/blog\/wp-json\/wp\/v2\/pages\/43483\/revisions"}],"predecessor-version":[{"id":51943,"href":"https:\/\/www.urlaubcornwall.de\/blog\/wp-json\/wp\/v2\/pages\/43483\/revisions\/51943"}],"wp:attachment":[{"href":"https:\/\/www.urlaubcornwall.de\/blog\/wp-json\/wp\/v2\/media?parent=43483"}],"curies":[{"name":"wp","href":"https:\/\/api.w.org\/{rel}","templated":true}]}}