{"id":43423,"date":"2021-10-18T14:45:16","date_gmt":"2021-10-18T14:45:16","guid":{"rendered":"https:\/\/www.urlaubcornwall.de\/blog\/?page_id=43423"},"modified":"2024-04-15T15:49:33","modified_gmt":"2024-04-15T15:49:33","slug":"exquisite-luxushotels-in-plymouth","status":"publish","type":"page","link":"https:\/\/www.urlaubcornwall.de\/blog\/exquisite-luxushotels-in-plymouth\/","title":{"rendered":"Exquisite Luxushotels in Plymouth"},"content":{"rendered":"<p><img loading=\"lazy\" class=\"aligncenter size-full wp-image-19436\" src=\"https:\/\/www.urlaubcornwall.de\/blog\/wp-content\/uploads\/2015\/08\/Plymouth-Hoe_740.jpg\" alt=\"Plymouth am meer meerblick devon\" width=\"750\" height=\"454\"\/><\/p>\n<p>Plymouth ist die gr\u00f6\u00dfte Stadt Devons und eine der gro\u00dfartigsten Seefahrtsst\u00e4dte Britannien, die ins 16. Jahrhundert zur\u00fcck reicht. In Devonport ist die Royal Navy stationiert, und von <a href=\"https:\/\/www.urlaubcornwall.de\/blog\/urlaub-plymouth-unterkunft-sehenswuerdigkeiten-und-geschichte\/\">Plymouth<\/a> aus fahren F\u00e4hren nach Frankreich und Spanien.<\/p>\n<p><strong>Suche Hotels in Plymouth<\/strong><\/p>\n<p>Die sch\u00f6nsten 4 und 5 Sterne Hotels in Plymouth f\u00fcr Ihren Luxusreise in England. Familienhotels, Last Minute Angebote und M\u00f6glichkeiten f\u00fcr Kinder bieten bis hin zu Luxus-Spa-Hotels, eleganten Herrenh\u00e4usern oder f\u00fcnf-Sterne Schloss- und Boutique-Hotels.<\/p>\n<p><a href=\"https:\/\/www.booking.com\/hotel\/gb\/boringdon-hall-hotel-and-spa.en.html?aid=1320750&#038;no_rooms=1&#038;group_adults=2\" rel=\"nofollow\">Boringdon Hall Hotel and Spa<\/a> &#8211; Am Rande des idyllischen Nationalparks Dartmoor und nur f\u00fcnf Minuten von Plymouth entfernt bietet das 5-Sterne Boringdon Hall Hotel and Spa fantastische historische Innenr\u00e4ume und elegante Zimmer. Alle wundersch\u00f6n eingerichteten Zimmer des Boringdon Hall Hotels verf\u00fcgen \u00fcber einen Flachbild-LCD-TV, ein eigenes Bad mit luxuri\u00f6sen Pflegeprodukten sowie Tee- und Kaffeezubeh\u00f6r. Die Zimmer verf\u00fcgen \u00fcber eine helle, moderne Einrichtung und einige verf\u00fcgen \u00fcber klassische M\u00f6bel mit geschnitzten Holzbetten, antiken M\u00f6beln und historischen Elementen. <\/p>\n<p><a href=\"https:\/\/www.booking.com\/hotel\/gb\/plymouthmoathouse.en.html?aid=1320750&#038;no_rooms=1&#038;group_adults=2\" rel=\"nofollow\">Crowne Plaza Plymouth<\/a> &#8211; Das Crowne Plaza Plymouth mit Aussicht auf die gr\u00fcne Vegetation von Plymouth Hoe und die K\u00fcste liegt weniger als 10 Gehminuten vom Stadtzentrum von Plymouth entfernt. Vom Speisesaal auf der 11. Etage aus genie\u00dfen Sie den Panoramablick \u00fcber die Bucht Plymouth Sound. Sie k\u00f6nnen gern das hauseigene Fitnesscenter nutzen und im Pool und in der Sauna entspannen.<\/p>\n<p><a href=\"https:\/\/www.booking.com\/hotel\/gb\/copthorneplymouth.en.html?aid=1320750&#038;no_rooms=1&#038;group_adults=2\" rel=\"nofollow\">Copthorne Hotel Plymouth<\/a> &#8211; Das Copthorne Hotel Plymouth erwartet Sie im Stadtzentrum mit Aussicht auf den Boulevard Armada Way bis hin zum ber\u00fchmten Hoe und dem Hafenviertel Barbican. Die Einkaufszentren Drake Circus und Armada Centre erreichen Sie nach einem 5-min\u00fctigen Spaziergang. Die modernen Zimmer sind in warmen Farben gehalten. Jedes Zimmer verf\u00fcgt \u00fcber Sat-TV, Kaffee- und Teezubeh\u00f6r sowie ein Badezimmer mit einem Haartrockner.<\/p>\n<p><ins class=\"bookingaff\" data-aid=\"2194040\" data-target_aid=\"2194040\" data-prod=\"map\" data-width=\"100%\" data-height=\"590\" data-lang=\"ualng\" data-dest_id=\"0\" data-dest_type=\"landmark\" data-latitude=\"50.3754565\" data-longitude=\"-4.1426565\" data-mwhsb=\"0\" data-address=\"Plymouth, UK\"><br \/>\n    <!-- Anything inside will go away once widget is loaded. --><br \/>\n        <a href=\"\/\/www.booking.com?aid=2194040\" rel=\"nofollow\">Booking.com<\/a><br \/>\n<\/ins><br \/>\n<script type=\"text\/javascript\">\n    (function(d, sc, u) {\n      var s = d.createElement(sc), p = d.getElementsByTagName(sc)[0];\n      s.type = 'text\/javascript';\n      s.async = true;\n      s.src = u + '?v=' + (+new Date());\n      p.parentNode.insertBefore(s,p);\n      })(document, 'script', '\/\/aff.bstatic.com\/static\/affiliate_base\/js\/flexiproduct.js');\n<\/script><\/p>\n<div class=\"snippet\"> <a class=\"featured-item\" href=\"https:\/\/www.urlaubcornwall.de\/ferienhaeuser\/suedengland.php\"> <span class=\"image-holder\" style=\"background-image: url('https:\/\/www.urlaubcornwall.de\/blog\/wp-content\/uploads\/2018\/12\/ferienhaus-cornwall-mit-hund.jpg');\"><\/span> <span class=\"featured-content\"> \n<h2 class=\"featured-title\">Ferienh\u00e4user in Devon &#038; S\u00fcdengland<\/h2>\n<p class=\"featured-body\">Bei uns finden Sie Ferienh\u00e4user zum Verlieben &#8211; so einfach ist das! Dank seiner langen Geschichte, der reizvollen Landschaften und seinen vielen Attraktionen ist S\u00fcdengland ein wahres Mekka f\u00fcr Urlauber&#8230;..<\/p><\/span> <span class=\"featured-link-holder\"> <span class=\"featured-extra-info\"> \n<p>Pers\u00f6nlich inspizierter Ferienh\u00e4user<\/p>\n<\/span> \n<p class=\"featured-link\">DETAILS<\/p>\n<\/span> <\/a><\/div>\n","protected":false},"excerpt":{"rendered":"<p>Plymouth ist die gr\u00f6\u00dfte Stadt Devons und eine der gro\u00dfartigsten Seefahrtsst\u00e4dte Britannien, die ins 16. Jahrhundert zur\u00fcck reicht. In Devonport ist die Royal Navy stationiert, und von Plymouth aus fahren F\u00e4hren nach Frankreich und Spanien. Suche Hotels in Plymouth Die sch\u00f6nsten 4 und 5 Sterne Hotels in Plymouth f\u00fcr Ihren Luxusreise in England. Familienhotels, Last [&hellip;]<\/p>\n","protected":false},"author":1,"featured_media":0,"parent":0,"menu_order":0,"comment_status":"closed","ping_status":"closed","template":"single-four.php","meta":[],"acf":[],"yoast_head":"<!-- This site is optimized with the Yoast SEO plugin v19.4 - https:\/\/yoast.com\/wordpress\/plugins\/seo\/ -->\n<title>Exquisite Luxushotels in Plymouth - Urlaub &amp; Reisen<\/title>\n<meta name=\"description\" content=\"Plymouth ist die gr\u00f6\u00dfte Stadt Devons und eine der gro\u00dfartigsten Seefahrtsst\u00e4dte Britannien, die ins 16. Jahrhundert zur\u00fcck reicht. In Devonport ist die Royal Navy stationiert, und von Plymouth aus fahren F\u00e4hren nach Frankreich und Spanien.\" \/>\n<meta name=\"robots\" content=\"index, follow, max-snippet:-1, max-image-preview:large, max-video-preview:-1\" \/>\n<link rel=\"canonical\" href=\"https:\/\/www.urlaubcornwall.de\/blog\/exquisite-luxushotels-in-plymouth\/\" \/>\n<meta property=\"og:locale\" content=\"en_US\" \/>\n<meta property=\"og:type\" content=\"article\" \/>\n<meta property=\"og:title\" content=\"Exquisite Luxushotels in Plymouth - Urlaub &amp; Reisen\" \/>\n<meta property=\"og:description\" content=\"Plymouth ist die gr\u00f6\u00dfte Stadt Devons und eine der gro\u00dfartigsten Seefahrtsst\u00e4dte Britannien, die ins 16. Jahrhundert zur\u00fcck reicht. In Devonport ist die Royal Navy stationiert, und von Plymouth aus fahren F\u00e4hren nach Frankreich und Spanien.\" \/>\n<meta property=\"og:url\" content=\"https:\/\/www.urlaubcornwall.de\/blog\/exquisite-luxushotels-in-plymouth\/\" \/>\n<meta property=\"og:site_name\" content=\"Urlaub &amp; Reisen\" \/>\n<meta property=\"article:modified_time\" content=\"2024-04-15T15:49:33+00:00\" \/>\n<meta property=\"og:image\" content=\"https:\/\/www.urlaubcornwall.de\/blog\/wp-content\/uploads\/2015\/08\/Plymouth-Hoe_740.jpg\" \/>\n<meta name=\"twitter:card\" content=\"summary\" \/>\n<meta name=\"twitter:label1\" content=\"Est. reading time\" \/>\n\t<meta name=\"twitter:data1\" content=\"2 minutes\" \/>\n<script type=\"application\/ld+json\" class=\"yoast-schema-graph\">{\"@context\":\"https:\/\/schema.org\",\"@graph\":[{\"@type\":\"WebSite\",\"@id\":\"https:\/\/www.urlaubcornwall.de\/blog\/#website\",\"url\":\"https:\/\/www.urlaubcornwall.de\/blog\/\",\"name\":\"Urlaub &amp; Reisen\",\"description\":\"Urlaub, Reisen, Cornwall und S\u00fcdengland: eine perfekte Kombination\",\"potentialAction\":[{\"@type\":\"SearchAction\",\"target\":{\"@type\":\"EntryPoint\",\"urlTemplate\":\"https:\/\/www.urlaubcornwall.de\/blog\/?s={search_term_string}\"},\"query-input\":\"required name=search_term_string\"}],\"inLanguage\":\"en-US\"},{\"@type\":\"WebPage\",\"@id\":\"https:\/\/www.urlaubcornwall.de\/blog\/exquisite-luxushotels-in-plymouth\/\",\"url\":\"https:\/\/www.urlaubcornwall.de\/blog\/exquisite-luxushotels-in-plymouth\/\",\"name\":\"Exquisite Luxushotels in Plymouth - Urlaub &amp; Reisen\",\"isPartOf\":{\"@id\":\"https:\/\/www.urlaubcornwall.de\/blog\/#website\"},\"datePublished\":\"2021-10-18T14:45:16+00:00\",\"dateModified\":\"2024-04-15T15:49:33+00:00\",\"description\":\"Plymouth ist die gr\u00f6\u00dfte Stadt Devons und eine der gro\u00dfartigsten Seefahrtsst\u00e4dte Britannien, die ins 16. Jahrhundert zur\u00fcck reicht. In Devonport ist die Royal Navy stationiert, und von Plymouth aus fahren F\u00e4hren nach Frankreich und Spanien.\",\"breadcrumb\":{\"@id\":\"https:\/\/www.urlaubcornwall.de\/blog\/exquisite-luxushotels-in-plymouth\/#breadcrumb\"},\"inLanguage\":\"en-US\",\"potentialAction\":[{\"@type\":\"ReadAction\",\"target\":[\"https:\/\/www.urlaubcornwall.de\/blog\/exquisite-luxushotels-in-plymouth\/\"]}]},{\"@type\":\"BreadcrumbList\",\"@id\":\"https:\/\/www.urlaubcornwall.de\/blog\/exquisite-luxushotels-in-plymouth\/#breadcrumb\",\"itemListElement\":[{\"@type\":\"ListItem\",\"position\":1,\"name\":\"Home\",\"item\":\"https:\/\/www.urlaubcornwall.de\/blog\/\"},{\"@type\":\"ListItem\",\"position\":2,\"name\":\"Exquisite Luxushotels in Plymouth\"}]}]}<\/script>\n<!-- \/ Yoast SEO plugin. -->","yoast_head_json":{"title":"Exquisite Luxushotels in Plymouth - Urlaub &amp; Reisen","description":"Plymouth ist die gr\u00f6\u00dfte Stadt Devons und eine der gro\u00dfartigsten Seefahrtsst\u00e4dte Britannien, die ins 16. Jahrhundert zur\u00fcck reicht. In Devonport ist die Royal Navy stationiert, und von Plymouth aus fahren F\u00e4hren nach Frankreich und Spanien.","robots":{"index":"index","follow":"follow","max-snippet":"max-snippet:-1","max-image-preview":"max-image-preview:large","max-video-preview":"max-video-preview:-1"},"canonical":"https:\/\/www.urlaubcornwall.de\/blog\/exquisite-luxushotels-in-plymouth\/","og_locale":"en_US","og_type":"article","og_title":"Exquisite Luxushotels in Plymouth - Urlaub &amp; Reisen","og_description":"Plymouth ist die gr\u00f6\u00dfte Stadt Devons und eine der gro\u00dfartigsten Seefahrtsst\u00e4dte Britannien, die ins 16. Jahrhundert zur\u00fcck reicht. In Devonport ist die Royal Navy stationiert, und von Plymouth aus fahren F\u00e4hren nach Frankreich und Spanien.","og_url":"https:\/\/www.urlaubcornwall.de\/blog\/exquisite-luxushotels-in-plymouth\/","og_site_name":"Urlaub &amp; Reisen","article_modified_time":"2024-04-15T15:49:33+00:00","og_image":[{"url":"https:\/\/www.urlaubcornwall.de\/blog\/wp-content\/uploads\/2015\/08\/Plymouth-Hoe_740.jpg"}],"twitter_card":"summary","twitter_misc":{"Est. reading time":"2 minutes"},"schema":{"@context":"https:\/\/schema.org","@graph":[{"@type":"WebSite","@id":"https:\/\/www.urlaubcornwall.de\/blog\/#website","url":"https:\/\/www.urlaubcornwall.de\/blog\/","name":"Urlaub &amp; Reisen","description":"Urlaub, Reisen, Cornwall und S\u00fcdengland: eine perfekte Kombination","potentialAction":[{"@type":"SearchAction","target":{"@type":"EntryPoint","urlTemplate":"https:\/\/www.urlaubcornwall.de\/blog\/?s={search_term_string}"},"query-input":"required name=search_term_string"}],"inLanguage":"en-US"},{"@type":"WebPage","@id":"https:\/\/www.urlaubcornwall.de\/blog\/exquisite-luxushotels-in-plymouth\/","url":"https:\/\/www.urlaubcornwall.de\/blog\/exquisite-luxushotels-in-plymouth\/","name":"Exquisite Luxushotels in Plymouth - Urlaub &amp; Reisen","isPartOf":{"@id":"https:\/\/www.urlaubcornwall.de\/blog\/#website"},"datePublished":"2021-10-18T14:45:16+00:00","dateModified":"2024-04-15T15:49:33+00:00","description":"Plymouth ist die gr\u00f6\u00dfte Stadt Devons und eine der gro\u00dfartigsten Seefahrtsst\u00e4dte Britannien, die ins 16. Jahrhundert zur\u00fcck reicht. In Devonport ist die Royal Navy stationiert, und von Plymouth aus fahren F\u00e4hren nach Frankreich und Spanien.","breadcrumb":{"@id":"https:\/\/www.urlaubcornwall.de\/blog\/exquisite-luxushotels-in-plymouth\/#breadcrumb"},"inLanguage":"en-US","potentialAction":[{"@type":"ReadAction","target":["https:\/\/www.urlaubcornwall.de\/blog\/exquisite-luxushotels-in-plymouth\/"]}]},{"@type":"BreadcrumbList","@id":"https:\/\/www.urlaubcornwall.de\/blog\/exquisite-luxushotels-in-plymouth\/#breadcrumb","itemListElement":[{"@type":"ListItem","position":1,"name":"Home","item":"https:\/\/www.urlaubcornwall.de\/blog\/"},{"@type":"ListItem","position":2,"name":"Exquisite Luxushotels in Plymouth"}]}]}},"_links":{"self":[{"href":"https:\/\/www.urlaubcornwall.de\/blog\/wp-json\/wp\/v2\/pages\/43423"}],"collection":[{"href":"https:\/\/www.urlaubcornwall.de\/blog\/wp-json\/wp\/v2\/pages"}],"about":[{"href":"https:\/\/www.urlaubcornwall.de\/blog\/wp-json\/wp\/v2\/types\/page"}],"author":[{"embeddable":true,"href":"https:\/\/www.urlaubcornwall.de\/blog\/wp-json\/wp\/v2\/users\/1"}],"replies":[{"embeddable":true,"href":"https:\/\/www.urlaubcornwall.de\/blog\/wp-json\/wp\/v2\/comments?post=43423"}],"version-history":[{"count":5,"href":"https:\/\/www.urlaubcornwall.de\/blog\/wp-json\/wp\/v2\/pages\/43423\/revisions"}],"predecessor-version":[{"id":49748,"href":"https:\/\/www.urlaubcornwall.de\/blog\/wp-json\/wp\/v2\/pages\/43423\/revisions\/49748"}],"wp:attachment":[{"href":"https:\/\/www.urlaubcornwall.de\/blog\/wp-json\/wp\/v2\/media?parent=43423"}],"curies":[{"name":"wp","href":"https:\/\/api.w.org\/{rel}","templated":true}]}}