{"id":43420,"date":"2021-10-18T14:09:21","date_gmt":"2021-10-18T14:09:21","guid":{"rendered":"https:\/\/www.urlaubcornwall.de\/blog\/?page_id=43420"},"modified":"2024-04-15T15:50:17","modified_gmt":"2024-04-15T15:50:17","slug":"exquisite-luxushotels-in-winchester","status":"publish","type":"page","link":"https:\/\/www.urlaubcornwall.de\/blog\/exquisite-luxushotels-in-winchester\/","title":{"rendered":"Exquisite Luxushotels in Winchester"},"content":{"rendered":"<p><img loading=\"lazy\" class=\"aligncenter size-full wp-image-47862\" src=\"https:\/\/www.urlaubcornwall.de\/blog\/wp-content\/uploads\/2024\/03\/Winchester_cathedral.jpg\" alt=\"Winchester_cathedral\" width=\"750\" height=\"500\" srcset=\"https:\/\/www.urlaubcornwall.de\/blog\/wp-content\/uploads\/2024\/03\/Winchester_cathedral.jpg 750w, https:\/\/www.urlaubcornwall.de\/blog\/wp-content\/uploads\/2024\/03\/Winchester_cathedral-300x200.jpg 300w\" sizes=\"(max-width: 750px) 100vw, 750px\" \/><\/p>\n<p>Winchester in <a href=\"https:\/\/www.urlaubcornwall.de\/reiseziel\/hampshire.php\">Hampshire<\/a> war einst die Hauptstadt Englands, mit der Kathedrale als ihrem gr\u00f6\u00dften Stolz und mit 169,4m die l\u00e4ngste Europas. Winchester ist auch das Zuhause des bekannten Winchester College, der \u00e4ltesten Privatschule des UK und noch immer in den Originalgeb\u00e4uden beheimatet.<\/p>\n<p><strong>Suche Hotels in Winchester<\/strong><\/p>\n<p>Die sch\u00f6nsten 4 und 5 Sterne Hotels in Winchester f\u00fcr Ihren Luxusreise in England. Familienhotels, Last Minute Angebote und M\u00f6glichkeiten f\u00fcr Kinder bieten bis hin zu Luxus-Spa-Hotels, eleganten Herrenh\u00e4usern oder f\u00fcnf-Sterne Schloss- und Boutique-Hotels.<\/p>\n<p><a href=\"https:\/\/www.booking.com\/hotel\/gb\/du-vin-winchester.en.html?aid=1320750&#038;no_rooms=1&#038;group_adults=2\" rel=\"nofollow\">Hotel du Vin Winchester<\/a> &#8211; In der historischen Stadt Winchester bietet das Hotel du Vin Winchester ein a-la-carte-Restaurant und kostenfreies WLAN f\u00fcr alle G\u00e4ste. Die Zimmer verf\u00fcgen \u00fcber einen Flachbild-Sat-TV, eine Klimaanlage und eine Minibar. Das eigene Badezimmer ist mit einer Dusche, einer Badewanne und einem Haartrockner ausgestattet. Im Hotel du Vin Winchester stehen Ihnen eine 24-Stunden-Rezeption, ein Garten und eine Bar zur Verf\u00fcgung. Das Hotel liegt 6 Gehminuten von der Kathedrale von Winchester und 9 Gehminuten vom Bahnhof Winchester entfernt.<\/p>\n<p><a href=\"https:\/\/www.booking.com\/hotel\/gb\/lainston-house.en.html?aid=1320750&#038;no_rooms=1&#038;group_adults=2\" rel=\"nofollow\">Lainston House<\/a> &#8211; Dieses elegante Landhaushotel aus dem 17. Jahrhundert empf\u00e4ngt Sie in Winchester und befindet sich inmitten einer 25 ha gro\u00dfen, wundersch\u00f6nen Parklandschaft der Grafschaft Hampshire. Im Innenhof geben filigrane Bogeng\u00e4nge und Loggien den Blick auf die malerische Landschaft frei und laden zu einem Spaziergang ein, bei dem Sie bereits nach wenigen Schritten die Ruine einer wundersch\u00f6nen Kapelle aus dem 12. Jahrhundert bewundern k\u00f6nnen.<\/p>\n<p><a href=\"https:\/\/www.booking.com\/hotel\/gb\/thewessex.en.html?aid=1320750&#038;no_rooms=1&#038;group_adults=2\" rel=\"nofollow\">Mercure Winchester Wessex Hotel<\/a> &#8211; Das Mercure Winchester Wessex Hotel in Winchesters Altstadt \u00fcberblickt die Kathedrale von Winchester. Dieses lebendige Kulturerbest\u00e4tte ist f\u00fcr den legend\u00e4ren Tisch des K\u00f6nigs Artus bekannt. Dieses elegante Hotel bietet ein traditionelles Restaurant und eine 24-Stunden-Rezeption.<\/p>\n<p><ins class=\"bookingaff\" data-aid=\"2193240\" data-target_aid=\"2193240\" data-prod=\"map\" data-width=\"100%\" data-height=\"590\" data-lang=\"ualng\" data-dest_id=\"0\" data-dest_type=\"landmark\" data-latitude=\"51.059771\" data-longitude=\"-1.310142\" data-mwhsb=\"0\" data-address=\"Winchester, UK\"><br \/>\n    <!-- Anything inside will go away once widget is loaded. --><br \/>\n        <a href=\"\/\/www.booking.com?aid=2193240\" rel=\"nofollow\">Booking.com<\/a><br \/>\n<\/ins><br \/>\n<script type=\"text\/javascript\">\n    (function(d, sc, u) {\n      var s = d.createElement(sc), p = d.getElementsByTagName(sc)[0];\n      s.type = 'text\/javascript';\n      s.async = true;\n      s.src = u + '?v=' + (+new Date());\n      p.parentNode.insertBefore(s,p);\n      })(document, 'script', '\/\/aff.bstatic.com\/static\/affiliate_base\/js\/flexiproduct.js');\n<\/script><\/p>\n<div class=\"snippet\"> <a class=\"featured-item\" href=\"https:\/\/www.urlaubcornwall.de\/ferienhaeuser\/suedengland.php\"> <span class=\"image-holder\" style=\"background-image: url('https:\/\/www.urlaubcornwall.de\/blog\/wp-content\/uploads\/2018\/12\/ferienhaus-cornwall-mit-hund.jpg');\"><\/span> <span class=\"featured-content\"> \n<h2 class=\"featured-title\">Ferienh\u00e4user in S\u00fcdengland<\/h2>\n<p class=\"featured-body\">Bei uns finden Sie Ferienh\u00e4user zum Verlieben &#8211; so einfach ist das! Dank seiner langen Geschichte, der reizvollen Landschaften und seinen vielen Attraktionen ist S\u00fcdengland ein wahres Mekka f\u00fcr Urlauber&#8230;..<\/p><\/span> <span class=\"featured-link-holder\"> <span class=\"featured-extra-info\"> \n<p>Pers\u00f6nlich inspizierter Ferienh\u00e4user<\/p>\n<\/span> \n<p class=\"featured-link\">DETAILS<\/p>\n<\/span> <\/a><\/div>\n<div class=\"snippet\"> <a class=\"featured-item\" href=\"https:\/\/www.urlaubcornwall.de\/rundreisen\/cornwall-suedengland.php\"> <span class=\"image-holder\" style=\"background-image: url('https:\/\/www.urlaubcornwall.de\/blog\/wp-content\/uploads\/2019\/01\/DiTn0QVWsAIOgjG.jpg');\"><\/span> <span class=\"featured-content\"> \n<h2 class=\"featured-title\">Rundreisen &#038; Urlaub in S\u00fcdengland eine perfekte Kombination<\/h2>\n<p class=\"featured-body\">Die perfekte Reisem\u00f6glichkeit und erm\u00f6glicht es Ihnen, Entdeckungen zu machen und einen Urlaub im eigenen Schritttempo&#8230;.<\/p><\/span> <span class=\"featured-link-holder\"> <span class=\"featured-extra-info\"> \n<p>F\u00fcr Paare, Familien &#038; Gruppen<\/p>\n<\/span> \n<p class=\"featured-link\">DETAILS<\/p>\n<\/span> <\/a><\/div>\n","protected":false},"excerpt":{"rendered":"<p>Winchester in Hampshire war einst die Hauptstadt Englands, mit der Kathedrale als ihrem gr\u00f6\u00dften Stolz und mit 169,4m die l\u00e4ngste Europas. Winchester ist auch das Zuhause des bekannten Winchester College, der \u00e4ltesten Privatschule des UK und noch immer in den Originalgeb\u00e4uden beheimatet. Suche Hotels in Winchester Die sch\u00f6nsten 4 und 5 Sterne Hotels in Winchester [&hellip;]<\/p>\n","protected":false},"author":1,"featured_media":0,"parent":0,"menu_order":0,"comment_status":"closed","ping_status":"closed","template":"single-four.php","meta":[],"acf":[],"yoast_head":"<!-- This site is optimized with the Yoast SEO plugin v19.4 - https:\/\/yoast.com\/wordpress\/plugins\/seo\/ -->\n<title>Exquisite Luxushotels in Winchester - Urlaub &amp; Reisen<\/title>\n<meta name=\"description\" content=\"Winchester in Hampshire war einst die Hauptstadt Englands, mit der Kathedrale als ihrem gr\u00f6\u00dften Stolz und mit 169,4m die l\u00e4ngste Europas.\" \/>\n<meta name=\"robots\" content=\"index, follow, max-snippet:-1, max-image-preview:large, max-video-preview:-1\" \/>\n<link rel=\"canonical\" href=\"https:\/\/www.urlaubcornwall.de\/blog\/exquisite-luxushotels-in-winchester\/\" \/>\n<meta property=\"og:locale\" content=\"en_US\" \/>\n<meta property=\"og:type\" content=\"article\" \/>\n<meta property=\"og:title\" content=\"Exquisite Luxushotels in Winchester - Urlaub &amp; Reisen\" \/>\n<meta property=\"og:description\" content=\"Winchester in Hampshire war einst die Hauptstadt Englands, mit der Kathedrale als ihrem gr\u00f6\u00dften Stolz und mit 169,4m die l\u00e4ngste Europas.\" \/>\n<meta property=\"og:url\" content=\"https:\/\/www.urlaubcornwall.de\/blog\/exquisite-luxushotels-in-winchester\/\" \/>\n<meta property=\"og:site_name\" content=\"Urlaub &amp; Reisen\" \/>\n<meta property=\"article:modified_time\" content=\"2024-04-15T15:50:17+00:00\" \/>\n<meta property=\"og:image\" content=\"https:\/\/www.urlaubcornwall.de\/blog\/wp-content\/uploads\/2024\/03\/Winchester_cathedral.jpg\" \/>\n<meta name=\"twitter:card\" content=\"summary\" \/>\n<meta name=\"twitter:label1\" content=\"Est. reading time\" \/>\n\t<meta name=\"twitter:data1\" content=\"2 minutes\" \/>\n<script type=\"application\/ld+json\" class=\"yoast-schema-graph\">{\"@context\":\"https:\/\/schema.org\",\"@graph\":[{\"@type\":\"WebSite\",\"@id\":\"https:\/\/www.urlaubcornwall.de\/blog\/#website\",\"url\":\"https:\/\/www.urlaubcornwall.de\/blog\/\",\"name\":\"Urlaub &amp; Reisen\",\"description\":\"Urlaub, Reisen, Cornwall und S\u00fcdengland: eine perfekte Kombination\",\"potentialAction\":[{\"@type\":\"SearchAction\",\"target\":{\"@type\":\"EntryPoint\",\"urlTemplate\":\"https:\/\/www.urlaubcornwall.de\/blog\/?s={search_term_string}\"},\"query-input\":\"required name=search_term_string\"}],\"inLanguage\":\"en-US\"},{\"@type\":\"WebPage\",\"@id\":\"https:\/\/www.urlaubcornwall.de\/blog\/exquisite-luxushotels-in-winchester\/\",\"url\":\"https:\/\/www.urlaubcornwall.de\/blog\/exquisite-luxushotels-in-winchester\/\",\"name\":\"Exquisite Luxushotels in Winchester - Urlaub &amp; Reisen\",\"isPartOf\":{\"@id\":\"https:\/\/www.urlaubcornwall.de\/blog\/#website\"},\"datePublished\":\"2021-10-18T14:09:21+00:00\",\"dateModified\":\"2024-04-15T15:50:17+00:00\",\"description\":\"Winchester in Hampshire war einst die Hauptstadt Englands, mit der Kathedrale als ihrem gr\u00f6\u00dften Stolz und mit 169,4m die l\u00e4ngste Europas.\",\"breadcrumb\":{\"@id\":\"https:\/\/www.urlaubcornwall.de\/blog\/exquisite-luxushotels-in-winchester\/#breadcrumb\"},\"inLanguage\":\"en-US\",\"potentialAction\":[{\"@type\":\"ReadAction\",\"target\":[\"https:\/\/www.urlaubcornwall.de\/blog\/exquisite-luxushotels-in-winchester\/\"]}]},{\"@type\":\"BreadcrumbList\",\"@id\":\"https:\/\/www.urlaubcornwall.de\/blog\/exquisite-luxushotels-in-winchester\/#breadcrumb\",\"itemListElement\":[{\"@type\":\"ListItem\",\"position\":1,\"name\":\"Home\",\"item\":\"https:\/\/www.urlaubcornwall.de\/blog\/\"},{\"@type\":\"ListItem\",\"position\":2,\"name\":\"Exquisite Luxushotels in Winchester\"}]}]}<\/script>\n<!-- \/ Yoast SEO plugin. -->","yoast_head_json":{"title":"Exquisite Luxushotels in Winchester - Urlaub &amp; Reisen","description":"Winchester in Hampshire war einst die Hauptstadt Englands, mit der Kathedrale als ihrem gr\u00f6\u00dften Stolz und mit 169,4m die l\u00e4ngste Europas.","robots":{"index":"index","follow":"follow","max-snippet":"max-snippet:-1","max-image-preview":"max-image-preview:large","max-video-preview":"max-video-preview:-1"},"canonical":"https:\/\/www.urlaubcornwall.de\/blog\/exquisite-luxushotels-in-winchester\/","og_locale":"en_US","og_type":"article","og_title":"Exquisite Luxushotels in Winchester - Urlaub &amp; Reisen","og_description":"Winchester in Hampshire war einst die Hauptstadt Englands, mit der Kathedrale als ihrem gr\u00f6\u00dften Stolz und mit 169,4m die l\u00e4ngste Europas.","og_url":"https:\/\/www.urlaubcornwall.de\/blog\/exquisite-luxushotels-in-winchester\/","og_site_name":"Urlaub &amp; Reisen","article_modified_time":"2024-04-15T15:50:17+00:00","og_image":[{"url":"https:\/\/www.urlaubcornwall.de\/blog\/wp-content\/uploads\/2024\/03\/Winchester_cathedral.jpg"}],"twitter_card":"summary","twitter_misc":{"Est. reading time":"2 minutes"},"schema":{"@context":"https:\/\/schema.org","@graph":[{"@type":"WebSite","@id":"https:\/\/www.urlaubcornwall.de\/blog\/#website","url":"https:\/\/www.urlaubcornwall.de\/blog\/","name":"Urlaub &amp; Reisen","description":"Urlaub, Reisen, Cornwall und S\u00fcdengland: eine perfekte Kombination","potentialAction":[{"@type":"SearchAction","target":{"@type":"EntryPoint","urlTemplate":"https:\/\/www.urlaubcornwall.de\/blog\/?s={search_term_string}"},"query-input":"required name=search_term_string"}],"inLanguage":"en-US"},{"@type":"WebPage","@id":"https:\/\/www.urlaubcornwall.de\/blog\/exquisite-luxushotels-in-winchester\/","url":"https:\/\/www.urlaubcornwall.de\/blog\/exquisite-luxushotels-in-winchester\/","name":"Exquisite Luxushotels in Winchester - Urlaub &amp; Reisen","isPartOf":{"@id":"https:\/\/www.urlaubcornwall.de\/blog\/#website"},"datePublished":"2021-10-18T14:09:21+00:00","dateModified":"2024-04-15T15:50:17+00:00","description":"Winchester in Hampshire war einst die Hauptstadt Englands, mit der Kathedrale als ihrem gr\u00f6\u00dften Stolz und mit 169,4m die l\u00e4ngste Europas.","breadcrumb":{"@id":"https:\/\/www.urlaubcornwall.de\/blog\/exquisite-luxushotels-in-winchester\/#breadcrumb"},"inLanguage":"en-US","potentialAction":[{"@type":"ReadAction","target":["https:\/\/www.urlaubcornwall.de\/blog\/exquisite-luxushotels-in-winchester\/"]}]},{"@type":"BreadcrumbList","@id":"https:\/\/www.urlaubcornwall.de\/blog\/exquisite-luxushotels-in-winchester\/#breadcrumb","itemListElement":[{"@type":"ListItem","position":1,"name":"Home","item":"https:\/\/www.urlaubcornwall.de\/blog\/"},{"@type":"ListItem","position":2,"name":"Exquisite Luxushotels in Winchester"}]}]}},"_links":{"self":[{"href":"https:\/\/www.urlaubcornwall.de\/blog\/wp-json\/wp\/v2\/pages\/43420"}],"collection":[{"href":"https:\/\/www.urlaubcornwall.de\/blog\/wp-json\/wp\/v2\/pages"}],"about":[{"href":"https:\/\/www.urlaubcornwall.de\/blog\/wp-json\/wp\/v2\/types\/page"}],"author":[{"embeddable":true,"href":"https:\/\/www.urlaubcornwall.de\/blog\/wp-json\/wp\/v2\/users\/1"}],"replies":[{"embeddable":true,"href":"https:\/\/www.urlaubcornwall.de\/blog\/wp-json\/wp\/v2\/comments?post=43420"}],"version-history":[{"count":6,"href":"https:\/\/www.urlaubcornwall.de\/blog\/wp-json\/wp\/v2\/pages\/43420\/revisions"}],"predecessor-version":[{"id":49751,"href":"https:\/\/www.urlaubcornwall.de\/blog\/wp-json\/wp\/v2\/pages\/43420\/revisions\/49751"}],"wp:attachment":[{"href":"https:\/\/www.urlaubcornwall.de\/blog\/wp-json\/wp\/v2\/media?parent=43420"}],"curies":[{"name":"wp","href":"https:\/\/api.w.org\/{rel}","templated":true}]}}