{"id":43411,"date":"2021-10-18T13:08:05","date_gmt":"2021-10-18T13:08:05","guid":{"rendered":"https:\/\/www.urlaubcornwall.de\/blog\/?page_id=43411"},"modified":"2024-04-02T11:04:02","modified_gmt":"2024-04-02T11:04:02","slug":"exquisite-luxushotels-in-salisbury","status":"publish","type":"page","link":"https:\/\/www.urlaubcornwall.de\/blog\/exquisite-luxushotels-in-salisbury\/","title":{"rendered":"Exquisite Luxushotels in Salisbury"},"content":{"rendered":"<p><img loading=\"lazy\" class=\"aligncenter size-full wp-image-47833\" src=\"https:\/\/www.urlaubcornwall.de\/blog\/wp-content\/uploads\/2024\/03\/salisbury-cathederal.jpg\" alt=\"salisbury cathederal\" width=\"750\" height=\"409\" srcset=\"https:\/\/www.urlaubcornwall.de\/blog\/wp-content\/uploads\/2024\/03\/salisbury-cathederal.jpg 750w, https:\/\/www.urlaubcornwall.de\/blog\/wp-content\/uploads\/2024\/03\/salisbury-cathederal-300x164.jpg 300w\" sizes=\"(max-width: 750px) 100vw, 750px\" \/><\/p>\n<p>Die Stadt <a href=\"https:\/\/www.urlaubcornwall.de\/blog\/urlaub-salisbury-unterkunft-sehenswuerdigkeiten-und-geschichte\/\">Salisbury in Wiltshire<\/a> wird dominiert vom Turm ihrer wundersch\u00f6nen Kathedrale, die im 13. und 14. Jahrhundert erbaut wurde, wobei der Turm der h\u00f6chste Englands ist. Machen Sie eine Turmf\u00fchrung, klettern Sie die 332 Stufen zur Turmbasis hinauf und genie\u00dfen Sie den herrlichen Blick<\/p>\n<p><strong>Suche Hotels in Salisbury<\/strong><\/p>\n<p>Die sch\u00f6nsten 4 und 5 Sterne Hotels in Salisbury f\u00fcr Ihren Luxusreise in England. Familienhotels, Last Minute Angebote und M\u00f6glichkeiten f\u00fcr Kinder bieten bis hin zu Luxus-Spa-Hotels, eleganten Herrenh\u00e4usern oder f\u00fcnf-Sterne Schloss- und Boutique-Hotels.<\/p>\n<p><a href=\"https:\/\/www.booking.com\/hotel\/gb\/whiteharthotelsalisbury.en.html?aid=1320750&#038;no_rooms=1&#038;group_adults=2\" rel=\"nofollow\">Mercure Salisbury White Hart Hotel<\/a> &#8211; Dieses elegante, georgianische Hotel, das mit einem S\u00e4uleneingang beeindruckt, begr\u00fc\u00dft Sie im Stadtzentrum mit modernen Zimmern sowie Privatparkpl\u00e4tzen. Freuen Sie sich hier auf ein Restaurant und eine Lounge in der Unterkunft sowie einen Innenhof. Die Zimmer im Mercure Salisbury White Hart Hotel erwarten Sie alle mit einem eigenen Bad sowie Kaffee- und Teezubeh\u00f6r.<\/p>\n<p><a href=\"https:\/\/www.booking.com\/hotel\/gb\/the-merchant-39-s-house-wiltshire.en.html?aid=1320750&#038;no_rooms=1&#038;group_adults=2\" rel=\"nofollow\">The Merchant&#8217;s House<\/a> &#8211; Das Merchant&#8217;s House verf\u00fcgt \u00fcber Zimmer in Salisbury, 3,4 km von Old Sarum und 8 km von der Pferderennbahn Salisbury entfernt. Das 4-Sterne-Hotel bietet klimatisierte Zimmer mit kostenfreiem WLAN und jeweils eigenem Bad. Eine Bar l\u00e4dt zum Verweilen ein. Ein Privatparkplatz kann gegen einen Aufpreis f\u00fcr Sie organisiert werden.<\/p>\n<p><ins class=\"bookingaff\" data-aid=\"2198795\" data-target_aid=\"2198795\" data-prod=\"map\" data-width=\"100%\" data-height=\"590\" data-lang=\"ualng\" data-dest_id=\"0\" data-dest_type=\"landmark\" data-latitude=\"51.068785\" data-longitude=\"-1.794472\" data-mwhsb=\"0\" data-address=\"Salisbury, UK\"><br \/>\n    <!-- Anything inside will go away once widget is loaded. --><br \/>\n        <a href=\"\/\/www.booking.com?aid=2198795\" rel=\"nofollow\">Booking.com<\/a><br \/>\n<\/ins><br \/>\n<script type=\"text\/javascript\">\n    (function(d, sc, u) {\n      var s = d.createElement(sc), p = d.getElementsByTagName(sc)[0];\n      s.type = 'text\/javascript';\n      s.async = true;\n      s.src = u + '?v=' + (+new Date());\n      p.parentNode.insertBefore(s,p);\n      })(document, 'script', '\/\/aff.bstatic.com\/static\/affiliate_base\/js\/flexiproduct.js');\n<\/script><\/p>\n","protected":false},"excerpt":{"rendered":"<p>Die Stadt Salisbury in Wiltshire wird dominiert vom Turm ihrer wundersch\u00f6nen Kathedrale, die im 13. und 14. Jahrhundert erbaut wurde, wobei der Turm der h\u00f6chste Englands ist. Machen Sie eine Turmf\u00fchrung, klettern Sie die 332 Stufen zur Turmbasis hinauf und genie\u00dfen Sie den herrlichen Blick Suche Hotels in Salisbury Die sch\u00f6nsten 4 und 5 Sterne [&hellip;]<\/p>\n","protected":false},"author":1,"featured_media":0,"parent":0,"menu_order":0,"comment_status":"closed","ping_status":"closed","template":"single-four.php","meta":[],"acf":[],"yoast_head":"<!-- This site is optimized with the Yoast SEO plugin v19.4 - https:\/\/yoast.com\/wordpress\/plugins\/seo\/ -->\n<title>Exquisite Luxushotels in Salisbury - Urlaub &amp; Reisen<\/title>\n<meta name=\"robots\" content=\"index, follow, max-snippet:-1, max-image-preview:large, max-video-preview:-1\" \/>\n<link rel=\"canonical\" href=\"https:\/\/www.urlaubcornwall.de\/blog\/exquisite-luxushotels-in-salisbury\/\" \/>\n<meta property=\"og:locale\" content=\"en_US\" \/>\n<meta property=\"og:type\" content=\"article\" \/>\n<meta property=\"og:title\" content=\"Exquisite Luxushotels in Salisbury - Urlaub &amp; Reisen\" \/>\n<meta property=\"og:description\" content=\"Die Stadt Salisbury in Wiltshire wird dominiert vom Turm ihrer wundersch\u00f6nen Kathedrale, die im 13. und 14. Jahrhundert erbaut wurde, wobei der Turm der h\u00f6chste Englands ist. Machen Sie eine Turmf\u00fchrung, klettern Sie die 332 Stufen zur Turmbasis hinauf und genie\u00dfen Sie den herrlichen Blick Suche Hotels in Salisbury Die sch\u00f6nsten 4 und 5 Sterne [&hellip;]\" \/>\n<meta property=\"og:url\" content=\"https:\/\/www.urlaubcornwall.de\/blog\/exquisite-luxushotels-in-salisbury\/\" \/>\n<meta property=\"og:site_name\" content=\"Urlaub &amp; Reisen\" \/>\n<meta property=\"article:modified_time\" content=\"2024-04-02T11:04:02+00:00\" \/>\n<meta property=\"og:image\" content=\"https:\/\/www.urlaubcornwall.de\/blog\/wp-content\/uploads\/2024\/03\/salisbury-cathederal.jpg\" \/>\n<meta name=\"twitter:card\" content=\"summary\" \/>\n<meta name=\"twitter:label1\" content=\"Est. reading time\" \/>\n\t<meta name=\"twitter:data1\" content=\"2 minutes\" \/>\n<script type=\"application\/ld+json\" class=\"yoast-schema-graph\">{\"@context\":\"https:\/\/schema.org\",\"@graph\":[{\"@type\":\"WebSite\",\"@id\":\"https:\/\/www.urlaubcornwall.de\/blog\/#website\",\"url\":\"https:\/\/www.urlaubcornwall.de\/blog\/\",\"name\":\"Urlaub &amp; Reisen\",\"description\":\"Urlaub, Reisen, Cornwall und S\u00fcdengland: eine perfekte Kombination\",\"potentialAction\":[{\"@type\":\"SearchAction\",\"target\":{\"@type\":\"EntryPoint\",\"urlTemplate\":\"https:\/\/www.urlaubcornwall.de\/blog\/?s={search_term_string}\"},\"query-input\":\"required name=search_term_string\"}],\"inLanguage\":\"en-US\"},{\"@type\":\"WebPage\",\"@id\":\"https:\/\/www.urlaubcornwall.de\/blog\/exquisite-luxushotels-in-salisbury\/\",\"url\":\"https:\/\/www.urlaubcornwall.de\/blog\/exquisite-luxushotels-in-salisbury\/\",\"name\":\"Exquisite Luxushotels in Salisbury - Urlaub &amp; Reisen\",\"isPartOf\":{\"@id\":\"https:\/\/www.urlaubcornwall.de\/blog\/#website\"},\"datePublished\":\"2021-10-18T13:08:05+00:00\",\"dateModified\":\"2024-04-02T11:04:02+00:00\",\"breadcrumb\":{\"@id\":\"https:\/\/www.urlaubcornwall.de\/blog\/exquisite-luxushotels-in-salisbury\/#breadcrumb\"},\"inLanguage\":\"en-US\",\"potentialAction\":[{\"@type\":\"ReadAction\",\"target\":[\"https:\/\/www.urlaubcornwall.de\/blog\/exquisite-luxushotels-in-salisbury\/\"]}]},{\"@type\":\"BreadcrumbList\",\"@id\":\"https:\/\/www.urlaubcornwall.de\/blog\/exquisite-luxushotels-in-salisbury\/#breadcrumb\",\"itemListElement\":[{\"@type\":\"ListItem\",\"position\":1,\"name\":\"Home\",\"item\":\"https:\/\/www.urlaubcornwall.de\/blog\/\"},{\"@type\":\"ListItem\",\"position\":2,\"name\":\"Exquisite Luxushotels in Salisbury\"}]}]}<\/script>\n<!-- \/ Yoast SEO plugin. -->","yoast_head_json":{"title":"Exquisite Luxushotels in Salisbury - Urlaub &amp; Reisen","robots":{"index":"index","follow":"follow","max-snippet":"max-snippet:-1","max-image-preview":"max-image-preview:large","max-video-preview":"max-video-preview:-1"},"canonical":"https:\/\/www.urlaubcornwall.de\/blog\/exquisite-luxushotels-in-salisbury\/","og_locale":"en_US","og_type":"article","og_title":"Exquisite Luxushotels in Salisbury - Urlaub &amp; Reisen","og_description":"Die Stadt Salisbury in Wiltshire wird dominiert vom Turm ihrer wundersch\u00f6nen Kathedrale, die im 13. und 14. Jahrhundert erbaut wurde, wobei der Turm der h\u00f6chste Englands ist. Machen Sie eine Turmf\u00fchrung, klettern Sie die 332 Stufen zur Turmbasis hinauf und genie\u00dfen Sie den herrlichen Blick Suche Hotels in Salisbury Die sch\u00f6nsten 4 und 5 Sterne [&hellip;]","og_url":"https:\/\/www.urlaubcornwall.de\/blog\/exquisite-luxushotels-in-salisbury\/","og_site_name":"Urlaub &amp; Reisen","article_modified_time":"2024-04-02T11:04:02+00:00","og_image":[{"url":"https:\/\/www.urlaubcornwall.de\/blog\/wp-content\/uploads\/2024\/03\/salisbury-cathederal.jpg"}],"twitter_card":"summary","twitter_misc":{"Est. reading time":"2 minutes"},"schema":{"@context":"https:\/\/schema.org","@graph":[{"@type":"WebSite","@id":"https:\/\/www.urlaubcornwall.de\/blog\/#website","url":"https:\/\/www.urlaubcornwall.de\/blog\/","name":"Urlaub &amp; Reisen","description":"Urlaub, Reisen, Cornwall und S\u00fcdengland: eine perfekte Kombination","potentialAction":[{"@type":"SearchAction","target":{"@type":"EntryPoint","urlTemplate":"https:\/\/www.urlaubcornwall.de\/blog\/?s={search_term_string}"},"query-input":"required name=search_term_string"}],"inLanguage":"en-US"},{"@type":"WebPage","@id":"https:\/\/www.urlaubcornwall.de\/blog\/exquisite-luxushotels-in-salisbury\/","url":"https:\/\/www.urlaubcornwall.de\/blog\/exquisite-luxushotels-in-salisbury\/","name":"Exquisite Luxushotels in Salisbury - Urlaub &amp; Reisen","isPartOf":{"@id":"https:\/\/www.urlaubcornwall.de\/blog\/#website"},"datePublished":"2021-10-18T13:08:05+00:00","dateModified":"2024-04-02T11:04:02+00:00","breadcrumb":{"@id":"https:\/\/www.urlaubcornwall.de\/blog\/exquisite-luxushotels-in-salisbury\/#breadcrumb"},"inLanguage":"en-US","potentialAction":[{"@type":"ReadAction","target":["https:\/\/www.urlaubcornwall.de\/blog\/exquisite-luxushotels-in-salisbury\/"]}]},{"@type":"BreadcrumbList","@id":"https:\/\/www.urlaubcornwall.de\/blog\/exquisite-luxushotels-in-salisbury\/#breadcrumb","itemListElement":[{"@type":"ListItem","position":1,"name":"Home","item":"https:\/\/www.urlaubcornwall.de\/blog\/"},{"@type":"ListItem","position":2,"name":"Exquisite Luxushotels in Salisbury"}]}]}},"_links":{"self":[{"href":"https:\/\/www.urlaubcornwall.de\/blog\/wp-json\/wp\/v2\/pages\/43411"}],"collection":[{"href":"https:\/\/www.urlaubcornwall.de\/blog\/wp-json\/wp\/v2\/pages"}],"about":[{"href":"https:\/\/www.urlaubcornwall.de\/blog\/wp-json\/wp\/v2\/types\/page"}],"author":[{"embeddable":true,"href":"https:\/\/www.urlaubcornwall.de\/blog\/wp-json\/wp\/v2\/users\/1"}],"replies":[{"embeddable":true,"href":"https:\/\/www.urlaubcornwall.de\/blog\/wp-json\/wp\/v2\/comments?post=43411"}],"version-history":[{"count":4,"href":"https:\/\/www.urlaubcornwall.de\/blog\/wp-json\/wp\/v2\/pages\/43411\/revisions"}],"predecessor-version":[{"id":48567,"href":"https:\/\/www.urlaubcornwall.de\/blog\/wp-json\/wp\/v2\/pages\/43411\/revisions\/48567"}],"wp:attachment":[{"href":"https:\/\/www.urlaubcornwall.de\/blog\/wp-json\/wp\/v2\/media?parent=43411"}],"curies":[{"name":"wp","href":"https:\/\/api.w.org\/{rel}","templated":true}]}}