{"id":43402,"date":"2021-10-18T08:14:48","date_gmt":"2021-10-18T08:14:48","guid":{"rendered":"https:\/\/www.urlaubcornwall.de\/blog\/?page_id=43402"},"modified":"2021-11-27T15:05:45","modified_gmt":"2021-11-27T15:05:45","slug":"exquisite-luxushotels-in-newquay","status":"publish","type":"page","link":"https:\/\/www.urlaubcornwall.de\/blog\/exquisite-luxushotels-in-newquay\/","title":{"rendered":"Exquisite Luxushotels in Newquay"},"content":{"rendered":"<p><img loading=\"lazy\" class=\"aligncenter size-full wp-image-40133\" src=\"https:\/\/www.urlaubcornwall.de\/blog\/wp-content\/uploads\/2020\/05\/towan-strand-newquay-rotated.jpg\" alt=\"towan strand newquay\" width=\"750\" height=\"562\" srcset=\"https:\/\/www.urlaubcornwall.de\/blog\/wp-content\/uploads\/2020\/05\/towan-strand-newquay-rotated.jpg 750w, https:\/\/www.urlaubcornwall.de\/blog\/wp-content\/uploads\/2020\/05\/towan-strand-newquay-300x225.jpg 300w\" sizes=\"(max-width: 750px) 100vw, 750px\" \/><\/p>\n<p>Als zweifelsohne die lebendigste Stadt an der Nordk\u00fcste sorgt Newquay sowohl f\u00fcr junge Nachtschw\u00e4rmer als auch Familien. Es gibt gro\u00dfartige Surfm\u00f6glichkeiten, jede Menge gesch\u00e4ftiger Kneipen und Caf\u00e9s, und es ist ein Paradies f\u00fcr Surf Lifestyle Shopping.<\/p>\n<p><strong>Suche Hotels in Newquay<\/strong><\/p>\n<p>Die sch\u00f6nsten 4 und 5 Sterne Hotels in Newquay f\u00fcr Ihren Luxusreise in Cornwall. Familienhotels, Last Minute Angebote und M\u00f6glichkeiten f\u00fcr Kinder bieten bis hin zu Luxus-Spa-Hotels, eleganten Herrenh\u00e4usern oder f\u00fcnf-Sterne Schloss- und Boutique-Hotels.<\/p>\n<p><a href=\"https:\/\/www.booking.com\/hotel\/gb\/the-headland.en.html?aid=1320750&#038;no_rooms=1&#038;group_adults=2\" rel=\"nofollow\">The Headland Hotel and Spa<\/a> &#8211; Dieses stilvolle viktorianische Hotel mit Aussicht auf den Strand Fistral bietet Ihnen ein mit 5 Bubbles bewertetes Spa, eine Surfschule, einen Approach-Golfplatz und eine Terrasse mit herrlichem Meerblick. Das Headland Hotel wurde mit 5 AA-Ratings ausgezeichnet und liegt 10 Gehminuten vom Zentrum von Newquay entfernt.<\/p>\n<p><a href=\"https:\/\/www.booking.com\/hotel\/gb\/the-lewinnick-lodge.en.html?aid=1320750&#038;no_rooms=1&#038;group_adults=2\" rel=\"nofollow\">The Lewinnick Lodge<\/a> &#8211; Dieses Boutique-Hotel erwartet Sie mit einer spektakul\u00e4ren Aussicht auf den Atlantik oberhalb der Klippen von Pentire Headland. Freuen Sie sich auf Designer-Zimmern und eine modernes Restaurant. Zum ber\u00fchmten Strand Fistral Beach gelangen Sie schon nach 5 Autominuten.<\/p>\n<p><a href=\"https:\/\/www.booking.com\/hotel\/gb\/the-esplanade.en.html?aid=1320750&#038;no_rooms=1&#038;group_adults=2\" rel=\"nofollow\">Esplanade Hotel<\/a> &#8211; Das Esplanade Hotel bietet Blick auf den Fistral Beach und atemberaubende Aussicht auf den Atlantik, einen kinderfreundlichen Innenpool, einen Whirlpool und eine Sauna. Das hoteleigene Restaurant Ocean View verw\u00f6hnt Sie mit frischer K\u00fcche aus einheimischen Produkten. WLAN ist im gesamten Hotel kostenfrei verf\u00fcgbar.<\/p>\n<p><a href=\"https:\/\/www.booking.com\/hotel\/gb\/bedruthan-steps.en.html?aid=1320750&#038;no_rooms=1&#038;group_adults=2\" rel=\"nofollow\">Bedruthan Hotel &#038; Spa<\/a> &#8211; Das Bedruthan Hotel &#038; Spa empf\u00e4ngt Sie an einem rauen Kliff im cornischen Dorf Mawgan Porth mit herrlichem Blick auf den atlantischen Ozean. Das 4-Sterne-Boutique-Hotel verf\u00fcgt \u00fcber ein luxuri\u00f6ses Spa und ein Restaurant. In Ihrer Freizeit stehen Ihnen ein Fitnessstudio, Innen- und Au\u00dfenpools, ein Spielzimmer und ein ans\u00e4ssiger Surflehrer zur Verf\u00fcgung. Entspannen Sie in der nur f\u00fcr Erwachsene zug\u00e4nglichen Thermal-Suite mit Sauna, Whirlpool und Dampfbad.<\/p>\n<p><ins class=\"bookingaff\" data-aid=\"1700636\" data-target_aid=\"1700636\" data-prod=\"map\" data-width=\"100%\" data-height=\"590\" data-lang=\"ualng\" data-dest_id=\"0\" data-dest_type=\"landmark\" data-latitude=\"50.415497\" data-longitude=\"-5.073719\" data-mwhsb=\"0\" data-address=\"Newquay, UK\"><br \/>\n    <!-- Anything inside will go away once widget is loaded. --><br \/>\n        <a href=\"\/\/www.booking.com?aid=1700636\" rel=\"nofollow\">Booking.com<\/a><br \/>\n<\/ins><br \/>\n<script type=\"text\/javascript\">\n    (function(d, sc, u) {\n      var s = d.createElement(sc), p = d.getElementsByTagName(sc)[0];\n      s.type = 'text\/javascript';\n      s.async = true;\n      s.src = u + '?v=' + (+new Date());\n      p.parentNode.insertBefore(s,p);\n      })(document, 'script', '\/\/aff.bstatic.com\/static\/affiliate_base\/js\/flexiproduct.js');\n<\/script><\/p>\n<p style=\"text-align: left;\"><b>Klicken Sie <\/b><strong>hier<\/strong><b>, um sich unser vollst\u00e4ndiges Angebot der besten <a href=\"https:\/\/www.urlaubcornwall.de\/hotels.php\">Hotels in Cornwall&gt;&gt;<\/a><\/b><\/p>\n","protected":false},"excerpt":{"rendered":"<p>Als zweifelsohne die lebendigste Stadt an der Nordk\u00fcste sorgt Newquay sowohl f\u00fcr junge Nachtschw\u00e4rmer als auch Familien. Es gibt gro\u00dfartige Surfm\u00f6glichkeiten, jede Menge gesch\u00e4ftiger Kneipen und Caf\u00e9s, und es ist ein Paradies f\u00fcr Surf Lifestyle Shopping. Suche Hotels in Newquay Die sch\u00f6nsten 4 und 5 Sterne Hotels in Newquay f\u00fcr Ihren Luxusreise in Cornwall. Familienhotels, [&hellip;]<\/p>\n","protected":false},"author":1,"featured_media":0,"parent":0,"menu_order":0,"comment_status":"closed","ping_status":"closed","template":"single-four.php","meta":[],"acf":[],"yoast_head":"<!-- This site is optimized with the Yoast SEO plugin v19.4 - https:\/\/yoast.com\/wordpress\/plugins\/seo\/ -->\n<title>Exquisite Luxushotels in Newquay - Urlaub &amp; Reisen<\/title>\n<meta name=\"description\" content=\"Als zweifelsohne die lebendigste Stadt an der Nordk\u00fcste sorgt Newquay sowohl f\u00fcr junge Nachtschw\u00e4rmer als auch Familien. Es gibt gro\u00dfartige Surfm\u00f6glichkeiten, jede Menge gesch\u00e4ftiger Kneipen und Caf\u00e9s, und es ist ein Paradies f\u00fcr Surf Lifestyle Shopping.\" \/>\n<meta name=\"robots\" content=\"index, follow, max-snippet:-1, max-image-preview:large, max-video-preview:-1\" \/>\n<link rel=\"canonical\" href=\"https:\/\/www.urlaubcornwall.de\/blog\/exquisite-luxushotels-in-newquay\/\" \/>\n<meta property=\"og:locale\" content=\"en_US\" \/>\n<meta property=\"og:type\" content=\"article\" \/>\n<meta property=\"og:title\" content=\"Exquisite Luxushotels in Newquay - Urlaub &amp; Reisen\" \/>\n<meta property=\"og:description\" content=\"Als zweifelsohne die lebendigste Stadt an der Nordk\u00fcste sorgt Newquay sowohl f\u00fcr junge Nachtschw\u00e4rmer als auch Familien. Es gibt gro\u00dfartige Surfm\u00f6glichkeiten, jede Menge gesch\u00e4ftiger Kneipen und Caf\u00e9s, und es ist ein Paradies f\u00fcr Surf Lifestyle Shopping.\" \/>\n<meta property=\"og:url\" content=\"https:\/\/www.urlaubcornwall.de\/blog\/exquisite-luxushotels-in-newquay\/\" \/>\n<meta property=\"og:site_name\" content=\"Urlaub &amp; Reisen\" \/>\n<meta property=\"article:modified_time\" content=\"2021-11-27T15:05:45+00:00\" \/>\n<meta property=\"og:image\" content=\"https:\/\/www.urlaubcornwall.de\/blog\/wp-content\/uploads\/2020\/05\/towan-strand-newquay-rotated.jpg\" \/>\n<meta name=\"twitter:card\" content=\"summary\" \/>\n<meta name=\"twitter:label1\" content=\"Est. reading time\" \/>\n\t<meta name=\"twitter:data1\" content=\"2 minutes\" \/>\n<script type=\"application\/ld+json\" class=\"yoast-schema-graph\">{\"@context\":\"https:\/\/schema.org\",\"@graph\":[{\"@type\":\"WebSite\",\"@id\":\"https:\/\/www.urlaubcornwall.de\/blog\/#website\",\"url\":\"https:\/\/www.urlaubcornwall.de\/blog\/\",\"name\":\"Urlaub &amp; Reisen\",\"description\":\"Urlaub, Reisen, Cornwall und S\u00fcdengland: eine perfekte Kombination\",\"potentialAction\":[{\"@type\":\"SearchAction\",\"target\":{\"@type\":\"EntryPoint\",\"urlTemplate\":\"https:\/\/www.urlaubcornwall.de\/blog\/?s={search_term_string}\"},\"query-input\":\"required name=search_term_string\"}],\"inLanguage\":\"en-US\"},{\"@type\":\"WebPage\",\"@id\":\"https:\/\/www.urlaubcornwall.de\/blog\/exquisite-luxushotels-in-newquay\/\",\"url\":\"https:\/\/www.urlaubcornwall.de\/blog\/exquisite-luxushotels-in-newquay\/\",\"name\":\"Exquisite Luxushotels in Newquay - Urlaub &amp; Reisen\",\"isPartOf\":{\"@id\":\"https:\/\/www.urlaubcornwall.de\/blog\/#website\"},\"datePublished\":\"2021-10-18T08:14:48+00:00\",\"dateModified\":\"2021-11-27T15:05:45+00:00\",\"description\":\"Als zweifelsohne die lebendigste Stadt an der Nordk\u00fcste sorgt Newquay sowohl f\u00fcr junge Nachtschw\u00e4rmer als auch Familien. Es gibt gro\u00dfartige Surfm\u00f6glichkeiten, jede Menge gesch\u00e4ftiger Kneipen und Caf\u00e9s, und es ist ein Paradies f\u00fcr Surf Lifestyle Shopping.\",\"breadcrumb\":{\"@id\":\"https:\/\/www.urlaubcornwall.de\/blog\/exquisite-luxushotels-in-newquay\/#breadcrumb\"},\"inLanguage\":\"en-US\",\"potentialAction\":[{\"@type\":\"ReadAction\",\"target\":[\"https:\/\/www.urlaubcornwall.de\/blog\/exquisite-luxushotels-in-newquay\/\"]}]},{\"@type\":\"BreadcrumbList\",\"@id\":\"https:\/\/www.urlaubcornwall.de\/blog\/exquisite-luxushotels-in-newquay\/#breadcrumb\",\"itemListElement\":[{\"@type\":\"ListItem\",\"position\":1,\"name\":\"Home\",\"item\":\"https:\/\/www.urlaubcornwall.de\/blog\/\"},{\"@type\":\"ListItem\",\"position\":2,\"name\":\"Exquisite Luxushotels in Newquay\"}]}]}<\/script>\n<!-- \/ Yoast SEO plugin. -->","yoast_head_json":{"title":"Exquisite Luxushotels in Newquay - Urlaub &amp; Reisen","description":"Als zweifelsohne die lebendigste Stadt an der Nordk\u00fcste sorgt Newquay sowohl f\u00fcr junge Nachtschw\u00e4rmer als auch Familien. Es gibt gro\u00dfartige Surfm\u00f6glichkeiten, jede Menge gesch\u00e4ftiger Kneipen und Caf\u00e9s, und es ist ein Paradies f\u00fcr Surf Lifestyle Shopping.","robots":{"index":"index","follow":"follow","max-snippet":"max-snippet:-1","max-image-preview":"max-image-preview:large","max-video-preview":"max-video-preview:-1"},"canonical":"https:\/\/www.urlaubcornwall.de\/blog\/exquisite-luxushotels-in-newquay\/","og_locale":"en_US","og_type":"article","og_title":"Exquisite Luxushotels in Newquay - Urlaub &amp; Reisen","og_description":"Als zweifelsohne die lebendigste Stadt an der Nordk\u00fcste sorgt Newquay sowohl f\u00fcr junge Nachtschw\u00e4rmer als auch Familien. Es gibt gro\u00dfartige Surfm\u00f6glichkeiten, jede Menge gesch\u00e4ftiger Kneipen und Caf\u00e9s, und es ist ein Paradies f\u00fcr Surf Lifestyle Shopping.","og_url":"https:\/\/www.urlaubcornwall.de\/blog\/exquisite-luxushotels-in-newquay\/","og_site_name":"Urlaub &amp; Reisen","article_modified_time":"2021-11-27T15:05:45+00:00","og_image":[{"url":"https:\/\/www.urlaubcornwall.de\/blog\/wp-content\/uploads\/2020\/05\/towan-strand-newquay-rotated.jpg"}],"twitter_card":"summary","twitter_misc":{"Est. reading time":"2 minutes"},"schema":{"@context":"https:\/\/schema.org","@graph":[{"@type":"WebSite","@id":"https:\/\/www.urlaubcornwall.de\/blog\/#website","url":"https:\/\/www.urlaubcornwall.de\/blog\/","name":"Urlaub &amp; Reisen","description":"Urlaub, Reisen, Cornwall und S\u00fcdengland: eine perfekte Kombination","potentialAction":[{"@type":"SearchAction","target":{"@type":"EntryPoint","urlTemplate":"https:\/\/www.urlaubcornwall.de\/blog\/?s={search_term_string}"},"query-input":"required name=search_term_string"}],"inLanguage":"en-US"},{"@type":"WebPage","@id":"https:\/\/www.urlaubcornwall.de\/blog\/exquisite-luxushotels-in-newquay\/","url":"https:\/\/www.urlaubcornwall.de\/blog\/exquisite-luxushotels-in-newquay\/","name":"Exquisite Luxushotels in Newquay - Urlaub &amp; Reisen","isPartOf":{"@id":"https:\/\/www.urlaubcornwall.de\/blog\/#website"},"datePublished":"2021-10-18T08:14:48+00:00","dateModified":"2021-11-27T15:05:45+00:00","description":"Als zweifelsohne die lebendigste Stadt an der Nordk\u00fcste sorgt Newquay sowohl f\u00fcr junge Nachtschw\u00e4rmer als auch Familien. Es gibt gro\u00dfartige Surfm\u00f6glichkeiten, jede Menge gesch\u00e4ftiger Kneipen und Caf\u00e9s, und es ist ein Paradies f\u00fcr Surf Lifestyle Shopping.","breadcrumb":{"@id":"https:\/\/www.urlaubcornwall.de\/blog\/exquisite-luxushotels-in-newquay\/#breadcrumb"},"inLanguage":"en-US","potentialAction":[{"@type":"ReadAction","target":["https:\/\/www.urlaubcornwall.de\/blog\/exquisite-luxushotels-in-newquay\/"]}]},{"@type":"BreadcrumbList","@id":"https:\/\/www.urlaubcornwall.de\/blog\/exquisite-luxushotels-in-newquay\/#breadcrumb","itemListElement":[{"@type":"ListItem","position":1,"name":"Home","item":"https:\/\/www.urlaubcornwall.de\/blog\/"},{"@type":"ListItem","position":2,"name":"Exquisite Luxushotels in Newquay"}]}]}},"_links":{"self":[{"href":"https:\/\/www.urlaubcornwall.de\/blog\/wp-json\/wp\/v2\/pages\/43402"}],"collection":[{"href":"https:\/\/www.urlaubcornwall.de\/blog\/wp-json\/wp\/v2\/pages"}],"about":[{"href":"https:\/\/www.urlaubcornwall.de\/blog\/wp-json\/wp\/v2\/types\/page"}],"author":[{"embeddable":true,"href":"https:\/\/www.urlaubcornwall.de\/blog\/wp-json\/wp\/v2\/users\/1"}],"replies":[{"embeddable":true,"href":"https:\/\/www.urlaubcornwall.de\/blog\/wp-json\/wp\/v2\/comments?post=43402"}],"version-history":[{"count":5,"href":"https:\/\/www.urlaubcornwall.de\/blog\/wp-json\/wp\/v2\/pages\/43402\/revisions"}],"predecessor-version":[{"id":44186,"href":"https:\/\/www.urlaubcornwall.de\/blog\/wp-json\/wp\/v2\/pages\/43402\/revisions\/44186"}],"wp:attachment":[{"href":"https:\/\/www.urlaubcornwall.de\/blog\/wp-json\/wp\/v2\/media?parent=43402"}],"curies":[{"name":"wp","href":"https:\/\/api.w.org\/{rel}","templated":true}]}}