{"id":43386,"date":"2021-10-15T09:11:10","date_gmt":"2021-10-15T09:11:10","guid":{"rendered":"https:\/\/www.urlaubcornwall.de\/blog\/?page_id=43386"},"modified":"2024-05-29T10:42:42","modified_gmt":"2024-05-29T10:42:42","slug":"exquisite-luxushotels-in-dublin","status":"publish","type":"page","link":"https:\/\/www.urlaubcornwall.de\/blog\/exquisite-luxushotels-in-dublin\/","title":{"rendered":"Exquisite Luxushotels in Dublin"},"content":{"rendered":"<p><a href=\"https:\/\/www.urlaubcornwall.de\/blog\/wp-content\/uploads\/2024\/03\/dublin.jpg\"><img loading=\"lazy\" src=\"https:\/\/www.urlaubcornwall.de\/blog\/wp-content\/uploads\/2024\/03\/dublin.jpg\" alt=\"dublin\" width=\"750\" height=\"500\" class=\"alignnone size-full wp-image-47814\" srcset=\"https:\/\/www.urlaubcornwall.de\/blog\/wp-content\/uploads\/2024\/03\/dublin.jpg 750w, https:\/\/www.urlaubcornwall.de\/blog\/wp-content\/uploads\/2024\/03\/dublin-300x200.jpg 300w\" sizes=\"(max-width: 750px) 100vw, 750px\" \/><\/a><\/p>\n<p>Dublin ist eine Mischung aus Tradition, Modern, Nighlife, gem\u00fctlichen Pubs und fr\u00f6hlichen Menschen. Dublin ist eine von Europas aufregendsten Hauptst\u00e4dten und bietet alles, was man sich f\u00fcr eine St\u00e4dtetour w\u00fcnschen kann. Kurzreisen nach Dublin, z.B. f\u00fcr ein Wochenende vom Spezialisten.<\/p>\n<p><strong>Suche Hotels in Dublin<\/strong><\/p>\n<p>Die sch\u00f6nsten 4 und 5 Sterne Hotels in Dublin f\u00fcr Ihren Luxusreise in <a href=\"https:\/\/www.urlaubcornwall.de\/blog\/erleben-sie-irland-die-emerald-insel\/\">Irland<\/a>. Familienhotels, Last Minute Angebote und M\u00f6glichkeiten f\u00fcr Kinder bieten bis hin zu Luxus-Spa-Hotels, eleganten Herrenh\u00e4usern oder f\u00fcnf-Sterne Schloss- und Boutique-Hotels.<\/p>\n<p><a href=\"https:\/\/www.booking.com\/hotel\/ie\/the-grafton.en.html?aid=1320750&#038;no_rooms=1&#038;group_adults=2\" rel=\"nofollow\">The Grafton Hotel<\/a> &#8211; Das Grafton Hotel verf\u00fcgt \u00fcber eine Bar und eine Terrasse. Zu den Einrichtungen der Unterkunft geh\u00f6ren ein Restaurant, eine 24-Stunden-Rezeption und ein Zimmerservice sowie kostenfreies WLAN in der gesamten Unterkunft. Das Hotel verf\u00fcgt \u00fcber Familienzimmer.<\/p>\n<p><a href=\"https:\/\/www.booking.com\/hotel\/ie\/the-westbury.en.html?aid=1320750&#038;no_rooms=1&#038;group_adults=2\" rel=\"nofollow\">Westbury Hotel<\/a> &#8211; Das luxuri\u00f6se 5-Sterne-Hotel Westbury verf\u00fcgt \u00fcber ger\u00e4umige und luxuri\u00f6s eingerichtete Zimmer mit eigenem Bad. Das Westbury an der Stra\u00dfe Grafton Street in Dublin erwartet Sie mit fantastischen Restaurants, einer Bar und einem Fitnessraum.<\/p>\n<p><a href=\"https:\/\/www.booking.com\/hotel\/ie\/radissonsassthelenshotel.en.html?aid=1320750&#038;no_rooms=1&#038;group_adults=2\" rel=\"nofollow\">Radisson Blu St. Helen&#8217;s Hotel<\/a> &#8211; Das luxuri\u00f6se Radisson Blu St. Helen&#8217;s Hotel begr\u00fc\u00dft Sie inmitten eines 1,6 ha gro\u00dfen, wundersch\u00f6nen eigenen Gartens mit ger\u00e4umigen und luxuri\u00f6sen Zimmern. Sie k\u00f6nnen sich entspannen und eine Auswahl an 6 Essbereichen mit Gartenblick und 2 Gartenterrassen im Freien genie\u00dfen. Das Hotel befindet sich auf dem historischen Anwesen St Helen&#8217;s, eine 10-min\u00fctige Fahrt vom Stadtzentrum von Dublin entfernt.<\/p>\n<p><a href=\"https:\/\/www.booking.com\/hotel\/ie\/powerscourt-hotel.en.html?aid=1320750&#038;no_rooms=1&#038;group_adults=2\" rel=\"nofollow\">Powerscourt Hotel, Autograph Collection<\/a> &#8211; Das Powerscourt Hotel ist ein 5-Sterne-Hotel, das in den W\u00e4ldern der Grafschaft Wicklow an der wundersch\u00f6nen Ostk\u00fcste Irlands liegt. Freuen Sie sich auf atemberaubende Wellnesseinrichtungen und das preisgekr\u00f6nte Restaurant Sika. Die opulent eingerichteten Zimmer verf\u00fcgen alle \u00fcber ein Marmorbad, eine separate Regendusche und Federbetten.<\/p>\n<p><ins class=\"bookingaff\" data-aid=\"2198032\" data-target_aid=\"2198032\" data-prod=\"map\" data-width=\"100%\" data-height=\"590\" data-lang=\"ualng\" data-dest_id=\"0\" data-dest_type=\"landmark\" data-latitude=\"53.3498053\" data-longitude=\"-6.2603097\" data-mwhsb=\"0\" data-address=\"Dublin, Ireland\"><br \/>\n    <!-- Anything inside will go away once widget is loaded. --><br \/>\n        <a href=\"\/\/www.booking.com?aid=2198032\" rel=\"nofollow\">Booking.com<\/a><br \/>\n<\/ins><br \/>\n<script type=\"text\/javascript\">\n    (function(d, sc, u) {\n      var s = d.createElement(sc), p = d.getElementsByTagName(sc)[0];\n      s.type = 'text\/javascript';\n      s.async = true;\n      s.src = u + '?v=' + (+new Date());\n      p.parentNode.insertBefore(s,p);\n      })(document, 'script', '\/\/aff.bstatic.com\/static\/affiliate_base\/js\/flexiproduct.js');\n<\/script><\/p>\n<div class=\"snippet\"> <a class=\"featured-item\" href=\" https:\/\/www.urlaubcornwall.de\/blog\/rundreisen-irland\/\"> <span class=\"image-holder\" style=\"background-image: url(' https:\/\/www.urlaubcornwall.de\/blog\/wp-content\/uploads\/2024\/03\/Cork-irland.jpg');\"><\/span> <span class=\"featured-content\"> \n<h2 class=\"featured-title\">Rundreisen durch Irland<\/h2>\n<p class=\"featured-body\">Von den Sehensw\u00fcrdigkeiten von Irlands Wild Atlantic Way, einer herrlichen K\u00fcstenroute von Cork nach Connemara und Donegal bis hin zu einer Flucht auf eine irische Insel &#8230;&#8230;<\/p>\n<\/span> <span class=\"featured-link-holder\"> <span class=\"featured-extra-info\"> \n<p>F\u00fcr Paare, Familien &#038; Gruppen<\/p>\n<\/span> \n<p class=\"featured-link\">DETAILS<\/p>\n<\/span> <\/a><\/div>\n<div class=\"snippet\"> <a class=\"featured-item\" href=\" https:\/\/www.urlaubcornwall.de\/blog\/gefuehrte-busreisen-und-busrundreisen-in-irland\/\"> <span class=\"image-holder\" style=\"background-image: url(' https:\/\/www.urlaubcornwall.de\/blog\/wp-content\/uploads\/2019\/01\/wild-atlantic-way-irland.jpg');\"><\/span> <span class=\"featured-content\"> \n<h2 class=\"featured-title\">Gef\u00fchrte Busreisen und Busrundreisen in Irland<\/h2>\n<p class=\"featured-body\">Vielleicht suchen Sie ja eine Reise zu Sehensw\u00fcrdigkeiten, oder Sie haben besondere Interessen, wie zum Beispiel Gartenreisen und Literaturreisen&#8230;&#8230;.<\/p>\n<\/span> <span class=\"featured-link-holder\"> <span class=\"featured-extra-info\"> \n<p>F\u00fcr Paare, Familien &#038; Gruppen<\/p>\n<\/span> \n<p class=\"featured-link\">DETAILS<\/p>\n<\/span> <\/a><\/div>\n","protected":false},"excerpt":{"rendered":"<p>Dublin ist eine Mischung aus Tradition, Modern, Nighlife, gem\u00fctlichen Pubs und fr\u00f6hlichen Menschen. Dublin ist eine von Europas aufregendsten Hauptst\u00e4dten und bietet alles, was man sich f\u00fcr eine St\u00e4dtetour w\u00fcnschen kann. Kurzreisen nach Dublin, z.B. f\u00fcr ein Wochenende vom Spezialisten. Suche Hotels in Dublin Die sch\u00f6nsten 4 und 5 Sterne Hotels in Dublin f\u00fcr Ihren [&hellip;]<\/p>\n","protected":false},"author":1,"featured_media":0,"parent":0,"menu_order":0,"comment_status":"closed","ping_status":"closed","template":"single-four.php","meta":[],"acf":[],"yoast_head":"<!-- This site is optimized with the Yoast SEO plugin v19.4 - https:\/\/yoast.com\/wordpress\/plugins\/seo\/ -->\n<title>Exquisite Luxushotels in Dublin - Urlaub &amp; Reisen<\/title>\n<meta name=\"description\" content=\"Dublin ist eine Mischung aus Tradition, Modern, Nighlife, gem\u00fctlichen Pubs und fr\u00f6hlichen Menschen. Dublin ist eine von Europas aufregendsten Hauptst\u00e4dten und bietet alles, was man sich f\u00fcr eine St\u00e4dtetour w\u00fcnschen kann. Kurzreisen nach Dublin, z.B. f\u00fcr ein Wochenende vom Spezialisten.\" \/>\n<meta name=\"robots\" content=\"index, follow, max-snippet:-1, max-image-preview:large, max-video-preview:-1\" \/>\n<link rel=\"canonical\" href=\"https:\/\/www.urlaubcornwall.de\/blog\/exquisite-luxushotels-in-dublin\/\" \/>\n<meta property=\"og:locale\" content=\"en_US\" \/>\n<meta property=\"og:type\" content=\"article\" \/>\n<meta property=\"og:title\" content=\"Exquisite Luxushotels in Dublin - Urlaub &amp; Reisen\" \/>\n<meta property=\"og:description\" content=\"Dublin ist eine Mischung aus Tradition, Modern, Nighlife, gem\u00fctlichen Pubs und fr\u00f6hlichen Menschen. Dublin ist eine von Europas aufregendsten Hauptst\u00e4dten und bietet alles, was man sich f\u00fcr eine St\u00e4dtetour w\u00fcnschen kann. Kurzreisen nach Dublin, z.B. f\u00fcr ein Wochenende vom Spezialisten.\" \/>\n<meta property=\"og:url\" content=\"https:\/\/www.urlaubcornwall.de\/blog\/exquisite-luxushotels-in-dublin\/\" \/>\n<meta property=\"og:site_name\" content=\"Urlaub &amp; Reisen\" \/>\n<meta property=\"article:modified_time\" content=\"2024-05-29T10:42:42+00:00\" \/>\n<meta property=\"og:image\" content=\"https:\/\/www.urlaubcornwall.de\/blog\/wp-content\/uploads\/2024\/03\/dublin.jpg\" \/>\n<meta name=\"twitter:card\" content=\"summary\" \/>\n<meta name=\"twitter:label1\" content=\"Est. reading time\" \/>\n\t<meta name=\"twitter:data1\" content=\"2 minutes\" \/>\n<script type=\"application\/ld+json\" class=\"yoast-schema-graph\">{\"@context\":\"https:\/\/schema.org\",\"@graph\":[{\"@type\":\"WebSite\",\"@id\":\"https:\/\/www.urlaubcornwall.de\/blog\/#website\",\"url\":\"https:\/\/www.urlaubcornwall.de\/blog\/\",\"name\":\"Urlaub &amp; Reisen\",\"description\":\"Urlaub, Reisen, Cornwall und S\u00fcdengland: eine perfekte Kombination\",\"potentialAction\":[{\"@type\":\"SearchAction\",\"target\":{\"@type\":\"EntryPoint\",\"urlTemplate\":\"https:\/\/www.urlaubcornwall.de\/blog\/?s={search_term_string}\"},\"query-input\":\"required name=search_term_string\"}],\"inLanguage\":\"en-US\"},{\"@type\":\"WebPage\",\"@id\":\"https:\/\/www.urlaubcornwall.de\/blog\/exquisite-luxushotels-in-dublin\/\",\"url\":\"https:\/\/www.urlaubcornwall.de\/blog\/exquisite-luxushotels-in-dublin\/\",\"name\":\"Exquisite Luxushotels in Dublin - Urlaub &amp; Reisen\",\"isPartOf\":{\"@id\":\"https:\/\/www.urlaubcornwall.de\/blog\/#website\"},\"datePublished\":\"2021-10-15T09:11:10+00:00\",\"dateModified\":\"2024-05-29T10:42:42+00:00\",\"description\":\"Dublin ist eine Mischung aus Tradition, Modern, Nighlife, gem\u00fctlichen Pubs und fr\u00f6hlichen Menschen. Dublin ist eine von Europas aufregendsten Hauptst\u00e4dten und bietet alles, was man sich f\u00fcr eine St\u00e4dtetour w\u00fcnschen kann. Kurzreisen nach Dublin, z.B. f\u00fcr ein Wochenende vom Spezialisten.\",\"breadcrumb\":{\"@id\":\"https:\/\/www.urlaubcornwall.de\/blog\/exquisite-luxushotels-in-dublin\/#breadcrumb\"},\"inLanguage\":\"en-US\",\"potentialAction\":[{\"@type\":\"ReadAction\",\"target\":[\"https:\/\/www.urlaubcornwall.de\/blog\/exquisite-luxushotels-in-dublin\/\"]}]},{\"@type\":\"BreadcrumbList\",\"@id\":\"https:\/\/www.urlaubcornwall.de\/blog\/exquisite-luxushotels-in-dublin\/#breadcrumb\",\"itemListElement\":[{\"@type\":\"ListItem\",\"position\":1,\"name\":\"Home\",\"item\":\"https:\/\/www.urlaubcornwall.de\/blog\/\"},{\"@type\":\"ListItem\",\"position\":2,\"name\":\"Exquisite Luxushotels in Dublin\"}]}]}<\/script>\n<!-- \/ Yoast SEO plugin. -->","yoast_head_json":{"title":"Exquisite Luxushotels in Dublin - Urlaub &amp; Reisen","description":"Dublin ist eine Mischung aus Tradition, Modern, Nighlife, gem\u00fctlichen Pubs und fr\u00f6hlichen Menschen. Dublin ist eine von Europas aufregendsten Hauptst\u00e4dten und bietet alles, was man sich f\u00fcr eine St\u00e4dtetour w\u00fcnschen kann. Kurzreisen nach Dublin, z.B. f\u00fcr ein Wochenende vom Spezialisten.","robots":{"index":"index","follow":"follow","max-snippet":"max-snippet:-1","max-image-preview":"max-image-preview:large","max-video-preview":"max-video-preview:-1"},"canonical":"https:\/\/www.urlaubcornwall.de\/blog\/exquisite-luxushotels-in-dublin\/","og_locale":"en_US","og_type":"article","og_title":"Exquisite Luxushotels in Dublin - Urlaub &amp; Reisen","og_description":"Dublin ist eine Mischung aus Tradition, Modern, Nighlife, gem\u00fctlichen Pubs und fr\u00f6hlichen Menschen. Dublin ist eine von Europas aufregendsten Hauptst\u00e4dten und bietet alles, was man sich f\u00fcr eine St\u00e4dtetour w\u00fcnschen kann. Kurzreisen nach Dublin, z.B. f\u00fcr ein Wochenende vom Spezialisten.","og_url":"https:\/\/www.urlaubcornwall.de\/blog\/exquisite-luxushotels-in-dublin\/","og_site_name":"Urlaub &amp; Reisen","article_modified_time":"2024-05-29T10:42:42+00:00","og_image":[{"url":"https:\/\/www.urlaubcornwall.de\/blog\/wp-content\/uploads\/2024\/03\/dublin.jpg"}],"twitter_card":"summary","twitter_misc":{"Est. reading time":"2 minutes"},"schema":{"@context":"https:\/\/schema.org","@graph":[{"@type":"WebSite","@id":"https:\/\/www.urlaubcornwall.de\/blog\/#website","url":"https:\/\/www.urlaubcornwall.de\/blog\/","name":"Urlaub &amp; Reisen","description":"Urlaub, Reisen, Cornwall und S\u00fcdengland: eine perfekte Kombination","potentialAction":[{"@type":"SearchAction","target":{"@type":"EntryPoint","urlTemplate":"https:\/\/www.urlaubcornwall.de\/blog\/?s={search_term_string}"},"query-input":"required name=search_term_string"}],"inLanguage":"en-US"},{"@type":"WebPage","@id":"https:\/\/www.urlaubcornwall.de\/blog\/exquisite-luxushotels-in-dublin\/","url":"https:\/\/www.urlaubcornwall.de\/blog\/exquisite-luxushotels-in-dublin\/","name":"Exquisite Luxushotels in Dublin - Urlaub &amp; Reisen","isPartOf":{"@id":"https:\/\/www.urlaubcornwall.de\/blog\/#website"},"datePublished":"2021-10-15T09:11:10+00:00","dateModified":"2024-05-29T10:42:42+00:00","description":"Dublin ist eine Mischung aus Tradition, Modern, Nighlife, gem\u00fctlichen Pubs und fr\u00f6hlichen Menschen. Dublin ist eine von Europas aufregendsten Hauptst\u00e4dten und bietet alles, was man sich f\u00fcr eine St\u00e4dtetour w\u00fcnschen kann. Kurzreisen nach Dublin, z.B. f\u00fcr ein Wochenende vom Spezialisten.","breadcrumb":{"@id":"https:\/\/www.urlaubcornwall.de\/blog\/exquisite-luxushotels-in-dublin\/#breadcrumb"},"inLanguage":"en-US","potentialAction":[{"@type":"ReadAction","target":["https:\/\/www.urlaubcornwall.de\/blog\/exquisite-luxushotels-in-dublin\/"]}]},{"@type":"BreadcrumbList","@id":"https:\/\/www.urlaubcornwall.de\/blog\/exquisite-luxushotels-in-dublin\/#breadcrumb","itemListElement":[{"@type":"ListItem","position":1,"name":"Home","item":"https:\/\/www.urlaubcornwall.de\/blog\/"},{"@type":"ListItem","position":2,"name":"Exquisite Luxushotels in Dublin"}]}]}},"_links":{"self":[{"href":"https:\/\/www.urlaubcornwall.de\/blog\/wp-json\/wp\/v2\/pages\/43386"}],"collection":[{"href":"https:\/\/www.urlaubcornwall.de\/blog\/wp-json\/wp\/v2\/pages"}],"about":[{"href":"https:\/\/www.urlaubcornwall.de\/blog\/wp-json\/wp\/v2\/types\/page"}],"author":[{"embeddable":true,"href":"https:\/\/www.urlaubcornwall.de\/blog\/wp-json\/wp\/v2\/users\/1"}],"replies":[{"embeddable":true,"href":"https:\/\/www.urlaubcornwall.de\/blog\/wp-json\/wp\/v2\/comments?post=43386"}],"version-history":[{"count":5,"href":"https:\/\/www.urlaubcornwall.de\/blog\/wp-json\/wp\/v2\/pages\/43386\/revisions"}],"predecessor-version":[{"id":50584,"href":"https:\/\/www.urlaubcornwall.de\/blog\/wp-json\/wp\/v2\/pages\/43386\/revisions\/50584"}],"wp:attachment":[{"href":"https:\/\/www.urlaubcornwall.de\/blog\/wp-json\/wp\/v2\/media?parent=43386"}],"curies":[{"name":"wp","href":"https:\/\/api.w.org\/{rel}","templated":true}]}}