{"id":43381,"date":"2021-10-15T08:31:29","date_gmt":"2021-10-15T08:31:29","guid":{"rendered":"https:\/\/www.urlaubcornwall.de\/blog\/?page_id=43381"},"modified":"2024-04-15T15:50:01","modified_gmt":"2024-04-15T15:50:01","slug":"exquisite-luxushotels-in-torquay","status":"publish","type":"page","link":"https:\/\/www.urlaubcornwall.de\/blog\/exquisite-luxushotels-in-torquay\/","title":{"rendered":"Exquisite Luxushotels in Torquay"},"content":{"rendered":"<p style=\"text-align: left;\"><img loading=\"lazy\" class=\"aligncenter size-full wp-image-47875\" src=\"https:\/\/www.urlaubcornwall.de\/blog\/wp-content\/uploads\/2024\/03\/torquay.jpg\" alt=\"torquay\" width=\"750\" height=\"500\" srcset=\"https:\/\/www.urlaubcornwall.de\/blog\/wp-content\/uploads\/2024\/03\/torquay.jpg 750w, https:\/\/www.urlaubcornwall.de\/blog\/wp-content\/uploads\/2024\/03\/torquay-300x200.jpg 300w\" sizes=\"(max-width: 750px) 100vw, 750px\" \/><\/p>\n<p>Die sch\u00f6nsten 4 und 5 Sterne Hotels in Torquay f\u00fcr Ihren Luxusreise in Devon. Familienhotels, Last Minute Angebote und M\u00f6glichkeiten f\u00fcr Kinder bieten bis hin zu Luxus-Spa-Hotels, eleganten Herrenh\u00e4usern oder f\u00fcnf-Sterne Schloss- und Boutique-Hotels.<\/p>\n<p>Elegante viktorianische Architektur, eine Reihe breiter, halbmondf\u00f6rmiger Str\u00e4nde und als Hintergrund sieben H\u00fcgel, die die Stadt umgeben \u2013 so \u00fcberrascht es kaum, dass Torquay seit Generationen ein derart beliebter Urlaubsort ist. <\/p>\n<p><strong>Suche Hotels in Torquay<\/strong><\/p>\n<h1><a href=\"https:\/\/www.booking.com\/hotel\/gb\/the-grand-hotel-torquay.html?aid=1320750&amp;no_rooms=1&amp;group_adults=2&amp;room1=A%2CA\" rel=\"nofollow\"><span style=\"text-decoration: underline;\"><strong>Das Grand Luxus-Hotel am Meer \u2013 4 Sterne<\/strong><\/span><\/a><\/h1>\n<p>Diese Unterkunft ist 2 Gehminuten vom Strand entfernt. An der englischen Riviera begr\u00fc\u00dft Sie das mit 4 Sternen ausgezeichnete Grand Hotel, das Sie mit seiner herrlichen Aussicht \u00fcber die Bucht begeistern wird. Freuen Sie sich hier auf ein Restaurant, das mit einer AA-Rosette ausgezeichnet wurde, und einen Fitnessraum. Erholsame Momente versprechen auch die Innen- und Au\u00dfenpools sowie ein Wellnesscenter mit einem Sch\u00f6nheitssalon&#8230;&#8230;.<a href=\"https:\/\/www.booking.com\/hotel\/gb\/the-grand-hotel-torquay.html?aid=1320750&amp;no_rooms=1&amp;group_adults=2&amp;room1=A%2CA\" rel=\"nofollow\">[Mehr]<\/a><\/p>\n<h1><a href=\"https:\/\/www.booking.com\/hotel\/gb\/imperial-devon.html?aid=1320750&amp;no_rooms=1&amp;group_adults=2&amp;room1=A%2CA\" rel=\"nofollow\"><span style=\"text-decoration: underline;\"><strong>Das Imperial Hotel &amp; Spa \u2013 4 Sterne Luxushotel mit Meerblick<\/strong><\/span><\/a><\/h1>\n<p>Diese Unterkunft ist 2 Gehminuten vom Strand entfernt. Dieses Hotel im mediterranen Stil aus dem Jahre 1866 mit spektakul\u00e4rer Aussicht \u00fcber die Bucht liegt nur 10 Gehminuten vom Stadtzentrum von Torquay entfernt. Es bietet gro\u00dfe, helle Zimmer, Pools und ein Fitnesscenter&#8230;&#8230;<a href=\"https:\/\/www.booking.com\/hotel\/gb\/imperial-devon.html?aid=1320750&amp;no_rooms=1&amp;group_adults=2&amp;room1=A%2CA\" rel=\"nofollow\">[Mehr]<\/a><\/p>\n<h1><a href=\"https:\/\/www.booking.com\/hotel\/gb\/lincombe-hall-torquay.html?aid=1320750&amp;no_rooms=1&amp;group_adults=2&amp;room1=A%2CA\" rel=\"nofollow\"><span style=\"text-decoration: underline;\"><strong> Lincombe Hall Strandhotel \u2013 4 Sterne am Meer<\/strong><\/span><\/a><\/h1>\n<p>Diese Unterkunft ist 7 Gehminuten vom Strand entfernt. Das Lincombe Hall Hotel erhielt die Auszeichnung South Devon Hotel of the Year. Das Hotel ist Erwachsenen vorbehalten und befindet sich nur wenige Gehminuten vom Hafen und Yachthafen von Torquay entfernt. Nach einer umfassenden Renovierung im Jahr 2012 mit einem Umfang von insgesamt GBP 1 Million bietet das Hotel beheizte Innen- und Au\u00dfenpools, jeweils mit Whirlpools, sowie kostenfreies WLAN in allen Bereichen&#8230;&#8230;.<a href=\"https:\/\/www.booking.com\/hotel\/gb\/lincombe-hall-torquay.html?aid=1320750&amp;no_rooms=1&amp;group_adults=2&amp;room1=A%2CA\" rel=\"nofollow\">[Mehr]<\/a><\/p>\n<h1><a href=\"https:\/\/www.booking.com\/hotel\/gb\/osborne-hotel-the.html?aid=1320750&amp;no_rooms=1&amp;group_adults=2&amp;room1=A%2CA\" rel=\"nofollow\"><span style=\"text-decoration: underline;\"><strong>4 Sterne Osborne Hotel am Strand<\/strong><\/span><\/a><\/h1>\n<p>Diese Unterkunft ist 1 Gehminute vom Strand entfernt. Das Osborne Hotel mit einem herrlichen Blick \u00fcber Tor Bay begr\u00fc\u00dft Sie mit einem modernen Fitnesscenter, einem Au\u00dfenpool und einer gr\u00fcnen Sonnenterrasse. Das Hotel befindet sich auf einem 2,4 ha gro\u00dfen Grundst\u00fcck, das zum Meadfoot Beach f\u00fchrt&#8230;&#8230;..<a href=\"https:\/\/www.booking.com\/hotel\/gb\/osborne-hotel-the.html?aid=1320750&amp;no_rooms=1&amp;group_adults=2&amp;room1=A%2CA\" rel=\"nofollow\">[Mehr]<\/a><\/p>\n<h1><a href=\"https:\/\/www.booking.com\/hotel\/gb\/grosvenor-torquay.html?aid=1320750&amp;no_rooms=1&amp;group_adults=2&amp;room1=A%2\" rel=\"nofollow\"><span style=\"text-decoration: underline;\"><strong>The Grosvenor \u2013 3 Sterne Hotel am Strand<\/strong><\/span><\/a><\/h1>\n<p>Diese Unterkunft ist 3 Gehminuten vom Strand entfernt. Nur 3 Gehminuten vom Sandstrand Torbay entfernt erwartet Sie das 3-Sterne-Haus Grosvenor Hotel mit 2 Swimmingpools, einer Whirlpool-Badewanne, einem Kinderspielzimmer, kostenfreiem WLAN in den \u00f6ffentlichen Bereichen und wundersch\u00f6n angelegten G\u00e4rten. Das Stadtzentrum von Torquay und den Yachthafen erreichen Sie nach nur 2 Fahrminuten vom Hotel&#8230;&#8230;.<a href=\"https:\/\/www.booking.com\/hotel\/gb\/grosvenor-torquay.html?aid=1320750&amp;no_rooms=1&amp;group_adults=2&amp;room1=A%2C\" rel=\"nofollow\">[Mehr]<\/a><\/p>\n<p><ins class=\"bookingaff\" data-aid=\"1705873\" data-target_aid=\"1705873\" data-prod=\"map\" data-width=\"100%\" data-height=\"590\" data-lang=\"ualng\" data-dest_id=\"0\" data-dest_type=\"landmark\" data-latitude=\"50.4619209\" data-longitude=\"-3.525315\" data-mwhsb=\"0\" data-address=\"Torquay, UK\"><br \/>\n    <!-- Anything inside will go away once widget is loaded. --><br \/>\n        <a href=\"\/\/www.booking.com?aid=1705873\" rel=\"nofollow\">Booking.com<\/a><br \/>\n<\/ins><br \/>\n<script type=\"text\/javascript\">\n    (function(d, sc, u) {\n      var s = d.createElement(sc), p = d.getElementsByTagName(sc)[0];\n      s.type = 'text\/javascript';\n      s.async = true;\n      s.src = u + '?v=' + (+new Date());\n      p.parentNode.insertBefore(s,p);\n      })(document, 'script', '\/\/aff.bstatic.com\/static\/affiliate_base\/js\/flexiproduct.js');\n<\/script><\/p>\n<div class=\"snippet\"> <a class=\"featured-item\" href=\"https:\/\/www.urlaubcornwall.de\/ferienhaeuser\/suedengland.php\"> <span class=\"image-holder\" style=\"background-image: url('https:\/\/www.urlaubcornwall.de\/blog\/wp-content\/uploads\/2018\/12\/ferienhaus-cornwall-mit-hund.jpg');\"><\/span> <span class=\"featured-content\"> \n<h2 class=\"featured-title\">Ferienh\u00e4user in Devon &#038; S\u00fcdengland<\/h2>\n<p class=\"featured-body\">Bei uns finden Sie Ferienh\u00e4user zum Verlieben &#8211; so einfach ist das! Dank seiner langen Geschichte, der reizvollen Landschaften und seinen vielen Attraktionen ist S\u00fcdengland ein wahres Mekka f\u00fcr Urlauber&#8230;..<\/p><\/span> <span class=\"featured-link-holder\"> <span class=\"featured-extra-info\"> \n<p>Pers\u00f6nlich inspizierter Ferienh\u00e4user<\/p>\n<\/span> \n<p class=\"featured-link\">DETAILS<\/p>\n<\/span> <\/a><\/div>\n","protected":false},"excerpt":{"rendered":"<p>Die sch\u00f6nsten 4 und 5 Sterne Hotels in Torquay f\u00fcr Ihren Luxusreise in Devon. Familienhotels, Last Minute Angebote und M\u00f6glichkeiten f\u00fcr Kinder bieten bis hin zu Luxus-Spa-Hotels, eleganten Herrenh\u00e4usern oder f\u00fcnf-Sterne Schloss- und Boutique-Hotels. Elegante viktorianische Architektur, eine Reihe breiter, halbmondf\u00f6rmiger Str\u00e4nde und als Hintergrund sieben H\u00fcgel, die die Stadt umgeben \u2013 so \u00fcberrascht es [&hellip;]<\/p>\n","protected":false},"author":1,"featured_media":0,"parent":0,"menu_order":0,"comment_status":"closed","ping_status":"closed","template":"single-four.php","meta":[],"acf":[],"yoast_head":"<!-- This site is optimized with the Yoast SEO plugin v19.4 - https:\/\/yoast.com\/wordpress\/plugins\/seo\/ -->\n<title>Exquisite Luxushotels in Torquay - Urlaub &amp; Reisen<\/title>\n<meta name=\"robots\" content=\"index, follow, max-snippet:-1, max-image-preview:large, max-video-preview:-1\" \/>\n<link rel=\"canonical\" href=\"https:\/\/www.urlaubcornwall.de\/blog\/exquisite-luxushotels-in-torquay\/\" \/>\n<meta property=\"og:locale\" content=\"en_US\" \/>\n<meta property=\"og:type\" content=\"article\" \/>\n<meta property=\"og:title\" content=\"Exquisite Luxushotels in Torquay - Urlaub &amp; Reisen\" \/>\n<meta property=\"og:description\" content=\"Die sch\u00f6nsten 4 und 5 Sterne Hotels in Torquay f\u00fcr Ihren Luxusreise in Devon. Familienhotels, Last Minute Angebote und M\u00f6glichkeiten f\u00fcr Kinder bieten bis hin zu Luxus-Spa-Hotels, eleganten Herrenh\u00e4usern oder f\u00fcnf-Sterne Schloss- und Boutique-Hotels. Elegante viktorianische Architektur, eine Reihe breiter, halbmondf\u00f6rmiger Str\u00e4nde und als Hintergrund sieben H\u00fcgel, die die Stadt umgeben \u2013 so \u00fcberrascht es [&hellip;]\" \/>\n<meta property=\"og:url\" content=\"https:\/\/www.urlaubcornwall.de\/blog\/exquisite-luxushotels-in-torquay\/\" \/>\n<meta property=\"og:site_name\" content=\"Urlaub &amp; Reisen\" \/>\n<meta property=\"article:modified_time\" content=\"2024-04-15T15:50:01+00:00\" \/>\n<meta property=\"og:image\" content=\"https:\/\/www.urlaubcornwall.de\/blog\/wp-content\/uploads\/2024\/03\/torquay.jpg\" \/>\n<meta name=\"twitter:card\" content=\"summary\" \/>\n<meta name=\"twitter:label1\" content=\"Est. reading time\" \/>\n\t<meta name=\"twitter:data1\" content=\"3 minutes\" \/>\n<script type=\"application\/ld+json\" class=\"yoast-schema-graph\">{\"@context\":\"https:\/\/schema.org\",\"@graph\":[{\"@type\":\"WebSite\",\"@id\":\"https:\/\/www.urlaubcornwall.de\/blog\/#website\",\"url\":\"https:\/\/www.urlaubcornwall.de\/blog\/\",\"name\":\"Urlaub &amp; Reisen\",\"description\":\"Urlaub, Reisen, Cornwall und S\u00fcdengland: eine perfekte Kombination\",\"potentialAction\":[{\"@type\":\"SearchAction\",\"target\":{\"@type\":\"EntryPoint\",\"urlTemplate\":\"https:\/\/www.urlaubcornwall.de\/blog\/?s={search_term_string}\"},\"query-input\":\"required name=search_term_string\"}],\"inLanguage\":\"en-US\"},{\"@type\":\"WebPage\",\"@id\":\"https:\/\/www.urlaubcornwall.de\/blog\/exquisite-luxushotels-in-torquay\/\",\"url\":\"https:\/\/www.urlaubcornwall.de\/blog\/exquisite-luxushotels-in-torquay\/\",\"name\":\"Exquisite Luxushotels in Torquay - Urlaub &amp; Reisen\",\"isPartOf\":{\"@id\":\"https:\/\/www.urlaubcornwall.de\/blog\/#website\"},\"datePublished\":\"2021-10-15T08:31:29+00:00\",\"dateModified\":\"2024-04-15T15:50:01+00:00\",\"breadcrumb\":{\"@id\":\"https:\/\/www.urlaubcornwall.de\/blog\/exquisite-luxushotels-in-torquay\/#breadcrumb\"},\"inLanguage\":\"en-US\",\"potentialAction\":[{\"@type\":\"ReadAction\",\"target\":[\"https:\/\/www.urlaubcornwall.de\/blog\/exquisite-luxushotels-in-torquay\/\"]}]},{\"@type\":\"BreadcrumbList\",\"@id\":\"https:\/\/www.urlaubcornwall.de\/blog\/exquisite-luxushotels-in-torquay\/#breadcrumb\",\"itemListElement\":[{\"@type\":\"ListItem\",\"position\":1,\"name\":\"Home\",\"item\":\"https:\/\/www.urlaubcornwall.de\/blog\/\"},{\"@type\":\"ListItem\",\"position\":2,\"name\":\"Exquisite Luxushotels in Torquay\"}]}]}<\/script>\n<!-- \/ Yoast SEO plugin. -->","yoast_head_json":{"title":"Exquisite Luxushotels in Torquay - Urlaub &amp; Reisen","robots":{"index":"index","follow":"follow","max-snippet":"max-snippet:-1","max-image-preview":"max-image-preview:large","max-video-preview":"max-video-preview:-1"},"canonical":"https:\/\/www.urlaubcornwall.de\/blog\/exquisite-luxushotels-in-torquay\/","og_locale":"en_US","og_type":"article","og_title":"Exquisite Luxushotels in Torquay - Urlaub &amp; Reisen","og_description":"Die sch\u00f6nsten 4 und 5 Sterne Hotels in Torquay f\u00fcr Ihren Luxusreise in Devon. Familienhotels, Last Minute Angebote und M\u00f6glichkeiten f\u00fcr Kinder bieten bis hin zu Luxus-Spa-Hotels, eleganten Herrenh\u00e4usern oder f\u00fcnf-Sterne Schloss- und Boutique-Hotels. Elegante viktorianische Architektur, eine Reihe breiter, halbmondf\u00f6rmiger Str\u00e4nde und als Hintergrund sieben H\u00fcgel, die die Stadt umgeben \u2013 so \u00fcberrascht es [&hellip;]","og_url":"https:\/\/www.urlaubcornwall.de\/blog\/exquisite-luxushotels-in-torquay\/","og_site_name":"Urlaub &amp; Reisen","article_modified_time":"2024-04-15T15:50:01+00:00","og_image":[{"url":"https:\/\/www.urlaubcornwall.de\/blog\/wp-content\/uploads\/2024\/03\/torquay.jpg"}],"twitter_card":"summary","twitter_misc":{"Est. reading time":"3 minutes"},"schema":{"@context":"https:\/\/schema.org","@graph":[{"@type":"WebSite","@id":"https:\/\/www.urlaubcornwall.de\/blog\/#website","url":"https:\/\/www.urlaubcornwall.de\/blog\/","name":"Urlaub &amp; Reisen","description":"Urlaub, Reisen, Cornwall und S\u00fcdengland: eine perfekte Kombination","potentialAction":[{"@type":"SearchAction","target":{"@type":"EntryPoint","urlTemplate":"https:\/\/www.urlaubcornwall.de\/blog\/?s={search_term_string}"},"query-input":"required name=search_term_string"}],"inLanguage":"en-US"},{"@type":"WebPage","@id":"https:\/\/www.urlaubcornwall.de\/blog\/exquisite-luxushotels-in-torquay\/","url":"https:\/\/www.urlaubcornwall.de\/blog\/exquisite-luxushotels-in-torquay\/","name":"Exquisite Luxushotels in Torquay - Urlaub &amp; Reisen","isPartOf":{"@id":"https:\/\/www.urlaubcornwall.de\/blog\/#website"},"datePublished":"2021-10-15T08:31:29+00:00","dateModified":"2024-04-15T15:50:01+00:00","breadcrumb":{"@id":"https:\/\/www.urlaubcornwall.de\/blog\/exquisite-luxushotels-in-torquay\/#breadcrumb"},"inLanguage":"en-US","potentialAction":[{"@type":"ReadAction","target":["https:\/\/www.urlaubcornwall.de\/blog\/exquisite-luxushotels-in-torquay\/"]}]},{"@type":"BreadcrumbList","@id":"https:\/\/www.urlaubcornwall.de\/blog\/exquisite-luxushotels-in-torquay\/#breadcrumb","itemListElement":[{"@type":"ListItem","position":1,"name":"Home","item":"https:\/\/www.urlaubcornwall.de\/blog\/"},{"@type":"ListItem","position":2,"name":"Exquisite Luxushotels in Torquay"}]}]}},"_links":{"self":[{"href":"https:\/\/www.urlaubcornwall.de\/blog\/wp-json\/wp\/v2\/pages\/43381"}],"collection":[{"href":"https:\/\/www.urlaubcornwall.de\/blog\/wp-json\/wp\/v2\/pages"}],"about":[{"href":"https:\/\/www.urlaubcornwall.de\/blog\/wp-json\/wp\/v2\/types\/page"}],"author":[{"embeddable":true,"href":"https:\/\/www.urlaubcornwall.de\/blog\/wp-json\/wp\/v2\/users\/1"}],"replies":[{"embeddable":true,"href":"https:\/\/www.urlaubcornwall.de\/blog\/wp-json\/wp\/v2\/comments?post=43381"}],"version-history":[{"count":4,"href":"https:\/\/www.urlaubcornwall.de\/blog\/wp-json\/wp\/v2\/pages\/43381\/revisions"}],"predecessor-version":[{"id":49750,"href":"https:\/\/www.urlaubcornwall.de\/blog\/wp-json\/wp\/v2\/pages\/43381\/revisions\/49750"}],"wp:attachment":[{"href":"https:\/\/www.urlaubcornwall.de\/blog\/wp-json\/wp\/v2\/media?parent=43381"}],"curies":[{"name":"wp","href":"https:\/\/api.w.org\/{rel}","templated":true}]}}