{"id":43361,"date":"2021-10-13T14:46:18","date_gmt":"2021-10-13T14:46:18","guid":{"rendered":"https:\/\/www.urlaubcornwall.de\/blog\/?page_id=43361"},"modified":"2024-05-31T08:41:09","modified_gmt":"2024-05-31T08:41:09","slug":"exquisite-luxushotels-in-manchester","status":"publish","type":"page","link":"https:\/\/www.urlaubcornwall.de\/blog\/exquisite-luxushotels-in-manchester\/","title":{"rendered":"Exquisite Luxushotels in Manchester"},"content":{"rendered":"<p>Die sch\u00f6nsten 4 und 5 Sterne Hotels in Manchester f\u00fcr Ihren Luxusreise in England. Familienhotels, Last Minute Angebote und M\u00f6glichkeiten f\u00fcr Kinder bieten bis hin zu Luxus-Spa-Hotels, eleganten Herrenh\u00e4usern oder f\u00fcnf-Sterne Schloss- und Boutique-Hotels.<\/p>\n<h2>Suche Hotels in Manchester<\/h2>\n<p><a href=\"https:\/\/www.booking.com\/hotel\/gb\/the-lowry.en.html?aid=1320750&#038;no_rooms=1&#038;group_adults=2\" rel=\"nofollow\">The Lowry Hotel<\/a> &#8211; Das preisgekr\u00f6nte Lowry empf\u00e4ngt Sie am Ufer des Flusses Irwell und dominiert die Silhouette der Umgebung mit seiner geschwungenen Glasfassade. Freuen Sie sich auf Zimmer mit atemberaubender Aussicht, ein Restaurant am Flussufer und ein Spa. WLAN ist kostenlos verf\u00fcgbar. Die ger\u00e4umigen Zimmer im The Lowry Hotel verf\u00fcgen \u00fcber eine moderne Einrichtung, die sich hervorragend in die Architektur einf\u00fcgt. <\/p>\n<p><a href=\"https:\/\/www.booking.com\/hotel\/gb\/brooklyn.en.html?aid=1320750&#038;no_rooms=1&#038;group_adults=2\" rel=\"nofollow\">Hotel Brooklyn<\/a> &#8211; Das Hotel Brooklyn erwartet Sie mit einer Bar, einer Gemeinschaftslounge und Stadtblick in Manchester, 400 m von der Canal Street entfernt. Zu den Einrichtungen dieser Unterkunft geh\u00f6ren ein Restaurant, eine 24-Stunden-Rezeption, ein Zimmerservice und kostenfreies WLAN in allen Bereichen. Die Snackbar l\u00e4dt zum Verweilen bei einem Getr\u00e4nk ein.<\/p>\n<p><a href=\"https:\/\/www.booking.com\/hotel\/gb\/dakota-manchester.en.html?aid=1320750&#038;no_rooms=1&#038;group_adults=2\" rel=\"nofollow\">Dakota Manchester<\/a> &#8211; Das Dakota Manchester liegt im Stadtzentrum von Manchester. Nach einem 5-min\u00fctigen Spaziergang erreichen Sie die Einkaufsmeile Market Street. Das Stadtviertel Spinningfields ist 10 Gehminuten entfernt. Das Dakota Manchester ist leicht erreichbar, da es nur 3 Gehminuten vom Bahnhof Piccadilly und eine 30-min\u00fctige Bahn- oder Autofahrt vom Flughafen Manchester entfernt liegt<\/p>\n<p><a href=\"https:\/\/www.booking.com\/hotel\/gb\/the-cow-hollow.en.html?aid=1320750&#038;no_rooms=1&#038;group_adults=2\" rel=\"nofollow\">The Cow Hollow Hotel<\/a> &#8211; Das The Cow Hollow Hotel ist eine Boutique-Unterkunft mit 16 Schlafzimmern im n\u00f6rdlichen Viertel von Manchester, 500 m vom Bahnhof Piccadilly entfernt. Die Cocktailbar in der Lobby ist rund um die Uhr f\u00fcr Sie ge\u00f6ffnet. Das Hotel bietet zudem kostenfreies WLAN und eine 24-Stunden-Rezeption. Alle Zimmer im Hotel sind mit Kingsize-Betten von Hypnos, Bettw\u00e4sche mit Fadenst\u00e4rke 400 und Smart-Tvs mit kostenlosem Netflix-Zugang ausgestattet.<\/p>\n<p><a href=\"https:\/\/www.booking.com\/hotel\/gb\/themidland.en.html?aid=1320750&#038;no_rooms=1&#038;group_adults=2\" rel=\"nofollow\">The Midland Hotel<\/a>  &#8211; Die Unterkunft The Midland ist ein preisgekr\u00f6ntes 4-Sterne-Luxushotel mit einem Spa im Stadtzentrum von Manchester. Freuen Sie sich auf stilvolle klimatisierte Zimmer mit kostenfreiem WLAN. Die Wellnesseinrichtungen nutzen Sie gegen Aufpreis. Das Restaurant Adam Reid at The French ist mit 4 AA-Rosetten ausgezeichnet und bietet gehobenen K\u00fcche. Hier genie\u00dfen Sie kreative Gerichte, die nach M\u00f6glichkeit mit Produkten aus der Region frisch zubereitet werden. <\/p>\n<p><ins class=\"bookingaff\" data-aid=\"2197674\" data-target_aid=\"2197674\" data-prod=\"map\" data-width=\"100%\" data-height=\"590\" data-lang=\"ualng\" data-dest_id=\"0\" data-dest_type=\"landmark\" data-latitude=\"53.4807593\" data-longitude=\"-2.2426305\" data-mwhsb=\"0\" data-address=\"Manchester, UK\"><br \/>\n    <!-- Anything inside will go away once widget is loaded. --><br \/>\n        <a href=\"\/\/www.booking.com?aid=2197674\" rel=\"nofollow\">Booking.com<\/a><br \/>\n<\/ins><br \/>\n<script type=\"text\/javascript\">\n    (function(d, sc, u) {\n      var s = d.createElement(sc), p = d.getElementsByTagName(sc)[0];\n      s.type = 'text\/javascript';\n      s.async = true;\n      s.src = u + '?v=' + (+new Date());\n      p.parentNode.insertBefore(s,p);\n      })(document, 'script', '\/\/aff.bstatic.com\/static\/affiliate_base\/js\/flexiproduct.js');\n<\/script><\/p>\n<div class=\"snippet\"> <a class=\"featured-item\" href=\"https:\/\/www.urlaubcornwall.de\/ferienhaeuser-fewos\/eng\/england.html\"> <span class=\"image-holder\" style=\"background-image: url('https:\/\/www.urlaubcornwall.de\/blog\/wp-content\/uploads\/2018\/12\/ferienhaus-cornwall-mit-hund.jpg');\"><\/span> <span class=\"featured-content\"> \n<h2 class=\"featured-title\">Ferienh\u00e4user in England<\/h2>\n<p class=\"featured-body\">Bei uns finden Sie Ferienh\u00e4user zum Verlieben &#8211; so einfach ist das! Dank seiner langen Geschichte, der reizvollen Landschaften und seinen vielen Attraktionen ist S\u00fcdengland ein wahres Mekka f\u00fcr Urlauber&#8230;..<\/p><\/span> <span class=\"featured-link-holder\"> <span class=\"featured-extra-info\"> \n<p>Pers\u00f6nlich inspizierter Ferienh\u00e4user<\/p>\n<\/span> \n<p class=\"featured-link\">DETAILS<\/p>\n<\/span> <\/a><\/div>\n","protected":false},"excerpt":{"rendered":"<p>Die sch\u00f6nsten 4 und 5 Sterne Hotels in Manchester f\u00fcr Ihren Luxusreise in England. Familienhotels, Last Minute Angebote und M\u00f6glichkeiten f\u00fcr Kinder bieten bis hin zu Luxus-Spa-Hotels, eleganten Herrenh\u00e4usern oder f\u00fcnf-Sterne Schloss- und Boutique-Hotels. Suche Hotels in Manchester The Lowry Hotel &#8211; Das preisgekr\u00f6nte Lowry empf\u00e4ngt Sie am Ufer des Flusses Irwell und dominiert die [&hellip;]<\/p>\n","protected":false},"author":1,"featured_media":0,"parent":0,"menu_order":0,"comment_status":"closed","ping_status":"closed","template":"single-four.php","meta":[],"acf":[],"yoast_head":"<!-- This site is optimized with the Yoast SEO plugin v19.4 - https:\/\/yoast.com\/wordpress\/plugins\/seo\/ -->\n<title>Exquisite Luxushotels in Manchester - Urlaub &amp; Reisen<\/title>\n<meta name=\"description\" content=\"Die sch\u00f6nsten 4 und 5 Sterne Hotels in Manchester f\u00fcr Ihren Luxusreise. Familienhotels, Last Minute Angebote und M\u00f6glichkeiten f\u00fcr Kinder bieten bis hin zu Luxus-Spa-Hotels, eleganten Herrenh\u00e4usern oder f\u00fcnf-Sterne Schloss- und Boutique-Hotels.\" \/>\n<meta name=\"robots\" content=\"index, follow, max-snippet:-1, max-image-preview:large, max-video-preview:-1\" \/>\n<link rel=\"canonical\" href=\"https:\/\/www.urlaubcornwall.de\/blog\/exquisite-luxushotels-in-manchester\/\" \/>\n<meta property=\"og:locale\" content=\"en_US\" \/>\n<meta property=\"og:type\" content=\"article\" \/>\n<meta property=\"og:title\" content=\"Exquisite Luxushotels in Manchester - Urlaub &amp; Reisen\" \/>\n<meta property=\"og:description\" content=\"Die sch\u00f6nsten 4 und 5 Sterne Hotels in Manchester f\u00fcr Ihren Luxusreise. Familienhotels, Last Minute Angebote und M\u00f6glichkeiten f\u00fcr Kinder bieten bis hin zu Luxus-Spa-Hotels, eleganten Herrenh\u00e4usern oder f\u00fcnf-Sterne Schloss- und Boutique-Hotels.\" \/>\n<meta property=\"og:url\" content=\"https:\/\/www.urlaubcornwall.de\/blog\/exquisite-luxushotels-in-manchester\/\" \/>\n<meta property=\"og:site_name\" content=\"Urlaub &amp; Reisen\" \/>\n<meta property=\"article:modified_time\" content=\"2024-05-31T08:41:09+00:00\" \/>\n<meta name=\"twitter:card\" content=\"summary\" \/>\n<meta name=\"twitter:label1\" content=\"Est. reading time\" \/>\n\t<meta name=\"twitter:data1\" content=\"2 minutes\" \/>\n<script type=\"application\/ld+json\" class=\"yoast-schema-graph\">{\"@context\":\"https:\/\/schema.org\",\"@graph\":[{\"@type\":\"WebSite\",\"@id\":\"https:\/\/www.urlaubcornwall.de\/blog\/#website\",\"url\":\"https:\/\/www.urlaubcornwall.de\/blog\/\",\"name\":\"Urlaub &amp; Reisen\",\"description\":\"Urlaub, Reisen, Cornwall und S\u00fcdengland: eine perfekte Kombination\",\"potentialAction\":[{\"@type\":\"SearchAction\",\"target\":{\"@type\":\"EntryPoint\",\"urlTemplate\":\"https:\/\/www.urlaubcornwall.de\/blog\/?s={search_term_string}\"},\"query-input\":\"required name=search_term_string\"}],\"inLanguage\":\"en-US\"},{\"@type\":\"WebPage\",\"@id\":\"https:\/\/www.urlaubcornwall.de\/blog\/exquisite-luxushotels-in-manchester\/\",\"url\":\"https:\/\/www.urlaubcornwall.de\/blog\/exquisite-luxushotels-in-manchester\/\",\"name\":\"Exquisite Luxushotels in Manchester - Urlaub &amp; Reisen\",\"isPartOf\":{\"@id\":\"https:\/\/www.urlaubcornwall.de\/blog\/#website\"},\"datePublished\":\"2021-10-13T14:46:18+00:00\",\"dateModified\":\"2024-05-31T08:41:09+00:00\",\"description\":\"Die sch\u00f6nsten 4 und 5 Sterne Hotels in Manchester f\u00fcr Ihren Luxusreise. Familienhotels, Last Minute Angebote und M\u00f6glichkeiten f\u00fcr Kinder bieten bis hin zu Luxus-Spa-Hotels, eleganten Herrenh\u00e4usern oder f\u00fcnf-Sterne Schloss- und Boutique-Hotels.\",\"breadcrumb\":{\"@id\":\"https:\/\/www.urlaubcornwall.de\/blog\/exquisite-luxushotels-in-manchester\/#breadcrumb\"},\"inLanguage\":\"en-US\",\"potentialAction\":[{\"@type\":\"ReadAction\",\"target\":[\"https:\/\/www.urlaubcornwall.de\/blog\/exquisite-luxushotels-in-manchester\/\"]}]},{\"@type\":\"BreadcrumbList\",\"@id\":\"https:\/\/www.urlaubcornwall.de\/blog\/exquisite-luxushotels-in-manchester\/#breadcrumb\",\"itemListElement\":[{\"@type\":\"ListItem\",\"position\":1,\"name\":\"Home\",\"item\":\"https:\/\/www.urlaubcornwall.de\/blog\/\"},{\"@type\":\"ListItem\",\"position\":2,\"name\":\"Exquisite Luxushotels in Manchester\"}]}]}<\/script>\n<!-- \/ Yoast SEO plugin. -->","yoast_head_json":{"title":"Exquisite Luxushotels in Manchester - Urlaub &amp; Reisen","description":"Die sch\u00f6nsten 4 und 5 Sterne Hotels in Manchester f\u00fcr Ihren Luxusreise. Familienhotels, Last Minute Angebote und M\u00f6glichkeiten f\u00fcr Kinder bieten bis hin zu Luxus-Spa-Hotels, eleganten Herrenh\u00e4usern oder f\u00fcnf-Sterne Schloss- und Boutique-Hotels.","robots":{"index":"index","follow":"follow","max-snippet":"max-snippet:-1","max-image-preview":"max-image-preview:large","max-video-preview":"max-video-preview:-1"},"canonical":"https:\/\/www.urlaubcornwall.de\/blog\/exquisite-luxushotels-in-manchester\/","og_locale":"en_US","og_type":"article","og_title":"Exquisite Luxushotels in Manchester - Urlaub &amp; Reisen","og_description":"Die sch\u00f6nsten 4 und 5 Sterne Hotels in Manchester f\u00fcr Ihren Luxusreise. Familienhotels, Last Minute Angebote und M\u00f6glichkeiten f\u00fcr Kinder bieten bis hin zu Luxus-Spa-Hotels, eleganten Herrenh\u00e4usern oder f\u00fcnf-Sterne Schloss- und Boutique-Hotels.","og_url":"https:\/\/www.urlaubcornwall.de\/blog\/exquisite-luxushotels-in-manchester\/","og_site_name":"Urlaub &amp; Reisen","article_modified_time":"2024-05-31T08:41:09+00:00","twitter_card":"summary","twitter_misc":{"Est. reading time":"2 minutes"},"schema":{"@context":"https:\/\/schema.org","@graph":[{"@type":"WebSite","@id":"https:\/\/www.urlaubcornwall.de\/blog\/#website","url":"https:\/\/www.urlaubcornwall.de\/blog\/","name":"Urlaub &amp; Reisen","description":"Urlaub, Reisen, Cornwall und S\u00fcdengland: eine perfekte Kombination","potentialAction":[{"@type":"SearchAction","target":{"@type":"EntryPoint","urlTemplate":"https:\/\/www.urlaubcornwall.de\/blog\/?s={search_term_string}"},"query-input":"required name=search_term_string"}],"inLanguage":"en-US"},{"@type":"WebPage","@id":"https:\/\/www.urlaubcornwall.de\/blog\/exquisite-luxushotels-in-manchester\/","url":"https:\/\/www.urlaubcornwall.de\/blog\/exquisite-luxushotels-in-manchester\/","name":"Exquisite Luxushotels in Manchester - Urlaub &amp; Reisen","isPartOf":{"@id":"https:\/\/www.urlaubcornwall.de\/blog\/#website"},"datePublished":"2021-10-13T14:46:18+00:00","dateModified":"2024-05-31T08:41:09+00:00","description":"Die sch\u00f6nsten 4 und 5 Sterne Hotels in Manchester f\u00fcr Ihren Luxusreise. Familienhotels, Last Minute Angebote und M\u00f6glichkeiten f\u00fcr Kinder bieten bis hin zu Luxus-Spa-Hotels, eleganten Herrenh\u00e4usern oder f\u00fcnf-Sterne Schloss- und Boutique-Hotels.","breadcrumb":{"@id":"https:\/\/www.urlaubcornwall.de\/blog\/exquisite-luxushotels-in-manchester\/#breadcrumb"},"inLanguage":"en-US","potentialAction":[{"@type":"ReadAction","target":["https:\/\/www.urlaubcornwall.de\/blog\/exquisite-luxushotels-in-manchester\/"]}]},{"@type":"BreadcrumbList","@id":"https:\/\/www.urlaubcornwall.de\/blog\/exquisite-luxushotels-in-manchester\/#breadcrumb","itemListElement":[{"@type":"ListItem","position":1,"name":"Home","item":"https:\/\/www.urlaubcornwall.de\/blog\/"},{"@type":"ListItem","position":2,"name":"Exquisite Luxushotels in Manchester"}]}]}},"_links":{"self":[{"href":"https:\/\/www.urlaubcornwall.de\/blog\/wp-json\/wp\/v2\/pages\/43361"}],"collection":[{"href":"https:\/\/www.urlaubcornwall.de\/blog\/wp-json\/wp\/v2\/pages"}],"about":[{"href":"https:\/\/www.urlaubcornwall.de\/blog\/wp-json\/wp\/v2\/types\/page"}],"author":[{"embeddable":true,"href":"https:\/\/www.urlaubcornwall.de\/blog\/wp-json\/wp\/v2\/users\/1"}],"replies":[{"embeddable":true,"href":"https:\/\/www.urlaubcornwall.de\/blog\/wp-json\/wp\/v2\/comments?post=43361"}],"version-history":[{"count":7,"href":"https:\/\/www.urlaubcornwall.de\/blog\/wp-json\/wp\/v2\/pages\/43361\/revisions"}],"predecessor-version":[{"id":51252,"href":"https:\/\/www.urlaubcornwall.de\/blog\/wp-json\/wp\/v2\/pages\/43361\/revisions\/51252"}],"wp:attachment":[{"href":"https:\/\/www.urlaubcornwall.de\/blog\/wp-json\/wp\/v2\/media?parent=43361"}],"curies":[{"name":"wp","href":"https:\/\/api.w.org\/{rel}","templated":true}]}}