{"id":43356,"date":"2021-10-13T14:32:03","date_gmt":"2021-10-13T14:32:03","guid":{"rendered":"https:\/\/www.urlaubcornwall.de\/blog\/?page_id=43356"},"modified":"2024-05-30T11:07:46","modified_gmt":"2024-05-30T11:07:46","slug":"exquisite-luxushotels-in-liverpool","status":"publish","type":"page","link":"https:\/\/www.urlaubcornwall.de\/blog\/exquisite-luxushotels-in-liverpool\/","title":{"rendered":"Exquisite Luxushotels in Liverpool"},"content":{"rendered":"<p><a href=\"https:\/\/www.urlaubcornwall.de\/blog\/wp-content\/uploads\/2024\/05\/liverpool.jpg\"><img loading=\"lazy\" src=\"https:\/\/www.urlaubcornwall.de\/blog\/wp-content\/uploads\/2024\/05\/liverpool.jpg\" alt=\"liverpool\" width=\"750\" height=\"500\" class=\"alignnone size-full wp-image-50711\" srcset=\"https:\/\/www.urlaubcornwall.de\/blog\/wp-content\/uploads\/2024\/05\/liverpool.jpg 750w, https:\/\/www.urlaubcornwall.de\/blog\/wp-content\/uploads\/2024\/05\/liverpool-300x200.jpg 300w\" sizes=\"(max-width: 750px) 100vw, 750px\" \/><\/a><\/p>\n<p>Die sch\u00f6nsten 4 und 5 Sterne Hotels in Liverpool f\u00fcr Ihren Luxusreisein England. Familienhotels, Last Minute Angebote und M\u00f6glichkeiten f\u00fcr Kinder bieten bis hin zu Luxus-Spa-Hotels, eleganten Herrenh\u00e4usern oder f\u00fcnf-Sterne Schloss- und Boutique-Hotels.<\/p>\n<p><strong>Suche Hotels in Liverpool<\/strong><\/p>\n<p><a href=\"https:\/\/www.booking.com\/hotel\/gb\/pullman-liverpool.en.html?aid=1320750&#038;no_rooms=1&#038;group_adults=2\" rel=\"nofollow\">Pullman Liverpool<\/a> &#8211; Sie k\u00f6nnen einen Genius-Rabatt auf die Unterkunft Pullman Liverpool erhalten! Melden Sie sich an, um bei dieser Unterkunft zu sparen. Das Pullman Liverpool Hotel bietet Unterk\u00fcnfte mit Aussicht auf das Wasser in Liverpools Viertel Kings Dock. Im Hotel erwarten Sie auch ein Restaurant, eine Bar und kostenfreies WLAN in allen Bereichen.<\/p>\n<p><a href=\"https:\/\/www.booking.com\/hotel\/gb\/titanic-liverpool.en.html?aid=1320750&#038;no_rooms=1&#038;group_adults=2\" rel=\"nofollow\">Titanic Hotel Liverpool<\/a> &#8211; Das Titanic Hotel Liverpool begr\u00fc\u00dft Sie in der ehemaligen Lagerhalle North Warehouse am Stanley Dock in Liverpool. Freuen Sie sich auf elegant eingerichtete Unterk\u00fcnfte. Sie wohnen hier etwa 5 Fahrminuten vom Stadtzentrum entfernt. Dieses Hotel bietet WLAN sowie ein Restaurant mit Bar und einen Fitnessraum.<\/p>\n<p><a href=\"https:\/\/www.booking.com\/hotel\/gb\/liverpool-city-centre-liverpool.en.html?aid=1320750&#038;no_rooms=1&#038;group_adults=2\" rel=\"nofollow\">Holiday Inn Liverpool Stadtzentrum<\/a> &#8211; Das Holiday Inn Liverpool City Centre liegt im Herzen von Liverpool und bietet ein Restaurant, ein Fitnesscenter, eine Bar und eine Gemeinschaftslounge. Zu den Annehmlichkeiten in dieser Unterkunft z\u00e4hlen eine 24-Stunden-Rezeption, Zimmerservice und kostenfreies WLAN in allen Bereichen. Das Hotel liegt nur einen kurzen Spaziergang vom Royal Court &#038; Empire Theater entfernt.<\/p>\n<p><a href=\"https:\/\/www.booking.com\/hotel\/gb\/the-casartelli.en.html?aid=1320750&#038;no_rooms=1&#038;group_adults=2\" rel=\"nofollow\">Posh Pads &#8211; Liverpool 1 &#8211; Apart-Hotel<\/a> &#8211; Sie k\u00f6nnen einen Genius-Rabatt auf die Unterkunft Posh Pads &#8211; Liverpool 1 &#8211; Apart-Hotel erhalten! Melden Sie sich an, um bei dieser Unterkunft zu sparen. Das luxuri\u00f6se Posh Pads (Liverpool 1) Apart-Hotel im Herzen von Liverpools Stadtzentrum liegt nur wenige Meter vom Liverpool ONE entfernt. Das historische Casartelli-Geb\u00e4ude wurde im Jahre 1790 erbaut und besticht durch Flure mit Marmorb\u00f6den sowie Granitw\u00e4nden. Das Posh Pads verf\u00fcgt \u00fcber eine 24-Stunden-Rezeption, 2 Restaurants und kostenfreies WLAN.<\/p>\n<p><ins class=\"bookingaff\" data-aid=\"2197666\" data-target_aid=\"2197666\" data-prod=\"map\" data-width=\"100%\" data-height=\"590\" data-lang=\"ualng\" data-dest_id=\"0\" data-dest_type=\"landmark\" data-latitude=\"53.4083714\" data-longitude=\"-2.9915726\" data-mwhsb=\"0\" data-address=\"Liverpool, UK\"><br \/>\n    <!-- Anything inside will go away once widget is loaded. --><br \/>\n        <a href=\"\/\/www.booking.com?aid=2197666\" rel=\"nofollow\">Booking.com<\/a><br \/>\n<\/ins><br \/>\n<script type=\"text\/javascript\">\n    (function(d, sc, u) {\n      var s = d.createElement(sc), p = d.getElementsByTagName(sc)[0];\n      s.type = 'text\/javascript';\n      s.async = true;\n      s.src = u + '?v=' + (+new Date());\n      p.parentNode.insertBefore(s,p);\n      })(document, 'script', '\/\/aff.bstatic.com\/static\/affiliate_base\/js\/flexiproduct.js');\n<\/script><\/p>\n<div class=\"snippet\"> <a class=\"featured-item\" href=\"https:\/\/www.urlaubcornwall.de\/ferienhaeuser-fewos\/eng\/england.html\"> <span class=\"image-holder\" style=\"background-image: url('https:\/\/www.urlaubcornwall.de\/blog\/wp-content\/uploads\/2018\/12\/ferienhaus-cornwall-mit-hund.jpg');\"><\/span> <span class=\"featured-content\"> \n<h2 class=\"featured-title\">Ferienh\u00e4user in England<\/h2>\n<p class=\"featured-body\">Bei uns finden Sie Ferienh\u00e4user zum Verlieben &#8211; so einfach ist das! Dank seiner langen Geschichte, der reizvollen Landschaften und seinen vielen Attraktionen ist S\u00fcdengland ein wahres Mekka f\u00fcr Urlauber&#8230;..<\/p><\/span> <span class=\"featured-link-holder\"> <span class=\"featured-extra-info\"> \n<p>Pers\u00f6nlich inspizierter Ferienh\u00e4user<\/p>\n<\/span> \n<p class=\"featured-link\">DETAILS<\/p>\n<\/span> <\/a><\/div>\n","protected":false},"excerpt":{"rendered":"<p>Die sch\u00f6nsten 4 und 5 Sterne Hotels in Liverpool f\u00fcr Ihren Luxusreisein England. Familienhotels, Last Minute Angebote und M\u00f6glichkeiten f\u00fcr Kinder bieten bis hin zu Luxus-Spa-Hotels, eleganten Herrenh\u00e4usern oder f\u00fcnf-Sterne Schloss- und Boutique-Hotels. Suche Hotels in Liverpool Pullman Liverpool &#8211; Sie k\u00f6nnen einen Genius-Rabatt auf die Unterkunft Pullman Liverpool erhalten! Melden Sie sich an, um [&hellip;]<\/p>\n","protected":false},"author":1,"featured_media":0,"parent":0,"menu_order":0,"comment_status":"closed","ping_status":"closed","template":"single-four.php","meta":[],"acf":[],"yoast_head":"<!-- This site is optimized with the Yoast SEO plugin v19.4 - https:\/\/yoast.com\/wordpress\/plugins\/seo\/ -->\n<title>Exquisite Luxushotels in Liverpool - Urlaub &amp; Reisen<\/title>\n<meta name=\"description\" content=\"Die sch\u00f6nsten 4 und 5 Sterne Hotels in Liverpool f\u00fcr Ihren Luxusreise. Familienhotels, Last Minute Angebote und M\u00f6glichkeiten f\u00fcr Kinder\" \/>\n<meta name=\"robots\" content=\"index, follow, max-snippet:-1, max-image-preview:large, max-video-preview:-1\" \/>\n<link rel=\"canonical\" href=\"https:\/\/www.urlaubcornwall.de\/blog\/exquisite-luxushotels-in-liverpool\/\" \/>\n<meta property=\"og:locale\" content=\"en_US\" \/>\n<meta property=\"og:type\" content=\"article\" \/>\n<meta property=\"og:title\" content=\"Exquisite Luxushotels in Liverpool - Urlaub &amp; Reisen\" \/>\n<meta property=\"og:description\" content=\"Die sch\u00f6nsten 4 und 5 Sterne Hotels in Liverpool f\u00fcr Ihren Luxusreise. Familienhotels, Last Minute Angebote und M\u00f6glichkeiten f\u00fcr Kinder\" \/>\n<meta property=\"og:url\" content=\"https:\/\/www.urlaubcornwall.de\/blog\/exquisite-luxushotels-in-liverpool\/\" \/>\n<meta property=\"og:site_name\" content=\"Urlaub &amp; Reisen\" \/>\n<meta property=\"article:modified_time\" content=\"2024-05-30T11:07:46+00:00\" \/>\n<meta property=\"og:image\" content=\"https:\/\/www.urlaubcornwall.de\/blog\/wp-content\/uploads\/2024\/05\/liverpool.jpg\" \/>\n<meta name=\"twitter:card\" content=\"summary\" \/>\n<meta name=\"twitter:label1\" content=\"Est. reading time\" \/>\n\t<meta name=\"twitter:data1\" content=\"2 minutes\" \/>\n<script type=\"application\/ld+json\" class=\"yoast-schema-graph\">{\"@context\":\"https:\/\/schema.org\",\"@graph\":[{\"@type\":\"WebSite\",\"@id\":\"https:\/\/www.urlaubcornwall.de\/blog\/#website\",\"url\":\"https:\/\/www.urlaubcornwall.de\/blog\/\",\"name\":\"Urlaub &amp; Reisen\",\"description\":\"Urlaub, Reisen, Cornwall und S\u00fcdengland: eine perfekte Kombination\",\"potentialAction\":[{\"@type\":\"SearchAction\",\"target\":{\"@type\":\"EntryPoint\",\"urlTemplate\":\"https:\/\/www.urlaubcornwall.de\/blog\/?s={search_term_string}\"},\"query-input\":\"required name=search_term_string\"}],\"inLanguage\":\"en-US\"},{\"@type\":\"WebPage\",\"@id\":\"https:\/\/www.urlaubcornwall.de\/blog\/exquisite-luxushotels-in-liverpool\/\",\"url\":\"https:\/\/www.urlaubcornwall.de\/blog\/exquisite-luxushotels-in-liverpool\/\",\"name\":\"Exquisite Luxushotels in Liverpool - Urlaub &amp; Reisen\",\"isPartOf\":{\"@id\":\"https:\/\/www.urlaubcornwall.de\/blog\/#website\"},\"datePublished\":\"2021-10-13T14:32:03+00:00\",\"dateModified\":\"2024-05-30T11:07:46+00:00\",\"description\":\"Die sch\u00f6nsten 4 und 5 Sterne Hotels in Liverpool f\u00fcr Ihren Luxusreise. Familienhotels, Last Minute Angebote und M\u00f6glichkeiten f\u00fcr Kinder\",\"breadcrumb\":{\"@id\":\"https:\/\/www.urlaubcornwall.de\/blog\/exquisite-luxushotels-in-liverpool\/#breadcrumb\"},\"inLanguage\":\"en-US\",\"potentialAction\":[{\"@type\":\"ReadAction\",\"target\":[\"https:\/\/www.urlaubcornwall.de\/blog\/exquisite-luxushotels-in-liverpool\/\"]}]},{\"@type\":\"BreadcrumbList\",\"@id\":\"https:\/\/www.urlaubcornwall.de\/blog\/exquisite-luxushotels-in-liverpool\/#breadcrumb\",\"itemListElement\":[{\"@type\":\"ListItem\",\"position\":1,\"name\":\"Home\",\"item\":\"https:\/\/www.urlaubcornwall.de\/blog\/\"},{\"@type\":\"ListItem\",\"position\":2,\"name\":\"Exquisite Luxushotels in Liverpool\"}]}]}<\/script>\n<!-- \/ Yoast SEO plugin. -->","yoast_head_json":{"title":"Exquisite Luxushotels in Liverpool - Urlaub &amp; Reisen","description":"Die sch\u00f6nsten 4 und 5 Sterne Hotels in Liverpool f\u00fcr Ihren Luxusreise. Familienhotels, Last Minute Angebote und M\u00f6glichkeiten f\u00fcr Kinder","robots":{"index":"index","follow":"follow","max-snippet":"max-snippet:-1","max-image-preview":"max-image-preview:large","max-video-preview":"max-video-preview:-1"},"canonical":"https:\/\/www.urlaubcornwall.de\/blog\/exquisite-luxushotels-in-liverpool\/","og_locale":"en_US","og_type":"article","og_title":"Exquisite Luxushotels in Liverpool - Urlaub &amp; Reisen","og_description":"Die sch\u00f6nsten 4 und 5 Sterne Hotels in Liverpool f\u00fcr Ihren Luxusreise. Familienhotels, Last Minute Angebote und M\u00f6glichkeiten f\u00fcr Kinder","og_url":"https:\/\/www.urlaubcornwall.de\/blog\/exquisite-luxushotels-in-liverpool\/","og_site_name":"Urlaub &amp; Reisen","article_modified_time":"2024-05-30T11:07:46+00:00","og_image":[{"url":"https:\/\/www.urlaubcornwall.de\/blog\/wp-content\/uploads\/2024\/05\/liverpool.jpg"}],"twitter_card":"summary","twitter_misc":{"Est. reading time":"2 minutes"},"schema":{"@context":"https:\/\/schema.org","@graph":[{"@type":"WebSite","@id":"https:\/\/www.urlaubcornwall.de\/blog\/#website","url":"https:\/\/www.urlaubcornwall.de\/blog\/","name":"Urlaub &amp; Reisen","description":"Urlaub, Reisen, Cornwall und S\u00fcdengland: eine perfekte Kombination","potentialAction":[{"@type":"SearchAction","target":{"@type":"EntryPoint","urlTemplate":"https:\/\/www.urlaubcornwall.de\/blog\/?s={search_term_string}"},"query-input":"required name=search_term_string"}],"inLanguage":"en-US"},{"@type":"WebPage","@id":"https:\/\/www.urlaubcornwall.de\/blog\/exquisite-luxushotels-in-liverpool\/","url":"https:\/\/www.urlaubcornwall.de\/blog\/exquisite-luxushotels-in-liverpool\/","name":"Exquisite Luxushotels in Liverpool - Urlaub &amp; Reisen","isPartOf":{"@id":"https:\/\/www.urlaubcornwall.de\/blog\/#website"},"datePublished":"2021-10-13T14:32:03+00:00","dateModified":"2024-05-30T11:07:46+00:00","description":"Die sch\u00f6nsten 4 und 5 Sterne Hotels in Liverpool f\u00fcr Ihren Luxusreise. Familienhotels, Last Minute Angebote und M\u00f6glichkeiten f\u00fcr Kinder","breadcrumb":{"@id":"https:\/\/www.urlaubcornwall.de\/blog\/exquisite-luxushotels-in-liverpool\/#breadcrumb"},"inLanguage":"en-US","potentialAction":[{"@type":"ReadAction","target":["https:\/\/www.urlaubcornwall.de\/blog\/exquisite-luxushotels-in-liverpool\/"]}]},{"@type":"BreadcrumbList","@id":"https:\/\/www.urlaubcornwall.de\/blog\/exquisite-luxushotels-in-liverpool\/#breadcrumb","itemListElement":[{"@type":"ListItem","position":1,"name":"Home","item":"https:\/\/www.urlaubcornwall.de\/blog\/"},{"@type":"ListItem","position":2,"name":"Exquisite Luxushotels in Liverpool"}]}]}},"_links":{"self":[{"href":"https:\/\/www.urlaubcornwall.de\/blog\/wp-json\/wp\/v2\/pages\/43356"}],"collection":[{"href":"https:\/\/www.urlaubcornwall.de\/blog\/wp-json\/wp\/v2\/pages"}],"about":[{"href":"https:\/\/www.urlaubcornwall.de\/blog\/wp-json\/wp\/v2\/types\/page"}],"author":[{"embeddable":true,"href":"https:\/\/www.urlaubcornwall.de\/blog\/wp-json\/wp\/v2\/users\/1"}],"replies":[{"embeddable":true,"href":"https:\/\/www.urlaubcornwall.de\/blog\/wp-json\/wp\/v2\/comments?post=43356"}],"version-history":[{"count":4,"href":"https:\/\/www.urlaubcornwall.de\/blog\/wp-json\/wp\/v2\/pages\/43356\/revisions"}],"predecessor-version":[{"id":50950,"href":"https:\/\/www.urlaubcornwall.de\/blog\/wp-json\/wp\/v2\/pages\/43356\/revisions\/50950"}],"wp:attachment":[{"href":"https:\/\/www.urlaubcornwall.de\/blog\/wp-json\/wp\/v2\/media?parent=43356"}],"curies":[{"name":"wp","href":"https:\/\/api.w.org\/{rel}","templated":true}]}}