{"id":43348,"date":"2021-10-12T08:22:50","date_gmt":"2021-10-12T08:22:50","guid":{"rendered":"https:\/\/www.urlaubcornwall.de\/blog\/?page_id=43348"},"modified":"2026-01-07T09:59:46","modified_gmt":"2026-01-07T09:59:46","slug":"cornwalls-einzigartige-landschaft-dramatische-kueste-lange-geschichte-und-faszinierende-kultur","status":"publish","type":"page","link":"https:\/\/www.urlaubcornwall.de\/blog\/cornwalls-einzigartige-landschaft-dramatische-kueste-lange-geschichte-und-faszinierende-kultur\/","title":{"rendered":"Cornwalls einzigartige Landschaft &#8211; dramatische K\u00fcste, lange Geschichte und faszinierende Kultur"},"content":{"rendered":"<p><img loading=\"lazy\" class=\"aligncenter size-full wp-image-39453\" src=\"https:\/\/www.urlaubcornwall.de\/blog\/wp-content\/uploads\/2020\/02\/bedruthan-steps_edit.jpg\" alt=\"bedruthan steps strand\" width=\"750\" height=\"580\" srcset=\"https:\/\/www.urlaubcornwall.de\/blog\/wp-content\/uploads\/2020\/02\/bedruthan-steps_edit.jpg 750w, https:\/\/www.urlaubcornwall.de\/blog\/wp-content\/uploads\/2020\/02\/bedruthan-steps_edit-300x232.jpg 300w\" sizes=\"(max-width: 750px) 100vw, 750px\" \/><\/p>\n<p><strong>Bedruthan Steps<\/strong><\/p>\n<p>Machen Sie sich auf zur <a href=\"https:\/\/www.urlaubcornwall.de\/ferienhaeuser-fewos\/nordkueste-cornwall.html\">Nordk\u00fcste<\/a>, den Bedruthan Steps, wo Sie das Meer best\u00fcckt finden werden mit granitenen Felsen, die aus dem Meer hervorragen. Der Legende zufolge waren diese massiven Felsansammlungen einst die Trittsteine des Riesen Bedruthan. Sollten Sie ein n\u00e4chtliches Abenteuer m\u00f6gen, kommen Sie hierher zum Sternebeobachten, wenn erst einmal die Sonne untergegangen ist. Dies ist einer von lediglich  zwei \u2018dark sky status\u2019 St\u00e4tten der Grafschaft, was so viel bedeutet, wie einer der besten Orte des Landes, um Sterne zu sehen.<\/p>\n<p><strong>St Michael\u2019s Mount<\/strong><br \/>\n<img loading=\"lazy\" class=\"aligncenter size-full wp-image-47921\" src=\"hhttps:\/\/www.urlaubcornwall.de\/blog\/wp-content\/uploads\/2024\/03\/marazion_und-st-michaels-mount-1.jpg\" alt=\"marazion_und st michaels mount\" width=\"750\" height=\"500\" srcset=\"https:\/\/www.urlaubcornwall.de\/blog\/wp-content\/uploads\/2024\/03\/marazion_und-st-michaels-mount-1.jpg 750w, https:\/\/www.urlaubcornwall.de\/blog\/wp-content\/uploads\/2024\/03\/marazion_und-st-michaels-mount-1-300x200.jpg 300w\" sizes=\"(max-width: 750px) 100vw, 750px\" \/><\/p>\n<p>Auf einer gezeitenabh\u00e4ngigen Insel in der Mount&#8217;s Bay gelegen, ist dieses mittelalterliche Schloss, der Garten und die Inselgemeinschaft des St Michael&#8217;s Mount eines Besuches wert. Bei Ebbe k\u00f6nnen Sie den alten gepflasterten Steg entlanggehen, doch nehmen Sie wenigstens f\u00fcr eine Strecke das Boot, einfach des besonderen Erlebnisses wegen. Wenn Sie angekommen sind, nehmen Sie sich Zeit, die halbsubtropischen G\u00e4rten und das faszinierende Schloss zu erkunden oder holen Sie sich einfach ein Eis und genie\u00dfen Sie den Blick \u00fcber die Mount&#8217;s Bay.<\/p>\n<p> <strong>Botallack<\/strong><br \/>\n<img loading=\"lazy\" class=\"aligncenter size-full wp-image-39274\" src=\"https:\/\/www.urlaubcornwall.de\/blog\/wp-content\/uploads\/2020\/01\/Botallack_mine_poldark.jpg\" alt=\"Botallack_mine_poldark\" width=\"750\" height=\"455\"\/><\/p>\n<p>Sind Sie fasziniert vom Bergbauerbe? Dann machen Sie sich doch auf zur Zinnk\u00fcste und den historischen Maschinenh\u00e4usern, die prek\u00e4r an den Klippen h\u00e4ngen. Dies ist nicht nur eine Mining World Heritage Site, sondern wurde auch benutzt als Drehort w\u00e4hrend der Poldark Filmaufnahmen. Ein perfektes Abenteuer also f\u00fcr Fernsehfans und historisch Interessierte gleicherma\u00dfen.<\/p>\n<p><strong>Bodmin Moor<\/strong><br \/>\n<img loading=\"lazy\" class=\"aligncenter size-full wp-image-23327\" src=\"https:\/\/www.urlaubcornwall.de\/blog\/wp-content\/uploads\/2016\/03\/bodmin-urlaub.jpg\" alt=\"bodmin moor urlaub cornwall poldark\" width=\"750\" height=\"430\"\/><\/p>\n<p>In Cornwall geht es nicht nur um die K\u00fcste, und Sie k\u00f6nnen nicht besser daran erinnert werden als auf einer Fahrt ins ausgedehnte granitene Moorgebiet des Bodmin Moor. Die karge Landschaft hat ihre eigene strenge Sch\u00f6nheit, die am besten aufgenommen werden kann w\u00e4hrend einer Tageswanderung. Vergessen Sie nicht einen Abstecher zum Jamaica Inn, ber\u00fchmt geworden durch Daphne du Maurier, und nehmen Sie dort einen Mittagshappen ein. Oh, halten Sie auch Ausschau nach dem \u2018Beast of Bodmin Moor\u2018.<\/p>\n<p><strong>Golitha Falls <\/strong><\/p>\n<p>Lassen Sie sich w\u00e4hrend eines Besuches der Golitha Falls in eine andere Welt entf\u00fchren. Sie wandern hier durch altes Waldgebiet, um dann an den majest\u00e4tischen Wasserf\u00e4llen selbst anzukommen. Insgesamt verliert die Kaskade der Wasserf\u00e4lle etwa 90m an H\u00f6he, was ein recht eindrucksvolles Bild darstellt. Es gibt eine klare Route, der es zu folgen gilt, und w\u00e4hrend \u00e4ltere Kinder es lieben werden, ist es nicht geeignet f\u00fcr Kinderw\u00e4gen oder jene, die wackelig auf ihren Beinen sind. Diejenigen, die ein Abenteuer suchen, werden gut und wohl belohnt werden. Nehmen Sie Ihren Fotoapparat mit!<\/p>\n<p><strong>St Mawes Castle <\/strong><br \/>\n<img loading=\"lazy\" class=\"aligncenter size-full wp-image-48143\" src=\"https:\/\/www.urlaubcornwall.de\/blog\/wp-content\/uploads\/2024\/03\/schloss-st-mawes.jpg\" alt=\"schloss st mawes\" width=\"750\" height=\"563\" srcset=\"https:\/\/www.urlaubcornwall.de\/blog\/wp-content\/uploads\/2024\/03\/schloss-st-mawes.jpg 750w, https:\/\/www.urlaubcornwall.de\/blog\/wp-content\/uploads\/2024\/03\/schloss-st-mawes-300x225.jpg 300w\" sizes=\"(max-width: 750px) 100vw, 750px\" \/><\/p>\n<p>Eine Artilleriefestung von Heinrich VIII errichtet. Diese hervorstechende Festung, gemeinsam mit der Schwesterburg Pendennis Castle, besch\u00fctzte den Hafen Falmouths vor Invasionen. Unter den besterhaltenen Burgen Heinrichs VIII. ist es eine Freude, diese h\u00fcbsche Tudorfestung zu erkunden. \u00dcberpr\u00fcfen Sie die Kleeblattform der Burg, spazieren Sie durch den kultivierten Garten und lernen Sie alles, was zum Leben zu Tudorzeiten geh\u00f6rte. Vergessen Sie nicht, auch den herrlichen Blick \u00fcber die Fal Flussm\u00fcndung aufzusaugen.<\/p>\n<p style=\"text-align: center;\"><a class=\"tidycta\" href=\"https:\/\/www.urlaubcornwall.de\/ferienhaeuser-fewos\/cornwall.html\">Suche Ferienh\u00e4user in Cornwall<\/a><\/p>\n<div class=\"snippet\"> <a class=\"featured-item\" href=\"https:\/\/www.urlaubcornwall.de\/ferienhaeuser\/cornwall.php\"> <span class=\"image-holder\" style=\"background-image: url('https:\/\/www.urlaubcornwall.de\/blog\/wp-content\/uploads\/2018\/12\/familienurlaub-corwnall-snippet.jpg');\"><\/span> <span class=\"featured-content\"> \n<h2 class=\"featured-title\">Ferienh\u00e4user in Cornwall am Meer<\/h2>\n<p class=\"featured-body\">Cornwall besitzt mehr K\u00fcstenlinien als jede andere Grafschaft und bietet einige der besten Str\u00e4nde, K\u00fcstenwanderwege und Klippenlandschaften, die man \u00fcberhaupt finden kann&#8230; <\/p><\/span> <span class=\"featured-link-holder\"> <span class=\"featured-extra-info\"> \n<p>F\u00fcr Paare, Familien &#038; Gruppen<\/p>\n<\/span> \n<p class=\"featured-link\">DETAILS<\/p>\n<\/span> <\/a><\/div>\n","protected":false},"excerpt":{"rendered":"<p>Bedruthan Steps Machen Sie sich auf zur Nordk\u00fcste, den Bedruthan Steps, wo Sie das Meer best\u00fcckt finden werden mit granitenen Felsen, die aus dem Meer hervorragen. Der Legende zufolge waren diese massiven Felsansammlungen einst die Trittsteine des Riesen Bedruthan. Sollten Sie ein n\u00e4chtliches Abenteuer m\u00f6gen, kommen Sie hierher zum Sternebeobachten, wenn erst einmal die Sonne [&hellip;]<\/p>\n","protected":false},"author":1,"featured_media":0,"parent":0,"menu_order":0,"comment_status":"closed","ping_status":"closed","template":"single-four.php","meta":[],"acf":[],"yoast_head":"<!-- This site is optimized with the Yoast SEO plugin v19.4 - https:\/\/yoast.com\/wordpress\/plugins\/seo\/ -->\n<title>Cornwalls einzigartige Landschaft - dramatische K\u00fcste, lange Geschichte und faszinierende Kultur - Urlaub &amp; Reisen<\/title>\n<meta name=\"description\" content=\"Machen Sie sich auf zur Nordk\u00fcste, den Bedruthan Steps, wo Sie das Meer best\u00fcckt finden werden mit granitenen Felsen, die aus dem Meer hervorragen. Der Legende zufolge waren diese massiven Felsansammlungen einst die Trittsteine des Riesen Bedruthan.\" \/>\n<meta name=\"robots\" content=\"index, follow, max-snippet:-1, max-image-preview:large, max-video-preview:-1\" \/>\n<link rel=\"canonical\" href=\"https:\/\/www.urlaubcornwall.de\/blog\/cornwalls-einzigartige-landschaft-dramatische-kueste-lange-geschichte-und-faszinierende-kultur\/\" \/>\n<meta property=\"og:locale\" content=\"en_US\" \/>\n<meta property=\"og:type\" content=\"article\" \/>\n<meta property=\"og:title\" content=\"Cornwalls einzigartige Landschaft - dramatische K\u00fcste, lange Geschichte und faszinierende Kultur - Urlaub &amp; Reisen\" \/>\n<meta property=\"og:description\" content=\"Machen Sie sich auf zur Nordk\u00fcste, den Bedruthan Steps, wo Sie das Meer best\u00fcckt finden werden mit granitenen Felsen, die aus dem Meer hervorragen. Der Legende zufolge waren diese massiven Felsansammlungen einst die Trittsteine des Riesen Bedruthan.\" \/>\n<meta property=\"og:url\" content=\"https:\/\/www.urlaubcornwall.de\/blog\/cornwalls-einzigartige-landschaft-dramatische-kueste-lange-geschichte-und-faszinierende-kultur\/\" \/>\n<meta property=\"og:site_name\" content=\"Urlaub &amp; Reisen\" \/>\n<meta property=\"article:modified_time\" content=\"2026-01-07T09:59:46+00:00\" \/>\n<meta property=\"og:image\" content=\"https:\/\/www.urlaubcornwall.de\/blog\/wp-content\/uploads\/2020\/02\/bedruthan-steps_edit.jpg\" \/>\n<meta name=\"twitter:card\" content=\"summary\" \/>\n<meta name=\"twitter:label1\" content=\"Est. reading time\" \/>\n\t<meta name=\"twitter:data1\" content=\"4 minutes\" \/>\n<script type=\"application\/ld+json\" class=\"yoast-schema-graph\">{\"@context\":\"https:\/\/schema.org\",\"@graph\":[{\"@type\":\"WebSite\",\"@id\":\"https:\/\/www.urlaubcornwall.de\/blog\/#website\",\"url\":\"https:\/\/www.urlaubcornwall.de\/blog\/\",\"name\":\"Urlaub &amp; Reisen\",\"description\":\"Urlaub, Reisen, Cornwall und S\u00fcdengland: eine perfekte Kombination\",\"potentialAction\":[{\"@type\":\"SearchAction\",\"target\":{\"@type\":\"EntryPoint\",\"urlTemplate\":\"https:\/\/www.urlaubcornwall.de\/blog\/?s={search_term_string}\"},\"query-input\":\"required name=search_term_string\"}],\"inLanguage\":\"en-US\"},{\"@type\":\"WebPage\",\"@id\":\"https:\/\/www.urlaubcornwall.de\/blog\/cornwalls-einzigartige-landschaft-dramatische-kueste-lange-geschichte-und-faszinierende-kultur\/\",\"url\":\"https:\/\/www.urlaubcornwall.de\/blog\/cornwalls-einzigartige-landschaft-dramatische-kueste-lange-geschichte-und-faszinierende-kultur\/\",\"name\":\"Cornwalls einzigartige Landschaft - dramatische K\u00fcste, lange Geschichte und faszinierende Kultur - Urlaub &amp; Reisen\",\"isPartOf\":{\"@id\":\"https:\/\/www.urlaubcornwall.de\/blog\/#website\"},\"datePublished\":\"2021-10-12T08:22:50+00:00\",\"dateModified\":\"2026-01-07T09:59:46+00:00\",\"description\":\"Machen Sie sich auf zur Nordk\u00fcste, den Bedruthan Steps, wo Sie das Meer best\u00fcckt finden werden mit granitenen Felsen, die aus dem Meer hervorragen. Der Legende zufolge waren diese massiven Felsansammlungen einst die Trittsteine des Riesen Bedruthan.\",\"breadcrumb\":{\"@id\":\"https:\/\/www.urlaubcornwall.de\/blog\/cornwalls-einzigartige-landschaft-dramatische-kueste-lange-geschichte-und-faszinierende-kultur\/#breadcrumb\"},\"inLanguage\":\"en-US\",\"potentialAction\":[{\"@type\":\"ReadAction\",\"target\":[\"https:\/\/www.urlaubcornwall.de\/blog\/cornwalls-einzigartige-landschaft-dramatische-kueste-lange-geschichte-und-faszinierende-kultur\/\"]}]},{\"@type\":\"BreadcrumbList\",\"@id\":\"https:\/\/www.urlaubcornwall.de\/blog\/cornwalls-einzigartige-landschaft-dramatische-kueste-lange-geschichte-und-faszinierende-kultur\/#breadcrumb\",\"itemListElement\":[{\"@type\":\"ListItem\",\"position\":1,\"name\":\"Home\",\"item\":\"https:\/\/www.urlaubcornwall.de\/blog\/\"},{\"@type\":\"ListItem\",\"position\":2,\"name\":\"Cornwalls einzigartige Landschaft &#8211; dramatische K\u00fcste, lange Geschichte und faszinierende Kultur\"}]}]}<\/script>\n<!-- \/ Yoast SEO plugin. -->","yoast_head_json":{"title":"Cornwalls einzigartige Landschaft - dramatische K\u00fcste, lange Geschichte und faszinierende Kultur - Urlaub &amp; Reisen","description":"Machen Sie sich auf zur Nordk\u00fcste, den Bedruthan Steps, wo Sie das Meer best\u00fcckt finden werden mit granitenen Felsen, die aus dem Meer hervorragen. Der Legende zufolge waren diese massiven Felsansammlungen einst die Trittsteine des Riesen Bedruthan.","robots":{"index":"index","follow":"follow","max-snippet":"max-snippet:-1","max-image-preview":"max-image-preview:large","max-video-preview":"max-video-preview:-1"},"canonical":"https:\/\/www.urlaubcornwall.de\/blog\/cornwalls-einzigartige-landschaft-dramatische-kueste-lange-geschichte-und-faszinierende-kultur\/","og_locale":"en_US","og_type":"article","og_title":"Cornwalls einzigartige Landschaft - dramatische K\u00fcste, lange Geschichte und faszinierende Kultur - Urlaub &amp; Reisen","og_description":"Machen Sie sich auf zur Nordk\u00fcste, den Bedruthan Steps, wo Sie das Meer best\u00fcckt finden werden mit granitenen Felsen, die aus dem Meer hervorragen. Der Legende zufolge waren diese massiven Felsansammlungen einst die Trittsteine des Riesen Bedruthan.","og_url":"https:\/\/www.urlaubcornwall.de\/blog\/cornwalls-einzigartige-landschaft-dramatische-kueste-lange-geschichte-und-faszinierende-kultur\/","og_site_name":"Urlaub &amp; Reisen","article_modified_time":"2026-01-07T09:59:46+00:00","og_image":[{"url":"https:\/\/www.urlaubcornwall.de\/blog\/wp-content\/uploads\/2020\/02\/bedruthan-steps_edit.jpg"}],"twitter_card":"summary","twitter_misc":{"Est. reading time":"4 minutes"},"schema":{"@context":"https:\/\/schema.org","@graph":[{"@type":"WebSite","@id":"https:\/\/www.urlaubcornwall.de\/blog\/#website","url":"https:\/\/www.urlaubcornwall.de\/blog\/","name":"Urlaub &amp; Reisen","description":"Urlaub, Reisen, Cornwall und S\u00fcdengland: eine perfekte Kombination","potentialAction":[{"@type":"SearchAction","target":{"@type":"EntryPoint","urlTemplate":"https:\/\/www.urlaubcornwall.de\/blog\/?s={search_term_string}"},"query-input":"required name=search_term_string"}],"inLanguage":"en-US"},{"@type":"WebPage","@id":"https:\/\/www.urlaubcornwall.de\/blog\/cornwalls-einzigartige-landschaft-dramatische-kueste-lange-geschichte-und-faszinierende-kultur\/","url":"https:\/\/www.urlaubcornwall.de\/blog\/cornwalls-einzigartige-landschaft-dramatische-kueste-lange-geschichte-und-faszinierende-kultur\/","name":"Cornwalls einzigartige Landschaft - dramatische K\u00fcste, lange Geschichte und faszinierende Kultur - Urlaub &amp; Reisen","isPartOf":{"@id":"https:\/\/www.urlaubcornwall.de\/blog\/#website"},"datePublished":"2021-10-12T08:22:50+00:00","dateModified":"2026-01-07T09:59:46+00:00","description":"Machen Sie sich auf zur Nordk\u00fcste, den Bedruthan Steps, wo Sie das Meer best\u00fcckt finden werden mit granitenen Felsen, die aus dem Meer hervorragen. Der Legende zufolge waren diese massiven Felsansammlungen einst die Trittsteine des Riesen Bedruthan.","breadcrumb":{"@id":"https:\/\/www.urlaubcornwall.de\/blog\/cornwalls-einzigartige-landschaft-dramatische-kueste-lange-geschichte-und-faszinierende-kultur\/#breadcrumb"},"inLanguage":"en-US","potentialAction":[{"@type":"ReadAction","target":["https:\/\/www.urlaubcornwall.de\/blog\/cornwalls-einzigartige-landschaft-dramatische-kueste-lange-geschichte-und-faszinierende-kultur\/"]}]},{"@type":"BreadcrumbList","@id":"https:\/\/www.urlaubcornwall.de\/blog\/cornwalls-einzigartige-landschaft-dramatische-kueste-lange-geschichte-und-faszinierende-kultur\/#breadcrumb","itemListElement":[{"@type":"ListItem","position":1,"name":"Home","item":"https:\/\/www.urlaubcornwall.de\/blog\/"},{"@type":"ListItem","position":2,"name":"Cornwalls einzigartige Landschaft &#8211; dramatische K\u00fcste, lange Geschichte und faszinierende Kultur"}]}]}},"_links":{"self":[{"href":"https:\/\/www.urlaubcornwall.de\/blog\/wp-json\/wp\/v2\/pages\/43348"}],"collection":[{"href":"https:\/\/www.urlaubcornwall.de\/blog\/wp-json\/wp\/v2\/pages"}],"about":[{"href":"https:\/\/www.urlaubcornwall.de\/blog\/wp-json\/wp\/v2\/types\/page"}],"author":[{"embeddable":true,"href":"https:\/\/www.urlaubcornwall.de\/blog\/wp-json\/wp\/v2\/users\/1"}],"replies":[{"embeddable":true,"href":"https:\/\/www.urlaubcornwall.de\/blog\/wp-json\/wp\/v2\/comments?post=43348"}],"version-history":[{"count":8,"href":"https:\/\/www.urlaubcornwall.de\/blog\/wp-json\/wp\/v2\/pages\/43348\/revisions"}],"predecessor-version":[{"id":52000,"href":"https:\/\/www.urlaubcornwall.de\/blog\/wp-json\/wp\/v2\/pages\/43348\/revisions\/52000"}],"wp:attachment":[{"href":"https:\/\/www.urlaubcornwall.de\/blog\/wp-json\/wp\/v2\/media?parent=43348"}],"curies":[{"name":"wp","href":"https:\/\/api.w.org\/{rel}","templated":true}]}}