{"id":43338,"date":"2021-10-12T07:50:43","date_gmt":"2021-10-12T07:50:43","guid":{"rendered":"https:\/\/www.urlaubcornwall.de\/blog\/?page_id=43338"},"modified":"2024-05-31T08:43:24","modified_gmt":"2024-05-31T08:43:24","slug":"strandurlaub-in-cornwall-2022","status":"publish","type":"page","link":"https:\/\/www.urlaubcornwall.de\/blog\/strandurlaub-in-cornwall-2022\/","title":{"rendered":"Strandurlaub in Cornwall 2024"},"content":{"rendered":"<p>Mit so vielen herrlichen Str\u00e4nden, die zur Wahl stehen, haben wir hier eine Liste unserer Lieblingsstr\u00e4nde zusammengestellt, um Ihnen bei der Entscheidung zu helfen.  <\/p>\n<p><strong><a href=\"https:\/\/www.urlaubcornwall.de\/ferienhaeuser-fewos\/fistral-strand-newquay.html\">Fistral<\/a><\/strong><br \/>\n<img loading=\"lazy\" class=\"aligncenter size-full wp-image-40126\" src=\"https:\/\/www.urlaubcornwall.de\/blog\/wp-content\/uploads\/2020\/05\/fistral-strand-blick-1.jpg\" alt=\"\" width=\"750\" height=\"687\" srcset=\"https:\/\/www.urlaubcornwall.de\/blog\/wp-content\/uploads\/2020\/05\/fistral-strand-blick-1.jpg 750w, https:\/\/www.urlaubcornwall.de\/blog\/wp-content\/uploads\/2020\/05\/fistral-strand-blick-1-300x275.jpg 300w\" sizes=\"(max-width: 750px) 100vw, 750px\" \/><\/p>\n<p>Falls es Ihnen nach hohen Wellen und epischen Sonnenunterg\u00e4ngen ist, dann ist es f\u00fcr Sie Fistral in <a href=\"https:\/\/www.urlaubcornwall.de\/blog\/newquay-geschichte-sehenswuerdigkeiten-und-unterkunft\/\">Newquay<\/a>. Es ist das Zuhause britischen Surfens und der Wasserspielplatz schlechthin in Cornwall, und es zieht das ganze Jahr \u00fcber Aufregung Suchende und Wellenj\u00e4ger an seine Ufer. Es ist Gastgeber des Surfelements Boardmasters Festival, ganz zu schweigen von zahllosen weiteren Surfwettbewerben, die das ganze Jahr \u00fcber stattfinden, falls Sie Ihre Str\u00e4nde gespickt mit etwas Wetteifern m\u00f6gen. Nachdem Sie Meer und Sand aufgetankt haben, schlendern Sie doch hinauf zu The Stable, wo Sie Pizza und Apfelpunsch mit Blick auf den Sonnenuntergang \u00fcber dem Atlantik genie\u00dfen k\u00f6nnen. Perfektion.<\/p>\n<p><strong><a href=\"https:\/\/www.urlaubcornwall.de\/ferienhaeuser-fewos\/bude.html\">Summerleaze<\/a><\/strong><br \/>\n<img loading=\"lazy\" class=\"aligncenter size-full wp-image-43345\" src=\"https:\/\/www.urlaubcornwall.de\/blog\/wp-content\/uploads\/2021\/10\/bude-summerleaze-strand.jpg\" alt=\"bude summerleaze strand\" width=\"750\" height=\"556\" srcset=\"https:\/\/www.urlaubcornwall.de\/blog\/wp-content\/uploads\/2021\/10\/bude-summerleaze-strand.jpg 750w, https:\/\/www.urlaubcornwall.de\/blog\/wp-content\/uploads\/2021\/10\/bude-summerleaze-strand-300x222.jpg 300w\" sizes=\"(max-width: 750px) 100vw, 750px\" \/><\/p>\n<p>F\u00fcnf Minuten entfernt vom gesch\u00e4ftigen Treiben im Stadtzentrum von <a href=\"https:\/\/www.urlaubcornwall.de\/blog\/sehenswuerdigkeiten-bude-nordcornwall\/\">Bude<\/a> finden Sie den Summerleaze Strand. Es ist ein wahrhafter Urlaubsstrand mit allem, was dazugeh\u00f6rt. Es erwarten Sie bunte Strandh\u00fctten, die Sie mieten k\u00f6nnen, eine Surfschule und Lebensretter, sowie gen\u00fcgend weitere Angebote. Es ist ein beliebtes Fleckchen f\u00fcr Familien Dank der weiten sandigen Ausdehnung, die sich perfekt eignet zum Spielen. Zudem ist der Meerespool ein gro\u00dfartiges windgesch\u00fctztes Fleckchen f\u00fcr Kleinkinder, die sich daran gew\u00f6hnen, im Meer zu schwimmen. Gehbehinderte Besucher werden Summerleaze ebenso lieben, da der Zugang vom Parkplatz aus unbeschwert ist, Behindertentoiletten sind vorhanden, und sogar ein behindertengerechter Strandstuhl, den Sie von der Summerleaze Beach Office erhalten k\u00f6nnen.<\/p>\n<p><strong><a href=\"https:\/\/www.urlaubcornwall.de\/ferienhaeuser-fewos\/fowey.html\">Polridmouth Cove<\/a><\/strong><br \/>\n<img loading=\"lazy\" class=\"aligncenter size-full wp-image-43344\" src=\"https:\/\/www.urlaubcornwall.de\/blog\/wp-content\/uploads\/2021\/10\/fowey-1.jpg\" alt=\"fowey\" width=\"750\" height=\"500\" srcset=\"https:\/\/www.urlaubcornwall.de\/blog\/wp-content\/uploads\/2021\/10\/fowey-1.jpg 750w, https:\/\/www.urlaubcornwall.de\/blog\/wp-content\/uploads\/2021\/10\/fowey-1-300x200.jpg 300w\" sizes=\"(max-width: 750px) 100vw, 750px\" \/><\/p>\n<p>Eine windgesch\u00fctzte Zwillingsbucht eingekeilt \u00f6stlich von Gribbin Head und westlich der beliebten <a href=\"https:\/\/www.urlaubcornwall.de\/ferienhaeuser-fewos\/fowey.html\">Stadt Fowey<\/a>. Es ist den Spaziergang hinunter wert, um Polridmouth Cove zu sehen. Die beiden Str\u00e4nde, die bei Ebbe sichtbar sind und voneinander durch ein felsiges Hochland getrennt werden, sind umgeben von sattgr\u00fcnen Klippen und Feldern und verleihen somit diesem Fleckchen ein wahrhaft irdenes Gef\u00fchl. Es ist ein gut f\u00fcnfzehn min\u00fctiger Pfad hinunter vom n\u00e4chst gelegenen Parkplatz, und es gibt wenig Fazilit\u00e4ten, doch das ist es gerade, was die Menschen an diesem ruhigen, friedvollen K\u00fcstenfleckchen am meisten lieben.<\/p>\n<p><strong><a href=\"https:\/\/www.urlaubcornwall.de\/ferienhaeuser-fewos\/porthcurno.html\">Porthcurno<\/a><\/strong><br \/>\n<img loading=\"lazy\" class=\"aligncenter size-full wp-image-48079\" src=\"https:\/\/www.urlaubcornwall.de\/blog\/wp-content\/uploads\/2024\/03\/portcurno-strand.jpg\" alt=\"porthcurno strand\" width=\"750\" height=\"500\" srcset=\"https:\/\/www.urlaubcornwall.de\/blog\/wp-content\/uploads\/2024\/03\/portcurno-strand.jpg 750w, https:\/\/www.urlaubcornwall.de\/blog\/wp-content\/uploads\/2024\/03\/portcurno-strand-300x200.jpg 300w\" sizes=\"(max-width: 750px) 100vw, 750px\" \/><\/p>\n<p>Sie wissen, dass es gut sein wird, wenn ein Strand als &#8216;Paradies&#8217;, beschrieben wird, doch wir wetten, dass Ihnen der Porthcurno Beach dennoch den Atem rauben wird, wenn Sie ihn erst einmal selbst sehen. Wir wissen nicht genau, ob es am mehlfeinen wei\u00dfen Sand liegt, dem t\u00fcrkisblauen Meer oder der Pracht des nahe gelegenen ikonischen <a href=\"https:\/\/www.minack.com\/minack-theatre\">Minack Theatre<\/a>; doch Porthcurno an Cornwalls fesselnder Westk\u00fcste ist eine wahrhaftige Sch\u00f6nheit. Was nahe gelegene Attraktionen anbelangt, so planen Sie doch auch einen Besuch des Porthcurno Telegraph Museum ein, das die eindrucksvolle Geschichte erz\u00e4hlt von der Teilhabe der Grafschaft an den Pioniertagen weltweiter Kommunikationen.<\/p>\n<p><strong><a href=\"https:\/\/www.urlaubcornwall.de\/ferienhaeuser-fewos\/kingsand.html\">Kingsand und Cawsand<\/a><\/strong><br \/>\n<img loading=\"lazy\" class=\"aligncenter size-full wp-image-43342\" src=\"https:\/\/www.urlaubcornwall.de\/blog\/wp-content\/uploads\/2021\/10\/kingsand-cawsand.jpg\" alt=\"kingsand cawsand\" width=\"750\" height=\"563\" srcset=\"https:\/\/www.urlaubcornwall.de\/blog\/wp-content\/uploads\/2021\/10\/kingsand-cawsand.jpg 750w, https:\/\/www.urlaubcornwall.de\/blog\/wp-content\/uploads\/2021\/10\/kingsand-cawsand-300x225.jpg 300w\" sizes=\"(max-width: 750px) 100vw, 750px\" \/><\/p>\n<p>Versteckt gelegen in Cornwalls \u2018vergessenem Winkel\u2019 sind die Zwillingsstr\u00e4nde Kingsand und Cawsand benannt nach den entsprechenden Zwillingsd\u00f6rfern, die auf der <a href=\"https:\/\/www.urlaubcornwall.de\/blog\/urlaub-in-cornwall-ohne-die-massen-leere-straende-ruhige-doerfer\/\">Rame Halbinsel<\/a> versteckt sind. Beide bestehen aus einer Mischung an Sand und Kiesel mit einer Reihe an Rockpools, die sich f\u00fcr die Kleinen perfekt zum Erkunden eignen. Beide sind sie gleicherma\u00dfen beliebt zum Schwimmen und Bootsfahren, und es gibt nahe gelegene Parkm\u00f6glichkeiten, Caf\u00e9s und Toiletten in den D\u00f6rfern.<\/p>\n<p><strong><a href=\"https:\/\/www.urlaubcornwall.de\/ferienhaeuser-fewos\/perranporth.html\">Perranporth<\/a><\/strong><br \/>\n<img loading=\"lazy\" class=\"aligncenter size-full wp-image-43341\" src=\"https:\/\/www.urlaubcornwall.de\/blog\/wp-content\/uploads\/2021\/10\/perranporth.jpg\" alt=\"perranporth\" width=\"750\" height=\"493\" srcset=\"https:\/\/www.urlaubcornwall.de\/blog\/wp-content\/uploads\/2021\/10\/perranporth.jpg 750w, https:\/\/www.urlaubcornwall.de\/blog\/wp-content\/uploads\/2021\/10\/perranporth-300x197.jpg 300w\" sizes=\"(max-width: 750px) 100vw, 750px\" \/><\/p>\n<p>Suchen Sie klassische Sch\u00f6nheit und eine Menge zu tun, dann gehen Sie doch zum Perranporth Strand an der <a href=\"https:\/\/www.urlaubcornwall.de\/ferienhaeuser-fewos\/nordkueste-cornwall.html\">Nordk\u00fcste<\/a>. Bei Ebbe geht das Meer zur\u00fcck und offenbart drei Meilen goldenen Sandstrandes, perfekt geeignet f\u00fcr Erkundungen mit der gesamten Familie. Und bei so viel Strand gibt es immer genug Platz, selbst in der Hochsaison im Sommer. W\u00e4hrend es in der Stadt k\u00f6stliche Lokalit\u00e4ten und Kneipen gibt, um einen Happen und ein Getr\u00e4nk mit Ausblick einzunehmen, m\u00fcssen Sie auch zum The Watering Hole \u2013 die einzige Strandbar des UK direkt am Strand.<\/p>\n<p><strong><a href=\"https:\/\/www.urlaubcornwall.de\/ferienhaeuser-fewos\/kynance-bucht.html\">Kynance Cove<\/a><\/strong><br \/>\n<img loading=\"lazy\" class=\"aligncenter size-full wp-image-43340\" src=\"https:\/\/www.urlaubcornwall.de\/blog\/wp-content\/uploads\/2021\/10\/Kynance-Cove2.jpg\" alt=\"Kynance-Cove\" width=\"750\" height=\"500\" srcset=\"https:\/\/www.urlaubcornwall.de\/blog\/wp-content\/uploads\/2021\/10\/Kynance-Cove2.jpg 750w, https:\/\/www.urlaubcornwall.de\/blog\/wp-content\/uploads\/2021\/10\/Kynance-Cove2-300x200.jpg 300w\" sizes=\"(max-width: 750px) 100vw, 750px\" \/><\/p>\n<p>Kynance Cove ist eines der beliebtesten Sch\u00f6nheitsfleckchen in Cornwall und entt\u00e4uscht nicht. Der Strand ist &#8216;instafamous&#8217; Dank des starken Kontrastes seines wei\u00dfen Sandes, dem t\u00fcrkisfarbenen Meer und dunkelrotem und gr\u00fcnen Serpentingestein. Wandern Sie vom <a href=\"https:\/\/www.urlaubcornwall.de\/blog\/lizard-halbinsel-geschichte-sehenswuerdigkeiten-und-unterkunft\/\">Lizard Point<\/a> aus wegen der zahlreichen herrlichen Ausblicke und dem malerischsten Ende. Um die Bucht am besten zu erkunden, planen Sie zeitlich gerecht und kommen Sie bei Ebbe an, wenn Sie die hoch aufragenden Felsen aus der N\u00e4he erkunden k\u00f6nnen. St\u00e4rken Sie sich f\u00fcr den R\u00fcckweg mit einem \u2018cream tea\u2019 oder einer \u2018Cornish Pasty\u2018 vom Kynance Cove Caf\u00e9. <\/p>\n<p><strong><a href=\"https:\/\/www.urlaubcornwall.de\/ferienhaeuser-fewos\/sennen.html\">Sennen<\/a><\/strong><br \/>\n<img loading=\"lazy\" class=\"aligncenter size-full wp-image-43339\" src=\"https:\/\/www.urlaubcornwall.de\/blog\/wp-content\/uploads\/2021\/10\/sennen-cove.jpg\" alt=\"sennen cove\" width=\"750\" height=\"563\" srcset=\"https:\/\/www.urlaubcornwall.de\/blog\/wp-content\/uploads\/2021\/10\/sennen-cove.jpg 750w, https:\/\/www.urlaubcornwall.de\/blog\/wp-content\/uploads\/2021\/10\/sennen-cove-300x225.jpg 300w\" sizes=\"(max-width: 750px) 100vw, 750px\" \/><\/p>\n<p>Lediglich einen Steinwurf vom westlichsten Zipfel des Hauptlandes Britannien entfernt, finden Sie den herrlichen Sennen Beach. Er liegt direkt frontal zum Atlantik, und ist daher ein beliebter Ort f\u00fcr Surfer und Fotografen gleicherma\u00dfen. Die Stadt selbst ist so malerisch wie Sie es sich nur vorstellen k\u00f6nnen; denken Sie an historische Cottages, gem\u00fctliche Kneipen und endlos guten Blick hinaus auf den eindrucksvollen Wellengang.<\/p>\n<p style=\"text-align: center;\"><a class=\"tidycta\" href=\"https:\/\/www.urlaubcornwall.de\/ferienhaeuser-fewos\/cornwall-am-meer.html\">Suche Ferienh\u00e4user am Strand<\/a><\/p>\n<div class=\"snippet\"> <a class=\"featured-item\" href=\"https:\/\/www.urlaubcornwall.de\/ferienhaeuser\/cornwall.php\"> <span class=\"image-holder\" style=\"background-image: url('https:\/\/www.urlaubcornwall.de\/blog\/wp-content\/uploads\/2018\/12\/familienurlaub-corwnall-snippet.jpg');\"><\/span> <span class=\"featured-content\"> \n<h2 class=\"featured-title\">Ferienh\u00e4user in Cornwall am Meer<\/h2>\n<p class=\"featured-body\">Cornwall besitzt mehr K\u00fcstenlinien als jede andere Grafschaft und bietet einige der besten Str\u00e4nde, K\u00fcstenwanderwege und Klippenlandschaften, die man \u00fcberhaupt finden kann&#8230; <\/p><\/span> <span class=\"featured-link-holder\"> <span class=\"featured-extra-info\"> \n<p>F\u00fcr Paare, Familien &#038; Gruppen<\/p>\n<\/span> \n<p class=\"featured-link\">DETAILS<\/p>\n<\/span> <\/a><\/div>\n","protected":false},"excerpt":{"rendered":"<p>Mit so vielen herrlichen Str\u00e4nden, die zur Wahl stehen, haben wir hier eine Liste unserer Lieblingsstr\u00e4nde zusammengestellt, um Ihnen bei der Entscheidung zu helfen. Fistral Falls es Ihnen nach hohen Wellen und epischen Sonnenunterg\u00e4ngen ist, dann ist es f\u00fcr Sie Fistral in Newquay. Es ist das Zuhause britischen Surfens und der Wasserspielplatz schlechthin in Cornwall, [&hellip;]<\/p>\n","protected":false},"author":1,"featured_media":0,"parent":0,"menu_order":0,"comment_status":"closed","ping_status":"closed","template":"single-four.php","meta":[],"acf":[],"yoast_head":"<!-- This site is optimized with the Yoast SEO plugin v19.4 - https:\/\/yoast.com\/wordpress\/plugins\/seo\/ -->\n<title>Strandurlaub in Cornwall 2024 - Urlaub &amp; Reisen<\/title>\n<meta name=\"description\" content=\"Falls es Ihnen nach hohen Wellen und epischen Sonnenunterg\u00e4ngen ist, dann ist es f\u00fcr Sie Fistral in Newquay. Es ist das Zuhause britischen Surfens und der Wasserspielplatz schlechthin in Cornwall, und es zieht das ganze Jahr \u00fcber Aufregung Suchende und Wellenj\u00e4ger an seine Ufer. Es ist Gastgeber des Surfelements Boardmasters Festival\" \/>\n<meta name=\"robots\" content=\"index, follow, max-snippet:-1, max-image-preview:large, max-video-preview:-1\" \/>\n<link rel=\"canonical\" href=\"https:\/\/www.urlaubcornwall.de\/blog\/strandurlaub-in-cornwall-2022\/\" \/>\n<meta property=\"og:locale\" content=\"en_US\" \/>\n<meta property=\"og:type\" content=\"article\" \/>\n<meta property=\"og:title\" content=\"Strandurlaub in Cornwall 2024 - Urlaub &amp; Reisen\" \/>\n<meta property=\"og:description\" content=\"Falls es Ihnen nach hohen Wellen und epischen Sonnenunterg\u00e4ngen ist, dann ist es f\u00fcr Sie Fistral in Newquay. Es ist das Zuhause britischen Surfens und der Wasserspielplatz schlechthin in Cornwall, und es zieht das ganze Jahr \u00fcber Aufregung Suchende und Wellenj\u00e4ger an seine Ufer. Es ist Gastgeber des Surfelements Boardmasters Festival\" \/>\n<meta property=\"og:url\" content=\"https:\/\/www.urlaubcornwall.de\/blog\/strandurlaub-in-cornwall-2022\/\" \/>\n<meta property=\"og:site_name\" content=\"Urlaub &amp; Reisen\" \/>\n<meta property=\"article:modified_time\" content=\"2024-05-31T08:43:24+00:00\" \/>\n<meta property=\"og:image\" content=\"https:\/\/www.urlaubcornwall.de\/blog\/wp-content\/uploads\/2020\/05\/fistral-strand-blick-1.jpg\" \/>\n<meta name=\"twitter:card\" content=\"summary\" \/>\n<meta name=\"twitter:label1\" content=\"Est. reading time\" \/>\n\t<meta name=\"twitter:data1\" content=\"6 minutes\" \/>\n<script type=\"application\/ld+json\" class=\"yoast-schema-graph\">{\"@context\":\"https:\/\/schema.org\",\"@graph\":[{\"@type\":\"WebSite\",\"@id\":\"https:\/\/www.urlaubcornwall.de\/blog\/#website\",\"url\":\"https:\/\/www.urlaubcornwall.de\/blog\/\",\"name\":\"Urlaub &amp; Reisen\",\"description\":\"Urlaub, Reisen, Cornwall und S\u00fcdengland: eine perfekte Kombination\",\"potentialAction\":[{\"@type\":\"SearchAction\",\"target\":{\"@type\":\"EntryPoint\",\"urlTemplate\":\"https:\/\/www.urlaubcornwall.de\/blog\/?s={search_term_string}\"},\"query-input\":\"required name=search_term_string\"}],\"inLanguage\":\"en-US\"},{\"@type\":\"WebPage\",\"@id\":\"https:\/\/www.urlaubcornwall.de\/blog\/strandurlaub-in-cornwall-2022\/\",\"url\":\"https:\/\/www.urlaubcornwall.de\/blog\/strandurlaub-in-cornwall-2022\/\",\"name\":\"Strandurlaub in Cornwall 2024 - Urlaub &amp; Reisen\",\"isPartOf\":{\"@id\":\"https:\/\/www.urlaubcornwall.de\/blog\/#website\"},\"datePublished\":\"2021-10-12T07:50:43+00:00\",\"dateModified\":\"2024-05-31T08:43:24+00:00\",\"description\":\"Falls es Ihnen nach hohen Wellen und epischen Sonnenunterg\u00e4ngen ist, dann ist es f\u00fcr Sie Fistral in Newquay. Es ist das Zuhause britischen Surfens und der Wasserspielplatz schlechthin in Cornwall, und es zieht das ganze Jahr \u00fcber Aufregung Suchende und Wellenj\u00e4ger an seine Ufer. Es ist Gastgeber des Surfelements Boardmasters Festival\",\"breadcrumb\":{\"@id\":\"https:\/\/www.urlaubcornwall.de\/blog\/strandurlaub-in-cornwall-2022\/#breadcrumb\"},\"inLanguage\":\"en-US\",\"potentialAction\":[{\"@type\":\"ReadAction\",\"target\":[\"https:\/\/www.urlaubcornwall.de\/blog\/strandurlaub-in-cornwall-2022\/\"]}]},{\"@type\":\"BreadcrumbList\",\"@id\":\"https:\/\/www.urlaubcornwall.de\/blog\/strandurlaub-in-cornwall-2022\/#breadcrumb\",\"itemListElement\":[{\"@type\":\"ListItem\",\"position\":1,\"name\":\"Home\",\"item\":\"https:\/\/www.urlaubcornwall.de\/blog\/\"},{\"@type\":\"ListItem\",\"position\":2,\"name\":\"Strandurlaub in Cornwall 2024\"}]}]}<\/script>\n<!-- \/ Yoast SEO plugin. -->","yoast_head_json":{"title":"Strandurlaub in Cornwall 2024 - Urlaub &amp; Reisen","description":"Falls es Ihnen nach hohen Wellen und epischen Sonnenunterg\u00e4ngen ist, dann ist es f\u00fcr Sie Fistral in Newquay. Es ist das Zuhause britischen Surfens und der Wasserspielplatz schlechthin in Cornwall, und es zieht das ganze Jahr \u00fcber Aufregung Suchende und Wellenj\u00e4ger an seine Ufer. Es ist Gastgeber des Surfelements Boardmasters Festival","robots":{"index":"index","follow":"follow","max-snippet":"max-snippet:-1","max-image-preview":"max-image-preview:large","max-video-preview":"max-video-preview:-1"},"canonical":"https:\/\/www.urlaubcornwall.de\/blog\/strandurlaub-in-cornwall-2022\/","og_locale":"en_US","og_type":"article","og_title":"Strandurlaub in Cornwall 2024 - Urlaub &amp; Reisen","og_description":"Falls es Ihnen nach hohen Wellen und epischen Sonnenunterg\u00e4ngen ist, dann ist es f\u00fcr Sie Fistral in Newquay. Es ist das Zuhause britischen Surfens und der Wasserspielplatz schlechthin in Cornwall, und es zieht das ganze Jahr \u00fcber Aufregung Suchende und Wellenj\u00e4ger an seine Ufer. Es ist Gastgeber des Surfelements Boardmasters Festival","og_url":"https:\/\/www.urlaubcornwall.de\/blog\/strandurlaub-in-cornwall-2022\/","og_site_name":"Urlaub &amp; Reisen","article_modified_time":"2024-05-31T08:43:24+00:00","og_image":[{"url":"https:\/\/www.urlaubcornwall.de\/blog\/wp-content\/uploads\/2020\/05\/fistral-strand-blick-1.jpg"}],"twitter_card":"summary","twitter_misc":{"Est. reading time":"6 minutes"},"schema":{"@context":"https:\/\/schema.org","@graph":[{"@type":"WebSite","@id":"https:\/\/www.urlaubcornwall.de\/blog\/#website","url":"https:\/\/www.urlaubcornwall.de\/blog\/","name":"Urlaub &amp; Reisen","description":"Urlaub, Reisen, Cornwall und S\u00fcdengland: eine perfekte Kombination","potentialAction":[{"@type":"SearchAction","target":{"@type":"EntryPoint","urlTemplate":"https:\/\/www.urlaubcornwall.de\/blog\/?s={search_term_string}"},"query-input":"required name=search_term_string"}],"inLanguage":"en-US"},{"@type":"WebPage","@id":"https:\/\/www.urlaubcornwall.de\/blog\/strandurlaub-in-cornwall-2022\/","url":"https:\/\/www.urlaubcornwall.de\/blog\/strandurlaub-in-cornwall-2022\/","name":"Strandurlaub in Cornwall 2024 - Urlaub &amp; Reisen","isPartOf":{"@id":"https:\/\/www.urlaubcornwall.de\/blog\/#website"},"datePublished":"2021-10-12T07:50:43+00:00","dateModified":"2024-05-31T08:43:24+00:00","description":"Falls es Ihnen nach hohen Wellen und epischen Sonnenunterg\u00e4ngen ist, dann ist es f\u00fcr Sie Fistral in Newquay. Es ist das Zuhause britischen Surfens und der Wasserspielplatz schlechthin in Cornwall, und es zieht das ganze Jahr \u00fcber Aufregung Suchende und Wellenj\u00e4ger an seine Ufer. Es ist Gastgeber des Surfelements Boardmasters Festival","breadcrumb":{"@id":"https:\/\/www.urlaubcornwall.de\/blog\/strandurlaub-in-cornwall-2022\/#breadcrumb"},"inLanguage":"en-US","potentialAction":[{"@type":"ReadAction","target":["https:\/\/www.urlaubcornwall.de\/blog\/strandurlaub-in-cornwall-2022\/"]}]},{"@type":"BreadcrumbList","@id":"https:\/\/www.urlaubcornwall.de\/blog\/strandurlaub-in-cornwall-2022\/#breadcrumb","itemListElement":[{"@type":"ListItem","position":1,"name":"Home","item":"https:\/\/www.urlaubcornwall.de\/blog\/"},{"@type":"ListItem","position":2,"name":"Strandurlaub in Cornwall 2024"}]}]}},"_links":{"self":[{"href":"https:\/\/www.urlaubcornwall.de\/blog\/wp-json\/wp\/v2\/pages\/43338"}],"collection":[{"href":"https:\/\/www.urlaubcornwall.de\/blog\/wp-json\/wp\/v2\/pages"}],"about":[{"href":"https:\/\/www.urlaubcornwall.de\/blog\/wp-json\/wp\/v2\/types\/page"}],"author":[{"embeddable":true,"href":"https:\/\/www.urlaubcornwall.de\/blog\/wp-json\/wp\/v2\/users\/1"}],"replies":[{"embeddable":true,"href":"https:\/\/www.urlaubcornwall.de\/blog\/wp-json\/wp\/v2\/comments?post=43338"}],"version-history":[{"count":4,"href":"https:\/\/www.urlaubcornwall.de\/blog\/wp-json\/wp\/v2\/pages\/43338\/revisions"}],"predecessor-version":[{"id":51254,"href":"https:\/\/www.urlaubcornwall.de\/blog\/wp-json\/wp\/v2\/pages\/43338\/revisions\/51254"}],"wp:attachment":[{"href":"https:\/\/www.urlaubcornwall.de\/blog\/wp-json\/wp\/v2\/media?parent=43338"}],"curies":[{"name":"wp","href":"https:\/\/api.w.org\/{rel}","templated":true}]}}