{"id":43324,"date":"2021-10-11T08:38:56","date_gmt":"2021-10-11T08:38:56","guid":{"rendered":"https:\/\/www.urlaubcornwall.de\/blog\/?page_id=43324"},"modified":"2026-01-07T09:57:20","modified_gmt":"2026-01-07T09:57:20","slug":"es-ist-zeit-mit-der-planung-ihres-cornwall-urlaubs-2022-zu-beginnen","status":"publish","type":"page","link":"https:\/\/www.urlaubcornwall.de\/blog\/es-ist-zeit-mit-der-planung-ihres-cornwall-urlaubs-2022-zu-beginnen\/","title":{"rendered":"Es ist Zeit, mit der Planung Ihres Cornwall Urlaubs zu beginnen!"},"content":{"rendered":"<p><a href=\"https:\/\/www.urlaubcornwall.de\/blog\/wp-content\/uploads\/2024\/03\/cornwall-strand.jpg\"><img loading=\"lazy\" src=\"https:\/\/www.urlaubcornwall.de\/blog\/wp-content\/uploads\/2024\/03\/cornwall-strand.jpg\" alt=\"cornwall strand\" width=\"750\" height=\"500\" class=\"alignnone size-full wp-image-48060\" srcset=\"https:\/\/www.urlaubcornwall.de\/blog\/wp-content\/uploads\/2024\/03\/cornwall-strand.jpg 750w, https:\/\/www.urlaubcornwall.de\/blog\/wp-content\/uploads\/2024\/03\/cornwall-strand-300x200.jpg 300w\" sizes=\"(max-width: 750px) 100vw, 750px\" \/><\/a><\/p>\n<p>Beginnend mit der dramatischen <a href=\"https:\/\/www.urlaubcornwall.de\/ferienhaeuser-fewos\/nordkueste-cornwall.html\">Nordk\u00fcste<\/a> und der urigen Sch\u00f6nheit der <a href=\"https:\/\/www.urlaubcornwall.de\/ferienhaeuser-fewos\/suedkueste-cornwall.html\">S\u00fcdk\u00fcste<\/a>, bis hin zur Westk\u00fcste, die tief verankert ist in Erz\u00e4hlungen und Legenden, mangelt es <a href=\"https:\/\/www.urlaubcornwall.de\/ferienhaeuser-fewos\/cornwall.html\">Cornwall<\/a> nicht an h\u00fcbschen Orten.<\/p>\n<p>In der Tat gibt es zu viele malerische Fleckchen, um sie alle in einen Urlaub zu zw\u00e4ngen. Was also tun als Sch\u00f6nheitssuchender? Planen Sie Ihren Urlaub, gef\u00fcllt mit lediglich den sch\u00f6nsten Orten! Hier sind einige Ideen, die sicherstellen, dass Ihre n\u00e4chste <a href=\"https:\/\/www.urlaubcornwall.de\/reiseziel\/cornwall.php\">Reise nach Cornwall<\/a> die Instagram-Reise schlechthin darstellt.<\/p>\n<p><strong>Geheimtipps Cornwall &#8211; St\u00e4dte und D\u00f6rfer in Cornwall, die Sie unbedingt besuchen m\u00fcssen<\/strong><\/p>\n<p><strong><u><a href=\"https:\/\/www.urlaubcornwall.de\/ferienhaeuser-fewos\/falmouth.html\">Falmouth<\/a><\/u><\/strong><\/p>\n<p><img loading=\"lazy\" class=\"aligncenter size-full wp-image-43328\" src=\"https:\/\/www.urlaubcornwall.de\/blog\/wp-content\/uploads\/2021\/10\/falmouth-hafen.jpg\" alt=\"falmouth hafen\" width=\"750\" height=\"546\"\/><\/p>\n<p>In Falmouth herrscht das ganze Jahr \u00fcber gesch\u00e4ftiges Treiben, dank der Studentengemeinschaft der Universit\u00e4t und enormer Beliebtheit bei Urlaubern. Die Haupteinkaufsmeile ist sehr h\u00fcbsch mit ihren gepflasterten Str\u00e4\u00dfchen, urigen Gesch\u00e4ften und den Girlanden, die stadtbeliebte Feste verhei\u00dfen. Falmouth liegt zur\u00fcckverlagert vom Hafen, welcher der dritttiefste Hafen der Welt ist. Wasserliebhaber werden sowohl den Swanpool Strand, als auch den Gyllyngvase Strand lieben, und all Jene, die wissensdurstig sind, k\u00f6nnen das <a href=\"https:\/\/nmmc.co.uk\">National Maritime Museum Cornwall<\/a> besuchen. Alternativ, machen Sie sich doch auf zur Festung aus dem 16. Jahrhundert, dem <a href=\"https:\/\/www.english-heritage.org.uk\/visit\/places\/pendennis-castle\/\">Pendennis Castle<\/a>, um eine lebensnahe Geschichtsstunde zu erleben. Steigern Sie die Romanze mit franz\u00f6sischer K\u00fcche im <a href=\"http:\/\/www.lacavefalmouth.co.uk\/\">La Cave<\/a>; genie\u00dfen Sie s\u00fcdafrikanisch inspirierte Gerichte mit cornishen Zutaten im <a href=\"https:\/\/www.amanzirestaurant.co.uk\/\">Amanzi<\/a>&nbsp;und nehmen Sie stilvoll eine Tasse Kaffee ein im <a href=\"https:\/\/www.instagram.com\/espressini\/?hl=en\">Espressini<\/a>.<\/p>\n<p><strong><u><a href=\"https:\/\/www.urlaubcornwall.de\/ferienhaeuser-fewos\/st-ives.html\">St Ives<\/a><\/u><\/strong><\/p>\n<p><img loading=\"lazy\" class=\"aligncenter size-full wp-image-43325\" src=\"https:\/\/www.urlaubcornwall.de\/blog\/wp-content\/uploads\/2021\/10\/st-ives_hafen_cornwall.jpg\" alt=\"st ives_hafen_cornwall\" width=\"750\" height=\"563\" srcset=\"https:\/\/www.urlaubcornwall.de\/blog\/wp-content\/uploads\/2021\/10\/st-ives_hafen_cornwall.jpg 751w, https:\/\/www.urlaubcornwall.de\/blog\/wp-content\/uploads\/2021\/10\/st-ives_hafen_cornwall-300x225.jpg 300w\" sizes=\"(max-width: 750px) 100vw, 750px\" \/><\/p>\n<p>Beliebt geworden durch die K\u00fcnstler, die wegen des exquisiten Lichts kamen, ist St Ives unbestritten die h\u00fcbscheste Stadt in Cornwall. Schlendern Sie die urigen Pflasterstr\u00e4\u00dfchen entlang und kaufen Sie besondere Souvenirs in Einzelhandelsgesch\u00e4ften und Boutiquen; saugen Sie Kultur auf in der <a href=\"https:\/\/www.tate.org.uk\/visit\/tate-st-ives\">Tate St Ives<\/a> am Meeresufer und dem <a href=\"https:\/\/www.tate.org.uk\/visit\/tate-st-ives\/barbara-hepworth-museum-and-sculpture-garden\">Barbara Hepworth Museum and Sculpture Garden<\/a> oder machen Sie eine Bootsfahrt auf der Suche nach einer Robbenkolonie. Sie k\u00f6nnen mit Leichtigkeit eine gesamte Woche damit verbringen, die bildsch\u00f6nen Str\u00e4nde in St Ives zu erkunden, und wenn der Magen knurrt, machen Sie sich doch auf zum <a href=\"http:\/\/rumandcrabshack.com\/\">Rum and Crab Shack<\/a><u>, <\/u>um es sich rechtens schmecken zu lassen, dem <a href=\"https:\/\/www.bierhuisgrandcafe.co.uk\/\">Bier Huis Grand Caf\u00e9<\/a> ,wenn es Sie nach belgischem Bier und Tapas gel\u00fcstet oder zum <a href=\"http:\/\/themex-stives.co.uk\/\">The Mex<\/a>, um Ihre Geschmacksnerven zu kitzeln.<\/p>\n<p><strong><u><a href=\"https:\/\/www.urlaubcornwall.de\/ferienhaeuser-fewos\/padstow.html\">Padstow<\/a><\/u><\/strong><\/p>\n<p><img loading=\"lazy\" class=\"aligncenter size-full wp-image-43326\" src=\"https:\/\/www.urlaubcornwall.de\/blog\/wp-content\/uploads\/2021\/10\/padstow_hafen.jpg\" alt=\"padstow_hafen\" width=\"750\" height=\"482\"\/><\/p>\n<p>Eine Fahrt zu diesem lebendigen, betriebsamen Hafen ist mit Sicherheit eine Freude. Padstow befindet sich am Kopfe des Flusses Camel, und umgeben von Buchten und Str\u00e4nden, ist es ein Paradies f\u00fcr Liebhaber des Wassers. Padstow feiert auch gerne: planen Sie also Ihren Besuch zeitlich entsprechend, und Sie k\u00f6nnten Feuerwerke \u00fcber dem Hafen bestaunen oder ein Paar kost\u00fcmierter Pferde durch die Stadt parodieren sehen, wenn sie im Fr\u00fchling den Obby &#8216;Oss Tag feiern. Planen Sie mit ein einen Spaziergang entlang der Daymer Bay, einen Besuch der <a href=\"https:\/\/www.nationallobsterhatchery.co.uk\/\">National Lobster Hatchery<\/a> und ein Festessen im <a href=\"https:\/\/www.paul-ainsworth.co.uk\/cafferojano\/about\/\">Caffe Rojano by Paul Ainsworth<\/a>.<\/p>\n<p><strong><u><a href=\"https:\/\/www.urlaubcornwall.de\/ferienhaeuser-fewos\/looe.html\">Looe<\/a><\/u><\/strong><\/p>\n<p><img loading=\"lazy\" class=\"aligncenter size-full wp-image-43327\" src=\"https:\/\/www.urlaubcornwall.de\/blog\/wp-content\/uploads\/2021\/10\/looe-hafen.jpg\" alt=\"looe hafen\" width=\"750\" height=\"500\" srcset=\"https:\/\/www.urlaubcornwall.de\/blog\/wp-content\/uploads\/2021\/10\/looe-hafen.jpg 750w, https:\/\/www.urlaubcornwall.de\/blog\/wp-content\/uploads\/2021\/10\/looe-hafen-300x200.jpg 300w\" sizes=\"(max-width: 750px) 100vw, 750px\" \/><\/p>\n<p>Umgeben von satter, h\u00fcgeliger Landschaft befindet sich Looe an der M\u00fcndung des Flusses Looe, wo Boote friedlich im Hafen schaukeln und Urlauber den Mauern entlanggehen, um Krabben zu fangen. Wenngleich es wundersch\u00f6n ist, ist dies doch ein richtiger Urlaubsort am Meer, so dass es Ihnen nie langweilig werden wird. Tauchen Sie am East Looe Strand ins Wasser oder schauen Sie einfach vom Pier aus hinaus aufs Meer; machen Sie eine Fahrt hinaus zur Looe Island, um das Tierleben zu beobachten oder begeben Sie sich auf die kurze Fahrt zum nahe gelegenen <a href=\"https:\/\/www.monkeysanctuary.org\/\">Monkey Sanctuary<\/a>. Um in altmodischen Charme einzutauchen, nehmen Sie Ihre Mahlzeit im <a href=\"https:\/\/www.oldsailloftlooe.co\/\">Old Sail Loft Restaurant<\/a>, ein. Fans von Thai Gerichten werden Ocean &amp; Earth lieben, und was auch immer Sie tun m\u00f6gen, machen Sie sich auf zu <a href=\"https:\/\/daisyscafelooe.com\/\">Daisy&#8217;s Caf\u00e9<\/a>, um vor Ihrer Abreise einen \u2018cream tea\u2018 einzunehmen.<\/p>\n<p><strong><u><a href=\"https:\/\/www.urlaubcornwall.de\/ferienhaeuser-fewos\/polperro.html\">Polperro<\/a><\/u><\/strong><\/p>\n<p><img loading=\"lazy\" class=\"aligncenter size-full wp-image-43329\" src=\"https:\/\/www.urlaubcornwall.de\/blog\/wp-content\/uploads\/2021\/10\/polperro_insta.jpg\" alt=\"polperro\" width=\"750\" height=\"498\" srcset=\"https:\/\/www.urlaubcornwall.de\/blog\/wp-content\/uploads\/2021\/10\/polperro_insta.jpg 750w, https:\/\/www.urlaubcornwall.de\/blog\/wp-content\/uploads\/2021\/10\/polperro_insta-300x199.jpg 300w\" sizes=\"(max-width: 750px) 100vw, 750px\" \/><\/p>\n<p>Falls Sie ein uriges Fischerdorf suchen, so liegen Sie mit Polperro genau richtig. In einer Schlucht gelegen, haben die alten Fischerh\u00e4user Blick auf den unber\u00fchrten Hafen. Dieses Dorf gleicht einem Postkartendorf. Verbringen Sie Ihre Zeit hier damit, die engen (und gl\u00fccklicherweise autofreien) G\u00e4sschen zu erkunden; machen Sie einen Klippenspaziergang nach Looe oder lernen Sie mehr in Sachen Schmuggel im <a href=\"https:\/\/www.museumsincornwall.org.uk\/Polperro-Heritage-Museum-of-Smuggling-and-Fishing\/Cornwall-Museums\/\">Polperro Heritage Museum of Smuggling &amp; Fishing<\/a>. Machen Sie eine Angeltour vom Hafen aus und fangen Sie Ihr Abendessen, oder falls dies harter Arbeit zu sehr gleichkommt, machen Sie sich auf zu <a href=\"https:\/\/www.facebook.com\/michellesrestaurantpolperro\/\">Michelle&#8217;s Restaurant<\/a>, das von den eigenen Booten beliefert wird.<\/p>\n<p><strong><u><a href=\"https:\/\/www.urlaubcornwall.de\/ferienhaeuser-fewos\/port-isaac.html\">Port Isaac<\/a><\/u><\/strong><\/p>\n<p><img loading=\"lazy\" class=\"aligncenter size-full wp-image-43330\" src=\"https:\/\/www.urlaubcornwall.de\/blog\/wp-content\/uploads\/2021\/10\/port_isaac_2.jpg\" alt=\"port_isaac\" width=\"750\" height=\"502\" srcset=\"https:\/\/www.urlaubcornwall.de\/blog\/wp-content\/uploads\/2021\/10\/port_isaac_2.jpg 750w, https:\/\/www.urlaubcornwall.de\/blog\/wp-content\/uploads\/2021\/10\/port_isaac_2-300x201.jpg 300w\" sizes=\"(max-width: 750px) 100vw, 750px\" \/><\/p>\n<p>Als das Zuhause der wohltuenden Doc Martin Fernsehserie, haben viele von Ihnen wahrscheinlich bereits dieses charmante Fischerdorf auf Ihren Bildschirmen gesehen. Dennoch ist es die extra Anstrengung wert, dieses alte cornishe Fischerdorf in Echt zu erleben. Zur rechten Zeit k\u00f6nnten Sie auch Shanty S\u00e4nger am Strand auftreten sehen; Sie m\u00fcssen jedoch fr\u00fchzeitig ankommen, wenn Sie einen Kneipentisch mit Ausblick im Freien haben wollen. Soll es neben all der Sch\u00f6nheit auch etwas aufregend sein? Dann versuchen Sie es doch mit Coasteering! Wenn Sie zu Abend essen wollen, nehmen Sie ausgezeichnete Meeresspeisen in <a href=\"https:\/\/outlaws.co.uk\/restaurants\/fish-kitchen\/\">Outlaw&#8217;s Fish Kitchen<\/a> ein oder gestalten Sie es sich einfach mit Pizza im <a href=\"https:\/\/www.theangryanchovy.co.uk\/\">The Angry Anchovy<\/a>.<\/p>\n<p><strong><u><a href=\"https:\/\/www.urlaubcornwall.de\/ferienhaeuser-fewos\/fowey.html\">Fowey<\/a><\/u><\/strong><\/p>\n<p><img loading=\"lazy\" class=\"aligncenter size-full wp-image-43331\" src=\"https:\/\/www.urlaubcornwall.de\/blog\/wp-content\/uploads\/2021\/10\/fowey.jpg\" alt=\"fowey\" width=\"750\" height=\"500\" srcset=\"https:\/\/www.urlaubcornwall.de\/blog\/wp-content\/uploads\/2021\/10\/fowey.jpg 750w, https:\/\/www.urlaubcornwall.de\/blog\/wp-content\/uploads\/2021\/10\/fowey-300x200.jpg 300w\" sizes=\"(max-width: 750px) 100vw, 750px\" \/><\/p>\n<p>Das Opfer endloser fehlerhafter Aussprache, ist der alte Fischerhafen Fowey (reimt sich mit joy) best\u00fcckt mit pastellfarbenen Cottages, h\u00fcbschen Boutiquen und einem urigen Hafen. Kaufen Sie in der Hauptstra\u00dfe besondere Haushaltswaren mit geschmackvollem Meerestwist, erstehen Sie \u2018Pasties\u2018 von <a href=\"http:\/\/www.kittowsfowey.co.uk\/\">Kittows<\/a>&nbsp;oder nehmen Sie die F\u00e4hre hin\u00fcber nach Polruan und schlendern Sie dort ein wenig herum. Was neue Ausblicke betrifft, so machen Sie doch eine Fahrt hinaus zum <a href=\"https:\/\/www.english-heritage.org.uk\/visit\/places\/st-catherines-castle\/\">Catherine\u2019s Castle<\/a>, zur alten Festung Heinrichs VIII. Dieses Fleckchen hoch oben auf den Klippen bietet einen herrlichen Blick \u00fcber die Stadt. F\u00fchlen Sie sich etwas hungrig? Dann g\u00f6nnen Sie sich doch einen richtigen Tagesbeginn im <a href=\"https:\/\/www.facebook.com\/pages\/category\/Cafeteria\/The-lifebuoy-cafe-Fowey-102229948415473\/\">The Lifebuoy Cafe<\/a><u>;<\/u> danach genie\u00dfen Sie am Abend Meeresfr\u00fcchte im ikonischen <a href=\"https:\/\/samscornwall.co.uk\/fowey\/restaurant-cocktail-bar\/\">Sam&#8217;s<\/a> .<\/p>\n<p style=\"text-align: center;\"><a class=\"tidycta\" href=\"https:\/\/www.urlaubcornwall.de\/ferienhaeuser-fewos\/cornwall.html\">Suche Ferienh\u00e4user in Cornwall<\/a><\/p>\n<div class=\"snippet\"> <a class=\"featured-item\" href=\"https:\/\/www.urlaubcornwall.de\/ferienhaeuser\/cornwall.php\"> <span class=\"image-holder\" style=\"background-image: url('https:\/\/www.urlaubcornwall.de\/blog\/wp-content\/uploads\/2018\/12\/familienurlaub-corwnall-snippet.jpg');\"><\/span> <span class=\"featured-content\"> \n<h2 class=\"featured-title\">Ferienh\u00e4user in Cornwall am Meer<\/h2>\n<p class=\"featured-body\">Cornwall besitzt mehr K\u00fcstenlinien als jede andere Grafschaft und bietet einige der besten Str\u00e4nde, K\u00fcstenwanderwege und Klippenlandschaften, die man \u00fcberhaupt finden kann&#8230; <\/p><\/span> <span class=\"featured-link-holder\"> <span class=\"featured-extra-info\"> \n<p>F\u00fcr Paare, Familien &#038; Gruppen<\/p>\n<\/span> \n<p class=\"featured-link\">DETAILS<\/p>\n<\/span> <\/a><\/div>\n","protected":false},"excerpt":{"rendered":"<p>Beginnend mit der dramatischen Nordk\u00fcste und der urigen Sch\u00f6nheit der S\u00fcdk\u00fcste, bis hin zur Westk\u00fcste, die tief verankert ist in Erz\u00e4hlungen und Legenden, mangelt es Cornwall nicht an h\u00fcbschen Orten. In der Tat gibt es zu viele malerische Fleckchen, um sie alle in einen Urlaub zu zw\u00e4ngen. Was also tun als Sch\u00f6nheitssuchender? Planen Sie Ihren [&hellip;]<\/p>\n","protected":false},"author":1,"featured_media":0,"parent":0,"menu_order":0,"comment_status":"closed","ping_status":"closed","template":"single-four.php","meta":[],"acf":[],"yoast_head":"<!-- This site is optimized with the Yoast SEO plugin v19.4 - https:\/\/yoast.com\/wordpress\/plugins\/seo\/ -->\n<title>Es ist Zeit, mit der Planung Ihres Cornwall Urlaubs zu beginnen! - Urlaub &amp; Reisen<\/title>\n<meta name=\"description\" content=\"Beginnend mit der dramatischen Nordk\u00fcste und der urigen Sch\u00f6nheit der S\u00fcdk\u00fcste, bis hin zur Westk\u00fcste, die tief verankert ist in Erz\u00e4hlungen und Legenden, mangelt es Cornwall nicht an h\u00fcbschen Orten.\" \/>\n<meta name=\"robots\" content=\"index, follow, max-snippet:-1, max-image-preview:large, max-video-preview:-1\" \/>\n<link rel=\"canonical\" href=\"https:\/\/www.urlaubcornwall.de\/blog\/es-ist-zeit-mit-der-planung-ihres-cornwall-urlaubs-2022-zu-beginnen\/\" \/>\n<meta property=\"og:locale\" content=\"en_US\" \/>\n<meta property=\"og:type\" content=\"article\" \/>\n<meta property=\"og:title\" content=\"Es ist Zeit, mit der Planung Ihres Cornwall Urlaubs zu beginnen! - Urlaub &amp; Reisen\" \/>\n<meta property=\"og:description\" content=\"Beginnend mit der dramatischen Nordk\u00fcste und der urigen Sch\u00f6nheit der S\u00fcdk\u00fcste, bis hin zur Westk\u00fcste, die tief verankert ist in Erz\u00e4hlungen und Legenden, mangelt es Cornwall nicht an h\u00fcbschen Orten.\" \/>\n<meta property=\"og:url\" content=\"https:\/\/www.urlaubcornwall.de\/blog\/es-ist-zeit-mit-der-planung-ihres-cornwall-urlaubs-2022-zu-beginnen\/\" \/>\n<meta property=\"og:site_name\" content=\"Urlaub &amp; Reisen\" \/>\n<meta property=\"article:modified_time\" content=\"2026-01-07T09:57:20+00:00\" \/>\n<meta property=\"og:image\" content=\"https:\/\/www.urlaubcornwall.de\/blog\/wp-content\/uploads\/2024\/03\/cornwall-strand.jpg\" \/>\n<meta name=\"twitter:card\" content=\"summary\" \/>\n<meta name=\"twitter:label1\" content=\"Est. reading time\" \/>\n\t<meta name=\"twitter:data1\" content=\"6 minutes\" \/>\n<script type=\"application\/ld+json\" class=\"yoast-schema-graph\">{\"@context\":\"https:\/\/schema.org\",\"@graph\":[{\"@type\":\"WebSite\",\"@id\":\"https:\/\/www.urlaubcornwall.de\/blog\/#website\",\"url\":\"https:\/\/www.urlaubcornwall.de\/blog\/\",\"name\":\"Urlaub &amp; Reisen\",\"description\":\"Urlaub, Reisen, Cornwall und S\u00fcdengland: eine perfekte Kombination\",\"potentialAction\":[{\"@type\":\"SearchAction\",\"target\":{\"@type\":\"EntryPoint\",\"urlTemplate\":\"https:\/\/www.urlaubcornwall.de\/blog\/?s={search_term_string}\"},\"query-input\":\"required name=search_term_string\"}],\"inLanguage\":\"en-US\"},{\"@type\":\"WebPage\",\"@id\":\"https:\/\/www.urlaubcornwall.de\/blog\/es-ist-zeit-mit-der-planung-ihres-cornwall-urlaubs-2022-zu-beginnen\/\",\"url\":\"https:\/\/www.urlaubcornwall.de\/blog\/es-ist-zeit-mit-der-planung-ihres-cornwall-urlaubs-2022-zu-beginnen\/\",\"name\":\"Es ist Zeit, mit der Planung Ihres Cornwall Urlaubs zu beginnen! - Urlaub &amp; Reisen\",\"isPartOf\":{\"@id\":\"https:\/\/www.urlaubcornwall.de\/blog\/#website\"},\"datePublished\":\"2021-10-11T08:38:56+00:00\",\"dateModified\":\"2026-01-07T09:57:20+00:00\",\"description\":\"Beginnend mit der dramatischen Nordk\u00fcste und der urigen Sch\u00f6nheit der S\u00fcdk\u00fcste, bis hin zur Westk\u00fcste, die tief verankert ist in Erz\u00e4hlungen und Legenden, mangelt es Cornwall nicht an h\u00fcbschen Orten.\",\"breadcrumb\":{\"@id\":\"https:\/\/www.urlaubcornwall.de\/blog\/es-ist-zeit-mit-der-planung-ihres-cornwall-urlaubs-2022-zu-beginnen\/#breadcrumb\"},\"inLanguage\":\"en-US\",\"potentialAction\":[{\"@type\":\"ReadAction\",\"target\":[\"https:\/\/www.urlaubcornwall.de\/blog\/es-ist-zeit-mit-der-planung-ihres-cornwall-urlaubs-2022-zu-beginnen\/\"]}]},{\"@type\":\"BreadcrumbList\",\"@id\":\"https:\/\/www.urlaubcornwall.de\/blog\/es-ist-zeit-mit-der-planung-ihres-cornwall-urlaubs-2022-zu-beginnen\/#breadcrumb\",\"itemListElement\":[{\"@type\":\"ListItem\",\"position\":1,\"name\":\"Home\",\"item\":\"https:\/\/www.urlaubcornwall.de\/blog\/\"},{\"@type\":\"ListItem\",\"position\":2,\"name\":\"Es ist Zeit, mit der Planung Ihres Cornwall Urlaubs zu beginnen!\"}]}]}<\/script>\n<!-- \/ Yoast SEO plugin. -->","yoast_head_json":{"title":"Es ist Zeit, mit der Planung Ihres Cornwall Urlaubs zu beginnen! - Urlaub &amp; Reisen","description":"Beginnend mit der dramatischen Nordk\u00fcste und der urigen Sch\u00f6nheit der S\u00fcdk\u00fcste, bis hin zur Westk\u00fcste, die tief verankert ist in Erz\u00e4hlungen und Legenden, mangelt es Cornwall nicht an h\u00fcbschen Orten.","robots":{"index":"index","follow":"follow","max-snippet":"max-snippet:-1","max-image-preview":"max-image-preview:large","max-video-preview":"max-video-preview:-1"},"canonical":"https:\/\/www.urlaubcornwall.de\/blog\/es-ist-zeit-mit-der-planung-ihres-cornwall-urlaubs-2022-zu-beginnen\/","og_locale":"en_US","og_type":"article","og_title":"Es ist Zeit, mit der Planung Ihres Cornwall Urlaubs zu beginnen! - Urlaub &amp; Reisen","og_description":"Beginnend mit der dramatischen Nordk\u00fcste und der urigen Sch\u00f6nheit der S\u00fcdk\u00fcste, bis hin zur Westk\u00fcste, die tief verankert ist in Erz\u00e4hlungen und Legenden, mangelt es Cornwall nicht an h\u00fcbschen Orten.","og_url":"https:\/\/www.urlaubcornwall.de\/blog\/es-ist-zeit-mit-der-planung-ihres-cornwall-urlaubs-2022-zu-beginnen\/","og_site_name":"Urlaub &amp; Reisen","article_modified_time":"2026-01-07T09:57:20+00:00","og_image":[{"url":"https:\/\/www.urlaubcornwall.de\/blog\/wp-content\/uploads\/2024\/03\/cornwall-strand.jpg"}],"twitter_card":"summary","twitter_misc":{"Est. reading time":"6 minutes"},"schema":{"@context":"https:\/\/schema.org","@graph":[{"@type":"WebSite","@id":"https:\/\/www.urlaubcornwall.de\/blog\/#website","url":"https:\/\/www.urlaubcornwall.de\/blog\/","name":"Urlaub &amp; Reisen","description":"Urlaub, Reisen, Cornwall und S\u00fcdengland: eine perfekte Kombination","potentialAction":[{"@type":"SearchAction","target":{"@type":"EntryPoint","urlTemplate":"https:\/\/www.urlaubcornwall.de\/blog\/?s={search_term_string}"},"query-input":"required name=search_term_string"}],"inLanguage":"en-US"},{"@type":"WebPage","@id":"https:\/\/www.urlaubcornwall.de\/blog\/es-ist-zeit-mit-der-planung-ihres-cornwall-urlaubs-2022-zu-beginnen\/","url":"https:\/\/www.urlaubcornwall.de\/blog\/es-ist-zeit-mit-der-planung-ihres-cornwall-urlaubs-2022-zu-beginnen\/","name":"Es ist Zeit, mit der Planung Ihres Cornwall Urlaubs zu beginnen! - Urlaub &amp; Reisen","isPartOf":{"@id":"https:\/\/www.urlaubcornwall.de\/blog\/#website"},"datePublished":"2021-10-11T08:38:56+00:00","dateModified":"2026-01-07T09:57:20+00:00","description":"Beginnend mit der dramatischen Nordk\u00fcste und der urigen Sch\u00f6nheit der S\u00fcdk\u00fcste, bis hin zur Westk\u00fcste, die tief verankert ist in Erz\u00e4hlungen und Legenden, mangelt es Cornwall nicht an h\u00fcbschen Orten.","breadcrumb":{"@id":"https:\/\/www.urlaubcornwall.de\/blog\/es-ist-zeit-mit-der-planung-ihres-cornwall-urlaubs-2022-zu-beginnen\/#breadcrumb"},"inLanguage":"en-US","potentialAction":[{"@type":"ReadAction","target":["https:\/\/www.urlaubcornwall.de\/blog\/es-ist-zeit-mit-der-planung-ihres-cornwall-urlaubs-2022-zu-beginnen\/"]}]},{"@type":"BreadcrumbList","@id":"https:\/\/www.urlaubcornwall.de\/blog\/es-ist-zeit-mit-der-planung-ihres-cornwall-urlaubs-2022-zu-beginnen\/#breadcrumb","itemListElement":[{"@type":"ListItem","position":1,"name":"Home","item":"https:\/\/www.urlaubcornwall.de\/blog\/"},{"@type":"ListItem","position":2,"name":"Es ist Zeit, mit der Planung Ihres Cornwall Urlaubs zu beginnen!"}]}]}},"_links":{"self":[{"href":"https:\/\/www.urlaubcornwall.de\/blog\/wp-json\/wp\/v2\/pages\/43324"}],"collection":[{"href":"https:\/\/www.urlaubcornwall.de\/blog\/wp-json\/wp\/v2\/pages"}],"about":[{"href":"https:\/\/www.urlaubcornwall.de\/blog\/wp-json\/wp\/v2\/types\/page"}],"author":[{"embeddable":true,"href":"https:\/\/www.urlaubcornwall.de\/blog\/wp-json\/wp\/v2\/users\/1"}],"replies":[{"embeddable":true,"href":"https:\/\/www.urlaubcornwall.de\/blog\/wp-json\/wp\/v2\/comments?post=43324"}],"version-history":[{"count":12,"href":"https:\/\/www.urlaubcornwall.de\/blog\/wp-json\/wp\/v2\/pages\/43324\/revisions"}],"predecessor-version":[{"id":51998,"href":"https:\/\/www.urlaubcornwall.de\/blog\/wp-json\/wp\/v2\/pages\/43324\/revisions\/51998"}],"wp:attachment":[{"href":"https:\/\/www.urlaubcornwall.de\/blog\/wp-json\/wp\/v2\/media?parent=43324"}],"curies":[{"name":"wp","href":"https:\/\/api.w.org\/{rel}","templated":true}]}}