{"id":43273,"date":"2021-10-06T10:07:18","date_gmt":"2021-10-06T10:07:18","guid":{"rendered":"https:\/\/www.urlaubcornwall.de\/blog\/?page_id=43273"},"modified":"2024-05-27T23:24:44","modified_gmt":"2024-05-27T23:24:44","slug":"exbury-garten-in-der-new-forest","status":"publish","type":"page","link":"https:\/\/www.urlaubcornwall.de\/blog\/exbury-garten-in-der-new-forest\/","title":{"rendered":"Exbury Garten in der New Forest"},"content":{"rendered":"<p><a href=\"https:\/\/www.urlaubcornwall.de\/blog\/wp-content\/uploads\/2024\/05\/exbur1y.jpg\"><img loading=\"lazy\" src=\"https:\/\/www.urlaubcornwall.de\/blog\/wp-content\/uploads\/2024\/05\/exbur1y.jpg\" alt=\"exbury\" width=\"750\" height=\"381\" class=\"alignnone size-full wp-image-50307\" srcset=\"https:\/\/www.urlaubcornwall.de\/blog\/wp-content\/uploads\/2024\/05\/exbur1y.jpg 750w, https:\/\/www.urlaubcornwall.de\/blog\/wp-content\/uploads\/2024\/05\/exbur1y-300x152.jpg 300w\" sizes=\"(max-width: 750px) 100vw, 750px\" \/><\/a><\/p>\n<p><strong><a href=\"https:\/\/www.exbury.co.uk\/\">Exbury Garten<\/a><\/strong> im <a href=\"https:\/\/www.urlaubcornwall.de\/blog\/urlaub-new-forest-hampshire-der-new-forest-hat-jedermann-etwas-zu-bieten\/\">New Forest<\/a> ist ein wundervoller Ort, wenn Sie Herbstfarben lieben. Ein herrlicher Garten, der das ganze Jahr \u00fcber besucht werden kann, doch im Herbst haben die Stauden und exotischen B\u00e4ume besonders sch\u00f6ne Farben. Es gibt zahlreiche Spazierwege und Pfade durch den Garten und entlang des Flusses Beaulieu, der herrlich ist f\u00fcr Vogelbeobachter und Naturliebhaber. <\/p>\n<p style=\"text-align: center;\"><a class=\"tidycta\" href=\"https:\/\/www.booking.com\/landmark\/gb\/exbury-gardens-steam-railway.de.html?aid=1320750&amp;no_rooms=1&amp;group_adults=2&amp;room1=A%2CA\" rel=\"nofollow\">Suche Hotels nahe Exbury<\/a><\/p>\n<div class=\"snippet\"> <a class=\"featured-item\" href=\"https:\/\/www.urlaubcornwall.de\/ferienhaeuser\/suedengland.php\"> <span class=\"image-holder\" style=\"background-image: url('https:\/\/www.urlaubcornwall.de\/blog\/wp-content\/uploads\/2018\/12\/ferienhaus-cornwall-mit-hund.jpg');\"><\/span> <span class=\"featured-content\"> \n<h2 class=\"featured-title\">Ferienh\u00e4user in S\u00fcdengland<\/h2>\n<p class=\"featured-body\">Bei uns finden Sie Ferienh\u00e4user zum Verlieben &#8211; so einfach ist das! Dank seiner langen Geschichte, der reizvollen Landschaften und seinen vielen Attraktionen ist S\u00fcdengland ein wahres Mekka f\u00fcr Urlauber&#8230;..<\/p><\/span> <span class=\"featured-link-holder\"> <span class=\"featured-extra-info\"> \n<p>Pers\u00f6nlich inspizierter Ferienh\u00e4user<\/p>\n<\/span> \n<p class=\"featured-link\">DETAILS<\/p>\n<\/span> <\/a><\/div>\n","protected":false},"excerpt":{"rendered":"<p>Exbury Garten im New Forest ist ein wundervoller Ort, wenn Sie Herbstfarben lieben. Ein herrlicher Garten, der das ganze Jahr \u00fcber besucht werden kann, doch im Herbst haben die Stauden und exotischen B\u00e4ume besonders sch\u00f6ne Farben. Es gibt zahlreiche Spazierwege und Pfade durch den Garten und entlang des Flusses Beaulieu, der herrlich ist f\u00fcr Vogelbeobachter [&hellip;]<\/p>\n","protected":false},"author":1,"featured_media":0,"parent":0,"menu_order":0,"comment_status":"closed","ping_status":"closed","template":"single-four.php","meta":[],"acf":[],"yoast_head":"<!-- This site is optimized with the Yoast SEO plugin v19.4 - https:\/\/yoast.com\/wordpress\/plugins\/seo\/ -->\n<title>Exbury Garten in der New Forest - Urlaub &amp; Reisen<\/title>\n<meta name=\"description\" content=\"Exbury Garten im New Forest ist ein wundervoller Ort, wenn Sie Herbstfarben lieben. Ein herrlicher Garten, der das ganze Jahr \u00fcber besucht werden kann, doch im Herbst haben die Stauden und exotischen B\u00e4ume besonders sch\u00f6ne Farben. Es gibt zahlreiche Spazierwege und Pfade durch den Garten und entlang des Flusses Beaulieu, der herrlich ist f\u00fcr Vogelbeobachter und Naturliebhaber.\" \/>\n<meta name=\"robots\" content=\"index, follow, max-snippet:-1, max-image-preview:large, max-video-preview:-1\" \/>\n<link rel=\"canonical\" href=\"https:\/\/www.urlaubcornwall.de\/blog\/exbury-garten-in-der-new-forest\/\" \/>\n<meta property=\"og:locale\" content=\"en_US\" \/>\n<meta property=\"og:type\" content=\"article\" \/>\n<meta property=\"og:title\" content=\"Exbury Garten in der New Forest - Urlaub &amp; Reisen\" \/>\n<meta property=\"og:description\" content=\"Exbury Garten im New Forest ist ein wundervoller Ort, wenn Sie Herbstfarben lieben. Ein herrlicher Garten, der das ganze Jahr \u00fcber besucht werden kann, doch im Herbst haben die Stauden und exotischen B\u00e4ume besonders sch\u00f6ne Farben. Es gibt zahlreiche Spazierwege und Pfade durch den Garten und entlang des Flusses Beaulieu, der herrlich ist f\u00fcr Vogelbeobachter und Naturliebhaber.\" \/>\n<meta property=\"og:url\" content=\"https:\/\/www.urlaubcornwall.de\/blog\/exbury-garten-in-der-new-forest\/\" \/>\n<meta property=\"og:site_name\" content=\"Urlaub &amp; Reisen\" \/>\n<meta property=\"article:modified_time\" content=\"2024-05-27T23:24:44+00:00\" \/>\n<meta property=\"og:image\" content=\"https:\/\/www.urlaubcornwall.de\/blog\/wp-content\/uploads\/2024\/05\/exbur1y.jpg\" \/>\n<meta name=\"twitter:card\" content=\"summary\" \/>\n<meta name=\"twitter:label1\" content=\"Est. reading time\" \/>\n\t<meta name=\"twitter:data1\" content=\"1 minute\" \/>\n<script type=\"application\/ld+json\" class=\"yoast-schema-graph\">{\"@context\":\"https:\/\/schema.org\",\"@graph\":[{\"@type\":\"WebSite\",\"@id\":\"https:\/\/www.urlaubcornwall.de\/blog\/#website\",\"url\":\"https:\/\/www.urlaubcornwall.de\/blog\/\",\"name\":\"Urlaub &amp; Reisen\",\"description\":\"Urlaub, Reisen, Cornwall und S\u00fcdengland: eine perfekte Kombination\",\"potentialAction\":[{\"@type\":\"SearchAction\",\"target\":{\"@type\":\"EntryPoint\",\"urlTemplate\":\"https:\/\/www.urlaubcornwall.de\/blog\/?s={search_term_string}\"},\"query-input\":\"required name=search_term_string\"}],\"inLanguage\":\"en-US\"},{\"@type\":\"WebPage\",\"@id\":\"https:\/\/www.urlaubcornwall.de\/blog\/exbury-garten-in-der-new-forest\/\",\"url\":\"https:\/\/www.urlaubcornwall.de\/blog\/exbury-garten-in-der-new-forest\/\",\"name\":\"Exbury Garten in der New Forest - Urlaub &amp; Reisen\",\"isPartOf\":{\"@id\":\"https:\/\/www.urlaubcornwall.de\/blog\/#website\"},\"datePublished\":\"2021-10-06T10:07:18+00:00\",\"dateModified\":\"2024-05-27T23:24:44+00:00\",\"description\":\"Exbury Garten im New Forest ist ein wundervoller Ort, wenn Sie Herbstfarben lieben. Ein herrlicher Garten, der das ganze Jahr \u00fcber besucht werden kann, doch im Herbst haben die Stauden und exotischen B\u00e4ume besonders sch\u00f6ne Farben. Es gibt zahlreiche Spazierwege und Pfade durch den Garten und entlang des Flusses Beaulieu, der herrlich ist f\u00fcr Vogelbeobachter und Naturliebhaber.\",\"breadcrumb\":{\"@id\":\"https:\/\/www.urlaubcornwall.de\/blog\/exbury-garten-in-der-new-forest\/#breadcrumb\"},\"inLanguage\":\"en-US\",\"potentialAction\":[{\"@type\":\"ReadAction\",\"target\":[\"https:\/\/www.urlaubcornwall.de\/blog\/exbury-garten-in-der-new-forest\/\"]}]},{\"@type\":\"BreadcrumbList\",\"@id\":\"https:\/\/www.urlaubcornwall.de\/blog\/exbury-garten-in-der-new-forest\/#breadcrumb\",\"itemListElement\":[{\"@type\":\"ListItem\",\"position\":1,\"name\":\"Home\",\"item\":\"https:\/\/www.urlaubcornwall.de\/blog\/\"},{\"@type\":\"ListItem\",\"position\":2,\"name\":\"Exbury Garten in der New Forest\"}]}]}<\/script>\n<!-- \/ Yoast SEO plugin. -->","yoast_head_json":{"title":"Exbury Garten in der New Forest - Urlaub &amp; Reisen","description":"Exbury Garten im New Forest ist ein wundervoller Ort, wenn Sie Herbstfarben lieben. Ein herrlicher Garten, der das ganze Jahr \u00fcber besucht werden kann, doch im Herbst haben die Stauden und exotischen B\u00e4ume besonders sch\u00f6ne Farben. Es gibt zahlreiche Spazierwege und Pfade durch den Garten und entlang des Flusses Beaulieu, der herrlich ist f\u00fcr Vogelbeobachter und Naturliebhaber.","robots":{"index":"index","follow":"follow","max-snippet":"max-snippet:-1","max-image-preview":"max-image-preview:large","max-video-preview":"max-video-preview:-1"},"canonical":"https:\/\/www.urlaubcornwall.de\/blog\/exbury-garten-in-der-new-forest\/","og_locale":"en_US","og_type":"article","og_title":"Exbury Garten in der New Forest - Urlaub &amp; Reisen","og_description":"Exbury Garten im New Forest ist ein wundervoller Ort, wenn Sie Herbstfarben lieben. Ein herrlicher Garten, der das ganze Jahr \u00fcber besucht werden kann, doch im Herbst haben die Stauden und exotischen B\u00e4ume besonders sch\u00f6ne Farben. Es gibt zahlreiche Spazierwege und Pfade durch den Garten und entlang des Flusses Beaulieu, der herrlich ist f\u00fcr Vogelbeobachter und Naturliebhaber.","og_url":"https:\/\/www.urlaubcornwall.de\/blog\/exbury-garten-in-der-new-forest\/","og_site_name":"Urlaub &amp; Reisen","article_modified_time":"2024-05-27T23:24:44+00:00","og_image":[{"url":"https:\/\/www.urlaubcornwall.de\/blog\/wp-content\/uploads\/2024\/05\/exbur1y.jpg"}],"twitter_card":"summary","twitter_misc":{"Est. reading time":"1 minute"},"schema":{"@context":"https:\/\/schema.org","@graph":[{"@type":"WebSite","@id":"https:\/\/www.urlaubcornwall.de\/blog\/#website","url":"https:\/\/www.urlaubcornwall.de\/blog\/","name":"Urlaub &amp; Reisen","description":"Urlaub, Reisen, Cornwall und S\u00fcdengland: eine perfekte Kombination","potentialAction":[{"@type":"SearchAction","target":{"@type":"EntryPoint","urlTemplate":"https:\/\/www.urlaubcornwall.de\/blog\/?s={search_term_string}"},"query-input":"required name=search_term_string"}],"inLanguage":"en-US"},{"@type":"WebPage","@id":"https:\/\/www.urlaubcornwall.de\/blog\/exbury-garten-in-der-new-forest\/","url":"https:\/\/www.urlaubcornwall.de\/blog\/exbury-garten-in-der-new-forest\/","name":"Exbury Garten in der New Forest - Urlaub &amp; Reisen","isPartOf":{"@id":"https:\/\/www.urlaubcornwall.de\/blog\/#website"},"datePublished":"2021-10-06T10:07:18+00:00","dateModified":"2024-05-27T23:24:44+00:00","description":"Exbury Garten im New Forest ist ein wundervoller Ort, wenn Sie Herbstfarben lieben. Ein herrlicher Garten, der das ganze Jahr \u00fcber besucht werden kann, doch im Herbst haben die Stauden und exotischen B\u00e4ume besonders sch\u00f6ne Farben. Es gibt zahlreiche Spazierwege und Pfade durch den Garten und entlang des Flusses Beaulieu, der herrlich ist f\u00fcr Vogelbeobachter und Naturliebhaber.","breadcrumb":{"@id":"https:\/\/www.urlaubcornwall.de\/blog\/exbury-garten-in-der-new-forest\/#breadcrumb"},"inLanguage":"en-US","potentialAction":[{"@type":"ReadAction","target":["https:\/\/www.urlaubcornwall.de\/blog\/exbury-garten-in-der-new-forest\/"]}]},{"@type":"BreadcrumbList","@id":"https:\/\/www.urlaubcornwall.de\/blog\/exbury-garten-in-der-new-forest\/#breadcrumb","itemListElement":[{"@type":"ListItem","position":1,"name":"Home","item":"https:\/\/www.urlaubcornwall.de\/blog\/"},{"@type":"ListItem","position":2,"name":"Exbury Garten in der New Forest"}]}]}},"_links":{"self":[{"href":"https:\/\/www.urlaubcornwall.de\/blog\/wp-json\/wp\/v2\/pages\/43273"}],"collection":[{"href":"https:\/\/www.urlaubcornwall.de\/blog\/wp-json\/wp\/v2\/pages"}],"about":[{"href":"https:\/\/www.urlaubcornwall.de\/blog\/wp-json\/wp\/v2\/types\/page"}],"author":[{"embeddable":true,"href":"https:\/\/www.urlaubcornwall.de\/blog\/wp-json\/wp\/v2\/users\/1"}],"replies":[{"embeddable":true,"href":"https:\/\/www.urlaubcornwall.de\/blog\/wp-json\/wp\/v2\/comments?post=43273"}],"version-history":[{"count":5,"href":"https:\/\/www.urlaubcornwall.de\/blog\/wp-json\/wp\/v2\/pages\/43273\/revisions"}],"predecessor-version":[{"id":50309,"href":"https:\/\/www.urlaubcornwall.de\/blog\/wp-json\/wp\/v2\/pages\/43273\/revisions\/50309"}],"wp:attachment":[{"href":"https:\/\/www.urlaubcornwall.de\/blog\/wp-json\/wp\/v2\/media?parent=43273"}],"curies":[{"name":"wp","href":"https:\/\/api.w.org\/{rel}","templated":true}]}}