{"id":43241,"date":"2021-10-04T08:46:52","date_gmt":"2021-10-04T08:46:52","guid":{"rendered":"https:\/\/www.urlaubcornwall.de\/blog\/?page_id=43241"},"modified":"2024-04-30T15:45:07","modified_gmt":"2024-04-30T15:45:07","slug":"urlaub-in-der-naehe-kingston-lacy","status":"publish","type":"page","link":"https:\/\/www.urlaubcornwall.de\/blog\/urlaub-in-der-naehe-kingston-lacy\/","title":{"rendered":"Urlaub in der N\u00e4he Kingston Lacy"},"content":{"rendered":"<p><img loading=\"lazy\" class=\"aligncenter size-full wp-image-47859\" src=\"https:\/\/www.urlaubcornwall.de\/blog\/wp-content\/uploads\/2024\/03\/kingston-lacy.jpg\" alt=\"kingston lacy\" width=\"750\" height=\"563\" srcset=\"https:\/\/www.urlaubcornwall.de\/blog\/wp-content\/uploads\/2024\/03\/kingston-lacy.jpg 750w, https:\/\/www.urlaubcornwall.de\/blog\/wp-content\/uploads\/2024\/03\/kingston-lacy-300x225.jpg 300w\" sizes=\"(max-width: 750px) 100vw, 750px\" \/><\/p>\n<p><a href=\"https:\/\/www.nationaltrust.org.uk\/kingston-lacy\" rel=\"nofollow\"><strong>Kingston Lacy, Wimbourne Minster in Dorset:<\/strong><\/a> Eines von <a href=\"http:\/\/www.urlaubcornwall.de\/reiseziel\/dorset.php\">Dorsets<\/a> feinsten H\u00e4usern und G\u00e4rten ist Kingston Lacy bei Wimborne Minster. Die formellen G\u00e4rten des 17. Jahrhunderts wurden sorgsam vom National Trust restauriert; es gibt 5 Hektar formelle G\u00e4rten, einschlie\u00dflich eines Japanischen Gartens mit einem authentischen japanischen Teehaus. Der restaurierte viktorianische Kr\u00e4utergarten mit seinen Gew\u00e4chsh\u00e4usern nahm zu viktorianischen Zeiten neben den Kew G\u00e4rten den zweiten Rang ein.<\/p>\n<p style=\"text-align: center;\"><a class=\"tidycta\" href=\"https:\/\/www.urlaubcornwall.de\/ferienhaeuser-fewos\/eng\/dorset\/wimborne-minster.html\">Suche Ferienh\u00e4user<\/a><\/p>\n<h2>Hotels nahe Kingston Lacy<\/h2>\n<p><strong><a href=\"https:\/\/www.booking.com\/hotel\/gb\/kingsheadhotel.en.html?aid=1320750&#038;no_rooms=1&#038;group_adults=2\" rel=\"nofollow\">King&#8217;s Head Hotel<\/a><\/strong> &#8211; Das 200 Jahre alte King&#8217;s Head Hotel steht direkt am Town Square, dem Ratplatz von Wimborne Minster. Neben kosenfreiem WLAN bietet das Hotel eine Bar, kostenfreie Parkpl\u00e4tze und ein Restaurant mit attraktivem Preis-Leistungs-Verh\u00e4ltnis. Poole erreichen Sie in 20 Fahrminuten, und Bournemouth und Southampton in 30 Fahrminuten.<\/p>\n<p><strong><a href=\"https:\/\/www.booking.com\/hotel\/gb\/du-vin-poole.en.html?aid=1320750&#038;no_rooms=1&#038;group_adults=2\" rel=\"nofollow\">Hotel Du Vin Poole<\/a><\/strong> &#8211; Das Hotel Du Vin Poole liegt nur einen 10-min\u00fctigen Spaziergang vom Hafen von Poole entfernt. Die Zimmer sind mit einem Plasma-TV, Handsprung-Betten und edler, \u00e4gyptischer Bettw\u00e4sche eingerichtet. Das Bistro im franz\u00f6sischen Stil serviert die feinsten Produkte aus der Region. Gern k\u00f6nnen Sie an einer fachkundigen Weinprobe teilnehmen.<\/p>\n<p><strong><a href=\"https:\/\/www.booking.com\/hotel\/gb\/the-langton-arms.en.html?aid=1320750&#038;no_rooms=1&#038;group_adults=2\" rel=\"nofollow\">Die Langton Arms<\/a><\/strong> &#8211; Mit hausgemachter Eiscreme und Real Ales erwartet Sie das traditionelle Pub-Restaurant The Langton Arms. Der Gasthof befindet sich in einem Reetdachhaus aus dem 17. Jahrhundert im malerischen Dorf Tarrant Monkton in der Grafschaft Dorset. Die eleganten Zimmer des The Langton liegen im im rustikalen Nebengeb\u00e4ude an einem h\u00fcbschen Innenhof. <\/p>\n<div class=\"snippet\"> <a class=\"featured-item\" href=\"https:\/\/www.urlaubcornwall.de\/ferienhaeuser\/suedengland.php\"> <span class=\"image-holder\" style=\"background-image: url('https:\/\/www.urlaubcornwall.de\/blog\/wp-content\/uploads\/2024\/03\/ferienhaus-england-cornwall.jpg');\"><\/span> <span class=\"featured-content\"> \n<h2 class=\"featured-title\">Ferienh\u00e4user in S\u00fcdengland<\/h2>\n<p class=\"featured-body\">Bei uns finden Sie Ferienh\u00e4user zum Verlieben &#8211; so einfach ist das! Dank seiner langen Geschichte, der reizvollen Landschaften und seinen vielen Attraktionen ist S\u00fcdengland ein wahres Mekka f\u00fcr Urlauber&#8230;..<\/p><\/span> <span class=\"featured-link-holder\"> <span class=\"featured-extra-info\"> \n<p>Pers\u00f6nlich inspizierter Ferienh\u00e4user<\/p>\n<\/span> \n<p class=\"featured-link\">DETAILS<\/p>\n<\/span> <\/a><\/div>\n","protected":false},"excerpt":{"rendered":"<p>Kingston Lacy, Wimbourne Minster in Dorset: Eines von Dorsets feinsten H\u00e4usern und G\u00e4rten ist Kingston Lacy bei Wimborne Minster. Die formellen G\u00e4rten des 17. Jahrhunderts wurden sorgsam vom National Trust restauriert; es gibt 5 Hektar formelle G\u00e4rten, einschlie\u00dflich eines Japanischen Gartens mit einem authentischen japanischen Teehaus. Der restaurierte viktorianische Kr\u00e4utergarten mit seinen Gew\u00e4chsh\u00e4usern nahm zu [&hellip;]<\/p>\n","protected":false},"author":1,"featured_media":0,"parent":0,"menu_order":0,"comment_status":"closed","ping_status":"closed","template":"single-four.php","meta":[],"acf":[],"yoast_head":"<!-- This site is optimized with the Yoast SEO plugin v19.4 - https:\/\/yoast.com\/wordpress\/plugins\/seo\/ -->\n<title>Urlaub in der N\u00e4he Kingston Lacy - Urlaub &amp; Reisen<\/title>\n<meta name=\"description\" content=\"Kingston Lacy, Dorset: Dorsets feinsten H\u00e4usern und G\u00e4rten ist Kingston Lacy bei Wimborne Minster. Die formellen G\u00e4rten des 17. Jahrhunderts wurden sorgsam vom National Trust restauriert; es gibt 5 Hektar formelle G\u00e4rten, einschlie\u00dflich eines Japanischen Gartens mit einem authentischen japanischen Teehaus. Der restaurierte viktorianische Kr\u00e4utergarten mit seinen Gew\u00e4chsh\u00e4usern nahm zu viktorianischen Zeiten neben den Kew G\u00e4rten den zweiten Rang ein.\" \/>\n<meta name=\"robots\" content=\"index, follow, max-snippet:-1, max-image-preview:large, max-video-preview:-1\" \/>\n<link rel=\"canonical\" href=\"https:\/\/www.urlaubcornwall.de\/blog\/urlaub-in-der-naehe-kingston-lacy\/\" \/>\n<meta property=\"og:locale\" content=\"en_US\" \/>\n<meta property=\"og:type\" content=\"article\" \/>\n<meta property=\"og:title\" content=\"Urlaub in der N\u00e4he Kingston Lacy - Urlaub &amp; Reisen\" \/>\n<meta property=\"og:description\" content=\"Kingston Lacy, Dorset: Dorsets feinsten H\u00e4usern und G\u00e4rten ist Kingston Lacy bei Wimborne Minster. Die formellen G\u00e4rten des 17. Jahrhunderts wurden sorgsam vom National Trust restauriert; es gibt 5 Hektar formelle G\u00e4rten, einschlie\u00dflich eines Japanischen Gartens mit einem authentischen japanischen Teehaus. Der restaurierte viktorianische Kr\u00e4utergarten mit seinen Gew\u00e4chsh\u00e4usern nahm zu viktorianischen Zeiten neben den Kew G\u00e4rten den zweiten Rang ein.\" \/>\n<meta property=\"og:url\" content=\"https:\/\/www.urlaubcornwall.de\/blog\/urlaub-in-der-naehe-kingston-lacy\/\" \/>\n<meta property=\"og:site_name\" content=\"Urlaub &amp; Reisen\" \/>\n<meta property=\"article:modified_time\" content=\"2024-04-30T15:45:07+00:00\" \/>\n<meta property=\"og:image\" content=\"https:\/\/www.urlaubcornwall.de\/blog\/wp-content\/uploads\/2024\/03\/kingston-lacy.jpg\" \/>\n<meta name=\"twitter:card\" content=\"summary\" \/>\n<meta name=\"twitter:label1\" content=\"Est. reading time\" \/>\n\t<meta name=\"twitter:data1\" content=\"2 minutes\" \/>\n<script type=\"application\/ld+json\" class=\"yoast-schema-graph\">{\"@context\":\"https:\/\/schema.org\",\"@graph\":[{\"@type\":\"WebSite\",\"@id\":\"https:\/\/www.urlaubcornwall.de\/blog\/#website\",\"url\":\"https:\/\/www.urlaubcornwall.de\/blog\/\",\"name\":\"Urlaub &amp; Reisen\",\"description\":\"Urlaub, Reisen, Cornwall und S\u00fcdengland: eine perfekte Kombination\",\"potentialAction\":[{\"@type\":\"SearchAction\",\"target\":{\"@type\":\"EntryPoint\",\"urlTemplate\":\"https:\/\/www.urlaubcornwall.de\/blog\/?s={search_term_string}\"},\"query-input\":\"required name=search_term_string\"}],\"inLanguage\":\"en-US\"},{\"@type\":\"WebPage\",\"@id\":\"https:\/\/www.urlaubcornwall.de\/blog\/urlaub-in-der-naehe-kingston-lacy\/\",\"url\":\"https:\/\/www.urlaubcornwall.de\/blog\/urlaub-in-der-naehe-kingston-lacy\/\",\"name\":\"Urlaub in der N\u00e4he Kingston Lacy - Urlaub &amp; Reisen\",\"isPartOf\":{\"@id\":\"https:\/\/www.urlaubcornwall.de\/blog\/#website\"},\"datePublished\":\"2021-10-04T08:46:52+00:00\",\"dateModified\":\"2024-04-30T15:45:07+00:00\",\"description\":\"Kingston Lacy, Dorset: Dorsets feinsten H\u00e4usern und G\u00e4rten ist Kingston Lacy bei Wimborne Minster. Die formellen G\u00e4rten des 17. Jahrhunderts wurden sorgsam vom National Trust restauriert; es gibt 5 Hektar formelle G\u00e4rten, einschlie\u00dflich eines Japanischen Gartens mit einem authentischen japanischen Teehaus. Der restaurierte viktorianische Kr\u00e4utergarten mit seinen Gew\u00e4chsh\u00e4usern nahm zu viktorianischen Zeiten neben den Kew G\u00e4rten den zweiten Rang ein.\",\"breadcrumb\":{\"@id\":\"https:\/\/www.urlaubcornwall.de\/blog\/urlaub-in-der-naehe-kingston-lacy\/#breadcrumb\"},\"inLanguage\":\"en-US\",\"potentialAction\":[{\"@type\":\"ReadAction\",\"target\":[\"https:\/\/www.urlaubcornwall.de\/blog\/urlaub-in-der-naehe-kingston-lacy\/\"]}]},{\"@type\":\"BreadcrumbList\",\"@id\":\"https:\/\/www.urlaubcornwall.de\/blog\/urlaub-in-der-naehe-kingston-lacy\/#breadcrumb\",\"itemListElement\":[{\"@type\":\"ListItem\",\"position\":1,\"name\":\"Home\",\"item\":\"https:\/\/www.urlaubcornwall.de\/blog\/\"},{\"@type\":\"ListItem\",\"position\":2,\"name\":\"Urlaub in der N\u00e4he Kingston Lacy\"}]}]}<\/script>\n<!-- \/ Yoast SEO plugin. -->","yoast_head_json":{"title":"Urlaub in der N\u00e4he Kingston Lacy - Urlaub &amp; Reisen","description":"Kingston Lacy, Dorset: Dorsets feinsten H\u00e4usern und G\u00e4rten ist Kingston Lacy bei Wimborne Minster. Die formellen G\u00e4rten des 17. Jahrhunderts wurden sorgsam vom National Trust restauriert; es gibt 5 Hektar formelle G\u00e4rten, einschlie\u00dflich eines Japanischen Gartens mit einem authentischen japanischen Teehaus. Der restaurierte viktorianische Kr\u00e4utergarten mit seinen Gew\u00e4chsh\u00e4usern nahm zu viktorianischen Zeiten neben den Kew G\u00e4rten den zweiten Rang ein.","robots":{"index":"index","follow":"follow","max-snippet":"max-snippet:-1","max-image-preview":"max-image-preview:large","max-video-preview":"max-video-preview:-1"},"canonical":"https:\/\/www.urlaubcornwall.de\/blog\/urlaub-in-der-naehe-kingston-lacy\/","og_locale":"en_US","og_type":"article","og_title":"Urlaub in der N\u00e4he Kingston Lacy - Urlaub &amp; Reisen","og_description":"Kingston Lacy, Dorset: Dorsets feinsten H\u00e4usern und G\u00e4rten ist Kingston Lacy bei Wimborne Minster. Die formellen G\u00e4rten des 17. Jahrhunderts wurden sorgsam vom National Trust restauriert; es gibt 5 Hektar formelle G\u00e4rten, einschlie\u00dflich eines Japanischen Gartens mit einem authentischen japanischen Teehaus. Der restaurierte viktorianische Kr\u00e4utergarten mit seinen Gew\u00e4chsh\u00e4usern nahm zu viktorianischen Zeiten neben den Kew G\u00e4rten den zweiten Rang ein.","og_url":"https:\/\/www.urlaubcornwall.de\/blog\/urlaub-in-der-naehe-kingston-lacy\/","og_site_name":"Urlaub &amp; Reisen","article_modified_time":"2024-04-30T15:45:07+00:00","og_image":[{"url":"https:\/\/www.urlaubcornwall.de\/blog\/wp-content\/uploads\/2024\/03\/kingston-lacy.jpg"}],"twitter_card":"summary","twitter_misc":{"Est. reading time":"2 minutes"},"schema":{"@context":"https:\/\/schema.org","@graph":[{"@type":"WebSite","@id":"https:\/\/www.urlaubcornwall.de\/blog\/#website","url":"https:\/\/www.urlaubcornwall.de\/blog\/","name":"Urlaub &amp; Reisen","description":"Urlaub, Reisen, Cornwall und S\u00fcdengland: eine perfekte Kombination","potentialAction":[{"@type":"SearchAction","target":{"@type":"EntryPoint","urlTemplate":"https:\/\/www.urlaubcornwall.de\/blog\/?s={search_term_string}"},"query-input":"required name=search_term_string"}],"inLanguage":"en-US"},{"@type":"WebPage","@id":"https:\/\/www.urlaubcornwall.de\/blog\/urlaub-in-der-naehe-kingston-lacy\/","url":"https:\/\/www.urlaubcornwall.de\/blog\/urlaub-in-der-naehe-kingston-lacy\/","name":"Urlaub in der N\u00e4he Kingston Lacy - Urlaub &amp; Reisen","isPartOf":{"@id":"https:\/\/www.urlaubcornwall.de\/blog\/#website"},"datePublished":"2021-10-04T08:46:52+00:00","dateModified":"2024-04-30T15:45:07+00:00","description":"Kingston Lacy, Dorset: Dorsets feinsten H\u00e4usern und G\u00e4rten ist Kingston Lacy bei Wimborne Minster. Die formellen G\u00e4rten des 17. Jahrhunderts wurden sorgsam vom National Trust restauriert; es gibt 5 Hektar formelle G\u00e4rten, einschlie\u00dflich eines Japanischen Gartens mit einem authentischen japanischen Teehaus. Der restaurierte viktorianische Kr\u00e4utergarten mit seinen Gew\u00e4chsh\u00e4usern nahm zu viktorianischen Zeiten neben den Kew G\u00e4rten den zweiten Rang ein.","breadcrumb":{"@id":"https:\/\/www.urlaubcornwall.de\/blog\/urlaub-in-der-naehe-kingston-lacy\/#breadcrumb"},"inLanguage":"en-US","potentialAction":[{"@type":"ReadAction","target":["https:\/\/www.urlaubcornwall.de\/blog\/urlaub-in-der-naehe-kingston-lacy\/"]}]},{"@type":"BreadcrumbList","@id":"https:\/\/www.urlaubcornwall.de\/blog\/urlaub-in-der-naehe-kingston-lacy\/#breadcrumb","itemListElement":[{"@type":"ListItem","position":1,"name":"Home","item":"https:\/\/www.urlaubcornwall.de\/blog\/"},{"@type":"ListItem","position":2,"name":"Urlaub in der N\u00e4he Kingston Lacy"}]}]}},"_links":{"self":[{"href":"https:\/\/www.urlaubcornwall.de\/blog\/wp-json\/wp\/v2\/pages\/43241"}],"collection":[{"href":"https:\/\/www.urlaubcornwall.de\/blog\/wp-json\/wp\/v2\/pages"}],"about":[{"href":"https:\/\/www.urlaubcornwall.de\/blog\/wp-json\/wp\/v2\/types\/page"}],"author":[{"embeddable":true,"href":"https:\/\/www.urlaubcornwall.de\/blog\/wp-json\/wp\/v2\/users\/1"}],"replies":[{"embeddable":true,"href":"https:\/\/www.urlaubcornwall.de\/blog\/wp-json\/wp\/v2\/comments?post=43241"}],"version-history":[{"count":7,"href":"https:\/\/www.urlaubcornwall.de\/blog\/wp-json\/wp\/v2\/pages\/43241\/revisions"}],"predecessor-version":[{"id":50000,"href":"https:\/\/www.urlaubcornwall.de\/blog\/wp-json\/wp\/v2\/pages\/43241\/revisions\/50000"}],"wp:attachment":[{"href":"https:\/\/www.urlaubcornwall.de\/blog\/wp-json\/wp\/v2\/media?parent=43241"}],"curies":[{"name":"wp","href":"https:\/\/api.w.org\/{rel}","templated":true}]}}