{"id":43233,"date":"2021-10-04T08:01:42","date_gmt":"2021-10-04T08:01:42","guid":{"rendered":"https:\/\/www.urlaubcornwall.de\/blog\/?page_id=43233"},"modified":"2024-05-31T08:31:42","modified_gmt":"2024-05-31T08:31:42","slug":"urlaub-in-der-naehe-hidcote-garten","status":"publish","type":"page","link":"https:\/\/www.urlaubcornwall.de\/blog\/urlaub-in-der-naehe-hidcote-garten\/","title":{"rendered":"Unterk\u00fcnfte in der N\u00e4he Hidcote Garten"},"content":{"rendered":"<p>Hidcote in Gloucestershire ist ein Kunst \u2013 und Handwerksgarten in den <a href=\"https:\/\/www.urlaubcornwall.de\/blog\/urlaub-reisen-von-den-cotswolds-und-dem-land-shakespeares\/\">Nord Cotswolds<\/a> bei Chipping Campden und einen Steinwurf entfernt von Stratford-upon-Avon. Erkunden Sie den Irrgarten an engen gepflasterten Wegen und entdecken Sie geheime G\u00e4rten, herrlichen Blick und Pflanzen, die vor Farbe nur so strahlen. Es ist ein absolutes sehenswertes Muss, wenn Sie Urlaub in den Cotswolds verbringen. Hidcote wurde vom wohlhabenden amerikanischen G\u00e4rtner Major Lawrence Johnson geschaffen, und im Laufe der Jahre wurden viele Pflanzen nach ihm benannt als Anerkennung seines Talents und seiner Arbeit. Diese sind unter anderem Lavendel, Hidcote Pink und Hidcote und die Fuchsie, Hidcote Beauty. Die G\u00e4rten sind von Februar bis Dezember ge\u00f6ffnet.<\/p>\n<p style=\"text-align: center;\"><a class=\"tidycta\" href=\"https:\/\/www.urlaubcornwall.de\/ferienhaeuser-fewos\/eng\/gloucestershire\/chipping-campden.html\">Ferienh\u00e4user Chipping Campden<\/a><\/p>\n<p><img loading=\"lazy\" class=\"aligncenter size-full wp-image-24883\" src=\"https:\/\/www.urlaubcornwall.de\/blog\/wp-content\/uploads\/2016\/08\/hidcote-garten_national-trust.jpg\" alt=\"hidcote garten_national trust\" width=\"749\" height=\"367\"\/><\/p>\n<h2>Hotels nahe Hidcote<\/h2>\n<p><strong><a href=\"https:\/\/www.booking.com\/hotel\/gb\/cotswold-house.en.html?aid=1320750&#038;no_rooms=1&#038;group_adults=2\" rel=\"nofollow\">Cotswold House Hotel and Spa<\/a><\/strong> &#8211; befindet sich im Herzen von Chipping Campden, in einem 0,8 Hektar gro\u00dfen, angelegten Stadthaus hinter dem Haus. Es bietet Blick auf den Platz f\u00fcr mehr als 200 Jahre und f\u00fcr den letzten 10 Jahren ist es eines der renommiertesten Hotels in den Cotswolds.<\/p>\n<p><strong><a href=\"https:\/\/www.booking.com\/hotel\/gb\/eight-bells-inn.en.html?aid=1320750&#038;no_rooms=1&#038;group_adults=2\" rel=\"nofollow\">Eight Bells Inn<\/a><\/strong> &#8211; ein traditioneller Gasthof in Cotswolds aus dem 14. Jahrhundert und bietet Ihnen eine Auswahl an individuell eingerichteten Zimmern mit eigenem Bad. Der Gasthof verf\u00fcgt \u00fcber ein hochwertiges Restaurant und eine Bar mit einem Garten und einer Terrasse, sowie einen Bereich im Innenhof, in dem Sie Getr\u00e4nke zu sich nehmen k\u00f6nnen. WLAN nutzen Sie kostenfrei.<\/p>\n<p><strong><a href=\"https:\/\/www.booking.com\/hotel\/gb\/three-ways-house.en.html?aid=1320750&#038;no_rooms=1&#038;group_adults=2\" rel=\"nofollow\">Three Ways House Hotel<\/a><\/strong> &#8211; Sie k\u00f6nnen einen Genius-Rabatt auf die Unterkunft Three Ways House Hotel; BW Signature Collection erhalten! Melden Sie sich an, um bei dieser Unterkunft zu sparen. Das Three Ways House, die Heimat des weltber\u00fchmten Pudding Clubs, ist ein bezauberndes Dorfhotel in der Region Cotswolds. Die malerischen G\u00e4rten von Hidcote Manor und Kiftsgate Court liegen im Umkreis von 3,2 km ab der Unterkunft und Stratford-upon-Avon erreichen Sie mit dem Auto in 10 Minuten.<\/p>\n<p style=\"text-align: center;\"><a class=\"tidycta\" href=\"https:\/\/www.booking.com\/searchresults.en.html?city=-2592466&#038;aid=1320750&#038;no_rooms=1&#038;group_adults=2\" rel=\"nofollow\">Hotels in Chipping Campden<\/a><\/p>\n","protected":false},"excerpt":{"rendered":"<p>Hidcote in Gloucestershire ist ein Kunst \u2013 und Handwerksgarten in den Nord Cotswolds bei Chipping Campden und einen Steinwurf entfernt von Stratford-upon-Avon. Erkunden Sie den Irrgarten an engen gepflasterten Wegen und entdecken Sie geheime G\u00e4rten, herrlichen Blick und Pflanzen, die vor Farbe nur so strahlen. Es ist ein absolutes sehenswertes Muss, wenn Sie Urlaub in [&hellip;]<\/p>\n","protected":false},"author":1,"featured_media":0,"parent":0,"menu_order":0,"comment_status":"closed","ping_status":"closed","template":"single-four.php","meta":[],"acf":[],"yoast_head":"<!-- This site is optimized with the Yoast SEO plugin v19.4 - https:\/\/yoast.com\/wordpress\/plugins\/seo\/ -->\n<title>Unterk\u00fcnfte in der N\u00e4he Hidcote Garten - Urlaub &amp; Reisen<\/title>\n<meta name=\"description\" content=\"Hidcote in Gloucestershire ist ein Kunst \u2013 und Handwerksgarten in den Nord Cotswolds bei Chipping Campden und einen Steinwurf entfernt von Stratford-upon-Avon. Erkunden Sie den Irrgarten an engen gepflasterten Wegen und entdecken Sie geheime G\u00e4rten, herrlichen Blick und Pflanzen, die vor Farbe nur so strahlen.\" \/>\n<meta name=\"robots\" content=\"index, follow, max-snippet:-1, max-image-preview:large, max-video-preview:-1\" \/>\n<link rel=\"canonical\" href=\"https:\/\/www.urlaubcornwall.de\/blog\/urlaub-in-der-naehe-hidcote-garten\/\" \/>\n<meta property=\"og:locale\" content=\"en_US\" \/>\n<meta property=\"og:type\" content=\"article\" \/>\n<meta property=\"og:title\" content=\"Unterk\u00fcnfte in der N\u00e4he Hidcote Garten - Urlaub &amp; Reisen\" \/>\n<meta property=\"og:description\" content=\"Hidcote in Gloucestershire ist ein Kunst \u2013 und Handwerksgarten in den Nord Cotswolds bei Chipping Campden und einen Steinwurf entfernt von Stratford-upon-Avon. Erkunden Sie den Irrgarten an engen gepflasterten Wegen und entdecken Sie geheime G\u00e4rten, herrlichen Blick und Pflanzen, die vor Farbe nur so strahlen.\" \/>\n<meta property=\"og:url\" content=\"https:\/\/www.urlaubcornwall.de\/blog\/urlaub-in-der-naehe-hidcote-garten\/\" \/>\n<meta property=\"og:site_name\" content=\"Urlaub &amp; Reisen\" \/>\n<meta property=\"article:modified_time\" content=\"2024-05-31T08:31:42+00:00\" \/>\n<meta property=\"og:image\" content=\"https:\/\/www.urlaubcornwall.de\/blog\/wp-content\/uploads\/2016\/08\/hidcote-garten_national-trust.jpg\" \/>\n<meta name=\"twitter:card\" content=\"summary\" \/>\n<meta name=\"twitter:label1\" content=\"Est. reading time\" \/>\n\t<meta name=\"twitter:data1\" content=\"2 minutes\" \/>\n<script type=\"application\/ld+json\" class=\"yoast-schema-graph\">{\"@context\":\"https:\/\/schema.org\",\"@graph\":[{\"@type\":\"WebSite\",\"@id\":\"https:\/\/www.urlaubcornwall.de\/blog\/#website\",\"url\":\"https:\/\/www.urlaubcornwall.de\/blog\/\",\"name\":\"Urlaub &amp; Reisen\",\"description\":\"Urlaub, Reisen, Cornwall und S\u00fcdengland: eine perfekte Kombination\",\"potentialAction\":[{\"@type\":\"SearchAction\",\"target\":{\"@type\":\"EntryPoint\",\"urlTemplate\":\"https:\/\/www.urlaubcornwall.de\/blog\/?s={search_term_string}\"},\"query-input\":\"required name=search_term_string\"}],\"inLanguage\":\"en-US\"},{\"@type\":\"WebPage\",\"@id\":\"https:\/\/www.urlaubcornwall.de\/blog\/urlaub-in-der-naehe-hidcote-garten\/\",\"url\":\"https:\/\/www.urlaubcornwall.de\/blog\/urlaub-in-der-naehe-hidcote-garten\/\",\"name\":\"Unterk\u00fcnfte in der N\u00e4he Hidcote Garten - Urlaub &amp; Reisen\",\"isPartOf\":{\"@id\":\"https:\/\/www.urlaubcornwall.de\/blog\/#website\"},\"datePublished\":\"2021-10-04T08:01:42+00:00\",\"dateModified\":\"2024-05-31T08:31:42+00:00\",\"description\":\"Hidcote in Gloucestershire ist ein Kunst \u2013 und Handwerksgarten in den Nord Cotswolds bei Chipping Campden und einen Steinwurf entfernt von Stratford-upon-Avon. Erkunden Sie den Irrgarten an engen gepflasterten Wegen und entdecken Sie geheime G\u00e4rten, herrlichen Blick und Pflanzen, die vor Farbe nur so strahlen.\",\"breadcrumb\":{\"@id\":\"https:\/\/www.urlaubcornwall.de\/blog\/urlaub-in-der-naehe-hidcote-garten\/#breadcrumb\"},\"inLanguage\":\"en-US\",\"potentialAction\":[{\"@type\":\"ReadAction\",\"target\":[\"https:\/\/www.urlaubcornwall.de\/blog\/urlaub-in-der-naehe-hidcote-garten\/\"]}]},{\"@type\":\"BreadcrumbList\",\"@id\":\"https:\/\/www.urlaubcornwall.de\/blog\/urlaub-in-der-naehe-hidcote-garten\/#breadcrumb\",\"itemListElement\":[{\"@type\":\"ListItem\",\"position\":1,\"name\":\"Home\",\"item\":\"https:\/\/www.urlaubcornwall.de\/blog\/\"},{\"@type\":\"ListItem\",\"position\":2,\"name\":\"Unterk\u00fcnfte in der N\u00e4he Hidcote Garten\"}]}]}<\/script>\n<!-- \/ Yoast SEO plugin. -->","yoast_head_json":{"title":"Unterk\u00fcnfte in der N\u00e4he Hidcote Garten - Urlaub &amp; Reisen","description":"Hidcote in Gloucestershire ist ein Kunst \u2013 und Handwerksgarten in den Nord Cotswolds bei Chipping Campden und einen Steinwurf entfernt von Stratford-upon-Avon. Erkunden Sie den Irrgarten an engen gepflasterten Wegen und entdecken Sie geheime G\u00e4rten, herrlichen Blick und Pflanzen, die vor Farbe nur so strahlen.","robots":{"index":"index","follow":"follow","max-snippet":"max-snippet:-1","max-image-preview":"max-image-preview:large","max-video-preview":"max-video-preview:-1"},"canonical":"https:\/\/www.urlaubcornwall.de\/blog\/urlaub-in-der-naehe-hidcote-garten\/","og_locale":"en_US","og_type":"article","og_title":"Unterk\u00fcnfte in der N\u00e4he Hidcote Garten - Urlaub &amp; Reisen","og_description":"Hidcote in Gloucestershire ist ein Kunst \u2013 und Handwerksgarten in den Nord Cotswolds bei Chipping Campden und einen Steinwurf entfernt von Stratford-upon-Avon. Erkunden Sie den Irrgarten an engen gepflasterten Wegen und entdecken Sie geheime G\u00e4rten, herrlichen Blick und Pflanzen, die vor Farbe nur so strahlen.","og_url":"https:\/\/www.urlaubcornwall.de\/blog\/urlaub-in-der-naehe-hidcote-garten\/","og_site_name":"Urlaub &amp; Reisen","article_modified_time":"2024-05-31T08:31:42+00:00","og_image":[{"url":"https:\/\/www.urlaubcornwall.de\/blog\/wp-content\/uploads\/2016\/08\/hidcote-garten_national-trust.jpg"}],"twitter_card":"summary","twitter_misc":{"Est. reading time":"2 minutes"},"schema":{"@context":"https:\/\/schema.org","@graph":[{"@type":"WebSite","@id":"https:\/\/www.urlaubcornwall.de\/blog\/#website","url":"https:\/\/www.urlaubcornwall.de\/blog\/","name":"Urlaub &amp; Reisen","description":"Urlaub, Reisen, Cornwall und S\u00fcdengland: eine perfekte Kombination","potentialAction":[{"@type":"SearchAction","target":{"@type":"EntryPoint","urlTemplate":"https:\/\/www.urlaubcornwall.de\/blog\/?s={search_term_string}"},"query-input":"required name=search_term_string"}],"inLanguage":"en-US"},{"@type":"WebPage","@id":"https:\/\/www.urlaubcornwall.de\/blog\/urlaub-in-der-naehe-hidcote-garten\/","url":"https:\/\/www.urlaubcornwall.de\/blog\/urlaub-in-der-naehe-hidcote-garten\/","name":"Unterk\u00fcnfte in der N\u00e4he Hidcote Garten - Urlaub &amp; Reisen","isPartOf":{"@id":"https:\/\/www.urlaubcornwall.de\/blog\/#website"},"datePublished":"2021-10-04T08:01:42+00:00","dateModified":"2024-05-31T08:31:42+00:00","description":"Hidcote in Gloucestershire ist ein Kunst \u2013 und Handwerksgarten in den Nord Cotswolds bei Chipping Campden und einen Steinwurf entfernt von Stratford-upon-Avon. Erkunden Sie den Irrgarten an engen gepflasterten Wegen und entdecken Sie geheime G\u00e4rten, herrlichen Blick und Pflanzen, die vor Farbe nur so strahlen.","breadcrumb":{"@id":"https:\/\/www.urlaubcornwall.de\/blog\/urlaub-in-der-naehe-hidcote-garten\/#breadcrumb"},"inLanguage":"en-US","potentialAction":[{"@type":"ReadAction","target":["https:\/\/www.urlaubcornwall.de\/blog\/urlaub-in-der-naehe-hidcote-garten\/"]}]},{"@type":"BreadcrumbList","@id":"https:\/\/www.urlaubcornwall.de\/blog\/urlaub-in-der-naehe-hidcote-garten\/#breadcrumb","itemListElement":[{"@type":"ListItem","position":1,"name":"Home","item":"https:\/\/www.urlaubcornwall.de\/blog\/"},{"@type":"ListItem","position":2,"name":"Unterk\u00fcnfte in der N\u00e4he Hidcote Garten"}]}]}},"_links":{"self":[{"href":"https:\/\/www.urlaubcornwall.de\/blog\/wp-json\/wp\/v2\/pages\/43233"}],"collection":[{"href":"https:\/\/www.urlaubcornwall.de\/blog\/wp-json\/wp\/v2\/pages"}],"about":[{"href":"https:\/\/www.urlaubcornwall.de\/blog\/wp-json\/wp\/v2\/types\/page"}],"author":[{"embeddable":true,"href":"https:\/\/www.urlaubcornwall.de\/blog\/wp-json\/wp\/v2\/users\/1"}],"replies":[{"embeddable":true,"href":"https:\/\/www.urlaubcornwall.de\/blog\/wp-json\/wp\/v2\/comments?post=43233"}],"version-history":[{"count":7,"href":"https:\/\/www.urlaubcornwall.de\/blog\/wp-json\/wp\/v2\/pages\/43233\/revisions"}],"predecessor-version":[{"id":51244,"href":"https:\/\/www.urlaubcornwall.de\/blog\/wp-json\/wp\/v2\/pages\/43233\/revisions\/51244"}],"wp:attachment":[{"href":"https:\/\/www.urlaubcornwall.de\/blog\/wp-json\/wp\/v2\/media?parent=43233"}],"curies":[{"name":"wp","href":"https:\/\/api.w.org\/{rel}","templated":true}]}}