{"id":43193,"date":"2021-10-02T11:11:37","date_gmt":"2021-10-02T11:11:37","guid":{"rendered":"https:\/\/www.urlaubcornwall.de\/blog\/?page_id=43193"},"modified":"2024-04-15T14:35:37","modified_gmt":"2024-04-15T14:35:37","slug":"exquisite-luxushotels-in-edinburgh","status":"publish","type":"page","link":"https:\/\/www.urlaubcornwall.de\/blog\/exquisite-luxushotels-in-edinburgh\/","title":{"rendered":"Exquisite Luxushotels in Edinburgh"},"content":{"rendered":"<p><img loading=\"lazy\" class=\"aligncenter size-full wp-image-48015\" src=\"https:\/\/www.urlaubcornwall.de\/blog\/wp-content\/uploads\/2024\/03\/Edinburgh-Castle-Edinburgh-schottland.jpg\" alt=\"Edinburgh Castle, Edinburgh, schottland\" width=\"750\" height=\"500\" srcset=\"https:\/\/www.urlaubcornwall.de\/blog\/wp-content\/uploads\/2024\/03\/Edinburgh-Castle-Edinburgh-schottland.jpg 750w, https:\/\/www.urlaubcornwall.de\/blog\/wp-content\/uploads\/2024\/03\/Edinburgh-Castle-Edinburgh-schottland-300x200.jpg 300w\" sizes=\"(max-width: 750px) 100vw, 750px\" \/><\/p>\n<p>Die sch\u00f6nsten 4 und 5 Sterne Hotels &amp; Schlosshotels in <a href=\"https:\/\/www.urlaubcornwall.de\/ferienhaeuser-fewos\/sco\/zentralschottland\/edinburgh.html\">Edinburgh<\/a> f\u00fcr Ihren Luxusreise. Familienhotels, Last Minute Angebote und M\u00f6glichkeiten f\u00fcr Kinder bieten bis hin zu Luxus-Spa-Hotels, eleganten Herrenh\u00e4usern oder f\u00fcnf-Sterne Schloss- und Boutique-Hotels.<\/p>\n<p><strong>Suche Hotels in Edinburgh<\/strong><\/p>\n<p><strong><a href=\"https:\/\/www.booking.com\/hotel\/gb\/the-edinburgh-grand.en.html?aid=1320750&#038;no_rooms=1&#038;group_adults=2\" rel=\"nofollow\">Cheval The Edinburgh Grand<\/a><\/strong> &#8211; Die Unterkunft The Edinburgh Grand bietet Apartments und begr\u00fc\u00dft Sie nur 3 Gehminuten von der Princes Street entfernt. In der Unterkunft erwarten Sie ein Restaurant, eine Bar und ein Caf\u00e9. WLAN steht Ihnen in allen Bereichen der Unterkunft kostenfrei zur Verf\u00fcgung. <\/p>\n<p><strong><a href=\"https:\/\/www.booking.com\/hotel\/gb\/the-balmoral-edinburgh.en.html?aid=1320750&#038;no_rooms=1&#038;group_adults=2\" rel=\"nofollow\">The Balmoral Hotel<\/a><\/strong> &#8211; Das The Balmoral liegt an der Princes Street und verf\u00fcgt \u00fcber ein mit einem Michelin-Stern ausgezeichnetes Restaurant, einen Pool und einen Fitnessraum. Den Bahnhof Waverley und Edinburghs Haupteinkaufsviertel erreichen Sie in 5 Gehminuten.<\/p>\n<p><strong><a href=\"https:\/\/www.booking.com\/hotel\/gb\/du-vin-edinburgh.en.html?aid=1320750&#038;no_rooms=1&#038;group_adults=2\">Hotel Du Vin Edinburgh<\/a><\/strong> &#8211; In der historischen Altstadt von Edinburgh bietet das Hotel Du Vin individuell gestaltete Zimmer in einem ehemaligen st\u00e4dtischen Asyl. Im Herzen des Hotels befindet sich ein franz\u00f6sisches Bistro, das Produkte aus der Region Lothian serviert.<\/p>\n<p><strong><a href=\"https:\/\/www.booking.com\/hotel\/gb\/the-principal-edinburgh-charlotte-square.en.html?aid=1320750&#038;no_rooms=1&#038;group_adults=2\">Kimpton Charlotte Square<\/a><\/strong> &#8211; Das Kimpton Charlotte Square Hotel befindet sich in Edinburgh, nur wenige Meter von der Princes Street und der George Street entfernt. Die Zimmer verf\u00fcgen \u00fcber einen Flachbild-Smart-TV, Bettw\u00e4sche mit Fadenst\u00e4rke 300, eine kostenfreie Naschbox und einen K\u00fchlschrank mit kostenfreier frischer Milch sowie Mineralwasser. Im eigenen Bad liegt eine Auswahl kostenloser Pflegeprodukte f\u00fcr Sie bereit.<\/p>\n<p><ins class=\"bookingaff\" data-aid=\"2192289\" data-target_aid=\"2192289\" data-prod=\"map\" data-width=\"100%\" data-height=\"590\" data-lang=\"ualng\" data-dest_id=\"0\" data-dest_type=\"landmark\" data-latitude=\"55.9485947\" data-longitude=\"-3.1999135\" data-mwhsb=\"0\" data-address=\"Edinburgh Castle, Castlehill, Edinburgh, UK\"><br \/>\n    <!-- Anything inside will go away once widget is loaded. --><br \/>\n        <a href=\"\/\/www.booking.com?aid=2192289\"rel=\"nofollow\">Booking.com<\/a><br \/>\n<\/ins><br \/>\n<script type=\"text\/javascript\">\n    (function(d, sc, u) {\n      var s = d.createElement(sc), p = d.getElementsByTagName(sc)[0];\n      s.type = 'text\/javascript';\n      s.async = true;\n      s.src = u + '?v=' + (+new Date());\n      p.parentNode.insertBefore(s,p);\n      })(document, 'script', '\/\/aff.bstatic.com\/static\/affiliate_base\/js\/flexiproduct.js');\n<\/script><\/p>\n<div class=\"snippet\"> <a class=\"featured-item\" href=\" https:\/\/www.urlaubcornwall.de\/ferienhaeuser\/schottland.php\"> <span class=\"image-holder\" style=\"background-image: url(' https:\/\/www.urlaubcornwall.de\/blog\/wp-content\/uploads\/2019\/01\/urlaub-schottland-highlands-1.jpg ');\"><\/span> <span class=\"featured-content\"> \n<h2 class=\"featured-title\">Bei uns finden Sie Ferienh\u00e4user in Schottland zum Verlieben!<\/h2>\n<p class=\"featured-body\">Untenstehend finden Sie eine Auswahl an Ferienh\u00e4usern in Schottland. Hier finden Sie pers\u00f6nlich inspizierte Cottages entlang der schottischen K\u00fcste, in den schottischen Highlands und auf den Inseln&#8230;..<\/p>\n<\/span> <span class=\"featured-link-holder\"> <span class=\"featured-extra-info\"> \n<p>F\u00fcr Paare, Familien &#038; Gruppen<\/p>\n<\/span> \n<p class=\"featured-link\">DETAILS<\/p>\n<\/span> <\/a><\/div>\n<div class=\"snippet\"> <a class=\"featured-item\" href=\" https:\/\/www.urlaubcornwall.de\/blog\/rundreisen-schottland\/\"> <span class=\"image-holder\" style=\"background-image: url(' https:\/\/www.urlaubcornwall.de\/blog\/wp-content\/uploads\/2019\/01\/urlaub-schottland-highlands.jpg ');\"><\/span> <span class=\"featured-content\"> \n<h2 class=\"featured-title\">Rundreise durch Schottland: mit dem Auto bereisen <\/h2>\n<p class=\"featured-body\">Urlaub in Schottland haben etwas f\u00fcr jeden Geschmack zu bieten \u2013 herrliche Sonnenunterg\u00e4nge \u00fcber magischen Inseln, wundersch\u00f6ne und dramatische K\u00fcstenstriche, tiefe, verborgene T\u00e4ler und eine unglaubliche Landschaft&#8230;<\/p>\n<\/span> <span class=\"featured-link-holder\"> <span class=\"featured-extra-info\"> \n<p>Ready Made Touren<\/p>\n<\/span> \n<p class=\"featured-link\">DETAILS<\/p>\n<\/span> <\/a><\/div>\n<p style=\"text-align: center;\">UrlaubCornwall.de hat seinen Firmensitz in Cornwall in S\u00fcdwestengland und bietet Kunden im Deutsch sprechenden Europa Hilfe im Erstellen der perfekten Urlaubserfahrung hier. Wir haben <a href=\"http:\/\/www.urlaubcornwall.de\/rundreisenservice.php\">ein Team Deutsch sprechender Experten<\/a>, so dass wir eine individuelle Urlaub in Gro\u00dfbritannien.<\/p>\n","protected":false},"excerpt":{"rendered":"<p>Die sch\u00f6nsten 4 und 5 Sterne Hotels &amp; Schlosshotels in Edinburgh f\u00fcr Ihren Luxusreise. Familienhotels, Last Minute Angebote und M\u00f6glichkeiten f\u00fcr Kinder bieten bis hin zu Luxus-Spa-Hotels, eleganten Herrenh\u00e4usern oder f\u00fcnf-Sterne Schloss- und Boutique-Hotels. Suche Hotels in Edinburgh Cheval The Edinburgh Grand &#8211; Die Unterkunft The Edinburgh Grand bietet Apartments und begr\u00fc\u00dft Sie nur 3 [&hellip;]<\/p>\n","protected":false},"author":1,"featured_media":0,"parent":0,"menu_order":0,"comment_status":"closed","ping_status":"closed","template":"single-four.php","meta":[],"acf":[],"yoast_head":"<!-- This site is optimized with the Yoast SEO plugin v19.4 - https:\/\/yoast.com\/wordpress\/plugins\/seo\/ -->\n<title>Exquisite Luxushotels in Edinburgh - Urlaub &amp; Reisen<\/title>\n<meta name=\"description\" content=\"Die sch\u00f6nsten 4 und 5 Sterne Hotels &amp; Schlosshotels in Edinburgh f\u00fcr Ihren Luxusreise. Familienhotels, Last Minute Angebote\" \/>\n<meta name=\"robots\" content=\"index, follow, max-snippet:-1, max-image-preview:large, max-video-preview:-1\" \/>\n<link rel=\"canonical\" href=\"https:\/\/www.urlaubcornwall.de\/blog\/exquisite-luxushotels-in-edinburgh\/\" \/>\n<meta property=\"og:locale\" content=\"en_US\" \/>\n<meta property=\"og:type\" content=\"article\" \/>\n<meta property=\"og:title\" content=\"Exquisite Luxushotels in Edinburgh - Urlaub &amp; Reisen\" \/>\n<meta property=\"og:description\" content=\"Die sch\u00f6nsten 4 und 5 Sterne Hotels &amp; Schlosshotels in Edinburgh f\u00fcr Ihren Luxusreise. Familienhotels, Last Minute Angebote\" \/>\n<meta property=\"og:url\" content=\"https:\/\/www.urlaubcornwall.de\/blog\/exquisite-luxushotels-in-edinburgh\/\" \/>\n<meta property=\"og:site_name\" content=\"Urlaub &amp; Reisen\" \/>\n<meta property=\"article:modified_time\" content=\"2024-04-15T14:35:37+00:00\" \/>\n<meta property=\"og:image\" content=\"https:\/\/www.urlaubcornwall.de\/blog\/wp-content\/uploads\/2024\/03\/Edinburgh-Castle-Edinburgh-schottland.jpg\" \/>\n<meta name=\"twitter:card\" content=\"summary\" \/>\n<meta name=\"twitter:label1\" content=\"Est. reading time\" \/>\n\t<meta name=\"twitter:data1\" content=\"2 minutes\" \/>\n<script type=\"application\/ld+json\" class=\"yoast-schema-graph\">{\"@context\":\"https:\/\/schema.org\",\"@graph\":[{\"@type\":\"WebSite\",\"@id\":\"https:\/\/www.urlaubcornwall.de\/blog\/#website\",\"url\":\"https:\/\/www.urlaubcornwall.de\/blog\/\",\"name\":\"Urlaub &amp; Reisen\",\"description\":\"Urlaub, Reisen, Cornwall und S\u00fcdengland: eine perfekte Kombination\",\"potentialAction\":[{\"@type\":\"SearchAction\",\"target\":{\"@type\":\"EntryPoint\",\"urlTemplate\":\"https:\/\/www.urlaubcornwall.de\/blog\/?s={search_term_string}\"},\"query-input\":\"required name=search_term_string\"}],\"inLanguage\":\"en-US\"},{\"@type\":\"WebPage\",\"@id\":\"https:\/\/www.urlaubcornwall.de\/blog\/exquisite-luxushotels-in-edinburgh\/\",\"url\":\"https:\/\/www.urlaubcornwall.de\/blog\/exquisite-luxushotels-in-edinburgh\/\",\"name\":\"Exquisite Luxushotels in Edinburgh - Urlaub &amp; Reisen\",\"isPartOf\":{\"@id\":\"https:\/\/www.urlaubcornwall.de\/blog\/#website\"},\"datePublished\":\"2021-10-02T11:11:37+00:00\",\"dateModified\":\"2024-04-15T14:35:37+00:00\",\"description\":\"Die sch\u00f6nsten 4 und 5 Sterne Hotels & Schlosshotels in Edinburgh f\u00fcr Ihren Luxusreise. Familienhotels, Last Minute Angebote\",\"breadcrumb\":{\"@id\":\"https:\/\/www.urlaubcornwall.de\/blog\/exquisite-luxushotels-in-edinburgh\/#breadcrumb\"},\"inLanguage\":\"en-US\",\"potentialAction\":[{\"@type\":\"ReadAction\",\"target\":[\"https:\/\/www.urlaubcornwall.de\/blog\/exquisite-luxushotels-in-edinburgh\/\"]}]},{\"@type\":\"BreadcrumbList\",\"@id\":\"https:\/\/www.urlaubcornwall.de\/blog\/exquisite-luxushotels-in-edinburgh\/#breadcrumb\",\"itemListElement\":[{\"@type\":\"ListItem\",\"position\":1,\"name\":\"Home\",\"item\":\"https:\/\/www.urlaubcornwall.de\/blog\/\"},{\"@type\":\"ListItem\",\"position\":2,\"name\":\"Exquisite Luxushotels in Edinburgh\"}]}]}<\/script>\n<!-- \/ Yoast SEO plugin. -->","yoast_head_json":{"title":"Exquisite Luxushotels in Edinburgh - Urlaub &amp; Reisen","description":"Die sch\u00f6nsten 4 und 5 Sterne Hotels & Schlosshotels in Edinburgh f\u00fcr Ihren Luxusreise. Familienhotels, Last Minute Angebote","robots":{"index":"index","follow":"follow","max-snippet":"max-snippet:-1","max-image-preview":"max-image-preview:large","max-video-preview":"max-video-preview:-1"},"canonical":"https:\/\/www.urlaubcornwall.de\/blog\/exquisite-luxushotels-in-edinburgh\/","og_locale":"en_US","og_type":"article","og_title":"Exquisite Luxushotels in Edinburgh - Urlaub &amp; Reisen","og_description":"Die sch\u00f6nsten 4 und 5 Sterne Hotels & Schlosshotels in Edinburgh f\u00fcr Ihren Luxusreise. Familienhotels, Last Minute Angebote","og_url":"https:\/\/www.urlaubcornwall.de\/blog\/exquisite-luxushotels-in-edinburgh\/","og_site_name":"Urlaub &amp; Reisen","article_modified_time":"2024-04-15T14:35:37+00:00","og_image":[{"url":"https:\/\/www.urlaubcornwall.de\/blog\/wp-content\/uploads\/2024\/03\/Edinburgh-Castle-Edinburgh-schottland.jpg"}],"twitter_card":"summary","twitter_misc":{"Est. reading time":"2 minutes"},"schema":{"@context":"https:\/\/schema.org","@graph":[{"@type":"WebSite","@id":"https:\/\/www.urlaubcornwall.de\/blog\/#website","url":"https:\/\/www.urlaubcornwall.de\/blog\/","name":"Urlaub &amp; Reisen","description":"Urlaub, Reisen, Cornwall und S\u00fcdengland: eine perfekte Kombination","potentialAction":[{"@type":"SearchAction","target":{"@type":"EntryPoint","urlTemplate":"https:\/\/www.urlaubcornwall.de\/blog\/?s={search_term_string}"},"query-input":"required name=search_term_string"}],"inLanguage":"en-US"},{"@type":"WebPage","@id":"https:\/\/www.urlaubcornwall.de\/blog\/exquisite-luxushotels-in-edinburgh\/","url":"https:\/\/www.urlaubcornwall.de\/blog\/exquisite-luxushotels-in-edinburgh\/","name":"Exquisite Luxushotels in Edinburgh - Urlaub &amp; Reisen","isPartOf":{"@id":"https:\/\/www.urlaubcornwall.de\/blog\/#website"},"datePublished":"2021-10-02T11:11:37+00:00","dateModified":"2024-04-15T14:35:37+00:00","description":"Die sch\u00f6nsten 4 und 5 Sterne Hotels & Schlosshotels in Edinburgh f\u00fcr Ihren Luxusreise. Familienhotels, Last Minute Angebote","breadcrumb":{"@id":"https:\/\/www.urlaubcornwall.de\/blog\/exquisite-luxushotels-in-edinburgh\/#breadcrumb"},"inLanguage":"en-US","potentialAction":[{"@type":"ReadAction","target":["https:\/\/www.urlaubcornwall.de\/blog\/exquisite-luxushotels-in-edinburgh\/"]}]},{"@type":"BreadcrumbList","@id":"https:\/\/www.urlaubcornwall.de\/blog\/exquisite-luxushotels-in-edinburgh\/#breadcrumb","itemListElement":[{"@type":"ListItem","position":1,"name":"Home","item":"https:\/\/www.urlaubcornwall.de\/blog\/"},{"@type":"ListItem","position":2,"name":"Exquisite Luxushotels in Edinburgh"}]}]}},"_links":{"self":[{"href":"https:\/\/www.urlaubcornwall.de\/blog\/wp-json\/wp\/v2\/pages\/43193"}],"collection":[{"href":"https:\/\/www.urlaubcornwall.de\/blog\/wp-json\/wp\/v2\/pages"}],"about":[{"href":"https:\/\/www.urlaubcornwall.de\/blog\/wp-json\/wp\/v2\/types\/page"}],"author":[{"embeddable":true,"href":"https:\/\/www.urlaubcornwall.de\/blog\/wp-json\/wp\/v2\/users\/1"}],"replies":[{"embeddable":true,"href":"https:\/\/www.urlaubcornwall.de\/blog\/wp-json\/wp\/v2\/comments?post=43193"}],"version-history":[{"count":5,"href":"https:\/\/www.urlaubcornwall.de\/blog\/wp-json\/wp\/v2\/pages\/43193\/revisions"}],"predecessor-version":[{"id":49574,"href":"https:\/\/www.urlaubcornwall.de\/blog\/wp-json\/wp\/v2\/pages\/43193\/revisions\/49574"}],"wp:attachment":[{"href":"https:\/\/www.urlaubcornwall.de\/blog\/wp-json\/wp\/v2\/media?parent=43193"}],"curies":[{"name":"wp","href":"https:\/\/api.w.org\/{rel}","templated":true}]}}