{"id":43147,"date":"2021-09-30T09:36:53","date_gmt":"2021-09-30T09:36:53","guid":{"rendered":"https:\/\/www.urlaubcornwall.de\/blog\/?page_id=43147"},"modified":"2021-09-30T13:49:53","modified_gmt":"2021-09-30T13:49:53","slug":"besten-hotels-in-der-naehe-schloss-hever-urlaub-in-kent","status":"publish","type":"page","link":"https:\/\/www.urlaubcornwall.de\/blog\/besten-hotels-in-der-naehe-schloss-hever-urlaub-in-kent\/","title":{"rendered":"Besten Hotels in der N\u00e4he Schloss Hever &#8211; Urlaub in Kent"},"content":{"rendered":"<p><img loading=\"lazy\" class=\"aligncenter size-full wp-image-24625\" src=\"https:\/\/www.urlaubcornwall.de\/blog\/wp-content\/uploads\/2016\/06\/hever-schloss-kent.jpg\" alt=\"hever schloss hotel kent\" width=\"749\" height=\"402\"\/><\/p>\n<p>Da die Geschichte des Hever Castle 700 Jahre umfasst, ist sie reich und vielf\u00e4ltig. In der Burg verbrachte Anne Boleyn ihre Kindheit, die zweite Frau von K\u00f6nig Heinrich VIII., die f\u00fcr lediglich 1000 Tage K\u00f6nigin von England wurde. Das Schloss ist umgeben von einem Burggraben, und Besucher k\u00f6nnen durch den italienischen und den Tudorgarten streunen. Der Irrgarten ist besonders bei Kindern beliebt.<\/p>\n<p style=\"text-align: center;\"><a class=\"tidycta\" href=\"https:\/\/www.booking.com\/searchresults.en.html?landmark=25309&#038;aid=1320750&#038;no_rooms=1&#038;group_adults=2\" rel=\"nofollow\">Suche Hotels Schloss Hever<\/a><\/p>\n<div class=\"snippet\"> <a class=\"featured-item\" href=\"https:\/\/www.urlaubcornwall.de\/ferienhaeuser\/kent.php\"> <span class=\"image-holder\" style=\"background-image: url('https:\/\/www.urlaubcornwall.de\/blog\/wp-content\/uploads\/2018\/12\/ferienhaus-cornwall-mit-hund.jpg');\"><\/span> <span class=\"featured-content\"> \n<h2 class=\"featured-title\">Ferienh\u00e4user in Kent &#038; S\u00fcdengland<\/h2>\n<p class=\"featured-body\">Bei uns finden Sie Ferienh\u00e4user zum Verlieben &#8211; so einfach ist das! Dank seiner langen Geschichte, der reizvollen Landschaften und seinen vielen Attraktionen ist S\u00fcdengland ein wahres Mekka f\u00fcr Urlauber&#8230;..<\/p><\/span> <span class=\"featured-link-holder\"> <span class=\"featured-extra-info\"> \n<p>Pers\u00f6nlich inspizierter Ferienh\u00e4user<\/p>\n<\/span> \n<p class=\"featured-link\">DETAILS<\/p>\n<\/span> <\/a><\/div>\n<p><a href=\"https:\/\/www.urlaubcornwall.de\/blog\/top-10-reisetipps-kent-die-sie-sehen-und-erleben-sollten\/\">Top 10 Reisetipps Kent: die Sie sehen und erleben sollten<\/a><\/p>\n","protected":false},"excerpt":{"rendered":"<p>Da die Geschichte des Hever Castle 700 Jahre umfasst, ist sie reich und vielf\u00e4ltig. In der Burg verbrachte Anne Boleyn ihre Kindheit, die zweite Frau von K\u00f6nig Heinrich VIII., die f\u00fcr lediglich 1000 Tage K\u00f6nigin von England wurde. Das Schloss ist umgeben von einem Burggraben, und Besucher k\u00f6nnen durch den italienischen und den Tudorgarten streunen. [&hellip;]<\/p>\n","protected":false},"author":1,"featured_media":0,"parent":0,"menu_order":0,"comment_status":"closed","ping_status":"closed","template":"single-four.php","meta":[],"acf":[],"yoast_head":"<!-- This site is optimized with the Yoast SEO plugin v19.4 - https:\/\/yoast.com\/wordpress\/plugins\/seo\/ -->\n<title>Besten Hotels in der N\u00e4he Schloss Hever - Urlaub in Kent - Urlaub &amp; Reisen<\/title>\n<meta name=\"robots\" content=\"index, follow, max-snippet:-1, max-image-preview:large, max-video-preview:-1\" \/>\n<link rel=\"canonical\" href=\"https:\/\/www.urlaubcornwall.de\/blog\/besten-hotels-in-der-naehe-schloss-hever-urlaub-in-kent\/\" \/>\n<meta property=\"og:locale\" content=\"en_US\" \/>\n<meta property=\"og:type\" content=\"article\" \/>\n<meta property=\"og:title\" content=\"Besten Hotels in der N\u00e4he Schloss Hever - Urlaub in Kent - Urlaub &amp; Reisen\" \/>\n<meta property=\"og:description\" content=\"Da die Geschichte des Hever Castle 700 Jahre umfasst, ist sie reich und vielf\u00e4ltig. In der Burg verbrachte Anne Boleyn ihre Kindheit, die zweite Frau von K\u00f6nig Heinrich VIII., die f\u00fcr lediglich 1000 Tage K\u00f6nigin von England wurde. Das Schloss ist umgeben von einem Burggraben, und Besucher k\u00f6nnen durch den italienischen und den Tudorgarten streunen. [&hellip;]\" \/>\n<meta property=\"og:url\" content=\"https:\/\/www.urlaubcornwall.de\/blog\/besten-hotels-in-der-naehe-schloss-hever-urlaub-in-kent\/\" \/>\n<meta property=\"og:site_name\" content=\"Urlaub &amp; Reisen\" \/>\n<meta property=\"article:modified_time\" content=\"2021-09-30T13:49:53+00:00\" \/>\n<meta property=\"og:image\" content=\"https:\/\/www.urlaubcornwall.de\/blog\/wp-content\/uploads\/2016\/06\/hever-schloss-kent.jpg\" \/>\n<meta name=\"twitter:card\" content=\"summary\" \/>\n<meta name=\"twitter:label1\" content=\"Est. reading time\" \/>\n\t<meta name=\"twitter:data1\" content=\"1 minute\" \/>\n<script type=\"application\/ld+json\" class=\"yoast-schema-graph\">{\"@context\":\"https:\/\/schema.org\",\"@graph\":[{\"@type\":\"WebSite\",\"@id\":\"https:\/\/www.urlaubcornwall.de\/blog\/#website\",\"url\":\"https:\/\/www.urlaubcornwall.de\/blog\/\",\"name\":\"Urlaub &amp; Reisen\",\"description\":\"Urlaub, Reisen, Cornwall und S\u00fcdengland: eine perfekte Kombination\",\"potentialAction\":[{\"@type\":\"SearchAction\",\"target\":{\"@type\":\"EntryPoint\",\"urlTemplate\":\"https:\/\/www.urlaubcornwall.de\/blog\/?s={search_term_string}\"},\"query-input\":\"required name=search_term_string\"}],\"inLanguage\":\"en-US\"},{\"@type\":\"WebPage\",\"@id\":\"https:\/\/www.urlaubcornwall.de\/blog\/besten-hotels-in-der-naehe-schloss-hever-urlaub-in-kent\/\",\"url\":\"https:\/\/www.urlaubcornwall.de\/blog\/besten-hotels-in-der-naehe-schloss-hever-urlaub-in-kent\/\",\"name\":\"Besten Hotels in der N\u00e4he Schloss Hever - Urlaub in Kent - Urlaub &amp; Reisen\",\"isPartOf\":{\"@id\":\"https:\/\/www.urlaubcornwall.de\/blog\/#website\"},\"datePublished\":\"2021-09-30T09:36:53+00:00\",\"dateModified\":\"2021-09-30T13:49:53+00:00\",\"breadcrumb\":{\"@id\":\"https:\/\/www.urlaubcornwall.de\/blog\/besten-hotels-in-der-naehe-schloss-hever-urlaub-in-kent\/#breadcrumb\"},\"inLanguage\":\"en-US\",\"potentialAction\":[{\"@type\":\"ReadAction\",\"target\":[\"https:\/\/www.urlaubcornwall.de\/blog\/besten-hotels-in-der-naehe-schloss-hever-urlaub-in-kent\/\"]}]},{\"@type\":\"BreadcrumbList\",\"@id\":\"https:\/\/www.urlaubcornwall.de\/blog\/besten-hotels-in-der-naehe-schloss-hever-urlaub-in-kent\/#breadcrumb\",\"itemListElement\":[{\"@type\":\"ListItem\",\"position\":1,\"name\":\"Home\",\"item\":\"https:\/\/www.urlaubcornwall.de\/blog\/\"},{\"@type\":\"ListItem\",\"position\":2,\"name\":\"Besten Hotels in der N\u00e4he Schloss Hever &#8211; Urlaub in Kent\"}]}]}<\/script>\n<!-- \/ Yoast SEO plugin. -->","yoast_head_json":{"title":"Besten Hotels in der N\u00e4he Schloss Hever - Urlaub in Kent - Urlaub &amp; Reisen","robots":{"index":"index","follow":"follow","max-snippet":"max-snippet:-1","max-image-preview":"max-image-preview:large","max-video-preview":"max-video-preview:-1"},"canonical":"https:\/\/www.urlaubcornwall.de\/blog\/besten-hotels-in-der-naehe-schloss-hever-urlaub-in-kent\/","og_locale":"en_US","og_type":"article","og_title":"Besten Hotels in der N\u00e4he Schloss Hever - Urlaub in Kent - Urlaub &amp; Reisen","og_description":"Da die Geschichte des Hever Castle 700 Jahre umfasst, ist sie reich und vielf\u00e4ltig. In der Burg verbrachte Anne Boleyn ihre Kindheit, die zweite Frau von K\u00f6nig Heinrich VIII., die f\u00fcr lediglich 1000 Tage K\u00f6nigin von England wurde. Das Schloss ist umgeben von einem Burggraben, und Besucher k\u00f6nnen durch den italienischen und den Tudorgarten streunen. [&hellip;]","og_url":"https:\/\/www.urlaubcornwall.de\/blog\/besten-hotels-in-der-naehe-schloss-hever-urlaub-in-kent\/","og_site_name":"Urlaub &amp; Reisen","article_modified_time":"2021-09-30T13:49:53+00:00","og_image":[{"url":"https:\/\/www.urlaubcornwall.de\/blog\/wp-content\/uploads\/2016\/06\/hever-schloss-kent.jpg"}],"twitter_card":"summary","twitter_misc":{"Est. reading time":"1 minute"},"schema":{"@context":"https:\/\/schema.org","@graph":[{"@type":"WebSite","@id":"https:\/\/www.urlaubcornwall.de\/blog\/#website","url":"https:\/\/www.urlaubcornwall.de\/blog\/","name":"Urlaub &amp; Reisen","description":"Urlaub, Reisen, Cornwall und S\u00fcdengland: eine perfekte Kombination","potentialAction":[{"@type":"SearchAction","target":{"@type":"EntryPoint","urlTemplate":"https:\/\/www.urlaubcornwall.de\/blog\/?s={search_term_string}"},"query-input":"required name=search_term_string"}],"inLanguage":"en-US"},{"@type":"WebPage","@id":"https:\/\/www.urlaubcornwall.de\/blog\/besten-hotels-in-der-naehe-schloss-hever-urlaub-in-kent\/","url":"https:\/\/www.urlaubcornwall.de\/blog\/besten-hotels-in-der-naehe-schloss-hever-urlaub-in-kent\/","name":"Besten Hotels in der N\u00e4he Schloss Hever - Urlaub in Kent - Urlaub &amp; Reisen","isPartOf":{"@id":"https:\/\/www.urlaubcornwall.de\/blog\/#website"},"datePublished":"2021-09-30T09:36:53+00:00","dateModified":"2021-09-30T13:49:53+00:00","breadcrumb":{"@id":"https:\/\/www.urlaubcornwall.de\/blog\/besten-hotels-in-der-naehe-schloss-hever-urlaub-in-kent\/#breadcrumb"},"inLanguage":"en-US","potentialAction":[{"@type":"ReadAction","target":["https:\/\/www.urlaubcornwall.de\/blog\/besten-hotels-in-der-naehe-schloss-hever-urlaub-in-kent\/"]}]},{"@type":"BreadcrumbList","@id":"https:\/\/www.urlaubcornwall.de\/blog\/besten-hotels-in-der-naehe-schloss-hever-urlaub-in-kent\/#breadcrumb","itemListElement":[{"@type":"ListItem","position":1,"name":"Home","item":"https:\/\/www.urlaubcornwall.de\/blog\/"},{"@type":"ListItem","position":2,"name":"Besten Hotels in der N\u00e4he Schloss Hever &#8211; Urlaub in Kent"}]}]}},"_links":{"self":[{"href":"https:\/\/www.urlaubcornwall.de\/blog\/wp-json\/wp\/v2\/pages\/43147"}],"collection":[{"href":"https:\/\/www.urlaubcornwall.de\/blog\/wp-json\/wp\/v2\/pages"}],"about":[{"href":"https:\/\/www.urlaubcornwall.de\/blog\/wp-json\/wp\/v2\/types\/page"}],"author":[{"embeddable":true,"href":"https:\/\/www.urlaubcornwall.de\/blog\/wp-json\/wp\/v2\/users\/1"}],"replies":[{"embeddable":true,"href":"https:\/\/www.urlaubcornwall.de\/blog\/wp-json\/wp\/v2\/comments?post=43147"}],"version-history":[{"count":3,"href":"https:\/\/www.urlaubcornwall.de\/blog\/wp-json\/wp\/v2\/pages\/43147\/revisions"}],"predecessor-version":[{"id":43155,"href":"https:\/\/www.urlaubcornwall.de\/blog\/wp-json\/wp\/v2\/pages\/43147\/revisions\/43155"}],"wp:attachment":[{"href":"https:\/\/www.urlaubcornwall.de\/blog\/wp-json\/wp\/v2\/media?parent=43147"}],"curies":[{"name":"wp","href":"https:\/\/api.w.org\/{rel}","templated":true}]}}