{"id":43098,"date":"2021-09-27T14:02:40","date_gmt":"2021-09-27T14:02:40","guid":{"rendered":"https:\/\/www.urlaubcornwall.de\/blog\/?page_id=43098"},"modified":"2024-04-03T09:23:21","modified_gmt":"2024-04-03T09:23:21","slug":"malham-urlaub-in-yorkshire-und-nord-england","status":"publish","type":"page","link":"https:\/\/www.urlaubcornwall.de\/blog\/malham-urlaub-in-yorkshire-und-nord-england\/","title":{"rendered":"Malham &#8211; Urlaub in Yorkshire Dales Nationalpark &#038; Nord England"},"content":{"rendered":"<p><img loading=\"lazy\" class=\"aligncenter size-full wp-image-48047\" src=\"https:\/\/www.urlaubcornwall.de\/blog\/wp-content\/uploads\/2024\/03\/malham-yorkshire.jpg\" alt=\"malham yorkshire\" width=\"750\" height=\"494\" srcset=\"https:\/\/www.urlaubcornwall.de\/blog\/wp-content\/uploads\/2024\/03\/malham-yorkshire.jpg 750w, https:\/\/www.urlaubcornwall.de\/blog\/wp-content\/uploads\/2024\/03\/malham-yorkshire-300x198.jpg 300w\" sizes=\"(max-width: 750px) 100vw, 750px\" \/><\/p>\n<p>Malham eignet sich bestens, um die Landschaft der Yorkshire Dales von ihrer besten Seite zu erkunden. Dazu z\u00e4hlen unter anderem Wasserf\u00e4lle und viel Kalkstein. Nehmen Sie ein Lunchpaket mit und genie\u00dfen Sie es unter freiem Himmel auf der H\u00e4lfte der Strecke. Nur damit Sie nicht sagen, wir h\u00e4tten Sie nicht gewarnt: dort gibt es viele Stufen und Kinder z\u00e4hlen sie gerne, bis sie oben angekommen sind. Die Fahrt dorthin dauert zwar 80 Minuten, ist es aber definitiv wert.<\/p>\n<p style=\"text-align: center;\"><a class=\"tidycta\" href=\"https:\/\/www.urlaubcornwall.de\/ferienhaeuser-fewos\/eng\/yorkshire\/yorkshire.html\">Suche Ferienh\u00e4user in Yorkshire<\/a><\/p>\n","protected":false},"excerpt":{"rendered":"<p>Malham eignet sich bestens, um die Landschaft der Yorkshire Dales von ihrer besten Seite zu erkunden. Dazu z\u00e4hlen unter anderem Wasserf\u00e4lle und viel Kalkstein. Nehmen Sie ein Lunchpaket mit und genie\u00dfen Sie es unter freiem Himmel auf der H\u00e4lfte der Strecke. Nur damit Sie nicht sagen, wir h\u00e4tten Sie nicht gewarnt: dort gibt es viele [&hellip;]<\/p>\n","protected":false},"author":1,"featured_media":0,"parent":0,"menu_order":0,"comment_status":"closed","ping_status":"closed","template":"single-four.php","meta":[],"acf":[],"yoast_head":"<!-- This site is optimized with the Yoast SEO plugin v19.4 - https:\/\/yoast.com\/wordpress\/plugins\/seo\/ -->\n<title>Malham - Urlaub in Yorkshire Dales Nationalpark &amp; Nord England - Urlaub &amp; Reisen<\/title>\n<meta name=\"robots\" content=\"index, follow, max-snippet:-1, max-image-preview:large, max-video-preview:-1\" \/>\n<link rel=\"canonical\" href=\"https:\/\/www.urlaubcornwall.de\/blog\/malham-urlaub-in-yorkshire-und-nord-england\/\" \/>\n<meta property=\"og:locale\" content=\"en_US\" \/>\n<meta property=\"og:type\" content=\"article\" \/>\n<meta property=\"og:title\" content=\"Malham - Urlaub in Yorkshire Dales Nationalpark &amp; Nord England - Urlaub &amp; Reisen\" \/>\n<meta property=\"og:description\" content=\"Malham eignet sich bestens, um die Landschaft der Yorkshire Dales von ihrer besten Seite zu erkunden. Dazu z\u00e4hlen unter anderem Wasserf\u00e4lle und viel Kalkstein. Nehmen Sie ein Lunchpaket mit und genie\u00dfen Sie es unter freiem Himmel auf der H\u00e4lfte der Strecke. Nur damit Sie nicht sagen, wir h\u00e4tten Sie nicht gewarnt: dort gibt es viele [&hellip;]\" \/>\n<meta property=\"og:url\" content=\"https:\/\/www.urlaubcornwall.de\/blog\/malham-urlaub-in-yorkshire-und-nord-england\/\" \/>\n<meta property=\"og:site_name\" content=\"Urlaub &amp; Reisen\" \/>\n<meta property=\"article:modified_time\" content=\"2024-04-03T09:23:21+00:00\" \/>\n<meta property=\"og:image\" content=\"https:\/\/www.urlaubcornwall.de\/blog\/wp-content\/uploads\/2024\/03\/malham-yorkshire.jpg\" \/>\n<meta name=\"twitter:card\" content=\"summary\" \/>\n<meta name=\"twitter:label1\" content=\"Est. reading time\" \/>\n\t<meta name=\"twitter:data1\" content=\"1 minute\" \/>\n<script type=\"application\/ld+json\" class=\"yoast-schema-graph\">{\"@context\":\"https:\/\/schema.org\",\"@graph\":[{\"@type\":\"WebSite\",\"@id\":\"https:\/\/www.urlaubcornwall.de\/blog\/#website\",\"url\":\"https:\/\/www.urlaubcornwall.de\/blog\/\",\"name\":\"Urlaub &amp; Reisen\",\"description\":\"Urlaub, Reisen, Cornwall und S\u00fcdengland: eine perfekte Kombination\",\"potentialAction\":[{\"@type\":\"SearchAction\",\"target\":{\"@type\":\"EntryPoint\",\"urlTemplate\":\"https:\/\/www.urlaubcornwall.de\/blog\/?s={search_term_string}\"},\"query-input\":\"required name=search_term_string\"}],\"inLanguage\":\"en-US\"},{\"@type\":\"WebPage\",\"@id\":\"https:\/\/www.urlaubcornwall.de\/blog\/malham-urlaub-in-yorkshire-und-nord-england\/\",\"url\":\"https:\/\/www.urlaubcornwall.de\/blog\/malham-urlaub-in-yorkshire-und-nord-england\/\",\"name\":\"Malham - Urlaub in Yorkshire Dales Nationalpark & Nord England - Urlaub &amp; Reisen\",\"isPartOf\":{\"@id\":\"https:\/\/www.urlaubcornwall.de\/blog\/#website\"},\"datePublished\":\"2021-09-27T14:02:40+00:00\",\"dateModified\":\"2024-04-03T09:23:21+00:00\",\"breadcrumb\":{\"@id\":\"https:\/\/www.urlaubcornwall.de\/blog\/malham-urlaub-in-yorkshire-und-nord-england\/#breadcrumb\"},\"inLanguage\":\"en-US\",\"potentialAction\":[{\"@type\":\"ReadAction\",\"target\":[\"https:\/\/www.urlaubcornwall.de\/blog\/malham-urlaub-in-yorkshire-und-nord-england\/\"]}]},{\"@type\":\"BreadcrumbList\",\"@id\":\"https:\/\/www.urlaubcornwall.de\/blog\/malham-urlaub-in-yorkshire-und-nord-england\/#breadcrumb\",\"itemListElement\":[{\"@type\":\"ListItem\",\"position\":1,\"name\":\"Home\",\"item\":\"https:\/\/www.urlaubcornwall.de\/blog\/\"},{\"@type\":\"ListItem\",\"position\":2,\"name\":\"Malham &#8211; Urlaub in Yorkshire Dales Nationalpark &#038; Nord England\"}]}]}<\/script>\n<!-- \/ Yoast SEO plugin. -->","yoast_head_json":{"title":"Malham - Urlaub in Yorkshire Dales Nationalpark & Nord England - Urlaub &amp; Reisen","robots":{"index":"index","follow":"follow","max-snippet":"max-snippet:-1","max-image-preview":"max-image-preview:large","max-video-preview":"max-video-preview:-1"},"canonical":"https:\/\/www.urlaubcornwall.de\/blog\/malham-urlaub-in-yorkshire-und-nord-england\/","og_locale":"en_US","og_type":"article","og_title":"Malham - Urlaub in Yorkshire Dales Nationalpark & Nord England - Urlaub &amp; Reisen","og_description":"Malham eignet sich bestens, um die Landschaft der Yorkshire Dales von ihrer besten Seite zu erkunden. Dazu z\u00e4hlen unter anderem Wasserf\u00e4lle und viel Kalkstein. Nehmen Sie ein Lunchpaket mit und genie\u00dfen Sie es unter freiem Himmel auf der H\u00e4lfte der Strecke. Nur damit Sie nicht sagen, wir h\u00e4tten Sie nicht gewarnt: dort gibt es viele [&hellip;]","og_url":"https:\/\/www.urlaubcornwall.de\/blog\/malham-urlaub-in-yorkshire-und-nord-england\/","og_site_name":"Urlaub &amp; Reisen","article_modified_time":"2024-04-03T09:23:21+00:00","og_image":[{"url":"https:\/\/www.urlaubcornwall.de\/blog\/wp-content\/uploads\/2024\/03\/malham-yorkshire.jpg"}],"twitter_card":"summary","twitter_misc":{"Est. reading time":"1 minute"},"schema":{"@context":"https:\/\/schema.org","@graph":[{"@type":"WebSite","@id":"https:\/\/www.urlaubcornwall.de\/blog\/#website","url":"https:\/\/www.urlaubcornwall.de\/blog\/","name":"Urlaub &amp; Reisen","description":"Urlaub, Reisen, Cornwall und S\u00fcdengland: eine perfekte Kombination","potentialAction":[{"@type":"SearchAction","target":{"@type":"EntryPoint","urlTemplate":"https:\/\/www.urlaubcornwall.de\/blog\/?s={search_term_string}"},"query-input":"required name=search_term_string"}],"inLanguage":"en-US"},{"@type":"WebPage","@id":"https:\/\/www.urlaubcornwall.de\/blog\/malham-urlaub-in-yorkshire-und-nord-england\/","url":"https:\/\/www.urlaubcornwall.de\/blog\/malham-urlaub-in-yorkshire-und-nord-england\/","name":"Malham - Urlaub in Yorkshire Dales Nationalpark & Nord England - Urlaub &amp; Reisen","isPartOf":{"@id":"https:\/\/www.urlaubcornwall.de\/blog\/#website"},"datePublished":"2021-09-27T14:02:40+00:00","dateModified":"2024-04-03T09:23:21+00:00","breadcrumb":{"@id":"https:\/\/www.urlaubcornwall.de\/blog\/malham-urlaub-in-yorkshire-und-nord-england\/#breadcrumb"},"inLanguage":"en-US","potentialAction":[{"@type":"ReadAction","target":["https:\/\/www.urlaubcornwall.de\/blog\/malham-urlaub-in-yorkshire-und-nord-england\/"]}]},{"@type":"BreadcrumbList","@id":"https:\/\/www.urlaubcornwall.de\/blog\/malham-urlaub-in-yorkshire-und-nord-england\/#breadcrumb","itemListElement":[{"@type":"ListItem","position":1,"name":"Home","item":"https:\/\/www.urlaubcornwall.de\/blog\/"},{"@type":"ListItem","position":2,"name":"Malham &#8211; Urlaub in Yorkshire Dales Nationalpark &#038; Nord England"}]}]}},"_links":{"self":[{"href":"https:\/\/www.urlaubcornwall.de\/blog\/wp-json\/wp\/v2\/pages\/43098"}],"collection":[{"href":"https:\/\/www.urlaubcornwall.de\/blog\/wp-json\/wp\/v2\/pages"}],"about":[{"href":"https:\/\/www.urlaubcornwall.de\/blog\/wp-json\/wp\/v2\/types\/page"}],"author":[{"embeddable":true,"href":"https:\/\/www.urlaubcornwall.de\/blog\/wp-json\/wp\/v2\/users\/1"}],"replies":[{"embeddable":true,"href":"https:\/\/www.urlaubcornwall.de\/blog\/wp-json\/wp\/v2\/comments?post=43098"}],"version-history":[{"count":3,"href":"https:\/\/www.urlaubcornwall.de\/blog\/wp-json\/wp\/v2\/pages\/43098\/revisions"}],"predecessor-version":[{"id":48693,"href":"https:\/\/www.urlaubcornwall.de\/blog\/wp-json\/wp\/v2\/pages\/43098\/revisions\/48693"}],"wp:attachment":[{"href":"https:\/\/www.urlaubcornwall.de\/blog\/wp-json\/wp\/v2\/media?parent=43098"}],"curies":[{"name":"wp","href":"https:\/\/api.w.org\/{rel}","templated":true}]}}