{"id":43092,"date":"2021-09-27T09:57:18","date_gmt":"2021-09-27T09:57:18","guid":{"rendered":"https:\/\/www.urlaubcornwall.de\/blog\/?page_id=43092"},"modified":"2024-04-15T14:37:22","modified_gmt":"2024-04-15T14:37:22","slug":"ferienhaus-in-durness-mieten-nord-schottland","status":"publish","type":"page","link":"https:\/\/www.urlaubcornwall.de\/blog\/ferienhaus-in-durness-mieten-nord-schottland\/","title":{"rendered":"Ferienhaus in Durness mieten &#8211; Nord Schottland"},"content":{"rendered":"<p><img loading=\"lazy\" class=\"aligncenter size-full wp-image-43093\" src=\"https:\/\/www.urlaubcornwall.de\/blog\/wp-content\/uploads\/2021\/09\/81453-1.jpeg\" alt=\"Ferienhuas Durness\" width=\"750\" height=\"563\" srcset=\"https:\/\/www.urlaubcornwall.de\/blog\/wp-content\/uploads\/2021\/09\/81453-1.jpeg 750w, https:\/\/www.urlaubcornwall.de\/blog\/wp-content\/uploads\/2021\/09\/81453-1-300x225.jpeg 300w\" sizes=\"(max-width: 750px) 100vw, 750px\" \/><\/p>\n<p>4 Schlafzimmer 4 Badezimmer Feriencottage mit Meerblick, Hundefreundlich. Durness in <a href=\"https:\/\/www.urlaubcornwall.de\/ferienhaeuser-fewos\/sco\/nordschottland\/nordschottland.html\">Nordschottland<\/a><\/p>\n<p>Diese Unterkunft liegt weniger als 1 km von lokalen Annehmlichkeiten entfernt und in der N\u00e4he von Smoo Caves, Balnakeil Bay und Cape Wrath ist diese Unterkunft ideal f\u00fcr G\u00e4ste, die gerne zu Fu\u00df erkunden. Ein Gebiet, das von Bergwanderern, Wanderern und Abenteuerlustigen geliebt wird, in Durness gibt es f\u00fcr alle Altersgruppen etwas zu bieten. <\/p>\n<p style=\"text-align: center;\"><a class=\"tidycta\" href=\"https:\/\/www.urlaubcornwall.de\/ferienhaus-suchen.php?cnt=sco&#038;action=search&#038;rgn=0&#038;minA=0&#038;minB=0&#038;pet=0&#038;bed=0&#038;nday=0&#038;fromDate=Alle&#038;nlm=30&#038;nlc=Durness\">Suche Ferienh\u00e4user Durness<\/a><\/p>\n<div class=\"snippet\"> <a class=\"featured-item\" href=\" https:\/\/www.urlaubcornwall.de\/ferienhaeuser\/schottland.php\"> <span class=\"image-holder\" style=\"background-image: url(' https:\/\/www.urlaubcornwall.de\/blog\/wp-content\/uploads\/2019\/01\/urlaub-schottland-highlands-1.jpg ');\"><\/span> <span class=\"featured-content\"> \n<h2 class=\"featured-title\">Bei uns finden Sie Ferienh\u00e4user in Schottland zum Verlieben!<\/h2>\n<p class=\"featured-body\">Untenstehend finden Sie eine Auswahl an Ferienh\u00e4usern in Schottland. Hier finden Sie pers\u00f6nlich inspizierte Cottages entlang der schottischen K\u00fcste, in den schottischen Highlands und auf den Inseln&#8230;..<\/p>\n<\/span> <span class=\"featured-link-holder\"> <span class=\"featured-extra-info\"> \n<p>F\u00fcr Paare, Familien &#038; Gruppen<\/p>\n<\/span> \n<p class=\"featured-link\">DETAILS<\/p>\n<\/span> <\/a><\/div>\n","protected":false},"excerpt":{"rendered":"<p>4 Schlafzimmer 4 Badezimmer Feriencottage mit Meerblick, Hundefreundlich. Durness in Nordschottland Diese Unterkunft liegt weniger als 1 km von lokalen Annehmlichkeiten entfernt und in der N\u00e4he von Smoo Caves, Balnakeil Bay und Cape Wrath ist diese Unterkunft ideal f\u00fcr G\u00e4ste, die gerne zu Fu\u00df erkunden. Ein Gebiet, das von Bergwanderern, Wanderern und Abenteuerlustigen geliebt wird, [&hellip;]<\/p>\n","protected":false},"author":1,"featured_media":0,"parent":0,"menu_order":0,"comment_status":"closed","ping_status":"closed","template":"single-four.php","meta":[],"acf":[],"yoast_head":"<!-- This site is optimized with the Yoast SEO plugin v19.4 - https:\/\/yoast.com\/wordpress\/plugins\/seo\/ -->\n<title>Ferienhaus in Durness mieten - Nord Schottland - Urlaub &amp; Reisen<\/title>\n<meta name=\"description\" content=\"Diese Unterkunft liegt weniger als 1 km von lokalen Annehmlichkeiten entfernt und in der N\u00e4he von Smoo Caves, Balnakeil Bay und Cape Wrath ist diese Unterkunft ideal f\u00fcr G\u00e4ste, die gerne zu Fu\u00df erkunden. Ein Gebiet, das von Bergwanderern, Wanderern und Abenteuerlustigen geliebt wird, in Durness gibt es f\u00fcr alle Altersgruppen etwas zu bieten.\" \/>\n<meta name=\"robots\" content=\"index, follow, max-snippet:-1, max-image-preview:large, max-video-preview:-1\" \/>\n<link rel=\"canonical\" href=\"https:\/\/www.urlaubcornwall.de\/blog\/ferienhaus-in-durness-mieten-nord-schottland\/\" \/>\n<meta property=\"og:locale\" content=\"en_US\" \/>\n<meta property=\"og:type\" content=\"article\" \/>\n<meta property=\"og:title\" content=\"Ferienhaus in Durness mieten - Nord Schottland - Urlaub &amp; Reisen\" \/>\n<meta property=\"og:description\" content=\"Diese Unterkunft liegt weniger als 1 km von lokalen Annehmlichkeiten entfernt und in der N\u00e4he von Smoo Caves, Balnakeil Bay und Cape Wrath ist diese Unterkunft ideal f\u00fcr G\u00e4ste, die gerne zu Fu\u00df erkunden. Ein Gebiet, das von Bergwanderern, Wanderern und Abenteuerlustigen geliebt wird, in Durness gibt es f\u00fcr alle Altersgruppen etwas zu bieten.\" \/>\n<meta property=\"og:url\" content=\"https:\/\/www.urlaubcornwall.de\/blog\/ferienhaus-in-durness-mieten-nord-schottland\/\" \/>\n<meta property=\"og:site_name\" content=\"Urlaub &amp; Reisen\" \/>\n<meta property=\"article:modified_time\" content=\"2024-04-15T14:37:22+00:00\" \/>\n<meta property=\"og:image\" content=\"https:\/\/www.urlaubcornwall.de\/blog\/wp-content\/uploads\/2021\/09\/81453-1.jpeg\" \/>\n<meta name=\"twitter:card\" content=\"summary\" \/>\n<meta name=\"twitter:label1\" content=\"Est. reading time\" \/>\n\t<meta name=\"twitter:data1\" content=\"1 minute\" \/>\n<script type=\"application\/ld+json\" class=\"yoast-schema-graph\">{\"@context\":\"https:\/\/schema.org\",\"@graph\":[{\"@type\":\"WebSite\",\"@id\":\"https:\/\/www.urlaubcornwall.de\/blog\/#website\",\"url\":\"https:\/\/www.urlaubcornwall.de\/blog\/\",\"name\":\"Urlaub &amp; Reisen\",\"description\":\"Urlaub, Reisen, Cornwall und S\u00fcdengland: eine perfekte Kombination\",\"potentialAction\":[{\"@type\":\"SearchAction\",\"target\":{\"@type\":\"EntryPoint\",\"urlTemplate\":\"https:\/\/www.urlaubcornwall.de\/blog\/?s={search_term_string}\"},\"query-input\":\"required name=search_term_string\"}],\"inLanguage\":\"en-US\"},{\"@type\":\"WebPage\",\"@id\":\"https:\/\/www.urlaubcornwall.de\/blog\/ferienhaus-in-durness-mieten-nord-schottland\/\",\"url\":\"https:\/\/www.urlaubcornwall.de\/blog\/ferienhaus-in-durness-mieten-nord-schottland\/\",\"name\":\"Ferienhaus in Durness mieten - Nord Schottland - Urlaub &amp; Reisen\",\"isPartOf\":{\"@id\":\"https:\/\/www.urlaubcornwall.de\/blog\/#website\"},\"datePublished\":\"2021-09-27T09:57:18+00:00\",\"dateModified\":\"2024-04-15T14:37:22+00:00\",\"description\":\"Diese Unterkunft liegt weniger als 1 km von lokalen Annehmlichkeiten entfernt und in der N\u00e4he von Smoo Caves, Balnakeil Bay und Cape Wrath ist diese Unterkunft ideal f\u00fcr G\u00e4ste, die gerne zu Fu\u00df erkunden. Ein Gebiet, das von Bergwanderern, Wanderern und Abenteuerlustigen geliebt wird, in Durness gibt es f\u00fcr alle Altersgruppen etwas zu bieten.\",\"breadcrumb\":{\"@id\":\"https:\/\/www.urlaubcornwall.de\/blog\/ferienhaus-in-durness-mieten-nord-schottland\/#breadcrumb\"},\"inLanguage\":\"en-US\",\"potentialAction\":[{\"@type\":\"ReadAction\",\"target\":[\"https:\/\/www.urlaubcornwall.de\/blog\/ferienhaus-in-durness-mieten-nord-schottland\/\"]}]},{\"@type\":\"BreadcrumbList\",\"@id\":\"https:\/\/www.urlaubcornwall.de\/blog\/ferienhaus-in-durness-mieten-nord-schottland\/#breadcrumb\",\"itemListElement\":[{\"@type\":\"ListItem\",\"position\":1,\"name\":\"Home\",\"item\":\"https:\/\/www.urlaubcornwall.de\/blog\/\"},{\"@type\":\"ListItem\",\"position\":2,\"name\":\"Ferienhaus in Durness mieten &#8211; Nord Schottland\"}]}]}<\/script>\n<!-- \/ Yoast SEO plugin. -->","yoast_head_json":{"title":"Ferienhaus in Durness mieten - Nord Schottland - Urlaub &amp; Reisen","description":"Diese Unterkunft liegt weniger als 1 km von lokalen Annehmlichkeiten entfernt und in der N\u00e4he von Smoo Caves, Balnakeil Bay und Cape Wrath ist diese Unterkunft ideal f\u00fcr G\u00e4ste, die gerne zu Fu\u00df erkunden. Ein Gebiet, das von Bergwanderern, Wanderern und Abenteuerlustigen geliebt wird, in Durness gibt es f\u00fcr alle Altersgruppen etwas zu bieten.","robots":{"index":"index","follow":"follow","max-snippet":"max-snippet:-1","max-image-preview":"max-image-preview:large","max-video-preview":"max-video-preview:-1"},"canonical":"https:\/\/www.urlaubcornwall.de\/blog\/ferienhaus-in-durness-mieten-nord-schottland\/","og_locale":"en_US","og_type":"article","og_title":"Ferienhaus in Durness mieten - Nord Schottland - Urlaub &amp; Reisen","og_description":"Diese Unterkunft liegt weniger als 1 km von lokalen Annehmlichkeiten entfernt und in der N\u00e4he von Smoo Caves, Balnakeil Bay und Cape Wrath ist diese Unterkunft ideal f\u00fcr G\u00e4ste, die gerne zu Fu\u00df erkunden. Ein Gebiet, das von Bergwanderern, Wanderern und Abenteuerlustigen geliebt wird, in Durness gibt es f\u00fcr alle Altersgruppen etwas zu bieten.","og_url":"https:\/\/www.urlaubcornwall.de\/blog\/ferienhaus-in-durness-mieten-nord-schottland\/","og_site_name":"Urlaub &amp; Reisen","article_modified_time":"2024-04-15T14:37:22+00:00","og_image":[{"url":"https:\/\/www.urlaubcornwall.de\/blog\/wp-content\/uploads\/2021\/09\/81453-1.jpeg"}],"twitter_card":"summary","twitter_misc":{"Est. reading time":"1 minute"},"schema":{"@context":"https:\/\/schema.org","@graph":[{"@type":"WebSite","@id":"https:\/\/www.urlaubcornwall.de\/blog\/#website","url":"https:\/\/www.urlaubcornwall.de\/blog\/","name":"Urlaub &amp; Reisen","description":"Urlaub, Reisen, Cornwall und S\u00fcdengland: eine perfekte Kombination","potentialAction":[{"@type":"SearchAction","target":{"@type":"EntryPoint","urlTemplate":"https:\/\/www.urlaubcornwall.de\/blog\/?s={search_term_string}"},"query-input":"required name=search_term_string"}],"inLanguage":"en-US"},{"@type":"WebPage","@id":"https:\/\/www.urlaubcornwall.de\/blog\/ferienhaus-in-durness-mieten-nord-schottland\/","url":"https:\/\/www.urlaubcornwall.de\/blog\/ferienhaus-in-durness-mieten-nord-schottland\/","name":"Ferienhaus in Durness mieten - Nord Schottland - Urlaub &amp; Reisen","isPartOf":{"@id":"https:\/\/www.urlaubcornwall.de\/blog\/#website"},"datePublished":"2021-09-27T09:57:18+00:00","dateModified":"2024-04-15T14:37:22+00:00","description":"Diese Unterkunft liegt weniger als 1 km von lokalen Annehmlichkeiten entfernt und in der N\u00e4he von Smoo Caves, Balnakeil Bay und Cape Wrath ist diese Unterkunft ideal f\u00fcr G\u00e4ste, die gerne zu Fu\u00df erkunden. Ein Gebiet, das von Bergwanderern, Wanderern und Abenteuerlustigen geliebt wird, in Durness gibt es f\u00fcr alle Altersgruppen etwas zu bieten.","breadcrumb":{"@id":"https:\/\/www.urlaubcornwall.de\/blog\/ferienhaus-in-durness-mieten-nord-schottland\/#breadcrumb"},"inLanguage":"en-US","potentialAction":[{"@type":"ReadAction","target":["https:\/\/www.urlaubcornwall.de\/blog\/ferienhaus-in-durness-mieten-nord-schottland\/"]}]},{"@type":"BreadcrumbList","@id":"https:\/\/www.urlaubcornwall.de\/blog\/ferienhaus-in-durness-mieten-nord-schottland\/#breadcrumb","itemListElement":[{"@type":"ListItem","position":1,"name":"Home","item":"https:\/\/www.urlaubcornwall.de\/blog\/"},{"@type":"ListItem","position":2,"name":"Ferienhaus in Durness mieten &#8211; Nord Schottland"}]}]}},"_links":{"self":[{"href":"https:\/\/www.urlaubcornwall.de\/blog\/wp-json\/wp\/v2\/pages\/43092"}],"collection":[{"href":"https:\/\/www.urlaubcornwall.de\/blog\/wp-json\/wp\/v2\/pages"}],"about":[{"href":"https:\/\/www.urlaubcornwall.de\/blog\/wp-json\/wp\/v2\/types\/page"}],"author":[{"embeddable":true,"href":"https:\/\/www.urlaubcornwall.de\/blog\/wp-json\/wp\/v2\/users\/1"}],"replies":[{"embeddable":true,"href":"https:\/\/www.urlaubcornwall.de\/blog\/wp-json\/wp\/v2\/comments?post=43092"}],"version-history":[{"count":2,"href":"https:\/\/www.urlaubcornwall.de\/blog\/wp-json\/wp\/v2\/pages\/43092\/revisions"}],"predecessor-version":[{"id":49581,"href":"https:\/\/www.urlaubcornwall.de\/blog\/wp-json\/wp\/v2\/pages\/43092\/revisions\/49581"}],"wp:attachment":[{"href":"https:\/\/www.urlaubcornwall.de\/blog\/wp-json\/wp\/v2\/media?parent=43092"}],"curies":[{"name":"wp","href":"https:\/\/api.w.org\/{rel}","templated":true}]}}