{"id":43087,"date":"2021-09-27T09:42:16","date_gmt":"2021-09-27T09:42:16","guid":{"rendered":"https:\/\/www.urlaubcornwall.de\/blog\/?page_id=43087"},"modified":"2024-04-15T15:52:18","modified_gmt":"2024-04-15T15:52:18","slug":"ferienhaus-in-whitstable-mieten-kent-am-meer","status":"publish","type":"page","link":"https:\/\/www.urlaubcornwall.de\/blog\/ferienhaus-in-whitstable-mieten-kent-am-meer\/","title":{"rendered":"Ferienhaus in Whitstable mieten &#8211; Kent am Meer"},"content":{"rendered":"<p><img loading=\"lazy\" class=\"aligncenter size-full wp-image-34007\" src=\"https:\/\/www.urlaubcornwall.de\/blog\/wp-content\/uploads\/2018\/07\/whitstable_kent.jpg\" alt=\"ferienhaus in Kent Whitsable\" width=\"749\" height=\"497\"\/><\/p>\n<p>2 Schlafzimmer 3 Badezimmer Feriencottage. Hundefreundlich. Whitstable, Kent.<\/p>\n<p>Dieses Anwesen befindet sich in einer der beliebtesten <a href=\"https:\/\/www.urlaubcornwall.de\/ferienhaeuser-fewos\/eng\/kent\/kent.html\">K\u00fcstenst\u00e4dte von Kent<\/a>: Whitstable. Die Stadt ist ein fantastischer Ort, um einen ruhigen Urlaub am Meer zu genie\u00dfen, insbesondere f\u00fcr diejenigen, die gerne ausw\u00e4rts essen und die lokale K\u00fcche probieren. Genie\u00dfen Sie Strand- und K\u00fcstenwanderungen sowie eine Vielzahl von Wassersportarten wie Windsurfen, Kitesurfen und Segeln.<\/p>\n<p style=\"text-align: center;\"><a class=\"tidycta\" href=\"https:\/\/www.urlaubcornwall.de\/ferienhaeuser-fewos\/eng\/kent\/whitstable.html\">Suche Ferienh\u00e4user Whitstable<\/a><\/p>\n<div class=\"snippet\"> <a class=\"featured-item\" href=\"https:\/\/www.urlaubcornwall.de\/ferienhaeuser\/suedengland.php\"> <span class=\"image-holder\" style=\"background-image: url('https:\/\/www.urlaubcornwall.de\/blog\/wp-content\/uploads\/2018\/12\/ferienhaus-cornwall-mit-hund.jpg');\"><\/span> <span class=\"featured-content\"> \n<h2 class=\"featured-title\">Ferienh\u00e4user in Kent &#038; England zum Verlieben!<\/h2>\n<p class=\"featured-body\">Dank seiner langen Geschichte, der reizvollen Landschaften und seinen vielen Attraktionen ist S\u00fcdengland ein wahres Mekka f\u00fcr Urlauber. F\u00fcr Familien und Paare ist die Reise durch Kent, den Garten Englands, die Sussex Downs, die uralten Grafschaften von Hampshire und Dorset&#8230;.<\/p><\/span> <span class=\"featured-link-holder\"> <span class=\"featured-extra-info\"> \n<p>F\u00fcr Paare, Familien &#038; Gruppen<\/p>\n<\/span> \n<p class=\"featured-link\">DETAILS<\/p>\n<\/span> <\/a><\/div>\n","protected":false},"excerpt":{"rendered":"<p>2 Schlafzimmer 3 Badezimmer Feriencottage. Hundefreundlich. Whitstable, Kent. Dieses Anwesen befindet sich in einer der beliebtesten K\u00fcstenst\u00e4dte von Kent: Whitstable. Die Stadt ist ein fantastischer Ort, um einen ruhigen Urlaub am Meer zu genie\u00dfen, insbesondere f\u00fcr diejenigen, die gerne ausw\u00e4rts essen und die lokale K\u00fcche probieren. Genie\u00dfen Sie Strand- und K\u00fcstenwanderungen sowie eine Vielzahl von [&hellip;]<\/p>\n","protected":false},"author":1,"featured_media":0,"parent":0,"menu_order":0,"comment_status":"closed","ping_status":"closed","template":"single-four.php","meta":[],"acf":[],"yoast_head":"<!-- This site is optimized with the Yoast SEO plugin v19.4 - https:\/\/yoast.com\/wordpress\/plugins\/seo\/ -->\n<title>Ferienhaus in Whitstable mieten - Kent am Meer - Urlaub &amp; Reisen<\/title>\n<meta name=\"robots\" content=\"index, follow, max-snippet:-1, max-image-preview:large, max-video-preview:-1\" \/>\n<link rel=\"canonical\" href=\"https:\/\/www.urlaubcornwall.de\/blog\/ferienhaus-in-whitstable-mieten-kent-am-meer\/\" \/>\n<meta property=\"og:locale\" content=\"en_US\" \/>\n<meta property=\"og:type\" content=\"article\" \/>\n<meta property=\"og:title\" content=\"Ferienhaus in Whitstable mieten - Kent am Meer - Urlaub &amp; Reisen\" \/>\n<meta property=\"og:description\" content=\"2 Schlafzimmer 3 Badezimmer Feriencottage. Hundefreundlich. Whitstable, Kent. Dieses Anwesen befindet sich in einer der beliebtesten K\u00fcstenst\u00e4dte von Kent: Whitstable. Die Stadt ist ein fantastischer Ort, um einen ruhigen Urlaub am Meer zu genie\u00dfen, insbesondere f\u00fcr diejenigen, die gerne ausw\u00e4rts essen und die lokale K\u00fcche probieren. Genie\u00dfen Sie Strand- und K\u00fcstenwanderungen sowie eine Vielzahl von [&hellip;]\" \/>\n<meta property=\"og:url\" content=\"https:\/\/www.urlaubcornwall.de\/blog\/ferienhaus-in-whitstable-mieten-kent-am-meer\/\" \/>\n<meta property=\"og:site_name\" content=\"Urlaub &amp; Reisen\" \/>\n<meta property=\"article:modified_time\" content=\"2024-04-15T15:52:18+00:00\" \/>\n<meta property=\"og:image\" content=\"https:\/\/www.urlaubcornwall.de\/blog\/wp-content\/uploads\/2018\/07\/whitstable_kent.jpg\" \/>\n<meta name=\"twitter:card\" content=\"summary\" \/>\n<meta name=\"twitter:label1\" content=\"Est. reading time\" \/>\n\t<meta name=\"twitter:data1\" content=\"1 minute\" \/>\n<script type=\"application\/ld+json\" class=\"yoast-schema-graph\">{\"@context\":\"https:\/\/schema.org\",\"@graph\":[{\"@type\":\"WebSite\",\"@id\":\"https:\/\/www.urlaubcornwall.de\/blog\/#website\",\"url\":\"https:\/\/www.urlaubcornwall.de\/blog\/\",\"name\":\"Urlaub &amp; Reisen\",\"description\":\"Urlaub, Reisen, Cornwall und S\u00fcdengland: eine perfekte Kombination\",\"potentialAction\":[{\"@type\":\"SearchAction\",\"target\":{\"@type\":\"EntryPoint\",\"urlTemplate\":\"https:\/\/www.urlaubcornwall.de\/blog\/?s={search_term_string}\"},\"query-input\":\"required name=search_term_string\"}],\"inLanguage\":\"en-US\"},{\"@type\":\"WebPage\",\"@id\":\"https:\/\/www.urlaubcornwall.de\/blog\/ferienhaus-in-whitstable-mieten-kent-am-meer\/\",\"url\":\"https:\/\/www.urlaubcornwall.de\/blog\/ferienhaus-in-whitstable-mieten-kent-am-meer\/\",\"name\":\"Ferienhaus in Whitstable mieten - Kent am Meer - Urlaub &amp; Reisen\",\"isPartOf\":{\"@id\":\"https:\/\/www.urlaubcornwall.de\/blog\/#website\"},\"datePublished\":\"2021-09-27T09:42:16+00:00\",\"dateModified\":\"2024-04-15T15:52:18+00:00\",\"breadcrumb\":{\"@id\":\"https:\/\/www.urlaubcornwall.de\/blog\/ferienhaus-in-whitstable-mieten-kent-am-meer\/#breadcrumb\"},\"inLanguage\":\"en-US\",\"potentialAction\":[{\"@type\":\"ReadAction\",\"target\":[\"https:\/\/www.urlaubcornwall.de\/blog\/ferienhaus-in-whitstable-mieten-kent-am-meer\/\"]}]},{\"@type\":\"BreadcrumbList\",\"@id\":\"https:\/\/www.urlaubcornwall.de\/blog\/ferienhaus-in-whitstable-mieten-kent-am-meer\/#breadcrumb\",\"itemListElement\":[{\"@type\":\"ListItem\",\"position\":1,\"name\":\"Home\",\"item\":\"https:\/\/www.urlaubcornwall.de\/blog\/\"},{\"@type\":\"ListItem\",\"position\":2,\"name\":\"Ferienhaus in Whitstable mieten &#8211; Kent am Meer\"}]}]}<\/script>\n<!-- \/ Yoast SEO plugin. -->","yoast_head_json":{"title":"Ferienhaus in Whitstable mieten - Kent am Meer - Urlaub &amp; Reisen","robots":{"index":"index","follow":"follow","max-snippet":"max-snippet:-1","max-image-preview":"max-image-preview:large","max-video-preview":"max-video-preview:-1"},"canonical":"https:\/\/www.urlaubcornwall.de\/blog\/ferienhaus-in-whitstable-mieten-kent-am-meer\/","og_locale":"en_US","og_type":"article","og_title":"Ferienhaus in Whitstable mieten - Kent am Meer - Urlaub &amp; Reisen","og_description":"2 Schlafzimmer 3 Badezimmer Feriencottage. Hundefreundlich. Whitstable, Kent. Dieses Anwesen befindet sich in einer der beliebtesten K\u00fcstenst\u00e4dte von Kent: Whitstable. Die Stadt ist ein fantastischer Ort, um einen ruhigen Urlaub am Meer zu genie\u00dfen, insbesondere f\u00fcr diejenigen, die gerne ausw\u00e4rts essen und die lokale K\u00fcche probieren. Genie\u00dfen Sie Strand- und K\u00fcstenwanderungen sowie eine Vielzahl von [&hellip;]","og_url":"https:\/\/www.urlaubcornwall.de\/blog\/ferienhaus-in-whitstable-mieten-kent-am-meer\/","og_site_name":"Urlaub &amp; Reisen","article_modified_time":"2024-04-15T15:52:18+00:00","og_image":[{"url":"https:\/\/www.urlaubcornwall.de\/blog\/wp-content\/uploads\/2018\/07\/whitstable_kent.jpg"}],"twitter_card":"summary","twitter_misc":{"Est. reading time":"1 minute"},"schema":{"@context":"https:\/\/schema.org","@graph":[{"@type":"WebSite","@id":"https:\/\/www.urlaubcornwall.de\/blog\/#website","url":"https:\/\/www.urlaubcornwall.de\/blog\/","name":"Urlaub &amp; Reisen","description":"Urlaub, Reisen, Cornwall und S\u00fcdengland: eine perfekte Kombination","potentialAction":[{"@type":"SearchAction","target":{"@type":"EntryPoint","urlTemplate":"https:\/\/www.urlaubcornwall.de\/blog\/?s={search_term_string}"},"query-input":"required name=search_term_string"}],"inLanguage":"en-US"},{"@type":"WebPage","@id":"https:\/\/www.urlaubcornwall.de\/blog\/ferienhaus-in-whitstable-mieten-kent-am-meer\/","url":"https:\/\/www.urlaubcornwall.de\/blog\/ferienhaus-in-whitstable-mieten-kent-am-meer\/","name":"Ferienhaus in Whitstable mieten - Kent am Meer - Urlaub &amp; Reisen","isPartOf":{"@id":"https:\/\/www.urlaubcornwall.de\/blog\/#website"},"datePublished":"2021-09-27T09:42:16+00:00","dateModified":"2024-04-15T15:52:18+00:00","breadcrumb":{"@id":"https:\/\/www.urlaubcornwall.de\/blog\/ferienhaus-in-whitstable-mieten-kent-am-meer\/#breadcrumb"},"inLanguage":"en-US","potentialAction":[{"@type":"ReadAction","target":["https:\/\/www.urlaubcornwall.de\/blog\/ferienhaus-in-whitstable-mieten-kent-am-meer\/"]}]},{"@type":"BreadcrumbList","@id":"https:\/\/www.urlaubcornwall.de\/blog\/ferienhaus-in-whitstable-mieten-kent-am-meer\/#breadcrumb","itemListElement":[{"@type":"ListItem","position":1,"name":"Home","item":"https:\/\/www.urlaubcornwall.de\/blog\/"},{"@type":"ListItem","position":2,"name":"Ferienhaus in Whitstable mieten &#8211; Kent am Meer"}]}]}},"_links":{"self":[{"href":"https:\/\/www.urlaubcornwall.de\/blog\/wp-json\/wp\/v2\/pages\/43087"}],"collection":[{"href":"https:\/\/www.urlaubcornwall.de\/blog\/wp-json\/wp\/v2\/pages"}],"about":[{"href":"https:\/\/www.urlaubcornwall.de\/blog\/wp-json\/wp\/v2\/types\/page"}],"author":[{"embeddable":true,"href":"https:\/\/www.urlaubcornwall.de\/blog\/wp-json\/wp\/v2\/users\/1"}],"replies":[{"embeddable":true,"href":"https:\/\/www.urlaubcornwall.de\/blog\/wp-json\/wp\/v2\/comments?post=43087"}],"version-history":[{"count":3,"href":"https:\/\/www.urlaubcornwall.de\/blog\/wp-json\/wp\/v2\/pages\/43087\/revisions"}],"predecessor-version":[{"id":49759,"href":"https:\/\/www.urlaubcornwall.de\/blog\/wp-json\/wp\/v2\/pages\/43087\/revisions\/49759"}],"wp:attachment":[{"href":"https:\/\/www.urlaubcornwall.de\/blog\/wp-json\/wp\/v2\/media?parent=43087"}],"curies":[{"name":"wp","href":"https:\/\/api.w.org\/{rel}","templated":true}]}}