{"id":43080,"date":"2021-09-27T08:16:08","date_gmt":"2021-09-27T08:16:08","guid":{"rendered":"https:\/\/www.urlaubcornwall.de\/blog\/?page_id=43080"},"modified":"2024-04-15T15:52:05","modified_gmt":"2024-04-15T15:52:05","slug":"ferienhaus-in-margate-meiten-kent-am-meer","status":"publish","type":"page","link":"https:\/\/www.urlaubcornwall.de\/blog\/ferienhaus-in-margate-meiten-kent-am-meer\/","title":{"rendered":"Ferienhaus in Margate mieten &#8211; Kent am Meer"},"content":{"rendered":"<p><img loading=\"lazy\" class=\"aligncenter size-full wp-image-43081\" src=\"https:\/\/www.urlaubcornwall.de\/blog\/wp-content\/uploads\/2021\/09\/ferienhaus-margate.jpg\" alt=\"ferienhaus margate\" width=\"750\" height=\"563\" srcset=\"https:\/\/www.urlaubcornwall.de\/blog\/wp-content\/uploads\/2021\/09\/ferienhaus-margate.jpg 750w, https:\/\/www.urlaubcornwall.de\/blog\/wp-content\/uploads\/2021\/09\/ferienhaus-margate-300x225.jpg 300w\" sizes=\"(max-width: 750px) 100vw, 750px\" \/><\/p>\n<p>2 Schlafzimmer, 2 Badezimmer Feriencottage mit Meerblick &#8211; 2.9 Kilometern NE von Margate in <a href=\"https:\/\/www.urlaubcornwall.de\/ferienhaeuser-fewos\/eng\/kent\/kent.html\">Kent<\/a><\/p>\n<p>Direkt gegen\u00fcber der St. Mildred&#8217;s Bay in Westgate grenzt dieses gem\u00fctliche Nebengeb\u00e4ude an das Eigentum des Eigent\u00fcmers, ist jedoch v\u00f6llig privat.. Es bietet stilvolle Unterk\u00fcnfte, die nur wenige Gehminuten von der beliebten Altstadt von Margate und dem charmanten Dorf Westgate-on-Sea entfernt sind. <\/p>\n<p style=\"text-align: center;\"><a class=\"tidycta\" href=\"https:\/\/www.urlaubcornwall.de\/ferienhaeuser-fewos\/eng\/kent\/margate.html\">Suche Ferienh\u00e4user Margate<\/a><\/p>\n<div class=\"snippet\"> <a class=\"featured-item\" href=\"https:\/\/www.urlaubcornwall.de\/ferienhaeuser\/suedengland.php\"> <span class=\"image-holder\" style=\"background-image: url('https:\/\/www.urlaubcornwall.de\/blog\/wp-content\/uploads\/2018\/12\/ferienhaus-cornwall-mit-hund.jpg');\"><\/span> <span class=\"featured-content\"> \n<h2 class=\"featured-title\">Ferienh\u00e4user in Kent &#038; England zum Verlieben!<\/h2>\n<p class=\"featured-body\">Dank seiner langen Geschichte, der reizvollen Landschaften und seinen vielen Attraktionen ist S\u00fcdengland ein wahres Mekka f\u00fcr Urlauber. F\u00fcr Familien und Paare ist die Reise durch Kent, den Garten Englands, die Sussex Downs, die uralten Grafschaften von Hampshire und Dorset&#8230;.<\/p><\/span> <span class=\"featured-link-holder\"> <span class=\"featured-extra-info\"> \n<p>F\u00fcr Paare, Familien &#038; Gruppen<\/p>\n<\/span> \n<p class=\"featured-link\">DETAILS<\/p>\n<\/span> <\/a><\/div>\n","protected":false},"excerpt":{"rendered":"<p>2 Schlafzimmer, 2 Badezimmer Feriencottage mit Meerblick &#8211; 2.9 Kilometern NE von Margate in Kent Direkt gegen\u00fcber der St. Mildred&#8217;s Bay in Westgate grenzt dieses gem\u00fctliche Nebengeb\u00e4ude an das Eigentum des Eigent\u00fcmers, ist jedoch v\u00f6llig privat.. Es bietet stilvolle Unterk\u00fcnfte, die nur wenige Gehminuten von der beliebten Altstadt von Margate und dem charmanten Dorf Westgate-on-Sea [&hellip;]<\/p>\n","protected":false},"author":1,"featured_media":0,"parent":0,"menu_order":0,"comment_status":"closed","ping_status":"closed","template":"single-four.php","meta":[],"acf":[],"yoast_head":"<!-- This site is optimized with the Yoast SEO plugin v19.4 - https:\/\/yoast.com\/wordpress\/plugins\/seo\/ -->\n<title>Ferienhaus in Margate mieten - Kent am Meer - Urlaub &amp; Reisen<\/title>\n<meta name=\"description\" content=\"Direkt gegen\u00fcber der St. Mildred&#039;s Bay in Westgate grenzt dieses gem\u00fctliche Nebengeb\u00e4ude an das Eigentum des Eigent\u00fcmers, ist jedoch v\u00f6llig privat.. Es bietet stilvolle Unterk\u00fcnfte, die nur wenige Gehminuten von der beliebten Altstadt von Margate und dem charmanten Dorf Westgate-on-Sea entfernt sind.\" \/>\n<meta name=\"robots\" content=\"index, follow, max-snippet:-1, max-image-preview:large, max-video-preview:-1\" \/>\n<link rel=\"canonical\" href=\"https:\/\/www.urlaubcornwall.de\/blog\/ferienhaus-in-margate-meiten-kent-am-meer\/\" \/>\n<meta property=\"og:locale\" content=\"en_US\" \/>\n<meta property=\"og:type\" content=\"article\" \/>\n<meta property=\"og:title\" content=\"Ferienhaus in Margate mieten - Kent am Meer - Urlaub &amp; Reisen\" \/>\n<meta property=\"og:description\" content=\"Direkt gegen\u00fcber der St. Mildred&#039;s Bay in Westgate grenzt dieses gem\u00fctliche Nebengeb\u00e4ude an das Eigentum des Eigent\u00fcmers, ist jedoch v\u00f6llig privat.. Es bietet stilvolle Unterk\u00fcnfte, die nur wenige Gehminuten von der beliebten Altstadt von Margate und dem charmanten Dorf Westgate-on-Sea entfernt sind.\" \/>\n<meta property=\"og:url\" content=\"https:\/\/www.urlaubcornwall.de\/blog\/ferienhaus-in-margate-meiten-kent-am-meer\/\" \/>\n<meta property=\"og:site_name\" content=\"Urlaub &amp; Reisen\" \/>\n<meta property=\"article:modified_time\" content=\"2024-04-15T15:52:05+00:00\" \/>\n<meta property=\"og:image\" content=\"https:\/\/www.urlaubcornwall.de\/blog\/wp-content\/uploads\/2021\/09\/ferienhaus-margate.jpg\" \/>\n<meta name=\"twitter:card\" content=\"summary\" \/>\n<meta name=\"twitter:label1\" content=\"Est. reading time\" \/>\n\t<meta name=\"twitter:data1\" content=\"1 minute\" \/>\n<script type=\"application\/ld+json\" class=\"yoast-schema-graph\">{\"@context\":\"https:\/\/schema.org\",\"@graph\":[{\"@type\":\"WebSite\",\"@id\":\"https:\/\/www.urlaubcornwall.de\/blog\/#website\",\"url\":\"https:\/\/www.urlaubcornwall.de\/blog\/\",\"name\":\"Urlaub &amp; Reisen\",\"description\":\"Urlaub, Reisen, Cornwall und S\u00fcdengland: eine perfekte Kombination\",\"potentialAction\":[{\"@type\":\"SearchAction\",\"target\":{\"@type\":\"EntryPoint\",\"urlTemplate\":\"https:\/\/www.urlaubcornwall.de\/blog\/?s={search_term_string}\"},\"query-input\":\"required name=search_term_string\"}],\"inLanguage\":\"en-US\"},{\"@type\":\"WebPage\",\"@id\":\"https:\/\/www.urlaubcornwall.de\/blog\/ferienhaus-in-margate-meiten-kent-am-meer\/\",\"url\":\"https:\/\/www.urlaubcornwall.de\/blog\/ferienhaus-in-margate-meiten-kent-am-meer\/\",\"name\":\"Ferienhaus in Margate mieten - Kent am Meer - Urlaub &amp; Reisen\",\"isPartOf\":{\"@id\":\"https:\/\/www.urlaubcornwall.de\/blog\/#website\"},\"datePublished\":\"2021-09-27T08:16:08+00:00\",\"dateModified\":\"2024-04-15T15:52:05+00:00\",\"description\":\"Direkt gegen\u00fcber der St. Mildred's Bay in Westgate grenzt dieses gem\u00fctliche Nebengeb\u00e4ude an das Eigentum des Eigent\u00fcmers, ist jedoch v\u00f6llig privat.. Es bietet stilvolle Unterk\u00fcnfte, die nur wenige Gehminuten von der beliebten Altstadt von Margate und dem charmanten Dorf Westgate-on-Sea entfernt sind.\",\"breadcrumb\":{\"@id\":\"https:\/\/www.urlaubcornwall.de\/blog\/ferienhaus-in-margate-meiten-kent-am-meer\/#breadcrumb\"},\"inLanguage\":\"en-US\",\"potentialAction\":[{\"@type\":\"ReadAction\",\"target\":[\"https:\/\/www.urlaubcornwall.de\/blog\/ferienhaus-in-margate-meiten-kent-am-meer\/\"]}]},{\"@type\":\"BreadcrumbList\",\"@id\":\"https:\/\/www.urlaubcornwall.de\/blog\/ferienhaus-in-margate-meiten-kent-am-meer\/#breadcrumb\",\"itemListElement\":[{\"@type\":\"ListItem\",\"position\":1,\"name\":\"Home\",\"item\":\"https:\/\/www.urlaubcornwall.de\/blog\/\"},{\"@type\":\"ListItem\",\"position\":2,\"name\":\"Ferienhaus in Margate mieten &#8211; Kent am Meer\"}]}]}<\/script>\n<!-- \/ Yoast SEO plugin. -->","yoast_head_json":{"title":"Ferienhaus in Margate mieten - Kent am Meer - Urlaub &amp; Reisen","description":"Direkt gegen\u00fcber der St. Mildred's Bay in Westgate grenzt dieses gem\u00fctliche Nebengeb\u00e4ude an das Eigentum des Eigent\u00fcmers, ist jedoch v\u00f6llig privat.. Es bietet stilvolle Unterk\u00fcnfte, die nur wenige Gehminuten von der beliebten Altstadt von Margate und dem charmanten Dorf Westgate-on-Sea entfernt sind.","robots":{"index":"index","follow":"follow","max-snippet":"max-snippet:-1","max-image-preview":"max-image-preview:large","max-video-preview":"max-video-preview:-1"},"canonical":"https:\/\/www.urlaubcornwall.de\/blog\/ferienhaus-in-margate-meiten-kent-am-meer\/","og_locale":"en_US","og_type":"article","og_title":"Ferienhaus in Margate mieten - Kent am Meer - Urlaub &amp; Reisen","og_description":"Direkt gegen\u00fcber der St. Mildred's Bay in Westgate grenzt dieses gem\u00fctliche Nebengeb\u00e4ude an das Eigentum des Eigent\u00fcmers, ist jedoch v\u00f6llig privat.. Es bietet stilvolle Unterk\u00fcnfte, die nur wenige Gehminuten von der beliebten Altstadt von Margate und dem charmanten Dorf Westgate-on-Sea entfernt sind.","og_url":"https:\/\/www.urlaubcornwall.de\/blog\/ferienhaus-in-margate-meiten-kent-am-meer\/","og_site_name":"Urlaub &amp; Reisen","article_modified_time":"2024-04-15T15:52:05+00:00","og_image":[{"url":"https:\/\/www.urlaubcornwall.de\/blog\/wp-content\/uploads\/2021\/09\/ferienhaus-margate.jpg"}],"twitter_card":"summary","twitter_misc":{"Est. reading time":"1 minute"},"schema":{"@context":"https:\/\/schema.org","@graph":[{"@type":"WebSite","@id":"https:\/\/www.urlaubcornwall.de\/blog\/#website","url":"https:\/\/www.urlaubcornwall.de\/blog\/","name":"Urlaub &amp; Reisen","description":"Urlaub, Reisen, Cornwall und S\u00fcdengland: eine perfekte Kombination","potentialAction":[{"@type":"SearchAction","target":{"@type":"EntryPoint","urlTemplate":"https:\/\/www.urlaubcornwall.de\/blog\/?s={search_term_string}"},"query-input":"required name=search_term_string"}],"inLanguage":"en-US"},{"@type":"WebPage","@id":"https:\/\/www.urlaubcornwall.de\/blog\/ferienhaus-in-margate-meiten-kent-am-meer\/","url":"https:\/\/www.urlaubcornwall.de\/blog\/ferienhaus-in-margate-meiten-kent-am-meer\/","name":"Ferienhaus in Margate mieten - Kent am Meer - Urlaub &amp; Reisen","isPartOf":{"@id":"https:\/\/www.urlaubcornwall.de\/blog\/#website"},"datePublished":"2021-09-27T08:16:08+00:00","dateModified":"2024-04-15T15:52:05+00:00","description":"Direkt gegen\u00fcber der St. Mildred's Bay in Westgate grenzt dieses gem\u00fctliche Nebengeb\u00e4ude an das Eigentum des Eigent\u00fcmers, ist jedoch v\u00f6llig privat.. Es bietet stilvolle Unterk\u00fcnfte, die nur wenige Gehminuten von der beliebten Altstadt von Margate und dem charmanten Dorf Westgate-on-Sea entfernt sind.","breadcrumb":{"@id":"https:\/\/www.urlaubcornwall.de\/blog\/ferienhaus-in-margate-meiten-kent-am-meer\/#breadcrumb"},"inLanguage":"en-US","potentialAction":[{"@type":"ReadAction","target":["https:\/\/www.urlaubcornwall.de\/blog\/ferienhaus-in-margate-meiten-kent-am-meer\/"]}]},{"@type":"BreadcrumbList","@id":"https:\/\/www.urlaubcornwall.de\/blog\/ferienhaus-in-margate-meiten-kent-am-meer\/#breadcrumb","itemListElement":[{"@type":"ListItem","position":1,"name":"Home","item":"https:\/\/www.urlaubcornwall.de\/blog\/"},{"@type":"ListItem","position":2,"name":"Ferienhaus in Margate mieten &#8211; Kent am Meer"}]}]}},"_links":{"self":[{"href":"https:\/\/www.urlaubcornwall.de\/blog\/wp-json\/wp\/v2\/pages\/43080"}],"collection":[{"href":"https:\/\/www.urlaubcornwall.de\/blog\/wp-json\/wp\/v2\/pages"}],"about":[{"href":"https:\/\/www.urlaubcornwall.de\/blog\/wp-json\/wp\/v2\/types\/page"}],"author":[{"embeddable":true,"href":"https:\/\/www.urlaubcornwall.de\/blog\/wp-json\/wp\/v2\/users\/1"}],"replies":[{"embeddable":true,"href":"https:\/\/www.urlaubcornwall.de\/blog\/wp-json\/wp\/v2\/comments?post=43080"}],"version-history":[{"count":3,"href":"https:\/\/www.urlaubcornwall.de\/blog\/wp-json\/wp\/v2\/pages\/43080\/revisions"}],"predecessor-version":[{"id":49758,"href":"https:\/\/www.urlaubcornwall.de\/blog\/wp-json\/wp\/v2\/pages\/43080\/revisions\/49758"}],"wp:attachment":[{"href":"https:\/\/www.urlaubcornwall.de\/blog\/wp-json\/wp\/v2\/media?parent=43080"}],"curies":[{"name":"wp","href":"https:\/\/api.w.org\/{rel}","templated":true}]}}