{"id":43078,"date":"2021-09-25T10:07:22","date_gmt":"2021-09-25T10:07:22","guid":{"rendered":"https:\/\/www.urlaubcornwall.de\/blog\/?page_id=43078"},"modified":"2024-04-03T09:49:36","modified_gmt":"2024-04-03T09:49:36","slug":"paerchenurlaub-in-england","status":"publish","type":"page","link":"https:\/\/www.urlaubcornwall.de\/blog\/paerchenurlaub-in-england\/","title":{"rendered":"P\u00e4rchenurlaub in England"},"content":{"rendered":"<p><img loading=\"lazy\" class=\"aligncenter size-full wp-image-48006\" src=\"https:\/\/www.urlaubcornwall.de\/blog\/wp-content\/uploads\/2024\/03\/white-cliffs-cuckmere-haven-sussex.jpg\" alt=\"white cliffs cuckmere haven sussex\" width=\"750\" height=\"563\" srcset=\"https:\/\/www.urlaubcornwall.de\/blog\/wp-content\/uploads\/2024\/03\/white-cliffs-cuckmere-haven-sussex.jpg 750w, https:\/\/www.urlaubcornwall.de\/blog\/wp-content\/uploads\/2024\/03\/white-cliffs-cuckmere-haven-sussex-300x225.jpg 300w\" sizes=\"(max-width: 750px) 100vw, 750px\" \/><\/p>\n<p>Obwohl <a href=\"https:\/\/www.urlaubcornwall.de\/reiseziel\/england.php\">England<\/a> nur klein ist, ist es unm\u00f6glich, es in wenigen Worten zu beschreiben. Es ist ein Mosaik verschiedener Kulturen, St\u00e4dten und Landschaften, die es zu einem gro\u00dfartigen Ausflugs- und Erkundungsziel werden lassen. Es verf\u00fcgt \u00fcber eine Geschichte und ein Erbe, auf das es stolz sein kann, herrliche regionale Unterschiede von K\u00fcsten bis hin zu H\u00fcgellandschaft, Festivals und Nahrungsmittel. Es ist in der Tat eine Urlaubsregion, die jedem etwas zu bieten hat.<\/p>\n<p>Bei uns finden Sie Ferienh\u00e4user &#038; Ferienwohnungen f\u00fcr Paare zum Verlieben \u2013 so einfach ist das! Suchen Sie nach einer sowohl stilvollen als auch anspruchsvollen Unterkunft mit pers\u00f6nlichem Touch, dann bleiben Sie doch in einem unserer handverlesenen besten romantischen Ferienh\u00e4user Englands.<\/p>\n<p style=\"text-align: center;\"><a class=\"tidycta\" href=\"https:\/\/www.urlaubcornwall.de\/ferienhaeuser.php\">Ferienh\u00e4user f\u00fcr Paare<\/a><\/p>\n<h1 style=\"text-align: center;\"><strong>Coronavirus K\u00fcndigungsgarantie<\/strong><\/h1>\n","protected":false},"excerpt":{"rendered":"<p>Obwohl England nur klein ist, ist es unm\u00f6glich, es in wenigen Worten zu beschreiben. Es ist ein Mosaik verschiedener Kulturen, St\u00e4dten und Landschaften, die es zu einem gro\u00dfartigen Ausflugs- und Erkundungsziel werden lassen. Es verf\u00fcgt \u00fcber eine Geschichte und ein Erbe, auf das es stolz sein kann, herrliche regionale Unterschiede von K\u00fcsten bis hin zu [&hellip;]<\/p>\n","protected":false},"author":1,"featured_media":0,"parent":0,"menu_order":0,"comment_status":"closed","ping_status":"closed","template":"single-four.php","meta":[],"acf":[],"yoast_head":"<!-- This site is optimized with the Yoast SEO plugin v19.4 - https:\/\/yoast.com\/wordpress\/plugins\/seo\/ -->\n<title>P\u00e4rchenurlaub in England - Urlaub &amp; Reisen<\/title>\n<meta name=\"description\" content=\"Obwohl England nur klein ist, ist es unm\u00f6glich, es in wenigen Worten zu beschreiben. Es ist ein Mosaik verschiedener Kulturen, St\u00e4dten und Landschaften, die es zu einem gro\u00dfartigen Ausflugs- und Erkundungsziel werden lassen. Es verf\u00fcgt \u00fcber eine Geschichte und ein Erbe, auf das es stolz sein kann, herrliche regionale Unterschiede von K\u00fcsten bis hin zu H\u00fcgellandschaft, Festivals und Nahrungsmittel. Es ist in der Tat eine Urlaubsregion, die jedem etwas zu bieten hat.\" \/>\n<meta name=\"robots\" content=\"index, follow, max-snippet:-1, max-image-preview:large, max-video-preview:-1\" \/>\n<link rel=\"canonical\" href=\"https:\/\/www.urlaubcornwall.de\/blog\/paerchenurlaub-in-england\/\" \/>\n<meta property=\"og:locale\" content=\"en_US\" \/>\n<meta property=\"og:type\" content=\"article\" \/>\n<meta property=\"og:title\" content=\"P\u00e4rchenurlaub in England - Urlaub &amp; Reisen\" \/>\n<meta property=\"og:description\" content=\"Obwohl England nur klein ist, ist es unm\u00f6glich, es in wenigen Worten zu beschreiben. Es ist ein Mosaik verschiedener Kulturen, St\u00e4dten und Landschaften, die es zu einem gro\u00dfartigen Ausflugs- und Erkundungsziel werden lassen. Es verf\u00fcgt \u00fcber eine Geschichte und ein Erbe, auf das es stolz sein kann, herrliche regionale Unterschiede von K\u00fcsten bis hin zu H\u00fcgellandschaft, Festivals und Nahrungsmittel. Es ist in der Tat eine Urlaubsregion, die jedem etwas zu bieten hat.\" \/>\n<meta property=\"og:url\" content=\"https:\/\/www.urlaubcornwall.de\/blog\/paerchenurlaub-in-england\/\" \/>\n<meta property=\"og:site_name\" content=\"Urlaub &amp; Reisen\" \/>\n<meta property=\"article:modified_time\" content=\"2024-04-03T09:49:36+00:00\" \/>\n<meta property=\"og:image\" content=\"https:\/\/www.urlaubcornwall.de\/blog\/wp-content\/uploads\/2024\/03\/white-cliffs-cuckmere-haven-sussex.jpg\" \/>\n<meta name=\"twitter:card\" content=\"summary\" \/>\n<meta name=\"twitter:label1\" content=\"Est. reading time\" \/>\n\t<meta name=\"twitter:data1\" content=\"1 minute\" \/>\n<script type=\"application\/ld+json\" class=\"yoast-schema-graph\">{\"@context\":\"https:\/\/schema.org\",\"@graph\":[{\"@type\":\"WebSite\",\"@id\":\"https:\/\/www.urlaubcornwall.de\/blog\/#website\",\"url\":\"https:\/\/www.urlaubcornwall.de\/blog\/\",\"name\":\"Urlaub &amp; Reisen\",\"description\":\"Urlaub, Reisen, Cornwall und S\u00fcdengland: eine perfekte Kombination\",\"potentialAction\":[{\"@type\":\"SearchAction\",\"target\":{\"@type\":\"EntryPoint\",\"urlTemplate\":\"https:\/\/www.urlaubcornwall.de\/blog\/?s={search_term_string}\"},\"query-input\":\"required name=search_term_string\"}],\"inLanguage\":\"en-US\"},{\"@type\":\"WebPage\",\"@id\":\"https:\/\/www.urlaubcornwall.de\/blog\/paerchenurlaub-in-england\/\",\"url\":\"https:\/\/www.urlaubcornwall.de\/blog\/paerchenurlaub-in-england\/\",\"name\":\"P\u00e4rchenurlaub in England - Urlaub &amp; Reisen\",\"isPartOf\":{\"@id\":\"https:\/\/www.urlaubcornwall.de\/blog\/#website\"},\"datePublished\":\"2021-09-25T10:07:22+00:00\",\"dateModified\":\"2024-04-03T09:49:36+00:00\",\"description\":\"Obwohl England nur klein ist, ist es unm\u00f6glich, es in wenigen Worten zu beschreiben. Es ist ein Mosaik verschiedener Kulturen, St\u00e4dten und Landschaften, die es zu einem gro\u00dfartigen Ausflugs- und Erkundungsziel werden lassen. Es verf\u00fcgt \u00fcber eine Geschichte und ein Erbe, auf das es stolz sein kann, herrliche regionale Unterschiede von K\u00fcsten bis hin zu H\u00fcgellandschaft, Festivals und Nahrungsmittel. Es ist in der Tat eine Urlaubsregion, die jedem etwas zu bieten hat.\",\"breadcrumb\":{\"@id\":\"https:\/\/www.urlaubcornwall.de\/blog\/paerchenurlaub-in-england\/#breadcrumb\"},\"inLanguage\":\"en-US\",\"potentialAction\":[{\"@type\":\"ReadAction\",\"target\":[\"https:\/\/www.urlaubcornwall.de\/blog\/paerchenurlaub-in-england\/\"]}]},{\"@type\":\"BreadcrumbList\",\"@id\":\"https:\/\/www.urlaubcornwall.de\/blog\/paerchenurlaub-in-england\/#breadcrumb\",\"itemListElement\":[{\"@type\":\"ListItem\",\"position\":1,\"name\":\"Home\",\"item\":\"https:\/\/www.urlaubcornwall.de\/blog\/\"},{\"@type\":\"ListItem\",\"position\":2,\"name\":\"P\u00e4rchenurlaub in England\"}]}]}<\/script>\n<!-- \/ Yoast SEO plugin. -->","yoast_head_json":{"title":"P\u00e4rchenurlaub in England - Urlaub &amp; Reisen","description":"Obwohl England nur klein ist, ist es unm\u00f6glich, es in wenigen Worten zu beschreiben. Es ist ein Mosaik verschiedener Kulturen, St\u00e4dten und Landschaften, die es zu einem gro\u00dfartigen Ausflugs- und Erkundungsziel werden lassen. Es verf\u00fcgt \u00fcber eine Geschichte und ein Erbe, auf das es stolz sein kann, herrliche regionale Unterschiede von K\u00fcsten bis hin zu H\u00fcgellandschaft, Festivals und Nahrungsmittel. Es ist in der Tat eine Urlaubsregion, die jedem etwas zu bieten hat.","robots":{"index":"index","follow":"follow","max-snippet":"max-snippet:-1","max-image-preview":"max-image-preview:large","max-video-preview":"max-video-preview:-1"},"canonical":"https:\/\/www.urlaubcornwall.de\/blog\/paerchenurlaub-in-england\/","og_locale":"en_US","og_type":"article","og_title":"P\u00e4rchenurlaub in England - Urlaub &amp; Reisen","og_description":"Obwohl England nur klein ist, ist es unm\u00f6glich, es in wenigen Worten zu beschreiben. Es ist ein Mosaik verschiedener Kulturen, St\u00e4dten und Landschaften, die es zu einem gro\u00dfartigen Ausflugs- und Erkundungsziel werden lassen. Es verf\u00fcgt \u00fcber eine Geschichte und ein Erbe, auf das es stolz sein kann, herrliche regionale Unterschiede von K\u00fcsten bis hin zu H\u00fcgellandschaft, Festivals und Nahrungsmittel. Es ist in der Tat eine Urlaubsregion, die jedem etwas zu bieten hat.","og_url":"https:\/\/www.urlaubcornwall.de\/blog\/paerchenurlaub-in-england\/","og_site_name":"Urlaub &amp; Reisen","article_modified_time":"2024-04-03T09:49:36+00:00","og_image":[{"url":"https:\/\/www.urlaubcornwall.de\/blog\/wp-content\/uploads\/2024\/03\/white-cliffs-cuckmere-haven-sussex.jpg"}],"twitter_card":"summary","twitter_misc":{"Est. reading time":"1 minute"},"schema":{"@context":"https:\/\/schema.org","@graph":[{"@type":"WebSite","@id":"https:\/\/www.urlaubcornwall.de\/blog\/#website","url":"https:\/\/www.urlaubcornwall.de\/blog\/","name":"Urlaub &amp; Reisen","description":"Urlaub, Reisen, Cornwall und S\u00fcdengland: eine perfekte Kombination","potentialAction":[{"@type":"SearchAction","target":{"@type":"EntryPoint","urlTemplate":"https:\/\/www.urlaubcornwall.de\/blog\/?s={search_term_string}"},"query-input":"required name=search_term_string"}],"inLanguage":"en-US"},{"@type":"WebPage","@id":"https:\/\/www.urlaubcornwall.de\/blog\/paerchenurlaub-in-england\/","url":"https:\/\/www.urlaubcornwall.de\/blog\/paerchenurlaub-in-england\/","name":"P\u00e4rchenurlaub in England - Urlaub &amp; Reisen","isPartOf":{"@id":"https:\/\/www.urlaubcornwall.de\/blog\/#website"},"datePublished":"2021-09-25T10:07:22+00:00","dateModified":"2024-04-03T09:49:36+00:00","description":"Obwohl England nur klein ist, ist es unm\u00f6glich, es in wenigen Worten zu beschreiben. Es ist ein Mosaik verschiedener Kulturen, St\u00e4dten und Landschaften, die es zu einem gro\u00dfartigen Ausflugs- und Erkundungsziel werden lassen. Es verf\u00fcgt \u00fcber eine Geschichte und ein Erbe, auf das es stolz sein kann, herrliche regionale Unterschiede von K\u00fcsten bis hin zu H\u00fcgellandschaft, Festivals und Nahrungsmittel. Es ist in der Tat eine Urlaubsregion, die jedem etwas zu bieten hat.","breadcrumb":{"@id":"https:\/\/www.urlaubcornwall.de\/blog\/paerchenurlaub-in-england\/#breadcrumb"},"inLanguage":"en-US","potentialAction":[{"@type":"ReadAction","target":["https:\/\/www.urlaubcornwall.de\/blog\/paerchenurlaub-in-england\/"]}]},{"@type":"BreadcrumbList","@id":"https:\/\/www.urlaubcornwall.de\/blog\/paerchenurlaub-in-england\/#breadcrumb","itemListElement":[{"@type":"ListItem","position":1,"name":"Home","item":"https:\/\/www.urlaubcornwall.de\/blog\/"},{"@type":"ListItem","position":2,"name":"P\u00e4rchenurlaub in England"}]}]}},"_links":{"self":[{"href":"https:\/\/www.urlaubcornwall.de\/blog\/wp-json\/wp\/v2\/pages\/43078"}],"collection":[{"href":"https:\/\/www.urlaubcornwall.de\/blog\/wp-json\/wp\/v2\/pages"}],"about":[{"href":"https:\/\/www.urlaubcornwall.de\/blog\/wp-json\/wp\/v2\/types\/page"}],"author":[{"embeddable":true,"href":"https:\/\/www.urlaubcornwall.de\/blog\/wp-json\/wp\/v2\/users\/1"}],"replies":[{"embeddable":true,"href":"https:\/\/www.urlaubcornwall.de\/blog\/wp-json\/wp\/v2\/comments?post=43078"}],"version-history":[{"count":2,"href":"https:\/\/www.urlaubcornwall.de\/blog\/wp-json\/wp\/v2\/pages\/43078\/revisions"}],"predecessor-version":[{"id":48729,"href":"https:\/\/www.urlaubcornwall.de\/blog\/wp-json\/wp\/v2\/pages\/43078\/revisions\/48729"}],"wp:attachment":[{"href":"https:\/\/www.urlaubcornwall.de\/blog\/wp-json\/wp\/v2\/media?parent=43078"}],"curies":[{"name":"wp","href":"https:\/\/api.w.org\/{rel}","templated":true}]}}