{"id":43048,"date":"2021-09-23T07:53:44","date_gmt":"2021-09-23T07:53:44","guid":{"rendered":"https:\/\/www.urlaubcornwall.de\/blog\/?page_id=43048"},"modified":"2026-01-07T09:59:18","modified_gmt":"2026-01-07T09:59:18","slug":"urlaub-brighton-fuer-paare","status":"publish","type":"page","link":"https:\/\/www.urlaubcornwall.de\/blog\/urlaub-brighton-fuer-paare\/","title":{"rendered":"Urlaub Brighton f\u00fcr Paare"},"content":{"rendered":"<p><img loading=\"lazy\" class=\"aligncenter size-full wp-image-33960\" src=\"https:\/\/www.urlaubcornwall.de\/blog\/wp-content\/uploads\/2018\/07\/urlaub-brighton-am-meer.jpg\" alt=\"urlaub brighton am meer f\u00fcr Paare\" width=\"749\" height=\"390\"\/><\/p>\n<p><a href=\"https:\/\/www.urlaubcornwall.de\/blog\/urlaub-in-brighton-sussex-sehenswuerdigkeiten-unterkunft-und-geschichte\/\">Englands coolste K\u00fcstenstadt<\/a> ist eine eklektische Mischung pr\u00e4chtiger Regentschaftspl\u00e4tze, engen G\u00e4sschen mit kleinen Boutiquen, traditionellen \u201efish and chips\u201c Gesch\u00e4ften und einer lebendigen Klubszene. Das Gebiet des Stadtzentrums ist gepr\u00e4gt vom indisch inspirierten K\u00f6niglichen Pavillon, der f\u00fcr George V erbaut wurde, sowie einem Pier mit traditionellen Karussellen, das Wahrzeichen ist.<\/p>\n<p>Machen Sie einen Spaziergang am Strand zum British Airways i360 Turm mit seinem <a href=\"https:\/\/www.urlaubcornwall.de\/blog\/der-beste-ausblick-in-suedengland-urlaubsinspiration\/\">Panoramablick \u00fcber die K\u00fcste von Sussex<\/a> und dar\u00fcber hinaus und verbringen Sie Zeit damit, die Str\u00e4\u00dfchen zu erkunden, ein betriebsames Netz an Stra\u00dfen mit Brightons besten Gesch\u00e4ften, Caf\u00e9s und Bars.<\/p>\n<p>Bei uns finden Sie Ferienh\u00e4user &#038; Ferienwohnungen f\u00fcr Paare zum Verlieben \u2013 so einfach ist das! Suchen Sie nach einer sowohl stilvollen als auch anspruchsvollen Unterkunft mit pers\u00f6nlichem Touch, dann bleiben Sie doch in einem unserer handverlesenen besten romantischen Ferienh\u00e4user Brightons.<\/p>\n<p style=\"text-align: center;\"><a class=\"tidycta\" href=\"https:\/\/www.urlaubcornwall.de\/ferienhaeuser-fewos\/eng\/sussex\/brighton.html\">Suche Ferienh\u00e4user Brighton<\/a><\/p>\n","protected":false},"excerpt":{"rendered":"<p>Englands coolste K\u00fcstenstadt ist eine eklektische Mischung pr\u00e4chtiger Regentschaftspl\u00e4tze, engen G\u00e4sschen mit kleinen Boutiquen, traditionellen \u201efish and chips\u201c Gesch\u00e4ften und einer lebendigen Klubszene. Das Gebiet des Stadtzentrums ist gepr\u00e4gt vom indisch inspirierten K\u00f6niglichen Pavillon, der f\u00fcr George V erbaut wurde, sowie einem Pier mit traditionellen Karussellen, das Wahrzeichen ist. Machen Sie einen Spaziergang am Strand [&hellip;]<\/p>\n","protected":false},"author":1,"featured_media":0,"parent":0,"menu_order":0,"comment_status":"closed","ping_status":"closed","template":"single-four.php","meta":[],"acf":[],"yoast_head":"<!-- This site is optimized with the Yoast SEO plugin v19.4 - https:\/\/yoast.com\/wordpress\/plugins\/seo\/ -->\n<title>Urlaub Brighton f\u00fcr Paare - Urlaub &amp; Reisen<\/title>\n<meta name=\"description\" content=\"Englands coolste K\u00fcstenstadt ist eine eklektische Mischung pr\u00e4chtiger Regentschaftspl\u00e4tze, engen G\u00e4sschen mit kleinen Boutiquen\" \/>\n<meta name=\"robots\" content=\"index, follow, max-snippet:-1, max-image-preview:large, max-video-preview:-1\" \/>\n<link rel=\"canonical\" href=\"https:\/\/www.urlaubcornwall.de\/blog\/urlaub-brighton-fuer-paare\/\" \/>\n<meta property=\"og:locale\" content=\"en_US\" \/>\n<meta property=\"og:type\" content=\"article\" \/>\n<meta property=\"og:title\" content=\"Urlaub Brighton f\u00fcr Paare - Urlaub &amp; Reisen\" \/>\n<meta property=\"og:description\" content=\"Englands coolste K\u00fcstenstadt ist eine eklektische Mischung pr\u00e4chtiger Regentschaftspl\u00e4tze, engen G\u00e4sschen mit kleinen Boutiquen\" \/>\n<meta property=\"og:url\" content=\"https:\/\/www.urlaubcornwall.de\/blog\/urlaub-brighton-fuer-paare\/\" \/>\n<meta property=\"og:site_name\" content=\"Urlaub &amp; Reisen\" \/>\n<meta property=\"article:modified_time\" content=\"2026-01-07T09:59:18+00:00\" \/>\n<meta property=\"og:image\" content=\"https:\/\/www.urlaubcornwall.de\/blog\/wp-content\/uploads\/2018\/07\/urlaub-brighton-am-meer.jpg\" \/>\n<meta name=\"twitter:card\" content=\"summary\" \/>\n<meta name=\"twitter:label1\" content=\"Est. reading time\" \/>\n\t<meta name=\"twitter:data1\" content=\"1 minute\" \/>\n<script type=\"application\/ld+json\" class=\"yoast-schema-graph\">{\"@context\":\"https:\/\/schema.org\",\"@graph\":[{\"@type\":\"WebSite\",\"@id\":\"https:\/\/www.urlaubcornwall.de\/blog\/#website\",\"url\":\"https:\/\/www.urlaubcornwall.de\/blog\/\",\"name\":\"Urlaub &amp; Reisen\",\"description\":\"Urlaub, Reisen, Cornwall und S\u00fcdengland: eine perfekte Kombination\",\"potentialAction\":[{\"@type\":\"SearchAction\",\"target\":{\"@type\":\"EntryPoint\",\"urlTemplate\":\"https:\/\/www.urlaubcornwall.de\/blog\/?s={search_term_string}\"},\"query-input\":\"required name=search_term_string\"}],\"inLanguage\":\"en-US\"},{\"@type\":\"WebPage\",\"@id\":\"https:\/\/www.urlaubcornwall.de\/blog\/urlaub-brighton-fuer-paare\/\",\"url\":\"https:\/\/www.urlaubcornwall.de\/blog\/urlaub-brighton-fuer-paare\/\",\"name\":\"Urlaub Brighton f\u00fcr Paare - Urlaub &amp; Reisen\",\"isPartOf\":{\"@id\":\"https:\/\/www.urlaubcornwall.de\/blog\/#website\"},\"datePublished\":\"2021-09-23T07:53:44+00:00\",\"dateModified\":\"2026-01-07T09:59:18+00:00\",\"description\":\"Englands coolste K\u00fcstenstadt ist eine eklektische Mischung pr\u00e4chtiger Regentschaftspl\u00e4tze, engen G\u00e4sschen mit kleinen Boutiquen\",\"breadcrumb\":{\"@id\":\"https:\/\/www.urlaubcornwall.de\/blog\/urlaub-brighton-fuer-paare\/#breadcrumb\"},\"inLanguage\":\"en-US\",\"potentialAction\":[{\"@type\":\"ReadAction\",\"target\":[\"https:\/\/www.urlaubcornwall.de\/blog\/urlaub-brighton-fuer-paare\/\"]}]},{\"@type\":\"BreadcrumbList\",\"@id\":\"https:\/\/www.urlaubcornwall.de\/blog\/urlaub-brighton-fuer-paare\/#breadcrumb\",\"itemListElement\":[{\"@type\":\"ListItem\",\"position\":1,\"name\":\"Home\",\"item\":\"https:\/\/www.urlaubcornwall.de\/blog\/\"},{\"@type\":\"ListItem\",\"position\":2,\"name\":\"Urlaub Brighton f\u00fcr Paare\"}]}]}<\/script>\n<!-- \/ Yoast SEO plugin. -->","yoast_head_json":{"title":"Urlaub Brighton f\u00fcr Paare - Urlaub &amp; Reisen","description":"Englands coolste K\u00fcstenstadt ist eine eklektische Mischung pr\u00e4chtiger Regentschaftspl\u00e4tze, engen G\u00e4sschen mit kleinen Boutiquen","robots":{"index":"index","follow":"follow","max-snippet":"max-snippet:-1","max-image-preview":"max-image-preview:large","max-video-preview":"max-video-preview:-1"},"canonical":"https:\/\/www.urlaubcornwall.de\/blog\/urlaub-brighton-fuer-paare\/","og_locale":"en_US","og_type":"article","og_title":"Urlaub Brighton f\u00fcr Paare - Urlaub &amp; Reisen","og_description":"Englands coolste K\u00fcstenstadt ist eine eklektische Mischung pr\u00e4chtiger Regentschaftspl\u00e4tze, engen G\u00e4sschen mit kleinen Boutiquen","og_url":"https:\/\/www.urlaubcornwall.de\/blog\/urlaub-brighton-fuer-paare\/","og_site_name":"Urlaub &amp; Reisen","article_modified_time":"2026-01-07T09:59:18+00:00","og_image":[{"url":"https:\/\/www.urlaubcornwall.de\/blog\/wp-content\/uploads\/2018\/07\/urlaub-brighton-am-meer.jpg"}],"twitter_card":"summary","twitter_misc":{"Est. reading time":"1 minute"},"schema":{"@context":"https:\/\/schema.org","@graph":[{"@type":"WebSite","@id":"https:\/\/www.urlaubcornwall.de\/blog\/#website","url":"https:\/\/www.urlaubcornwall.de\/blog\/","name":"Urlaub &amp; Reisen","description":"Urlaub, Reisen, Cornwall und S\u00fcdengland: eine perfekte Kombination","potentialAction":[{"@type":"SearchAction","target":{"@type":"EntryPoint","urlTemplate":"https:\/\/www.urlaubcornwall.de\/blog\/?s={search_term_string}"},"query-input":"required name=search_term_string"}],"inLanguage":"en-US"},{"@type":"WebPage","@id":"https:\/\/www.urlaubcornwall.de\/blog\/urlaub-brighton-fuer-paare\/","url":"https:\/\/www.urlaubcornwall.de\/blog\/urlaub-brighton-fuer-paare\/","name":"Urlaub Brighton f\u00fcr Paare - Urlaub &amp; Reisen","isPartOf":{"@id":"https:\/\/www.urlaubcornwall.de\/blog\/#website"},"datePublished":"2021-09-23T07:53:44+00:00","dateModified":"2026-01-07T09:59:18+00:00","description":"Englands coolste K\u00fcstenstadt ist eine eklektische Mischung pr\u00e4chtiger Regentschaftspl\u00e4tze, engen G\u00e4sschen mit kleinen Boutiquen","breadcrumb":{"@id":"https:\/\/www.urlaubcornwall.de\/blog\/urlaub-brighton-fuer-paare\/#breadcrumb"},"inLanguage":"en-US","potentialAction":[{"@type":"ReadAction","target":["https:\/\/www.urlaubcornwall.de\/blog\/urlaub-brighton-fuer-paare\/"]}]},{"@type":"BreadcrumbList","@id":"https:\/\/www.urlaubcornwall.de\/blog\/urlaub-brighton-fuer-paare\/#breadcrumb","itemListElement":[{"@type":"ListItem","position":1,"name":"Home","item":"https:\/\/www.urlaubcornwall.de\/blog\/"},{"@type":"ListItem","position":2,"name":"Urlaub Brighton f\u00fcr Paare"}]}]}},"_links":{"self":[{"href":"https:\/\/www.urlaubcornwall.de\/blog\/wp-json\/wp\/v2\/pages\/43048"}],"collection":[{"href":"https:\/\/www.urlaubcornwall.de\/blog\/wp-json\/wp\/v2\/pages"}],"about":[{"href":"https:\/\/www.urlaubcornwall.de\/blog\/wp-json\/wp\/v2\/types\/page"}],"author":[{"embeddable":true,"href":"https:\/\/www.urlaubcornwall.de\/blog\/wp-json\/wp\/v2\/users\/1"}],"replies":[{"embeddable":true,"href":"https:\/\/www.urlaubcornwall.de\/blog\/wp-json\/wp\/v2\/comments?post=43048"}],"version-history":[{"count":6,"href":"https:\/\/www.urlaubcornwall.de\/blog\/wp-json\/wp\/v2\/pages\/43048\/revisions"}],"predecessor-version":[{"id":51999,"href":"https:\/\/www.urlaubcornwall.de\/blog\/wp-json\/wp\/v2\/pages\/43048\/revisions\/51999"}],"wp:attachment":[{"href":"https:\/\/www.urlaubcornwall.de\/blog\/wp-json\/wp\/v2\/media?parent=43048"}],"curies":[{"name":"wp","href":"https:\/\/api.w.org\/{rel}","templated":true}]}}