{"id":43004,"date":"2021-09-20T13:01:06","date_gmt":"2021-09-20T13:01:06","guid":{"rendered":"https:\/\/www.urlaubcornwall.de\/blog\/?page_id=43004"},"modified":"2024-05-31T08:28:59","modified_gmt":"2024-05-31T08:28:59","slug":"ferienhaus-in-porthcurno-mit-meerblick","status":"publish","type":"page","link":"https:\/\/www.urlaubcornwall.de\/blog\/ferienhaus-in-porthcurno-mit-meerblick\/","title":{"rendered":"Ferienhaus in Porthcurno mit Meerblick"},"content":{"rendered":"<p><a href=\"https:\/\/www.urlaubcornwall.de\/blog\/wp-content\/uploads\/2024\/03\/portcurno-strand.jpg\"><img loading=\"lazy\" src=\"https:\/\/www.urlaubcornwall.de\/blog\/wp-content\/uploads\/2024\/03\/portcurno-strand.jpg\" alt=\"porthcurno strand\" width=\"750\" height=\"500\" class=\"alignnone size-full wp-image-48079\" srcset=\"https:\/\/www.urlaubcornwall.de\/blog\/wp-content\/uploads\/2024\/03\/portcurno-strand.jpg 750w, https:\/\/www.urlaubcornwall.de\/blog\/wp-content\/uploads\/2024\/03\/portcurno-strand-300x200.jpg 300w\" sizes=\"(max-width: 750px) 100vw, 750px\" \/><\/a><\/p>\n<p>2 Schlafzimmer Ferienhaus mit Meerblick. Porthcurno, West Cornwall &#8211; An-\/Abreisetag am: Samstag | Mieten: Von \u00a3606 bis \u00a31515 <\/p>\n<p>Chy Morva (Little House by the Sea) befindet sich in einer exquisiten Umgebung mit Blick auf den atemberaubenden Strand von Porthcurno und den Atlantik dahinter. Der Balkon im ersten Stock bietet eine sch\u00f6ne Aussicht mit bequemen Sitzgelegenheiten, um die herrlichen Sonnenunterg\u00e4nge zu beobachten und die Ruhe zu genie\u00dfen.<\/p>\n<p style=\"text-align: center;\"><a class=\"tidycta\" href=\"https:\/\/www.urlaubcornwall.de\/ferienhaeuser-fewos\/porthcurno.html\">Suche Ferienh\u00e4user Porthcurno<\/a><\/p>\n<div class=\"snippet\"> <a class=\"featured-item\" href=\"https:\/\/www.urlaubcornwall.de\/ferienhaeuser\/cornwall.php\"> <span class=\"image-holder\" style=\"background-image: url('https:\/\/www.urlaubcornwall.de\/blog\/wp-content\/uploads\/2018\/12\/familienurlaub-corwnall-snippet.jpg');\"><\/span> <span class=\"featured-content\"> \n<h2 class=\"featured-title\">Ferienh\u00e4user in Cornwall am Meer<\/h2>\n<p class=\"featured-body\">Cornwall besitzt mehr K\u00fcstenlinien als jede andere Grafschaft und bietet einige der besten Str\u00e4nde, K\u00fcstenwanderwege und Klippenlandschaften, die man \u00fcberhaupt finden kann&#8230; <\/p><\/span> <span class=\"featured-link-holder\"> <span class=\"featured-extra-info\"> \n<p>F\u00fcr Paare, Familien &#038; Gruppen<\/p>\n<\/span> \n<p class=\"featured-link\">DETAILS<\/p>\n<\/span> <\/a><\/div>\n","protected":false},"excerpt":{"rendered":"<p>2 Schlafzimmer Ferienhaus mit Meerblick. Porthcurno, West Cornwall &#8211; An-\/Abreisetag am: Samstag | Mieten: Von \u00a3606 bis \u00a31515 Chy Morva (Little House by the Sea) befindet sich in einer exquisiten Umgebung mit Blick auf den atemberaubenden Strand von Porthcurno und den Atlantik dahinter. Der Balkon im ersten Stock bietet eine sch\u00f6ne Aussicht mit bequemen Sitzgelegenheiten, [&hellip;]<\/p>\n","protected":false},"author":1,"featured_media":0,"parent":0,"menu_order":0,"comment_status":"closed","ping_status":"closed","template":"single-four.php","meta":[],"acf":[],"yoast_head":"<!-- This site is optimized with the Yoast SEO plugin v19.4 - https:\/\/yoast.com\/wordpress\/plugins\/seo\/ -->\n<title>Ferienhaus in Porthcurno mit Meerblick - Urlaub &amp; Reisen<\/title>\n<meta name=\"description\" content=\"Chy Morva (Little House by the Sea) befindet sich in einer exquisiten Umgebung mit Blick auf den atemberaubenden Strand von Porthcurno und den Atlantik dahinter. Der Balkon im ersten Stock bietet eine sch\u00f6ne Aussicht mit bequemen Sitzgelegenheiten, um die herrlichen Sonnenunterg\u00e4nge zu beobachten und die Ruhe zu genie\u00dfen.\" \/>\n<meta name=\"robots\" content=\"index, follow, max-snippet:-1, max-image-preview:large, max-video-preview:-1\" \/>\n<link rel=\"canonical\" href=\"https:\/\/www.urlaubcornwall.de\/blog\/ferienhaus-in-porthcurno-mit-meerblick\/\" \/>\n<meta property=\"og:locale\" content=\"en_US\" \/>\n<meta property=\"og:type\" content=\"article\" \/>\n<meta property=\"og:title\" content=\"Ferienhaus in Porthcurno mit Meerblick - Urlaub &amp; Reisen\" \/>\n<meta property=\"og:description\" content=\"Chy Morva (Little House by the Sea) befindet sich in einer exquisiten Umgebung mit Blick auf den atemberaubenden Strand von Porthcurno und den Atlantik dahinter. Der Balkon im ersten Stock bietet eine sch\u00f6ne Aussicht mit bequemen Sitzgelegenheiten, um die herrlichen Sonnenunterg\u00e4nge zu beobachten und die Ruhe zu genie\u00dfen.\" \/>\n<meta property=\"og:url\" content=\"https:\/\/www.urlaubcornwall.de\/blog\/ferienhaus-in-porthcurno-mit-meerblick\/\" \/>\n<meta property=\"og:site_name\" content=\"Urlaub &amp; Reisen\" \/>\n<meta property=\"article:modified_time\" content=\"2024-05-31T08:28:59+00:00\" \/>\n<meta property=\"og:image\" content=\"https:\/\/www.urlaubcornwall.de\/blog\/wp-content\/uploads\/2024\/03\/portcurno-strand.jpg\" \/>\n<meta name=\"twitter:card\" content=\"summary\" \/>\n<meta name=\"twitter:label1\" content=\"Est. reading time\" \/>\n\t<meta name=\"twitter:data1\" content=\"1 minute\" \/>\n<script type=\"application\/ld+json\" class=\"yoast-schema-graph\">{\"@context\":\"https:\/\/schema.org\",\"@graph\":[{\"@type\":\"WebSite\",\"@id\":\"https:\/\/www.urlaubcornwall.de\/blog\/#website\",\"url\":\"https:\/\/www.urlaubcornwall.de\/blog\/\",\"name\":\"Urlaub &amp; Reisen\",\"description\":\"Urlaub, Reisen, Cornwall und S\u00fcdengland: eine perfekte Kombination\",\"potentialAction\":[{\"@type\":\"SearchAction\",\"target\":{\"@type\":\"EntryPoint\",\"urlTemplate\":\"https:\/\/www.urlaubcornwall.de\/blog\/?s={search_term_string}\"},\"query-input\":\"required name=search_term_string\"}],\"inLanguage\":\"en-US\"},{\"@type\":\"WebPage\",\"@id\":\"https:\/\/www.urlaubcornwall.de\/blog\/ferienhaus-in-porthcurno-mit-meerblick\/\",\"url\":\"https:\/\/www.urlaubcornwall.de\/blog\/ferienhaus-in-porthcurno-mit-meerblick\/\",\"name\":\"Ferienhaus in Porthcurno mit Meerblick - Urlaub &amp; Reisen\",\"isPartOf\":{\"@id\":\"https:\/\/www.urlaubcornwall.de\/blog\/#website\"},\"datePublished\":\"2021-09-20T13:01:06+00:00\",\"dateModified\":\"2024-05-31T08:28:59+00:00\",\"description\":\"Chy Morva (Little House by the Sea) befindet sich in einer exquisiten Umgebung mit Blick auf den atemberaubenden Strand von Porthcurno und den Atlantik dahinter. Der Balkon im ersten Stock bietet eine sch\u00f6ne Aussicht mit bequemen Sitzgelegenheiten, um die herrlichen Sonnenunterg\u00e4nge zu beobachten und die Ruhe zu genie\u00dfen.\",\"breadcrumb\":{\"@id\":\"https:\/\/www.urlaubcornwall.de\/blog\/ferienhaus-in-porthcurno-mit-meerblick\/#breadcrumb\"},\"inLanguage\":\"en-US\",\"potentialAction\":[{\"@type\":\"ReadAction\",\"target\":[\"https:\/\/www.urlaubcornwall.de\/blog\/ferienhaus-in-porthcurno-mit-meerblick\/\"]}]},{\"@type\":\"BreadcrumbList\",\"@id\":\"https:\/\/www.urlaubcornwall.de\/blog\/ferienhaus-in-porthcurno-mit-meerblick\/#breadcrumb\",\"itemListElement\":[{\"@type\":\"ListItem\",\"position\":1,\"name\":\"Home\",\"item\":\"https:\/\/www.urlaubcornwall.de\/blog\/\"},{\"@type\":\"ListItem\",\"position\":2,\"name\":\"Ferienhaus in Porthcurno mit Meerblick\"}]}]}<\/script>\n<!-- \/ Yoast SEO plugin. -->","yoast_head_json":{"title":"Ferienhaus in Porthcurno mit Meerblick - Urlaub &amp; Reisen","description":"Chy Morva (Little House by the Sea) befindet sich in einer exquisiten Umgebung mit Blick auf den atemberaubenden Strand von Porthcurno und den Atlantik dahinter. Der Balkon im ersten Stock bietet eine sch\u00f6ne Aussicht mit bequemen Sitzgelegenheiten, um die herrlichen Sonnenunterg\u00e4nge zu beobachten und die Ruhe zu genie\u00dfen.","robots":{"index":"index","follow":"follow","max-snippet":"max-snippet:-1","max-image-preview":"max-image-preview:large","max-video-preview":"max-video-preview:-1"},"canonical":"https:\/\/www.urlaubcornwall.de\/blog\/ferienhaus-in-porthcurno-mit-meerblick\/","og_locale":"en_US","og_type":"article","og_title":"Ferienhaus in Porthcurno mit Meerblick - Urlaub &amp; Reisen","og_description":"Chy Morva (Little House by the Sea) befindet sich in einer exquisiten Umgebung mit Blick auf den atemberaubenden Strand von Porthcurno und den Atlantik dahinter. Der Balkon im ersten Stock bietet eine sch\u00f6ne Aussicht mit bequemen Sitzgelegenheiten, um die herrlichen Sonnenunterg\u00e4nge zu beobachten und die Ruhe zu genie\u00dfen.","og_url":"https:\/\/www.urlaubcornwall.de\/blog\/ferienhaus-in-porthcurno-mit-meerblick\/","og_site_name":"Urlaub &amp; Reisen","article_modified_time":"2024-05-31T08:28:59+00:00","og_image":[{"url":"https:\/\/www.urlaubcornwall.de\/blog\/wp-content\/uploads\/2024\/03\/portcurno-strand.jpg"}],"twitter_card":"summary","twitter_misc":{"Est. reading time":"1 minute"},"schema":{"@context":"https:\/\/schema.org","@graph":[{"@type":"WebSite","@id":"https:\/\/www.urlaubcornwall.de\/blog\/#website","url":"https:\/\/www.urlaubcornwall.de\/blog\/","name":"Urlaub &amp; Reisen","description":"Urlaub, Reisen, Cornwall und S\u00fcdengland: eine perfekte Kombination","potentialAction":[{"@type":"SearchAction","target":{"@type":"EntryPoint","urlTemplate":"https:\/\/www.urlaubcornwall.de\/blog\/?s={search_term_string}"},"query-input":"required name=search_term_string"}],"inLanguage":"en-US"},{"@type":"WebPage","@id":"https:\/\/www.urlaubcornwall.de\/blog\/ferienhaus-in-porthcurno-mit-meerblick\/","url":"https:\/\/www.urlaubcornwall.de\/blog\/ferienhaus-in-porthcurno-mit-meerblick\/","name":"Ferienhaus in Porthcurno mit Meerblick - Urlaub &amp; Reisen","isPartOf":{"@id":"https:\/\/www.urlaubcornwall.de\/blog\/#website"},"datePublished":"2021-09-20T13:01:06+00:00","dateModified":"2024-05-31T08:28:59+00:00","description":"Chy Morva (Little House by the Sea) befindet sich in einer exquisiten Umgebung mit Blick auf den atemberaubenden Strand von Porthcurno und den Atlantik dahinter. Der Balkon im ersten Stock bietet eine sch\u00f6ne Aussicht mit bequemen Sitzgelegenheiten, um die herrlichen Sonnenunterg\u00e4nge zu beobachten und die Ruhe zu genie\u00dfen.","breadcrumb":{"@id":"https:\/\/www.urlaubcornwall.de\/blog\/ferienhaus-in-porthcurno-mit-meerblick\/#breadcrumb"},"inLanguage":"en-US","potentialAction":[{"@type":"ReadAction","target":["https:\/\/www.urlaubcornwall.de\/blog\/ferienhaus-in-porthcurno-mit-meerblick\/"]}]},{"@type":"BreadcrumbList","@id":"https:\/\/www.urlaubcornwall.de\/blog\/ferienhaus-in-porthcurno-mit-meerblick\/#breadcrumb","itemListElement":[{"@type":"ListItem","position":1,"name":"Home","item":"https:\/\/www.urlaubcornwall.de\/blog\/"},{"@type":"ListItem","position":2,"name":"Ferienhaus in Porthcurno mit Meerblick"}]}]}},"_links":{"self":[{"href":"https:\/\/www.urlaubcornwall.de\/blog\/wp-json\/wp\/v2\/pages\/43004"}],"collection":[{"href":"https:\/\/www.urlaubcornwall.de\/blog\/wp-json\/wp\/v2\/pages"}],"about":[{"href":"https:\/\/www.urlaubcornwall.de\/blog\/wp-json\/wp\/v2\/types\/page"}],"author":[{"embeddable":true,"href":"https:\/\/www.urlaubcornwall.de\/blog\/wp-json\/wp\/v2\/users\/1"}],"replies":[{"embeddable":true,"href":"https:\/\/www.urlaubcornwall.de\/blog\/wp-json\/wp\/v2\/comments?post=43004"}],"version-history":[{"count":2,"href":"https:\/\/www.urlaubcornwall.de\/blog\/wp-json\/wp\/v2\/pages\/43004\/revisions"}],"predecessor-version":[{"id":51239,"href":"https:\/\/www.urlaubcornwall.de\/blog\/wp-json\/wp\/v2\/pages\/43004\/revisions\/51239"}],"wp:attachment":[{"href":"https:\/\/www.urlaubcornwall.de\/blog\/wp-json\/wp\/v2\/media?parent=43004"}],"curies":[{"name":"wp","href":"https:\/\/api.w.org\/{rel}","templated":true}]}}