{"id":42708,"date":"2021-09-13T07:58:09","date_gmt":"2021-09-13T07:58:09","guid":{"rendered":"https:\/\/www.urlaubcornwall.de\/blog\/?page_id=42708"},"modified":"2024-05-30T09:30:59","modified_gmt":"2024-05-30T09:30:59","slug":"besten-hotels-in-der-naehe-schloss-balmoral","status":"publish","type":"page","link":"https:\/\/www.urlaubcornwall.de\/blog\/besten-hotels-in-der-naehe-schloss-balmoral\/","title":{"rendered":"Besten Hotels in der N\u00e4he Schloss Balmoral"},"content":{"rendered":"<p><a href=\"https:\/\/www.urlaubcornwall.de\/blog\/wp-content\/uploads\/2024\/03\/schottland-highlands-1.jpg\"><img loading=\"lazy\" src=\"https:\/\/www.urlaubcornwall.de\/blog\/wp-content\/uploads\/2024\/03\/schottland-highlands-1.jpg\" alt=\"schottland highlands\" width=\"750\" height=\"563\" class=\"alignnone size-full wp-image-48022\" srcset=\"https:\/\/www.urlaubcornwall.de\/blog\/wp-content\/uploads\/2024\/03\/schottland-highlands-1.jpg 750w, https:\/\/www.urlaubcornwall.de\/blog\/wp-content\/uploads\/2024\/03\/schottland-highlands-1-300x225.jpg 300w\" sizes=\"(max-width: 750px) 100vw, 750px\" \/><\/a><\/p>\n<p>Balmoral Castle ist seit 1852, als Prinz Albert es f\u00fcr K\u00f6nigin Victoria kaufte, das schottische Zuhause der K\u00f6niglichen Familie. K\u00f6nigin Victoria beschrieb Balmoral als ihr \u2018geliebtes Paradies in den Highlands\u2019. Heute k\u00f6nnen Besucher die Burg besuchen und durch die G\u00e4rten und das Grundst\u00fcck spazieren, wenn die K\u00f6nigliche Familie nicht residiert, normalerweise sind die \u00d6ffnungszeiten vom 1. April \u2013 31. Juli.<\/p>\n<p><ins class=\"bookingaff\" data-aid=\"2192290\" data-target_aid=\"2192290\" data-prod=\"map\" data-width=\"100%\" data-height=\"590\" data-lang=\"ualng\" data-dest_id=\"0\" data-dest_type=\"landmark\" data-latitude=\"57.0396646\" data-longitude=\"-3.2292362\" data-landmark_name=\"Balmoral Castle\" data-mwhsb=\"0\" data-address=\"Balmoral Castle, Ballater, UK\"><br \/>\n    <!-- Anything inside will go away once widget is loaded. --><br \/>\n        <a href=\"\/\/www.booking.com?aid=2192290\" rel=\"nofollow\">Booking.com<\/a><br \/>\n<\/ins><br \/>\n<script type=\"text\/javascript\">\n    (function(d, sc, u) {\n      var s = d.createElement(sc), p = d.getElementsByTagName(sc)[0];\n      s.type = 'text\/javascript';\n      s.async = true;\n      s.src = u + '?v=' + (+new Date());\n      p.parentNode.insertBefore(s,p);\n      })(document, 'script', '\/\/aff.bstatic.com\/static\/affiliate_base\/js\/flexiproduct.js');\n<\/script><\/p>\n<div class=\"snippet\"> <a class=\"featured-item\" href=\" https:\/\/www.urlaubcornwall.de\/ferienhaeuser\/schottland.php\"> <span class=\"image-holder\" style=\"background-image: url(' https:\/\/www.urlaubcornwall.de\/blog\/wp-content\/uploads\/2019\/01\/urlaub-schottland-highlands-1.jpg ');\"><\/span> <span class=\"featured-content\"> \n<h2 class=\"featured-title\">Bei uns finden Sie Ferienh\u00e4user in Schottland zum Verlieben!<\/h2>\n<p class=\"featured-body\">Untenstehend finden Sie eine Auswahl an Ferienh\u00e4usern in Schottland. Hier finden Sie pers\u00f6nlich inspizierte Cottages entlang der schottischen K\u00fcste, in den schottischen Highlands und auf den Inseln&#8230;..<\/p>\n<\/span> <span class=\"featured-link-holder\"> <span class=\"featured-extra-info\"> \n<p>F\u00fcr Paare, Familien &#038; Gruppen<\/p>\n<\/span> \n<p class=\"featured-link\">DETAILS<\/p>\n<\/span> <\/a><\/div>\n<div class=\"snippet\"> <a class=\"featured-item\" href=\" https:\/\/www.urlaubcornwall.de\/blog\/rundreisen-schottland\/\"> <span class=\"image-holder\" style=\"background-image: url(' https:\/\/www.urlaubcornwall.de\/blog\/wp-content\/uploads\/2019\/01\/rundreise-schottland.jpg ');\"><\/span> <span class=\"featured-content\"> \n<h2 class=\"featured-title\">Rundreise durch Schottland: mit dem Auto bereisen <\/h2>\n<p class=\"featured-body\">Urlaub in Schottland haben etwas f\u00fcr jeden Geschmack zu bieten \u2013 herrliche Sonnenunterg\u00e4nge \u00fcber magischen Inseln, wundersch\u00f6ne und dramatische K\u00fcstenstriche, tiefe, verborgene T\u00e4ler und eine unglaubliche Landschaft&#8230;<\/p>\n<\/span> <span class=\"featured-link-holder\"> <span class=\"featured-extra-info\"> \n<p>Ready Made Touren<\/p>\n<\/span> \n<p class=\"featured-link\">DETAILS<\/p>\n<\/span> <\/a><\/div>\n<p>UrlaubCornwall.de hat seinen Firmensitz in Cornwall in S\u00fcdwestengland und bietet Kunden im Deutsch sprechenden Europa Hilfe im Erstellen der perfekten Urlaubserfahrung hier. Wir haben ein Team Deutsch sprechender Experten, so dass wir eine <a href=\"https:\/\/www.urlaubcornwall.de\/rundreisen\/grossbritannien.php\">individuelle Urlaub in Gro\u00dfbritannien<\/a>.<\/p>\n","protected":false},"excerpt":{"rendered":"<p>Balmoral Castle ist seit 1852, als Prinz Albert es f\u00fcr K\u00f6nigin Victoria kaufte, das schottische Zuhause der K\u00f6niglichen Familie. K\u00f6nigin Victoria beschrieb Balmoral als ihr \u2018geliebtes Paradies in den Highlands\u2019. Heute k\u00f6nnen Besucher die Burg besuchen und durch die G\u00e4rten und das Grundst\u00fcck spazieren, wenn die K\u00f6nigliche Familie nicht residiert, normalerweise sind die \u00d6ffnungszeiten vom [&hellip;]<\/p>\n","protected":false},"author":1,"featured_media":0,"parent":0,"menu_order":0,"comment_status":"closed","ping_status":"closed","template":"single-four.php","meta":[],"acf":[],"yoast_head":"<!-- This site is optimized with the Yoast SEO plugin v19.4 - https:\/\/yoast.com\/wordpress\/plugins\/seo\/ -->\n<title>Besten Hotels in der N\u00e4he Schloss Balmoral - Urlaub &amp; Reisen<\/title>\n<meta name=\"description\" content=\"Balmoral Castle ist seit 1852, als Prinz Albert es f\u00fcr K\u00f6nigin Victoria kaufte, das schottische Zuhause der K\u00f6niglichen Familie. K\u00f6nigin Victoria beschrieb Balmoral als ihr \u2018geliebtes Paradies in den Highlands\u2019. Heute k\u00f6nnen Besucher die Burg besuchen und durch die G\u00e4rten und das Grundst\u00fcck spazieren, wenn die K\u00f6nigliche Familie nicht residiert, normalerweise sind die \u00d6ffnungszeiten vom 1. April \u2013 31. Juli.\" \/>\n<meta name=\"robots\" content=\"index, follow, max-snippet:-1, max-image-preview:large, max-video-preview:-1\" \/>\n<link rel=\"canonical\" href=\"https:\/\/www.urlaubcornwall.de\/blog\/besten-hotels-in-der-naehe-schloss-balmoral\/\" \/>\n<meta property=\"og:locale\" content=\"en_US\" \/>\n<meta property=\"og:type\" content=\"article\" \/>\n<meta property=\"og:title\" content=\"Besten Hotels in der N\u00e4he Schloss Balmoral - Urlaub &amp; Reisen\" \/>\n<meta property=\"og:description\" content=\"Balmoral Castle ist seit 1852, als Prinz Albert es f\u00fcr K\u00f6nigin Victoria kaufte, das schottische Zuhause der K\u00f6niglichen Familie. K\u00f6nigin Victoria beschrieb Balmoral als ihr \u2018geliebtes Paradies in den Highlands\u2019. Heute k\u00f6nnen Besucher die Burg besuchen und durch die G\u00e4rten und das Grundst\u00fcck spazieren, wenn die K\u00f6nigliche Familie nicht residiert, normalerweise sind die \u00d6ffnungszeiten vom 1. April \u2013 31. Juli.\" \/>\n<meta property=\"og:url\" content=\"https:\/\/www.urlaubcornwall.de\/blog\/besten-hotels-in-der-naehe-schloss-balmoral\/\" \/>\n<meta property=\"og:site_name\" content=\"Urlaub &amp; Reisen\" \/>\n<meta property=\"article:modified_time\" content=\"2024-05-30T09:30:59+00:00\" \/>\n<meta property=\"og:image\" content=\"https:\/\/www.urlaubcornwall.de\/blog\/wp-content\/uploads\/2024\/03\/schottland-highlands-1.jpg\" \/>\n<meta name=\"twitter:card\" content=\"summary\" \/>\n<meta name=\"twitter:label1\" content=\"Est. reading time\" \/>\n\t<meta name=\"twitter:data1\" content=\"2 minutes\" \/>\n<script type=\"application\/ld+json\" class=\"yoast-schema-graph\">{\"@context\":\"https:\/\/schema.org\",\"@graph\":[{\"@type\":\"WebSite\",\"@id\":\"https:\/\/www.urlaubcornwall.de\/blog\/#website\",\"url\":\"https:\/\/www.urlaubcornwall.de\/blog\/\",\"name\":\"Urlaub &amp; Reisen\",\"description\":\"Urlaub, Reisen, Cornwall und S\u00fcdengland: eine perfekte Kombination\",\"potentialAction\":[{\"@type\":\"SearchAction\",\"target\":{\"@type\":\"EntryPoint\",\"urlTemplate\":\"https:\/\/www.urlaubcornwall.de\/blog\/?s={search_term_string}\"},\"query-input\":\"required name=search_term_string\"}],\"inLanguage\":\"en-US\"},{\"@type\":\"WebPage\",\"@id\":\"https:\/\/www.urlaubcornwall.de\/blog\/besten-hotels-in-der-naehe-schloss-balmoral\/\",\"url\":\"https:\/\/www.urlaubcornwall.de\/blog\/besten-hotels-in-der-naehe-schloss-balmoral\/\",\"name\":\"Besten Hotels in der N\u00e4he Schloss Balmoral - Urlaub &amp; Reisen\",\"isPartOf\":{\"@id\":\"https:\/\/www.urlaubcornwall.de\/blog\/#website\"},\"datePublished\":\"2021-09-13T07:58:09+00:00\",\"dateModified\":\"2024-05-30T09:30:59+00:00\",\"description\":\"Balmoral Castle ist seit 1852, als Prinz Albert es f\u00fcr K\u00f6nigin Victoria kaufte, das schottische Zuhause der K\u00f6niglichen Familie. K\u00f6nigin Victoria beschrieb Balmoral als ihr \u2018geliebtes Paradies in den Highlands\u2019. Heute k\u00f6nnen Besucher die Burg besuchen und durch die G\u00e4rten und das Grundst\u00fcck spazieren, wenn die K\u00f6nigliche Familie nicht residiert, normalerweise sind die \u00d6ffnungszeiten vom 1. April \u2013 31. Juli.\",\"breadcrumb\":{\"@id\":\"https:\/\/www.urlaubcornwall.de\/blog\/besten-hotels-in-der-naehe-schloss-balmoral\/#breadcrumb\"},\"inLanguage\":\"en-US\",\"potentialAction\":[{\"@type\":\"ReadAction\",\"target\":[\"https:\/\/www.urlaubcornwall.de\/blog\/besten-hotels-in-der-naehe-schloss-balmoral\/\"]}]},{\"@type\":\"BreadcrumbList\",\"@id\":\"https:\/\/www.urlaubcornwall.de\/blog\/besten-hotels-in-der-naehe-schloss-balmoral\/#breadcrumb\",\"itemListElement\":[{\"@type\":\"ListItem\",\"position\":1,\"name\":\"Home\",\"item\":\"https:\/\/www.urlaubcornwall.de\/blog\/\"},{\"@type\":\"ListItem\",\"position\":2,\"name\":\"Besten Hotels in der N\u00e4he Schloss Balmoral\"}]}]}<\/script>\n<!-- \/ Yoast SEO plugin. -->","yoast_head_json":{"title":"Besten Hotels in der N\u00e4he Schloss Balmoral - Urlaub &amp; Reisen","description":"Balmoral Castle ist seit 1852, als Prinz Albert es f\u00fcr K\u00f6nigin Victoria kaufte, das schottische Zuhause der K\u00f6niglichen Familie. K\u00f6nigin Victoria beschrieb Balmoral als ihr \u2018geliebtes Paradies in den Highlands\u2019. Heute k\u00f6nnen Besucher die Burg besuchen und durch die G\u00e4rten und das Grundst\u00fcck spazieren, wenn die K\u00f6nigliche Familie nicht residiert, normalerweise sind die \u00d6ffnungszeiten vom 1. April \u2013 31. Juli.","robots":{"index":"index","follow":"follow","max-snippet":"max-snippet:-1","max-image-preview":"max-image-preview:large","max-video-preview":"max-video-preview:-1"},"canonical":"https:\/\/www.urlaubcornwall.de\/blog\/besten-hotels-in-der-naehe-schloss-balmoral\/","og_locale":"en_US","og_type":"article","og_title":"Besten Hotels in der N\u00e4he Schloss Balmoral - Urlaub &amp; Reisen","og_description":"Balmoral Castle ist seit 1852, als Prinz Albert es f\u00fcr K\u00f6nigin Victoria kaufte, das schottische Zuhause der K\u00f6niglichen Familie. K\u00f6nigin Victoria beschrieb Balmoral als ihr \u2018geliebtes Paradies in den Highlands\u2019. Heute k\u00f6nnen Besucher die Burg besuchen und durch die G\u00e4rten und das Grundst\u00fcck spazieren, wenn die K\u00f6nigliche Familie nicht residiert, normalerweise sind die \u00d6ffnungszeiten vom 1. April \u2013 31. Juli.","og_url":"https:\/\/www.urlaubcornwall.de\/blog\/besten-hotels-in-der-naehe-schloss-balmoral\/","og_site_name":"Urlaub &amp; Reisen","article_modified_time":"2024-05-30T09:30:59+00:00","og_image":[{"url":"https:\/\/www.urlaubcornwall.de\/blog\/wp-content\/uploads\/2024\/03\/schottland-highlands-1.jpg"}],"twitter_card":"summary","twitter_misc":{"Est. reading time":"2 minutes"},"schema":{"@context":"https:\/\/schema.org","@graph":[{"@type":"WebSite","@id":"https:\/\/www.urlaubcornwall.de\/blog\/#website","url":"https:\/\/www.urlaubcornwall.de\/blog\/","name":"Urlaub &amp; Reisen","description":"Urlaub, Reisen, Cornwall und S\u00fcdengland: eine perfekte Kombination","potentialAction":[{"@type":"SearchAction","target":{"@type":"EntryPoint","urlTemplate":"https:\/\/www.urlaubcornwall.de\/blog\/?s={search_term_string}"},"query-input":"required name=search_term_string"}],"inLanguage":"en-US"},{"@type":"WebPage","@id":"https:\/\/www.urlaubcornwall.de\/blog\/besten-hotels-in-der-naehe-schloss-balmoral\/","url":"https:\/\/www.urlaubcornwall.de\/blog\/besten-hotels-in-der-naehe-schloss-balmoral\/","name":"Besten Hotels in der N\u00e4he Schloss Balmoral - Urlaub &amp; Reisen","isPartOf":{"@id":"https:\/\/www.urlaubcornwall.de\/blog\/#website"},"datePublished":"2021-09-13T07:58:09+00:00","dateModified":"2024-05-30T09:30:59+00:00","description":"Balmoral Castle ist seit 1852, als Prinz Albert es f\u00fcr K\u00f6nigin Victoria kaufte, das schottische Zuhause der K\u00f6niglichen Familie. K\u00f6nigin Victoria beschrieb Balmoral als ihr \u2018geliebtes Paradies in den Highlands\u2019. Heute k\u00f6nnen Besucher die Burg besuchen und durch die G\u00e4rten und das Grundst\u00fcck spazieren, wenn die K\u00f6nigliche Familie nicht residiert, normalerweise sind die \u00d6ffnungszeiten vom 1. April \u2013 31. Juli.","breadcrumb":{"@id":"https:\/\/www.urlaubcornwall.de\/blog\/besten-hotels-in-der-naehe-schloss-balmoral\/#breadcrumb"},"inLanguage":"en-US","potentialAction":[{"@type":"ReadAction","target":["https:\/\/www.urlaubcornwall.de\/blog\/besten-hotels-in-der-naehe-schloss-balmoral\/"]}]},{"@type":"BreadcrumbList","@id":"https:\/\/www.urlaubcornwall.de\/blog\/besten-hotels-in-der-naehe-schloss-balmoral\/#breadcrumb","itemListElement":[{"@type":"ListItem","position":1,"name":"Home","item":"https:\/\/www.urlaubcornwall.de\/blog\/"},{"@type":"ListItem","position":2,"name":"Besten Hotels in der N\u00e4he Schloss Balmoral"}]}]}},"_links":{"self":[{"href":"https:\/\/www.urlaubcornwall.de\/blog\/wp-json\/wp\/v2\/pages\/42708"}],"collection":[{"href":"https:\/\/www.urlaubcornwall.de\/blog\/wp-json\/wp\/v2\/pages"}],"about":[{"href":"https:\/\/www.urlaubcornwall.de\/blog\/wp-json\/wp\/v2\/types\/page"}],"author":[{"embeddable":true,"href":"https:\/\/www.urlaubcornwall.de\/blog\/wp-json\/wp\/v2\/users\/1"}],"replies":[{"embeddable":true,"href":"https:\/\/www.urlaubcornwall.de\/blog\/wp-json\/wp\/v2\/comments?post=42708"}],"version-history":[{"count":3,"href":"https:\/\/www.urlaubcornwall.de\/blog\/wp-json\/wp\/v2\/pages\/42708\/revisions"}],"predecessor-version":[{"id":50884,"href":"https:\/\/www.urlaubcornwall.de\/blog\/wp-json\/wp\/v2\/pages\/42708\/revisions\/50884"}],"wp:attachment":[{"href":"https:\/\/www.urlaubcornwall.de\/blog\/wp-json\/wp\/v2\/media?parent=42708"}],"curies":[{"name":"wp","href":"https:\/\/api.w.org\/{rel}","templated":true}]}}