{"id":42697,"date":"2021-09-13T07:27:57","date_gmt":"2021-09-13T07:27:57","guid":{"rendered":"https:\/\/www.urlaubcornwall.de\/blog\/?page_id=42697"},"modified":"2024-05-31T08:30:00","modified_gmt":"2024-05-31T08:30:00","slug":"besten-hotels-in-der-barafundle-bay-pembrokeshire","status":"publish","type":"page","link":"https:\/\/www.urlaubcornwall.de\/blog\/besten-hotels-in-der-barafundle-bay-pembrokeshire\/","title":{"rendered":"Besten Hotels in der N\u00e4he Barafundle Bay, Pembrokeshire"},"content":{"rendered":"<p>Barafundle Bay ist ein Strand, der h\u00e4ufig als Juwel in der Krone der <a href=\"https:\/\/www.urlaubcornwall.de\/ferienhaeuser-fewos\/wal\/westwales\/pembroke.html\">Str\u00e4nde von Pembrokeshire<\/a> gilt. Der feine Sand und das kristallklare Wasser lassen ihn zunehmend wie einen karibischen Strand erscheinen. Der n\u00e4chste Parkplatz befindet sich eine halbe Meile entfernt. Im Hintergrund des Strandes befinden sich h\u00fcgelige Sandd\u00fcnen und Kiefern. Es ist nicht gerade der am leichtesten zug\u00e4ngliche Strand, aber es ist der M\u00fche wert. Sie werden feststellen, dass der Frieden und die Ruhe, die Sie hier finden, Sie glauben lassen, Sie w\u00e4ren in Ihrem eigenen pers\u00f6nlichen Paradies.<\/p>\n<p><ins class=\"bookingaff\" data-aid=\"2192280\" data-target_aid=\"2192280\" data-prod=\"map\" data-width=\"100%\" data-height=\"590\" data-lang=\"ualng\" data-dest_id=\"0\" data-dest_type=\"landmark\" data-latitude=\"51.6183696\" data-longitude=\"-4.9040865\" data-landmark_name=\"Barafundle Bay Beach\" data-mwhsb=\"0\" data-address=\"Barafundle Bay Beach, Pembrokeshire Coast Path, Stackpole, Pembroke, UK\"><br \/>\n    <!-- Anything inside will go away once widget is loaded. --><br \/>\n        <a href=\"\/\/www.booking.com?aid=2192280\" rel=\"nofollow\">Booking.com<\/a><br \/>\n<\/ins><br \/>\n<script type=\"text\/javascript\">\n    (function(d, sc, u) {\n      var s = d.createElement(sc), p = d.getElementsByTagName(sc)[0];\n      s.type = 'text\/javascript';\n      s.async = true;\n      s.src = u + '?v=' + (+new Date());\n      p.parentNode.insertBefore(s,p);\n      })(document, 'script', '\/\/aff.bstatic.com\/static\/affiliate_base\/js\/flexiproduct.js');\n<\/script><\/p>\n<div class=\"snippet\"> <a class=\"featured-item\" href=\" https:\/\/www.urlaubcornwall.de\/ferienhaeuser\/wales.php\"> <span class=\"image-holder\" style=\"background-image: url(' https:\/\/www.urlaubcornwall.de\/blog\/wp-content\/uploads\/2018\/12\/busreisen-wales-england.jpg');\"><\/span> <span class=\"featured-content\"> \n<h2 class=\"featured-title\">Bei uns finden Sie Ferienh\u00e4user in Wales zum Verlieben!<\/h2>\n<p class=\"featured-body\">Untenstehend finden Sie eine Auswahl an Selbstversorger-Ferienh\u00e4usern in Wales. Hier finden Sie handverlesene, pers\u00f6nlich inspizierte Cottages entlang der walisischen K\u00fcste&#8230;..<\/p>\n<\/span> <span class=\"featured-link-holder\"> <span class=\"featured-extra-info\"> \n<p>F\u00fcr Paare, Familien &#038; Gruppen<\/p>\n<\/span> \n<p class=\"featured-link\">DETAILS<\/p>\n<\/span> <\/a><\/div>\n<p>UrlaubCornwall.de hat eine einzigartige Sammlung pers\u00f6nlich inspizierter Ferienh\u00e4user und Ferienwohnungen in Wales, <a href=\"https:\/\/www.urlaubcornwall.de\/ferienhaeuser\/wales.php\">S\u00fcdengland<\/a> und nun auch im gesamten Gro\u00dfbritannien. <\/p>\n","protected":false},"excerpt":{"rendered":"<p>Barafundle Bay ist ein Strand, der h\u00e4ufig als Juwel in der Krone der Str\u00e4nde von Pembrokeshire gilt. Der feine Sand und das kristallklare Wasser lassen ihn zunehmend wie einen karibischen Strand erscheinen. Der n\u00e4chste Parkplatz befindet sich eine halbe Meile entfernt. Im Hintergrund des Strandes befinden sich h\u00fcgelige Sandd\u00fcnen und Kiefern. Es ist nicht gerade [&hellip;]<\/p>\n","protected":false},"author":1,"featured_media":0,"parent":0,"menu_order":0,"comment_status":"closed","ping_status":"closed","template":"single-four.php","meta":[],"acf":[],"yoast_head":"<!-- This site is optimized with the Yoast SEO plugin v19.4 - https:\/\/yoast.com\/wordpress\/plugins\/seo\/ -->\n<title>Besten Hotels in der N\u00e4he Barafundle Bay, Pembrokeshire - Urlaub &amp; Reisen<\/title>\n<meta name=\"robots\" content=\"index, follow, max-snippet:-1, max-image-preview:large, max-video-preview:-1\" \/>\n<link rel=\"canonical\" href=\"https:\/\/www.urlaubcornwall.de\/blog\/besten-hotels-in-der-barafundle-bay-pembrokeshire\/\" \/>\n<meta property=\"og:locale\" content=\"en_US\" \/>\n<meta property=\"og:type\" content=\"article\" \/>\n<meta property=\"og:title\" content=\"Besten Hotels in der N\u00e4he Barafundle Bay, Pembrokeshire - Urlaub &amp; Reisen\" \/>\n<meta property=\"og:description\" content=\"Barafundle Bay ist ein Strand, der h\u00e4ufig als Juwel in der Krone der Str\u00e4nde von Pembrokeshire gilt. Der feine Sand und das kristallklare Wasser lassen ihn zunehmend wie einen karibischen Strand erscheinen. Der n\u00e4chste Parkplatz befindet sich eine halbe Meile entfernt. Im Hintergrund des Strandes befinden sich h\u00fcgelige Sandd\u00fcnen und Kiefern. Es ist nicht gerade [&hellip;]\" \/>\n<meta property=\"og:url\" content=\"https:\/\/www.urlaubcornwall.de\/blog\/besten-hotels-in-der-barafundle-bay-pembrokeshire\/\" \/>\n<meta property=\"og:site_name\" content=\"Urlaub &amp; Reisen\" \/>\n<meta property=\"article:modified_time\" content=\"2024-05-31T08:30:00+00:00\" \/>\n<meta name=\"twitter:card\" content=\"summary\" \/>\n<meta name=\"twitter:label1\" content=\"Est. reading time\" \/>\n\t<meta name=\"twitter:data1\" content=\"1 minute\" \/>\n<script type=\"application\/ld+json\" class=\"yoast-schema-graph\">{\"@context\":\"https:\/\/schema.org\",\"@graph\":[{\"@type\":\"WebSite\",\"@id\":\"https:\/\/www.urlaubcornwall.de\/blog\/#website\",\"url\":\"https:\/\/www.urlaubcornwall.de\/blog\/\",\"name\":\"Urlaub &amp; Reisen\",\"description\":\"Urlaub, Reisen, Cornwall und S\u00fcdengland: eine perfekte Kombination\",\"potentialAction\":[{\"@type\":\"SearchAction\",\"target\":{\"@type\":\"EntryPoint\",\"urlTemplate\":\"https:\/\/www.urlaubcornwall.de\/blog\/?s={search_term_string}\"},\"query-input\":\"required name=search_term_string\"}],\"inLanguage\":\"en-US\"},{\"@type\":\"WebPage\",\"@id\":\"https:\/\/www.urlaubcornwall.de\/blog\/besten-hotels-in-der-barafundle-bay-pembrokeshire\/\",\"url\":\"https:\/\/www.urlaubcornwall.de\/blog\/besten-hotels-in-der-barafundle-bay-pembrokeshire\/\",\"name\":\"Besten Hotels in der N\u00e4he Barafundle Bay, Pembrokeshire - Urlaub &amp; Reisen\",\"isPartOf\":{\"@id\":\"https:\/\/www.urlaubcornwall.de\/blog\/#website\"},\"datePublished\":\"2021-09-13T07:27:57+00:00\",\"dateModified\":\"2024-05-31T08:30:00+00:00\",\"breadcrumb\":{\"@id\":\"https:\/\/www.urlaubcornwall.de\/blog\/besten-hotels-in-der-barafundle-bay-pembrokeshire\/#breadcrumb\"},\"inLanguage\":\"en-US\",\"potentialAction\":[{\"@type\":\"ReadAction\",\"target\":[\"https:\/\/www.urlaubcornwall.de\/blog\/besten-hotels-in-der-barafundle-bay-pembrokeshire\/\"]}]},{\"@type\":\"BreadcrumbList\",\"@id\":\"https:\/\/www.urlaubcornwall.de\/blog\/besten-hotels-in-der-barafundle-bay-pembrokeshire\/#breadcrumb\",\"itemListElement\":[{\"@type\":\"ListItem\",\"position\":1,\"name\":\"Home\",\"item\":\"https:\/\/www.urlaubcornwall.de\/blog\/\"},{\"@type\":\"ListItem\",\"position\":2,\"name\":\"Besten Hotels in der N\u00e4he Barafundle Bay, Pembrokeshire\"}]}]}<\/script>\n<!-- \/ Yoast SEO plugin. -->","yoast_head_json":{"title":"Besten Hotels in der N\u00e4he Barafundle Bay, Pembrokeshire - Urlaub &amp; Reisen","robots":{"index":"index","follow":"follow","max-snippet":"max-snippet:-1","max-image-preview":"max-image-preview:large","max-video-preview":"max-video-preview:-1"},"canonical":"https:\/\/www.urlaubcornwall.de\/blog\/besten-hotels-in-der-barafundle-bay-pembrokeshire\/","og_locale":"en_US","og_type":"article","og_title":"Besten Hotels in der N\u00e4he Barafundle Bay, Pembrokeshire - Urlaub &amp; Reisen","og_description":"Barafundle Bay ist ein Strand, der h\u00e4ufig als Juwel in der Krone der Str\u00e4nde von Pembrokeshire gilt. Der feine Sand und das kristallklare Wasser lassen ihn zunehmend wie einen karibischen Strand erscheinen. Der n\u00e4chste Parkplatz befindet sich eine halbe Meile entfernt. Im Hintergrund des Strandes befinden sich h\u00fcgelige Sandd\u00fcnen und Kiefern. Es ist nicht gerade [&hellip;]","og_url":"https:\/\/www.urlaubcornwall.de\/blog\/besten-hotels-in-der-barafundle-bay-pembrokeshire\/","og_site_name":"Urlaub &amp; Reisen","article_modified_time":"2024-05-31T08:30:00+00:00","twitter_card":"summary","twitter_misc":{"Est. reading time":"1 minute"},"schema":{"@context":"https:\/\/schema.org","@graph":[{"@type":"WebSite","@id":"https:\/\/www.urlaubcornwall.de\/blog\/#website","url":"https:\/\/www.urlaubcornwall.de\/blog\/","name":"Urlaub &amp; Reisen","description":"Urlaub, Reisen, Cornwall und S\u00fcdengland: eine perfekte Kombination","potentialAction":[{"@type":"SearchAction","target":{"@type":"EntryPoint","urlTemplate":"https:\/\/www.urlaubcornwall.de\/blog\/?s={search_term_string}"},"query-input":"required name=search_term_string"}],"inLanguage":"en-US"},{"@type":"WebPage","@id":"https:\/\/www.urlaubcornwall.de\/blog\/besten-hotels-in-der-barafundle-bay-pembrokeshire\/","url":"https:\/\/www.urlaubcornwall.de\/blog\/besten-hotels-in-der-barafundle-bay-pembrokeshire\/","name":"Besten Hotels in der N\u00e4he Barafundle Bay, Pembrokeshire - Urlaub &amp; Reisen","isPartOf":{"@id":"https:\/\/www.urlaubcornwall.de\/blog\/#website"},"datePublished":"2021-09-13T07:27:57+00:00","dateModified":"2024-05-31T08:30:00+00:00","breadcrumb":{"@id":"https:\/\/www.urlaubcornwall.de\/blog\/besten-hotels-in-der-barafundle-bay-pembrokeshire\/#breadcrumb"},"inLanguage":"en-US","potentialAction":[{"@type":"ReadAction","target":["https:\/\/www.urlaubcornwall.de\/blog\/besten-hotels-in-der-barafundle-bay-pembrokeshire\/"]}]},{"@type":"BreadcrumbList","@id":"https:\/\/www.urlaubcornwall.de\/blog\/besten-hotels-in-der-barafundle-bay-pembrokeshire\/#breadcrumb","itemListElement":[{"@type":"ListItem","position":1,"name":"Home","item":"https:\/\/www.urlaubcornwall.de\/blog\/"},{"@type":"ListItem","position":2,"name":"Besten Hotels in der N\u00e4he Barafundle Bay, Pembrokeshire"}]}]}},"_links":{"self":[{"href":"https:\/\/www.urlaubcornwall.de\/blog\/wp-json\/wp\/v2\/pages\/42697"}],"collection":[{"href":"https:\/\/www.urlaubcornwall.de\/blog\/wp-json\/wp\/v2\/pages"}],"about":[{"href":"https:\/\/www.urlaubcornwall.de\/blog\/wp-json\/wp\/v2\/types\/page"}],"author":[{"embeddable":true,"href":"https:\/\/www.urlaubcornwall.de\/blog\/wp-json\/wp\/v2\/users\/1"}],"replies":[{"embeddable":true,"href":"https:\/\/www.urlaubcornwall.de\/blog\/wp-json\/wp\/v2\/comments?post=42697"}],"version-history":[{"count":3,"href":"https:\/\/www.urlaubcornwall.de\/blog\/wp-json\/wp\/v2\/pages\/42697\/revisions"}],"predecessor-version":[{"id":51240,"href":"https:\/\/www.urlaubcornwall.de\/blog\/wp-json\/wp\/v2\/pages\/42697\/revisions\/51240"}],"wp:attachment":[{"href":"https:\/\/www.urlaubcornwall.de\/blog\/wp-json\/wp\/v2\/media?parent=42697"}],"curies":[{"name":"wp","href":"https:\/\/api.w.org\/{rel}","templated":true}]}}