{"id":42691,"date":"2021-09-13T07:21:52","date_gmt":"2021-09-13T07:21:52","guid":{"rendered":"https:\/\/www.urlaubcornwall.de\/blog\/?page_id=42691"},"modified":"2024-05-31T08:30:33","modified_gmt":"2024-05-31T08:30:33","slug":"besten-hotels-in-der-naehe-abersoch-llyn-peninsula","status":"publish","type":"page","link":"https:\/\/www.urlaubcornwall.de\/blog\/besten-hotels-in-der-naehe-abersoch-llyn-peninsula\/","title":{"rendered":"Besten Hotels in der N\u00e4he Abersoch, Llyn Peninsula"},"content":{"rendered":"<p>Der Hauptstrand bei <a href=\"https:\/\/www.urlaubcornwall.de\/ferienhaeuser-fewos\/wal\/nordwales\/abersoch.html\">Abersoch<\/a> ist ein bevorzugtes Ausflugsziel f\u00fcr Familien, die die Gegend besuchen. Es soll ein \u201asicherer\u2018 Strand sein, und es gibt hier einen Bereich, der Motorbooten verboten ist, so dass Badende und junge Schwimmer in Frieden das Wasser genie\u00dfen k\u00f6nnen. Es gibt auch jede Menge Sand, um Burgen zu bauen, sowie D\u00fcnen zu erkunden.<\/p>\n<p><ins class=\"bookingaff\" data-aid=\"2192276\" data-target_aid=\"2192276\" data-prod=\"map\" data-width=\"100%\" data-height=\"590\" data-lang=\"ualng\" data-dest_id=\"0\" data-dest_type=\"landmark\" data-latitude=\"52.824497\" data-longitude=\"-4.5053599\" data-landmark_name=\"Abersoch\" data-mwhsb=\"0\" data-address=\"Abersoch, UK\"><br \/>\n    <!-- Anything inside will go away once widget is loaded. --><br \/>\n        <a href=\"\/\/www.booking.com?aid=2192276\" rel=\"nofollow\">Booking.com<\/a><br \/>\n<\/ins><br \/>\n<script type=\"text\/javascript\">\n    (function(d, sc, u) {\n      var s = d.createElement(sc), p = d.getElementsByTagName(sc)[0];\n      s.type = 'text\/javascript';\n      s.async = true;\n      s.src = u + '?v=' + (+new Date());\n      p.parentNode.insertBefore(s,p);\n      })(document, 'script', '\/\/aff.bstatic.com\/static\/affiliate_base\/js\/flexiproduct.js');\n<\/script><\/p>\n<div class=\"snippet\"> <a class=\"featured-item\" href=\" https:\/\/www.urlaubcornwall.de\/ferienhaeuser\/wales.php\"> <span class=\"image-holder\" style=\"background-image: url(' https:\/\/www.urlaubcornwall.de\/blog\/wp-content\/uploads\/2018\/12\/busreisen-wales-england.jpg');\"><\/span> <span class=\"featured-content\"> \n<h2 class=\"featured-title\">Bei uns finden Sie Ferienh\u00e4user in Wales zum Verlieben!<\/h2>\n<p class=\"featured-body\">Untenstehend finden Sie eine Auswahl an Selbstversorger-Ferienh\u00e4usern in Wales. Hier finden Sie handverlesene, pers\u00f6nlich inspizierte Cottages entlang der walisischen K\u00fcste&#8230;..<\/p>\n<\/span> <span class=\"featured-link-holder\"> <span class=\"featured-extra-info\"> \n<p>F\u00fcr Paare, Familien &#038; Gruppen<\/p>\n<\/span> \n<p class=\"featured-link\">DETAILS<\/p>\n<\/span> <\/a><\/div>\n<p>UrlaubCornwall.de hat eine einzigartige Sammlung pers\u00f6nlich inspizierter Ferienh\u00e4user und Ferienwohnungen in Wales, <a href=\"https:\/\/www.urlaubcornwall.de\/ferienhaeuser\/wales.php\">S\u00fcdengland<\/a> und nun auch im gesamten Gro\u00dfbritannien. <\/p>\n","protected":false},"excerpt":{"rendered":"<p>Der Hauptstrand bei Abersoch ist ein bevorzugtes Ausflugsziel f\u00fcr Familien, die die Gegend besuchen. Es soll ein \u201asicherer\u2018 Strand sein, und es gibt hier einen Bereich, der Motorbooten verboten ist, so dass Badende und junge Schwimmer in Frieden das Wasser genie\u00dfen k\u00f6nnen. Es gibt auch jede Menge Sand, um Burgen zu bauen, sowie D\u00fcnen zu [&hellip;]<\/p>\n","protected":false},"author":1,"featured_media":0,"parent":0,"menu_order":0,"comment_status":"closed","ping_status":"closed","template":"single-four.php","meta":[],"acf":[],"yoast_head":"<!-- This site is optimized with the Yoast SEO plugin v19.4 - https:\/\/yoast.com\/wordpress\/plugins\/seo\/ -->\n<title>Besten Hotels in der N\u00e4he Abersoch, Llyn Peninsula - Urlaub &amp; Reisen<\/title>\n<meta name=\"robots\" content=\"index, follow, max-snippet:-1, max-image-preview:large, max-video-preview:-1\" \/>\n<link rel=\"canonical\" href=\"https:\/\/www.urlaubcornwall.de\/blog\/besten-hotels-in-der-naehe-abersoch-llyn-peninsula\/\" \/>\n<meta property=\"og:locale\" content=\"en_US\" \/>\n<meta property=\"og:type\" content=\"article\" \/>\n<meta property=\"og:title\" content=\"Besten Hotels in der N\u00e4he Abersoch, Llyn Peninsula - Urlaub &amp; Reisen\" \/>\n<meta property=\"og:description\" content=\"Der Hauptstrand bei Abersoch ist ein bevorzugtes Ausflugsziel f\u00fcr Familien, die die Gegend besuchen. Es soll ein \u201asicherer\u2018 Strand sein, und es gibt hier einen Bereich, der Motorbooten verboten ist, so dass Badende und junge Schwimmer in Frieden das Wasser genie\u00dfen k\u00f6nnen. Es gibt auch jede Menge Sand, um Burgen zu bauen, sowie D\u00fcnen zu [&hellip;]\" \/>\n<meta property=\"og:url\" content=\"https:\/\/www.urlaubcornwall.de\/blog\/besten-hotels-in-der-naehe-abersoch-llyn-peninsula\/\" \/>\n<meta property=\"og:site_name\" content=\"Urlaub &amp; Reisen\" \/>\n<meta property=\"article:modified_time\" content=\"2024-05-31T08:30:33+00:00\" \/>\n<meta name=\"twitter:card\" content=\"summary\" \/>\n<meta name=\"twitter:label1\" content=\"Est. reading time\" \/>\n\t<meta name=\"twitter:data1\" content=\"1 minute\" \/>\n<script type=\"application\/ld+json\" class=\"yoast-schema-graph\">{\"@context\":\"https:\/\/schema.org\",\"@graph\":[{\"@type\":\"WebSite\",\"@id\":\"https:\/\/www.urlaubcornwall.de\/blog\/#website\",\"url\":\"https:\/\/www.urlaubcornwall.de\/blog\/\",\"name\":\"Urlaub &amp; Reisen\",\"description\":\"Urlaub, Reisen, Cornwall und S\u00fcdengland: eine perfekte Kombination\",\"potentialAction\":[{\"@type\":\"SearchAction\",\"target\":{\"@type\":\"EntryPoint\",\"urlTemplate\":\"https:\/\/www.urlaubcornwall.de\/blog\/?s={search_term_string}\"},\"query-input\":\"required name=search_term_string\"}],\"inLanguage\":\"en-US\"},{\"@type\":\"WebPage\",\"@id\":\"https:\/\/www.urlaubcornwall.de\/blog\/besten-hotels-in-der-naehe-abersoch-llyn-peninsula\/\",\"url\":\"https:\/\/www.urlaubcornwall.de\/blog\/besten-hotels-in-der-naehe-abersoch-llyn-peninsula\/\",\"name\":\"Besten Hotels in der N\u00e4he Abersoch, Llyn Peninsula - Urlaub &amp; Reisen\",\"isPartOf\":{\"@id\":\"https:\/\/www.urlaubcornwall.de\/blog\/#website\"},\"datePublished\":\"2021-09-13T07:21:52+00:00\",\"dateModified\":\"2024-05-31T08:30:33+00:00\",\"breadcrumb\":{\"@id\":\"https:\/\/www.urlaubcornwall.de\/blog\/besten-hotels-in-der-naehe-abersoch-llyn-peninsula\/#breadcrumb\"},\"inLanguage\":\"en-US\",\"potentialAction\":[{\"@type\":\"ReadAction\",\"target\":[\"https:\/\/www.urlaubcornwall.de\/blog\/besten-hotels-in-der-naehe-abersoch-llyn-peninsula\/\"]}]},{\"@type\":\"BreadcrumbList\",\"@id\":\"https:\/\/www.urlaubcornwall.de\/blog\/besten-hotels-in-der-naehe-abersoch-llyn-peninsula\/#breadcrumb\",\"itemListElement\":[{\"@type\":\"ListItem\",\"position\":1,\"name\":\"Home\",\"item\":\"https:\/\/www.urlaubcornwall.de\/blog\/\"},{\"@type\":\"ListItem\",\"position\":2,\"name\":\"Besten Hotels in der N\u00e4he Abersoch, Llyn Peninsula\"}]}]}<\/script>\n<!-- \/ Yoast SEO plugin. -->","yoast_head_json":{"title":"Besten Hotels in der N\u00e4he Abersoch, Llyn Peninsula - Urlaub &amp; Reisen","robots":{"index":"index","follow":"follow","max-snippet":"max-snippet:-1","max-image-preview":"max-image-preview:large","max-video-preview":"max-video-preview:-1"},"canonical":"https:\/\/www.urlaubcornwall.de\/blog\/besten-hotels-in-der-naehe-abersoch-llyn-peninsula\/","og_locale":"en_US","og_type":"article","og_title":"Besten Hotels in der N\u00e4he Abersoch, Llyn Peninsula - Urlaub &amp; Reisen","og_description":"Der Hauptstrand bei Abersoch ist ein bevorzugtes Ausflugsziel f\u00fcr Familien, die die Gegend besuchen. Es soll ein \u201asicherer\u2018 Strand sein, und es gibt hier einen Bereich, der Motorbooten verboten ist, so dass Badende und junge Schwimmer in Frieden das Wasser genie\u00dfen k\u00f6nnen. Es gibt auch jede Menge Sand, um Burgen zu bauen, sowie D\u00fcnen zu [&hellip;]","og_url":"https:\/\/www.urlaubcornwall.de\/blog\/besten-hotels-in-der-naehe-abersoch-llyn-peninsula\/","og_site_name":"Urlaub &amp; Reisen","article_modified_time":"2024-05-31T08:30:33+00:00","twitter_card":"summary","twitter_misc":{"Est. reading time":"1 minute"},"schema":{"@context":"https:\/\/schema.org","@graph":[{"@type":"WebSite","@id":"https:\/\/www.urlaubcornwall.de\/blog\/#website","url":"https:\/\/www.urlaubcornwall.de\/blog\/","name":"Urlaub &amp; Reisen","description":"Urlaub, Reisen, Cornwall und S\u00fcdengland: eine perfekte Kombination","potentialAction":[{"@type":"SearchAction","target":{"@type":"EntryPoint","urlTemplate":"https:\/\/www.urlaubcornwall.de\/blog\/?s={search_term_string}"},"query-input":"required name=search_term_string"}],"inLanguage":"en-US"},{"@type":"WebPage","@id":"https:\/\/www.urlaubcornwall.de\/blog\/besten-hotels-in-der-naehe-abersoch-llyn-peninsula\/","url":"https:\/\/www.urlaubcornwall.de\/blog\/besten-hotels-in-der-naehe-abersoch-llyn-peninsula\/","name":"Besten Hotels in der N\u00e4he Abersoch, Llyn Peninsula - Urlaub &amp; Reisen","isPartOf":{"@id":"https:\/\/www.urlaubcornwall.de\/blog\/#website"},"datePublished":"2021-09-13T07:21:52+00:00","dateModified":"2024-05-31T08:30:33+00:00","breadcrumb":{"@id":"https:\/\/www.urlaubcornwall.de\/blog\/besten-hotels-in-der-naehe-abersoch-llyn-peninsula\/#breadcrumb"},"inLanguage":"en-US","potentialAction":[{"@type":"ReadAction","target":["https:\/\/www.urlaubcornwall.de\/blog\/besten-hotels-in-der-naehe-abersoch-llyn-peninsula\/"]}]},{"@type":"BreadcrumbList","@id":"https:\/\/www.urlaubcornwall.de\/blog\/besten-hotels-in-der-naehe-abersoch-llyn-peninsula\/#breadcrumb","itemListElement":[{"@type":"ListItem","position":1,"name":"Home","item":"https:\/\/www.urlaubcornwall.de\/blog\/"},{"@type":"ListItem","position":2,"name":"Besten Hotels in der N\u00e4he Abersoch, Llyn Peninsula"}]}]}},"_links":{"self":[{"href":"https:\/\/www.urlaubcornwall.de\/blog\/wp-json\/wp\/v2\/pages\/42691"}],"collection":[{"href":"https:\/\/www.urlaubcornwall.de\/blog\/wp-json\/wp\/v2\/pages"}],"about":[{"href":"https:\/\/www.urlaubcornwall.de\/blog\/wp-json\/wp\/v2\/types\/page"}],"author":[{"embeddable":true,"href":"https:\/\/www.urlaubcornwall.de\/blog\/wp-json\/wp\/v2\/users\/1"}],"replies":[{"embeddable":true,"href":"https:\/\/www.urlaubcornwall.de\/blog\/wp-json\/wp\/v2\/comments?post=42691"}],"version-history":[{"count":4,"href":"https:\/\/www.urlaubcornwall.de\/blog\/wp-json\/wp\/v2\/pages\/42691\/revisions"}],"predecessor-version":[{"id":51242,"href":"https:\/\/www.urlaubcornwall.de\/blog\/wp-json\/wp\/v2\/pages\/42691\/revisions\/51242"}],"wp:attachment":[{"href":"https:\/\/www.urlaubcornwall.de\/blog\/wp-json\/wp\/v2\/media?parent=42691"}],"curies":[{"name":"wp","href":"https:\/\/api.w.org\/{rel}","templated":true}]}}