{"id":42679,"date":"2021-09-09T08:24:02","date_gmt":"2021-09-09T08:24:02","guid":{"rendered":"https:\/\/www.urlaubcornwall.de\/blog\/?page_id=42679"},"modified":"2024-04-15T15:51:41","modified_gmt":"2024-04-15T15:51:41","slug":"ferienhaus-cornwall-unterkunft-fuer-selbstversorger-in-st-ives","status":"publish","type":"page","link":"https:\/\/www.urlaubcornwall.de\/blog\/ferienhaus-cornwall-unterkunft-fuer-selbstversorger-in-st-ives\/","title":{"rendered":"Ferienhaus Cornwall  &#8211; Unterkunft f\u00fcr Selbstversorger in St. Ives"},"content":{"rendered":"<p><img loading=\"lazy\" class=\"aligncenter size-full wp-image-48083\" src=\"https:\/\/www.urlaubcornwall.de\/blog\/wp-content\/uploads\/2024\/03\/st-ives-hafen.jpg\" alt=\"st ives hafen\" width=\"750\" height=\"422\" srcset=\"https:\/\/www.urlaubcornwall.de\/blog\/wp-content\/uploads\/2024\/03\/st-ives-hafen.jpg 750w, https:\/\/www.urlaubcornwall.de\/blog\/wp-content\/uploads\/2024\/03\/st-ives-hafen-300x169.jpg 300w\" sizes=\"(max-width: 750px) 100vw, 750px\" \/><\/p>\n<p>Bei uns finden Sie Ferienh\u00e4user in St Ives zum Verlieben; so einfach ist das!  Es ist das perfekte Urlaubsziel \u2013 suchen Sie sich also ein Ferienhaus mit <a href=\"https:\/\/www.urlaubcornwall.de\/ferienhaeuser-fewos\/cornwall.html\">Selbstverpflegung in Cornwall<\/a> aus, wo es auch landeinw\u00e4rts viel zu entdecken gibt. <\/p>\n<p>Cornwall ist stolz darauf, sich mit einigen der besten Str\u00e4nde Gro\u00dfbritanniens r\u00fchmen zu d\u00fcrfen. Jeder hat da so seine pers\u00f6nlichen Favoriten, f\u00fcr den einen mag es Porthmeor in St. Ives sein, f\u00fcr andere The Towans, <a href=\"https:\/\/www.urlaubcornwall.de\/blog\/schoensten-straende-in-cornwall\/\">einem goldenen Sandstrand<\/a>, der sich von Hayle aus n\u00f6rdlich bis hin zum Godrevy Leuchtturm erstreckt und der perfekt f\u00fcr Familien geeignet ist, die sich nach einem sonnigen Urlaub am Meer sehnen.<\/p>\n<p style=\"text-align: center;\"><a class=\"tidycta\" href=\"https:\/\/www.urlaubcornwall.de\/ferienhaeuser-fewos\/st-ives.html\">Suche Ferienh\u00e4user St Ives <\/a><\/p>\n<div class=\"snippet\"> <a class=\"featured-item\" href=\"https:\/\/www.urlaubcornwall.de\/ferienhaeuser\/cornwall.php\"> <span class=\"image-holder\" style=\"background-image: url('https:\/\/www.urlaubcornwall.de\/blog\/wp-content\/uploads\/2018\/12\/ferienhaus-cornwall-mit-hund.jpg');\"><\/span> <span class=\"featured-content\"> \n<h2 class=\"featured-title\">Ferienh\u00e4user in Cornwall zum Verlieben!<\/h2>\n<p class=\"featured-body\">Cornwall besitzt mehr K\u00fcstenlinien als jede andere Grafschaft und bietet einige der besten Str\u00e4nde, K\u00fcstenwanderwege und Klippenlandschaften, die man \u00fcberhaupt finden kann&#8230;.<\/p><\/span> <span class=\"featured-link-holder\"> <span class=\"featured-extra-info\"> \n<p>F\u00fcr Paare, Familien &#038; Gruppen<\/p>\n<\/span> \n<p class=\"featured-link\">DETAILS<\/p>\n<\/span> <\/a><\/div>\n<div class=\"snippet\"> <a class=\"featured-item\" href=\" https:\/\/www.urlaubcornwall.de\/rundreisen\/cornwall-suedengland.php\"> <span class=\"image-holder\" style=\"background-image: url(' https:\/\/www.urlaubcornwall.de\/blog\/wp-content\/uploads\/2018\/11\/rundreise-cornwall.jpg ');\"><\/span> <span class=\"featured-content\"> \n<h2 class=\"featured-title\">Individuelle Rundreise in Cornwall &#038; S\u00fcdengland<\/h2>\n<p class=\"featured-body\"> Bei dieser Cornwall Rundreise entdecken Sie die H\u00f6hepunkte S\u00fcdenglands. Kultur, Geschichte, Landschaft und heutiges Leben werden Sie hierbei kennenlernen&#8230;<\/p>\n<\/span> <span class=\"featured-link-holder\"> <span class=\"featured-extra-info\"> \n<p>Urlaub im eigenen Schritttempo<\/p>\n<\/span> \n<p class=\"featured-link\">DETAILS<\/p>\n<\/span> <\/a><\/div>\n","protected":false},"excerpt":{"rendered":"<p>Bei uns finden Sie Ferienh\u00e4user in St Ives zum Verlieben; so einfach ist das! Es ist das perfekte Urlaubsziel \u2013 suchen Sie sich also ein Ferienhaus mit Selbstverpflegung in Cornwall aus, wo es auch landeinw\u00e4rts viel zu entdecken gibt. Cornwall ist stolz darauf, sich mit einigen der besten Str\u00e4nde Gro\u00dfbritanniens r\u00fchmen zu d\u00fcrfen. Jeder hat [&hellip;]<\/p>\n","protected":false},"author":1,"featured_media":0,"parent":0,"menu_order":0,"comment_status":"closed","ping_status":"closed","template":"single-four.php","meta":[],"acf":[],"yoast_head":"<!-- This site is optimized with the Yoast SEO plugin v19.4 - https:\/\/yoast.com\/wordpress\/plugins\/seo\/ -->\n<title>Ferienhaus Cornwall - Unterkunft f\u00fcr Selbstversorger in St. Ives - Urlaub &amp; Reisen<\/title>\n<meta name=\"robots\" content=\"index, follow, max-snippet:-1, max-image-preview:large, max-video-preview:-1\" \/>\n<link rel=\"canonical\" href=\"https:\/\/www.urlaubcornwall.de\/blog\/ferienhaus-cornwall-unterkunft-fuer-selbstversorger-in-st-ives\/\" \/>\n<meta property=\"og:locale\" content=\"en_US\" \/>\n<meta property=\"og:type\" content=\"article\" \/>\n<meta property=\"og:title\" content=\"Ferienhaus Cornwall - Unterkunft f\u00fcr Selbstversorger in St. Ives - Urlaub &amp; Reisen\" \/>\n<meta property=\"og:description\" content=\"Bei uns finden Sie Ferienh\u00e4user in St Ives zum Verlieben; so einfach ist das! Es ist das perfekte Urlaubsziel \u2013 suchen Sie sich also ein Ferienhaus mit Selbstverpflegung in Cornwall aus, wo es auch landeinw\u00e4rts viel zu entdecken gibt. Cornwall ist stolz darauf, sich mit einigen der besten Str\u00e4nde Gro\u00dfbritanniens r\u00fchmen zu d\u00fcrfen. Jeder hat [&hellip;]\" \/>\n<meta property=\"og:url\" content=\"https:\/\/www.urlaubcornwall.de\/blog\/ferienhaus-cornwall-unterkunft-fuer-selbstversorger-in-st-ives\/\" \/>\n<meta property=\"og:site_name\" content=\"Urlaub &amp; Reisen\" \/>\n<meta property=\"article:modified_time\" content=\"2024-04-15T15:51:41+00:00\" \/>\n<meta property=\"og:image\" content=\"https:\/\/www.urlaubcornwall.de\/blog\/wp-content\/uploads\/2024\/03\/st-ives-hafen.jpg\" \/>\n<meta name=\"twitter:card\" content=\"summary\" \/>\n<meta name=\"twitter:label1\" content=\"Est. reading time\" \/>\n\t<meta name=\"twitter:data1\" content=\"1 minute\" \/>\n<script type=\"application\/ld+json\" class=\"yoast-schema-graph\">{\"@context\":\"https:\/\/schema.org\",\"@graph\":[{\"@type\":\"WebSite\",\"@id\":\"https:\/\/www.urlaubcornwall.de\/blog\/#website\",\"url\":\"https:\/\/www.urlaubcornwall.de\/blog\/\",\"name\":\"Urlaub &amp; Reisen\",\"description\":\"Urlaub, Reisen, Cornwall und S\u00fcdengland: eine perfekte Kombination\",\"potentialAction\":[{\"@type\":\"SearchAction\",\"target\":{\"@type\":\"EntryPoint\",\"urlTemplate\":\"https:\/\/www.urlaubcornwall.de\/blog\/?s={search_term_string}\"},\"query-input\":\"required name=search_term_string\"}],\"inLanguage\":\"en-US\"},{\"@type\":\"WebPage\",\"@id\":\"https:\/\/www.urlaubcornwall.de\/blog\/ferienhaus-cornwall-unterkunft-fuer-selbstversorger-in-st-ives\/\",\"url\":\"https:\/\/www.urlaubcornwall.de\/blog\/ferienhaus-cornwall-unterkunft-fuer-selbstversorger-in-st-ives\/\",\"name\":\"Ferienhaus Cornwall - Unterkunft f\u00fcr Selbstversorger in St. Ives - Urlaub &amp; Reisen\",\"isPartOf\":{\"@id\":\"https:\/\/www.urlaubcornwall.de\/blog\/#website\"},\"datePublished\":\"2021-09-09T08:24:02+00:00\",\"dateModified\":\"2024-04-15T15:51:41+00:00\",\"breadcrumb\":{\"@id\":\"https:\/\/www.urlaubcornwall.de\/blog\/ferienhaus-cornwall-unterkunft-fuer-selbstversorger-in-st-ives\/#breadcrumb\"},\"inLanguage\":\"en-US\",\"potentialAction\":[{\"@type\":\"ReadAction\",\"target\":[\"https:\/\/www.urlaubcornwall.de\/blog\/ferienhaus-cornwall-unterkunft-fuer-selbstversorger-in-st-ives\/\"]}]},{\"@type\":\"BreadcrumbList\",\"@id\":\"https:\/\/www.urlaubcornwall.de\/blog\/ferienhaus-cornwall-unterkunft-fuer-selbstversorger-in-st-ives\/#breadcrumb\",\"itemListElement\":[{\"@type\":\"ListItem\",\"position\":1,\"name\":\"Home\",\"item\":\"https:\/\/www.urlaubcornwall.de\/blog\/\"},{\"@type\":\"ListItem\",\"position\":2,\"name\":\"Ferienhaus Cornwall &#8211; Unterkunft f\u00fcr Selbstversorger in St. Ives\"}]}]}<\/script>\n<!-- \/ Yoast SEO plugin. -->","yoast_head_json":{"title":"Ferienhaus Cornwall - Unterkunft f\u00fcr Selbstversorger in St. Ives - Urlaub &amp; Reisen","robots":{"index":"index","follow":"follow","max-snippet":"max-snippet:-1","max-image-preview":"max-image-preview:large","max-video-preview":"max-video-preview:-1"},"canonical":"https:\/\/www.urlaubcornwall.de\/blog\/ferienhaus-cornwall-unterkunft-fuer-selbstversorger-in-st-ives\/","og_locale":"en_US","og_type":"article","og_title":"Ferienhaus Cornwall - Unterkunft f\u00fcr Selbstversorger in St. Ives - Urlaub &amp; Reisen","og_description":"Bei uns finden Sie Ferienh\u00e4user in St Ives zum Verlieben; so einfach ist das! Es ist das perfekte Urlaubsziel \u2013 suchen Sie sich also ein Ferienhaus mit Selbstverpflegung in Cornwall aus, wo es auch landeinw\u00e4rts viel zu entdecken gibt. Cornwall ist stolz darauf, sich mit einigen der besten Str\u00e4nde Gro\u00dfbritanniens r\u00fchmen zu d\u00fcrfen. Jeder hat [&hellip;]","og_url":"https:\/\/www.urlaubcornwall.de\/blog\/ferienhaus-cornwall-unterkunft-fuer-selbstversorger-in-st-ives\/","og_site_name":"Urlaub &amp; Reisen","article_modified_time":"2024-04-15T15:51:41+00:00","og_image":[{"url":"https:\/\/www.urlaubcornwall.de\/blog\/wp-content\/uploads\/2024\/03\/st-ives-hafen.jpg"}],"twitter_card":"summary","twitter_misc":{"Est. reading time":"1 minute"},"schema":{"@context":"https:\/\/schema.org","@graph":[{"@type":"WebSite","@id":"https:\/\/www.urlaubcornwall.de\/blog\/#website","url":"https:\/\/www.urlaubcornwall.de\/blog\/","name":"Urlaub &amp; Reisen","description":"Urlaub, Reisen, Cornwall und S\u00fcdengland: eine perfekte Kombination","potentialAction":[{"@type":"SearchAction","target":{"@type":"EntryPoint","urlTemplate":"https:\/\/www.urlaubcornwall.de\/blog\/?s={search_term_string}"},"query-input":"required name=search_term_string"}],"inLanguage":"en-US"},{"@type":"WebPage","@id":"https:\/\/www.urlaubcornwall.de\/blog\/ferienhaus-cornwall-unterkunft-fuer-selbstversorger-in-st-ives\/","url":"https:\/\/www.urlaubcornwall.de\/blog\/ferienhaus-cornwall-unterkunft-fuer-selbstversorger-in-st-ives\/","name":"Ferienhaus Cornwall - Unterkunft f\u00fcr Selbstversorger in St. Ives - Urlaub &amp; Reisen","isPartOf":{"@id":"https:\/\/www.urlaubcornwall.de\/blog\/#website"},"datePublished":"2021-09-09T08:24:02+00:00","dateModified":"2024-04-15T15:51:41+00:00","breadcrumb":{"@id":"https:\/\/www.urlaubcornwall.de\/blog\/ferienhaus-cornwall-unterkunft-fuer-selbstversorger-in-st-ives\/#breadcrumb"},"inLanguage":"en-US","potentialAction":[{"@type":"ReadAction","target":["https:\/\/www.urlaubcornwall.de\/blog\/ferienhaus-cornwall-unterkunft-fuer-selbstversorger-in-st-ives\/"]}]},{"@type":"BreadcrumbList","@id":"https:\/\/www.urlaubcornwall.de\/blog\/ferienhaus-cornwall-unterkunft-fuer-selbstversorger-in-st-ives\/#breadcrumb","itemListElement":[{"@type":"ListItem","position":1,"name":"Home","item":"https:\/\/www.urlaubcornwall.de\/blog\/"},{"@type":"ListItem","position":2,"name":"Ferienhaus Cornwall &#8211; Unterkunft f\u00fcr Selbstversorger in St. Ives"}]}]}},"_links":{"self":[{"href":"https:\/\/www.urlaubcornwall.de\/blog\/wp-json\/wp\/v2\/pages\/42679"}],"collection":[{"href":"https:\/\/www.urlaubcornwall.de\/blog\/wp-json\/wp\/v2\/pages"}],"about":[{"href":"https:\/\/www.urlaubcornwall.de\/blog\/wp-json\/wp\/v2\/types\/page"}],"author":[{"embeddable":true,"href":"https:\/\/www.urlaubcornwall.de\/blog\/wp-json\/wp\/v2\/users\/1"}],"replies":[{"embeddable":true,"href":"https:\/\/www.urlaubcornwall.de\/blog\/wp-json\/wp\/v2\/comments?post=42679"}],"version-history":[{"count":4,"href":"https:\/\/www.urlaubcornwall.de\/blog\/wp-json\/wp\/v2\/pages\/42679\/revisions"}],"predecessor-version":[{"id":49756,"href":"https:\/\/www.urlaubcornwall.de\/blog\/wp-json\/wp\/v2\/pages\/42679\/revisions\/49756"}],"wp:attachment":[{"href":"https:\/\/www.urlaubcornwall.de\/blog\/wp-json\/wp\/v2\/media?parent=42679"}],"curies":[{"name":"wp","href":"https:\/\/api.w.org\/{rel}","templated":true}]}}