{"id":42671,"date":"2021-09-09T07:01:56","date_gmt":"2021-09-09T07:01:56","guid":{"rendered":"https:\/\/www.urlaubcornwall.de\/blog\/?page_id=42671"},"modified":"2024-04-15T15:40:29","modified_gmt":"2024-04-15T15:40:29","slug":"das-beste-speiseeis-in-suedengland-urlaubsinspiration","status":"publish","type":"page","link":"https:\/\/www.urlaubcornwall.de\/blog\/das-beste-speiseeis-in-suedengland-urlaubsinspiration\/","title":{"rendered":"Das beste Speiseeis in S\u00fcdengland &#8211; Urlaubsinspiration"},"content":{"rendered":"<p><img loading=\"lazy\" class=\"aligncenter size-full wp-image-47983\" src=\"https:\/\/www.urlaubcornwall.de\/blog\/wp-content\/uploads\/2024\/03\/broadstairs.jpg\" alt=\"broadstairs\" width=\"750\" height=\"422\" srcset=\"https:\/\/www.urlaubcornwall.de\/blog\/wp-content\/uploads\/2024\/03\/broadstairs.jpg 750w, https:\/\/www.urlaubcornwall.de\/blog\/wp-content\/uploads\/2024\/03\/broadstairs-300x169.jpg 300w\" sizes=\"(max-width: 750px) 100vw, 750px\" \/><\/p>\n<p>Wenn Sie Urlaub verbringen in einer von Britanniens meistbekannten Regionen aufgrund ihrer ikonischen Speiseangebote und wundersch\u00f6nen Str\u00e4nde, dann k\u00f6nnen Sie nicht wieder weggehen, bevor Sie nicht ein echtes, traditionellen s\u00fcd\u00f6stliches Speiseeis hatten. Und wenn Sie nach dem Besten Ausschau halten, dann liegen Sie bei Morellis in <a href=\"https:\/\/www.urlaubcornwall.de\/ferienhaeuser-fewos\/eng\/kent\/broadstairs.html\">Broadstairs<\/a> gerade richtig. Diese Retro-Eisdiele \u00f6ffnete im Jahre 1932 entlang der malerischen Meerespromenade der Viking Bay und f\u00fchrt Sie in die Vergangenheit mit Wasserfont\u00e4nen, einer Jukebox, pinken Kunstledersitzen und t\u00e4glich frischem Eis, so dass Ihnen das Wasser im Munde zusammenl\u00e4uft. Sie bieten eine breite Auswahl an Geschmacksrichtungen, angerichtet in Waffelt\u00fcten, Eisbechern, auf Waffeln und Cr\u00eapes, und auch in einem einzigartigen Napf, designt f\u00fcr ihre hundefreundlichen Leckereien. <\/p>\n<div class=\"snippet\"> <a class=\"featured-item\" href=\"https:\/\/www.urlaubcornwall.de\/ferienhaeuser\/suedengland.php\"> <span class=\"image-holder\" style=\"background-image: url('https:\/\/www.urlaubcornwall.de\/blog\/wp-content\/uploads\/2018\/12\/ferienhaus-cornwall-mit-hund.jpg');\"><\/span> <span class=\"featured-content\"> \n<h2 class=\"featured-title\">Ferienh\u00e4user in England zum Verlieben!<\/h2>\n<p class=\"featured-body\">Dank seiner langen Geschichte, der reizvollen Landschaften und seinen vielen Attraktionen ist S\u00fcdengland ein wahres Mekka f\u00fcr Urlauber. F\u00fcr Familien und Paare ist die Reise durch Kent, den Garten Englands, die Sussex Downs, die uralten Grafschaften von Hampshire und Dorset&#8230;.<\/p><\/span> <span class=\"featured-link-holder\"> <span class=\"featured-extra-info\"> \n<p>F\u00fcr Paare, Familien &#038; Gruppen<\/p>\n<\/span> \n<p class=\"featured-link\">DETAILS<\/p>\n<\/span> <\/a><\/div>\n<div class=\"snippet\"> <a class=\"featured-item\" href=\" https:\/\/www.urlaubcornwall.de\/rundreisenservice.php\"> <span class=\"image-holder\" style=\"background-image: url(' https:\/\/www.urlaubcornwall.de\/blog\/wp-content\/uploads\/2018\/11\/rundreise-cornwall.jpg ');\"><\/span> <span class=\"featured-content\"> \n<h2 class=\"featured-title\">Rundreisen durch Gro\u00dfbritannien<\/h2>\n<p class=\"featured-body\">Autoreisen eignen sich perfekt, um das meiste aus Ihrem Urlaub in Gro\u00dfbritannien und Irland zu machen. Gehen Sie in eigenem Schritttempo im eigenen Auto auf Erkundung oder fliegen Sie und mieten ein Auto. Es gibt genug atemberaubender Landschaft und K\u00fcste&#8230;<\/p>\n<\/span> <span class=\"featured-link-holder\"> <span class=\"featured-extra-info\"> \n<p>Teilen Sie uns Ihre Urlaubspl\u00e4ne<\/p>\n<\/span> \n<p class=\"featured-link\">MEHR INFO<\/p>\n<\/span> <\/a><\/div>\n","protected":false},"excerpt":{"rendered":"<p>Wenn Sie Urlaub verbringen in einer von Britanniens meistbekannten Regionen aufgrund ihrer ikonischen Speiseangebote und wundersch\u00f6nen Str\u00e4nde, dann k\u00f6nnen Sie nicht wieder weggehen, bevor Sie nicht ein echtes, traditionellen s\u00fcd\u00f6stliches Speiseeis hatten. Und wenn Sie nach dem Besten Ausschau halten, dann liegen Sie bei Morellis in Broadstairs gerade richtig. Diese Retro-Eisdiele \u00f6ffnete im Jahre 1932 [&hellip;]<\/p>\n","protected":false},"author":1,"featured_media":0,"parent":0,"menu_order":0,"comment_status":"closed","ping_status":"closed","template":"single-four.php","meta":[],"acf":[],"yoast_head":"<!-- This site is optimized with the Yoast SEO plugin v19.4 - https:\/\/yoast.com\/wordpress\/plugins\/seo\/ -->\n<title>Das beste Speiseeis in S\u00fcdengland - Urlaubsinspiration - Urlaub &amp; Reisen<\/title>\n<meta name=\"description\" content=\"Wenn Sie Urlaub verbringen in einer von Britanniens meistbekannten Regionen aufgrund ihrer ikonischen Speiseangebote und wundersch\u00f6nen Str\u00e4nde, dann k\u00f6nnen Sie nicht wieder weggehen, bevor Sie nicht ein echtes, traditionellen s\u00fcd\u00f6stliches Speiseeis hatten. Und wenn Sie nach dem Besten Ausschau halten, dann liegen Sie bei Morellis\" \/>\n<meta name=\"robots\" content=\"index, follow, max-snippet:-1, max-image-preview:large, max-video-preview:-1\" \/>\n<link rel=\"canonical\" href=\"https:\/\/www.urlaubcornwall.de\/blog\/das-beste-speiseeis-in-suedengland-urlaubsinspiration\/\" \/>\n<meta property=\"og:locale\" content=\"en_US\" \/>\n<meta property=\"og:type\" content=\"article\" \/>\n<meta property=\"og:title\" content=\"Das beste Speiseeis in S\u00fcdengland - Urlaubsinspiration - Urlaub &amp; Reisen\" \/>\n<meta property=\"og:description\" content=\"Wenn Sie Urlaub verbringen in einer von Britanniens meistbekannten Regionen aufgrund ihrer ikonischen Speiseangebote und wundersch\u00f6nen Str\u00e4nde, dann k\u00f6nnen Sie nicht wieder weggehen, bevor Sie nicht ein echtes, traditionellen s\u00fcd\u00f6stliches Speiseeis hatten. Und wenn Sie nach dem Besten Ausschau halten, dann liegen Sie bei Morellis\" \/>\n<meta property=\"og:url\" content=\"https:\/\/www.urlaubcornwall.de\/blog\/das-beste-speiseeis-in-suedengland-urlaubsinspiration\/\" \/>\n<meta property=\"og:site_name\" content=\"Urlaub &amp; Reisen\" \/>\n<meta property=\"article:modified_time\" content=\"2024-04-15T15:40:29+00:00\" \/>\n<meta property=\"og:image\" content=\"https:\/\/www.urlaubcornwall.de\/blog\/wp-content\/uploads\/2024\/03\/broadstairs.jpg\" \/>\n<meta name=\"twitter:card\" content=\"summary\" \/>\n<meta name=\"twitter:label1\" content=\"Est. reading time\" \/>\n\t<meta name=\"twitter:data1\" content=\"2 minutes\" \/>\n<script type=\"application\/ld+json\" class=\"yoast-schema-graph\">{\"@context\":\"https:\/\/schema.org\",\"@graph\":[{\"@type\":\"WebSite\",\"@id\":\"https:\/\/www.urlaubcornwall.de\/blog\/#website\",\"url\":\"https:\/\/www.urlaubcornwall.de\/blog\/\",\"name\":\"Urlaub &amp; Reisen\",\"description\":\"Urlaub, Reisen, Cornwall und S\u00fcdengland: eine perfekte Kombination\",\"potentialAction\":[{\"@type\":\"SearchAction\",\"target\":{\"@type\":\"EntryPoint\",\"urlTemplate\":\"https:\/\/www.urlaubcornwall.de\/blog\/?s={search_term_string}\"},\"query-input\":\"required name=search_term_string\"}],\"inLanguage\":\"en-US\"},{\"@type\":\"WebPage\",\"@id\":\"https:\/\/www.urlaubcornwall.de\/blog\/das-beste-speiseeis-in-suedengland-urlaubsinspiration\/\",\"url\":\"https:\/\/www.urlaubcornwall.de\/blog\/das-beste-speiseeis-in-suedengland-urlaubsinspiration\/\",\"name\":\"Das beste Speiseeis in S\u00fcdengland - Urlaubsinspiration - Urlaub &amp; Reisen\",\"isPartOf\":{\"@id\":\"https:\/\/www.urlaubcornwall.de\/blog\/#website\"},\"datePublished\":\"2021-09-09T07:01:56+00:00\",\"dateModified\":\"2024-04-15T15:40:29+00:00\",\"description\":\"Wenn Sie Urlaub verbringen in einer von Britanniens meistbekannten Regionen aufgrund ihrer ikonischen Speiseangebote und wundersch\u00f6nen Str\u00e4nde, dann k\u00f6nnen Sie nicht wieder weggehen, bevor Sie nicht ein echtes, traditionellen s\u00fcd\u00f6stliches Speiseeis hatten. Und wenn Sie nach dem Besten Ausschau halten, dann liegen Sie bei Morellis\",\"breadcrumb\":{\"@id\":\"https:\/\/www.urlaubcornwall.de\/blog\/das-beste-speiseeis-in-suedengland-urlaubsinspiration\/#breadcrumb\"},\"inLanguage\":\"en-US\",\"potentialAction\":[{\"@type\":\"ReadAction\",\"target\":[\"https:\/\/www.urlaubcornwall.de\/blog\/das-beste-speiseeis-in-suedengland-urlaubsinspiration\/\"]}]},{\"@type\":\"BreadcrumbList\",\"@id\":\"https:\/\/www.urlaubcornwall.de\/blog\/das-beste-speiseeis-in-suedengland-urlaubsinspiration\/#breadcrumb\",\"itemListElement\":[{\"@type\":\"ListItem\",\"position\":1,\"name\":\"Home\",\"item\":\"https:\/\/www.urlaubcornwall.de\/blog\/\"},{\"@type\":\"ListItem\",\"position\":2,\"name\":\"Das beste Speiseeis in S\u00fcdengland &#8211; Urlaubsinspiration\"}]}]}<\/script>\n<!-- \/ Yoast SEO plugin. -->","yoast_head_json":{"title":"Das beste Speiseeis in S\u00fcdengland - Urlaubsinspiration - Urlaub &amp; Reisen","description":"Wenn Sie Urlaub verbringen in einer von Britanniens meistbekannten Regionen aufgrund ihrer ikonischen Speiseangebote und wundersch\u00f6nen Str\u00e4nde, dann k\u00f6nnen Sie nicht wieder weggehen, bevor Sie nicht ein echtes, traditionellen s\u00fcd\u00f6stliches Speiseeis hatten. Und wenn Sie nach dem Besten Ausschau halten, dann liegen Sie bei Morellis","robots":{"index":"index","follow":"follow","max-snippet":"max-snippet:-1","max-image-preview":"max-image-preview:large","max-video-preview":"max-video-preview:-1"},"canonical":"https:\/\/www.urlaubcornwall.de\/blog\/das-beste-speiseeis-in-suedengland-urlaubsinspiration\/","og_locale":"en_US","og_type":"article","og_title":"Das beste Speiseeis in S\u00fcdengland - Urlaubsinspiration - Urlaub &amp; Reisen","og_description":"Wenn Sie Urlaub verbringen in einer von Britanniens meistbekannten Regionen aufgrund ihrer ikonischen Speiseangebote und wundersch\u00f6nen Str\u00e4nde, dann k\u00f6nnen Sie nicht wieder weggehen, bevor Sie nicht ein echtes, traditionellen s\u00fcd\u00f6stliches Speiseeis hatten. Und wenn Sie nach dem Besten Ausschau halten, dann liegen Sie bei Morellis","og_url":"https:\/\/www.urlaubcornwall.de\/blog\/das-beste-speiseeis-in-suedengland-urlaubsinspiration\/","og_site_name":"Urlaub &amp; Reisen","article_modified_time":"2024-04-15T15:40:29+00:00","og_image":[{"url":"https:\/\/www.urlaubcornwall.de\/blog\/wp-content\/uploads\/2024\/03\/broadstairs.jpg"}],"twitter_card":"summary","twitter_misc":{"Est. reading time":"2 minutes"},"schema":{"@context":"https:\/\/schema.org","@graph":[{"@type":"WebSite","@id":"https:\/\/www.urlaubcornwall.de\/blog\/#website","url":"https:\/\/www.urlaubcornwall.de\/blog\/","name":"Urlaub &amp; Reisen","description":"Urlaub, Reisen, Cornwall und S\u00fcdengland: eine perfekte Kombination","potentialAction":[{"@type":"SearchAction","target":{"@type":"EntryPoint","urlTemplate":"https:\/\/www.urlaubcornwall.de\/blog\/?s={search_term_string}"},"query-input":"required name=search_term_string"}],"inLanguage":"en-US"},{"@type":"WebPage","@id":"https:\/\/www.urlaubcornwall.de\/blog\/das-beste-speiseeis-in-suedengland-urlaubsinspiration\/","url":"https:\/\/www.urlaubcornwall.de\/blog\/das-beste-speiseeis-in-suedengland-urlaubsinspiration\/","name":"Das beste Speiseeis in S\u00fcdengland - Urlaubsinspiration - Urlaub &amp; Reisen","isPartOf":{"@id":"https:\/\/www.urlaubcornwall.de\/blog\/#website"},"datePublished":"2021-09-09T07:01:56+00:00","dateModified":"2024-04-15T15:40:29+00:00","description":"Wenn Sie Urlaub verbringen in einer von Britanniens meistbekannten Regionen aufgrund ihrer ikonischen Speiseangebote und wundersch\u00f6nen Str\u00e4nde, dann k\u00f6nnen Sie nicht wieder weggehen, bevor Sie nicht ein echtes, traditionellen s\u00fcd\u00f6stliches Speiseeis hatten. Und wenn Sie nach dem Besten Ausschau halten, dann liegen Sie bei Morellis","breadcrumb":{"@id":"https:\/\/www.urlaubcornwall.de\/blog\/das-beste-speiseeis-in-suedengland-urlaubsinspiration\/#breadcrumb"},"inLanguage":"en-US","potentialAction":[{"@type":"ReadAction","target":["https:\/\/www.urlaubcornwall.de\/blog\/das-beste-speiseeis-in-suedengland-urlaubsinspiration\/"]}]},{"@type":"BreadcrumbList","@id":"https:\/\/www.urlaubcornwall.de\/blog\/das-beste-speiseeis-in-suedengland-urlaubsinspiration\/#breadcrumb","itemListElement":[{"@type":"ListItem","position":1,"name":"Home","item":"https:\/\/www.urlaubcornwall.de\/blog\/"},{"@type":"ListItem","position":2,"name":"Das beste Speiseeis in S\u00fcdengland &#8211; Urlaubsinspiration"}]}]}},"_links":{"self":[{"href":"https:\/\/www.urlaubcornwall.de\/blog\/wp-json\/wp\/v2\/pages\/42671"}],"collection":[{"href":"https:\/\/www.urlaubcornwall.de\/blog\/wp-json\/wp\/v2\/pages"}],"about":[{"href":"https:\/\/www.urlaubcornwall.de\/blog\/wp-json\/wp\/v2\/types\/page"}],"author":[{"embeddable":true,"href":"https:\/\/www.urlaubcornwall.de\/blog\/wp-json\/wp\/v2\/users\/1"}],"replies":[{"embeddable":true,"href":"https:\/\/www.urlaubcornwall.de\/blog\/wp-json\/wp\/v2\/comments?post=42671"}],"version-history":[{"count":3,"href":"https:\/\/www.urlaubcornwall.de\/blog\/wp-json\/wp\/v2\/pages\/42671\/revisions"}],"predecessor-version":[{"id":49714,"href":"https:\/\/www.urlaubcornwall.de\/blog\/wp-json\/wp\/v2\/pages\/42671\/revisions\/49714"}],"wp:attachment":[{"href":"https:\/\/www.urlaubcornwall.de\/blog\/wp-json\/wp\/v2\/media?parent=42671"}],"curies":[{"name":"wp","href":"https:\/\/api.w.org\/{rel}","templated":true}]}}