{"id":42669,"date":"2021-09-09T06:58:21","date_gmt":"2021-09-09T06:58:21","guid":{"rendered":"https:\/\/www.urlaubcornwall.de\/blog\/?page_id=42669"},"modified":"2024-04-15T15:40:42","modified_gmt":"2024-04-15T15:40:42","slug":"der-beste-ausblick-in-suedengland-urlaubsinspiration","status":"publish","type":"page","link":"https:\/\/www.urlaubcornwall.de\/blog\/der-beste-ausblick-in-suedengland-urlaubsinspiration\/","title":{"rendered":"Der beste Ausblick in S\u00fcdengland &#8211; Urlaubsinspiration"},"content":{"rendered":"<p><img loading=\"lazy\" class=\"aligncenter size-full wp-image-41457\" src=\"https:\/\/www.urlaubcornwall.de\/blog\/wp-content\/uploads\/2021\/03\/Brighton-i360_edit.jpg\" alt=\"Brighton i360 urlaub\" width=\"750\" height=\"456\"\/><\/p>\n<p>Zwischen den beiden Ost und West Sussex gibt es Hunderte von atemberaubenden Ausblicken, von den imposanten Klippen bei Dover bis hin zum weitl\u00e4ufigen Tal von Devils Dike. Doch keiner davon ist so eindrucksvoll wie eine Fahrt zur Spitze des British Airways i360. Da er sich \u00fcber dem unverkennbaren Kieselstrand von <a href=\"https:\/\/www.urlaubcornwall.de\/blog\/urlaub-in-brighton-sussex-sehenswuerdigkeiten-unterkunft-und-geschichte\/\">Brighton und Hove<\/a> befindet, sehen Sie von hier aus die Sch\u00f6nheit der S\u00fcdk\u00fcste wie nie zuvor. Gleiten Sie sanft bis zu 140m hinauf in einem futuristischen Glasaussichtsbeh\u00e4lter, der designt wurde von den Sch\u00f6pfern des London Eye, und bewundern Sie einen beeindruckenden 360 Grad Blick \u00fcber die Stadt, \u00fcber den <a href=\"https:\/\/www.urlaubcornwall.de\/reiseziel\/sussex.php\">South Downs Nationalpark<\/a> hinweg, und an den klarsten Tagen sogar bis zur Isle of Wight. <\/p>\n<div class=\"snippet\"> <a class=\"featured-item\" href=\"https:\/\/www.urlaubcornwall.de\/ferienhaeuser\/suedengland.php\"> <span class=\"image-holder\" style=\"background-image: url('https:\/\/www.urlaubcornwall.de\/blog\/wp-content\/uploads\/2018\/12\/ferienhaus-cornwall-mit-hund.jpg');\"><\/span> <span class=\"featured-content\"> \n<h2 class=\"featured-title\">Ferienh\u00e4user in England zum Verlieben!<\/h2>\n<p class=\"featured-body\">Dank seiner langen Geschichte, der reizvollen Landschaften und seinen vielen Attraktionen ist S\u00fcdengland ein wahres Mekka f\u00fcr Urlauber. F\u00fcr Familien und Paare ist die Reise durch Kent, den Garten Englands, die Sussex Downs, die uralten Grafschaften von Hampshire und Dorset&#8230;.<\/p><\/span> <span class=\"featured-link-holder\"> <span class=\"featured-extra-info\"> \n<p>F\u00fcr Paare, Familien &#038; Gruppen<\/p>\n<\/span> \n<p class=\"featured-link\">DETAILS<\/p>\n<\/span> <\/a><\/div>\n<div class=\"snippet\"> <a class=\"featured-item\" href=\" https:\/\/www.urlaubcornwall.de\/rundreisenservice.php\"> <span class=\"image-holder\" style=\"background-image: url(' https:\/\/www.urlaubcornwall.de\/blog\/wp-content\/uploads\/2018\/11\/rundreise-cornwall.jpg ');\"><\/span> <span class=\"featured-content\"> \n<h2 class=\"featured-title\">Rundreisen durch Gro\u00dfbritannien<\/h2>\n<p class=\"featured-body\">Autoreisen eignen sich perfekt, um das meiste aus Ihrem Urlaub in Gro\u00dfbritannien und Irland zu machen. Gehen Sie in eigenem Schritttempo im eigenen Auto auf Erkundung oder fliegen Sie und mieten ein Auto. Es gibt genug atemberaubender Landschaft und K\u00fcste&#8230;<\/p>\n<\/span> <span class=\"featured-link-holder\"> <span class=\"featured-extra-info\"> \n<p>Teilen Sie uns Ihre Urlaubspl\u00e4ne<\/p>\n<\/span> \n<p class=\"featured-link\">MEHR INFO<\/p>\n<\/span> <\/a><\/div>\n","protected":false},"excerpt":{"rendered":"<p>Zwischen den beiden Ost und West Sussex gibt es Hunderte von atemberaubenden Ausblicken, von den imposanten Klippen bei Dover bis hin zum weitl\u00e4ufigen Tal von Devils Dike. Doch keiner davon ist so eindrucksvoll wie eine Fahrt zur Spitze des British Airways i360. Da er sich \u00fcber dem unverkennbaren Kieselstrand von Brighton und Hove befindet, sehen [&hellip;]<\/p>\n","protected":false},"author":1,"featured_media":0,"parent":0,"menu_order":0,"comment_status":"closed","ping_status":"closed","template":"single-four.php","meta":[],"acf":[],"yoast_head":"<!-- This site is optimized with the Yoast SEO plugin v19.4 - https:\/\/yoast.com\/wordpress\/plugins\/seo\/ -->\n<title>Der beste Ausblick in S\u00fcdengland - Urlaubsinspiration - Urlaub &amp; Reisen<\/title>\n<meta name=\"robots\" content=\"index, follow, max-snippet:-1, max-image-preview:large, max-video-preview:-1\" \/>\n<link rel=\"canonical\" href=\"https:\/\/www.urlaubcornwall.de\/blog\/der-beste-ausblick-in-suedengland-urlaubsinspiration\/\" \/>\n<meta property=\"og:locale\" content=\"en_US\" \/>\n<meta property=\"og:type\" content=\"article\" \/>\n<meta property=\"og:title\" content=\"Der beste Ausblick in S\u00fcdengland - Urlaubsinspiration - Urlaub &amp; Reisen\" \/>\n<meta property=\"og:description\" content=\"Zwischen den beiden Ost und West Sussex gibt es Hunderte von atemberaubenden Ausblicken, von den imposanten Klippen bei Dover bis hin zum weitl\u00e4ufigen Tal von Devils Dike. Doch keiner davon ist so eindrucksvoll wie eine Fahrt zur Spitze des British Airways i360. Da er sich \u00fcber dem unverkennbaren Kieselstrand von Brighton und Hove befindet, sehen [&hellip;]\" \/>\n<meta property=\"og:url\" content=\"https:\/\/www.urlaubcornwall.de\/blog\/der-beste-ausblick-in-suedengland-urlaubsinspiration\/\" \/>\n<meta property=\"og:site_name\" content=\"Urlaub &amp; Reisen\" \/>\n<meta property=\"article:modified_time\" content=\"2024-04-15T15:40:42+00:00\" \/>\n<meta property=\"og:image\" content=\"https:\/\/www.urlaubcornwall.de\/blog\/wp-content\/uploads\/2021\/03\/Brighton-i360_edit.jpg\" \/>\n<meta name=\"twitter:card\" content=\"summary\" \/>\n<meta name=\"twitter:label1\" content=\"Est. reading time\" \/>\n\t<meta name=\"twitter:data1\" content=\"2 minutes\" \/>\n<script type=\"application\/ld+json\" class=\"yoast-schema-graph\">{\"@context\":\"https:\/\/schema.org\",\"@graph\":[{\"@type\":\"WebSite\",\"@id\":\"https:\/\/www.urlaubcornwall.de\/blog\/#website\",\"url\":\"https:\/\/www.urlaubcornwall.de\/blog\/\",\"name\":\"Urlaub &amp; Reisen\",\"description\":\"Urlaub, Reisen, Cornwall und S\u00fcdengland: eine perfekte Kombination\",\"potentialAction\":[{\"@type\":\"SearchAction\",\"target\":{\"@type\":\"EntryPoint\",\"urlTemplate\":\"https:\/\/www.urlaubcornwall.de\/blog\/?s={search_term_string}\"},\"query-input\":\"required name=search_term_string\"}],\"inLanguage\":\"en-US\"},{\"@type\":\"WebPage\",\"@id\":\"https:\/\/www.urlaubcornwall.de\/blog\/der-beste-ausblick-in-suedengland-urlaubsinspiration\/\",\"url\":\"https:\/\/www.urlaubcornwall.de\/blog\/der-beste-ausblick-in-suedengland-urlaubsinspiration\/\",\"name\":\"Der beste Ausblick in S\u00fcdengland - Urlaubsinspiration - Urlaub &amp; Reisen\",\"isPartOf\":{\"@id\":\"https:\/\/www.urlaubcornwall.de\/blog\/#website\"},\"datePublished\":\"2021-09-09T06:58:21+00:00\",\"dateModified\":\"2024-04-15T15:40:42+00:00\",\"breadcrumb\":{\"@id\":\"https:\/\/www.urlaubcornwall.de\/blog\/der-beste-ausblick-in-suedengland-urlaubsinspiration\/#breadcrumb\"},\"inLanguage\":\"en-US\",\"potentialAction\":[{\"@type\":\"ReadAction\",\"target\":[\"https:\/\/www.urlaubcornwall.de\/blog\/der-beste-ausblick-in-suedengland-urlaubsinspiration\/\"]}]},{\"@type\":\"BreadcrumbList\",\"@id\":\"https:\/\/www.urlaubcornwall.de\/blog\/der-beste-ausblick-in-suedengland-urlaubsinspiration\/#breadcrumb\",\"itemListElement\":[{\"@type\":\"ListItem\",\"position\":1,\"name\":\"Home\",\"item\":\"https:\/\/www.urlaubcornwall.de\/blog\/\"},{\"@type\":\"ListItem\",\"position\":2,\"name\":\"Der beste Ausblick in S\u00fcdengland &#8211; Urlaubsinspiration\"}]}]}<\/script>\n<!-- \/ Yoast SEO plugin. -->","yoast_head_json":{"title":"Der beste Ausblick in S\u00fcdengland - Urlaubsinspiration - Urlaub &amp; Reisen","robots":{"index":"index","follow":"follow","max-snippet":"max-snippet:-1","max-image-preview":"max-image-preview:large","max-video-preview":"max-video-preview:-1"},"canonical":"https:\/\/www.urlaubcornwall.de\/blog\/der-beste-ausblick-in-suedengland-urlaubsinspiration\/","og_locale":"en_US","og_type":"article","og_title":"Der beste Ausblick in S\u00fcdengland - Urlaubsinspiration - Urlaub &amp; Reisen","og_description":"Zwischen den beiden Ost und West Sussex gibt es Hunderte von atemberaubenden Ausblicken, von den imposanten Klippen bei Dover bis hin zum weitl\u00e4ufigen Tal von Devils Dike. Doch keiner davon ist so eindrucksvoll wie eine Fahrt zur Spitze des British Airways i360. Da er sich \u00fcber dem unverkennbaren Kieselstrand von Brighton und Hove befindet, sehen [&hellip;]","og_url":"https:\/\/www.urlaubcornwall.de\/blog\/der-beste-ausblick-in-suedengland-urlaubsinspiration\/","og_site_name":"Urlaub &amp; Reisen","article_modified_time":"2024-04-15T15:40:42+00:00","og_image":[{"url":"https:\/\/www.urlaubcornwall.de\/blog\/wp-content\/uploads\/2021\/03\/Brighton-i360_edit.jpg"}],"twitter_card":"summary","twitter_misc":{"Est. reading time":"2 minutes"},"schema":{"@context":"https:\/\/schema.org","@graph":[{"@type":"WebSite","@id":"https:\/\/www.urlaubcornwall.de\/blog\/#website","url":"https:\/\/www.urlaubcornwall.de\/blog\/","name":"Urlaub &amp; Reisen","description":"Urlaub, Reisen, Cornwall und S\u00fcdengland: eine perfekte Kombination","potentialAction":[{"@type":"SearchAction","target":{"@type":"EntryPoint","urlTemplate":"https:\/\/www.urlaubcornwall.de\/blog\/?s={search_term_string}"},"query-input":"required name=search_term_string"}],"inLanguage":"en-US"},{"@type":"WebPage","@id":"https:\/\/www.urlaubcornwall.de\/blog\/der-beste-ausblick-in-suedengland-urlaubsinspiration\/","url":"https:\/\/www.urlaubcornwall.de\/blog\/der-beste-ausblick-in-suedengland-urlaubsinspiration\/","name":"Der beste Ausblick in S\u00fcdengland - Urlaubsinspiration - Urlaub &amp; Reisen","isPartOf":{"@id":"https:\/\/www.urlaubcornwall.de\/blog\/#website"},"datePublished":"2021-09-09T06:58:21+00:00","dateModified":"2024-04-15T15:40:42+00:00","breadcrumb":{"@id":"https:\/\/www.urlaubcornwall.de\/blog\/der-beste-ausblick-in-suedengland-urlaubsinspiration\/#breadcrumb"},"inLanguage":"en-US","potentialAction":[{"@type":"ReadAction","target":["https:\/\/www.urlaubcornwall.de\/blog\/der-beste-ausblick-in-suedengland-urlaubsinspiration\/"]}]},{"@type":"BreadcrumbList","@id":"https:\/\/www.urlaubcornwall.de\/blog\/der-beste-ausblick-in-suedengland-urlaubsinspiration\/#breadcrumb","itemListElement":[{"@type":"ListItem","position":1,"name":"Home","item":"https:\/\/www.urlaubcornwall.de\/blog\/"},{"@type":"ListItem","position":2,"name":"Der beste Ausblick in S\u00fcdengland &#8211; Urlaubsinspiration"}]}]}},"_links":{"self":[{"href":"https:\/\/www.urlaubcornwall.de\/blog\/wp-json\/wp\/v2\/pages\/42669"}],"collection":[{"href":"https:\/\/www.urlaubcornwall.de\/blog\/wp-json\/wp\/v2\/pages"}],"about":[{"href":"https:\/\/www.urlaubcornwall.de\/blog\/wp-json\/wp\/v2\/types\/page"}],"author":[{"embeddable":true,"href":"https:\/\/www.urlaubcornwall.de\/blog\/wp-json\/wp\/v2\/users\/1"}],"replies":[{"embeddable":true,"href":"https:\/\/www.urlaubcornwall.de\/blog\/wp-json\/wp\/v2\/comments?post=42669"}],"version-history":[{"count":6,"href":"https:\/\/www.urlaubcornwall.de\/blog\/wp-json\/wp\/v2\/pages\/42669\/revisions"}],"predecessor-version":[{"id":49715,"href":"https:\/\/www.urlaubcornwall.de\/blog\/wp-json\/wp\/v2\/pages\/42669\/revisions\/49715"}],"wp:attachment":[{"href":"https:\/\/www.urlaubcornwall.de\/blog\/wp-json\/wp\/v2\/media?parent=42669"}],"curies":[{"name":"wp","href":"https:\/\/api.w.org\/{rel}","templated":true}]}}