{"id":42636,"date":"2021-09-07T13:41:36","date_gmt":"2021-09-07T13:41:36","guid":{"rendered":"https:\/\/www.urlaubcornwall.de\/blog\/?page_id=42636"},"modified":"2024-02-28T06:53:53","modified_gmt":"2024-02-28T06:53:53","slug":"hotels-in-der-naehe-die-world-of-beatrix-potter","status":"publish","type":"page","link":"https:\/\/www.urlaubcornwall.de\/blog\/hotels-in-der-naehe-die-world-of-beatrix-potter\/","title":{"rendered":"Besten Hotels in der N\u00e4he die World of Beatrix Potter"},"content":{"rendered":"<p style=\"text-align: right;\"><img loading=\"lazy\" class=\"aligncenter size-full wp-image-33743\" src=\"https:\/\/www.urlaubcornwall.de\/blog\/wp-content\/uploads\/2018\/04\/Esthwaite-Water-urlaub-lake-district.jpg\" alt=\"Esthwaite Water Urlaub lake district\" width=\"746\" height=\"497\" srcset=\"https:\/\/www.urlaubcornwall.de\/blog\/wp-content\/uploads\/2018\/04\/Esthwaite-Water-urlaub-lake-district.jpg 746w, https:\/\/www.urlaubcornwall.de\/blog\/wp-content\/uploads\/2018\/04\/Esthwaite-Water-urlaub-lake-district-300x200.jpg 300w\" sizes=\"(max-width: 746px) 100vw, 746px\" \/><\/p>\n<p style=\"text-align: right;\">\u00a9 <a href=\"https:\/\/www.123rf.com\/profile_grahammoore999\"rel=\"nofollow\">grahammoore999 \/ 123RF Stock Photo<\/a><\/p>\n<p><strong>Die \u201eWorld of Beatrix Potter\u201c in <a href=\"https:\/\/www.urlaubcornwall.de\/ferienhaeuser-fewos\/eng\/lake-district\/bowness-on-windermere.html\">Bowness-on-Windermere<\/a><\/strong> &#8211; ein hervorragender Ort, wenn das Wetter nicht so gut ist. Neben Peter Rabbits Garten sehen Sie lebensgro\u00dfe Nachbildungen von Szenen aus den B\u00fcchern; begegnen Sie s\u00e4mtlichen Figuren und genie\u00dfen Sie einen virtuellen Spaziergang durch die Landschaft Cambrias. Im Teehaus k\u00f6nnen Sie einen englischen Nachmittagstee genie\u00dfen, der mit frischen Zutaten vor Ort gebraut wurde. Die Beatrix Potter Welt ist t\u00e4glich ge\u00f6ffnet.<\/p>\n<p><ins class=\"bookingaff\" data-aid=\"2191634\" data-target_aid=\"2191634\" data-prod=\"map\" data-width=\"100%\" data-height=\"590\" data-lang=\"ualng\" data-dest_id=\"0\" data-dest_type=\"landmark\" data-latitude=\"54.3654125\" data-longitude=\"-2.9190726\" data-landmark_name=\"The World of Beatrix Potter Attraction\" data-mwhsb=\"0\" data-address=\"The World of Beatrix Potter Attraction, Crag Brow, Bowness-on-Windermere, Windermere, UK\"><br \/>\n    <!-- Anything inside will go away once widget is loaded. --><br \/>\n        <a href=\"\/\/www.booking.com?aid=2191634\" rel=\"nofollow\">Booking.com<\/a><br \/>\n<\/ins><br \/>\n<script type=\"text\/javascript\">\n    (function(d, sc, u) {\n      var s = d.createElement(sc), p = d.getElementsByTagName(sc)[0];\n      s.type = 'text\/javascript';\n      s.async = true;\n      s.src = u + '?v=' + (+new Date());\n      p.parentNode.insertBefore(s,p);\n      })(document, 'script', '\/\/aff.bstatic.com\/static\/affiliate_base\/js\/flexiproduct.js');\n<\/script><\/p>\n<div class=\"snippet\"> <a class=\"featured-item\" href=\" https:\/\/www.urlaubcornwall.de\/ferienhaeuser-fewos\/eng\/lake-district\/lake-district.html\"> <span class=\"image-holder\" style=\"background-image: url(' https:\/\/www.urlaubcornwall.de\/blog\/wp-content\/uploads\/2019\/01\/urlaub-lake-distrikt.jpg');\"><\/span> <span class=\"featured-content\"> \n<h2 class=\"featured-title\">Ferienh\u00e4user im Lake Distrikt zum Verlieben!<\/h2>\n<p class=\"featured-body\">Enge Stra\u00dfen, hoch aufragende Berge, herabst\u00fcrzende Wasserf\u00e4lle und Seen jeglichen Umfangs und jeglicher Form schaffen eine Landschaft&#8230;..<\/p>\n<\/span> <span class=\"featured-link-holder\"> <span class=\"featured-extra-info\"> \n<p>F\u00fcr Paare, Familien &#038; Gruppen<\/p>\n<\/span> \n<p class=\"featured-link\">DETAILS<\/p>\n<\/span> <\/a><\/div>\n<p style=\"text-align: center;\"><a href=\"https:\/\/www.urlaubcornwall.de\/blog\/schoensten-seen-im-lake-distrikt\/\">Die wundersch\u00f6nen Seen des Lake District<\/a><\/p>\n","protected":false},"excerpt":{"rendered":"<p>\u00a9 grahammoore999 \/ 123RF Stock Photo Die \u201eWorld of Beatrix Potter\u201c in Bowness-on-Windermere &#8211; ein hervorragender Ort, wenn das Wetter nicht so gut ist. Neben Peter Rabbits Garten sehen Sie lebensgro\u00dfe Nachbildungen von Szenen aus den B\u00fcchern; begegnen Sie s\u00e4mtlichen Figuren und genie\u00dfen Sie einen virtuellen Spaziergang durch die Landschaft Cambrias. Im Teehaus k\u00f6nnen Sie [&hellip;]<\/p>\n","protected":false},"author":1,"featured_media":0,"parent":0,"menu_order":0,"comment_status":"closed","ping_status":"closed","template":"single-four.php","meta":[],"acf":[],"yoast_head":"<!-- This site is optimized with the Yoast SEO plugin v19.4 - https:\/\/yoast.com\/wordpress\/plugins\/seo\/ -->\n<title>Besten Hotels in der N\u00e4he die World of Beatrix Potter - Urlaub &amp; Reisen<\/title>\n<meta name=\"robots\" content=\"index, follow, max-snippet:-1, max-image-preview:large, max-video-preview:-1\" \/>\n<link rel=\"canonical\" href=\"https:\/\/www.urlaubcornwall.de\/blog\/hotels-in-der-naehe-die-world-of-beatrix-potter\/\" \/>\n<meta property=\"og:locale\" content=\"en_US\" \/>\n<meta property=\"og:type\" content=\"article\" \/>\n<meta property=\"og:title\" content=\"Besten Hotels in der N\u00e4he die World of Beatrix Potter - Urlaub &amp; Reisen\" \/>\n<meta property=\"og:description\" content=\"\u00a9 grahammoore999 \/ 123RF Stock Photo Die \u201eWorld of Beatrix Potter\u201c in Bowness-on-Windermere &#8211; ein hervorragender Ort, wenn das Wetter nicht so gut ist. Neben Peter Rabbits Garten sehen Sie lebensgro\u00dfe Nachbildungen von Szenen aus den B\u00fcchern; begegnen Sie s\u00e4mtlichen Figuren und genie\u00dfen Sie einen virtuellen Spaziergang durch die Landschaft Cambrias. Im Teehaus k\u00f6nnen Sie [&hellip;]\" \/>\n<meta property=\"og:url\" content=\"https:\/\/www.urlaubcornwall.de\/blog\/hotels-in-der-naehe-die-world-of-beatrix-potter\/\" \/>\n<meta property=\"og:site_name\" content=\"Urlaub &amp; Reisen\" \/>\n<meta property=\"article:modified_time\" content=\"2024-02-28T06:53:53+00:00\" \/>\n<meta property=\"og:image\" content=\"https:\/\/www.urlaubcornwall.de\/blog\/wp-content\/uploads\/2018\/04\/Esthwaite-Water-urlaub-lake-district.jpg\" \/>\n<meta name=\"twitter:card\" content=\"summary\" \/>\n<meta name=\"twitter:label1\" content=\"Est. reading time\" \/>\n\t<meta name=\"twitter:data1\" content=\"1 minute\" \/>\n<script type=\"application\/ld+json\" class=\"yoast-schema-graph\">{\"@context\":\"https:\/\/schema.org\",\"@graph\":[{\"@type\":\"WebSite\",\"@id\":\"https:\/\/www.urlaubcornwall.de\/blog\/#website\",\"url\":\"https:\/\/www.urlaubcornwall.de\/blog\/\",\"name\":\"Urlaub &amp; Reisen\",\"description\":\"Urlaub, Reisen, Cornwall und S\u00fcdengland: eine perfekte Kombination\",\"potentialAction\":[{\"@type\":\"SearchAction\",\"target\":{\"@type\":\"EntryPoint\",\"urlTemplate\":\"https:\/\/www.urlaubcornwall.de\/blog\/?s={search_term_string}\"},\"query-input\":\"required name=search_term_string\"}],\"inLanguage\":\"en-US\"},{\"@type\":\"WebPage\",\"@id\":\"https:\/\/www.urlaubcornwall.de\/blog\/hotels-in-der-naehe-die-world-of-beatrix-potter\/\",\"url\":\"https:\/\/www.urlaubcornwall.de\/blog\/hotels-in-der-naehe-die-world-of-beatrix-potter\/\",\"name\":\"Besten Hotels in der N\u00e4he die World of Beatrix Potter - Urlaub &amp; Reisen\",\"isPartOf\":{\"@id\":\"https:\/\/www.urlaubcornwall.de\/blog\/#website\"},\"datePublished\":\"2021-09-07T13:41:36+00:00\",\"dateModified\":\"2024-02-28T06:53:53+00:00\",\"breadcrumb\":{\"@id\":\"https:\/\/www.urlaubcornwall.de\/blog\/hotels-in-der-naehe-die-world-of-beatrix-potter\/#breadcrumb\"},\"inLanguage\":\"en-US\",\"potentialAction\":[{\"@type\":\"ReadAction\",\"target\":[\"https:\/\/www.urlaubcornwall.de\/blog\/hotels-in-der-naehe-die-world-of-beatrix-potter\/\"]}]},{\"@type\":\"BreadcrumbList\",\"@id\":\"https:\/\/www.urlaubcornwall.de\/blog\/hotels-in-der-naehe-die-world-of-beatrix-potter\/#breadcrumb\",\"itemListElement\":[{\"@type\":\"ListItem\",\"position\":1,\"name\":\"Home\",\"item\":\"https:\/\/www.urlaubcornwall.de\/blog\/\"},{\"@type\":\"ListItem\",\"position\":2,\"name\":\"Besten Hotels in der N\u00e4he die World of Beatrix Potter\"}]}]}<\/script>\n<!-- \/ Yoast SEO plugin. -->","yoast_head_json":{"title":"Besten Hotels in der N\u00e4he die World of Beatrix Potter - Urlaub &amp; Reisen","robots":{"index":"index","follow":"follow","max-snippet":"max-snippet:-1","max-image-preview":"max-image-preview:large","max-video-preview":"max-video-preview:-1"},"canonical":"https:\/\/www.urlaubcornwall.de\/blog\/hotels-in-der-naehe-die-world-of-beatrix-potter\/","og_locale":"en_US","og_type":"article","og_title":"Besten Hotels in der N\u00e4he die World of Beatrix Potter - Urlaub &amp; Reisen","og_description":"\u00a9 grahammoore999 \/ 123RF Stock Photo Die \u201eWorld of Beatrix Potter\u201c in Bowness-on-Windermere &#8211; ein hervorragender Ort, wenn das Wetter nicht so gut ist. Neben Peter Rabbits Garten sehen Sie lebensgro\u00dfe Nachbildungen von Szenen aus den B\u00fcchern; begegnen Sie s\u00e4mtlichen Figuren und genie\u00dfen Sie einen virtuellen Spaziergang durch die Landschaft Cambrias. Im Teehaus k\u00f6nnen Sie [&hellip;]","og_url":"https:\/\/www.urlaubcornwall.de\/blog\/hotels-in-der-naehe-die-world-of-beatrix-potter\/","og_site_name":"Urlaub &amp; Reisen","article_modified_time":"2024-02-28T06:53:53+00:00","og_image":[{"url":"https:\/\/www.urlaubcornwall.de\/blog\/wp-content\/uploads\/2018\/04\/Esthwaite-Water-urlaub-lake-district.jpg"}],"twitter_card":"summary","twitter_misc":{"Est. reading time":"1 minute"},"schema":{"@context":"https:\/\/schema.org","@graph":[{"@type":"WebSite","@id":"https:\/\/www.urlaubcornwall.de\/blog\/#website","url":"https:\/\/www.urlaubcornwall.de\/blog\/","name":"Urlaub &amp; Reisen","description":"Urlaub, Reisen, Cornwall und S\u00fcdengland: eine perfekte Kombination","potentialAction":[{"@type":"SearchAction","target":{"@type":"EntryPoint","urlTemplate":"https:\/\/www.urlaubcornwall.de\/blog\/?s={search_term_string}"},"query-input":"required name=search_term_string"}],"inLanguage":"en-US"},{"@type":"WebPage","@id":"https:\/\/www.urlaubcornwall.de\/blog\/hotels-in-der-naehe-die-world-of-beatrix-potter\/","url":"https:\/\/www.urlaubcornwall.de\/blog\/hotels-in-der-naehe-die-world-of-beatrix-potter\/","name":"Besten Hotels in der N\u00e4he die World of Beatrix Potter - Urlaub &amp; Reisen","isPartOf":{"@id":"https:\/\/www.urlaubcornwall.de\/blog\/#website"},"datePublished":"2021-09-07T13:41:36+00:00","dateModified":"2024-02-28T06:53:53+00:00","breadcrumb":{"@id":"https:\/\/www.urlaubcornwall.de\/blog\/hotels-in-der-naehe-die-world-of-beatrix-potter\/#breadcrumb"},"inLanguage":"en-US","potentialAction":[{"@type":"ReadAction","target":["https:\/\/www.urlaubcornwall.de\/blog\/hotels-in-der-naehe-die-world-of-beatrix-potter\/"]}]},{"@type":"BreadcrumbList","@id":"https:\/\/www.urlaubcornwall.de\/blog\/hotels-in-der-naehe-die-world-of-beatrix-potter\/#breadcrumb","itemListElement":[{"@type":"ListItem","position":1,"name":"Home","item":"https:\/\/www.urlaubcornwall.de\/blog\/"},{"@type":"ListItem","position":2,"name":"Besten Hotels in der N\u00e4he die World of Beatrix Potter"}]}]}},"_links":{"self":[{"href":"https:\/\/www.urlaubcornwall.de\/blog\/wp-json\/wp\/v2\/pages\/42636"}],"collection":[{"href":"https:\/\/www.urlaubcornwall.de\/blog\/wp-json\/wp\/v2\/pages"}],"about":[{"href":"https:\/\/www.urlaubcornwall.de\/blog\/wp-json\/wp\/v2\/types\/page"}],"author":[{"embeddable":true,"href":"https:\/\/www.urlaubcornwall.de\/blog\/wp-json\/wp\/v2\/users\/1"}],"replies":[{"embeddable":true,"href":"https:\/\/www.urlaubcornwall.de\/blog\/wp-json\/wp\/v2\/comments?post=42636"}],"version-history":[{"count":3,"href":"https:\/\/www.urlaubcornwall.de\/blog\/wp-json\/wp\/v2\/pages\/42636\/revisions"}],"predecessor-version":[{"id":47708,"href":"https:\/\/www.urlaubcornwall.de\/blog\/wp-json\/wp\/v2\/pages\/42636\/revisions\/47708"}],"wp:attachment":[{"href":"https:\/\/www.urlaubcornwall.de\/blog\/wp-json\/wp\/v2\/media?parent=42636"}],"curies":[{"name":"wp","href":"https:\/\/api.w.org\/{rel}","templated":true}]}}