{"id":42634,"date":"2021-09-07T13:31:26","date_gmt":"2021-09-07T13:31:26","guid":{"rendered":"https:\/\/www.urlaubcornwall.de\/blog\/?page_id=42634"},"modified":"2024-05-29T09:47:08","modified_gmt":"2024-05-29T09:47:08","slug":"besten-hotels-in-hawkshead-seem-im-lake-district","status":"publish","type":"page","link":"https:\/\/www.urlaubcornwall.de\/blog\/besten-hotels-in-hawkshead-seem-im-lake-district\/","title":{"rendered":"Besten Hotels in Hawkshead &#8211; Seen im Lake District"},"content":{"rendered":"<p><a href=\"https:\/\/www.urlaubcornwall.de\/blog\/wp-content\/uploads\/2024\/03\/lake-district.jpg\"><img loading=\"lazy\" src=\"https:\/\/www.urlaubcornwall.de\/blog\/wp-content\/uploads\/2024\/03\/lake-district.jpg\" alt=\"lake district\" width=\"750\" height=\"422\" class=\"alignnone size-full wp-image-47806\" srcset=\"https:\/\/www.urlaubcornwall.de\/blog\/wp-content\/uploads\/2024\/03\/lake-district.jpg 750w, https:\/\/www.urlaubcornwall.de\/blog\/wp-content\/uploads\/2024\/03\/lake-district-300x169.jpg 300w\" sizes=\"(max-width: 750px) 100vw, 750px\" \/><\/a><\/p>\n<p>Das h\u00fcbsche Dorf <a href=\"https:\/\/www.urlaubcornwall.de\/ferienhaeuser-fewos\/eng\/lake-district\/hawkshead.html\">Hawkshead<\/a> liegt im herrlichen Tal Esthwaite im Herzen des <a href=\"https:\/\/www.urlaubcornwall.de\/reiseziel\/lake-district-nationalpark.php\">Lake District<\/a>. Tief verankert in seiner Geschichte und seinem Erbe und in Verbindung gebracht mit William Wordsworth und Beatrix Potter, vermittelt dieses Dorf mit seinen Pflasterstra\u00dfen und <a href=\"https:\/\/www.urlaubcornwall.de\/ferienhaeuser-fewos\/eng\/lake-district\/hawkshead.html\">gewei\u00dfelten Cottages<\/a> ein magisches Gef\u00fchl.<\/p>\n<p><ins class=\"bookingaff\" data-aid=\"2191633\" data-target_aid=\"2191633\" data-prod=\"map\" data-width=\"100%\" data-height=\"590\" data-lang=\"ualng\" data-dest_id=\"0\" data-dest_type=\"landmark\" data-latitude=\"54.3757761\" data-longitude=\"-2.9994257\" data-landmark_name=\"Hawkshead\" data-mwhsb=\"0\" data-address=\"Hawkshead, Ambleside, UK\"><br \/>\n    <!-- Anything inside will go away once widget is loaded. --><br \/>\n        <a href=\"\/\/www.booking.com?aid=2191633\" rel=\"nofollow\">Booking.com<\/a><br \/>\n<\/ins><br \/>\n<script type=\"text\/javascript\">\n    (function(d, sc, u) {\n      var s = d.createElement(sc), p = d.getElementsByTagName(sc)[0];\n      s.type = 'text\/javascript';\n      s.async = true;\n      s.src = u + '?v=' + (+new Date());\n      p.parentNode.insertBefore(s,p);\n      })(document, 'script', '\/\/aff.bstatic.com\/static\/affiliate_base\/js\/flexiproduct.js');\n<\/script><\/p>\n<div class=\"snippet\"> <a class=\"featured-item\" href=\" https:\/\/www.urlaubcornwall.de\/ferienhaeuser-fewos\/eng\/lake-district\/lake-district.html\"> <span class=\"image-holder\" style=\"background-image: url(' https:\/\/www.urlaubcornwall.de\/blog\/wp-content\/uploads\/2019\/01\/urlaub-lake-distrikt.jpg');\"><\/span> <span class=\"featured-content\"> \n<h2 class=\"featured-title\">Ferienh\u00e4user im Lake Distrikt zum Verlieben!<\/h2>\n<p class=\"featured-body\">Enge Stra\u00dfen, hoch aufragende Berge, herabst\u00fcrzende Wasserf\u00e4lle und Seen jeglichen Umfangs und jeglicher Form schaffen eine Landschaft&#8230;..<\/p>\n<\/span> <span class=\"featured-link-holder\"> <span class=\"featured-extra-info\"> \n<p>F\u00fcr Paare, Familien &#038; Gruppen<\/p>\n<\/span> \n<p class=\"featured-link\">DETAILS<\/p>\n<\/span> <\/a><\/div>\n<p style=\"text-align: center;\"><a href=\"https:\/\/www.urlaubcornwall.de\/blog\/schoensten-seen-im-lake-distrikt\/\">Die wundersch\u00f6nen Seen des Lake District<\/a><\/p>\n","protected":false},"excerpt":{"rendered":"<p>Das h\u00fcbsche Dorf Hawkshead liegt im herrlichen Tal Esthwaite im Herzen des Lake District. Tief verankert in seiner Geschichte und seinem Erbe und in Verbindung gebracht mit William Wordsworth und Beatrix Potter, vermittelt dieses Dorf mit seinen Pflasterstra\u00dfen und gewei\u00dfelten Cottages ein magisches Gef\u00fchl. Booking.com Ferienh\u00e4user im Lake Distrikt zum Verlieben! Enge Stra\u00dfen, hoch aufragende [&hellip;]<\/p>\n","protected":false},"author":1,"featured_media":0,"parent":0,"menu_order":0,"comment_status":"closed","ping_status":"closed","template":"single-four.php","meta":[],"acf":[],"yoast_head":"<!-- This site is optimized with the Yoast SEO plugin v19.4 - https:\/\/yoast.com\/wordpress\/plugins\/seo\/ -->\n<title>Besten Hotels in Hawkshead - Seen im Lake District - Urlaub &amp; Reisen<\/title>\n<meta name=\"robots\" content=\"index, follow, max-snippet:-1, max-image-preview:large, max-video-preview:-1\" \/>\n<link rel=\"canonical\" href=\"https:\/\/www.urlaubcornwall.de\/blog\/besten-hotels-in-hawkshead-seem-im-lake-district\/\" \/>\n<meta property=\"og:locale\" content=\"en_US\" \/>\n<meta property=\"og:type\" content=\"article\" \/>\n<meta property=\"og:title\" content=\"Besten Hotels in Hawkshead - Seen im Lake District - Urlaub &amp; Reisen\" \/>\n<meta property=\"og:description\" content=\"Das h\u00fcbsche Dorf Hawkshead liegt im herrlichen Tal Esthwaite im Herzen des Lake District. Tief verankert in seiner Geschichte und seinem Erbe und in Verbindung gebracht mit William Wordsworth und Beatrix Potter, vermittelt dieses Dorf mit seinen Pflasterstra\u00dfen und gewei\u00dfelten Cottages ein magisches Gef\u00fchl. Booking.com Ferienh\u00e4user im Lake Distrikt zum Verlieben! Enge Stra\u00dfen, hoch aufragende [&hellip;]\" \/>\n<meta property=\"og:url\" content=\"https:\/\/www.urlaubcornwall.de\/blog\/besten-hotels-in-hawkshead-seem-im-lake-district\/\" \/>\n<meta property=\"og:site_name\" content=\"Urlaub &amp; Reisen\" \/>\n<meta property=\"article:modified_time\" content=\"2024-05-29T09:47:08+00:00\" \/>\n<meta property=\"og:image\" content=\"https:\/\/www.urlaubcornwall.de\/blog\/wp-content\/uploads\/2024\/03\/lake-district.jpg\" \/>\n<meta name=\"twitter:card\" content=\"summary\" \/>\n<meta name=\"twitter:label1\" content=\"Est. reading time\" \/>\n\t<meta name=\"twitter:data1\" content=\"1 minute\" \/>\n<script type=\"application\/ld+json\" class=\"yoast-schema-graph\">{\"@context\":\"https:\/\/schema.org\",\"@graph\":[{\"@type\":\"WebSite\",\"@id\":\"https:\/\/www.urlaubcornwall.de\/blog\/#website\",\"url\":\"https:\/\/www.urlaubcornwall.de\/blog\/\",\"name\":\"Urlaub &amp; Reisen\",\"description\":\"Urlaub, Reisen, Cornwall und S\u00fcdengland: eine perfekte Kombination\",\"potentialAction\":[{\"@type\":\"SearchAction\",\"target\":{\"@type\":\"EntryPoint\",\"urlTemplate\":\"https:\/\/www.urlaubcornwall.de\/blog\/?s={search_term_string}\"},\"query-input\":\"required name=search_term_string\"}],\"inLanguage\":\"en-US\"},{\"@type\":\"WebPage\",\"@id\":\"https:\/\/www.urlaubcornwall.de\/blog\/besten-hotels-in-hawkshead-seem-im-lake-district\/\",\"url\":\"https:\/\/www.urlaubcornwall.de\/blog\/besten-hotels-in-hawkshead-seem-im-lake-district\/\",\"name\":\"Besten Hotels in Hawkshead - Seen im Lake District - Urlaub &amp; Reisen\",\"isPartOf\":{\"@id\":\"https:\/\/www.urlaubcornwall.de\/blog\/#website\"},\"datePublished\":\"2021-09-07T13:31:26+00:00\",\"dateModified\":\"2024-05-29T09:47:08+00:00\",\"breadcrumb\":{\"@id\":\"https:\/\/www.urlaubcornwall.de\/blog\/besten-hotels-in-hawkshead-seem-im-lake-district\/#breadcrumb\"},\"inLanguage\":\"en-US\",\"potentialAction\":[{\"@type\":\"ReadAction\",\"target\":[\"https:\/\/www.urlaubcornwall.de\/blog\/besten-hotels-in-hawkshead-seem-im-lake-district\/\"]}]},{\"@type\":\"BreadcrumbList\",\"@id\":\"https:\/\/www.urlaubcornwall.de\/blog\/besten-hotels-in-hawkshead-seem-im-lake-district\/#breadcrumb\",\"itemListElement\":[{\"@type\":\"ListItem\",\"position\":1,\"name\":\"Home\",\"item\":\"https:\/\/www.urlaubcornwall.de\/blog\/\"},{\"@type\":\"ListItem\",\"position\":2,\"name\":\"Besten Hotels in Hawkshead &#8211; Seen im Lake District\"}]}]}<\/script>\n<!-- \/ Yoast SEO plugin. -->","yoast_head_json":{"title":"Besten Hotels in Hawkshead - Seen im Lake District - Urlaub &amp; Reisen","robots":{"index":"index","follow":"follow","max-snippet":"max-snippet:-1","max-image-preview":"max-image-preview:large","max-video-preview":"max-video-preview:-1"},"canonical":"https:\/\/www.urlaubcornwall.de\/blog\/besten-hotels-in-hawkshead-seem-im-lake-district\/","og_locale":"en_US","og_type":"article","og_title":"Besten Hotels in Hawkshead - Seen im Lake District - Urlaub &amp; Reisen","og_description":"Das h\u00fcbsche Dorf Hawkshead liegt im herrlichen Tal Esthwaite im Herzen des Lake District. Tief verankert in seiner Geschichte und seinem Erbe und in Verbindung gebracht mit William Wordsworth und Beatrix Potter, vermittelt dieses Dorf mit seinen Pflasterstra\u00dfen und gewei\u00dfelten Cottages ein magisches Gef\u00fchl. Booking.com Ferienh\u00e4user im Lake Distrikt zum Verlieben! Enge Stra\u00dfen, hoch aufragende [&hellip;]","og_url":"https:\/\/www.urlaubcornwall.de\/blog\/besten-hotels-in-hawkshead-seem-im-lake-district\/","og_site_name":"Urlaub &amp; Reisen","article_modified_time":"2024-05-29T09:47:08+00:00","og_image":[{"url":"https:\/\/www.urlaubcornwall.de\/blog\/wp-content\/uploads\/2024\/03\/lake-district.jpg"}],"twitter_card":"summary","twitter_misc":{"Est. reading time":"1 minute"},"schema":{"@context":"https:\/\/schema.org","@graph":[{"@type":"WebSite","@id":"https:\/\/www.urlaubcornwall.de\/blog\/#website","url":"https:\/\/www.urlaubcornwall.de\/blog\/","name":"Urlaub &amp; Reisen","description":"Urlaub, Reisen, Cornwall und S\u00fcdengland: eine perfekte Kombination","potentialAction":[{"@type":"SearchAction","target":{"@type":"EntryPoint","urlTemplate":"https:\/\/www.urlaubcornwall.de\/blog\/?s={search_term_string}"},"query-input":"required name=search_term_string"}],"inLanguage":"en-US"},{"@type":"WebPage","@id":"https:\/\/www.urlaubcornwall.de\/blog\/besten-hotels-in-hawkshead-seem-im-lake-district\/","url":"https:\/\/www.urlaubcornwall.de\/blog\/besten-hotels-in-hawkshead-seem-im-lake-district\/","name":"Besten Hotels in Hawkshead - Seen im Lake District - Urlaub &amp; Reisen","isPartOf":{"@id":"https:\/\/www.urlaubcornwall.de\/blog\/#website"},"datePublished":"2021-09-07T13:31:26+00:00","dateModified":"2024-05-29T09:47:08+00:00","breadcrumb":{"@id":"https:\/\/www.urlaubcornwall.de\/blog\/besten-hotels-in-hawkshead-seem-im-lake-district\/#breadcrumb"},"inLanguage":"en-US","potentialAction":[{"@type":"ReadAction","target":["https:\/\/www.urlaubcornwall.de\/blog\/besten-hotels-in-hawkshead-seem-im-lake-district\/"]}]},{"@type":"BreadcrumbList","@id":"https:\/\/www.urlaubcornwall.de\/blog\/besten-hotels-in-hawkshead-seem-im-lake-district\/#breadcrumb","itemListElement":[{"@type":"ListItem","position":1,"name":"Home","item":"https:\/\/www.urlaubcornwall.de\/blog\/"},{"@type":"ListItem","position":2,"name":"Besten Hotels in Hawkshead &#8211; Seen im Lake District"}]}]}},"_links":{"self":[{"href":"https:\/\/www.urlaubcornwall.de\/blog\/wp-json\/wp\/v2\/pages\/42634"}],"collection":[{"href":"https:\/\/www.urlaubcornwall.de\/blog\/wp-json\/wp\/v2\/pages"}],"about":[{"href":"https:\/\/www.urlaubcornwall.de\/blog\/wp-json\/wp\/v2\/types\/page"}],"author":[{"embeddable":true,"href":"https:\/\/www.urlaubcornwall.de\/blog\/wp-json\/wp\/v2\/users\/1"}],"replies":[{"embeddable":true,"href":"https:\/\/www.urlaubcornwall.de\/blog\/wp-json\/wp\/v2\/comments?post=42634"}],"version-history":[{"count":6,"href":"https:\/\/www.urlaubcornwall.de\/blog\/wp-json\/wp\/v2\/pages\/42634\/revisions"}],"predecessor-version":[{"id":50559,"href":"https:\/\/www.urlaubcornwall.de\/blog\/wp-json\/wp\/v2\/pages\/42634\/revisions\/50559"}],"wp:attachment":[{"href":"https:\/\/www.urlaubcornwall.de\/blog\/wp-json\/wp\/v2\/media?parent=42634"}],"curies":[{"name":"wp","href":"https:\/\/api.w.org\/{rel}","templated":true}]}}