{"id":42628,"date":"2021-09-07T11:09:21","date_gmt":"2021-09-07T11:09:21","guid":{"rendered":"https:\/\/www.urlaubcornwall.de\/blog\/?page_id=42628"},"modified":"2024-02-28T07:21:02","modified_gmt":"2024-02-28T07:21:02","slug":"besten-hotels-in-windermere-seem-im-lake-district","status":"publish","type":"page","link":"https:\/\/www.urlaubcornwall.de\/blog\/besten-hotels-in-windermere-seem-im-lake-district\/","title":{"rendered":"Besten Hotels in Windermere &#8211; Seen im Lake District"},"content":{"rendered":"<p><a href=\"https:\/\/www.urlaubcornwall.de\/ferienhaeuser-fewos\/eng\/lake-district\/windermere.html\">Windermere ist der gr\u00f6\u00dfte nat\u00fcrliche See in England<\/a>; er ist 16,9km lang, 1,6km breit und 67m tief. Er ist bei Besuchern der beliebteste der Seen. Angeboten wird eine Vielzahl an Aktivit\u00e4ten; Windermere ist eines der erstklassigen Orte f\u00fcr Wassersportarten und beherbergt mehrere Jachth\u00e4fen. Die Dampfbootsfahrten auf dem See sind sehr beliebt, und Urlauber k\u00f6nnen eine Fahrt von Bowness nach Ambleside und Lakeside am s\u00fcdlichen Ufer des Sees unternehmen. <\/p>\n<p><ins class=\"bookingaff\" data-aid=\"2191619\" data-target_aid=\"2191619\" data-prod=\"map\" data-width=\"100%\" data-height=\"590\" data-lang=\"ualng\" data-dest_id=\"0\" data-dest_type=\"landmark\" data-latitude=\"54.380685\" data-longitude=\"-2.906785\" data-landmark_name=\"Windermere\" data-mwhsb=\"0\" data-address=\"Windermere, UK\"><br \/>\n    <!-- Anything inside will go away once widget is loaded. --><br \/>\n        <a href=\"\/\/www.booking.com?aid=2191619\" rel=\"nofollow\">Booking.com<\/a><br \/>\n<\/ins><br \/>\n<script type=\"text\/javascript\">\n    (function(d, sc, u) {\n      var s = d.createElement(sc), p = d.getElementsByTagName(sc)[0];\n      s.type = 'text\/javascript';\n      s.async = true;\n      s.src = u + '?v=' + (+new Date());\n      p.parentNode.insertBefore(s,p);\n      })(document, 'script', '\/\/aff.bstatic.com\/static\/affiliate_base\/js\/flexiproduct.js');\n<\/script><\/p>\n<div class=\"snippet\"> <a class=\"featured-item\" href=\" https:\/\/www.urlaubcornwall.de\/ferienhaeuser-fewos\/eng\/lake-district\/lake-district.html\"> <span class=\"image-holder\" style=\"background-image: url(' https:\/\/www.urlaubcornwall.de\/blog\/wp-content\/uploads\/2019\/01\/urlaub-lake-distrikt.jpg');\"><\/span> <span class=\"featured-content\"> \n<h2 class=\"featured-title\">Ferienh\u00e4user im Lake Distrikt zum Verlieben!<\/h2>\n<p class=\"featured-body\">Enge Stra\u00dfen, hoch aufragende Berge, herabst\u00fcrzende Wasserf\u00e4lle und Seen jeglichen Umfangs und jeglicher Form schaffen eine Landschaft&#8230;..<\/p>\n<\/span> <span class=\"featured-link-holder\"> <span class=\"featured-extra-info\"> \n<p>F\u00fcr Paare, Familien &#038; Gruppen<\/p>\n<\/span> \n<p class=\"featured-link\">DETAILS<\/p>\n<\/span> <\/a><\/div>\n<p style=\"text-align: center;\"><a href=\"https:\/\/www.urlaubcornwall.de\/blog\/schoensten-seen-im-lake-distrikt\/\">Die wundersch\u00f6nen Seen des Lake District<\/a><\/p>\n","protected":false},"excerpt":{"rendered":"<p>Windermere ist der gr\u00f6\u00dfte nat\u00fcrliche See in England; er ist 16,9km lang, 1,6km breit und 67m tief. Er ist bei Besuchern der beliebteste der Seen. Angeboten wird eine Vielzahl an Aktivit\u00e4ten; Windermere ist eines der erstklassigen Orte f\u00fcr Wassersportarten und beherbergt mehrere Jachth\u00e4fen. Die Dampfbootsfahrten auf dem See sind sehr beliebt, und Urlauber k\u00f6nnen eine [&hellip;]<\/p>\n","protected":false},"author":1,"featured_media":0,"parent":0,"menu_order":0,"comment_status":"closed","ping_status":"closed","template":"single-four.php","meta":[],"acf":[],"yoast_head":"<!-- This site is optimized with the Yoast SEO plugin v19.4 - https:\/\/yoast.com\/wordpress\/plugins\/seo\/ -->\n<title>Besten Hotels in Windermere - Seen im Lake District - Urlaub &amp; Reisen<\/title>\n<meta name=\"robots\" content=\"index, follow, max-snippet:-1, max-image-preview:large, max-video-preview:-1\" \/>\n<link rel=\"canonical\" href=\"https:\/\/www.urlaubcornwall.de\/blog\/besten-hotels-in-windermere-seem-im-lake-district\/\" \/>\n<meta property=\"og:locale\" content=\"en_US\" \/>\n<meta property=\"og:type\" content=\"article\" \/>\n<meta property=\"og:title\" content=\"Besten Hotels in Windermere - Seen im Lake District - Urlaub &amp; Reisen\" \/>\n<meta property=\"og:description\" content=\"Windermere ist der gr\u00f6\u00dfte nat\u00fcrliche See in England; er ist 16,9km lang, 1,6km breit und 67m tief. Er ist bei Besuchern der beliebteste der Seen. Angeboten wird eine Vielzahl an Aktivit\u00e4ten; Windermere ist eines der erstklassigen Orte f\u00fcr Wassersportarten und beherbergt mehrere Jachth\u00e4fen. Die Dampfbootsfahrten auf dem See sind sehr beliebt, und Urlauber k\u00f6nnen eine [&hellip;]\" \/>\n<meta property=\"og:url\" content=\"https:\/\/www.urlaubcornwall.de\/blog\/besten-hotels-in-windermere-seem-im-lake-district\/\" \/>\n<meta property=\"og:site_name\" content=\"Urlaub &amp; Reisen\" \/>\n<meta property=\"article:modified_time\" content=\"2024-02-28T07:21:02+00:00\" \/>\n<meta name=\"twitter:card\" content=\"summary\" \/>\n<meta name=\"twitter:label1\" content=\"Est. reading time\" \/>\n\t<meta name=\"twitter:data1\" content=\"1 minute\" \/>\n<script type=\"application\/ld+json\" class=\"yoast-schema-graph\">{\"@context\":\"https:\/\/schema.org\",\"@graph\":[{\"@type\":\"WebSite\",\"@id\":\"https:\/\/www.urlaubcornwall.de\/blog\/#website\",\"url\":\"https:\/\/www.urlaubcornwall.de\/blog\/\",\"name\":\"Urlaub &amp; Reisen\",\"description\":\"Urlaub, Reisen, Cornwall und S\u00fcdengland: eine perfekte Kombination\",\"potentialAction\":[{\"@type\":\"SearchAction\",\"target\":{\"@type\":\"EntryPoint\",\"urlTemplate\":\"https:\/\/www.urlaubcornwall.de\/blog\/?s={search_term_string}\"},\"query-input\":\"required name=search_term_string\"}],\"inLanguage\":\"en-US\"},{\"@type\":\"WebPage\",\"@id\":\"https:\/\/www.urlaubcornwall.de\/blog\/besten-hotels-in-windermere-seem-im-lake-district\/\",\"url\":\"https:\/\/www.urlaubcornwall.de\/blog\/besten-hotels-in-windermere-seem-im-lake-district\/\",\"name\":\"Besten Hotels in Windermere - Seen im Lake District - Urlaub &amp; Reisen\",\"isPartOf\":{\"@id\":\"https:\/\/www.urlaubcornwall.de\/blog\/#website\"},\"datePublished\":\"2021-09-07T11:09:21+00:00\",\"dateModified\":\"2024-02-28T07:21:02+00:00\",\"breadcrumb\":{\"@id\":\"https:\/\/www.urlaubcornwall.de\/blog\/besten-hotels-in-windermere-seem-im-lake-district\/#breadcrumb\"},\"inLanguage\":\"en-US\",\"potentialAction\":[{\"@type\":\"ReadAction\",\"target\":[\"https:\/\/www.urlaubcornwall.de\/blog\/besten-hotels-in-windermere-seem-im-lake-district\/\"]}]},{\"@type\":\"BreadcrumbList\",\"@id\":\"https:\/\/www.urlaubcornwall.de\/blog\/besten-hotels-in-windermere-seem-im-lake-district\/#breadcrumb\",\"itemListElement\":[{\"@type\":\"ListItem\",\"position\":1,\"name\":\"Home\",\"item\":\"https:\/\/www.urlaubcornwall.de\/blog\/\"},{\"@type\":\"ListItem\",\"position\":2,\"name\":\"Besten Hotels in Windermere &#8211; Seen im Lake District\"}]}]}<\/script>\n<!-- \/ Yoast SEO plugin. -->","yoast_head_json":{"title":"Besten Hotels in Windermere - Seen im Lake District - Urlaub &amp; Reisen","robots":{"index":"index","follow":"follow","max-snippet":"max-snippet:-1","max-image-preview":"max-image-preview:large","max-video-preview":"max-video-preview:-1"},"canonical":"https:\/\/www.urlaubcornwall.de\/blog\/besten-hotels-in-windermere-seem-im-lake-district\/","og_locale":"en_US","og_type":"article","og_title":"Besten Hotels in Windermere - Seen im Lake District - Urlaub &amp; Reisen","og_description":"Windermere ist der gr\u00f6\u00dfte nat\u00fcrliche See in England; er ist 16,9km lang, 1,6km breit und 67m tief. Er ist bei Besuchern der beliebteste der Seen. Angeboten wird eine Vielzahl an Aktivit\u00e4ten; Windermere ist eines der erstklassigen Orte f\u00fcr Wassersportarten und beherbergt mehrere Jachth\u00e4fen. Die Dampfbootsfahrten auf dem See sind sehr beliebt, und Urlauber k\u00f6nnen eine [&hellip;]","og_url":"https:\/\/www.urlaubcornwall.de\/blog\/besten-hotels-in-windermere-seem-im-lake-district\/","og_site_name":"Urlaub &amp; Reisen","article_modified_time":"2024-02-28T07:21:02+00:00","twitter_card":"summary","twitter_misc":{"Est. reading time":"1 minute"},"schema":{"@context":"https:\/\/schema.org","@graph":[{"@type":"WebSite","@id":"https:\/\/www.urlaubcornwall.de\/blog\/#website","url":"https:\/\/www.urlaubcornwall.de\/blog\/","name":"Urlaub &amp; Reisen","description":"Urlaub, Reisen, Cornwall und S\u00fcdengland: eine perfekte Kombination","potentialAction":[{"@type":"SearchAction","target":{"@type":"EntryPoint","urlTemplate":"https:\/\/www.urlaubcornwall.de\/blog\/?s={search_term_string}"},"query-input":"required name=search_term_string"}],"inLanguage":"en-US"},{"@type":"WebPage","@id":"https:\/\/www.urlaubcornwall.de\/blog\/besten-hotels-in-windermere-seem-im-lake-district\/","url":"https:\/\/www.urlaubcornwall.de\/blog\/besten-hotels-in-windermere-seem-im-lake-district\/","name":"Besten Hotels in Windermere - Seen im Lake District - Urlaub &amp; Reisen","isPartOf":{"@id":"https:\/\/www.urlaubcornwall.de\/blog\/#website"},"datePublished":"2021-09-07T11:09:21+00:00","dateModified":"2024-02-28T07:21:02+00:00","breadcrumb":{"@id":"https:\/\/www.urlaubcornwall.de\/blog\/besten-hotels-in-windermere-seem-im-lake-district\/#breadcrumb"},"inLanguage":"en-US","potentialAction":[{"@type":"ReadAction","target":["https:\/\/www.urlaubcornwall.de\/blog\/besten-hotels-in-windermere-seem-im-lake-district\/"]}]},{"@type":"BreadcrumbList","@id":"https:\/\/www.urlaubcornwall.de\/blog\/besten-hotels-in-windermere-seem-im-lake-district\/#breadcrumb","itemListElement":[{"@type":"ListItem","position":1,"name":"Home","item":"https:\/\/www.urlaubcornwall.de\/blog\/"},{"@type":"ListItem","position":2,"name":"Besten Hotels in Windermere &#8211; Seen im Lake District"}]}]}},"_links":{"self":[{"href":"https:\/\/www.urlaubcornwall.de\/blog\/wp-json\/wp\/v2\/pages\/42628"}],"collection":[{"href":"https:\/\/www.urlaubcornwall.de\/blog\/wp-json\/wp\/v2\/pages"}],"about":[{"href":"https:\/\/www.urlaubcornwall.de\/blog\/wp-json\/wp\/v2\/types\/page"}],"author":[{"embeddable":true,"href":"https:\/\/www.urlaubcornwall.de\/blog\/wp-json\/wp\/v2\/users\/1"}],"replies":[{"embeddable":true,"href":"https:\/\/www.urlaubcornwall.de\/blog\/wp-json\/wp\/v2\/comments?post=42628"}],"version-history":[{"count":6,"href":"https:\/\/www.urlaubcornwall.de\/blog\/wp-json\/wp\/v2\/pages\/42628\/revisions"}],"predecessor-version":[{"id":47726,"href":"https:\/\/www.urlaubcornwall.de\/blog\/wp-json\/wp\/v2\/pages\/42628\/revisions\/47726"}],"wp:attachment":[{"href":"https:\/\/www.urlaubcornwall.de\/blog\/wp-json\/wp\/v2\/media?parent=42628"}],"curies":[{"name":"wp","href":"https:\/\/api.w.org\/{rel}","templated":true}]}}