{"id":42613,"date":"2021-09-07T07:17:27","date_gmt":"2021-09-07T07:17:27","guid":{"rendered":"https:\/\/www.urlaubcornwall.de\/blog\/?page_id=42613"},"modified":"2021-09-07T09:27:52","modified_gmt":"2021-09-07T09:27:52","slug":"hotels-auf-der-kuestenpfad-in-cornwall","status":"publish","type":"page","link":"https:\/\/www.urlaubcornwall.de\/blog\/hotels-auf-der-kuestenpfad-in-cornwall\/","title":{"rendered":"Hotels auf der K\u00fcstenpfad in Cornwall"},"content":{"rendered":"<p><img loading=\"lazy\" class=\"aligncenter size-full wp-image-32668\" src=\"https:\/\/www.urlaubcornwall.de\/blog\/wp-content\/uploads\/2018\/02\/gylly-beach-daisies.jpg\" alt=\"falmouth stand gyllyngvase\" width=\"750\" height=\"383\" srcset=\"https:\/\/www.urlaubcornwall.de\/blog\/wp-content\/uploads\/2018\/02\/gylly-beach-daisies.jpg 751w, https:\/\/www.urlaubcornwall.de\/blog\/wp-content\/uploads\/2018\/02\/gylly-beach-daisies-300x153.jpg 300w\" sizes=\"(max-width: 750px) 100vw, 750px\" \/><\/p>\n<p>Der <a href=\"https:\/\/www.urlaubcornwall.de\/blog\/suedwestkuestenpfad-unser-fuehrer-wandern-in-cornwall-devon-und-suedengland\/\">S\u00fcdwestk\u00fcstenpfad ist der l\u00e4ngste Pfad Britanniens<\/a> und erstreckt sich \u00fcber 630 Meilen von Minehead in Somerset bis nach Poole in Dorset und schlie\u00dft dabei die gesamte <a href=\"https:\/\/www.urlaubcornwall.de\/wanderurlaub\/cornwall.php\">K\u00fcste Devons und Cornwalls<\/a> mit ein. Es ist die beliebteste Route f\u00fcr Wanderurlaube in England.<\/p>\n<p>Die Gesamtheit an Steigungen entlang der Route betr\u00e4gt 35,030m (115,000 feet) oder nahezu vier Everests. Ein durchschnittlicher Langstreckenwanderer braucht ungef\u00e4hr 50 Tage, um die Strecke zur\u00fcckzulegen; der Rekord steht bei 10 Tagen, 15 Stunden und 18 Minuten von Damian Hall am 24. Mai 2016.<\/p>\n<p><a href=\"https:\/\/www.urlaubcornwall.de\/hotels.php\"><strong>Hotels in Cornwall f\u00fcr Ihren Wanderurlaub<\/strong><\/a><\/p>\n<p><ins class=\"bookingaff\" data-aid=\"1697346\" data-target_aid=\"1697346\" data-prod=\"map\" data-width=\"100%\" data-height=\"590\" data-lang=\"ualng\" data-dest_id=\"0\" data-dest_type=\"landmark\" data-latitude=\"50.415497\" data-longitude=\"-5.073719\" data-mwhsb=\"0\" data-address=\"Newquay, UK\"><br \/>\n    <!-- Anything inside will go away once widget is loaded. --><br \/>\n        <a href=\"\/\/www.booking.com?aid=1697346\" rel=\"nofollow\">Booking.com<\/a><br \/>\n<\/ins><br \/>\n<script type=\"text\/javascript\">\n    (function(d, sc, u) {\n      var s = d.createElement(sc), p = d.getElementsByTagName(sc)[0];\n      s.type = 'text\/javascript';\n      s.async = true;\n      s.src = u + '?v=' + (+new Date());\n      p.parentNode.insertBefore(s,p);\n      })(document, 'script', '\/\/aff.bstatic.com\/static\/affiliate_base\/js\/flexiproduct.js');\n<\/script><\/p>\n<p><strong>Planung einer Wanderung entlang des Pfades<\/strong><\/p>\n<p>Bei der Planung, den Pfad zu erwandern, muss man viele Entscheidungen treffen:<\/p>\n<p>1. Das Gep\u00e4ck mitnehmen oder es schicken lassen Aufgrund der hohen Anzahl an Auf-und Abstiegen entlang des Pfades, empfehle ich sehr, Gep\u00e4ck nachschicken zu lassen. Die Wandererfahrung ist sehr viel angenehmer, wenn Sie lediglich eine leichte Tagestasche mit Snacks und Regenkleidung mit sich tragen.<\/p>\n<p>2. Unterkunft Campen: F\u00fcr die Hartgesottenen oder junge Athleten und Unterfinanzierte kann es ein Riesenspa\u00df sein, ein Zelt mitzunehmen und zu campen. Es gibt einige Campingpl\u00e4tze entlang des Pfades, doch nicht gen\u00fcgend, um jede Nacht einen zu finden. Wildes Campen ist strengstens untersagt, da ein Gro\u00dfteil des Pfades im Besitz des National Trust ist, der Campen untersagt. Anderenorts w\u00fcrde es schwierig sein, genau herauszufinden, wem das Land geh\u00f6rt und wen es zu fragen gilt, ob Sie dort Ihr Zelt aufschlagen d\u00fcrfen. Im Allgemeinen kann gesagt sein, dass, wenn Sie sp\u00e4t ankommen und ein ruhiges Pl\u00e4tzchen finden, um Ihr Zelt aufzuschlagen und dann fr\u00fch wieder aufbrechen, ist es sehr wahrscheinlich, dass niemand Sie st\u00f6ren wird. \u00dcbernachtung mit Fr\u00fchst\u00fcck und Kneipen mit Unterkunft: Ein warmes, trockenes Bett jede Nacht und ein warmes Fr\u00fchst\u00fcck am Morgen ist eine attraktive Option f\u00fcr Viele, und es gibt zahlreiche ausgezeichnete \u00dcbernachtungsunterk\u00fcnfte mit Fr\u00fchst\u00fcck entlang des gesamten Pfades. Es wird empfohlen, besonders w\u00e4hrend der Hochsaison im Voraus zu buchen. Die Preise variieren, doch Doppelzimmer mit Fr\u00fchst\u00fcck sind im Allgemeinen f\u00fcr weniger als \u00a3100 pro Nacht erh\u00e4ltlich; einige Urlaubshochburgen werden teurer sein.<\/p>\n<p>3. Die Reiseroute selbst organisieren oder dies von \u201eUrlaubCornwall\u201c f\u00fcr Sie erledigen lassen. Wenn Sie Zeit und Lust haben, ist es durchaus m\u00f6glich, dass Sie Ihre Reiseroute und Unterkunft selbst organisieren. Jedoch, warum sich nicht der Erfahrung und den Experten von \u201cUrlaubCornwall\u201d anvertrauen, die all dies f\u00fcr Sie \u00fcbernehmen k\u00f6nnen. Wir haben vorgefertigte Reisepl\u00e4ne von insgesamt 53 Tagen bis hin zu 8 individuellen Reisevorschl\u00e4gen.<\/p>\n<p style=\"text-align: center;\"><a class=\"tidycta\" href=\"https:\/\/www.urlaubcornwall.de\/wanderurlaub\/cornwall.php\">Wanderurlaub Cornwall<\/a><\/p>\n","protected":false},"excerpt":{"rendered":"<p>Der S\u00fcdwestk\u00fcstenpfad ist der l\u00e4ngste Pfad Britanniens und erstreckt sich \u00fcber 630 Meilen von Minehead in Somerset bis nach Poole in Dorset und schlie\u00dft dabei die gesamte K\u00fcste Devons und Cornwalls mit ein. Es ist die beliebteste Route f\u00fcr Wanderurlaube in England. Die Gesamtheit an Steigungen entlang der Route betr\u00e4gt 35,030m (115,000 feet) oder nahezu [&hellip;]<\/p>\n","protected":false},"author":1,"featured_media":0,"parent":0,"menu_order":0,"comment_status":"closed","ping_status":"closed","template":"single-four.php","meta":[],"acf":[],"yoast_head":"<!-- This site is optimized with the Yoast SEO plugin v19.4 - https:\/\/yoast.com\/wordpress\/plugins\/seo\/ -->\n<title>Hotels auf der K\u00fcstenpfad in Cornwall - Urlaub &amp; Reisen<\/title>\n<meta name=\"robots\" content=\"index, follow, max-snippet:-1, max-image-preview:large, max-video-preview:-1\" \/>\n<link rel=\"canonical\" href=\"https:\/\/www.urlaubcornwall.de\/blog\/hotels-auf-der-kuestenpfad-in-cornwall\/\" \/>\n<meta property=\"og:locale\" content=\"en_US\" \/>\n<meta property=\"og:type\" content=\"article\" \/>\n<meta property=\"og:title\" content=\"Hotels auf der K\u00fcstenpfad in Cornwall - Urlaub &amp; Reisen\" \/>\n<meta property=\"og:description\" content=\"Der S\u00fcdwestk\u00fcstenpfad ist der l\u00e4ngste Pfad Britanniens und erstreckt sich \u00fcber 630 Meilen von Minehead in Somerset bis nach Poole in Dorset und schlie\u00dft dabei die gesamte K\u00fcste Devons und Cornwalls mit ein. Es ist die beliebteste Route f\u00fcr Wanderurlaube in England. Die Gesamtheit an Steigungen entlang der Route betr\u00e4gt 35,030m (115,000 feet) oder nahezu [&hellip;]\" \/>\n<meta property=\"og:url\" content=\"https:\/\/www.urlaubcornwall.de\/blog\/hotels-auf-der-kuestenpfad-in-cornwall\/\" \/>\n<meta property=\"og:site_name\" content=\"Urlaub &amp; Reisen\" \/>\n<meta property=\"article:modified_time\" content=\"2021-09-07T09:27:52+00:00\" \/>\n<meta property=\"og:image\" content=\"https:\/\/www.urlaubcornwall.de\/blog\/wp-content\/uploads\/2018\/02\/gylly-beach-daisies.jpg\" \/>\n<meta name=\"twitter:card\" content=\"summary\" \/>\n<meta name=\"twitter:label1\" content=\"Est. reading time\" \/>\n\t<meta name=\"twitter:data1\" content=\"2 minutes\" \/>\n<script type=\"application\/ld+json\" class=\"yoast-schema-graph\">{\"@context\":\"https:\/\/schema.org\",\"@graph\":[{\"@type\":\"WebSite\",\"@id\":\"https:\/\/www.urlaubcornwall.de\/blog\/#website\",\"url\":\"https:\/\/www.urlaubcornwall.de\/blog\/\",\"name\":\"Urlaub &amp; Reisen\",\"description\":\"Urlaub, Reisen, Cornwall und S\u00fcdengland: eine perfekte Kombination\",\"potentialAction\":[{\"@type\":\"SearchAction\",\"target\":{\"@type\":\"EntryPoint\",\"urlTemplate\":\"https:\/\/www.urlaubcornwall.de\/blog\/?s={search_term_string}\"},\"query-input\":\"required name=search_term_string\"}],\"inLanguage\":\"en-US\"},{\"@type\":\"WebPage\",\"@id\":\"https:\/\/www.urlaubcornwall.de\/blog\/hotels-auf-der-kuestenpfad-in-cornwall\/\",\"url\":\"https:\/\/www.urlaubcornwall.de\/blog\/hotels-auf-der-kuestenpfad-in-cornwall\/\",\"name\":\"Hotels auf der K\u00fcstenpfad in Cornwall - Urlaub &amp; Reisen\",\"isPartOf\":{\"@id\":\"https:\/\/www.urlaubcornwall.de\/blog\/#website\"},\"datePublished\":\"2021-09-07T07:17:27+00:00\",\"dateModified\":\"2021-09-07T09:27:52+00:00\",\"breadcrumb\":{\"@id\":\"https:\/\/www.urlaubcornwall.de\/blog\/hotels-auf-der-kuestenpfad-in-cornwall\/#breadcrumb\"},\"inLanguage\":\"en-US\",\"potentialAction\":[{\"@type\":\"ReadAction\",\"target\":[\"https:\/\/www.urlaubcornwall.de\/blog\/hotels-auf-der-kuestenpfad-in-cornwall\/\"]}]},{\"@type\":\"BreadcrumbList\",\"@id\":\"https:\/\/www.urlaubcornwall.de\/blog\/hotels-auf-der-kuestenpfad-in-cornwall\/#breadcrumb\",\"itemListElement\":[{\"@type\":\"ListItem\",\"position\":1,\"name\":\"Home\",\"item\":\"https:\/\/www.urlaubcornwall.de\/blog\/\"},{\"@type\":\"ListItem\",\"position\":2,\"name\":\"Hotels auf der K\u00fcstenpfad in Cornwall\"}]}]}<\/script>\n<!-- \/ Yoast SEO plugin. -->","yoast_head_json":{"title":"Hotels auf der K\u00fcstenpfad in Cornwall - Urlaub &amp; Reisen","robots":{"index":"index","follow":"follow","max-snippet":"max-snippet:-1","max-image-preview":"max-image-preview:large","max-video-preview":"max-video-preview:-1"},"canonical":"https:\/\/www.urlaubcornwall.de\/blog\/hotels-auf-der-kuestenpfad-in-cornwall\/","og_locale":"en_US","og_type":"article","og_title":"Hotels auf der K\u00fcstenpfad in Cornwall - Urlaub &amp; Reisen","og_description":"Der S\u00fcdwestk\u00fcstenpfad ist der l\u00e4ngste Pfad Britanniens und erstreckt sich \u00fcber 630 Meilen von Minehead in Somerset bis nach Poole in Dorset und schlie\u00dft dabei die gesamte K\u00fcste Devons und Cornwalls mit ein. Es ist die beliebteste Route f\u00fcr Wanderurlaube in England. Die Gesamtheit an Steigungen entlang der Route betr\u00e4gt 35,030m (115,000 feet) oder nahezu [&hellip;]","og_url":"https:\/\/www.urlaubcornwall.de\/blog\/hotels-auf-der-kuestenpfad-in-cornwall\/","og_site_name":"Urlaub &amp; Reisen","article_modified_time":"2021-09-07T09:27:52+00:00","og_image":[{"url":"https:\/\/www.urlaubcornwall.de\/blog\/wp-content\/uploads\/2018\/02\/gylly-beach-daisies.jpg"}],"twitter_card":"summary","twitter_misc":{"Est. reading time":"2 minutes"},"schema":{"@context":"https:\/\/schema.org","@graph":[{"@type":"WebSite","@id":"https:\/\/www.urlaubcornwall.de\/blog\/#website","url":"https:\/\/www.urlaubcornwall.de\/blog\/","name":"Urlaub &amp; Reisen","description":"Urlaub, Reisen, Cornwall und S\u00fcdengland: eine perfekte Kombination","potentialAction":[{"@type":"SearchAction","target":{"@type":"EntryPoint","urlTemplate":"https:\/\/www.urlaubcornwall.de\/blog\/?s={search_term_string}"},"query-input":"required name=search_term_string"}],"inLanguage":"en-US"},{"@type":"WebPage","@id":"https:\/\/www.urlaubcornwall.de\/blog\/hotels-auf-der-kuestenpfad-in-cornwall\/","url":"https:\/\/www.urlaubcornwall.de\/blog\/hotels-auf-der-kuestenpfad-in-cornwall\/","name":"Hotels auf der K\u00fcstenpfad in Cornwall - Urlaub &amp; Reisen","isPartOf":{"@id":"https:\/\/www.urlaubcornwall.de\/blog\/#website"},"datePublished":"2021-09-07T07:17:27+00:00","dateModified":"2021-09-07T09:27:52+00:00","breadcrumb":{"@id":"https:\/\/www.urlaubcornwall.de\/blog\/hotels-auf-der-kuestenpfad-in-cornwall\/#breadcrumb"},"inLanguage":"en-US","potentialAction":[{"@type":"ReadAction","target":["https:\/\/www.urlaubcornwall.de\/blog\/hotels-auf-der-kuestenpfad-in-cornwall\/"]}]},{"@type":"BreadcrumbList","@id":"https:\/\/www.urlaubcornwall.de\/blog\/hotels-auf-der-kuestenpfad-in-cornwall\/#breadcrumb","itemListElement":[{"@type":"ListItem","position":1,"name":"Home","item":"https:\/\/www.urlaubcornwall.de\/blog\/"},{"@type":"ListItem","position":2,"name":"Hotels auf der K\u00fcstenpfad in Cornwall"}]}]}},"_links":{"self":[{"href":"https:\/\/www.urlaubcornwall.de\/blog\/wp-json\/wp\/v2\/pages\/42613"}],"collection":[{"href":"https:\/\/www.urlaubcornwall.de\/blog\/wp-json\/wp\/v2\/pages"}],"about":[{"href":"https:\/\/www.urlaubcornwall.de\/blog\/wp-json\/wp\/v2\/types\/page"}],"author":[{"embeddable":true,"href":"https:\/\/www.urlaubcornwall.de\/blog\/wp-json\/wp\/v2\/users\/1"}],"replies":[{"embeddable":true,"href":"https:\/\/www.urlaubcornwall.de\/blog\/wp-json\/wp\/v2\/comments?post=42613"}],"version-history":[{"count":3,"href":"https:\/\/www.urlaubcornwall.de\/blog\/wp-json\/wp\/v2\/pages\/42613\/revisions"}],"predecessor-version":[{"id":42622,"href":"https:\/\/www.urlaubcornwall.de\/blog\/wp-json\/wp\/v2\/pages\/42613\/revisions\/42622"}],"wp:attachment":[{"href":"https:\/\/www.urlaubcornwall.de\/blog\/wp-json\/wp\/v2\/media?parent=42613"}],"curies":[{"name":"wp","href":"https:\/\/api.w.org\/{rel}","templated":true}]}}