{"id":42293,"date":"2021-08-31T08:48:20","date_gmt":"2021-08-31T08:48:20","guid":{"rendered":"https:\/\/www.urlaubcornwall.de\/blog\/?page_id=42293"},"modified":"2024-05-31T08:16:23","modified_gmt":"2024-05-31T08:16:23","slug":"besten-hotels-in-der-naehe-inveraray-castle","status":"publish","type":"page","link":"https:\/\/www.urlaubcornwall.de\/blog\/besten-hotels-in-der-naehe-inveraray-castle\/","title":{"rendered":"Besten Hotels in der N\u00e4he Inveraray Castle"},"content":{"rendered":"<p><a href=\"https:\/\/www.inveraray-castle.com\/\" rel=\"nofollow\">Inveraray Castle<\/a> ist eines von Schottlands feinsten Schl\u00f6ssern. Dieses romantische Schloss befindet sich an den Ufern von Loch Fyne, 96km nordwestlich von Glasgow. Das ikonische Schloss mit seinen konischen T\u00fcrmchen ist das angestammte Zuhause des Duke of Argyll, Chief des Clans Campbell, und dies schon seit dem 15. Jahrhundert. Die Innenausstattung des M\u00e4rchenschlosses Inveraray ist ebenso entz\u00fcckend mit der ber\u00fchmten Waffenkammer, fabelhaften M\u00f6beln, herrlichen Wandbeh\u00e4ngen und einer unbezahlbaren Sammlung an Kunstwerken. <\/p>\n<p>Die wundersch\u00f6nen G\u00e4rten sind zu jeder Jahreszeit einen Besuch wert, von den ausgedehnten Narzissenvorkommen im Vorfr\u00fchling, den lebendigen Farben der Rhododendren und Azaleen, bis hin zu den wundervollen Rosen und Heiden sp\u00e4ter im Jahr. Garten und Grundst\u00fcck dehnen sich bis zu 180 Hektar aus, und es ist eines der wichtigsten designten Landschaften Schottlands. Inveraray Castle und G\u00e4rten sind vom 1. April \u2013 31. Oktober ge\u00f6ffnet, und ein Besuch hier sollte Teil jeder Urlaubsreise nach Schottland darstellen. Hunde sind nicht gestattet.<\/p>\n<p><ins class=\"bookingaff\" data-aid=\"2190478\" data-target_aid=\"2190478\" data-prod=\"map\" data-width=\"100%\" data-height=\"590\" data-lang=\"ualng\" data-dest_id=\"0\" data-dest_type=\"landmark\" data-latitude=\"56.2376038\" data-longitude=\"-5.0735931\" data-landmark_name=\"Floors Castle &amp; Gardens\" data-mwhsb=\"0\" data-address=\"Inveraray Castle, Inveraray, UK\"><br \/>\n    <!-- Anything inside will go away once widget is loaded. --><br \/>\n        <a href=\"\/\/www.booking.com?aid=2190478\" rel=\"nofollow\">Booking.com<\/a><br \/>\n<\/ins><br \/>\n<script type=\"text\/javascript\">\n    (function(d, sc, u) {\n      var s = d.createElement(sc), p = d.getElementsByTagName(sc)[0];\n      s.type = 'text\/javascript';\n      s.async = true;\n      s.src = u + '?v=' + (+new Date());\n      p.parentNode.insertBefore(s,p);\n      })(document, 'script', '\/\/aff.bstatic.com\/static\/affiliate_base\/js\/flexiproduct.js');\n<\/script><\/p>\n<div class=\"snippet\"> <a class=\"featured-item\" href=\" https:\/\/www.urlaubcornwall.de\/ferienhaeuser\/schottland.php\"> <span class=\"image-holder\" style=\"background-image: url(' https:\/\/www.urlaubcornwall.de\/blog\/wp-content\/uploads\/2019\/01\/urlaub-schottland-highlands-1.jpg ');\"><\/span> <span class=\"featured-content\"> \n<h2 class=\"featured-title\">Bei uns finden Sie Ferienh\u00e4user in Schottland zum Verlieben!<\/h2>\n<p class=\"featured-body\">Untenstehend finden Sie eine Auswahl an Ferienh\u00e4usern in Schottland. Hier finden Sie pers\u00f6nlich inspizierte Cottages entlang der schottischen K\u00fcste, in den schottischen Highlands und auf den Inseln&#8230;..<\/p>\n<\/span> <span class=\"featured-link-holder\"> <span class=\"featured-extra-info\"> \n<p>F\u00fcr Paare, Familien &#038; Gruppen<\/p>\n<\/span> \n<p class=\"featured-link\">DETAILS<\/p>\n<\/span> <\/a><\/div>\n<div class=\"snippet\"> <a class=\"featured-item\" href=\" https:\/\/www.urlaubcornwall.de\/blog\/rundreisen-schottland\/\"> <span class=\"image-holder\" style=\"background-image: url(' https:\/\/www.urlaubcornwall.de\/blog\/wp-content\/uploads\/2019\/01\/urlaub-schottland-highlands.jpg ');\"><\/span> <span class=\"featured-content\"> \n<h2 class=\"featured-title\">Rundreise durch Schottland: mit dem Auto bereisen <\/h2>\n<p class=\"featured-body\">Urlaub in Schottland haben etwas f\u00fcr jeden Geschmack zu bieten \u2013 herrliche Sonnenunterg\u00e4nge \u00fcber magischen Inseln, wundersch\u00f6ne und dramatische K\u00fcstenstriche, tiefe, verborgene T\u00e4ler und eine unglaubliche Landschaft&#8230;<\/p>\n<\/span> <span class=\"featured-link-holder\"> <span class=\"featured-extra-info\"> \n<p>Ready Made Touren<\/p>\n<\/span> \n<p class=\"featured-link\">DETAILS<\/p>\n<\/span> <\/a><\/div>\n<p><a href=\"https:\/\/www.urlaubcornwall.de\/blog\/historische-haeuser-schloesser-gaerten-schottland-und-highlands\/\">Historische H\u00e4user, Schl\u00f6sser &#038; G\u00e4rten in Schottland &#038; Highlands <\/a><\/p>\n","protected":false},"excerpt":{"rendered":"<p>Inveraray Castle ist eines von Schottlands feinsten Schl\u00f6ssern. Dieses romantische Schloss befindet sich an den Ufern von Loch Fyne, 96km nordwestlich von Glasgow. Das ikonische Schloss mit seinen konischen T\u00fcrmchen ist das angestammte Zuhause des Duke of Argyll, Chief des Clans Campbell, und dies schon seit dem 15. Jahrhundert. Die Innenausstattung des M\u00e4rchenschlosses Inveraray ist [&hellip;]<\/p>\n","protected":false},"author":1,"featured_media":0,"parent":0,"menu_order":0,"comment_status":"closed","ping_status":"closed","template":"single-four.php","meta":[],"acf":[],"yoast_head":"<!-- This site is optimized with the Yoast SEO plugin v19.4 - https:\/\/yoast.com\/wordpress\/plugins\/seo\/ -->\n<title>Besten Hotels in der N\u00e4he Inveraray Castle - Urlaub &amp; Reisen<\/title>\n<meta name=\"description\" content=\"Inveraray Castle ist eines von Schottlands feinsten Schl\u00f6ssern. Dieses romantische Schloss befindet sich an den Ufern von Loch Fyne, 96km nordwestlich von Glasgow. Das ikonische Schloss mit seinen konischen T\u00fcrmchen ist das angestammte Zuhause des Duke of Argyll\" \/>\n<meta name=\"robots\" content=\"index, follow, max-snippet:-1, max-image-preview:large, max-video-preview:-1\" \/>\n<link rel=\"canonical\" href=\"https:\/\/www.urlaubcornwall.de\/blog\/besten-hotels-in-der-naehe-inveraray-castle\/\" \/>\n<meta property=\"og:locale\" content=\"en_US\" \/>\n<meta property=\"og:type\" content=\"article\" \/>\n<meta property=\"og:title\" content=\"Besten Hotels in der N\u00e4he Inveraray Castle - Urlaub &amp; Reisen\" \/>\n<meta property=\"og:description\" content=\"Inveraray Castle ist eines von Schottlands feinsten Schl\u00f6ssern. Dieses romantische Schloss befindet sich an den Ufern von Loch Fyne, 96km nordwestlich von Glasgow. Das ikonische Schloss mit seinen konischen T\u00fcrmchen ist das angestammte Zuhause des Duke of Argyll\" \/>\n<meta property=\"og:url\" content=\"https:\/\/www.urlaubcornwall.de\/blog\/besten-hotels-in-der-naehe-inveraray-castle\/\" \/>\n<meta property=\"og:site_name\" content=\"Urlaub &amp; Reisen\" \/>\n<meta property=\"article:modified_time\" content=\"2024-05-31T08:16:23+00:00\" \/>\n<meta name=\"twitter:card\" content=\"summary\" \/>\n<meta name=\"twitter:label1\" content=\"Est. reading time\" \/>\n\t<meta name=\"twitter:data1\" content=\"2 minutes\" \/>\n<script type=\"application\/ld+json\" class=\"yoast-schema-graph\">{\"@context\":\"https:\/\/schema.org\",\"@graph\":[{\"@type\":\"WebSite\",\"@id\":\"https:\/\/www.urlaubcornwall.de\/blog\/#website\",\"url\":\"https:\/\/www.urlaubcornwall.de\/blog\/\",\"name\":\"Urlaub &amp; Reisen\",\"description\":\"Urlaub, Reisen, Cornwall und S\u00fcdengland: eine perfekte Kombination\",\"potentialAction\":[{\"@type\":\"SearchAction\",\"target\":{\"@type\":\"EntryPoint\",\"urlTemplate\":\"https:\/\/www.urlaubcornwall.de\/blog\/?s={search_term_string}\"},\"query-input\":\"required name=search_term_string\"}],\"inLanguage\":\"en-US\"},{\"@type\":\"WebPage\",\"@id\":\"https:\/\/www.urlaubcornwall.de\/blog\/besten-hotels-in-der-naehe-inveraray-castle\/\",\"url\":\"https:\/\/www.urlaubcornwall.de\/blog\/besten-hotels-in-der-naehe-inveraray-castle\/\",\"name\":\"Besten Hotels in der N\u00e4he Inveraray Castle - Urlaub &amp; Reisen\",\"isPartOf\":{\"@id\":\"https:\/\/www.urlaubcornwall.de\/blog\/#website\"},\"datePublished\":\"2021-08-31T08:48:20+00:00\",\"dateModified\":\"2024-05-31T08:16:23+00:00\",\"description\":\"Inveraray Castle ist eines von Schottlands feinsten Schl\u00f6ssern. Dieses romantische Schloss befindet sich an den Ufern von Loch Fyne, 96km nordwestlich von Glasgow. Das ikonische Schloss mit seinen konischen T\u00fcrmchen ist das angestammte Zuhause des Duke of Argyll\",\"breadcrumb\":{\"@id\":\"https:\/\/www.urlaubcornwall.de\/blog\/besten-hotels-in-der-naehe-inveraray-castle\/#breadcrumb\"},\"inLanguage\":\"en-US\",\"potentialAction\":[{\"@type\":\"ReadAction\",\"target\":[\"https:\/\/www.urlaubcornwall.de\/blog\/besten-hotels-in-der-naehe-inveraray-castle\/\"]}]},{\"@type\":\"BreadcrumbList\",\"@id\":\"https:\/\/www.urlaubcornwall.de\/blog\/besten-hotels-in-der-naehe-inveraray-castle\/#breadcrumb\",\"itemListElement\":[{\"@type\":\"ListItem\",\"position\":1,\"name\":\"Home\",\"item\":\"https:\/\/www.urlaubcornwall.de\/blog\/\"},{\"@type\":\"ListItem\",\"position\":2,\"name\":\"Besten Hotels in der N\u00e4he Inveraray Castle\"}]}]}<\/script>\n<!-- \/ Yoast SEO plugin. -->","yoast_head_json":{"title":"Besten Hotels in der N\u00e4he Inveraray Castle - Urlaub &amp; Reisen","description":"Inveraray Castle ist eines von Schottlands feinsten Schl\u00f6ssern. Dieses romantische Schloss befindet sich an den Ufern von Loch Fyne, 96km nordwestlich von Glasgow. Das ikonische Schloss mit seinen konischen T\u00fcrmchen ist das angestammte Zuhause des Duke of Argyll","robots":{"index":"index","follow":"follow","max-snippet":"max-snippet:-1","max-image-preview":"max-image-preview:large","max-video-preview":"max-video-preview:-1"},"canonical":"https:\/\/www.urlaubcornwall.de\/blog\/besten-hotels-in-der-naehe-inveraray-castle\/","og_locale":"en_US","og_type":"article","og_title":"Besten Hotels in der N\u00e4he Inveraray Castle - Urlaub &amp; Reisen","og_description":"Inveraray Castle ist eines von Schottlands feinsten Schl\u00f6ssern. Dieses romantische Schloss befindet sich an den Ufern von Loch Fyne, 96km nordwestlich von Glasgow. Das ikonische Schloss mit seinen konischen T\u00fcrmchen ist das angestammte Zuhause des Duke of Argyll","og_url":"https:\/\/www.urlaubcornwall.de\/blog\/besten-hotels-in-der-naehe-inveraray-castle\/","og_site_name":"Urlaub &amp; Reisen","article_modified_time":"2024-05-31T08:16:23+00:00","twitter_card":"summary","twitter_misc":{"Est. reading time":"2 minutes"},"schema":{"@context":"https:\/\/schema.org","@graph":[{"@type":"WebSite","@id":"https:\/\/www.urlaubcornwall.de\/blog\/#website","url":"https:\/\/www.urlaubcornwall.de\/blog\/","name":"Urlaub &amp; Reisen","description":"Urlaub, Reisen, Cornwall und S\u00fcdengland: eine perfekte Kombination","potentialAction":[{"@type":"SearchAction","target":{"@type":"EntryPoint","urlTemplate":"https:\/\/www.urlaubcornwall.de\/blog\/?s={search_term_string}"},"query-input":"required name=search_term_string"}],"inLanguage":"en-US"},{"@type":"WebPage","@id":"https:\/\/www.urlaubcornwall.de\/blog\/besten-hotels-in-der-naehe-inveraray-castle\/","url":"https:\/\/www.urlaubcornwall.de\/blog\/besten-hotels-in-der-naehe-inveraray-castle\/","name":"Besten Hotels in der N\u00e4he Inveraray Castle - Urlaub &amp; Reisen","isPartOf":{"@id":"https:\/\/www.urlaubcornwall.de\/blog\/#website"},"datePublished":"2021-08-31T08:48:20+00:00","dateModified":"2024-05-31T08:16:23+00:00","description":"Inveraray Castle ist eines von Schottlands feinsten Schl\u00f6ssern. Dieses romantische Schloss befindet sich an den Ufern von Loch Fyne, 96km nordwestlich von Glasgow. Das ikonische Schloss mit seinen konischen T\u00fcrmchen ist das angestammte Zuhause des Duke of Argyll","breadcrumb":{"@id":"https:\/\/www.urlaubcornwall.de\/blog\/besten-hotels-in-der-naehe-inveraray-castle\/#breadcrumb"},"inLanguage":"en-US","potentialAction":[{"@type":"ReadAction","target":["https:\/\/www.urlaubcornwall.de\/blog\/besten-hotels-in-der-naehe-inveraray-castle\/"]}]},{"@type":"BreadcrumbList","@id":"https:\/\/www.urlaubcornwall.de\/blog\/besten-hotels-in-der-naehe-inveraray-castle\/#breadcrumb","itemListElement":[{"@type":"ListItem","position":1,"name":"Home","item":"https:\/\/www.urlaubcornwall.de\/blog\/"},{"@type":"ListItem","position":2,"name":"Besten Hotels in der N\u00e4he Inveraray Castle"}]}]}},"_links":{"self":[{"href":"https:\/\/www.urlaubcornwall.de\/blog\/wp-json\/wp\/v2\/pages\/42293"}],"collection":[{"href":"https:\/\/www.urlaubcornwall.de\/blog\/wp-json\/wp\/v2\/pages"}],"about":[{"href":"https:\/\/www.urlaubcornwall.de\/blog\/wp-json\/wp\/v2\/types\/page"}],"author":[{"embeddable":true,"href":"https:\/\/www.urlaubcornwall.de\/blog\/wp-json\/wp\/v2\/users\/1"}],"replies":[{"embeddable":true,"href":"https:\/\/www.urlaubcornwall.de\/blog\/wp-json\/wp\/v2\/comments?post=42293"}],"version-history":[{"count":4,"href":"https:\/\/www.urlaubcornwall.de\/blog\/wp-json\/wp\/v2\/pages\/42293\/revisions"}],"predecessor-version":[{"id":51227,"href":"https:\/\/www.urlaubcornwall.de\/blog\/wp-json\/wp\/v2\/pages\/42293\/revisions\/51227"}],"wp:attachment":[{"href":"https:\/\/www.urlaubcornwall.de\/blog\/wp-json\/wp\/v2\/media?parent=42293"}],"curies":[{"name":"wp","href":"https:\/\/api.w.org\/{rel}","templated":true}]}}