{"id":42291,"date":"2021-08-31T08:44:38","date_gmt":"2021-08-31T08:44:38","guid":{"rendered":"https:\/\/www.urlaubcornwall.de\/blog\/?page_id=42291"},"modified":"2024-05-31T08:16:39","modified_gmt":"2024-05-31T08:16:39","slug":"besten-hotels-in-der-naehe-floors-castle","status":"publish","type":"page","link":"https:\/\/www.urlaubcornwall.de\/blog\/besten-hotels-in-der-naehe-floors-castle\/","title":{"rendered":"Besten Hotels in der N\u00e4he Floors Castle"},"content":{"rendered":"<p>Schottlands gr\u00f6\u00dftes bewohntes Schloss ist Floors Castle in der wundersch\u00f6nen Landschaft des schottischen Grenzgebiets in der N\u00e4he von Kelso. Es ist seit 1721 Wohnsitz der Dukes of Roxburghe und bis zum heutigen Tage das Zuhause des derzeitigen Duke of Roxburghe. Lediglich eine gute Autostunde von Edinburgh oder Newcastle entfernt, sollten Sie dieses herrliche Schloss w\u00e4hrend Ihres Urlaubs in Schottland nicht verpassen.<\/p>\n<p>Die G\u00e4rten und das Grundst\u00fcck sind entz\u00fcckend, und es gibt h\u00fcbsche Spazierwege entlang des Flusses Tweed. Floors Castle eignet sich hervorragend f\u00fcr einen Familienausflugstag, bei dem es f\u00fcr jeden eine Menge zu genie\u00dfen gibt. Schloss und Grundst\u00fcck sind von Mai \u2013 September ge\u00f6ffnet, und die G\u00e4rten mit Caf\u00e9 sind das ganze Jahr \u00fcber ge\u00f6ffnet.<\/p>\n<p><ins class=\"bookingaff\" data-aid=\"2190478\" data-target_aid=\"2190478\" data-prod=\"map\" data-width=\"100%\" data-height=\"590\" data-lang=\"ualng\" data-dest_id=\"0\" data-dest_type=\"landmark\" data-latitude=\"55.604832\" data-longitude=\"-2.459863\" data-landmark_name=\"Floors Castle &amp; Gardens\" data-mwhsb=\"0\" data-address=\"Floors Castle &amp; Gardens, Kelso, UK\"><br \/>\n    <!-- Anything inside will go away once widget is loaded. --><br \/>\n        <a href=\"\/\/www.booking.com?aid=2190478\" rel=\"nofollow\">Booking.com<\/a><br \/>\n<\/ins><br \/>\n<script type=\"text\/javascript\">\n    (function(d, sc, u) {\n      var s = d.createElement(sc), p = d.getElementsByTagName(sc)[0];\n      s.type = 'text\/javascript';\n      s.async = true;\n      s.src = u + '?v=' + (+new Date());\n      p.parentNode.insertBefore(s,p);\n      })(document, 'script', '\/\/aff.bstatic.com\/static\/affiliate_base\/js\/flexiproduct.js');\n<\/script><\/p>\n<div class=\"snippet\"> <a class=\"featured-item\" href=\" https:\/\/www.urlaubcornwall.de\/ferienhaeuser\/schottland.php\"> <span class=\"image-holder\" style=\"background-image: url(' https:\/\/www.urlaubcornwall.de\/blog\/wp-content\/uploads\/2019\/01\/urlaub-schottland-highlands-1.jpg ');\"><\/span> <span class=\"featured-content\"> \n<h2 class=\"featured-title\">Bei uns finden Sie Ferienh\u00e4user in Schottland zum Verlieben!<\/h2>\n<p class=\"featured-body\">Untenstehend finden Sie eine Auswahl an Ferienh\u00e4usern in Schottland. Hier finden Sie pers\u00f6nlich inspizierte Cottages entlang der schottischen K\u00fcste, in den schottischen Highlands und auf den Inseln&#8230;..<\/p>\n<\/span> <span class=\"featured-link-holder\"> <span class=\"featured-extra-info\"> \n<p>F\u00fcr Paare, Familien &#038; Gruppen<\/p>\n<\/span> \n<p class=\"featured-link\">DETAILS<\/p>\n<\/span> <\/a><\/div>\n<div class=\"snippet\"> <a class=\"featured-item\" href=\" https:\/\/www.urlaubcornwall.de\/blog\/rundreisen-schottland\/\"> <span class=\"image-holder\" style=\"background-image: url(' https:\/\/www.urlaubcornwall.de\/blog\/wp-content\/uploads\/2019\/01\/urlaub-schottland-highlands.jpg ');\"><\/span> <span class=\"featured-content\"> \n<h2 class=\"featured-title\">Rundreise durch Schottland: mit dem Auto bereisen <\/h2>\n<p class=\"featured-body\">Urlaub in Schottland haben etwas f\u00fcr jeden Geschmack zu bieten \u2013 herrliche Sonnenunterg\u00e4nge \u00fcber magischen Inseln, wundersch\u00f6ne und dramatische K\u00fcstenstriche, tiefe, verborgene T\u00e4ler und eine unglaubliche Landschaft&#8230;<\/p>\n<\/span> <span class=\"featured-link-holder\"> <span class=\"featured-extra-info\"> \n<p>Ready Made Touren<\/p>\n<\/span> \n<p class=\"featured-link\">DETAILS<\/p>\n<\/span> <\/a><\/div>\n<p><a href=\"https:\/\/www.urlaubcornwall.de\/blog\/historische-haeuser-schloesser-gaerten-schottland-und-highlands\/\">Historische H\u00e4user, Schl\u00f6sser &#038; G\u00e4rten in Schottland &#038; Highlands <\/a><\/p>\n","protected":false},"excerpt":{"rendered":"<p>Schottlands gr\u00f6\u00dftes bewohntes Schloss ist Floors Castle in der wundersch\u00f6nen Landschaft des schottischen Grenzgebiets in der N\u00e4he von Kelso. Es ist seit 1721 Wohnsitz der Dukes of Roxburghe und bis zum heutigen Tage das Zuhause des derzeitigen Duke of Roxburghe. Lediglich eine gute Autostunde von Edinburgh oder Newcastle entfernt, sollten Sie dieses herrliche Schloss w\u00e4hrend [&hellip;]<\/p>\n","protected":false},"author":1,"featured_media":0,"parent":0,"menu_order":0,"comment_status":"closed","ping_status":"closed","template":"single-four.php","meta":[],"acf":[],"yoast_head":"<!-- This site is optimized with the Yoast SEO plugin v19.4 - https:\/\/yoast.com\/wordpress\/plugins\/seo\/ -->\n<title>Besten Hotels in der N\u00e4he Floors Castle - Urlaub &amp; Reisen<\/title>\n<meta name=\"description\" content=\"Schottlands gr\u00f6\u00dftes bewohntes Schloss ist Floors Castle in der wundersch\u00f6nen Landschaft des schottischen Grenzgebiets in der N\u00e4he von Kelso. Es ist seit 1721 Wohnsitz der Dukes of Roxburghe und bis zum heutigen Tage das Zuhause des derzeitigen Duke of Roxburghe. Lediglich eine gute Autostunde von Edinburgh oder Newcastle entfernt, sollten Sie dieses herrliche Schloss w\u00e4hrend Ihres Urlaubs in Schottland nicht verpassen.\" \/>\n<meta name=\"robots\" content=\"index, follow, max-snippet:-1, max-image-preview:large, max-video-preview:-1\" \/>\n<link rel=\"canonical\" href=\"https:\/\/www.urlaubcornwall.de\/blog\/besten-hotels-in-der-naehe-floors-castle\/\" \/>\n<meta property=\"og:locale\" content=\"en_US\" \/>\n<meta property=\"og:type\" content=\"article\" \/>\n<meta property=\"og:title\" content=\"Besten Hotels in der N\u00e4he Floors Castle - Urlaub &amp; Reisen\" \/>\n<meta property=\"og:description\" content=\"Schottlands gr\u00f6\u00dftes bewohntes Schloss ist Floors Castle in der wundersch\u00f6nen Landschaft des schottischen Grenzgebiets in der N\u00e4he von Kelso. Es ist seit 1721 Wohnsitz der Dukes of Roxburghe und bis zum heutigen Tage das Zuhause des derzeitigen Duke of Roxburghe. Lediglich eine gute Autostunde von Edinburgh oder Newcastle entfernt, sollten Sie dieses herrliche Schloss w\u00e4hrend Ihres Urlaubs in Schottland nicht verpassen.\" \/>\n<meta property=\"og:url\" content=\"https:\/\/www.urlaubcornwall.de\/blog\/besten-hotels-in-der-naehe-floors-castle\/\" \/>\n<meta property=\"og:site_name\" content=\"Urlaub &amp; Reisen\" \/>\n<meta property=\"article:modified_time\" content=\"2024-05-31T08:16:39+00:00\" \/>\n<meta name=\"twitter:card\" content=\"summary\" \/>\n<meta name=\"twitter:label1\" content=\"Est. reading time\" \/>\n\t<meta name=\"twitter:data1\" content=\"2 minutes\" \/>\n<script type=\"application\/ld+json\" class=\"yoast-schema-graph\">{\"@context\":\"https:\/\/schema.org\",\"@graph\":[{\"@type\":\"WebSite\",\"@id\":\"https:\/\/www.urlaubcornwall.de\/blog\/#website\",\"url\":\"https:\/\/www.urlaubcornwall.de\/blog\/\",\"name\":\"Urlaub &amp; Reisen\",\"description\":\"Urlaub, Reisen, Cornwall und S\u00fcdengland: eine perfekte Kombination\",\"potentialAction\":[{\"@type\":\"SearchAction\",\"target\":{\"@type\":\"EntryPoint\",\"urlTemplate\":\"https:\/\/www.urlaubcornwall.de\/blog\/?s={search_term_string}\"},\"query-input\":\"required name=search_term_string\"}],\"inLanguage\":\"en-US\"},{\"@type\":\"WebPage\",\"@id\":\"https:\/\/www.urlaubcornwall.de\/blog\/besten-hotels-in-der-naehe-floors-castle\/\",\"url\":\"https:\/\/www.urlaubcornwall.de\/blog\/besten-hotels-in-der-naehe-floors-castle\/\",\"name\":\"Besten Hotels in der N\u00e4he Floors Castle - Urlaub &amp; Reisen\",\"isPartOf\":{\"@id\":\"https:\/\/www.urlaubcornwall.de\/blog\/#website\"},\"datePublished\":\"2021-08-31T08:44:38+00:00\",\"dateModified\":\"2024-05-31T08:16:39+00:00\",\"description\":\"Schottlands gr\u00f6\u00dftes bewohntes Schloss ist Floors Castle in der wundersch\u00f6nen Landschaft des schottischen Grenzgebiets in der N\u00e4he von Kelso. Es ist seit 1721 Wohnsitz der Dukes of Roxburghe und bis zum heutigen Tage das Zuhause des derzeitigen Duke of Roxburghe. Lediglich eine gute Autostunde von Edinburgh oder Newcastle entfernt, sollten Sie dieses herrliche Schloss w\u00e4hrend Ihres Urlaubs in Schottland nicht verpassen.\",\"breadcrumb\":{\"@id\":\"https:\/\/www.urlaubcornwall.de\/blog\/besten-hotels-in-der-naehe-floors-castle\/#breadcrumb\"},\"inLanguage\":\"en-US\",\"potentialAction\":[{\"@type\":\"ReadAction\",\"target\":[\"https:\/\/www.urlaubcornwall.de\/blog\/besten-hotels-in-der-naehe-floors-castle\/\"]}]},{\"@type\":\"BreadcrumbList\",\"@id\":\"https:\/\/www.urlaubcornwall.de\/blog\/besten-hotels-in-der-naehe-floors-castle\/#breadcrumb\",\"itemListElement\":[{\"@type\":\"ListItem\",\"position\":1,\"name\":\"Home\",\"item\":\"https:\/\/www.urlaubcornwall.de\/blog\/\"},{\"@type\":\"ListItem\",\"position\":2,\"name\":\"Besten Hotels in der N\u00e4he Floors Castle\"}]}]}<\/script>\n<!-- \/ Yoast SEO plugin. -->","yoast_head_json":{"title":"Besten Hotels in der N\u00e4he Floors Castle - Urlaub &amp; Reisen","description":"Schottlands gr\u00f6\u00dftes bewohntes Schloss ist Floors Castle in der wundersch\u00f6nen Landschaft des schottischen Grenzgebiets in der N\u00e4he von Kelso. Es ist seit 1721 Wohnsitz der Dukes of Roxburghe und bis zum heutigen Tage das Zuhause des derzeitigen Duke of Roxburghe. Lediglich eine gute Autostunde von Edinburgh oder Newcastle entfernt, sollten Sie dieses herrliche Schloss w\u00e4hrend Ihres Urlaubs in Schottland nicht verpassen.","robots":{"index":"index","follow":"follow","max-snippet":"max-snippet:-1","max-image-preview":"max-image-preview:large","max-video-preview":"max-video-preview:-1"},"canonical":"https:\/\/www.urlaubcornwall.de\/blog\/besten-hotels-in-der-naehe-floors-castle\/","og_locale":"en_US","og_type":"article","og_title":"Besten Hotels in der N\u00e4he Floors Castle - Urlaub &amp; Reisen","og_description":"Schottlands gr\u00f6\u00dftes bewohntes Schloss ist Floors Castle in der wundersch\u00f6nen Landschaft des schottischen Grenzgebiets in der N\u00e4he von Kelso. Es ist seit 1721 Wohnsitz der Dukes of Roxburghe und bis zum heutigen Tage das Zuhause des derzeitigen Duke of Roxburghe. Lediglich eine gute Autostunde von Edinburgh oder Newcastle entfernt, sollten Sie dieses herrliche Schloss w\u00e4hrend Ihres Urlaubs in Schottland nicht verpassen.","og_url":"https:\/\/www.urlaubcornwall.de\/blog\/besten-hotels-in-der-naehe-floors-castle\/","og_site_name":"Urlaub &amp; Reisen","article_modified_time":"2024-05-31T08:16:39+00:00","twitter_card":"summary","twitter_misc":{"Est. reading time":"2 minutes"},"schema":{"@context":"https:\/\/schema.org","@graph":[{"@type":"WebSite","@id":"https:\/\/www.urlaubcornwall.de\/blog\/#website","url":"https:\/\/www.urlaubcornwall.de\/blog\/","name":"Urlaub &amp; Reisen","description":"Urlaub, Reisen, Cornwall und S\u00fcdengland: eine perfekte Kombination","potentialAction":[{"@type":"SearchAction","target":{"@type":"EntryPoint","urlTemplate":"https:\/\/www.urlaubcornwall.de\/blog\/?s={search_term_string}"},"query-input":"required name=search_term_string"}],"inLanguage":"en-US"},{"@type":"WebPage","@id":"https:\/\/www.urlaubcornwall.de\/blog\/besten-hotels-in-der-naehe-floors-castle\/","url":"https:\/\/www.urlaubcornwall.de\/blog\/besten-hotels-in-der-naehe-floors-castle\/","name":"Besten Hotels in der N\u00e4he Floors Castle - Urlaub &amp; Reisen","isPartOf":{"@id":"https:\/\/www.urlaubcornwall.de\/blog\/#website"},"datePublished":"2021-08-31T08:44:38+00:00","dateModified":"2024-05-31T08:16:39+00:00","description":"Schottlands gr\u00f6\u00dftes bewohntes Schloss ist Floors Castle in der wundersch\u00f6nen Landschaft des schottischen Grenzgebiets in der N\u00e4he von Kelso. Es ist seit 1721 Wohnsitz der Dukes of Roxburghe und bis zum heutigen Tage das Zuhause des derzeitigen Duke of Roxburghe. Lediglich eine gute Autostunde von Edinburgh oder Newcastle entfernt, sollten Sie dieses herrliche Schloss w\u00e4hrend Ihres Urlaubs in Schottland nicht verpassen.","breadcrumb":{"@id":"https:\/\/www.urlaubcornwall.de\/blog\/besten-hotels-in-der-naehe-floors-castle\/#breadcrumb"},"inLanguage":"en-US","potentialAction":[{"@type":"ReadAction","target":["https:\/\/www.urlaubcornwall.de\/blog\/besten-hotels-in-der-naehe-floors-castle\/"]}]},{"@type":"BreadcrumbList","@id":"https:\/\/www.urlaubcornwall.de\/blog\/besten-hotels-in-der-naehe-floors-castle\/#breadcrumb","itemListElement":[{"@type":"ListItem","position":1,"name":"Home","item":"https:\/\/www.urlaubcornwall.de\/blog\/"},{"@type":"ListItem","position":2,"name":"Besten Hotels in der N\u00e4he Floors Castle"}]}]}},"_links":{"self":[{"href":"https:\/\/www.urlaubcornwall.de\/blog\/wp-json\/wp\/v2\/pages\/42291"}],"collection":[{"href":"https:\/\/www.urlaubcornwall.de\/blog\/wp-json\/wp\/v2\/pages"}],"about":[{"href":"https:\/\/www.urlaubcornwall.de\/blog\/wp-json\/wp\/v2\/types\/page"}],"author":[{"embeddable":true,"href":"https:\/\/www.urlaubcornwall.de\/blog\/wp-json\/wp\/v2\/users\/1"}],"replies":[{"embeddable":true,"href":"https:\/\/www.urlaubcornwall.de\/blog\/wp-json\/wp\/v2\/comments?post=42291"}],"version-history":[{"count":4,"href":"https:\/\/www.urlaubcornwall.de\/blog\/wp-json\/wp\/v2\/pages\/42291\/revisions"}],"predecessor-version":[{"id":51228,"href":"https:\/\/www.urlaubcornwall.de\/blog\/wp-json\/wp\/v2\/pages\/42291\/revisions\/51228"}],"wp:attachment":[{"href":"https:\/\/www.urlaubcornwall.de\/blog\/wp-json\/wp\/v2\/media?parent=42291"}],"curies":[{"name":"wp","href":"https:\/\/api.w.org\/{rel}","templated":true}]}}