{"id":42287,"date":"2021-08-31T08:18:45","date_gmt":"2021-08-31T08:18:45","guid":{"rendered":"https:\/\/www.urlaubcornwall.de\/blog\/?page_id=42287"},"modified":"2024-04-09T12:47:31","modified_gmt":"2024-04-09T12:47:31","slug":"besten-hotels-in-der-naehe-longleat-house","status":"publish","type":"page","link":"https:\/\/www.urlaubcornwall.de\/blog\/besten-hotels-in-der-naehe-longleat-house\/","title":{"rendered":"Besten Hotels in der N\u00e4he Longleat House"},"content":{"rendered":"<p><a href=\"https:\/\/www.urlaubcornwall.de\/blog\/wp-content\/uploads\/2024\/03\/Longleat_House_urlaub.jpg\"><img loading=\"lazy\" src=\"https:\/\/www.urlaubcornwall.de\/blog\/wp-content\/uploads\/2024\/03\/Longleat_House_urlaub.jpg\" alt=\"Longleat_House_urlaub\" width=\"750\" height=\"498\" class=\"alignnone size-full wp-image-47848\" srcset=\"https:\/\/www.urlaubcornwall.de\/blog\/wp-content\/uploads\/2024\/03\/Longleat_House_urlaub.jpg 750w, https:\/\/www.urlaubcornwall.de\/blog\/wp-content\/uploads\/2024\/03\/Longleat_House_urlaub-300x199.jpg 300w\" sizes=\"(max-width: 750px) 100vw, 750px\" \/><\/a><\/p>\n<p><a href=\"https:\/\/www.longleat.co.uk\/longleat-house\"rel=\"nofollow\">Longleat House<\/a> in Wiltshire ist das Zuhause der Herzogin von Bath und gilt als eines der besten Beispiele elisabethanischer Architektur des Landes und als eines der sch\u00f6nsten Herrenh\u00e4user, das f\u00fcr die \u00d6ffentlichkeit zug\u00e4nglich ist. <\/p>\n<p>Das Haus befindet sich innerhalb von 400 Hektar, von Capability Brown designter Landschaft; und Sie k\u00f6nnen eine 1,5 st\u00fcndige private Tour genie\u00dfen, gefolgt von einem \u201ecream tea\u201c in der Orangerie. Heutzutage ist Longleat auch bekannt f\u00fcr seinen Safaripark, der 1966 er\u00f6ffnet wurde, als der erste Safaripark au\u00dferhalb Afrikas, durch den Sie fahren k\u00f6nnen. Mehr als 40 Jahre sp\u00e4ter ist er noch immer einer von Britanniens f\u00fchrenden Tierattraktionen.<\/p>\n<p><ins class=\"bookingaff\" data-aid=\"2190470\" data-target_aid=\"2190470\" data-prod=\"map\" data-width=\"100%\" data-height=\"590\" data-lang=\"ualng\" data-dest_id=\"0\" data-dest_type=\"landmark\" data-latitude=\"51.1858099\" data-longitude=\"-2.2744112\" data-landmark_name=\"Longleat House\" data-mwhsb=\"0\" data-address=\"Longleat House, Longleat, Warminster, UK\"><br \/>\n    <!-- Anything inside will go away once widget is loaded. --><br \/>\n        <a href=\"\/\/www.booking.com?aid=2190470\" rel=\"nofollow\">Booking.com<\/a><br \/>\n<\/ins><br \/>\n<script type=\"text\/javascript\">\n    (function(d, sc, u) {\n      var s = d.createElement(sc), p = d.getElementsByTagName(sc)[0];\n      s.type = 'text\/javascript';\n      s.async = true;\n      s.src = u + '?v=' + (+new Date());\n      p.parentNode.insertBefore(s,p);\n      })(document, 'script', '\/\/aff.bstatic.com\/static\/affiliate_base\/js\/flexiproduct.js');\n<\/script><\/p>\n<div class=\"snippet\"> <a class=\"featured-item\" href=\" https:\/\/www.urlaubcornwall.de\/ferienhaeuser\/suedengland.php\"> <span class=\"image-holder\" style=\"background-image: url(' https:\/\/www.urlaubcornwall.de\/blog\/wp-content\/uploads\/2018\/12\/20360149.jpg');\"><\/span> <span class=\"featured-content\"> \n<h2 class=\"featured-title\">Ferienh\u00e4user in S\u00fcdengland zum Verlieben!<\/h2>\n<p class=\"featured-body\">Dank seiner langen Geschichte, der reizvollen Landschaften und seinen vielen Attraktionen ist S\u00fcdengland ein wahres Mekka f\u00fcr Urlauber. F\u00fcr Familien und Paare ist die Reise durch Kent, den Garten Englands, die Sussex Downs, die uralten Grafschaften von Hampshire und Dorset&#8230;<\/p>\n<\/span> <span class=\"featured-link-holder\"> <span class=\"featured-extra-info\"> \n<p>F\u00fcr Paare, Familien &#038; Gruppen<\/p>\n<\/span> \n<p class=\"featured-link\">DETAILS<\/p>\n<\/span> <\/a><\/div>\n<p><a href=\"https:\/\/www.urlaubcornwall.de\/blog\/die-besten-herrenhaeuser-in-suedengland\/\">Die besten Herrenh\u00e4user im S\u00fcden Englands<\/a> <\/p>\n","protected":false},"excerpt":{"rendered":"<p>Longleat House in Wiltshire ist das Zuhause der Herzogin von Bath und gilt als eines der besten Beispiele elisabethanischer Architektur des Landes und als eines der sch\u00f6nsten Herrenh\u00e4user, das f\u00fcr die \u00d6ffentlichkeit zug\u00e4nglich ist. Das Haus befindet sich innerhalb von 400 Hektar, von Capability Brown designter Landschaft; und Sie k\u00f6nnen eine 1,5 st\u00fcndige private Tour [&hellip;]<\/p>\n","protected":false},"author":1,"featured_media":0,"parent":0,"menu_order":0,"comment_status":"closed","ping_status":"closed","template":"single-four.php","meta":[],"acf":[],"yoast_head":"<!-- This site is optimized with the Yoast SEO plugin v19.4 - https:\/\/yoast.com\/wordpress\/plugins\/seo\/ -->\n<title>Besten Hotels in der N\u00e4he Longleat House - Urlaub &amp; Reisen<\/title>\n<meta name=\"description\" content=\"Longleat House in Wiltshire ist das Zuhause der Herzogin von Bath und gilt als eines der besten Beispiele elisabethanischer Architektur des Landes und als eines der sch\u00f6nsten Herrenh\u00e4user, das f\u00fcr die \u00d6ffentlichkeit zug\u00e4nglich ist.\" \/>\n<meta name=\"robots\" content=\"index, follow, max-snippet:-1, max-image-preview:large, max-video-preview:-1\" \/>\n<link rel=\"canonical\" href=\"https:\/\/www.urlaubcornwall.de\/blog\/besten-hotels-in-der-naehe-longleat-house\/\" \/>\n<meta property=\"og:locale\" content=\"en_US\" \/>\n<meta property=\"og:type\" content=\"article\" \/>\n<meta property=\"og:title\" content=\"Besten Hotels in der N\u00e4he Longleat House - Urlaub &amp; Reisen\" \/>\n<meta property=\"og:description\" content=\"Longleat House in Wiltshire ist das Zuhause der Herzogin von Bath und gilt als eines der besten Beispiele elisabethanischer Architektur des Landes und als eines der sch\u00f6nsten Herrenh\u00e4user, das f\u00fcr die \u00d6ffentlichkeit zug\u00e4nglich ist.\" \/>\n<meta property=\"og:url\" content=\"https:\/\/www.urlaubcornwall.de\/blog\/besten-hotels-in-der-naehe-longleat-house\/\" \/>\n<meta property=\"og:site_name\" content=\"Urlaub &amp; Reisen\" \/>\n<meta property=\"article:modified_time\" content=\"2024-04-09T12:47:31+00:00\" \/>\n<meta property=\"og:image\" content=\"https:\/\/www.urlaubcornwall.de\/blog\/wp-content\/uploads\/2024\/03\/Longleat_House_urlaub.jpg\" \/>\n<meta name=\"twitter:card\" content=\"summary\" \/>\n<meta name=\"twitter:label1\" content=\"Est. reading time\" \/>\n\t<meta name=\"twitter:data1\" content=\"2 minutes\" \/>\n<script type=\"application\/ld+json\" class=\"yoast-schema-graph\">{\"@context\":\"https:\/\/schema.org\",\"@graph\":[{\"@type\":\"WebSite\",\"@id\":\"https:\/\/www.urlaubcornwall.de\/blog\/#website\",\"url\":\"https:\/\/www.urlaubcornwall.de\/blog\/\",\"name\":\"Urlaub &amp; Reisen\",\"description\":\"Urlaub, Reisen, Cornwall und S\u00fcdengland: eine perfekte Kombination\",\"potentialAction\":[{\"@type\":\"SearchAction\",\"target\":{\"@type\":\"EntryPoint\",\"urlTemplate\":\"https:\/\/www.urlaubcornwall.de\/blog\/?s={search_term_string}\"},\"query-input\":\"required name=search_term_string\"}],\"inLanguage\":\"en-US\"},{\"@type\":\"WebPage\",\"@id\":\"https:\/\/www.urlaubcornwall.de\/blog\/besten-hotels-in-der-naehe-longleat-house\/\",\"url\":\"https:\/\/www.urlaubcornwall.de\/blog\/besten-hotels-in-der-naehe-longleat-house\/\",\"name\":\"Besten Hotels in der N\u00e4he Longleat House - Urlaub &amp; Reisen\",\"isPartOf\":{\"@id\":\"https:\/\/www.urlaubcornwall.de\/blog\/#website\"},\"datePublished\":\"2021-08-31T08:18:45+00:00\",\"dateModified\":\"2024-04-09T12:47:31+00:00\",\"description\":\"Longleat House in Wiltshire ist das Zuhause der Herzogin von Bath und gilt als eines der besten Beispiele elisabethanischer Architektur des Landes und als eines der sch\u00f6nsten Herrenh\u00e4user, das f\u00fcr die \u00d6ffentlichkeit zug\u00e4nglich ist.\",\"breadcrumb\":{\"@id\":\"https:\/\/www.urlaubcornwall.de\/blog\/besten-hotels-in-der-naehe-longleat-house\/#breadcrumb\"},\"inLanguage\":\"en-US\",\"potentialAction\":[{\"@type\":\"ReadAction\",\"target\":[\"https:\/\/www.urlaubcornwall.de\/blog\/besten-hotels-in-der-naehe-longleat-house\/\"]}]},{\"@type\":\"BreadcrumbList\",\"@id\":\"https:\/\/www.urlaubcornwall.de\/blog\/besten-hotels-in-der-naehe-longleat-house\/#breadcrumb\",\"itemListElement\":[{\"@type\":\"ListItem\",\"position\":1,\"name\":\"Home\",\"item\":\"https:\/\/www.urlaubcornwall.de\/blog\/\"},{\"@type\":\"ListItem\",\"position\":2,\"name\":\"Besten Hotels in der N\u00e4he Longleat House\"}]}]}<\/script>\n<!-- \/ Yoast SEO plugin. -->","yoast_head_json":{"title":"Besten Hotels in der N\u00e4he Longleat House - Urlaub &amp; Reisen","description":"Longleat House in Wiltshire ist das Zuhause der Herzogin von Bath und gilt als eines der besten Beispiele elisabethanischer Architektur des Landes und als eines der sch\u00f6nsten Herrenh\u00e4user, das f\u00fcr die \u00d6ffentlichkeit zug\u00e4nglich ist.","robots":{"index":"index","follow":"follow","max-snippet":"max-snippet:-1","max-image-preview":"max-image-preview:large","max-video-preview":"max-video-preview:-1"},"canonical":"https:\/\/www.urlaubcornwall.de\/blog\/besten-hotels-in-der-naehe-longleat-house\/","og_locale":"en_US","og_type":"article","og_title":"Besten Hotels in der N\u00e4he Longleat House - Urlaub &amp; Reisen","og_description":"Longleat House in Wiltshire ist das Zuhause der Herzogin von Bath und gilt als eines der besten Beispiele elisabethanischer Architektur des Landes und als eines der sch\u00f6nsten Herrenh\u00e4user, das f\u00fcr die \u00d6ffentlichkeit zug\u00e4nglich ist.","og_url":"https:\/\/www.urlaubcornwall.de\/blog\/besten-hotels-in-der-naehe-longleat-house\/","og_site_name":"Urlaub &amp; Reisen","article_modified_time":"2024-04-09T12:47:31+00:00","og_image":[{"url":"https:\/\/www.urlaubcornwall.de\/blog\/wp-content\/uploads\/2024\/03\/Longleat_House_urlaub.jpg"}],"twitter_card":"summary","twitter_misc":{"Est. reading time":"2 minutes"},"schema":{"@context":"https:\/\/schema.org","@graph":[{"@type":"WebSite","@id":"https:\/\/www.urlaubcornwall.de\/blog\/#website","url":"https:\/\/www.urlaubcornwall.de\/blog\/","name":"Urlaub &amp; Reisen","description":"Urlaub, Reisen, Cornwall und S\u00fcdengland: eine perfekte Kombination","potentialAction":[{"@type":"SearchAction","target":{"@type":"EntryPoint","urlTemplate":"https:\/\/www.urlaubcornwall.de\/blog\/?s={search_term_string}"},"query-input":"required name=search_term_string"}],"inLanguage":"en-US"},{"@type":"WebPage","@id":"https:\/\/www.urlaubcornwall.de\/blog\/besten-hotels-in-der-naehe-longleat-house\/","url":"https:\/\/www.urlaubcornwall.de\/blog\/besten-hotels-in-der-naehe-longleat-house\/","name":"Besten Hotels in der N\u00e4he Longleat House - Urlaub &amp; Reisen","isPartOf":{"@id":"https:\/\/www.urlaubcornwall.de\/blog\/#website"},"datePublished":"2021-08-31T08:18:45+00:00","dateModified":"2024-04-09T12:47:31+00:00","description":"Longleat House in Wiltshire ist das Zuhause der Herzogin von Bath und gilt als eines der besten Beispiele elisabethanischer Architektur des Landes und als eines der sch\u00f6nsten Herrenh\u00e4user, das f\u00fcr die \u00d6ffentlichkeit zug\u00e4nglich ist.","breadcrumb":{"@id":"https:\/\/www.urlaubcornwall.de\/blog\/besten-hotels-in-der-naehe-longleat-house\/#breadcrumb"},"inLanguage":"en-US","potentialAction":[{"@type":"ReadAction","target":["https:\/\/www.urlaubcornwall.de\/blog\/besten-hotels-in-der-naehe-longleat-house\/"]}]},{"@type":"BreadcrumbList","@id":"https:\/\/www.urlaubcornwall.de\/blog\/besten-hotels-in-der-naehe-longleat-house\/#breadcrumb","itemListElement":[{"@type":"ListItem","position":1,"name":"Home","item":"https:\/\/www.urlaubcornwall.de\/blog\/"},{"@type":"ListItem","position":2,"name":"Besten Hotels in der N\u00e4he Longleat House"}]}]}},"_links":{"self":[{"href":"https:\/\/www.urlaubcornwall.de\/blog\/wp-json\/wp\/v2\/pages\/42287"}],"collection":[{"href":"https:\/\/www.urlaubcornwall.de\/blog\/wp-json\/wp\/v2\/pages"}],"about":[{"href":"https:\/\/www.urlaubcornwall.de\/blog\/wp-json\/wp\/v2\/types\/page"}],"author":[{"embeddable":true,"href":"https:\/\/www.urlaubcornwall.de\/blog\/wp-json\/wp\/v2\/users\/1"}],"replies":[{"embeddable":true,"href":"https:\/\/www.urlaubcornwall.de\/blog\/wp-json\/wp\/v2\/comments?post=42287"}],"version-history":[{"count":4,"href":"https:\/\/www.urlaubcornwall.de\/blog\/wp-json\/wp\/v2\/pages\/42287\/revisions"}],"predecessor-version":[{"id":49183,"href":"https:\/\/www.urlaubcornwall.de\/blog\/wp-json\/wp\/v2\/pages\/42287\/revisions\/49183"}],"wp:attachment":[{"href":"https:\/\/www.urlaubcornwall.de\/blog\/wp-json\/wp\/v2\/media?parent=42287"}],"curies":[{"name":"wp","href":"https:\/\/api.w.org\/{rel}","templated":true}]}}