{"id":42283,"date":"2021-08-31T08:14:13","date_gmt":"2021-08-31T08:14:13","guid":{"rendered":"https:\/\/www.urlaubcornwall.de\/blog\/?page_id=42283"},"modified":"2024-05-30T09:23:59","modified_gmt":"2024-05-30T09:23:59","slug":"besten-hotels-in-der-naehe-beaulieu-palace","status":"publish","type":"page","link":"https:\/\/www.urlaubcornwall.de\/blog\/besten-hotels-in-der-naehe-beaulieu-palace\/","title":{"rendered":"Besten Hotels in der N\u00e4he Beaulieu Palace"},"content":{"rendered":"<p><a href=\"https:\/\/www.urlaubcornwall.de\/blog\/wp-content\/uploads\/2024\/03\/Beaulieu_Palace_House_Beaulieu.jpg\"><img loading=\"lazy\" src=\"https:\/\/www.urlaubcornwall.de\/blog\/wp-content\/uploads\/2024\/03\/Beaulieu_Palace_House_Beaulieu.jpg\" alt=\"Beaulieu_Palace_House,_Beaulieu\" width=\"750\" height=\"486\" class=\"alignnone size-full wp-image-47974\" srcset=\"https:\/\/www.urlaubcornwall.de\/blog\/wp-content\/uploads\/2024\/03\/Beaulieu_Palace_House_Beaulieu.jpg 750w, https:\/\/www.urlaubcornwall.de\/blog\/wp-content\/uploads\/2024\/03\/Beaulieu_Palace_House_Beaulieu-300x194.jpg 300w\" sizes=\"(max-width: 750px) 100vw, 750px\" \/><\/a><\/p>\n<p><a href=\"https:\/\/www.beaulieu.co.uk\/\"rel=\"nofollow\">Beaulieu Palast<\/a> House liegt im New Forest, Hampshire. Das Haus geh\u00f6rt seit 1538 der Familie von Lord Montagu. Das Palasthaus befindet sich in herrlicher Lage, mit Blick \u00fcber den M\u00fchlteich des Flusses Beaulieu. Um 1800 wurde angebaut und umgebaut, so dass das Haus heute ein feines Beispiel eines viktorianischen Landhauses ist. Beaulieu beheimatet auch das \u201eNational Motor Museum\u201c, in dem mehr als 250 Fahrzeuge die Geschichte des Motorenfahrzeugs zeigen; das fr\u00fcheste stammt aus dem Jahre 1875. Beaulieu hat auch wundersch\u00f6ne G\u00e4rten und einen Park, die Sie erkunden k\u00f6nnen und wo es sich picknicken l\u00e4sst.<\/p>\n<p><ins class=\"bookingaff\" data-aid=\"2190467\" data-target_aid=\"2190467\" data-prod=\"map\" data-width=\"100%\" data-height=\"590\" data-lang=\"ualng\" data-dest_id=\"0\" data-dest_type=\"landmark\" data-latitude=\"50.8202412\" data-longitude=\"-1.4516384\" data-landmark_name=\"Beaulieu Palace\" data-mwhsb=\"0\" data-address=\"Palace House, Beaulieu, Brockenhurst, UK\"><br \/>\n    <!-- Anything inside will go away once widget is loaded. --><br \/>\n        <a href=\"\/\/www.booking.com?aid=2190467\" rel=\"nofollow\">Booking.com<\/a><br \/>\n<\/ins><br \/>\n<script type=\"text\/javascript\">\n    (function(d, sc, u) {\n      var s = d.createElement(sc), p = d.getElementsByTagName(sc)[0];\n      s.type = 'text\/javascript';\n      s.async = true;\n      s.src = u + '?v=' + (+new Date());\n      p.parentNode.insertBefore(s,p);\n      })(document, 'script', '\/\/aff.bstatic.com\/static\/affiliate_base\/js\/flexiproduct.js');\n<\/script><\/p>\n<p><a href=\"https:\/\/www.urlaubcornwall.de\/blog\/die-besten-herrenhaeuser-in-suedengland\/\">Die besten Herrenh\u00e4user im S\u00fcden Englands<\/a> <\/p>\n","protected":false},"excerpt":{"rendered":"<p>Beaulieu Palast House liegt im New Forest, Hampshire. Das Haus geh\u00f6rt seit 1538 der Familie von Lord Montagu. Das Palasthaus befindet sich in herrlicher Lage, mit Blick \u00fcber den M\u00fchlteich des Flusses Beaulieu. Um 1800 wurde angebaut und umgebaut, so dass das Haus heute ein feines Beispiel eines viktorianischen Landhauses ist. Beaulieu beheimatet auch das [&hellip;]<\/p>\n","protected":false},"author":1,"featured_media":0,"parent":0,"menu_order":0,"comment_status":"closed","ping_status":"closed","template":"single-four.php","meta":[],"acf":[],"yoast_head":"<!-- This site is optimized with the Yoast SEO plugin v19.4 - https:\/\/yoast.com\/wordpress\/plugins\/seo\/ -->\n<title>Besten Hotels in der N\u00e4he Beaulieu Palace - Urlaub &amp; Reisen<\/title>\n<meta name=\"description\" content=\"Beaulieu Palast House liegt im New Forest, Hampshire. Das Haus geh\u00f6rt seit 1538 der Familie von Lord Montagu. Das Palasthaus befindet sich in herrlicher Lage, mit Blick \u00fcber den M\u00fchlteich des Flusses Beaulieu. Um 1800 wurde angebaut und umgebaut, so dass das Haus heute ein feines Beispiel eines viktorianischen Landhauses ist\" \/>\n<meta name=\"robots\" content=\"index, follow, max-snippet:-1, max-image-preview:large, max-video-preview:-1\" \/>\n<link rel=\"canonical\" href=\"https:\/\/www.urlaubcornwall.de\/blog\/besten-hotels-in-der-naehe-beaulieu-palace\/\" \/>\n<meta property=\"og:locale\" content=\"en_US\" \/>\n<meta property=\"og:type\" content=\"article\" \/>\n<meta property=\"og:title\" content=\"Besten Hotels in der N\u00e4he Beaulieu Palace - Urlaub &amp; Reisen\" \/>\n<meta property=\"og:description\" content=\"Beaulieu Palast House liegt im New Forest, Hampshire. Das Haus geh\u00f6rt seit 1538 der Familie von Lord Montagu. Das Palasthaus befindet sich in herrlicher Lage, mit Blick \u00fcber den M\u00fchlteich des Flusses Beaulieu. Um 1800 wurde angebaut und umgebaut, so dass das Haus heute ein feines Beispiel eines viktorianischen Landhauses ist\" \/>\n<meta property=\"og:url\" content=\"https:\/\/www.urlaubcornwall.de\/blog\/besten-hotels-in-der-naehe-beaulieu-palace\/\" \/>\n<meta property=\"og:site_name\" content=\"Urlaub &amp; Reisen\" \/>\n<meta property=\"article:modified_time\" content=\"2024-05-30T09:23:59+00:00\" \/>\n<meta property=\"og:image\" content=\"https:\/\/www.urlaubcornwall.de\/blog\/wp-content\/uploads\/2024\/03\/Beaulieu_Palace_House_Beaulieu.jpg\" \/>\n<meta name=\"twitter:card\" content=\"summary\" \/>\n<meta name=\"twitter:label1\" content=\"Est. reading time\" \/>\n\t<meta name=\"twitter:data1\" content=\"1 minute\" \/>\n<script type=\"application\/ld+json\" class=\"yoast-schema-graph\">{\"@context\":\"https:\/\/schema.org\",\"@graph\":[{\"@type\":\"WebSite\",\"@id\":\"https:\/\/www.urlaubcornwall.de\/blog\/#website\",\"url\":\"https:\/\/www.urlaubcornwall.de\/blog\/\",\"name\":\"Urlaub &amp; Reisen\",\"description\":\"Urlaub, Reisen, Cornwall und S\u00fcdengland: eine perfekte Kombination\",\"potentialAction\":[{\"@type\":\"SearchAction\",\"target\":{\"@type\":\"EntryPoint\",\"urlTemplate\":\"https:\/\/www.urlaubcornwall.de\/blog\/?s={search_term_string}\"},\"query-input\":\"required name=search_term_string\"}],\"inLanguage\":\"en-US\"},{\"@type\":\"WebPage\",\"@id\":\"https:\/\/www.urlaubcornwall.de\/blog\/besten-hotels-in-der-naehe-beaulieu-palace\/\",\"url\":\"https:\/\/www.urlaubcornwall.de\/blog\/besten-hotels-in-der-naehe-beaulieu-palace\/\",\"name\":\"Besten Hotels in der N\u00e4he Beaulieu Palace - Urlaub &amp; Reisen\",\"isPartOf\":{\"@id\":\"https:\/\/www.urlaubcornwall.de\/blog\/#website\"},\"datePublished\":\"2021-08-31T08:14:13+00:00\",\"dateModified\":\"2024-05-30T09:23:59+00:00\",\"description\":\"Beaulieu Palast House liegt im New Forest, Hampshire. Das Haus geh\u00f6rt seit 1538 der Familie von Lord Montagu. Das Palasthaus befindet sich in herrlicher Lage, mit Blick \u00fcber den M\u00fchlteich des Flusses Beaulieu. Um 1800 wurde angebaut und umgebaut, so dass das Haus heute ein feines Beispiel eines viktorianischen Landhauses ist\",\"breadcrumb\":{\"@id\":\"https:\/\/www.urlaubcornwall.de\/blog\/besten-hotels-in-der-naehe-beaulieu-palace\/#breadcrumb\"},\"inLanguage\":\"en-US\",\"potentialAction\":[{\"@type\":\"ReadAction\",\"target\":[\"https:\/\/www.urlaubcornwall.de\/blog\/besten-hotels-in-der-naehe-beaulieu-palace\/\"]}]},{\"@type\":\"BreadcrumbList\",\"@id\":\"https:\/\/www.urlaubcornwall.de\/blog\/besten-hotels-in-der-naehe-beaulieu-palace\/#breadcrumb\",\"itemListElement\":[{\"@type\":\"ListItem\",\"position\":1,\"name\":\"Home\",\"item\":\"https:\/\/www.urlaubcornwall.de\/blog\/\"},{\"@type\":\"ListItem\",\"position\":2,\"name\":\"Besten Hotels in der N\u00e4he Beaulieu Palace\"}]}]}<\/script>\n<!-- \/ Yoast SEO plugin. -->","yoast_head_json":{"title":"Besten Hotels in der N\u00e4he Beaulieu Palace - Urlaub &amp; Reisen","description":"Beaulieu Palast House liegt im New Forest, Hampshire. Das Haus geh\u00f6rt seit 1538 der Familie von Lord Montagu. Das Palasthaus befindet sich in herrlicher Lage, mit Blick \u00fcber den M\u00fchlteich des Flusses Beaulieu. Um 1800 wurde angebaut und umgebaut, so dass das Haus heute ein feines Beispiel eines viktorianischen Landhauses ist","robots":{"index":"index","follow":"follow","max-snippet":"max-snippet:-1","max-image-preview":"max-image-preview:large","max-video-preview":"max-video-preview:-1"},"canonical":"https:\/\/www.urlaubcornwall.de\/blog\/besten-hotels-in-der-naehe-beaulieu-palace\/","og_locale":"en_US","og_type":"article","og_title":"Besten Hotels in der N\u00e4he Beaulieu Palace - Urlaub &amp; Reisen","og_description":"Beaulieu Palast House liegt im New Forest, Hampshire. Das Haus geh\u00f6rt seit 1538 der Familie von Lord Montagu. Das Palasthaus befindet sich in herrlicher Lage, mit Blick \u00fcber den M\u00fchlteich des Flusses Beaulieu. Um 1800 wurde angebaut und umgebaut, so dass das Haus heute ein feines Beispiel eines viktorianischen Landhauses ist","og_url":"https:\/\/www.urlaubcornwall.de\/blog\/besten-hotels-in-der-naehe-beaulieu-palace\/","og_site_name":"Urlaub &amp; Reisen","article_modified_time":"2024-05-30T09:23:59+00:00","og_image":[{"url":"https:\/\/www.urlaubcornwall.de\/blog\/wp-content\/uploads\/2024\/03\/Beaulieu_Palace_House_Beaulieu.jpg"}],"twitter_card":"summary","twitter_misc":{"Est. reading time":"1 minute"},"schema":{"@context":"https:\/\/schema.org","@graph":[{"@type":"WebSite","@id":"https:\/\/www.urlaubcornwall.de\/blog\/#website","url":"https:\/\/www.urlaubcornwall.de\/blog\/","name":"Urlaub &amp; Reisen","description":"Urlaub, Reisen, Cornwall und S\u00fcdengland: eine perfekte Kombination","potentialAction":[{"@type":"SearchAction","target":{"@type":"EntryPoint","urlTemplate":"https:\/\/www.urlaubcornwall.de\/blog\/?s={search_term_string}"},"query-input":"required name=search_term_string"}],"inLanguage":"en-US"},{"@type":"WebPage","@id":"https:\/\/www.urlaubcornwall.de\/blog\/besten-hotels-in-der-naehe-beaulieu-palace\/","url":"https:\/\/www.urlaubcornwall.de\/blog\/besten-hotels-in-der-naehe-beaulieu-palace\/","name":"Besten Hotels in der N\u00e4he Beaulieu Palace - Urlaub &amp; Reisen","isPartOf":{"@id":"https:\/\/www.urlaubcornwall.de\/blog\/#website"},"datePublished":"2021-08-31T08:14:13+00:00","dateModified":"2024-05-30T09:23:59+00:00","description":"Beaulieu Palast House liegt im New Forest, Hampshire. Das Haus geh\u00f6rt seit 1538 der Familie von Lord Montagu. Das Palasthaus befindet sich in herrlicher Lage, mit Blick \u00fcber den M\u00fchlteich des Flusses Beaulieu. Um 1800 wurde angebaut und umgebaut, so dass das Haus heute ein feines Beispiel eines viktorianischen Landhauses ist","breadcrumb":{"@id":"https:\/\/www.urlaubcornwall.de\/blog\/besten-hotels-in-der-naehe-beaulieu-palace\/#breadcrumb"},"inLanguage":"en-US","potentialAction":[{"@type":"ReadAction","target":["https:\/\/www.urlaubcornwall.de\/blog\/besten-hotels-in-der-naehe-beaulieu-palace\/"]}]},{"@type":"BreadcrumbList","@id":"https:\/\/www.urlaubcornwall.de\/blog\/besten-hotels-in-der-naehe-beaulieu-palace\/#breadcrumb","itemListElement":[{"@type":"ListItem","position":1,"name":"Home","item":"https:\/\/www.urlaubcornwall.de\/blog\/"},{"@type":"ListItem","position":2,"name":"Besten Hotels in der N\u00e4he Beaulieu Palace"}]}]}},"_links":{"self":[{"href":"https:\/\/www.urlaubcornwall.de\/blog\/wp-json\/wp\/v2\/pages\/42283"}],"collection":[{"href":"https:\/\/www.urlaubcornwall.de\/blog\/wp-json\/wp\/v2\/pages"}],"about":[{"href":"https:\/\/www.urlaubcornwall.de\/blog\/wp-json\/wp\/v2\/types\/page"}],"author":[{"embeddable":true,"href":"https:\/\/www.urlaubcornwall.de\/blog\/wp-json\/wp\/v2\/users\/1"}],"replies":[{"embeddable":true,"href":"https:\/\/www.urlaubcornwall.de\/blog\/wp-json\/wp\/v2\/comments?post=42283"}],"version-history":[{"count":4,"href":"https:\/\/www.urlaubcornwall.de\/blog\/wp-json\/wp\/v2\/pages\/42283\/revisions"}],"predecessor-version":[{"id":50869,"href":"https:\/\/www.urlaubcornwall.de\/blog\/wp-json\/wp\/v2\/pages\/42283\/revisions\/50869"}],"wp:attachment":[{"href":"https:\/\/www.urlaubcornwall.de\/blog\/wp-json\/wp\/v2\/media?parent=42283"}],"curies":[{"name":"wp","href":"https:\/\/api.w.org\/{rel}","templated":true}]}}