{"id":42280,"date":"2021-08-31T08:11:23","date_gmt":"2021-08-31T08:11:23","guid":{"rendered":"https:\/\/www.urlaubcornwall.de\/blog\/?page_id=42280"},"modified":"2024-05-26T12:44:13","modified_gmt":"2024-05-26T12:44:13","slug":"besten-hotels-in-der-naehe-osborne-house","status":"publish","type":"page","link":"https:\/\/www.urlaubcornwall.de\/blog\/besten-hotels-in-der-naehe-osborne-house\/","title":{"rendered":"Besten Hotels in der N\u00e4he Osborne House"},"content":{"rendered":"<p><img loading=\"lazy\" class=\"aligncenter size-full wp-image-50209\" src=\"https:\/\/www.urlaubcornwall.de\/blog\/wp-content\/uploads\/2024\/05\/osborne-house-isle-of-wight.jpg\" alt=\"osborne house isle of wight\" width=\"750\" height=\"500\" srcset=\"https:\/\/www.urlaubcornwall.de\/blog\/wp-content\/uploads\/2024\/05\/osborne-house-isle-of-wight.jpg 750w, https:\/\/www.urlaubcornwall.de\/blog\/wp-content\/uploads\/2024\/05\/osborne-house-isle-of-wight-300x200.jpg 300w\" sizes=\"(max-width: 750px) 100vw, 750px\" \/><\/p>\n<p><a href=\"ttp:\/\/www.english-heritage.org.uk\/visit\/places\/osborne\/\"rel=\"nofollow\">Osborne House<\/a> bei Cowes auf der Isle of Wight wurde als Sommerresidenz und l\u00e4ndlichen R\u00fcckzugsort f\u00fcr K\u00f6nigin Victoria und Prinz Albert erbaut. Das Haus wurde von Prinz Albert selbst designt im Stile eines italienischen Renaissance Palazzos mit Panoramablick \u00fcber Solent und einen privaten Strand. Die Prunkr\u00e4ume sind pomp\u00f6s und geben Einblick in das Familienleben von K\u00f6nigin Victoria, Prinz Albert und deren Kinder. Das Grundst\u00fcck dehnt sich \u00fcber 143 Hektar aus, samt formalen Terrassen, Mauerg\u00e4rten und ausladendem Park. Es gibt auch eine Schweizer H\u00fctte, wo die k\u00f6niglichen Kinder spielten und G\u00e4rten, wo sie Obst und Gem\u00fcse anbauten. K\u00f6nigin Victoria starb 1901 im Osborne House, und ihr Sohn Edward VII \u00fcbergab das Haus der Nation.<\/p>\n<p><ins class=\"bookingaff\" data-aid=\"2190464\" data-target_aid=\"2190464\" data-prod=\"map\" data-width=\"100%\" data-height=\"590\" data-lang=\"ualng\" data-dest_id=\"0\" data-dest_type=\"landmark\" data-latitude=\"50.7511022\" data-longitude=\"-1.27024\" data-landmark_name=\"Osborne House\" data-mwhsb=\"0\" data-address=\"Osborne House, East Cowes, UK\"><br \/>\n    <!-- Anything inside will go away once widget is loaded. --><br \/>\n        <a href=\"\/\/www.booking.com?aid=2190464\" rel=\"nofollow\">Booking.com<\/a><br \/>\n<\/ins><br \/>\n<script type=\"text\/javascript\">\n    (function(d, sc, u) {\n      var s = d.createElement(sc), p = d.getElementsByTagName(sc)[0];\n      s.type = 'text\/javascript';\n      s.async = true;\n      s.src = u + '?v=' + (+new Date());\n      p.parentNode.insertBefore(s,p);\n      })(document, 'script', '\/\/aff.bstatic.com\/static\/affiliate_base\/js\/flexiproduct.js');\n<\/script><\/p>\n<p><a href=\"https:\/\/www.urlaubcornwall.de\/blog\/die-besten-herrenhaeuser-in-suedengland\/\">Die besten Herrenh\u00e4user im S\u00fcden Englands<\/a> <\/p>\n","protected":false},"excerpt":{"rendered":"<p>Osborne House bei Cowes auf der Isle of Wight wurde als Sommerresidenz und l\u00e4ndlichen R\u00fcckzugsort f\u00fcr K\u00f6nigin Victoria und Prinz Albert erbaut. Das Haus wurde von Prinz Albert selbst designt im Stile eines italienischen Renaissance Palazzos mit Panoramablick \u00fcber Solent und einen privaten Strand. Die Prunkr\u00e4ume sind pomp\u00f6s und geben Einblick in das Familienleben von [&hellip;]<\/p>\n","protected":false},"author":1,"featured_media":0,"parent":0,"menu_order":0,"comment_status":"closed","ping_status":"closed","template":"single-four.php","meta":[],"acf":[],"yoast_head":"<!-- This site is optimized with the Yoast SEO plugin v19.4 - https:\/\/yoast.com\/wordpress\/plugins\/seo\/ -->\n<title>Besten Hotels in der N\u00e4he Osborne House - Urlaub &amp; Reisen<\/title>\n<meta name=\"description\" content=\"Osborne House bei Cowes auf der Isle of Wight wurde als Sommerresidenz und l\u00e4ndlichen R\u00fcckzugsort f\u00fcr K\u00f6nigin Victoria und Prinz Albert erbaut. Das Haus wurde von Prinz Albert selbst designt im Stile eines italienischen Renaissance Palazzos mit Panoramablick \u00fcber Solent und einen privaten Strand\" \/>\n<meta name=\"robots\" content=\"index, follow, max-snippet:-1, max-image-preview:large, max-video-preview:-1\" \/>\n<link rel=\"canonical\" href=\"https:\/\/www.urlaubcornwall.de\/blog\/besten-hotels-in-der-naehe-osborne-house\/\" \/>\n<meta property=\"og:locale\" content=\"en_US\" \/>\n<meta property=\"og:type\" content=\"article\" \/>\n<meta property=\"og:title\" content=\"Besten Hotels in der N\u00e4he Osborne House - Urlaub &amp; Reisen\" \/>\n<meta property=\"og:description\" content=\"Osborne House bei Cowes auf der Isle of Wight wurde als Sommerresidenz und l\u00e4ndlichen R\u00fcckzugsort f\u00fcr K\u00f6nigin Victoria und Prinz Albert erbaut. Das Haus wurde von Prinz Albert selbst designt im Stile eines italienischen Renaissance Palazzos mit Panoramablick \u00fcber Solent und einen privaten Strand\" \/>\n<meta property=\"og:url\" content=\"https:\/\/www.urlaubcornwall.de\/blog\/besten-hotels-in-der-naehe-osborne-house\/\" \/>\n<meta property=\"og:site_name\" content=\"Urlaub &amp; Reisen\" \/>\n<meta property=\"article:modified_time\" content=\"2024-05-26T12:44:13+00:00\" \/>\n<meta property=\"og:image\" content=\"https:\/\/www.urlaubcornwall.de\/blog\/wp-content\/uploads\/2024\/05\/osborne-house-isle-of-wight.jpg\" \/>\n<meta name=\"twitter:card\" content=\"summary\" \/>\n<meta name=\"twitter:label1\" content=\"Est. reading time\" \/>\n\t<meta name=\"twitter:data1\" content=\"1 minute\" \/>\n<script type=\"application\/ld+json\" class=\"yoast-schema-graph\">{\"@context\":\"https:\/\/schema.org\",\"@graph\":[{\"@type\":\"WebSite\",\"@id\":\"https:\/\/www.urlaubcornwall.de\/blog\/#website\",\"url\":\"https:\/\/www.urlaubcornwall.de\/blog\/\",\"name\":\"Urlaub &amp; Reisen\",\"description\":\"Urlaub, Reisen, Cornwall und S\u00fcdengland: eine perfekte Kombination\",\"potentialAction\":[{\"@type\":\"SearchAction\",\"target\":{\"@type\":\"EntryPoint\",\"urlTemplate\":\"https:\/\/www.urlaubcornwall.de\/blog\/?s={search_term_string}\"},\"query-input\":\"required name=search_term_string\"}],\"inLanguage\":\"en-US\"},{\"@type\":\"WebPage\",\"@id\":\"https:\/\/www.urlaubcornwall.de\/blog\/besten-hotels-in-der-naehe-osborne-house\/\",\"url\":\"https:\/\/www.urlaubcornwall.de\/blog\/besten-hotels-in-der-naehe-osborne-house\/\",\"name\":\"Besten Hotels in der N\u00e4he Osborne House - Urlaub &amp; Reisen\",\"isPartOf\":{\"@id\":\"https:\/\/www.urlaubcornwall.de\/blog\/#website\"},\"datePublished\":\"2021-08-31T08:11:23+00:00\",\"dateModified\":\"2024-05-26T12:44:13+00:00\",\"description\":\"Osborne House bei Cowes auf der Isle of Wight wurde als Sommerresidenz und l\u00e4ndlichen R\u00fcckzugsort f\u00fcr K\u00f6nigin Victoria und Prinz Albert erbaut. Das Haus wurde von Prinz Albert selbst designt im Stile eines italienischen Renaissance Palazzos mit Panoramablick \u00fcber Solent und einen privaten Strand\",\"breadcrumb\":{\"@id\":\"https:\/\/www.urlaubcornwall.de\/blog\/besten-hotels-in-der-naehe-osborne-house\/#breadcrumb\"},\"inLanguage\":\"en-US\",\"potentialAction\":[{\"@type\":\"ReadAction\",\"target\":[\"https:\/\/www.urlaubcornwall.de\/blog\/besten-hotels-in-der-naehe-osborne-house\/\"]}]},{\"@type\":\"BreadcrumbList\",\"@id\":\"https:\/\/www.urlaubcornwall.de\/blog\/besten-hotels-in-der-naehe-osborne-house\/#breadcrumb\",\"itemListElement\":[{\"@type\":\"ListItem\",\"position\":1,\"name\":\"Home\",\"item\":\"https:\/\/www.urlaubcornwall.de\/blog\/\"},{\"@type\":\"ListItem\",\"position\":2,\"name\":\"Besten Hotels in der N\u00e4he Osborne House\"}]}]}<\/script>\n<!-- \/ Yoast SEO plugin. -->","yoast_head_json":{"title":"Besten Hotels in der N\u00e4he Osborne House - Urlaub &amp; Reisen","description":"Osborne House bei Cowes auf der Isle of Wight wurde als Sommerresidenz und l\u00e4ndlichen R\u00fcckzugsort f\u00fcr K\u00f6nigin Victoria und Prinz Albert erbaut. Das Haus wurde von Prinz Albert selbst designt im Stile eines italienischen Renaissance Palazzos mit Panoramablick \u00fcber Solent und einen privaten Strand","robots":{"index":"index","follow":"follow","max-snippet":"max-snippet:-1","max-image-preview":"max-image-preview:large","max-video-preview":"max-video-preview:-1"},"canonical":"https:\/\/www.urlaubcornwall.de\/blog\/besten-hotels-in-der-naehe-osborne-house\/","og_locale":"en_US","og_type":"article","og_title":"Besten Hotels in der N\u00e4he Osborne House - Urlaub &amp; Reisen","og_description":"Osborne House bei Cowes auf der Isle of Wight wurde als Sommerresidenz und l\u00e4ndlichen R\u00fcckzugsort f\u00fcr K\u00f6nigin Victoria und Prinz Albert erbaut. Das Haus wurde von Prinz Albert selbst designt im Stile eines italienischen Renaissance Palazzos mit Panoramablick \u00fcber Solent und einen privaten Strand","og_url":"https:\/\/www.urlaubcornwall.de\/blog\/besten-hotels-in-der-naehe-osborne-house\/","og_site_name":"Urlaub &amp; Reisen","article_modified_time":"2024-05-26T12:44:13+00:00","og_image":[{"url":"https:\/\/www.urlaubcornwall.de\/blog\/wp-content\/uploads\/2024\/05\/osborne-house-isle-of-wight.jpg"}],"twitter_card":"summary","twitter_misc":{"Est. reading time":"1 minute"},"schema":{"@context":"https:\/\/schema.org","@graph":[{"@type":"WebSite","@id":"https:\/\/www.urlaubcornwall.de\/blog\/#website","url":"https:\/\/www.urlaubcornwall.de\/blog\/","name":"Urlaub &amp; Reisen","description":"Urlaub, Reisen, Cornwall und S\u00fcdengland: eine perfekte Kombination","potentialAction":[{"@type":"SearchAction","target":{"@type":"EntryPoint","urlTemplate":"https:\/\/www.urlaubcornwall.de\/blog\/?s={search_term_string}"},"query-input":"required name=search_term_string"}],"inLanguage":"en-US"},{"@type":"WebPage","@id":"https:\/\/www.urlaubcornwall.de\/blog\/besten-hotels-in-der-naehe-osborne-house\/","url":"https:\/\/www.urlaubcornwall.de\/blog\/besten-hotels-in-der-naehe-osborne-house\/","name":"Besten Hotels in der N\u00e4he Osborne House - Urlaub &amp; Reisen","isPartOf":{"@id":"https:\/\/www.urlaubcornwall.de\/blog\/#website"},"datePublished":"2021-08-31T08:11:23+00:00","dateModified":"2024-05-26T12:44:13+00:00","description":"Osborne House bei Cowes auf der Isle of Wight wurde als Sommerresidenz und l\u00e4ndlichen R\u00fcckzugsort f\u00fcr K\u00f6nigin Victoria und Prinz Albert erbaut. Das Haus wurde von Prinz Albert selbst designt im Stile eines italienischen Renaissance Palazzos mit Panoramablick \u00fcber Solent und einen privaten Strand","breadcrumb":{"@id":"https:\/\/www.urlaubcornwall.de\/blog\/besten-hotels-in-der-naehe-osborne-house\/#breadcrumb"},"inLanguage":"en-US","potentialAction":[{"@type":"ReadAction","target":["https:\/\/www.urlaubcornwall.de\/blog\/besten-hotels-in-der-naehe-osborne-house\/"]}]},{"@type":"BreadcrumbList","@id":"https:\/\/www.urlaubcornwall.de\/blog\/besten-hotels-in-der-naehe-osborne-house\/#breadcrumb","itemListElement":[{"@type":"ListItem","position":1,"name":"Home","item":"https:\/\/www.urlaubcornwall.de\/blog\/"},{"@type":"ListItem","position":2,"name":"Besten Hotels in der N\u00e4he Osborne House"}]}]}},"_links":{"self":[{"href":"https:\/\/www.urlaubcornwall.de\/blog\/wp-json\/wp\/v2\/pages\/42280"}],"collection":[{"href":"https:\/\/www.urlaubcornwall.de\/blog\/wp-json\/wp\/v2\/pages"}],"about":[{"href":"https:\/\/www.urlaubcornwall.de\/blog\/wp-json\/wp\/v2\/types\/page"}],"author":[{"embeddable":true,"href":"https:\/\/www.urlaubcornwall.de\/blog\/wp-json\/wp\/v2\/users\/1"}],"replies":[{"embeddable":true,"href":"https:\/\/www.urlaubcornwall.de\/blog\/wp-json\/wp\/v2\/comments?post=42280"}],"version-history":[{"count":2,"href":"https:\/\/www.urlaubcornwall.de\/blog\/wp-json\/wp\/v2\/pages\/42280\/revisions"}],"predecessor-version":[{"id":50210,"href":"https:\/\/www.urlaubcornwall.de\/blog\/wp-json\/wp\/v2\/pages\/42280\/revisions\/50210"}],"wp:attachment":[{"href":"https:\/\/www.urlaubcornwall.de\/blog\/wp-json\/wp\/v2\/media?parent=42280"}],"curies":[{"name":"wp","href":"https:\/\/api.w.org\/{rel}","templated":true}]}}